{"id":102120,"date":"2025-02-12T21:08:16","date_gmt":"2025-02-12T20:08:16","guid":{"rendered":"https:\/\/matyodesign.hu\/?page_id=102120"},"modified":"2025-04-11T11:32:16","modified_gmt":"2025-04-11T09:32:16","slug":"mengyananiko","status":"publish","type":"page","link":"https:\/\/matyodesign.hu\/de\/mengyananiko\/","title":{"rendered":"Mengy\u00e1n Anik\u00f3"},"content":{"rendered":"<section class=\"wpb-content-wrapper\"><div class=\"vc_row wpb_row vc_row-fluid\" ><div class=\"wpb_column vc_column_container vc_col-sm-6\"><div class=\"vc_column-inner\"><div class=\"wpb_wrapper\">\n\t<div  class=\"wpb_single_image wpb_content_element vc_align_left\">\n\t\t\n\t\t<figure class=\"wpb_wrapper vc_figure\">\n\t\t\t<div class=\"vc_single_image-wrapper   vc_box_border_grey\"><img loading=\"lazy\" decoding=\"async\" width=\"2000\" height=\"2000\" src=\"https:\/\/matyodesign.hu\/wp-content\/uploads\/2025\/02\/Mengyan-Aniko.webp\" class=\"vc_single_image-img attachment-full\" alt=\"\" title=\"Mengy\u00e1n-Anik\u00f3\" srcset=\"https:\/\/matyodesign.hu\/wp-content\/uploads\/2025\/02\/Mengyan-Aniko.webp 2000w, https:\/\/matyodesign.hu\/wp-content\/uploads\/2025\/02\/Mengyan-Aniko-300x300.webp 300w, https:\/\/matyodesign.hu\/wp-content\/uploads\/2025\/02\/Mengyan-Aniko-1024x1024.webp 1024w, https:\/\/matyodesign.hu\/wp-content\/uploads\/2025\/02\/Mengyan-Aniko-150x150.webp 150w, https:\/\/matyodesign.hu\/wp-content\/uploads\/2025\/02\/Mengyan-Aniko-768x768.webp 768w, https:\/\/matyodesign.hu\/wp-content\/uploads\/2025\/02\/Mengyan-Aniko-1536x1536.webp 1536w, https:\/\/matyodesign.hu\/wp-content\/uploads\/2025\/02\/Mengyan-Aniko-12x12.webp 12w, https:\/\/matyodesign.hu\/wp-content\/uploads\/2025\/02\/Mengyan-Aniko-650x650.webp 650w, https:\/\/matyodesign.hu\/wp-content\/uploads\/2025\/02\/Mengyan-Aniko-1300x1300.webp 1300w, https:\/\/matyodesign.hu\/wp-content\/uploads\/2025\/02\/Mengyan-Aniko-600x600.webp 600w, https:\/\/matyodesign.hu\/wp-content\/uploads\/2025\/02\/Mengyan-Aniko-100x100.webp 100w\" sizes=\"auto, (max-width: 2000px) 100vw, 2000px\" \/><\/div>\n\t\t<\/figure>\n\t<\/div>\n<\/div><\/div><\/div><div class=\"wpb_column vc_column_container vc_col-sm-6\"><div class=\"vc_column-inner\"><div class=\"wpb_wrapper\">\n\t<div class=\"wpb_text_column wpb_content_element\" >\n\t\t<div class=\"wpb_wrapper\">\n\t\t\t<div id=\"text-block-2\" class=\"mk-text-block\">\n<h3 class=\"shortcode-heading mk-fancy-title align-left\">MENGY\u00c1N ANIK\u00d3<\/h3>\n<h4 class=\"shortcode-heading mk-fancy-title align-left\">social media, marketing manager<\/h4>\n<\/div>\n<p>A matyodesign\u00a0m\u00e1rk\u00e1t ismertem m\u00e1r kor\u00e1bban, de 2024 \u00e9v elej\u00e9n volt alkalmam el is l\u00e1togatnia a k\u00f6zpontjukba Tardra, egy, az MSVK (Modern &amp; St\u00edlusos Vid\u00e9k \u00dczleti K\u00f6z\u00f6ss\u00e9g) \u00e1ltal szervezett programnak k\u00f6sz\u00f6nhet\u0151en. Teljesen mag\u00e1val ragadott a hely, Rozi \u00e9s a n\u00e9nik. Nem sokkal ut\u00e1na\u00a0l\u00e1ttam, hogy social media managert keresnek. Jelnek \u00e9reztem. Az is volt. Mindennel azonosulni tudok, amit Rozi\u00e9k\u00a0k\u00e9pviselnek. Ez nem egyszer\u0171en egy \u00faj munka lett sz\u00e1momra, hanem egy olyan k\u00f6z\u00f6ss\u00e9g tagja lettem, ahol mindenkinek fontos a m\u00e1rka k\u00fcldet\u00e9se, a t\u00e1rsadalmi felel\u0151ss\u00e9gv\u00e1llal\u00e1s \u00e9s az \u00e9rt\u00e9kek, hagyom\u00e1nyok \u0151rz\u00e9se. Egy picit az \u00e9n szerelem projektem\u00a0is lett, \u00edgy nagy \u00f6r\u00f6mmel mutatom be a social media platformokon ezt a csod\u00e1latos v\u00e1llalkoz\u00e1st, a maty\u00f3 h\u00edmz\u00e9st, a n\u00e9niket, a term\u00e9keket \u00e9s term\u00e9szetesen aki mindezt\u00a0\u00f6sszefogja, Rozit!<\/p>\n\n\t\t<\/div>\n\t<\/div>\n<\/div><\/div><\/div><\/div><div class=\"vc_row wpb_row vc_row-fluid\" ><div class=\"wpb_column vc_column_container vc_col-sm-12\"><div class=\"vc_column-inner\"><div class=\"wpb_wrapper\"><a class=\"wpb_button_a\" title=\"Vissza\" href=\"https:\/\/matyodesign.hu\/de\/ueber-uns\/\"><span class=\"wpb_button  wpb_wpb_button wpb_regularsize\">Vissza<\/span><\/a><\/div><\/div><\/div><\/div>\n<\/section>","protected":false},"excerpt":{"rendered":"MENGY\u00c1N ANIK\u00d3 social media, marketing manager A matyodesign\u00a0m\u00e1rk\u00e1t ismertem m\u00e1r kor\u00e1bban, de 2024 \u00e9v elej\u00e9n volt alkalmam el is l\u00e1togatnia a k\u00f6zpontjukba Tardra, egy, az MSVK (Modern &amp; St\u00edlusos Vid\u00e9k \u00dczleti K\u00f6z\u00f6ss\u00e9g) \u00e1ltal szervezett programnak k\u00f6sz\u00f6nhet\u0151en. Teljesen mag\u00e1val ragadott a [...]","protected":false},"author":1,"featured_media":0,"parent":0,"menu_order":0,"comment_status":"closed","ping_status":"closed","template":"","meta":{"footnotes":""},"class_list":["post-102120","page","type-page","status-publish","hentry"],"yoast_head":"<!-- This site is optimized with the Yoast SEO plugin v27.4 - https:\/\/yoast.com\/product\/yoast-seo-wordpress\/ -->\n<title>Mengy\u00e1n Anik\u00f3 \u2013 Maty\u00f3 h\u00edmz\u00e9s a k\u00f6z\u00f6ss\u00e9g\u00e9rt<\/title>\n<meta name=\"description\" content=\"Mengy\u00e1n Anik\u00f3 mutatja be a maty\u00f3 h\u00edmz\u00e9st \u00e9s h\u00edmzett ruh\u00e1kat social media fel\u00fcleteinken. Magyar h\u00edmzett p\u00f3l\u00f3k, t\u00e1sk\u00e1k, egyedi ruh\u00e1k \u2013 Matyodesign st\u00edlusban.\" \/>\n<meta name=\"robots\" content=\"index, follow, max-snippet:-1, max-image-preview:large, max-video-preview:-1\" \/>\n<link rel=\"canonical\" href=\"https:\/\/matyodesign.hu\/de\/mengyananiko\/\" \/>\n<meta property=\"og:locale\" content=\"de_DE\" \/>\n<meta property=\"og:type\" content=\"article\" \/>\n<meta property=\"og:title\" content=\"Mengy\u00e1n Anik\u00f3 \u2013 Maty\u00f3 h\u00edmz\u00e9s a k\u00f6z\u00f6ss\u00e9g\u00e9rt\" \/>\n<meta property=\"og:description\" content=\"Mengy\u00e1n Anik\u00f3 mutatja be a maty\u00f3 h\u00edmz\u00e9st \u00e9s h\u00edmzett ruh\u00e1kat social media fel\u00fcleteinken. Magyar h\u00edmzett p\u00f3l\u00f3k, t\u00e1sk\u00e1k, egyedi ruh\u00e1k \u2013 Matyodesign st\u00edlusban.\" \/>\n<meta property=\"og:url\" content=\"https:\/\/matyodesign.hu\/de\/mengyananiko\/\" \/>\n<meta property=\"og:site_name\" content=\"matyodesign\" \/>\n<meta property=\"article:modified_time\" content=\"2025-04-11T09:32:16+00:00\" \/>\n<meta name=\"twitter:card\" content=\"summary_large_image\" \/>\n<meta name=\"twitter:label1\" content=\"Gesch\u00e4tzte Lesezeit\" \/>\n\t<meta name=\"twitter:data1\" content=\"2\u00a0Minuten\" \/>\n<script type=\"application\/ld+json\" class=\"yoast-schema-graph\">{\"@context\":\"https:\\\/\\\/schema.org\",\"@graph\":[{\"@type\":\"WebPage\",\"@id\":\"https:\\\/\\\/matyodesign.hu\\\/mengyananiko\\\/\",\"url\":\"https:\\\/\\\/matyodesign.hu\\\/mengyananiko\\\/\",\"name\":\"Mengy\u00e1n Anik\u00f3 \u2013 Maty\u00f3 h\u00edmz\u00e9s a k\u00f6z\u00f6ss\u00e9g\u00e9rt\",\"isPartOf\":{\"@id\":\"https:\\\/\\\/matyodesign.hu\\\/#website\"},\"datePublished\":\"2025-02-12T20:08:16+00:00\",\"dateModified\":\"2025-04-11T09:32:16+00:00\",\"description\":\"Mengy\u00e1n Anik\u00f3 mutatja be a maty\u00f3 h\u00edmz\u00e9st \u00e9s h\u00edmzett ruh\u00e1kat social media fel\u00fcleteinken. Magyar h\u00edmzett p\u00f3l\u00f3k, t\u00e1sk\u00e1k, egyedi ruh\u00e1k \u2013 Matyodesign st\u00edlusban.\",\"breadcrumb\":{\"@id\":\"https:\\\/\\\/matyodesign.hu\\\/mengyananiko\\\/#breadcrumb\"},\"inLanguage\":\"de\",\"potentialAction\":[{\"@type\":\"ReadAction\",\"target\":[\"https:\\\/\\\/matyodesign.hu\\\/mengyananiko\\\/\"]}]},{\"@type\":\"BreadcrumbList\",\"@id\":\"https:\\\/\\\/matyodesign.hu\\\/mengyananiko\\\/#breadcrumb\",\"itemListElement\":[{\"@type\":\"ListItem\",\"position\":1,\"name\":\"Kezd\u0151lap\",\"item\":\"https:\\\/\\\/matyodesign.hu\\\/\"},{\"@type\":\"ListItem\",\"position\":2,\"name\":\"Mengy\u00e1n Anik\u00f3\"}]},{\"@type\":\"WebSite\",\"@id\":\"https:\\\/\\\/matyodesign.hu\\\/#website\",\"url\":\"https:\\\/\\\/matyodesign.hu\\\/\",\"name\":\"matyodesign\",\"description\":\"K\u00e9zzel. Szeretettel. Neked.\",\"potentialAction\":[{\"@type\":\"SearchAction\",\"target\":{\"@type\":\"EntryPoint\",\"urlTemplate\":\"https:\\\/\\\/matyodesign.hu\\\/?s={search_term_string}\"},\"query-input\":{\"@type\":\"PropertyValueSpecification\",\"valueRequired\":true,\"valueName\":\"search_term_string\"}}],\"inLanguage\":\"de\"}]}<\/script>\n<!-- \/ Yoast SEO plugin. -->","yoast_head_json":{"title":"Mengy\u00e1n Anik\u00f3 \u2013 Maty\u00f3 h\u00edmz\u00e9s a k\u00f6z\u00f6ss\u00e9g\u00e9rt","description":"Mengy\u00e1n Anik\u00f3 mutatja be a maty\u00f3 h\u00edmz\u00e9st \u00e9s h\u00edmzett ruh\u00e1kat social media fel\u00fcleteinken. Magyar h\u00edmzett p\u00f3l\u00f3k, t\u00e1sk\u00e1k, egyedi ruh\u00e1k \u2013 Matyodesign st\u00edlusban.","robots":{"index":"index","follow":"follow","max-snippet":"max-snippet:-1","max-image-preview":"max-image-preview:large","max-video-preview":"max-video-preview:-1"},"canonical":"https:\/\/matyodesign.hu\/de\/mengyananiko\/","og_locale":"de_DE","og_type":"article","og_title":"Mengy\u00e1n Anik\u00f3 \u2013 Maty\u00f3 h\u00edmz\u00e9s a k\u00f6z\u00f6ss\u00e9g\u00e9rt","og_description":"Mengy\u00e1n Anik\u00f3 mutatja be a maty\u00f3 h\u00edmz\u00e9st \u00e9s h\u00edmzett ruh\u00e1kat social media fel\u00fcleteinken. Magyar h\u00edmzett p\u00f3l\u00f3k, t\u00e1sk\u00e1k, egyedi ruh\u00e1k \u2013 Matyodesign st\u00edlusban.","og_url":"https:\/\/matyodesign.hu\/de\/mengyananiko\/","og_site_name":"matyodesign","article_modified_time":"2025-04-11T09:32:16+00:00","twitter_card":"summary_large_image","twitter_misc":{"Gesch\u00e4tzte Lesezeit":"2\u00a0Minuten"},"schema":{"@context":"https:\/\/schema.org","@graph":[{"@type":"WebPage","@id":"https:\/\/matyodesign.hu\/mengyananiko\/","url":"https:\/\/matyodesign.hu\/mengyananiko\/","name":"Mengy\u00e1n Anik\u00f3 \u2013 Maty\u00f3 h\u00edmz\u00e9s a k\u00f6z\u00f6ss\u00e9g\u00e9rt","isPartOf":{"@id":"https:\/\/matyodesign.hu\/#website"},"datePublished":"2025-02-12T20:08:16+00:00","dateModified":"2025-04-11T09:32:16+00:00","description":"Mengy\u00e1n Anik\u00f3 mutatja be a maty\u00f3 h\u00edmz\u00e9st \u00e9s h\u00edmzett ruh\u00e1kat social media fel\u00fcleteinken. Magyar h\u00edmzett p\u00f3l\u00f3k, t\u00e1sk\u00e1k, egyedi ruh\u00e1k \u2013 Matyodesign st\u00edlusban.","breadcrumb":{"@id":"https:\/\/matyodesign.hu\/mengyananiko\/#breadcrumb"},"inLanguage":"de","potentialAction":[{"@type":"ReadAction","target":["https:\/\/matyodesign.hu\/mengyananiko\/"]}]},{"@type":"BreadcrumbList","@id":"https:\/\/matyodesign.hu\/mengyananiko\/#breadcrumb","itemListElement":[{"@type":"ListItem","position":1,"name":"Kezd\u0151lap","item":"https:\/\/matyodesign.hu\/"},{"@type":"ListItem","position":2,"name":"Mengy\u00e1n Anik\u00f3"}]},{"@type":"WebSite","@id":"https:\/\/matyodesign.hu\/#website","url":"https:\/\/matyodesign.hu\/","name":"matyodesign","description":"K\u00e9zzel. Szeretettel. Neked.","potentialAction":[{"@type":"SearchAction","target":{"@type":"EntryPoint","urlTemplate":"https:\/\/matyodesign.hu\/?s={search_term_string}"},"query-input":{"@type":"PropertyValueSpecification","valueRequired":true,"valueName":"search_term_string"}}],"inLanguage":"de"}]}},"_links":{"self":[{"href":"https:\/\/matyodesign.hu\/de\/wp-json\/wp\/v2\/pages\/102120","targetHints":{"allow":["GET"]}}],"collection":[{"href":"https:\/\/matyodesign.hu\/de\/wp-json\/wp\/v2\/pages"}],"about":[{"href":"https:\/\/matyodesign.hu\/de\/wp-json\/wp\/v2\/types\/page"}],"author":[{"embeddable":true,"href":"https:\/\/matyodesign.hu\/de\/wp-json\/wp\/v2\/users\/1"}],"replies":[{"embeddable":true,"href":"https:\/\/matyodesign.hu\/de\/wp-json\/wp\/v2\/comments?post=102120"}],"version-history":[{"count":4,"href":"https:\/\/matyodesign.hu\/de\/wp-json\/wp\/v2\/pages\/102120\/revisions"}],"predecessor-version":[{"id":102124,"href":"https:\/\/matyodesign.hu\/de\/wp-json\/wp\/v2\/pages\/102120\/revisions\/102124"}],"wp:attachment":[{"href":"https:\/\/matyodesign.hu\/de\/wp-json\/wp\/v2\/media?parent=102120"}],"curies":[{"name":"wp","href":"https:\/\/api.w.org\/{rel}","templated":true}]}}