{"id":78920,"date":"2014-10-23T10:26:41","date_gmt":"2014-10-23T10:26:41","guid":{"rendered":"https:\/\/undsgn.com\/uncode\/my-account\/"},"modified":"2025-04-11T11:54:40","modified_gmt":"2025-04-11T09:54:40","slug":"profilom","status":"publish","type":"page","link":"https:\/\/matyodesign.hu\/de\/profilom\/","title":{"rendered":"Profilom"},"content":{"rendered":"<div class=\"woocommerce\"><\/div>","protected":false},"excerpt":{"rendered":"","protected":false},"author":1,"featured_media":0,"parent":0,"menu_order":0,"comment_status":"closed","ping_status":"closed","template":"","meta":{"footnotes":""},"class_list":["post-78920","page","type-page","status-publish","hentry"],"yoast_head":"<!-- This site is optimized with the Yoast SEO plugin v27.5 - https:\/\/yoast.com\/product\/yoast-seo-wordpress\/ -->\n<title>Profilom \u2013 Matyodesign<\/title>\n<meta name=\"description\" content=\"Profilom. Matyodesign, ahol hagyom\u00e1nyos mint\u00e1k tal\u00e1lkoznak a modern diz\u00e1jnnal. V\u00e1s\u00e1rolj egyedi h\u00edmzett p\u00f3l\u00f3t, ruh\u00e1t \u00e9s kieg\u00e9sz\u00edt\u0151ket!\" \/>\n<meta name=\"robots\" content=\"index, follow, max-snippet:-1, max-image-preview:large, max-video-preview:-1\" \/>\n<link rel=\"canonical\" href=\"https:\/\/matyodesign.hu\/de\/profilom\/\" \/>\n<meta property=\"og:locale\" content=\"de_DE\" \/>\n<meta property=\"og:type\" content=\"article\" \/>\n<meta property=\"og:title\" content=\"Profilom \u2013 Matyodesign\" \/>\n<meta property=\"og:description\" content=\"Profilom. Matyodesign, ahol hagyom\u00e1nyos mint\u00e1k tal\u00e1lkoznak a modern diz\u00e1jnnal. V\u00e1s\u00e1rolj egyedi h\u00edmzett p\u00f3l\u00f3t, ruh\u00e1t \u00e9s kieg\u00e9sz\u00edt\u0151ket!\" \/>\n<meta property=\"og:url\" content=\"https:\/\/matyodesign.hu\/de\/profilom\/\" \/>\n<meta property=\"og:site_name\" content=\"matyodesign\" \/>\n<meta property=\"article:modified_time\" content=\"2025-04-11T09:54:40+00:00\" \/>\n<meta name=\"twitter:card\" content=\"summary_large_image\" \/>\n<meta name=\"twitter:label1\" content=\"Gesch\u00e4tzte Lesezeit\" \/>\n\t<meta name=\"twitter:data1\" content=\"1\u00a0Minute\" \/>\n<script type=\"application\/ld+json\" class=\"yoast-schema-graph\">{\"@context\":\"https:\\\/\\\/schema.org\",\"@graph\":[{\"@type\":\"WebPage\",\"@id\":\"https:\\\/\\\/matyodesign.hu\\\/profilom\\\/\",\"url\":\"https:\\\/\\\/matyodesign.hu\\\/profilom\\\/\",\"name\":\"Profilom \u2013 Matyodesign\",\"isPartOf\":{\"@id\":\"https:\\\/\\\/matyodesign.hu\\\/#website\"},\"datePublished\":\"2014-10-23T10:26:41+00:00\",\"dateModified\":\"2025-04-11T09:54:40+00:00\",\"description\":\"Profilom. Matyodesign, ahol hagyom\u00e1nyos mint\u00e1k tal\u00e1lkoznak a modern diz\u00e1jnnal. V\u00e1s\u00e1rolj egyedi h\u00edmzett p\u00f3l\u00f3t, ruh\u00e1t \u00e9s kieg\u00e9sz\u00edt\u0151ket!\",\"breadcrumb\":{\"@id\":\"https:\\\/\\\/matyodesign.hu\\\/profilom\\\/#breadcrumb\"},\"inLanguage\":\"de\",\"potentialAction\":[{\"@type\":\"ReadAction\",\"target\":[\"https:\\\/\\\/matyodesign.hu\\\/profilom\\\/\"]}]},{\"@type\":\"BreadcrumbList\",\"@id\":\"https:\\\/\\\/matyodesign.hu\\\/profilom\\\/#breadcrumb\",\"itemListElement\":[{\"@type\":\"ListItem\",\"position\":1,\"name\":\"Kezd\u0151lap\",\"item\":\"https:\\\/\\\/matyodesign.hu\\\/\"},{\"@type\":\"ListItem\",\"position\":2,\"name\":\"Profilom\"}]},{\"@type\":\"WebSite\",\"@id\":\"https:\\\/\\\/matyodesign.hu\\\/#website\",\"url\":\"https:\\\/\\\/matyodesign.hu\\\/\",\"name\":\"matyodesign\",\"description\":\"K\u00e9zzel. Szeretettel. Neked.\",\"potentialAction\":[{\"@type\":\"SearchAction\",\"target\":{\"@type\":\"EntryPoint\",\"urlTemplate\":\"https:\\\/\\\/matyodesign.hu\\\/?s={search_term_string}\"},\"query-input\":{\"@type\":\"PropertyValueSpecification\",\"valueRequired\":true,\"valueName\":\"search_term_string\"}}],\"inLanguage\":\"de\"}]}<\/script>\n<!-- \/ Yoast SEO plugin. -->","yoast_head_json":{"title":"Profilom \u2013 Matyodesign","description":"Profilom. Matyodesign, ahol hagyom\u00e1nyos mint\u00e1k tal\u00e1lkoznak a modern diz\u00e1jnnal. V\u00e1s\u00e1rolj egyedi h\u00edmzett p\u00f3l\u00f3t, ruh\u00e1t \u00e9s kieg\u00e9sz\u00edt\u0151ket!","robots":{"index":"index","follow":"follow","max-snippet":"max-snippet:-1","max-image-preview":"max-image-preview:large","max-video-preview":"max-video-preview:-1"},"canonical":"https:\/\/matyodesign.hu\/de\/profilom\/","og_locale":"de_DE","og_type":"article","og_title":"Profilom \u2013 Matyodesign","og_description":"Profilom. Matyodesign, ahol hagyom\u00e1nyos mint\u00e1k tal\u00e1lkoznak a modern diz\u00e1jnnal. V\u00e1s\u00e1rolj egyedi h\u00edmzett p\u00f3l\u00f3t, ruh\u00e1t \u00e9s kieg\u00e9sz\u00edt\u0151ket!","og_url":"https:\/\/matyodesign.hu\/de\/profilom\/","og_site_name":"matyodesign","article_modified_time":"2025-04-11T09:54:40+00:00","twitter_card":"summary_large_image","twitter_misc":{"Gesch\u00e4tzte Lesezeit":"1\u00a0Minute"},"schema":{"@context":"https:\/\/schema.org","@graph":[{"@type":"WebPage","@id":"https:\/\/matyodesign.hu\/profilom\/","url":"https:\/\/matyodesign.hu\/profilom\/","name":"Profilom \u2013 Matyodesign","isPartOf":{"@id":"https:\/\/matyodesign.hu\/#website"},"datePublished":"2014-10-23T10:26:41+00:00","dateModified":"2025-04-11T09:54:40+00:00","description":"Profilom. Matyodesign, ahol hagyom\u00e1nyos mint\u00e1k tal\u00e1lkoznak a modern diz\u00e1jnnal. V\u00e1s\u00e1rolj egyedi h\u00edmzett p\u00f3l\u00f3t, ruh\u00e1t \u00e9s kieg\u00e9sz\u00edt\u0151ket!","breadcrumb":{"@id":"https:\/\/matyodesign.hu\/profilom\/#breadcrumb"},"inLanguage":"de","potentialAction":[{"@type":"ReadAction","target":["https:\/\/matyodesign.hu\/profilom\/"]}]},{"@type":"BreadcrumbList","@id":"https:\/\/matyodesign.hu\/profilom\/#breadcrumb","itemListElement":[{"@type":"ListItem","position":1,"name":"Kezd\u0151lap","item":"https:\/\/matyodesign.hu\/"},{"@type":"ListItem","position":2,"name":"Profilom"}]},{"@type":"WebSite","@id":"https:\/\/matyodesign.hu\/#website","url":"https:\/\/matyodesign.hu\/","name":"matyodesign","description":"K\u00e9zzel. Szeretettel. Neked.","potentialAction":[{"@type":"SearchAction","target":{"@type":"EntryPoint","urlTemplate":"https:\/\/matyodesign.hu\/?s={search_term_string}"},"query-input":{"@type":"PropertyValueSpecification","valueRequired":true,"valueName":"search_term_string"}}],"inLanguage":"de"}]}},"_links":{"self":[{"href":"https:\/\/matyodesign.hu\/de\/wp-json\/wp\/v2\/pages\/78920","targetHints":{"allow":["GET"]}}],"collection":[{"href":"https:\/\/matyodesign.hu\/de\/wp-json\/wp\/v2\/pages"}],"about":[{"href":"https:\/\/matyodesign.hu\/de\/wp-json\/wp\/v2\/types\/page"}],"author":[{"embeddable":true,"href":"https:\/\/matyodesign.hu\/de\/wp-json\/wp\/v2\/users\/1"}],"replies":[{"embeddable":true,"href":"https:\/\/matyodesign.hu\/de\/wp-json\/wp\/v2\/comments?post=78920"}],"version-history":[{"count":1,"href":"https:\/\/matyodesign.hu\/de\/wp-json\/wp\/v2\/pages\/78920\/revisions"}],"predecessor-version":[{"id":99901,"href":"https:\/\/matyodesign.hu\/de\/wp-json\/wp\/v2\/pages\/78920\/revisions\/99901"}],"wp:attachment":[{"href":"https:\/\/matyodesign.hu\/de\/wp-json\/wp\/v2\/media?parent=78920"}],"curies":[{"name":"wp","href":"https:\/\/api.w.org\/{rel}","templated":true}]}}