{"id":80788,"date":"2019-09-22T22:00:19","date_gmt":"2019-09-22T22:00:19","guid":{"rendered":"https:\/\/matyodesign.hu\/?page_id=80788"},"modified":"2025-04-11T11:15:44","modified_gmt":"2025-04-11T09:15:44","slug":"gomany-terezia","status":"publish","type":"page","link":"https:\/\/matyodesign.hu\/de\/gomany-terezia\/","title":{"rendered":"Gom\u00e1ny Ter\u00e9zia"},"content":{"rendered":"<section class=\"wpb-content-wrapper\"><div class=\"vc_row wpb_row vc_row-fluid\" ><div class=\"wpb_column vc_column_container vc_col-sm-6\"><div class=\"vc_column-inner\"><div class=\"wpb_wrapper\">\n\t<div  class=\"wpb_single_image wpb_content_element vc_align_left\">\n\t\t\n\t\t<figure class=\"wpb_wrapper vc_figure\">\n\t\t\t<div class=\"vc_single_image-wrapper   vc_box_border_grey\"><img loading=\"lazy\" decoding=\"async\" width=\"1000\" height=\"1000\" src=\"https:\/\/matyodesign.hu\/wp-content\/uploads\/2024\/05\/Gomany_Terezia.webp\" class=\"vc_single_image-img attachment-full\" alt=\"\" title=\"Gomany_Terezia\" srcset=\"https:\/\/matyodesign.hu\/wp-content\/uploads\/2024\/05\/Gomany_Terezia.webp 1000w, https:\/\/matyodesign.hu\/wp-content\/uploads\/2024\/05\/Gomany_Terezia-300x300.webp 300w, https:\/\/matyodesign.hu\/wp-content\/uploads\/2024\/05\/Gomany_Terezia-150x150.webp 150w, https:\/\/matyodesign.hu\/wp-content\/uploads\/2024\/05\/Gomany_Terezia-768x768.webp 768w, https:\/\/matyodesign.hu\/wp-content\/uploads\/2024\/05\/Gomany_Terezia-12x12.webp 12w, https:\/\/matyodesign.hu\/wp-content\/uploads\/2024\/05\/Gomany_Terezia-650x650.webp 650w, https:\/\/matyodesign.hu\/wp-content\/uploads\/2024\/05\/Gomany_Terezia-600x600.webp 600w, https:\/\/matyodesign.hu\/wp-content\/uploads\/2024\/05\/Gomany_Terezia-100x100.webp 100w\" sizes=\"auto, (max-width: 1000px) 100vw, 1000px\" \/><\/div>\n\t\t<\/figure>\n\t<\/div>\n<\/div><\/div><\/div><div class=\"wpb_column vc_column_container vc_col-sm-6\"><div class=\"vc_column-inner\"><div class=\"wpb_wrapper\">\n\t<div class=\"wpb_text_column wpb_content_element\" >\n\t\t<div class=\"wpb_wrapper\">\n\t\t\t<div id=\"text-block-2\" class=\"mk-text-block\">\n<div id=\"text-block-2\" class=\"mk-text-block\">\n<div id=\"text-block-2\" class=\"mk-text-block\">\n<h3 class=\"shortcode-heading mk-fancy-title align-left\">GOM\u00c1NY TER\u00c9ZIA, h\u00edmz\u0151n\u0151 (1933-2018)<\/h3>\n<p>1933-ban sz\u00fclettem Tardra, rendes paraszti csal\u00e1dba. Tard a sz\u00fcl\u0151f\u00f6ldem, ez a vil\u00e1g k\u00f6zepe, ha b\u00e1rhol meghallom a nev\u00e9t, k\u00f6nnyes lesz a szemem. 7-8 \u00e9ves lehettem, amikor \u00e9desany\u00e1m seg\u00edts\u00e9g\u00e9vel megtanultam h\u00edmezni.<\/p>\n<p>\u00d6nszorgalomb\u00f3l is nagyon sokat gyakoroltam, kiv\u00e1l\u00f3 id\u0151t\u00f6lt\u00e9s volt libap\u00e1sztork\u00e9nt. Olyan r\u00e9gen volt m\u00e1r ez, hogy elm\u00faltak az eml\u00e9keim azokb\u00f3l az id\u0151kb\u0151l, de azt sosem feledem, amikor az els\u0151 kurull\u00f3mat megkaptam. Hatalmas \u00f6r\u00f6m volt!<\/p>\n<p>H\u00edmz\u00e9s k\u00f6zben az\u00e9rt el\u0151j\u00f6nnek eml\u00e9kek, j\u00f3 is, rossz is a m\u00faltb\u00f3l, mik\u00f6zben ezeken gondolkozom, hirtelen ki is kapcsol\u00f3dom. A napjaim nagy r\u00e9sz\u00e9t varr\u00e1ssal t\u00f6lt\u00f6m, hiszen \u00e9n m\u00e1r nem tudok h\u00e1zimunk\u00e1t v\u00e9gezni.<\/p>\n<p>Rozik\u00e1\u00e9kr\u00f3l nagyon sok eml\u00e9kem van, gyerekkoruk \u00f3ta ismerem \u0151ket, rengeteg f\u00e9nyk\u00e9pem is van. Nekem a matyodesign \u0151ket jelenti, az embereket, akik m\u00f6g\u00f6tte vannak. Nagyon b\u00fcszke vagyok r\u00e1juk, azt vallom, ha valamibe belefog az ember, azt becs\u00fclettel, tisztess\u00e9ggel v\u00e9gig is kell csin\u00e1lni!<\/p>\n<div class=\"clearboth\"><\/div>\n<\/div>\n<div class=\"wpb_single_image wpb_content_element vc_align_left\">\n<figure class=\"wpb_wrapper vc_figure\">\n<div class=\"vc_single_image-wrapper vc_box_border_grey\"><\/div>\n<\/figure>\n<\/div>\n<\/div>\n<\/div>\n\n\t\t<\/div>\n\t<\/div>\n<\/div><\/div><\/div><\/div><div class=\"vc_row wpb_row vc_row-fluid\" ><div class=\"wpb_column vc_column_container vc_col-sm-12\"><div class=\"vc_column-inner\"><div class=\"wpb_wrapper\"><a class=\"wpb_button_a\" title=\"Vissza\" href=\"https:\/\/matyodesign.hu\/de\/ueber-uns\/\"><span class=\"wpb_button  wpb_wpb_button wpb_regularsize\">Vissza<\/span><\/a><\/div><\/div><\/div><\/div>\n<\/section>","protected":false},"excerpt":{"rendered":"<p>If you&#8217;d like to discuss working with us, find out more about the range of services we have to offer, or just want to have a chat, please get in touch.<\/p>","protected":false},"author":1,"featured_media":0,"parent":0,"menu_order":0,"comment_status":"closed","ping_status":"closed","template":"","meta":{"footnotes":""},"class_list":["post-80788","page","type-page","status-publish","hentry"],"yoast_head":"<!-- This site is optimized with the Yoast SEO plugin v27.5 - https:\/\/yoast.com\/product\/yoast-seo-wordpress\/ -->\n<title>Gom\u00e1ny Ter\u00e9zia \u2013 Maty\u00f3 h\u00edmz\u00e9s \u00e9s h\u00edmzett ruh\u00e1k<\/title>\n<meta name=\"description\" content=\"Gom\u00e1ny Ter\u00e9zia eml\u00e9ke \u00e9s munk\u00e1ja \u00e9l tov\u00e1bb a maty\u00f3 h\u00edmz\u00e9sben. Egyedi h\u00edmzett ruh\u00e1k, maty\u00f3 mint\u00e1s p\u00f3l\u00f3k, hagyom\u00e1ny modern form\u00e1ban a Matyodesign-n\u00e1l.\" \/>\n<meta name=\"robots\" content=\"index, follow, max-snippet:-1, max-image-preview:large, max-video-preview:-1\" \/>\n<link rel=\"canonical\" href=\"https:\/\/matyodesign.hu\/de\/gomany-terezia\/\" \/>\n<meta property=\"og:locale\" content=\"de_DE\" \/>\n<meta property=\"og:type\" content=\"article\" \/>\n<meta property=\"og:title\" content=\"Gom\u00e1ny Ter\u00e9zia \u2013 Maty\u00f3 h\u00edmz\u00e9s \u00e9s h\u00edmzett ruh\u00e1k\" \/>\n<meta property=\"og:description\" content=\"Gom\u00e1ny Ter\u00e9zia eml\u00e9ke \u00e9s munk\u00e1ja \u00e9l tov\u00e1bb a maty\u00f3 h\u00edmz\u00e9sben. Egyedi h\u00edmzett ruh\u00e1k, maty\u00f3 mint\u00e1s p\u00f3l\u00f3k, hagyom\u00e1ny modern form\u00e1ban a Matyodesign-n\u00e1l.\" \/>\n<meta property=\"og:url\" content=\"https:\/\/matyodesign.hu\/de\/gomany-terezia\/\" \/>\n<meta property=\"og:site_name\" content=\"matyodesign\" \/>\n<meta property=\"article:modified_time\" content=\"2025-04-11T09:15:44+00:00\" \/>\n<meta name=\"twitter:card\" content=\"summary_large_image\" \/>\n<meta name=\"twitter:label1\" content=\"Gesch\u00e4tzte Lesezeit\" \/>\n\t<meta name=\"twitter:data1\" content=\"2\u00a0Minuten\" \/>\n<script type=\"application\/ld+json\" class=\"yoast-schema-graph\">{\"@context\":\"https:\\\/\\\/schema.org\",\"@graph\":[{\"@type\":\"WebPage\",\"@id\":\"https:\\\/\\\/matyodesign.hu\\\/gomany-terezia\\\/\",\"url\":\"https:\\\/\\\/matyodesign.hu\\\/gomany-terezia\\\/\",\"name\":\"Gom\u00e1ny Ter\u00e9zia \u2013 Maty\u00f3 h\u00edmz\u00e9s \u00e9s h\u00edmzett ruh\u00e1k\",\"isPartOf\":{\"@id\":\"https:\\\/\\\/matyodesign.hu\\\/#website\"},\"datePublished\":\"2019-09-22T22:00:19+00:00\",\"dateModified\":\"2025-04-11T09:15:44+00:00\",\"description\":\"Gom\u00e1ny Ter\u00e9zia eml\u00e9ke \u00e9s munk\u00e1ja \u00e9l tov\u00e1bb a maty\u00f3 h\u00edmz\u00e9sben. Egyedi h\u00edmzett ruh\u00e1k, maty\u00f3 mint\u00e1s p\u00f3l\u00f3k, hagyom\u00e1ny modern form\u00e1ban a Matyodesign-n\u00e1l.\",\"breadcrumb\":{\"@id\":\"https:\\\/\\\/matyodesign.hu\\\/gomany-terezia\\\/#breadcrumb\"},\"inLanguage\":\"de\",\"potentialAction\":[{\"@type\":\"ReadAction\",\"target\":[\"https:\\\/\\\/matyodesign.hu\\\/gomany-terezia\\\/\"]}]},{\"@type\":\"BreadcrumbList\",\"@id\":\"https:\\\/\\\/matyodesign.hu\\\/gomany-terezia\\\/#breadcrumb\",\"itemListElement\":[{\"@type\":\"ListItem\",\"position\":1,\"name\":\"Kezd\u0151lap\",\"item\":\"https:\\\/\\\/matyodesign.hu\\\/\"},{\"@type\":\"ListItem\",\"position\":2,\"name\":\"Gom\u00e1ny Ter\u00e9zia\"}]},{\"@type\":\"WebSite\",\"@id\":\"https:\\\/\\\/matyodesign.hu\\\/#website\",\"url\":\"https:\\\/\\\/matyodesign.hu\\\/\",\"name\":\"matyodesign\",\"description\":\"K\u00e9zzel. Szeretettel. Neked.\",\"potentialAction\":[{\"@type\":\"SearchAction\",\"target\":{\"@type\":\"EntryPoint\",\"urlTemplate\":\"https:\\\/\\\/matyodesign.hu\\\/?s={search_term_string}\"},\"query-input\":{\"@type\":\"PropertyValueSpecification\",\"valueRequired\":true,\"valueName\":\"search_term_string\"}}],\"inLanguage\":\"de\"}]}<\/script>\n<!-- \/ Yoast SEO plugin. -->","yoast_head_json":{"title":"Gom\u00e1ny Ter\u00e9zia \u2013 Maty\u00f3 h\u00edmz\u00e9s \u00e9s h\u00edmzett ruh\u00e1k","description":"Gom\u00e1ny Ter\u00e9zia eml\u00e9ke \u00e9s munk\u00e1ja \u00e9l tov\u00e1bb a maty\u00f3 h\u00edmz\u00e9sben. Egyedi h\u00edmzett ruh\u00e1k, maty\u00f3 mint\u00e1s p\u00f3l\u00f3k, hagyom\u00e1ny modern form\u00e1ban a Matyodesign-n\u00e1l.","robots":{"index":"index","follow":"follow","max-snippet":"max-snippet:-1","max-image-preview":"max-image-preview:large","max-video-preview":"max-video-preview:-1"},"canonical":"https:\/\/matyodesign.hu\/de\/gomany-terezia\/","og_locale":"de_DE","og_type":"article","og_title":"Gom\u00e1ny Ter\u00e9zia \u2013 Maty\u00f3 h\u00edmz\u00e9s \u00e9s h\u00edmzett ruh\u00e1k","og_description":"Gom\u00e1ny Ter\u00e9zia eml\u00e9ke \u00e9s munk\u00e1ja \u00e9l tov\u00e1bb a maty\u00f3 h\u00edmz\u00e9sben. Egyedi h\u00edmzett ruh\u00e1k, maty\u00f3 mint\u00e1s p\u00f3l\u00f3k, hagyom\u00e1ny modern form\u00e1ban a Matyodesign-n\u00e1l.","og_url":"https:\/\/matyodesign.hu\/de\/gomany-terezia\/","og_site_name":"matyodesign","article_modified_time":"2025-04-11T09:15:44+00:00","twitter_card":"summary_large_image","twitter_misc":{"Gesch\u00e4tzte Lesezeit":"2\u00a0Minuten"},"schema":{"@context":"https:\/\/schema.org","@graph":[{"@type":"WebPage","@id":"https:\/\/matyodesign.hu\/gomany-terezia\/","url":"https:\/\/matyodesign.hu\/gomany-terezia\/","name":"Gom\u00e1ny Ter\u00e9zia \u2013 Maty\u00f3 h\u00edmz\u00e9s \u00e9s h\u00edmzett ruh\u00e1k","isPartOf":{"@id":"https:\/\/matyodesign.hu\/#website"},"datePublished":"2019-09-22T22:00:19+00:00","dateModified":"2025-04-11T09:15:44+00:00","description":"Gom\u00e1ny Ter\u00e9zia eml\u00e9ke \u00e9s munk\u00e1ja \u00e9l tov\u00e1bb a maty\u00f3 h\u00edmz\u00e9sben. Egyedi h\u00edmzett ruh\u00e1k, maty\u00f3 mint\u00e1s p\u00f3l\u00f3k, hagyom\u00e1ny modern form\u00e1ban a Matyodesign-n\u00e1l.","breadcrumb":{"@id":"https:\/\/matyodesign.hu\/gomany-terezia\/#breadcrumb"},"inLanguage":"de","potentialAction":[{"@type":"ReadAction","target":["https:\/\/matyodesign.hu\/gomany-terezia\/"]}]},{"@type":"BreadcrumbList","@id":"https:\/\/matyodesign.hu\/gomany-terezia\/#breadcrumb","itemListElement":[{"@type":"ListItem","position":1,"name":"Kezd\u0151lap","item":"https:\/\/matyodesign.hu\/"},{"@type":"ListItem","position":2,"name":"Gom\u00e1ny Ter\u00e9zia"}]},{"@type":"WebSite","@id":"https:\/\/matyodesign.hu\/#website","url":"https:\/\/matyodesign.hu\/","name":"matyodesign","description":"K\u00e9zzel. Szeretettel. Neked.","potentialAction":[{"@type":"SearchAction","target":{"@type":"EntryPoint","urlTemplate":"https:\/\/matyodesign.hu\/?s={search_term_string}"},"query-input":{"@type":"PropertyValueSpecification","valueRequired":true,"valueName":"search_term_string"}}],"inLanguage":"de"}]}},"_links":{"self":[{"href":"https:\/\/matyodesign.hu\/de\/wp-json\/wp\/v2\/pages\/80788","targetHints":{"allow":["GET"]}}],"collection":[{"href":"https:\/\/matyodesign.hu\/de\/wp-json\/wp\/v2\/pages"}],"about":[{"href":"https:\/\/matyodesign.hu\/de\/wp-json\/wp\/v2\/types\/page"}],"author":[{"embeddable":true,"href":"https:\/\/matyodesign.hu\/de\/wp-json\/wp\/v2\/users\/1"}],"replies":[{"embeddable":true,"href":"https:\/\/matyodesign.hu\/de\/wp-json\/wp\/v2\/comments?post=80788"}],"version-history":[{"count":2,"href":"https:\/\/matyodesign.hu\/de\/wp-json\/wp\/v2\/pages\/80788\/revisions"}],"predecessor-version":[{"id":100865,"href":"https:\/\/matyodesign.hu\/de\/wp-json\/wp\/v2\/pages\/80788\/revisions\/100865"}],"wp:attachment":[{"href":"https:\/\/matyodesign.hu\/de\/wp-json\/wp\/v2\/media?parent=80788"}],"curies":[{"name":"wp","href":"https:\/\/api.w.org\/{rel}","templated":true}]}}