{"id":80800,"date":"2019-09-22T22:28:11","date_gmt":"2019-09-22T22:28:11","guid":{"rendered":"https:\/\/matyodesign.hu\/?page_id=80800"},"modified":"2025-04-11T11:39:27","modified_gmt":"2025-04-11T09:39:27","slug":"nagy_terezia","status":"publish","type":"page","link":"https:\/\/matyodesign.hu\/de\/nagy_terezia\/","title":{"rendered":"Nagy Ter\u00e9zia"},"content":{"rendered":"<section class=\"wpb-content-wrapper\"><div class=\"vc_row wpb_row vc_row-fluid\" ><div class=\"wpb_column vc_column_container vc_col-sm-6\"><div class=\"vc_column-inner\"><div class=\"wpb_wrapper\">\n\t<div  class=\"wpb_single_image wpb_content_element vc_align_left\">\n\t\t\n\t\t<figure class=\"wpb_wrapper vc_figure\">\n\t\t\t<div class=\"vc_single_image-wrapper   vc_box_border_grey\"><img loading=\"lazy\" decoding=\"async\" width=\"1000\" height=\"1000\" src=\"https:\/\/matyodesign.hu\/wp-content\/uploads\/2024\/05\/Nagy_Terezia.webp\" class=\"vc_single_image-img attachment-full\" alt=\"\" title=\"Nagy_Terezia\" srcset=\"https:\/\/matyodesign.hu\/wp-content\/uploads\/2024\/05\/Nagy_Terezia.webp 1000w, https:\/\/matyodesign.hu\/wp-content\/uploads\/2024\/05\/Nagy_Terezia-300x300.webp 300w, https:\/\/matyodesign.hu\/wp-content\/uploads\/2024\/05\/Nagy_Terezia-150x150.webp 150w, https:\/\/matyodesign.hu\/wp-content\/uploads\/2024\/05\/Nagy_Terezia-768x768.webp 768w, https:\/\/matyodesign.hu\/wp-content\/uploads\/2024\/05\/Nagy_Terezia-12x12.webp 12w, https:\/\/matyodesign.hu\/wp-content\/uploads\/2024\/05\/Nagy_Terezia-650x650.webp 650w, https:\/\/matyodesign.hu\/wp-content\/uploads\/2024\/05\/Nagy_Terezia-600x600.webp 600w, https:\/\/matyodesign.hu\/wp-content\/uploads\/2024\/05\/Nagy_Terezia-100x100.webp 100w\" sizes=\"auto, (max-width: 1000px) 100vw, 1000px\" \/><\/div>\n\t\t<\/figure>\n\t<\/div>\n<\/div><\/div><\/div><div class=\"wpb_column vc_column_container vc_col-sm-6\"><div class=\"vc_column-inner\"><div class=\"wpb_wrapper\">\n\t<div class=\"wpb_text_column wpb_content_element\" >\n\t\t<div class=\"wpb_wrapper\">\n\t\t\t<div id=\"text-block-2\" class=\"mk-text-block\">\n<div id=\"text-block-2\" class=\"mk-text-block\">\n<h3 class=\"shortcode-heading mk-fancy-title align-left\">NAGY TER\u00c9ZIA, h\u00edmz\u0151n\u0151<\/h3>\n<p>\u00c9n legel\u0151sz\u00f6r arra szeretn\u00e9k mindenkit inteni, hogy \u00e9lj\u00fcnk becs\u00fcletesen, aki meg\u00e9rdemli, szeress\u00fck, \u00e9s tisztelj\u00fcnk mindenkit. Ez nagyon fontos.<\/p>\n<p>73 \u00e9ves vagyok, kb t\u00edz \u00e9ves korom \u00f3ta h\u00edmzek, a szomsz\u00e9d l\u00e1ny tan\u00edtott meg liba\u0151rz\u00e9s k\u00f6zben, \u0151 olyan tizenhat lehetett akkor. Nagyon szeretek h\u00edmezni, kikapcsol, megnyugtat. Persze az\u00e9rt mindig gondolkozom valamin, olyan nincs, hogy meg\u00e1llna az agyam.<\/p>\n<p>Minden mint\u00e1t szeretek, mert r\u00e9gi eml\u00e9keket, sz\u00e9p gyermekkori \u00e9lm\u00e9nyeket id\u00e9znek el\u0151.<\/p>\n<p>Eml\u00e9kszem, mikor Rozi \u00e9s Borika megsz\u00fclettek. \u00c9desanyjuk, a Tan\u00e1rn\u0151 nagyon \u00e9rtett a gyerekekhez. Tan\u00e1r \u00far pedig remek \u00e9nektan\u00e1r volt!<\/p>\n<p>Nekem Tard az otthonom, alig tettem innen ki a l\u00e1bam. Nagyon j\u00f3 itt \u00e9lni, itt neveltem fel a gyerekeimet, itt figyelem az unok\u00e1imat, ahogy bontogatj\u00e1k a sz\u00e1rnyaikat. \u0150k a legfontosabbak az \u00e9letemben.<\/p>\n<div class=\"clearboth\"><\/div>\n<\/div>\n<div class=\"wpb_single_image wpb_content_element vc_align_left\">\n<figure class=\"wpb_wrapper vc_figure\">\n<div class=\"vc_single_image-wrapper vc_box_border_grey\"><\/div>\n<\/figure>\n<\/div>\n<\/div>\n\n\t\t<\/div>\n\t<\/div>\n<\/div><\/div><\/div><\/div><div class=\"vc_row wpb_row vc_row-fluid\" ><div class=\"wpb_column vc_column_container vc_col-sm-12\"><div class=\"vc_column-inner\"><div class=\"wpb_wrapper\"><a class=\"wpb_button_a\" title=\"Vissza\" href=\"https:\/\/matyodesign.hu\/de\/ueber-uns\/\"><span class=\"wpb_button  wpb_wpb_button wpb_regularsize\">Vissza<\/span><\/a><\/div><\/div><\/div><\/div>\n<\/section>","protected":false},"excerpt":{"rendered":"<p>If you&#8217;d like to discuss working with us, find out more about the range of services we have to offer, or just want to have a chat, please get in touch.<\/p>","protected":false},"author":1,"featured_media":0,"parent":0,"menu_order":0,"comment_status":"closed","ping_status":"closed","template":"","meta":{"footnotes":""},"class_list":["post-80800","page","type-page","status-publish","hentry"],"yoast_head":"<!-- This site is optimized with the Yoast SEO plugin v27.5 - https:\/\/yoast.com\/product\/yoast-seo-wordpress\/ -->\n<title>Nagy Ter\u00e9zia \u2013 Maty\u00f3 h\u00edmz\u00e9s \u00e9s h\u00edmzett ruh\u00e1k<\/title>\n<meta name=\"description\" content=\"Nagy Ter\u00e9zia t\u00f6bb mint 60 \u00e9ve h\u00edmez. Maty\u00f3 h\u00edmz\u00e9s modern ruh\u00e1kon: h\u00edmzett p\u00f3l\u00f3k, magyar h\u00edmzett ruh\u00e1k \u00e9s kieg\u00e9sz\u00edt\u0151k a Matyodesign k\u00edn\u00e1lat\u00e1ban.\" \/>\n<meta name=\"robots\" content=\"index, follow, max-snippet:-1, max-image-preview:large, max-video-preview:-1\" \/>\n<link rel=\"canonical\" href=\"https:\/\/matyodesign.hu\/de\/nagy_terezia\/\" \/>\n<meta property=\"og:locale\" content=\"de_DE\" \/>\n<meta property=\"og:type\" content=\"article\" \/>\n<meta property=\"og:title\" content=\"Nagy Ter\u00e9zia \u2013 Maty\u00f3 h\u00edmz\u00e9s \u00e9s h\u00edmzett ruh\u00e1k\" \/>\n<meta property=\"og:description\" content=\"Nagy Ter\u00e9zia t\u00f6bb mint 60 \u00e9ve h\u00edmez. Maty\u00f3 h\u00edmz\u00e9s modern ruh\u00e1kon: h\u00edmzett p\u00f3l\u00f3k, magyar h\u00edmzett ruh\u00e1k \u00e9s kieg\u00e9sz\u00edt\u0151k a Matyodesign k\u00edn\u00e1lat\u00e1ban.\" \/>\n<meta property=\"og:url\" content=\"https:\/\/matyodesign.hu\/de\/nagy_terezia\/\" \/>\n<meta property=\"og:site_name\" content=\"matyodesign\" \/>\n<meta property=\"article:modified_time\" content=\"2025-04-11T09:39:27+00:00\" \/>\n<meta name=\"twitter:card\" content=\"summary_large_image\" \/>\n<meta name=\"twitter:label1\" content=\"Gesch\u00e4tzte Lesezeit\" \/>\n\t<meta name=\"twitter:data1\" content=\"2\u00a0Minuten\" \/>\n<script type=\"application\/ld+json\" class=\"yoast-schema-graph\">{\"@context\":\"https:\\\/\\\/schema.org\",\"@graph\":[{\"@type\":\"WebPage\",\"@id\":\"https:\\\/\\\/matyodesign.hu\\\/nagy_terezia\\\/\",\"url\":\"https:\\\/\\\/matyodesign.hu\\\/nagy_terezia\\\/\",\"name\":\"Nagy Ter\u00e9zia \u2013 Maty\u00f3 h\u00edmz\u00e9s \u00e9s h\u00edmzett ruh\u00e1k\",\"isPartOf\":{\"@id\":\"https:\\\/\\\/matyodesign.hu\\\/#website\"},\"datePublished\":\"2019-09-22T22:28:11+00:00\",\"dateModified\":\"2025-04-11T09:39:27+00:00\",\"description\":\"Nagy Ter\u00e9zia t\u00f6bb mint 60 \u00e9ve h\u00edmez. Maty\u00f3 h\u00edmz\u00e9s modern ruh\u00e1kon: h\u00edmzett p\u00f3l\u00f3k, magyar h\u00edmzett ruh\u00e1k \u00e9s kieg\u00e9sz\u00edt\u0151k a Matyodesign k\u00edn\u00e1lat\u00e1ban.\",\"breadcrumb\":{\"@id\":\"https:\\\/\\\/matyodesign.hu\\\/nagy_terezia\\\/#breadcrumb\"},\"inLanguage\":\"de\",\"potentialAction\":[{\"@type\":\"ReadAction\",\"target\":[\"https:\\\/\\\/matyodesign.hu\\\/nagy_terezia\\\/\"]}]},{\"@type\":\"BreadcrumbList\",\"@id\":\"https:\\\/\\\/matyodesign.hu\\\/nagy_terezia\\\/#breadcrumb\",\"itemListElement\":[{\"@type\":\"ListItem\",\"position\":1,\"name\":\"Kezd\u0151lap\",\"item\":\"https:\\\/\\\/matyodesign.hu\\\/\"},{\"@type\":\"ListItem\",\"position\":2,\"name\":\"Nagy Ter\u00e9zia\"}]},{\"@type\":\"WebSite\",\"@id\":\"https:\\\/\\\/matyodesign.hu\\\/#website\",\"url\":\"https:\\\/\\\/matyodesign.hu\\\/\",\"name\":\"matyodesign\",\"description\":\"K\u00e9zzel. Szeretettel. Neked.\",\"potentialAction\":[{\"@type\":\"SearchAction\",\"target\":{\"@type\":\"EntryPoint\",\"urlTemplate\":\"https:\\\/\\\/matyodesign.hu\\\/?s={search_term_string}\"},\"query-input\":{\"@type\":\"PropertyValueSpecification\",\"valueRequired\":true,\"valueName\":\"search_term_string\"}}],\"inLanguage\":\"de\"}]}<\/script>\n<!-- \/ Yoast SEO plugin. -->","yoast_head_json":{"title":"Nagy Ter\u00e9zia \u2013 Maty\u00f3 h\u00edmz\u00e9s \u00e9s h\u00edmzett ruh\u00e1k","description":"Nagy Ter\u00e9zia t\u00f6bb mint 60 \u00e9ve h\u00edmez. Maty\u00f3 h\u00edmz\u00e9s modern ruh\u00e1kon: h\u00edmzett p\u00f3l\u00f3k, magyar h\u00edmzett ruh\u00e1k \u00e9s kieg\u00e9sz\u00edt\u0151k a Matyodesign k\u00edn\u00e1lat\u00e1ban.","robots":{"index":"index","follow":"follow","max-snippet":"max-snippet:-1","max-image-preview":"max-image-preview:large","max-video-preview":"max-video-preview:-1"},"canonical":"https:\/\/matyodesign.hu\/de\/nagy_terezia\/","og_locale":"de_DE","og_type":"article","og_title":"Nagy Ter\u00e9zia \u2013 Maty\u00f3 h\u00edmz\u00e9s \u00e9s h\u00edmzett ruh\u00e1k","og_description":"Nagy Ter\u00e9zia t\u00f6bb mint 60 \u00e9ve h\u00edmez. Maty\u00f3 h\u00edmz\u00e9s modern ruh\u00e1kon: h\u00edmzett p\u00f3l\u00f3k, magyar h\u00edmzett ruh\u00e1k \u00e9s kieg\u00e9sz\u00edt\u0151k a Matyodesign k\u00edn\u00e1lat\u00e1ban.","og_url":"https:\/\/matyodesign.hu\/de\/nagy_terezia\/","og_site_name":"matyodesign","article_modified_time":"2025-04-11T09:39:27+00:00","twitter_card":"summary_large_image","twitter_misc":{"Gesch\u00e4tzte Lesezeit":"2\u00a0Minuten"},"schema":{"@context":"https:\/\/schema.org","@graph":[{"@type":"WebPage","@id":"https:\/\/matyodesign.hu\/nagy_terezia\/","url":"https:\/\/matyodesign.hu\/nagy_terezia\/","name":"Nagy Ter\u00e9zia \u2013 Maty\u00f3 h\u00edmz\u00e9s \u00e9s h\u00edmzett ruh\u00e1k","isPartOf":{"@id":"https:\/\/matyodesign.hu\/#website"},"datePublished":"2019-09-22T22:28:11+00:00","dateModified":"2025-04-11T09:39:27+00:00","description":"Nagy Ter\u00e9zia t\u00f6bb mint 60 \u00e9ve h\u00edmez. Maty\u00f3 h\u00edmz\u00e9s modern ruh\u00e1kon: h\u00edmzett p\u00f3l\u00f3k, magyar h\u00edmzett ruh\u00e1k \u00e9s kieg\u00e9sz\u00edt\u0151k a Matyodesign k\u00edn\u00e1lat\u00e1ban.","breadcrumb":{"@id":"https:\/\/matyodesign.hu\/nagy_terezia\/#breadcrumb"},"inLanguage":"de","potentialAction":[{"@type":"ReadAction","target":["https:\/\/matyodesign.hu\/nagy_terezia\/"]}]},{"@type":"BreadcrumbList","@id":"https:\/\/matyodesign.hu\/nagy_terezia\/#breadcrumb","itemListElement":[{"@type":"ListItem","position":1,"name":"Kezd\u0151lap","item":"https:\/\/matyodesign.hu\/"},{"@type":"ListItem","position":2,"name":"Nagy Ter\u00e9zia"}]},{"@type":"WebSite","@id":"https:\/\/matyodesign.hu\/#website","url":"https:\/\/matyodesign.hu\/","name":"matyodesign","description":"K\u00e9zzel. Szeretettel. Neked.","potentialAction":[{"@type":"SearchAction","target":{"@type":"EntryPoint","urlTemplate":"https:\/\/matyodesign.hu\/?s={search_term_string}"},"query-input":{"@type":"PropertyValueSpecification","valueRequired":true,"valueName":"search_term_string"}}],"inLanguage":"de"}]}},"_links":{"self":[{"href":"https:\/\/matyodesign.hu\/de\/wp-json\/wp\/v2\/pages\/80800","targetHints":{"allow":["GET"]}}],"collection":[{"href":"https:\/\/matyodesign.hu\/de\/wp-json\/wp\/v2\/pages"}],"about":[{"href":"https:\/\/matyodesign.hu\/de\/wp-json\/wp\/v2\/types\/page"}],"author":[{"embeddable":true,"href":"https:\/\/matyodesign.hu\/de\/wp-json\/wp\/v2\/users\/1"}],"replies":[{"embeddable":true,"href":"https:\/\/matyodesign.hu\/de\/wp-json\/wp\/v2\/comments?post=80800"}],"version-history":[{"count":2,"href":"https:\/\/matyodesign.hu\/de\/wp-json\/wp\/v2\/pages\/80800\/revisions"}],"predecessor-version":[{"id":100867,"href":"https:\/\/matyodesign.hu\/de\/wp-json\/wp\/v2\/pages\/80800\/revisions\/100867"}],"wp:attachment":[{"href":"https:\/\/matyodesign.hu\/de\/wp-json\/wp\/v2\/media?parent=80800"}],"curies":[{"name":"wp","href":"https:\/\/api.w.org\/{rel}","templated":true}]}}