{"id":80804,"date":"2019-09-22T22:36:17","date_gmt":"2019-09-22T22:36:17","guid":{"rendered":"https:\/\/matyodesign.hu\/?page_id=80804"},"modified":"2025-04-11T12:47:17","modified_gmt":"2025-04-11T10:47:17","slug":"tozser_zsuzsa","status":"publish","type":"page","link":"https:\/\/matyodesign.hu\/de\/tozser_zsuzsa\/","title":{"rendered":"T\u0151zs\u00e9r Zsuzsa"},"content":{"rendered":"<section class=\"wpb-content-wrapper\"><div class=\"vc_row wpb_row vc_row-fluid\" ><div class=\"wpb_column vc_column_container vc_col-sm-6\"><div class=\"vc_column-inner\"><div class=\"wpb_wrapper\">\n\t<div  class=\"wpb_single_image wpb_content_element vc_align_left\">\n\t\t\n\t\t<figure class=\"wpb_wrapper vc_figure\">\n\t\t\t<div class=\"vc_single_image-wrapper   vc_box_border_grey\"><img loading=\"lazy\" decoding=\"async\" width=\"1000\" height=\"1000\" src=\"https:\/\/matyodesign.hu\/wp-content\/uploads\/2024\/05\/Tozser_Zsusa.webp\" class=\"vc_single_image-img attachment-full\" alt=\"\" title=\"Tozser_Zsusa\" srcset=\"https:\/\/matyodesign.hu\/wp-content\/uploads\/2024\/05\/Tozser_Zsusa.webp 1000w, https:\/\/matyodesign.hu\/wp-content\/uploads\/2024\/05\/Tozser_Zsusa-300x300.webp 300w, https:\/\/matyodesign.hu\/wp-content\/uploads\/2024\/05\/Tozser_Zsusa-150x150.webp 150w, https:\/\/matyodesign.hu\/wp-content\/uploads\/2024\/05\/Tozser_Zsusa-768x768.webp 768w, https:\/\/matyodesign.hu\/wp-content\/uploads\/2024\/05\/Tozser_Zsusa-12x12.webp 12w, https:\/\/matyodesign.hu\/wp-content\/uploads\/2024\/05\/Tozser_Zsusa-650x650.webp 650w, https:\/\/matyodesign.hu\/wp-content\/uploads\/2024\/05\/Tozser_Zsusa-600x600.webp 600w, https:\/\/matyodesign.hu\/wp-content\/uploads\/2024\/05\/Tozser_Zsusa-100x100.webp 100w\" sizes=\"auto, (max-width: 1000px) 100vw, 1000px\" \/><\/div>\n\t\t<\/figure>\n\t<\/div>\n<\/div><\/div><\/div><div class=\"wpb_column vc_column_container vc_col-sm-6\"><div class=\"vc_column-inner\"><div class=\"wpb_wrapper\">\n\t<div class=\"wpb_text_column wpb_content_element\" >\n\t\t<div class=\"wpb_wrapper\">\n\t\t\t<div id=\"text-block-2\" class=\"mk-text-block\">\n<div id=\"text-block-2\" class=\"mk-text-block\">\n<h3 class=\"shortcode-heading mk-fancy-title align-left\">T\u0150ZS\u00c9R ZSUZSA, h\u00edmz\u0151n\u0151<\/h3>\n<p>A vil\u00e1g bizonytalan, az emberek is azok. Egyetlen dologra kell odafigyeln\u00fcnk az \u00e9letben: \u00f6nmagunkra. Azt kell csin\u00e1lni, amihez kedv\u00fcnk van, \u00e9s esetleg meg is tudunk \u00e9lni bel\u0151le. K\u00e9tkezi, dolgos sz\u00fcl\u0151k l\u00e1nyak\u00e9nt nevelkedtem, rengeteget tanultam al\u00e1zatr\u00f3l \u00e9s a munk\u00e1hoz val\u00f3 hozz\u00e1\u00e1ll\u00e1sr\u00f3l sz\u00fcleimt\u0151l \u00e9s nagysz\u00fcleimt\u0151l.<\/p>\n<p>Az ember \u00e9let\u00e9ben a csal\u00e1d a legfontosabb, minden onnan ered, \u00e9s ott fut \u00f6ssze. \u00c9n Tardon alap\u00edtottam csal\u00e1dot, itt neveltem fel a gyermekeimet. H\u00edmezni m\u00e1r azel\u0151tt tudtam, hogy ideker\u00fcltem volna a faluba. \u00c9desany\u00e1m tan\u00edtott meg amikor tizen\u00f6t \u00e9ves voltam. \u00c9n h\u00edmz\u00e9s k\u00f6zben mindig gondolkozom valamin, de annyira \u00e9szrev\u00e9tlen\u00fcl, hogy egyszercsak kikapcsol\u00f3dik az agyam, megnyugtat a folyamat. Fontos ez a kis plusz p\u00e9nz, amit a matyodesign jelent nekem.<\/p>\n<div class=\"clearboth\"><\/div>\n<\/div>\n<div class=\"wpb_single_image wpb_content_element vc_align_left\">\n<figure class=\"wpb_wrapper vc_figure\">\n<div class=\"vc_single_image-wrapper vc_box_border_grey\"><\/div>\n<\/figure>\n<\/div>\n<\/div>\n\n\t\t<\/div>\n\t<\/div>\n<\/div><\/div><\/div><\/div><div class=\"vc_row wpb_row vc_row-fluid\" ><div class=\"wpb_column vc_column_container vc_col-sm-12\"><div class=\"vc_column-inner\"><div class=\"wpb_wrapper\"><a class=\"wpb_button_a\" title=\"Vissza\" href=\"https:\/\/matyodesign.hu\/de\/ueber-uns\/\"><span class=\"wpb_button  wpb_wpb_button wpb_regularsize\">Vissza<\/span><\/a><\/div><\/div><\/div><\/div>\n<\/section>","protected":false},"excerpt":{"rendered":"<p>If you&#8217;d like to discuss working with us, find out more about the range of services we have to offer, or just want to have a chat, please get in touch.<\/p>","protected":false},"author":1,"featured_media":0,"parent":0,"menu_order":0,"comment_status":"closed","ping_status":"closed","template":"","meta":{"footnotes":""},"class_list":["post-80804","page","type-page","status-publish","hentry"],"yoast_head":"<!-- This site is optimized with the Yoast SEO plugin v27.5 - https:\/\/yoast.com\/product\/yoast-seo-wordpress\/ -->\n<title>T\u0151zs\u00e9r Zsuzsa \u2013 Maty\u00f3 h\u00edmz\u00e9s \u00e9s h\u00edmzett ruh\u00e1k<\/title>\n<meta name=\"description\" content=\"T\u0151zs\u00e9r Zsuzsa sz\u00e1m\u00e1ra a h\u00edmz\u00e9s kikapcsol\u00f3d\u00e1s \u00e9s \u00e9rt\u00e9kteremt\u00e9s. Maty\u00f3 mint\u00e1s ruh\u00e1k, h\u00edmzett p\u00f3l\u00f3k \u00e9s kieg\u00e9sz\u00edt\u0151k a Matyodesign ruha web\u00e1ruh\u00e1zban.\" \/>\n<meta name=\"robots\" content=\"index, follow, max-snippet:-1, max-image-preview:large, max-video-preview:-1\" \/>\n<link rel=\"canonical\" href=\"https:\/\/matyodesign.hu\/de\/tozser_zsuzsa\/\" \/>\n<meta property=\"og:locale\" content=\"de_DE\" \/>\n<meta property=\"og:type\" content=\"article\" \/>\n<meta property=\"og:title\" content=\"T\u0151zs\u00e9r Zsuzsa \u2013 Maty\u00f3 h\u00edmz\u00e9s \u00e9s h\u00edmzett ruh\u00e1k\" \/>\n<meta property=\"og:description\" content=\"T\u0151zs\u00e9r Zsuzsa sz\u00e1m\u00e1ra a h\u00edmz\u00e9s kikapcsol\u00f3d\u00e1s \u00e9s \u00e9rt\u00e9kteremt\u00e9s. Maty\u00f3 mint\u00e1s ruh\u00e1k, h\u00edmzett p\u00f3l\u00f3k \u00e9s kieg\u00e9sz\u00edt\u0151k a Matyodesign ruha web\u00e1ruh\u00e1zban.\" \/>\n<meta property=\"og:url\" content=\"https:\/\/matyodesign.hu\/de\/tozser_zsuzsa\/\" \/>\n<meta property=\"og:site_name\" content=\"matyodesign\" \/>\n<meta property=\"article:modified_time\" content=\"2025-04-11T10:47:17+00:00\" \/>\n<meta name=\"twitter:card\" content=\"summary_large_image\" \/>\n<meta name=\"twitter:label1\" content=\"Gesch\u00e4tzte Lesezeit\" \/>\n\t<meta name=\"twitter:data1\" content=\"1\u00a0Minute\" \/>\n<script type=\"application\/ld+json\" class=\"yoast-schema-graph\">{\"@context\":\"https:\\\/\\\/schema.org\",\"@graph\":[{\"@type\":\"WebPage\",\"@id\":\"https:\\\/\\\/matyodesign.hu\\\/tozser_zsuzsa\\\/\",\"url\":\"https:\\\/\\\/matyodesign.hu\\\/tozser_zsuzsa\\\/\",\"name\":\"T\u0151zs\u00e9r Zsuzsa \u2013 Maty\u00f3 h\u00edmz\u00e9s \u00e9s h\u00edmzett ruh\u00e1k\",\"isPartOf\":{\"@id\":\"https:\\\/\\\/matyodesign.hu\\\/#website\"},\"datePublished\":\"2019-09-22T22:36:17+00:00\",\"dateModified\":\"2025-04-11T10:47:17+00:00\",\"description\":\"T\u0151zs\u00e9r Zsuzsa sz\u00e1m\u00e1ra a h\u00edmz\u00e9s kikapcsol\u00f3d\u00e1s \u00e9s \u00e9rt\u00e9kteremt\u00e9s. Maty\u00f3 mint\u00e1s ruh\u00e1k, h\u00edmzett p\u00f3l\u00f3k \u00e9s kieg\u00e9sz\u00edt\u0151k a Matyodesign ruha web\u00e1ruh\u00e1zban.\",\"breadcrumb\":{\"@id\":\"https:\\\/\\\/matyodesign.hu\\\/tozser_zsuzsa\\\/#breadcrumb\"},\"inLanguage\":\"de\",\"potentialAction\":[{\"@type\":\"ReadAction\",\"target\":[\"https:\\\/\\\/matyodesign.hu\\\/tozser_zsuzsa\\\/\"]}]},{\"@type\":\"BreadcrumbList\",\"@id\":\"https:\\\/\\\/matyodesign.hu\\\/tozser_zsuzsa\\\/#breadcrumb\",\"itemListElement\":[{\"@type\":\"ListItem\",\"position\":1,\"name\":\"Kezd\u0151lap\",\"item\":\"https:\\\/\\\/matyodesign.hu\\\/\"},{\"@type\":\"ListItem\",\"position\":2,\"name\":\"T\u0151zs\u00e9r Zsuzsa\"}]},{\"@type\":\"WebSite\",\"@id\":\"https:\\\/\\\/matyodesign.hu\\\/#website\",\"url\":\"https:\\\/\\\/matyodesign.hu\\\/\",\"name\":\"matyodesign\",\"description\":\"K\u00e9zzel. Szeretettel. Neked.\",\"potentialAction\":[{\"@type\":\"SearchAction\",\"target\":{\"@type\":\"EntryPoint\",\"urlTemplate\":\"https:\\\/\\\/matyodesign.hu\\\/?s={search_term_string}\"},\"query-input\":{\"@type\":\"PropertyValueSpecification\",\"valueRequired\":true,\"valueName\":\"search_term_string\"}}],\"inLanguage\":\"de\"}]}<\/script>\n<!-- \/ Yoast SEO plugin. -->","yoast_head_json":{"title":"T\u0151zs\u00e9r Zsuzsa \u2013 Maty\u00f3 h\u00edmz\u00e9s \u00e9s h\u00edmzett ruh\u00e1k","description":"T\u0151zs\u00e9r Zsuzsa sz\u00e1m\u00e1ra a h\u00edmz\u00e9s kikapcsol\u00f3d\u00e1s \u00e9s \u00e9rt\u00e9kteremt\u00e9s. Maty\u00f3 mint\u00e1s ruh\u00e1k, h\u00edmzett p\u00f3l\u00f3k \u00e9s kieg\u00e9sz\u00edt\u0151k a Matyodesign ruha web\u00e1ruh\u00e1zban.","robots":{"index":"index","follow":"follow","max-snippet":"max-snippet:-1","max-image-preview":"max-image-preview:large","max-video-preview":"max-video-preview:-1"},"canonical":"https:\/\/matyodesign.hu\/de\/tozser_zsuzsa\/","og_locale":"de_DE","og_type":"article","og_title":"T\u0151zs\u00e9r Zsuzsa \u2013 Maty\u00f3 h\u00edmz\u00e9s \u00e9s h\u00edmzett ruh\u00e1k","og_description":"T\u0151zs\u00e9r Zsuzsa sz\u00e1m\u00e1ra a h\u00edmz\u00e9s kikapcsol\u00f3d\u00e1s \u00e9s \u00e9rt\u00e9kteremt\u00e9s. Maty\u00f3 mint\u00e1s ruh\u00e1k, h\u00edmzett p\u00f3l\u00f3k \u00e9s kieg\u00e9sz\u00edt\u0151k a Matyodesign ruha web\u00e1ruh\u00e1zban.","og_url":"https:\/\/matyodesign.hu\/de\/tozser_zsuzsa\/","og_site_name":"matyodesign","article_modified_time":"2025-04-11T10:47:17+00:00","twitter_card":"summary_large_image","twitter_misc":{"Gesch\u00e4tzte Lesezeit":"1\u00a0Minute"},"schema":{"@context":"https:\/\/schema.org","@graph":[{"@type":"WebPage","@id":"https:\/\/matyodesign.hu\/tozser_zsuzsa\/","url":"https:\/\/matyodesign.hu\/tozser_zsuzsa\/","name":"T\u0151zs\u00e9r Zsuzsa \u2013 Maty\u00f3 h\u00edmz\u00e9s \u00e9s h\u00edmzett ruh\u00e1k","isPartOf":{"@id":"https:\/\/matyodesign.hu\/#website"},"datePublished":"2019-09-22T22:36:17+00:00","dateModified":"2025-04-11T10:47:17+00:00","description":"T\u0151zs\u00e9r Zsuzsa sz\u00e1m\u00e1ra a h\u00edmz\u00e9s kikapcsol\u00f3d\u00e1s \u00e9s \u00e9rt\u00e9kteremt\u00e9s. Maty\u00f3 mint\u00e1s ruh\u00e1k, h\u00edmzett p\u00f3l\u00f3k \u00e9s kieg\u00e9sz\u00edt\u0151k a Matyodesign ruha web\u00e1ruh\u00e1zban.","breadcrumb":{"@id":"https:\/\/matyodesign.hu\/tozser_zsuzsa\/#breadcrumb"},"inLanguage":"de","potentialAction":[{"@type":"ReadAction","target":["https:\/\/matyodesign.hu\/tozser_zsuzsa\/"]}]},{"@type":"BreadcrumbList","@id":"https:\/\/matyodesign.hu\/tozser_zsuzsa\/#breadcrumb","itemListElement":[{"@type":"ListItem","position":1,"name":"Kezd\u0151lap","item":"https:\/\/matyodesign.hu\/"},{"@type":"ListItem","position":2,"name":"T\u0151zs\u00e9r Zsuzsa"}]},{"@type":"WebSite","@id":"https:\/\/matyodesign.hu\/#website","url":"https:\/\/matyodesign.hu\/","name":"matyodesign","description":"K\u00e9zzel. Szeretettel. Neked.","potentialAction":[{"@type":"SearchAction","target":{"@type":"EntryPoint","urlTemplate":"https:\/\/matyodesign.hu\/?s={search_term_string}"},"query-input":{"@type":"PropertyValueSpecification","valueRequired":true,"valueName":"search_term_string"}}],"inLanguage":"de"}]}},"_links":{"self":[{"href":"https:\/\/matyodesign.hu\/de\/wp-json\/wp\/v2\/pages\/80804","targetHints":{"allow":["GET"]}}],"collection":[{"href":"https:\/\/matyodesign.hu\/de\/wp-json\/wp\/v2\/pages"}],"about":[{"href":"https:\/\/matyodesign.hu\/de\/wp-json\/wp\/v2\/types\/page"}],"author":[{"embeddable":true,"href":"https:\/\/matyodesign.hu\/de\/wp-json\/wp\/v2\/users\/1"}],"replies":[{"embeddable":true,"href":"https:\/\/matyodesign.hu\/de\/wp-json\/wp\/v2\/comments?post=80804"}],"version-history":[{"count":3,"href":"https:\/\/matyodesign.hu\/de\/wp-json\/wp\/v2\/pages\/80804\/revisions"}],"predecessor-version":[{"id":102954,"href":"https:\/\/matyodesign.hu\/de\/wp-json\/wp\/v2\/pages\/80804\/revisions\/102954"}],"wp:attachment":[{"href":"https:\/\/matyodesign.hu\/de\/wp-json\/wp\/v2\/media?parent=80804"}],"curies":[{"name":"wp","href":"https:\/\/api.w.org\/{rel}","templated":true}]}}