{"id":80850,"date":"2019-09-22T22:39:52","date_gmt":"2019-09-22T22:39:52","guid":{"rendered":"https:\/\/matyodesign.hu\/?page_id=80850"},"modified":"2025-04-11T11:16:38","modified_gmt":"2025-04-11T09:16:38","slug":"hajdu_margit","status":"publish","type":"page","link":"https:\/\/matyodesign.hu\/de\/hajdu_margit\/","title":{"rendered":"Hajdu Margit"},"content":{"rendered":"<section class=\"wpb-content-wrapper\"><div class=\"vc_row wpb_row vc_row-fluid\" ><div class=\"wpb_column vc_column_container vc_col-sm-6\"><div class=\"vc_column-inner\"><div class=\"wpb_wrapper\">\n\t<div  class=\"wpb_single_image wpb_content_element vc_align_left\">\n\t\t\n\t\t<figure class=\"wpb_wrapper vc_figure\">\n\t\t\t<div class=\"vc_single_image-wrapper   vc_box_border_grey\"><img loading=\"lazy\" decoding=\"async\" width=\"1000\" height=\"1000\" src=\"https:\/\/matyodesign.hu\/wp-content\/uploads\/2024\/05\/HAJDU-MARGIT.webp\" class=\"vc_single_image-img attachment-full\" alt=\"\" title=\"HAJDU-MARGIT\" srcset=\"https:\/\/matyodesign.hu\/wp-content\/uploads\/2024\/05\/HAJDU-MARGIT.webp 1000w, https:\/\/matyodesign.hu\/wp-content\/uploads\/2024\/05\/HAJDU-MARGIT-300x300.webp 300w, https:\/\/matyodesign.hu\/wp-content\/uploads\/2024\/05\/HAJDU-MARGIT-150x150.webp 150w, https:\/\/matyodesign.hu\/wp-content\/uploads\/2024\/05\/HAJDU-MARGIT-768x768.webp 768w, https:\/\/matyodesign.hu\/wp-content\/uploads\/2024\/05\/HAJDU-MARGIT-12x12.webp 12w, https:\/\/matyodesign.hu\/wp-content\/uploads\/2024\/05\/HAJDU-MARGIT-650x650.webp 650w, https:\/\/matyodesign.hu\/wp-content\/uploads\/2024\/05\/HAJDU-MARGIT-600x600.webp 600w, https:\/\/matyodesign.hu\/wp-content\/uploads\/2024\/05\/HAJDU-MARGIT-100x100.webp 100w\" sizes=\"auto, (max-width: 1000px) 100vw, 1000px\" \/><\/div>\n\t\t<\/figure>\n\t<\/div>\n<\/div><\/div><\/div><div class=\"wpb_column vc_column_container vc_col-sm-6\"><div class=\"vc_column-inner\"><div class=\"wpb_wrapper\">\n\t<div class=\"wpb_text_column wpb_content_element\" >\n\t\t<div class=\"wpb_wrapper\">\n\t\t\t<div id=\"text-block-2\" class=\"mk-text-block\">\n<div id=\"text-block-2\" class=\"mk-text-block\">\n<h3 class=\"shortcode-heading mk-fancy-title align-left\">HAJDU MARGIT, h\u00edmz\u0151n\u0151<\/h3>\n<p>1941 okt\u00f3ber\u00e9ben sz\u00fclettem Tardon. Sz\u00fcleim szorgos, dolgos emberek voltak, nagyon kor\u00e1n megtan\u00edtott\u00e1k, hogy az \u00e9letben a csal\u00e1d a legfontosabb. Persze a bar\u00e1tn\u0151immel is sokat j\u00e1tszottam, l\u00f3fr\u00e1ltam gyermekkoromban.<\/p>\n<p>H\u00edmezni az \u00e9desany\u00e1m tan\u00edtott meg kisl\u00e1nykoromban, mindig is kikapcsolt, pihentetett ha varrhattam. A matyodesignos mint\u00e1kn\u00e1l az\u00e9rt mindig kell egy kicsit gondolkozni a sz\u00ednek \u00f6ssze\u00e1ll\u00edt\u00e1s\u00e1n, \u00f6sszeilleszt\u00e9s\u00e9n. Ett\u0151l olyan j\u00f3 h\u00edmezni \u0151ket, nagyon v\u00e1ltozatos, nem unja meg az ember. Rozi\u00e9kat most ismertem meg amikor elkezdtem nekik h\u00edmezni. Nagyon kedves l\u00e1nyok, igen szeretem \u0151ket.<\/p>\n<p>M\u00e1rpedig r\u00e9g\u00f3ta vallom: A vil\u00e1gon a szeretet \u00e9r legt\u00f6bbet!<\/p>\n<\/div>\n<p><strong>1941-2022<\/strong><\/p>\n<div id=\"text-block-2\" class=\"mk-text-block\">\n<div class=\"clearboth\"><\/div>\n<\/div>\n<div class=\"wpb_single_image wpb_content_element vc_align_left\">\n<figure class=\"wpb_wrapper vc_figure\">\n<div class=\"vc_single_image-wrapper vc_box_border_grey\"><\/div>\n<\/figure>\n<\/div>\n<\/div>\n\n\t\t<\/div>\n\t<\/div>\n<\/div><\/div><\/div><\/div><div class=\"vc_row wpb_row vc_row-fluid\" ><div class=\"wpb_column vc_column_container vc_col-sm-12\"><div class=\"vc_column-inner\"><div class=\"wpb_wrapper\"><a class=\"wpb_button_a\" title=\"Vissza\" href=\"https:\/\/matyodesign.hu\/de\/ueber-uns\/\"><span class=\"wpb_button  wpb_wpb_button wpb_regularsize\">Vissza<\/span><\/a><\/div><\/div><\/div><\/div>\n<\/section>","protected":false},"excerpt":{"rendered":"<p>If you&#8217;d like to discuss working with us, find out more about the range of services we have to offer, or just want to have a chat, please get in touch.<\/p>","protected":false},"author":1,"featured_media":0,"parent":0,"menu_order":0,"comment_status":"closed","ping_status":"closed","template":"","meta":{"footnotes":""},"class_list":["post-80850","page","type-page","status-publish","hentry"],"yoast_head":"<!-- This site is optimized with the Yoast SEO plugin v27.5 - https:\/\/yoast.com\/product\/yoast-seo-wordpress\/ -->\n<title>Hajdu Margit \u2013 Maty\u00f3 h\u00edmz\u00e9s \u00e9s h\u00edmzett ruh\u00e1k<\/title>\n<meta name=\"description\" content=\"Hajdu Margit h\u00edmz\u0151n\u0151 t\u00f6rt\u00e9nete Tardr\u00f3l. Maty\u00f3 h\u00edmz\u00e9s modern ruh\u00e1kon \u00e9s kieg\u00e9sz\u00edt\u0151k\u00f6n \u2013 h\u00edmzett p\u00f3l\u00f3k, t\u00e1sk\u00e1k, p\u00e1rn\u00e1k a matyodesign kollekci\u00f3j\u00e1ban.\" \/>\n<meta name=\"robots\" content=\"index, follow, max-snippet:-1, max-image-preview:large, max-video-preview:-1\" \/>\n<link rel=\"canonical\" href=\"https:\/\/matyodesign.hu\/de\/hajdu_margit\/\" \/>\n<meta property=\"og:locale\" content=\"de_DE\" \/>\n<meta property=\"og:type\" content=\"article\" \/>\n<meta property=\"og:title\" content=\"Hajdu Margit \u2013 Maty\u00f3 h\u00edmz\u00e9s \u00e9s h\u00edmzett ruh\u00e1k\" \/>\n<meta property=\"og:description\" content=\"Hajdu Margit h\u00edmz\u0151n\u0151 t\u00f6rt\u00e9nete Tardr\u00f3l. Maty\u00f3 h\u00edmz\u00e9s modern ruh\u00e1kon \u00e9s kieg\u00e9sz\u00edt\u0151k\u00f6n \u2013 h\u00edmzett p\u00f3l\u00f3k, t\u00e1sk\u00e1k, p\u00e1rn\u00e1k a matyodesign kollekci\u00f3j\u00e1ban.\" \/>\n<meta property=\"og:url\" content=\"https:\/\/matyodesign.hu\/de\/hajdu_margit\/\" \/>\n<meta property=\"og:site_name\" content=\"matyodesign\" \/>\n<meta property=\"article:modified_time\" content=\"2025-04-11T09:16:38+00:00\" \/>\n<meta name=\"twitter:card\" content=\"summary_large_image\" \/>\n<meta name=\"twitter:label1\" content=\"Gesch\u00e4tzte Lesezeit\" \/>\n\t<meta name=\"twitter:data1\" content=\"1\u00a0Minute\" \/>\n<script type=\"application\/ld+json\" class=\"yoast-schema-graph\">{\"@context\":\"https:\\\/\\\/schema.org\",\"@graph\":[{\"@type\":\"WebPage\",\"@id\":\"https:\\\/\\\/matyodesign.hu\\\/hajdu_margit\\\/\",\"url\":\"https:\\\/\\\/matyodesign.hu\\\/hajdu_margit\\\/\",\"name\":\"Hajdu Margit \u2013 Maty\u00f3 h\u00edmz\u00e9s \u00e9s h\u00edmzett ruh\u00e1k\",\"isPartOf\":{\"@id\":\"https:\\\/\\\/matyodesign.hu\\\/#website\"},\"datePublished\":\"2019-09-22T22:39:52+00:00\",\"dateModified\":\"2025-04-11T09:16:38+00:00\",\"description\":\"Hajdu Margit h\u00edmz\u0151n\u0151 t\u00f6rt\u00e9nete Tardr\u00f3l. Maty\u00f3 h\u00edmz\u00e9s modern ruh\u00e1kon \u00e9s kieg\u00e9sz\u00edt\u0151k\u00f6n \u2013 h\u00edmzett p\u00f3l\u00f3k, t\u00e1sk\u00e1k, p\u00e1rn\u00e1k a matyodesign kollekci\u00f3j\u00e1ban.\",\"breadcrumb\":{\"@id\":\"https:\\\/\\\/matyodesign.hu\\\/hajdu_margit\\\/#breadcrumb\"},\"inLanguage\":\"de\",\"potentialAction\":[{\"@type\":\"ReadAction\",\"target\":[\"https:\\\/\\\/matyodesign.hu\\\/hajdu_margit\\\/\"]}]},{\"@type\":\"BreadcrumbList\",\"@id\":\"https:\\\/\\\/matyodesign.hu\\\/hajdu_margit\\\/#breadcrumb\",\"itemListElement\":[{\"@type\":\"ListItem\",\"position\":1,\"name\":\"Kezd\u0151lap\",\"item\":\"https:\\\/\\\/matyodesign.hu\\\/\"},{\"@type\":\"ListItem\",\"position\":2,\"name\":\"Hajdu Margit\"}]},{\"@type\":\"WebSite\",\"@id\":\"https:\\\/\\\/matyodesign.hu\\\/#website\",\"url\":\"https:\\\/\\\/matyodesign.hu\\\/\",\"name\":\"matyodesign\",\"description\":\"K\u00e9zzel. Szeretettel. Neked.\",\"potentialAction\":[{\"@type\":\"SearchAction\",\"target\":{\"@type\":\"EntryPoint\",\"urlTemplate\":\"https:\\\/\\\/matyodesign.hu\\\/?s={search_term_string}\"},\"query-input\":{\"@type\":\"PropertyValueSpecification\",\"valueRequired\":true,\"valueName\":\"search_term_string\"}}],\"inLanguage\":\"de\"}]}<\/script>\n<!-- \/ Yoast SEO plugin. -->","yoast_head_json":{"title":"Hajdu Margit \u2013 Maty\u00f3 h\u00edmz\u00e9s \u00e9s h\u00edmzett ruh\u00e1k","description":"Hajdu Margit h\u00edmz\u0151n\u0151 t\u00f6rt\u00e9nete Tardr\u00f3l. Maty\u00f3 h\u00edmz\u00e9s modern ruh\u00e1kon \u00e9s kieg\u00e9sz\u00edt\u0151k\u00f6n \u2013 h\u00edmzett p\u00f3l\u00f3k, t\u00e1sk\u00e1k, p\u00e1rn\u00e1k a matyodesign kollekci\u00f3j\u00e1ban.","robots":{"index":"index","follow":"follow","max-snippet":"max-snippet:-1","max-image-preview":"max-image-preview:large","max-video-preview":"max-video-preview:-1"},"canonical":"https:\/\/matyodesign.hu\/de\/hajdu_margit\/","og_locale":"de_DE","og_type":"article","og_title":"Hajdu Margit \u2013 Maty\u00f3 h\u00edmz\u00e9s \u00e9s h\u00edmzett ruh\u00e1k","og_description":"Hajdu Margit h\u00edmz\u0151n\u0151 t\u00f6rt\u00e9nete Tardr\u00f3l. Maty\u00f3 h\u00edmz\u00e9s modern ruh\u00e1kon \u00e9s kieg\u00e9sz\u00edt\u0151k\u00f6n \u2013 h\u00edmzett p\u00f3l\u00f3k, t\u00e1sk\u00e1k, p\u00e1rn\u00e1k a matyodesign kollekci\u00f3j\u00e1ban.","og_url":"https:\/\/matyodesign.hu\/de\/hajdu_margit\/","og_site_name":"matyodesign","article_modified_time":"2025-04-11T09:16:38+00:00","twitter_card":"summary_large_image","twitter_misc":{"Gesch\u00e4tzte Lesezeit":"1\u00a0Minute"},"schema":{"@context":"https:\/\/schema.org","@graph":[{"@type":"WebPage","@id":"https:\/\/matyodesign.hu\/hajdu_margit\/","url":"https:\/\/matyodesign.hu\/hajdu_margit\/","name":"Hajdu Margit \u2013 Maty\u00f3 h\u00edmz\u00e9s \u00e9s h\u00edmzett ruh\u00e1k","isPartOf":{"@id":"https:\/\/matyodesign.hu\/#website"},"datePublished":"2019-09-22T22:39:52+00:00","dateModified":"2025-04-11T09:16:38+00:00","description":"Hajdu Margit h\u00edmz\u0151n\u0151 t\u00f6rt\u00e9nete Tardr\u00f3l. Maty\u00f3 h\u00edmz\u00e9s modern ruh\u00e1kon \u00e9s kieg\u00e9sz\u00edt\u0151k\u00f6n \u2013 h\u00edmzett p\u00f3l\u00f3k, t\u00e1sk\u00e1k, p\u00e1rn\u00e1k a matyodesign kollekci\u00f3j\u00e1ban.","breadcrumb":{"@id":"https:\/\/matyodesign.hu\/hajdu_margit\/#breadcrumb"},"inLanguage":"de","potentialAction":[{"@type":"ReadAction","target":["https:\/\/matyodesign.hu\/hajdu_margit\/"]}]},{"@type":"BreadcrumbList","@id":"https:\/\/matyodesign.hu\/hajdu_margit\/#breadcrumb","itemListElement":[{"@type":"ListItem","position":1,"name":"Kezd\u0151lap","item":"https:\/\/matyodesign.hu\/"},{"@type":"ListItem","position":2,"name":"Hajdu Margit"}]},{"@type":"WebSite","@id":"https:\/\/matyodesign.hu\/#website","url":"https:\/\/matyodesign.hu\/","name":"matyodesign","description":"K\u00e9zzel. Szeretettel. Neked.","potentialAction":[{"@type":"SearchAction","target":{"@type":"EntryPoint","urlTemplate":"https:\/\/matyodesign.hu\/?s={search_term_string}"},"query-input":{"@type":"PropertyValueSpecification","valueRequired":true,"valueName":"search_term_string"}}],"inLanguage":"de"}]}},"_links":{"self":[{"href":"https:\/\/matyodesign.hu\/de\/wp-json\/wp\/v2\/pages\/80850","targetHints":{"allow":["GET"]}}],"collection":[{"href":"https:\/\/matyodesign.hu\/de\/wp-json\/wp\/v2\/pages"}],"about":[{"href":"https:\/\/matyodesign.hu\/de\/wp-json\/wp\/v2\/types\/page"}],"author":[{"embeddable":true,"href":"https:\/\/matyodesign.hu\/de\/wp-json\/wp\/v2\/users\/1"}],"replies":[{"embeddable":true,"href":"https:\/\/matyodesign.hu\/de\/wp-json\/wp\/v2\/comments?post=80850"}],"version-history":[{"count":3,"href":"https:\/\/matyodesign.hu\/de\/wp-json\/wp\/v2\/pages\/80850\/revisions"}],"predecessor-version":[{"id":102951,"href":"https:\/\/matyodesign.hu\/de\/wp-json\/wp\/v2\/pages\/80850\/revisions\/102951"}],"wp:attachment":[{"href":"https:\/\/matyodesign.hu\/de\/wp-json\/wp\/v2\/media?parent=80850"}],"curies":[{"name":"wp","href":"https:\/\/api.w.org\/{rel}","templated":true}]}}