{"id":80898,"date":"2019-09-22T23:27:45","date_gmt":"2019-09-22T23:27:45","guid":{"rendered":"https:\/\/matyodesign.hu\/?page_id=80898"},"modified":"2025-04-11T11:05:40","modified_gmt":"2025-04-11T09:05:40","slug":"czako-zsofia","status":"publish","type":"page","link":"https:\/\/matyodesign.hu\/de\/czako-zsofia\/","title":{"rendered":"Czak\u00f3 Zs\u00f3fia"},"content":{"rendered":"<section class=\"wpb-content-wrapper\"><div class=\"vc_row wpb_row vc_row-fluid\" ><div class=\"wpb_column vc_column_container vc_col-sm-6\"><div class=\"vc_column-inner\"><div class=\"wpb_wrapper\">\n\t<div  class=\"wpb_single_image wpb_content_element vc_align_left\">\n\t\t\n\t\t<figure class=\"wpb_wrapper vc_figure\">\n\t\t\t<div class=\"vc_single_image-wrapper   vc_box_border_grey\"><img loading=\"lazy\" decoding=\"async\" width=\"1000\" height=\"1000\" src=\"https:\/\/matyodesign.hu\/wp-content\/uploads\/2024\/05\/Czako_Zsofia.webp\" class=\"vc_single_image-img attachment-full\" alt=\"\" title=\"Czako_Zsofia\" srcset=\"https:\/\/matyodesign.hu\/wp-content\/uploads\/2024\/05\/Czako_Zsofia.webp 1000w, https:\/\/matyodesign.hu\/wp-content\/uploads\/2024\/05\/Czako_Zsofia-300x300.webp 300w, https:\/\/matyodesign.hu\/wp-content\/uploads\/2024\/05\/Czako_Zsofia-150x150.webp 150w, https:\/\/matyodesign.hu\/wp-content\/uploads\/2024\/05\/Czako_Zsofia-768x768.webp 768w, https:\/\/matyodesign.hu\/wp-content\/uploads\/2024\/05\/Czako_Zsofia-12x12.webp 12w, https:\/\/matyodesign.hu\/wp-content\/uploads\/2024\/05\/Czako_Zsofia-650x650.webp 650w, https:\/\/matyodesign.hu\/wp-content\/uploads\/2024\/05\/Czako_Zsofia-600x600.webp 600w, https:\/\/matyodesign.hu\/wp-content\/uploads\/2024\/05\/Czako_Zsofia-100x100.webp 100w\" sizes=\"auto, (max-width: 1000px) 100vw, 1000px\" \/><\/div>\n\t\t<\/figure>\n\t<\/div>\n<\/div><\/div><\/div><div class=\"wpb_column vc_column_container vc_col-sm-6\"><div class=\"vc_column-inner\"><div class=\"wpb_wrapper\">\n\t<div class=\"wpb_text_column wpb_content_element\" >\n\t\t<div class=\"wpb_wrapper\">\n\t\t\t<div id=\"text-block-2\" class=\"mk-text-block\">\n<h3 class=\"shortcode-heading mk-fancy-title align-left\">CZAK\u00d3 ZS\u00d3FI, matyodesign tour<\/h3>\n<p>&nbsp;<\/p>\n<div>\u00c9les az eml\u00e9kem az els\u0151 s\u00e9t\u00e1r\u00f3l, amit a temet\u0151 f\u00f6l\u00f6tti dombokon tett\u00fcnk Salival \u00e9s Lol\u00e1val, Rozi \u00e9s Bob\u00f3 gyermekeivel. A villanyp\u00e1sztorokat kiker\u00fclve felkapaszkodtunk a domboldalon, megn\u00e9zt\u00fck a r\u00e9gi s\u00edrk\u00f6veket, amiken a nevek m\u00e1r kiolvashatatlanok, \u00e9s fent a hatalmas napraforg\u00f3f\u00f6ldeken j\u00e1rva eg\u00e9szen a B\u00fckkig ell\u00e1ttunk. Lola a napraforg\u00f3k k\u00f6z\u00f6tt rohang\u00e1lt, Sali, l\u00f3g\u00f3 pelenk\u00e1val a fenek\u00e9n a szilvaf\u00e1k gy\u00fcm\u00f6lcse fel\u00e9 ny\u00fajt\u00f3zkodott, azt\u00e1n leereszkedt\u00fcnk a pincesor mellett, megl\u00e1togattuk a lovard\u00e1t, a j\u00e1tsz\u00f3teret, mindenki k\u00f6sz\u00f6nt, mindenkinek k\u00f6sz\u00f6nt\u00fcnk, Dadusn\u00e1l toj\u00e1st vett\u00fcnk, vacsora ut\u00e1n t\u00fczet raktunk, k\u00e1rty\u00e1ztunk, besz\u00e9lgett\u00fcnk a kertben. Aznap \u00e9jjel alig aludtam. A nyugodt nap lelkesed\u00e9ssel t\u00f6lt\u00f6tt el, \u00e9s ez az \u00f6r\u00f6m \u00e9jszak\u00e1ra sem csillapodott. A gerend\u00e1s fels\u0151 emeleti szoba ablaka alatt fekve a di\u00f3fa leveleit n\u00e9zve v\u00e1rtam a reggelt.<\/div>\n<div><\/div>\n<div>Az\u00f3ta h\u00e1zat vett\u00fcnk a f\u00e9rjemmel a faluban, hogy min\u00e9l t\u00f6bb id\u0151t tudjunk ott t\u00f6lteni. A h\u00e1zban minden eredeti r\u00e9szletet, a l\u00f3c\u00e1t, az osztott \u00fcveges verand\u00e1t, a g\u00f3r\u00e9t \u00e9s a hozz\u00e1 tartoz\u00f3 f\u00e1skamr\u00e1t is igyeksz\u00fcnk megtartani \u00e9s fel\u00faj\u00edtani. A matyodesign nekem h\u00edd a r\u00e9gi \u00e9s az \u00faj, a fiatal \u00e9s az id\u0151s gener\u00e1ci\u00f3, a jelen \u00e9s a m\u00falt k\u00f6z\u00f6tt. P\u00e9lda arra, hogy mit szeretn\u00e9k l\u00e9trehozni magam k\u00f6r\u00fcl, mivel, kivel \u00e9s hogyan szeretn\u00e9m t\u00f6lteni a napjaimat. Szeretem.<\/div>\n<\/div>\n\n\t\t<\/div>\n\t<\/div>\n<\/div><\/div><\/div><\/div><div class=\"vc_row wpb_row vc_row-fluid\" ><div class=\"wpb_column vc_column_container vc_col-sm-12\"><div class=\"vc_column-inner\"><div class=\"wpb_wrapper\"><a class=\"wpb_button_a\" title=\"Vissza\" href=\"https:\/\/matyodesign.hu\/de\/ueber-uns\/\"><span class=\"wpb_button  wpb_wpb_button wpb_regularsize\">Vissza<\/span><\/a><\/div><\/div><\/div><\/div>\n<\/section>","protected":false},"excerpt":{"rendered":"<p>If you&#8217;d like to discuss working with us, find out more about the range of services we have to offer, or just want to have a chat, please get in touch.<\/p>","protected":false},"author":1,"featured_media":0,"parent":0,"menu_order":0,"comment_status":"closed","ping_status":"closed","template":"","meta":{"footnotes":""},"class_list":["post-80898","page","type-page","status-publish","hentry"],"yoast_head":"<!-- This site is optimized with the Yoast SEO plugin v27.5 - https:\/\/yoast.com\/product\/yoast-seo-wordpress\/ -->\n<title>Czak\u00f3 Zs\u00f3fi \u2013 Matyodesign Tour<\/title>\n<meta name=\"description\" content=\"Czak\u00f3 Zs\u00f3fi \u00e9lm\u00e9nyei a matyodesign vil\u00e1g\u00e1ban: maty\u00f3 h\u00edmz\u00e9s, hagyom\u00e1ny \u00e9s egyedi h\u00edmzett ruh\u00e1k, ahol a m\u00falt \u00e9s a jelen harm\u00f3ni\u00e1ban tal\u00e1lkozik.\" \/>\n<meta name=\"robots\" content=\"index, follow, max-snippet:-1, max-image-preview:large, max-video-preview:-1\" \/>\n<link rel=\"canonical\" href=\"https:\/\/matyodesign.hu\/de\/czako-zsofia\/\" \/>\n<meta property=\"og:locale\" content=\"de_DE\" \/>\n<meta property=\"og:type\" content=\"article\" \/>\n<meta property=\"og:title\" content=\"Czak\u00f3 Zs\u00f3fi \u2013 Matyodesign Tour\" \/>\n<meta property=\"og:description\" content=\"Czak\u00f3 Zs\u00f3fi \u00e9lm\u00e9nyei a matyodesign vil\u00e1g\u00e1ban: maty\u00f3 h\u00edmz\u00e9s, hagyom\u00e1ny \u00e9s egyedi h\u00edmzett ruh\u00e1k, ahol a m\u00falt \u00e9s a jelen harm\u00f3ni\u00e1ban tal\u00e1lkozik.\" \/>\n<meta property=\"og:url\" content=\"https:\/\/matyodesign.hu\/de\/czako-zsofia\/\" \/>\n<meta property=\"og:site_name\" content=\"matyodesign\" \/>\n<meta property=\"article:modified_time\" content=\"2025-04-11T09:05:40+00:00\" \/>\n<meta name=\"twitter:card\" content=\"summary_large_image\" \/>\n<meta name=\"twitter:label1\" content=\"Gesch\u00e4tzte Lesezeit\" \/>\n\t<meta name=\"twitter:data1\" content=\"2\u00a0Minuten\" \/>\n<script type=\"application\/ld+json\" class=\"yoast-schema-graph\">{\"@context\":\"https:\\\/\\\/schema.org\",\"@graph\":[{\"@type\":\"WebPage\",\"@id\":\"https:\\\/\\\/matyodesign.hu\\\/czako-zsofia\\\/\",\"url\":\"https:\\\/\\\/matyodesign.hu\\\/czako-zsofia\\\/\",\"name\":\"Czak\u00f3 Zs\u00f3fi \u2013 Matyodesign Tour\",\"isPartOf\":{\"@id\":\"https:\\\/\\\/matyodesign.hu\\\/#website\"},\"datePublished\":\"2019-09-22T23:27:45+00:00\",\"dateModified\":\"2025-04-11T09:05:40+00:00\",\"description\":\"Czak\u00f3 Zs\u00f3fi \u00e9lm\u00e9nyei a matyodesign vil\u00e1g\u00e1ban: maty\u00f3 h\u00edmz\u00e9s, hagyom\u00e1ny \u00e9s egyedi h\u00edmzett ruh\u00e1k, ahol a m\u00falt \u00e9s a jelen harm\u00f3ni\u00e1ban tal\u00e1lkozik.\",\"breadcrumb\":{\"@id\":\"https:\\\/\\\/matyodesign.hu\\\/czako-zsofia\\\/#breadcrumb\"},\"inLanguage\":\"de\",\"potentialAction\":[{\"@type\":\"ReadAction\",\"target\":[\"https:\\\/\\\/matyodesign.hu\\\/czako-zsofia\\\/\"]}]},{\"@type\":\"BreadcrumbList\",\"@id\":\"https:\\\/\\\/matyodesign.hu\\\/czako-zsofia\\\/#breadcrumb\",\"itemListElement\":[{\"@type\":\"ListItem\",\"position\":1,\"name\":\"Kezd\u0151lap\",\"item\":\"https:\\\/\\\/matyodesign.hu\\\/\"},{\"@type\":\"ListItem\",\"position\":2,\"name\":\"Czak\u00f3 Zs\u00f3fia\"}]},{\"@type\":\"WebSite\",\"@id\":\"https:\\\/\\\/matyodesign.hu\\\/#website\",\"url\":\"https:\\\/\\\/matyodesign.hu\\\/\",\"name\":\"matyodesign\",\"description\":\"K\u00e9zzel. Szeretettel. Neked.\",\"potentialAction\":[{\"@type\":\"SearchAction\",\"target\":{\"@type\":\"EntryPoint\",\"urlTemplate\":\"https:\\\/\\\/matyodesign.hu\\\/?s={search_term_string}\"},\"query-input\":{\"@type\":\"PropertyValueSpecification\",\"valueRequired\":true,\"valueName\":\"search_term_string\"}}],\"inLanguage\":\"de\"}]}<\/script>\n<!-- \/ Yoast SEO plugin. -->","yoast_head_json":{"title":"Czak\u00f3 Zs\u00f3fi \u2013 Matyodesign Tour","description":"Czak\u00f3 Zs\u00f3fi \u00e9lm\u00e9nyei a matyodesign vil\u00e1g\u00e1ban: maty\u00f3 h\u00edmz\u00e9s, hagyom\u00e1ny \u00e9s egyedi h\u00edmzett ruh\u00e1k, ahol a m\u00falt \u00e9s a jelen harm\u00f3ni\u00e1ban tal\u00e1lkozik.","robots":{"index":"index","follow":"follow","max-snippet":"max-snippet:-1","max-image-preview":"max-image-preview:large","max-video-preview":"max-video-preview:-1"},"canonical":"https:\/\/matyodesign.hu\/de\/czako-zsofia\/","og_locale":"de_DE","og_type":"article","og_title":"Czak\u00f3 Zs\u00f3fi \u2013 Matyodesign Tour","og_description":"Czak\u00f3 Zs\u00f3fi \u00e9lm\u00e9nyei a matyodesign vil\u00e1g\u00e1ban: maty\u00f3 h\u00edmz\u00e9s, hagyom\u00e1ny \u00e9s egyedi h\u00edmzett ruh\u00e1k, ahol a m\u00falt \u00e9s a jelen harm\u00f3ni\u00e1ban tal\u00e1lkozik.","og_url":"https:\/\/matyodesign.hu\/de\/czako-zsofia\/","og_site_name":"matyodesign","article_modified_time":"2025-04-11T09:05:40+00:00","twitter_card":"summary_large_image","twitter_misc":{"Gesch\u00e4tzte Lesezeit":"2\u00a0Minuten"},"schema":{"@context":"https:\/\/schema.org","@graph":[{"@type":"WebPage","@id":"https:\/\/matyodesign.hu\/czako-zsofia\/","url":"https:\/\/matyodesign.hu\/czako-zsofia\/","name":"Czak\u00f3 Zs\u00f3fi \u2013 Matyodesign Tour","isPartOf":{"@id":"https:\/\/matyodesign.hu\/#website"},"datePublished":"2019-09-22T23:27:45+00:00","dateModified":"2025-04-11T09:05:40+00:00","description":"Czak\u00f3 Zs\u00f3fi \u00e9lm\u00e9nyei a matyodesign vil\u00e1g\u00e1ban: maty\u00f3 h\u00edmz\u00e9s, hagyom\u00e1ny \u00e9s egyedi h\u00edmzett ruh\u00e1k, ahol a m\u00falt \u00e9s a jelen harm\u00f3ni\u00e1ban tal\u00e1lkozik.","breadcrumb":{"@id":"https:\/\/matyodesign.hu\/czako-zsofia\/#breadcrumb"},"inLanguage":"de","potentialAction":[{"@type":"ReadAction","target":["https:\/\/matyodesign.hu\/czako-zsofia\/"]}]},{"@type":"BreadcrumbList","@id":"https:\/\/matyodesign.hu\/czako-zsofia\/#breadcrumb","itemListElement":[{"@type":"ListItem","position":1,"name":"Kezd\u0151lap","item":"https:\/\/matyodesign.hu\/"},{"@type":"ListItem","position":2,"name":"Czak\u00f3 Zs\u00f3fia"}]},{"@type":"WebSite","@id":"https:\/\/matyodesign.hu\/#website","url":"https:\/\/matyodesign.hu\/","name":"matyodesign","description":"K\u00e9zzel. Szeretettel. Neked.","potentialAction":[{"@type":"SearchAction","target":{"@type":"EntryPoint","urlTemplate":"https:\/\/matyodesign.hu\/?s={search_term_string}"},"query-input":{"@type":"PropertyValueSpecification","valueRequired":true,"valueName":"search_term_string"}}],"inLanguage":"de"}]}},"_links":{"self":[{"href":"https:\/\/matyodesign.hu\/de\/wp-json\/wp\/v2\/pages\/80898","targetHints":{"allow":["GET"]}}],"collection":[{"href":"https:\/\/matyodesign.hu\/de\/wp-json\/wp\/v2\/pages"}],"about":[{"href":"https:\/\/matyodesign.hu\/de\/wp-json\/wp\/v2\/types\/page"}],"author":[{"embeddable":true,"href":"https:\/\/matyodesign.hu\/de\/wp-json\/wp\/v2\/users\/1"}],"replies":[{"embeddable":true,"href":"https:\/\/matyodesign.hu\/de\/wp-json\/wp\/v2\/comments?post=80898"}],"version-history":[{"count":2,"href":"https:\/\/matyodesign.hu\/de\/wp-json\/wp\/v2\/pages\/80898\/revisions"}],"predecessor-version":[{"id":100861,"href":"https:\/\/matyodesign.hu\/de\/wp-json\/wp\/v2\/pages\/80898\/revisions\/100861"}],"wp:attachment":[{"href":"https:\/\/matyodesign.hu\/de\/wp-json\/wp\/v2\/media?parent=80898"}],"curies":[{"name":"wp","href":"https:\/\/api.w.org\/{rel}","templated":true}]}}