{"id":80907,"date":"2019-09-22T23:44:13","date_gmt":"2019-09-22T23:44:13","guid":{"rendered":"https:\/\/matyodesign.hu\/?page_id=80907"},"modified":"2025-04-11T11:17:50","modified_gmt":"2025-04-11T09:17:50","slug":"hunyadi_nori","status":"publish","type":"page","link":"https:\/\/matyodesign.hu\/de\/hunyadi_nori\/","title":{"rendered":"Hunyadi N\u00f3ri"},"content":{"rendered":"<section class=\"wpb-content-wrapper\"><div class=\"vc_row wpb_row vc_row-fluid\" ><div class=\"wpb_column vc_column_container vc_col-sm-6\"><div class=\"vc_column-inner\"><div class=\"wpb_wrapper\">\n\t<div  class=\"wpb_single_image wpb_content_element vc_align_left\">\n\t\t\n\t\t<figure class=\"wpb_wrapper vc_figure\">\n\t\t\t<div class=\"vc_single_image-wrapper   vc_box_border_grey\"><img decoding=\"async\" class=\"vc_img-placeholder vc_single_image-img\" src=\"https:\/\/matyodesign.hu\/wp-content\/plugins\/js_composer\/assets\/vc\/no_image.png\" \/><\/div>\n\t\t<\/figure>\n\t<\/div>\n<\/div><\/div><\/div><div class=\"wpb_column vc_column_container vc_col-sm-6\"><div class=\"vc_column-inner\"><div class=\"wpb_wrapper\">\n\t<div class=\"wpb_text_column wpb_content_element\" >\n\t\t<div class=\"wpb_wrapper\">\n\t\t\t<div id=\"text-block-2\" class=\"mk-text-block\">\n<h3 class=\"shortcode-heading mk-fancy-title align-left\">HUNYADI N\u00d3RI, marketing &amp; design<\/h3>\n<div>\u00a0Gyerekoromban egy kis faluban n\u0151ttem fel: n\u00e9pt\u00e1ncolni, h\u00edmezni, sz\u0151ni tanultam. Azt\u00e1n j\u00f6tt a zenei gimi, meghat\u00e1roz\u00f3 \u00e9lm\u00e9nyem Kod\u00e1ly Sz\u00e9kelyfon\u00f3ja, amelyben \u00e9nekeltem-t\u00e1ncoltam, befont hajjal&#8230; Az egyetemen n\u00e9prajzkutat\u00f3nak tanultam. \u00c9rdekes, hogy mindig is \u00e9reztem, hogy a falu, a paraszti kult\u00fara az \u00e9letem r\u00e9sze lesz, \u00e9rdekelt is, de azt is tudtam, hogy nem ez lesz a hivat\u00e1som. Fot\u00f3s \u00e9s grafikus lettem v\u00e9g\u00fcl. A sors furcsa \u00e9s \u00f6r\u00f6mteli j\u00e1t\u00e9ka, hogy Rozi megtal\u00e1lt \u00e9s elkezdt\u00fcnk egy\u00fctt dolgozni. Sz\u00e1momra ez nem csak munka. Tardon \u00e9n is otthon \u00e9rzem magam. A n\u00e9nik, a h\u00edmz\u00e9sek, az ottani hangulat a nagysz\u00fcleimre \u00e9s a gyerekkoromra eml\u00e9keztetnek. Egy olyan \u00e9letre, amely el\u0151l kamaszk\u00e9nt menek\u00fcltem, most feln\u0151ttk\u00e9nt viszont \u00e9rt\u00e9kk\u00e9nt tekintek r\u00e1, visszav\u00e1gyom, tov\u00e1bb szeretn\u00e9m adni&#8230;<\/div>\n<\/div>\n<div><\/div>\n<div><\/div>\n<div>A matyodesign arculat\u00e1\u00e9rt, social media oldalai\u00e9rt, grafikai anyagok\u00e9rt, fot\u00f3z\u00e1sok\u00e9rt \u00e9s webes megjelen\u00e9sei\u00e9rt felelek.<\/div>\n\n\t\t<\/div>\n\t<\/div>\n<\/div><\/div><\/div><\/div><div class=\"vc_row wpb_row vc_row-fluid\" ><div class=\"wpb_column vc_column_container vc_col-sm-12\"><div class=\"vc_column-inner\"><div class=\"wpb_wrapper\"><button class=\"wpb_button  wpb_wpb_button wpb_regularsize\">Text auf dem Button<\/button><\/div><\/div><\/div><\/div>\n<\/section>","protected":false},"excerpt":{"rendered":"<p>If you&#8217;d like to discuss working with us, find out more about the range of services we have to offer, or just want to have a chat, please get in touch.<\/p>","protected":false},"author":1,"featured_media":0,"parent":0,"menu_order":0,"comment_status":"closed","ping_status":"closed","template":"","meta":{"footnotes":""},"class_list":["post-80907","page","type-page","status-publish","hentry"],"yoast_head":"<!-- This site is optimized with the Yoast SEO plugin v27.5 - https:\/\/yoast.com\/product\/yoast-seo-wordpress\/ -->\n<title>Hunyadi N\u00f3ri \u2013 Maty\u00f3 h\u00edmz\u00e9s \u00e9s egyedi ruh\u00e1k<\/title>\n<meta name=\"description\" content=\"Hunyadi N\u00f3ri grafikusk\u00e9nt seg\u00edti a maty\u00f3 h\u00edmz\u00e9s \u00fajragondol\u00e1s\u00e1t. Egyedi h\u00edmzett p\u00f3l\u00f3k, magyar h\u00edmzett ruh\u00e1k \u00e9s kieg\u00e9sz\u00edt\u0151k modern k\u00f6nt\u00f6sben.\" \/>\n<meta name=\"robots\" content=\"index, follow, max-snippet:-1, max-image-preview:large, max-video-preview:-1\" \/>\n<link rel=\"canonical\" href=\"https:\/\/matyodesign.hu\/de\/hunyadi_nori\/\" \/>\n<meta property=\"og:locale\" content=\"de_DE\" \/>\n<meta property=\"og:type\" content=\"article\" \/>\n<meta property=\"og:title\" content=\"Hunyadi N\u00f3ri \u2013 Maty\u00f3 h\u00edmz\u00e9s \u00e9s egyedi ruh\u00e1k\" \/>\n<meta property=\"og:description\" content=\"Hunyadi N\u00f3ri grafikusk\u00e9nt seg\u00edti a maty\u00f3 h\u00edmz\u00e9s \u00fajragondol\u00e1s\u00e1t. Egyedi h\u00edmzett p\u00f3l\u00f3k, magyar h\u00edmzett ruh\u00e1k \u00e9s kieg\u00e9sz\u00edt\u0151k modern k\u00f6nt\u00f6sben.\" \/>\n<meta property=\"og:url\" content=\"https:\/\/matyodesign.hu\/de\/hunyadi_nori\/\" \/>\n<meta property=\"og:site_name\" content=\"matyodesign\" \/>\n<meta property=\"article:modified_time\" content=\"2025-04-11T09:17:50+00:00\" \/>\n<meta name=\"twitter:card\" content=\"summary_large_image\" \/>\n<meta name=\"twitter:label1\" content=\"Gesch\u00e4tzte Lesezeit\" \/>\n\t<meta name=\"twitter:data1\" content=\"2\u00a0Minuten\" \/>\n<script type=\"application\/ld+json\" class=\"yoast-schema-graph\">{\"@context\":\"https:\\\/\\\/schema.org\",\"@graph\":[{\"@type\":\"WebPage\",\"@id\":\"https:\\\/\\\/matyodesign.hu\\\/hunyadi_nori\\\/\",\"url\":\"https:\\\/\\\/matyodesign.hu\\\/hunyadi_nori\\\/\",\"name\":\"Hunyadi N\u00f3ri \u2013 Maty\u00f3 h\u00edmz\u00e9s \u00e9s egyedi ruh\u00e1k\",\"isPartOf\":{\"@id\":\"https:\\\/\\\/matyodesign.hu\\\/#website\"},\"datePublished\":\"2019-09-22T23:44:13+00:00\",\"dateModified\":\"2025-04-11T09:17:50+00:00\",\"description\":\"Hunyadi N\u00f3ri grafikusk\u00e9nt seg\u00edti a maty\u00f3 h\u00edmz\u00e9s \u00fajragondol\u00e1s\u00e1t. Egyedi h\u00edmzett p\u00f3l\u00f3k, magyar h\u00edmzett ruh\u00e1k \u00e9s kieg\u00e9sz\u00edt\u0151k modern k\u00f6nt\u00f6sben.\",\"breadcrumb\":{\"@id\":\"https:\\\/\\\/matyodesign.hu\\\/hunyadi_nori\\\/#breadcrumb\"},\"inLanguage\":\"de\",\"potentialAction\":[{\"@type\":\"ReadAction\",\"target\":[\"https:\\\/\\\/matyodesign.hu\\\/hunyadi_nori\\\/\"]}]},{\"@type\":\"BreadcrumbList\",\"@id\":\"https:\\\/\\\/matyodesign.hu\\\/hunyadi_nori\\\/#breadcrumb\",\"itemListElement\":[{\"@type\":\"ListItem\",\"position\":1,\"name\":\"Kezd\u0151lap\",\"item\":\"https:\\\/\\\/matyodesign.hu\\\/\"},{\"@type\":\"ListItem\",\"position\":2,\"name\":\"Hunyadi N\u00f3ri\"}]},{\"@type\":\"WebSite\",\"@id\":\"https:\\\/\\\/matyodesign.hu\\\/#website\",\"url\":\"https:\\\/\\\/matyodesign.hu\\\/\",\"name\":\"matyodesign\",\"description\":\"K\u00e9zzel. Szeretettel. Neked.\",\"potentialAction\":[{\"@type\":\"SearchAction\",\"target\":{\"@type\":\"EntryPoint\",\"urlTemplate\":\"https:\\\/\\\/matyodesign.hu\\\/?s={search_term_string}\"},\"query-input\":{\"@type\":\"PropertyValueSpecification\",\"valueRequired\":true,\"valueName\":\"search_term_string\"}}],\"inLanguage\":\"de\"}]}<\/script>\n<!-- \/ Yoast SEO plugin. -->","yoast_head_json":{"title":"Hunyadi N\u00f3ri \u2013 Maty\u00f3 h\u00edmz\u00e9s \u00e9s egyedi ruh\u00e1k","description":"Hunyadi N\u00f3ri grafikusk\u00e9nt seg\u00edti a maty\u00f3 h\u00edmz\u00e9s \u00fajragondol\u00e1s\u00e1t. Egyedi h\u00edmzett p\u00f3l\u00f3k, magyar h\u00edmzett ruh\u00e1k \u00e9s kieg\u00e9sz\u00edt\u0151k modern k\u00f6nt\u00f6sben.","robots":{"index":"index","follow":"follow","max-snippet":"max-snippet:-1","max-image-preview":"max-image-preview:large","max-video-preview":"max-video-preview:-1"},"canonical":"https:\/\/matyodesign.hu\/de\/hunyadi_nori\/","og_locale":"de_DE","og_type":"article","og_title":"Hunyadi N\u00f3ri \u2013 Maty\u00f3 h\u00edmz\u00e9s \u00e9s egyedi ruh\u00e1k","og_description":"Hunyadi N\u00f3ri grafikusk\u00e9nt seg\u00edti a maty\u00f3 h\u00edmz\u00e9s \u00fajragondol\u00e1s\u00e1t. Egyedi h\u00edmzett p\u00f3l\u00f3k, magyar h\u00edmzett ruh\u00e1k \u00e9s kieg\u00e9sz\u00edt\u0151k modern k\u00f6nt\u00f6sben.","og_url":"https:\/\/matyodesign.hu\/de\/hunyadi_nori\/","og_site_name":"matyodesign","article_modified_time":"2025-04-11T09:17:50+00:00","twitter_card":"summary_large_image","twitter_misc":{"Gesch\u00e4tzte Lesezeit":"2\u00a0Minuten"},"schema":{"@context":"https:\/\/schema.org","@graph":[{"@type":"WebPage","@id":"https:\/\/matyodesign.hu\/hunyadi_nori\/","url":"https:\/\/matyodesign.hu\/hunyadi_nori\/","name":"Hunyadi N\u00f3ri \u2013 Maty\u00f3 h\u00edmz\u00e9s \u00e9s egyedi ruh\u00e1k","isPartOf":{"@id":"https:\/\/matyodesign.hu\/#website"},"datePublished":"2019-09-22T23:44:13+00:00","dateModified":"2025-04-11T09:17:50+00:00","description":"Hunyadi N\u00f3ri grafikusk\u00e9nt seg\u00edti a maty\u00f3 h\u00edmz\u00e9s \u00fajragondol\u00e1s\u00e1t. Egyedi h\u00edmzett p\u00f3l\u00f3k, magyar h\u00edmzett ruh\u00e1k \u00e9s kieg\u00e9sz\u00edt\u0151k modern k\u00f6nt\u00f6sben.","breadcrumb":{"@id":"https:\/\/matyodesign.hu\/hunyadi_nori\/#breadcrumb"},"inLanguage":"de","potentialAction":[{"@type":"ReadAction","target":["https:\/\/matyodesign.hu\/hunyadi_nori\/"]}]},{"@type":"BreadcrumbList","@id":"https:\/\/matyodesign.hu\/hunyadi_nori\/#breadcrumb","itemListElement":[{"@type":"ListItem","position":1,"name":"Kezd\u0151lap","item":"https:\/\/matyodesign.hu\/"},{"@type":"ListItem","position":2,"name":"Hunyadi N\u00f3ri"}]},{"@type":"WebSite","@id":"https:\/\/matyodesign.hu\/#website","url":"https:\/\/matyodesign.hu\/","name":"matyodesign","description":"K\u00e9zzel. Szeretettel. Neked.","potentialAction":[{"@type":"SearchAction","target":{"@type":"EntryPoint","urlTemplate":"https:\/\/matyodesign.hu\/?s={search_term_string}"},"query-input":{"@type":"PropertyValueSpecification","valueRequired":true,"valueName":"search_term_string"}}],"inLanguage":"de"}]}},"_links":{"self":[{"href":"https:\/\/matyodesign.hu\/de\/wp-json\/wp\/v2\/pages\/80907","targetHints":{"allow":["GET"]}}],"collection":[{"href":"https:\/\/matyodesign.hu\/de\/wp-json\/wp\/v2\/pages"}],"about":[{"href":"https:\/\/matyodesign.hu\/de\/wp-json\/wp\/v2\/types\/page"}],"author":[{"embeddable":true,"href":"https:\/\/matyodesign.hu\/de\/wp-json\/wp\/v2\/users\/1"}],"replies":[{"embeddable":true,"href":"https:\/\/matyodesign.hu\/de\/wp-json\/wp\/v2\/comments?post=80907"}],"version-history":[{"count":2,"href":"https:\/\/matyodesign.hu\/de\/wp-json\/wp\/v2\/pages\/80907\/revisions"}],"predecessor-version":[{"id":102952,"href":"https:\/\/matyodesign.hu\/de\/wp-json\/wp\/v2\/pages\/80907\/revisions\/102952"}],"wp:attachment":[{"href":"https:\/\/matyodesign.hu\/de\/wp-json\/wp\/v2\/media?parent=80907"}],"curies":[{"name":"wp","href":"https:\/\/api.w.org\/{rel}","templated":true}]}}