{"id":80966,"date":"2019-10-10T17:15:54","date_gmt":"2019-10-10T17:15:54","guid":{"rendered":"https:\/\/matyodesign.hu\/?page_id=80966"},"modified":"2025-04-11T11:50:14","modified_gmt":"2025-04-11T09:50:14","slug":"perykata","status":"publish","type":"page","link":"https:\/\/matyodesign.hu\/de\/perykata\/","title":{"rendered":"P\u00e9ry Kata"},"content":{"rendered":"<section class=\"wpb-content-wrapper\"><div class=\"vc_row wpb_row vc_row-fluid\" ><div class=\"wpb_column vc_column_container vc_col-sm-6\"><div class=\"vc_column-inner\"><div class=\"wpb_wrapper\">\n\t<div  class=\"wpb_single_image wpb_content_element vc_align_left\">\n\t\t\n\t\t<figure class=\"wpb_wrapper vc_figure\">\n\t\t\t<div class=\"vc_single_image-wrapper   vc_box_border_grey\"><img decoding=\"async\" class=\"vc_img-placeholder vc_single_image-img\" src=\"https:\/\/matyodesign.hu\/wp-content\/plugins\/js_composer\/assets\/vc\/no_image.png\" \/><\/div>\n\t\t<\/figure>\n\t<\/div>\n<\/div><\/div><\/div><div class=\"wpb_column vc_column_container vc_col-sm-6\"><div class=\"vc_column-inner\"><div class=\"wpb_wrapper\">\n\t<div class=\"wpb_text_column wpb_content_element\" >\n\t\t<div class=\"wpb_wrapper\">\n\t\t\t<div id=\"text-block-2\" class=\"mk-text-block\">\n<h3 class=\"shortcode-heading mk-fancy-title align-left\">P\u00c9RY KATA, st\u00edlus<\/h3>\n<p>&nbsp;<\/p>\n<div>\n<div dir=\"ltr\">\n<div dir=\"ltr\">\n<div dir=\"ltr\">\n<div><span style=\"color: #000000;\">Sz\u00ednek, mint\u00e1k, szab\u00e1sok, st\u00edlus. Ezeket hozom a matyodesign csapat\u00e1ba. Mindezek mellett, id\u0151szakonk\u00e9nt megszervezem \u00e9s stylingolom az aktu\u00e1lis term\u00e9k- \u00e9s image fot\u00f3z\u00e1sokat.<\/span><\/div>\n<\/div>\n<\/div>\n<div dir=\"ltr\">\n<div dir=\"ltr\">\n<div><span style=\"color: #000000;\">Huszon\u00f6t, \u00a0\u00edr\u00f3asztal m\u00f6g\u00f6tt elt\u00f6lt\u00f6tt \u00e9v ut\u00e1n felfriss\u00fcl\u00e9s azon dolgozni, hogy \u00faj \u00e1rnyalatok, ar\u00e1nyok \u00e9s anyagok kombin\u00e1ci\u00f3ival hogyan lehet a hagyom\u00e1nyt beemelni a napi divatba.<\/span><\/div>\n<\/div>\n<\/div>\n<\/div>\n<\/div>\n<\/div>\n\n\t\t<\/div>\n\t<\/div>\n<\/div><\/div><\/div><\/div><div class=\"vc_row wpb_row vc_row-fluid\" ><div class=\"wpb_column vc_column_container vc_col-sm-12\"><div class=\"vc_column-inner\"><div class=\"wpb_wrapper\"><button class=\"wpb_button  wpb_wpb_button wpb_regularsize\">Text auf dem Button<\/button><\/div><\/div><\/div><\/div>\n<\/section>","protected":false},"excerpt":{"rendered":"<p>If you&#8217;d like to discuss working with us, find out more about the range of services we have to offer, or just want to have a chat, please get in touch.<\/p>","protected":false},"author":1,"featured_media":0,"parent":0,"menu_order":0,"comment_status":"closed","ping_status":"closed","template":"","meta":{"footnotes":""},"class_list":["post-80966","page","type-page","status-publish","hentry"],"yoast_head":"<!-- This site is optimized with the Yoast SEO plugin v27.0 - https:\/\/yoast.com\/product\/yoast-seo-wordpress\/ -->\n<title>P\u00e9ry Kata \u2013 St\u00edlus \u00e9s maty\u00f3 h\u00edmzett ruh\u00e1k<\/title>\n<meta name=\"description\" content=\"P\u00e9ry Kata a st\u00edlus\u00e9rt felel a matyodesignn\u00e1l. H\u00edmzett ruha, p\u00f3l\u00f3 \u00e9s t\u00e1ska \u2013 hagyom\u00e1nyos maty\u00f3 mint\u00e1k modern form\u00e1ban, egyedi ruh\u00e1k minden napra.\" \/>\n<meta name=\"robots\" content=\"index, follow, max-snippet:-1, max-image-preview:large, max-video-preview:-1\" \/>\n<link rel=\"canonical\" href=\"https:\/\/matyodesign.hu\/de\/perykata\/\" \/>\n<meta property=\"og:locale\" content=\"de_DE\" \/>\n<meta property=\"og:type\" content=\"article\" \/>\n<meta property=\"og:title\" content=\"P\u00e9ry Kata \u2013 St\u00edlus \u00e9s maty\u00f3 h\u00edmzett ruh\u00e1k\" \/>\n<meta property=\"og:description\" content=\"P\u00e9ry Kata a st\u00edlus\u00e9rt felel a matyodesignn\u00e1l. H\u00edmzett ruha, p\u00f3l\u00f3 \u00e9s t\u00e1ska \u2013 hagyom\u00e1nyos maty\u00f3 mint\u00e1k modern form\u00e1ban, egyedi ruh\u00e1k minden napra.\" \/>\n<meta property=\"og:url\" content=\"https:\/\/matyodesign.hu\/de\/perykata\/\" \/>\n<meta property=\"og:site_name\" content=\"matyodesign\" \/>\n<meta property=\"article:modified_time\" content=\"2025-04-11T09:50:14+00:00\" \/>\n<meta name=\"twitter:card\" content=\"summary_large_image\" \/>\n<meta name=\"twitter:label1\" content=\"Gesch\u00e4tzte Lesezeit\" \/>\n\t<meta name=\"twitter:data1\" content=\"1\u00a0Minute\" \/>\n<script type=\"application\/ld+json\" class=\"yoast-schema-graph\">{\"@context\":\"https:\/\/schema.org\",\"@graph\":[{\"@type\":\"WebPage\",\"@id\":\"https:\/\/matyodesign.hu\/perykata\/\",\"url\":\"https:\/\/matyodesign.hu\/perykata\/\",\"name\":\"P\u00e9ry Kata \u2013 St\u00edlus \u00e9s maty\u00f3 h\u00edmzett ruh\u00e1k\",\"isPartOf\":{\"@id\":\"https:\/\/matyodesign.hu\/#website\"},\"datePublished\":\"2019-10-10T17:15:54+00:00\",\"dateModified\":\"2025-04-11T09:50:14+00:00\",\"description\":\"P\u00e9ry Kata a st\u00edlus\u00e9rt felel a matyodesignn\u00e1l. H\u00edmzett ruha, p\u00f3l\u00f3 \u00e9s t\u00e1ska \u2013 hagyom\u00e1nyos maty\u00f3 mint\u00e1k modern form\u00e1ban, egyedi ruh\u00e1k minden napra.\",\"breadcrumb\":{\"@id\":\"https:\/\/matyodesign.hu\/perykata\/#breadcrumb\"},\"inLanguage\":\"de\",\"potentialAction\":[{\"@type\":\"ReadAction\",\"target\":[\"https:\/\/matyodesign.hu\/perykata\/\"]}]},{\"@type\":\"BreadcrumbList\",\"@id\":\"https:\/\/matyodesign.hu\/perykata\/#breadcrumb\",\"itemListElement\":[{\"@type\":\"ListItem\",\"position\":1,\"name\":\"Kezd\u0151lap\",\"item\":\"https:\/\/matyodesign.hu\/\"},{\"@type\":\"ListItem\",\"position\":2,\"name\":\"P\u00e9ry Kata\"}]},{\"@type\":\"WebSite\",\"@id\":\"https:\/\/matyodesign.hu\/#website\",\"url\":\"https:\/\/matyodesign.hu\/\",\"name\":\"matyodesign\",\"description\":\"K\u00e9zzel. Szeretettel. Neked.\",\"potentialAction\":[{\"@type\":\"SearchAction\",\"target\":{\"@type\":\"EntryPoint\",\"urlTemplate\":\"https:\/\/matyodesign.hu\/?s={search_term_string}\"},\"query-input\":{\"@type\":\"PropertyValueSpecification\",\"valueRequired\":true,\"valueName\":\"search_term_string\"}}],\"inLanguage\":\"de\"}]}<\/script>\n<!-- \/ Yoast SEO plugin. -->","yoast_head_json":{"title":"P\u00e9ry Kata \u2013 St\u00edlus \u00e9s maty\u00f3 h\u00edmzett ruh\u00e1k","description":"P\u00e9ry Kata a st\u00edlus\u00e9rt felel a matyodesignn\u00e1l. H\u00edmzett ruha, p\u00f3l\u00f3 \u00e9s t\u00e1ska \u2013 hagyom\u00e1nyos maty\u00f3 mint\u00e1k modern form\u00e1ban, egyedi ruh\u00e1k minden napra.","robots":{"index":"index","follow":"follow","max-snippet":"max-snippet:-1","max-image-preview":"max-image-preview:large","max-video-preview":"max-video-preview:-1"},"canonical":"https:\/\/matyodesign.hu\/de\/perykata\/","og_locale":"de_DE","og_type":"article","og_title":"P\u00e9ry Kata \u2013 St\u00edlus \u00e9s maty\u00f3 h\u00edmzett ruh\u00e1k","og_description":"P\u00e9ry Kata a st\u00edlus\u00e9rt felel a matyodesignn\u00e1l. H\u00edmzett ruha, p\u00f3l\u00f3 \u00e9s t\u00e1ska \u2013 hagyom\u00e1nyos maty\u00f3 mint\u00e1k modern form\u00e1ban, egyedi ruh\u00e1k minden napra.","og_url":"https:\/\/matyodesign.hu\/de\/perykata\/","og_site_name":"matyodesign","article_modified_time":"2025-04-11T09:50:14+00:00","twitter_card":"summary_large_image","twitter_misc":{"Gesch\u00e4tzte Lesezeit":"1\u00a0Minute"},"schema":{"@context":"https:\/\/schema.org","@graph":[{"@type":"WebPage","@id":"https:\/\/matyodesign.hu\/perykata\/","url":"https:\/\/matyodesign.hu\/perykata\/","name":"P\u00e9ry Kata \u2013 St\u00edlus \u00e9s maty\u00f3 h\u00edmzett ruh\u00e1k","isPartOf":{"@id":"https:\/\/matyodesign.hu\/#website"},"datePublished":"2019-10-10T17:15:54+00:00","dateModified":"2025-04-11T09:50:14+00:00","description":"P\u00e9ry Kata a st\u00edlus\u00e9rt felel a matyodesignn\u00e1l. H\u00edmzett ruha, p\u00f3l\u00f3 \u00e9s t\u00e1ska \u2013 hagyom\u00e1nyos maty\u00f3 mint\u00e1k modern form\u00e1ban, egyedi ruh\u00e1k minden napra.","breadcrumb":{"@id":"https:\/\/matyodesign.hu\/perykata\/#breadcrumb"},"inLanguage":"de","potentialAction":[{"@type":"ReadAction","target":["https:\/\/matyodesign.hu\/perykata\/"]}]},{"@type":"BreadcrumbList","@id":"https:\/\/matyodesign.hu\/perykata\/#breadcrumb","itemListElement":[{"@type":"ListItem","position":1,"name":"Kezd\u0151lap","item":"https:\/\/matyodesign.hu\/"},{"@type":"ListItem","position":2,"name":"P\u00e9ry Kata"}]},{"@type":"WebSite","@id":"https:\/\/matyodesign.hu\/#website","url":"https:\/\/matyodesign.hu\/","name":"matyodesign","description":"K\u00e9zzel. Szeretettel. Neked.","potentialAction":[{"@type":"SearchAction","target":{"@type":"EntryPoint","urlTemplate":"https:\/\/matyodesign.hu\/?s={search_term_string}"},"query-input":{"@type":"PropertyValueSpecification","valueRequired":true,"valueName":"search_term_string"}}],"inLanguage":"de"}]}},"_links":{"self":[{"href":"https:\/\/matyodesign.hu\/de\/wp-json\/wp\/v2\/pages\/80966","targetHints":{"allow":["GET"]}}],"collection":[{"href":"https:\/\/matyodesign.hu\/de\/wp-json\/wp\/v2\/pages"}],"about":[{"href":"https:\/\/matyodesign.hu\/de\/wp-json\/wp\/v2\/types\/page"}],"author":[{"embeddable":true,"href":"https:\/\/matyodesign.hu\/de\/wp-json\/wp\/v2\/users\/1"}],"replies":[{"embeddable":true,"href":"https:\/\/matyodesign.hu\/de\/wp-json\/wp\/v2\/comments?post=80966"}],"version-history":[{"count":1,"href":"https:\/\/matyodesign.hu\/de\/wp-json\/wp\/v2\/pages\/80966\/revisions"}],"predecessor-version":[{"id":99893,"href":"https:\/\/matyodesign.hu\/de\/wp-json\/wp\/v2\/pages\/80966\/revisions\/99893"}],"wp:attachment":[{"href":"https:\/\/matyodesign.hu\/de\/wp-json\/wp\/v2\/media?parent=80966"}],"curies":[{"name":"wp","href":"https:\/\/api.w.org\/{rel}","templated":true}]}}