{"id":86438,"date":"2021-09-01T06:42:44","date_gmt":"2021-09-01T06:42:44","guid":{"rendered":"https:\/\/matyodesign.hu\/fiokom\/"},"modified":"2025-04-11T11:03:01","modified_gmt":"2025-04-11T09:03:01","slug":"fiokom","status":"publish","type":"page","link":"https:\/\/matyodesign.hu\/de\/fiokom\/","title":{"rendered":"A fi\u00f3kom"},"content":{"rendered":"<div class=\"woocommerce\"><\/div>","protected":false},"excerpt":{"rendered":"","protected":false},"author":1,"featured_media":0,"parent":0,"menu_order":0,"comment_status":"closed","ping_status":"closed","template":"","meta":{"footnotes":""},"class_list":["post-86438","page","type-page","status-publish","hentry"],"yoast_head":"<!-- This site is optimized with the Yoast SEO plugin v27.0 - https:\/\/yoast.com\/product\/yoast-seo-wordpress\/ -->\n<title>Fi\u00f3kom \u2013 Regisztr\u00e1lt v\u00e1s\u00e1rl\u00f3knak a Matyodesignn\u00e1l<\/title>\n<meta name=\"description\" content=\"Regisztr\u00e1lj a Matyodesign oldal\u00e1n, hogy szem\u00e9lyre szabott \u00e9lm\u00e9nyben r\u00e9szes\u00fclj a h\u00edmzett p\u00f3l\u00f3k, ruh\u00e1k \u00e9s kieg\u00e9sz\u00edt\u0151k v\u00e1s\u00e1rl\u00e1s\u00e1n\u00e1l!\" \/>\n<meta name=\"robots\" content=\"index, follow, max-snippet:-1, max-image-preview:large, max-video-preview:-1\" \/>\n<link rel=\"canonical\" href=\"https:\/\/matyodesign.hu\/de\/fiokom\/\" \/>\n<meta property=\"og:locale\" content=\"de_DE\" \/>\n<meta property=\"og:type\" content=\"article\" \/>\n<meta property=\"og:title\" content=\"Fi\u00f3kom \u2013 Regisztr\u00e1lt v\u00e1s\u00e1rl\u00f3knak a Matyodesignn\u00e1l\" \/>\n<meta property=\"og:description\" content=\"Regisztr\u00e1lj a Matyodesign oldal\u00e1n, hogy szem\u00e9lyre szabott \u00e9lm\u00e9nyben r\u00e9szes\u00fclj a h\u00edmzett p\u00f3l\u00f3k, ruh\u00e1k \u00e9s kieg\u00e9sz\u00edt\u0151k v\u00e1s\u00e1rl\u00e1s\u00e1n\u00e1l!\" \/>\n<meta property=\"og:url\" content=\"https:\/\/matyodesign.hu\/de\/fiokom\/\" \/>\n<meta property=\"og:site_name\" content=\"matyodesign\" \/>\n<meta property=\"article:modified_time\" content=\"2025-04-11T09:03:01+00:00\" \/>\n<meta name=\"twitter:card\" content=\"summary_large_image\" \/>\n<meta name=\"twitter:label1\" content=\"Gesch\u00e4tzte Lesezeit\" \/>\n\t<meta name=\"twitter:data1\" content=\"1\u00a0Minute\" \/>\n<script type=\"application\/ld+json\" class=\"yoast-schema-graph\">{\"@context\":\"https:\/\/schema.org\",\"@graph\":[{\"@type\":\"WebPage\",\"@id\":\"https:\/\/matyodesign.hu\/fiokom\/\",\"url\":\"https:\/\/matyodesign.hu\/fiokom\/\",\"name\":\"Fi\u00f3kom \u2013 Regisztr\u00e1lt v\u00e1s\u00e1rl\u00f3knak a Matyodesignn\u00e1l\",\"isPartOf\":{\"@id\":\"https:\/\/matyodesign.hu\/#website\"},\"datePublished\":\"2021-09-01T06:42:44+00:00\",\"dateModified\":\"2025-04-11T09:03:01+00:00\",\"description\":\"Regisztr\u00e1lj a Matyodesign oldal\u00e1n, hogy szem\u00e9lyre szabott \u00e9lm\u00e9nyben r\u00e9szes\u00fclj a h\u00edmzett p\u00f3l\u00f3k, ruh\u00e1k \u00e9s kieg\u00e9sz\u00edt\u0151k v\u00e1s\u00e1rl\u00e1s\u00e1n\u00e1l!\",\"breadcrumb\":{\"@id\":\"https:\/\/matyodesign.hu\/fiokom\/#breadcrumb\"},\"inLanguage\":\"de\",\"potentialAction\":[{\"@type\":\"ReadAction\",\"target\":[\"https:\/\/matyodesign.hu\/fiokom\/\"]}]},{\"@type\":\"BreadcrumbList\",\"@id\":\"https:\/\/matyodesign.hu\/fiokom\/#breadcrumb\",\"itemListElement\":[{\"@type\":\"ListItem\",\"position\":1,\"name\":\"Kezd\u0151lap\",\"item\":\"https:\/\/matyodesign.hu\/\"},{\"@type\":\"ListItem\",\"position\":2,\"name\":\"A fi\u00f3kom\"}]},{\"@type\":\"WebSite\",\"@id\":\"https:\/\/matyodesign.hu\/#website\",\"url\":\"https:\/\/matyodesign.hu\/\",\"name\":\"matyodesign\",\"description\":\"K\u00e9zzel. Szeretettel. Neked.\",\"potentialAction\":[{\"@type\":\"SearchAction\",\"target\":{\"@type\":\"EntryPoint\",\"urlTemplate\":\"https:\/\/matyodesign.hu\/?s={search_term_string}\"},\"query-input\":{\"@type\":\"PropertyValueSpecification\",\"valueRequired\":true,\"valueName\":\"search_term_string\"}}],\"inLanguage\":\"de\"}]}<\/script>\n<!-- \/ Yoast SEO plugin. -->","yoast_head_json":{"title":"Fi\u00f3kom \u2013 Regisztr\u00e1lt v\u00e1s\u00e1rl\u00f3knak a Matyodesignn\u00e1l","description":"Regisztr\u00e1lj a Matyodesign oldal\u00e1n, hogy szem\u00e9lyre szabott \u00e9lm\u00e9nyben r\u00e9szes\u00fclj a h\u00edmzett p\u00f3l\u00f3k, ruh\u00e1k \u00e9s kieg\u00e9sz\u00edt\u0151k v\u00e1s\u00e1rl\u00e1s\u00e1n\u00e1l!","robots":{"index":"index","follow":"follow","max-snippet":"max-snippet:-1","max-image-preview":"max-image-preview:large","max-video-preview":"max-video-preview:-1"},"canonical":"https:\/\/matyodesign.hu\/de\/fiokom\/","og_locale":"de_DE","og_type":"article","og_title":"Fi\u00f3kom \u2013 Regisztr\u00e1lt v\u00e1s\u00e1rl\u00f3knak a Matyodesignn\u00e1l","og_description":"Regisztr\u00e1lj a Matyodesign oldal\u00e1n, hogy szem\u00e9lyre szabott \u00e9lm\u00e9nyben r\u00e9szes\u00fclj a h\u00edmzett p\u00f3l\u00f3k, ruh\u00e1k \u00e9s kieg\u00e9sz\u00edt\u0151k v\u00e1s\u00e1rl\u00e1s\u00e1n\u00e1l!","og_url":"https:\/\/matyodesign.hu\/de\/fiokom\/","og_site_name":"matyodesign","article_modified_time":"2025-04-11T09:03:01+00:00","twitter_card":"summary_large_image","twitter_misc":{"Gesch\u00e4tzte Lesezeit":"1\u00a0Minute"},"schema":{"@context":"https:\/\/schema.org","@graph":[{"@type":"WebPage","@id":"https:\/\/matyodesign.hu\/fiokom\/","url":"https:\/\/matyodesign.hu\/fiokom\/","name":"Fi\u00f3kom \u2013 Regisztr\u00e1lt v\u00e1s\u00e1rl\u00f3knak a Matyodesignn\u00e1l","isPartOf":{"@id":"https:\/\/matyodesign.hu\/#website"},"datePublished":"2021-09-01T06:42:44+00:00","dateModified":"2025-04-11T09:03:01+00:00","description":"Regisztr\u00e1lj a Matyodesign oldal\u00e1n, hogy szem\u00e9lyre szabott \u00e9lm\u00e9nyben r\u00e9szes\u00fclj a h\u00edmzett p\u00f3l\u00f3k, ruh\u00e1k \u00e9s kieg\u00e9sz\u00edt\u0151k v\u00e1s\u00e1rl\u00e1s\u00e1n\u00e1l!","breadcrumb":{"@id":"https:\/\/matyodesign.hu\/fiokom\/#breadcrumb"},"inLanguage":"de","potentialAction":[{"@type":"ReadAction","target":["https:\/\/matyodesign.hu\/fiokom\/"]}]},{"@type":"BreadcrumbList","@id":"https:\/\/matyodesign.hu\/fiokom\/#breadcrumb","itemListElement":[{"@type":"ListItem","position":1,"name":"Kezd\u0151lap","item":"https:\/\/matyodesign.hu\/"},{"@type":"ListItem","position":2,"name":"A fi\u00f3kom"}]},{"@type":"WebSite","@id":"https:\/\/matyodesign.hu\/#website","url":"https:\/\/matyodesign.hu\/","name":"matyodesign","description":"K\u00e9zzel. Szeretettel. Neked.","potentialAction":[{"@type":"SearchAction","target":{"@type":"EntryPoint","urlTemplate":"https:\/\/matyodesign.hu\/?s={search_term_string}"},"query-input":{"@type":"PropertyValueSpecification","valueRequired":true,"valueName":"search_term_string"}}],"inLanguage":"de"}]}},"_links":{"self":[{"href":"https:\/\/matyodesign.hu\/de\/wp-json\/wp\/v2\/pages\/86438","targetHints":{"allow":["GET"]}}],"collection":[{"href":"https:\/\/matyodesign.hu\/de\/wp-json\/wp\/v2\/pages"}],"about":[{"href":"https:\/\/matyodesign.hu\/de\/wp-json\/wp\/v2\/types\/page"}],"author":[{"embeddable":true,"href":"https:\/\/matyodesign.hu\/de\/wp-json\/wp\/v2\/users\/1"}],"replies":[{"embeddable":true,"href":"https:\/\/matyodesign.hu\/de\/wp-json\/wp\/v2\/comments?post=86438"}],"version-history":[{"count":1,"href":"https:\/\/matyodesign.hu\/de\/wp-json\/wp\/v2\/pages\/86438\/revisions"}],"predecessor-version":[{"id":99773,"href":"https:\/\/matyodesign.hu\/de\/wp-json\/wp\/v2\/pages\/86438\/revisions\/99773"}],"wp:attachment":[{"href":"https:\/\/matyodesign.hu\/de\/wp-json\/wp\/v2\/media?parent=86438"}],"curies":[{"name":"wp","href":"https:\/\/api.w.org\/{rel}","templated":true}]}}