{"id":86806,"date":"2021-10-13T09:19:16","date_gmt":"2021-10-13T09:19:16","guid":{"rendered":"https:\/\/matyodesign.hu\/cart\/"},"modified":"2025-04-11T11:24:27","modified_gmt":"2025-04-11T09:24:27","slug":"kosar","status":"publish","type":"page","link":"https:\/\/matyodesign.hu\/de\/warenkorb\/","title":{"rendered":"Warenkorb"},"content":{"rendered":"","protected":false},"excerpt":{"rendered":"","protected":false},"author":1,"featured_media":0,"parent":0,"menu_order":0,"comment_status":"closed","ping_status":"closed","template":"","meta":{"footnotes":""},"class_list":["post-86806","page","type-page","status-publish","hentry"],"yoast_head":"<!-- This site is optimized with the Yoast SEO plugin v27.4 - https:\/\/yoast.com\/product\/yoast-seo-wordpress\/ -->\n<title>Kos\u00e1r - V\u00e1s\u00e1rolj maty\u00f3 h\u00edmz\u00e9ssel k\u00e9sz\u00fclt term\u00e9keket<\/title>\n<meta name=\"description\" content=\"N\u00e9zd meg a Matyodesign kosaradat! V\u00e1s\u00e1rolj h\u00edmzett p\u00f3l\u00f3kat, ruh\u00e1kat \u00e9s kieg\u00e9sz\u00edt\u0151ket, amelyek egyed\u00fcl\u00e1ll\u00f3 hagyom\u00e1nyos mint\u00e1kkal k\u00e9sz\u00fcltek.\" \/>\n<meta name=\"robots\" content=\"index, follow, max-snippet:-1, max-image-preview:large, max-video-preview:-1\" \/>\n<link rel=\"canonical\" href=\"https:\/\/matyodesign.hu\/de\/warenkorb\/\" \/>\n<meta property=\"og:locale\" content=\"de_DE\" \/>\n<meta property=\"og:type\" content=\"article\" \/>\n<meta property=\"og:title\" content=\"Kos\u00e1r - V\u00e1s\u00e1rolj maty\u00f3 h\u00edmz\u00e9ssel k\u00e9sz\u00fclt term\u00e9keket\" \/>\n<meta property=\"og:description\" content=\"N\u00e9zd meg a Matyodesign kosaradat! V\u00e1s\u00e1rolj h\u00edmzett p\u00f3l\u00f3kat, ruh\u00e1kat \u00e9s kieg\u00e9sz\u00edt\u0151ket, amelyek egyed\u00fcl\u00e1ll\u00f3 hagyom\u00e1nyos mint\u00e1kkal k\u00e9sz\u00fcltek.\" \/>\n<meta property=\"og:url\" content=\"https:\/\/matyodesign.hu\/de\/warenkorb\/\" \/>\n<meta property=\"og:site_name\" content=\"matyodesign\" \/>\n<meta property=\"article:modified_time\" content=\"2025-04-11T09:24:27+00:00\" \/>\n<meta name=\"twitter:card\" content=\"summary_large_image\" \/>\n<meta name=\"twitter:label1\" content=\"Gesch\u00e4tzte Lesezeit\" \/>\n\t<meta name=\"twitter:data1\" content=\"1\u00a0Minute\" \/>\n<script type=\"application\/ld+json\" class=\"yoast-schema-graph\">{\"@context\":\"https:\\\/\\\/schema.org\",\"@graph\":[{\"@type\":\"WebPage\",\"@id\":\"https:\\\/\\\/matyodesign.hu\\\/kosar\\\/\",\"url\":\"https:\\\/\\\/matyodesign.hu\\\/kosar\\\/\",\"name\":\"Kos\u00e1r - V\u00e1s\u00e1rolj maty\u00f3 h\u00edmz\u00e9ssel k\u00e9sz\u00fclt term\u00e9keket\",\"isPartOf\":{\"@id\":\"https:\\\/\\\/matyodesign.hu\\\/#website\"},\"datePublished\":\"2021-10-13T09:19:16+00:00\",\"dateModified\":\"2025-04-11T09:24:27+00:00\",\"description\":\"N\u00e9zd meg a Matyodesign kosaradat! V\u00e1s\u00e1rolj h\u00edmzett p\u00f3l\u00f3kat, ruh\u00e1kat \u00e9s kieg\u00e9sz\u00edt\u0151ket, amelyek egyed\u00fcl\u00e1ll\u00f3 hagyom\u00e1nyos mint\u00e1kkal k\u00e9sz\u00fcltek.\",\"breadcrumb\":{\"@id\":\"https:\\\/\\\/matyodesign.hu\\\/kosar\\\/#breadcrumb\"},\"inLanguage\":\"de\",\"potentialAction\":[{\"@type\":\"ReadAction\",\"target\":[\"https:\\\/\\\/matyodesign.hu\\\/kosar\\\/\"]}]},{\"@type\":\"BreadcrumbList\",\"@id\":\"https:\\\/\\\/matyodesign.hu\\\/kosar\\\/#breadcrumb\",\"itemListElement\":[{\"@type\":\"ListItem\",\"position\":1,\"name\":\"Kezd\u0151lap\",\"item\":\"https:\\\/\\\/matyodesign.hu\\\/\"},{\"@type\":\"ListItem\",\"position\":2,\"name\":\"Kos\u00e1r\"}]},{\"@type\":\"WebSite\",\"@id\":\"https:\\\/\\\/matyodesign.hu\\\/#website\",\"url\":\"https:\\\/\\\/matyodesign.hu\\\/\",\"name\":\"matyodesign\",\"description\":\"K\u00e9zzel. Szeretettel. Neked.\",\"potentialAction\":[{\"@type\":\"SearchAction\",\"target\":{\"@type\":\"EntryPoint\",\"urlTemplate\":\"https:\\\/\\\/matyodesign.hu\\\/?s={search_term_string}\"},\"query-input\":{\"@type\":\"PropertyValueSpecification\",\"valueRequired\":true,\"valueName\":\"search_term_string\"}}],\"inLanguage\":\"de\"}]}<\/script>\n<!-- \/ Yoast SEO plugin. -->","yoast_head_json":{"title":"Kos\u00e1r - V\u00e1s\u00e1rolj maty\u00f3 h\u00edmz\u00e9ssel k\u00e9sz\u00fclt term\u00e9keket","description":"N\u00e9zd meg a Matyodesign kosaradat! V\u00e1s\u00e1rolj h\u00edmzett p\u00f3l\u00f3kat, ruh\u00e1kat \u00e9s kieg\u00e9sz\u00edt\u0151ket, amelyek egyed\u00fcl\u00e1ll\u00f3 hagyom\u00e1nyos mint\u00e1kkal k\u00e9sz\u00fcltek.","robots":{"index":"index","follow":"follow","max-snippet":"max-snippet:-1","max-image-preview":"max-image-preview:large","max-video-preview":"max-video-preview:-1"},"canonical":"https:\/\/matyodesign.hu\/de\/warenkorb\/","og_locale":"de_DE","og_type":"article","og_title":"Kos\u00e1r - V\u00e1s\u00e1rolj maty\u00f3 h\u00edmz\u00e9ssel k\u00e9sz\u00fclt term\u00e9keket","og_description":"N\u00e9zd meg a Matyodesign kosaradat! V\u00e1s\u00e1rolj h\u00edmzett p\u00f3l\u00f3kat, ruh\u00e1kat \u00e9s kieg\u00e9sz\u00edt\u0151ket, amelyek egyed\u00fcl\u00e1ll\u00f3 hagyom\u00e1nyos mint\u00e1kkal k\u00e9sz\u00fcltek.","og_url":"https:\/\/matyodesign.hu\/de\/warenkorb\/","og_site_name":"matyodesign","article_modified_time":"2025-04-11T09:24:27+00:00","twitter_card":"summary_large_image","twitter_misc":{"Gesch\u00e4tzte Lesezeit":"1\u00a0Minute"},"schema":{"@context":"https:\/\/schema.org","@graph":[{"@type":"WebPage","@id":"https:\/\/matyodesign.hu\/kosar\/","url":"https:\/\/matyodesign.hu\/kosar\/","name":"Kos\u00e1r - V\u00e1s\u00e1rolj maty\u00f3 h\u00edmz\u00e9ssel k\u00e9sz\u00fclt term\u00e9keket","isPartOf":{"@id":"https:\/\/matyodesign.hu\/#website"},"datePublished":"2021-10-13T09:19:16+00:00","dateModified":"2025-04-11T09:24:27+00:00","description":"N\u00e9zd meg a Matyodesign kosaradat! V\u00e1s\u00e1rolj h\u00edmzett p\u00f3l\u00f3kat, ruh\u00e1kat \u00e9s kieg\u00e9sz\u00edt\u0151ket, amelyek egyed\u00fcl\u00e1ll\u00f3 hagyom\u00e1nyos mint\u00e1kkal k\u00e9sz\u00fcltek.","breadcrumb":{"@id":"https:\/\/matyodesign.hu\/kosar\/#breadcrumb"},"inLanguage":"de","potentialAction":[{"@type":"ReadAction","target":["https:\/\/matyodesign.hu\/kosar\/"]}]},{"@type":"BreadcrumbList","@id":"https:\/\/matyodesign.hu\/kosar\/#breadcrumb","itemListElement":[{"@type":"ListItem","position":1,"name":"Kezd\u0151lap","item":"https:\/\/matyodesign.hu\/"},{"@type":"ListItem","position":2,"name":"Kos\u00e1r"}]},{"@type":"WebSite","@id":"https:\/\/matyodesign.hu\/#website","url":"https:\/\/matyodesign.hu\/","name":"matyodesign","description":"K\u00e9zzel. Szeretettel. Neked.","potentialAction":[{"@type":"SearchAction","target":{"@type":"EntryPoint","urlTemplate":"https:\/\/matyodesign.hu\/?s={search_term_string}"},"query-input":{"@type":"PropertyValueSpecification","valueRequired":true,"valueName":"search_term_string"}}],"inLanguage":"de"}]}},"_links":{"self":[{"href":"https:\/\/matyodesign.hu\/de\/wp-json\/wp\/v2\/pages\/86806","targetHints":{"allow":["GET"]}}],"collection":[{"href":"https:\/\/matyodesign.hu\/de\/wp-json\/wp\/v2\/pages"}],"about":[{"href":"https:\/\/matyodesign.hu\/de\/wp-json\/wp\/v2\/types\/page"}],"author":[{"embeddable":true,"href":"https:\/\/matyodesign.hu\/de\/wp-json\/wp\/v2\/users\/1"}],"replies":[{"embeddable":true,"href":"https:\/\/matyodesign.hu\/de\/wp-json\/wp\/v2\/comments?post=86806"}],"version-history":[{"count":1,"href":"https:\/\/matyodesign.hu\/de\/wp-json\/wp\/v2\/pages\/86806\/revisions"}],"predecessor-version":[{"id":99762,"href":"https:\/\/matyodesign.hu\/de\/wp-json\/wp\/v2\/pages\/86806\/revisions\/99762"}],"wp:attachment":[{"href":"https:\/\/matyodesign.hu\/de\/wp-json\/wp\/v2\/media?parent=86806"}],"curies":[{"name":"wp","href":"https:\/\/api.w.org\/{rel}","templated":true}]}}