{"id":88794,"date":"2022-03-17T08:56:18","date_gmt":"2022-03-17T08:56:18","guid":{"rendered":"https:\/\/matyodesign.hu\/?page_id=88794"},"modified":"2025-04-11T12:49:45","modified_gmt":"2025-04-11T10:49:45","slug":"varroda","status":"publish","type":"page","link":"https:\/\/matyodesign.hu\/de\/varroda\/","title":{"rendered":"Die Schneiderei"},"content":{"rendered":"<section class=\"wpb-content-wrapper\"><div class=\"vc_row wpb_row vc_row-fluid\" ><div class=\"wpb_column vc_column_container vc_col-sm-8\"><div class=\"vc_column-inner\"><div class=\"wpb_wrapper\">\n\t<div  class=\"wpb_single_image wpb_content_element vc_align_left\">\n\t\t\n\t\t<figure class=\"wpb_wrapper vc_figure\">\n\t\t\t<div class=\"vc_single_image-wrapper   vc_box_border_grey\"><img loading=\"lazy\" decoding=\"async\" width=\"1000\" height=\"736\" src=\"https:\/\/matyodesign.hu\/wp-content\/uploads\/2024\/05\/Screenshot-2022-03-29-at-17.46.15-e1648569331154.png.webp\" class=\"vc_single_image-img attachment-full\" alt=\"\" title=\"Screenshot-2022-03-29-at-17.46.15-e1648569331154.png\" srcset=\"https:\/\/matyodesign.hu\/wp-content\/uploads\/2024\/05\/Screenshot-2022-03-29-at-17.46.15-e1648569331154.png.webp 1000w, https:\/\/matyodesign.hu\/wp-content\/uploads\/2024\/05\/Screenshot-2022-03-29-at-17.46.15-e1648569331154.png-300x221.webp 300w, https:\/\/matyodesign.hu\/wp-content\/uploads\/2024\/05\/Screenshot-2022-03-29-at-17.46.15-e1648569331154.png-768x565.webp 768w, https:\/\/matyodesign.hu\/wp-content\/uploads\/2024\/05\/Screenshot-2022-03-29-at-17.46.15-e1648569331154.png-16x12.webp 16w, https:\/\/matyodesign.hu\/wp-content\/uploads\/2024\/05\/Screenshot-2022-03-29-at-17.46.15-e1648569331154.png-600x442.webp 600w\" sizes=\"auto, (max-width: 1000px) 100vw, 1000px\" \/><\/div>\n\t\t<\/figure>\n\t<\/div>\n<\/div><\/div><\/div><div class=\"wpb_column vc_column_container vc_col-sm-4\"><div class=\"vc_column-inner\"><div class=\"wpb_wrapper\"><h2 style=\"text-align: left;font-family:Montserrat;font-weight:700;font-style:normal\" class=\"vc_custom_heading\" >VARRODA<\/h2>\n\t<div class=\"wpb_text_column wpb_content_element \" >\n\t\t<div class=\"wpb_wrapper\">\n\t\t\t<p>A Matyodesign varrod\u00e1ja \u00e9s szab\u00e1szata egy gy\u00f6ny\u00f6r\u0171en fel\u00faj\u00edtott paraszth\u00e1z egykori ist\u00e1ll\u00f3j\u00e1ban kapott helyet. A modern g\u00e9pek k\u00f6zt s\u00e9t\u00e1lva gyakran jut eszembe, hogy kisl\u00e1nyk\u00e9nt ehhez a h\u00e1zhoz, ebbe az ist\u00e1ll\u00f3ba j\u00e1rtam \u00e1t tej\u00e9rt. Most minden egyes term\u00e9k\u00fcnk itt k\u00e9sz\u00fcl. \u00d3ri\u00e1si l\u00e9p\u00e9s a varrod\u00e1nk egy ilyen pici telep\u00fcl\u00e9s \u00e9let\u00e9ben, boldogs\u00e1ggal t\u00f6lt el, hogy munk\u00e1t, megbecs\u00fcl\u00e9st tudunk adni azoknak az asszonyoknak \u00e9s l\u00e1nyoknak, akik a Matyodesign egyre b\u0151v\u00fcl\u0151 csal\u00e1dj\u00e1nak tagjai lettek.<\/p>\n\n\t\t<\/div>\n\t<\/div>\n<\/div><\/div><\/div><\/div><div class=\"vc_row wpb_row vc_row-fluid\" ><div class=\"wpb_column vc_column_container vc_col-sm-12\"><div class=\"vc_column-inner\"><div class=\"wpb_wrapper\"><div class=\"vc_empty_space\"   style=\"height: 32px\"><span class=\"vc_empty_space_inner\"><\/span><\/div><div class=\"wpb_gallery wpb_content_element vc_clearfix\" id=\"gallery-119556\"><div class=\"wpb_wrapper\"><div class=\"wpb_gallery_slides wpb_image_grid\" data-interval=\"3\"><ul class=\"wpb_image_grid_ul\"><li class=\"isotope-item\"><a class=\"\" href=\"https:\/\/matyodesign.hu\/wp-content\/uploads\/2024\/05\/DSC02353.webp\" data-lightbox=\"lightbox[rel-88794-1079070020]\"><img loading=\"lazy\" decoding=\"async\" width=\"150\" height=\"150\" src=\"https:\/\/matyodesign.hu\/wp-content\/uploads\/2024\/05\/DSC02353-150x150.webp\" class=\"attachment-thumbnail\" alt=\"\" title=\"DSC02353\" srcset=\"https:\/\/matyodesign.hu\/wp-content\/uploads\/2024\/05\/DSC02353-150x150.webp 150w, https:\/\/matyodesign.hu\/wp-content\/uploads\/2024\/05\/DSC02353-300x300.webp 300w, https:\/\/matyodesign.hu\/wp-content\/uploads\/2024\/05\/DSC02353-100x100.webp 100w\" sizes=\"auto, (max-width: 150px) 100vw, 150px\" \/><\/a><\/li><li class=\"isotope-item\"><a class=\"\" href=\"https:\/\/matyodesign.hu\/wp-content\/uploads\/2024\/05\/DSC02422.webp\" data-lightbox=\"lightbox[rel-88794-1079070020]\"><img loading=\"lazy\" decoding=\"async\" width=\"150\" height=\"150\" src=\"https:\/\/matyodesign.hu\/wp-content\/uploads\/2024\/05\/DSC02422-150x150.webp\" class=\"attachment-thumbnail\" alt=\"\" title=\"DSC02422\" srcset=\"https:\/\/matyodesign.hu\/wp-content\/uploads\/2024\/05\/DSC02422-150x150.webp 150w, https:\/\/matyodesign.hu\/wp-content\/uploads\/2024\/05\/DSC02422-300x300.webp 300w, https:\/\/matyodesign.hu\/wp-content\/uploads\/2024\/05\/DSC02422-100x100.webp 100w\" sizes=\"auto, (max-width: 150px) 100vw, 150px\" \/><\/a><\/li><li class=\"isotope-item\"><a class=\"\" href=\"https:\/\/matyodesign.hu\/wp-content\/uploads\/2024\/05\/DSC02490.webp\" data-lightbox=\"lightbox[rel-88794-1079070020]\"><img loading=\"lazy\" decoding=\"async\" width=\"150\" height=\"150\" src=\"https:\/\/matyodesign.hu\/wp-content\/uploads\/2024\/05\/DSC02490-150x150.webp\" class=\"attachment-thumbnail\" alt=\"\" title=\"DSC02490\" srcset=\"https:\/\/matyodesign.hu\/wp-content\/uploads\/2024\/05\/DSC02490-150x150.webp 150w, https:\/\/matyodesign.hu\/wp-content\/uploads\/2024\/05\/DSC02490-300x300.webp 300w, https:\/\/matyodesign.hu\/wp-content\/uploads\/2024\/05\/DSC02490-100x100.webp 100w\" sizes=\"auto, (max-width: 150px) 100vw, 150px\" \/><\/a><\/li><li class=\"isotope-item\"><a class=\"\" href=\"https:\/\/matyodesign.hu\/wp-content\/uploads\/2024\/05\/DSC02498.webp\" data-lightbox=\"lightbox[rel-88794-1079070020]\"><img loading=\"lazy\" decoding=\"async\" width=\"150\" height=\"150\" src=\"https:\/\/matyodesign.hu\/wp-content\/uploads\/2024\/05\/DSC02498-150x150.webp\" class=\"attachment-thumbnail\" alt=\"\" title=\"DSC02498\" srcset=\"https:\/\/matyodesign.hu\/wp-content\/uploads\/2024\/05\/DSC02498-150x150.webp 150w, https:\/\/matyodesign.hu\/wp-content\/uploads\/2024\/05\/DSC02498-300x300.webp 300w, https:\/\/matyodesign.hu\/wp-content\/uploads\/2024\/05\/DSC02498-100x100.webp 100w\" sizes=\"auto, (max-width: 150px) 100vw, 150px\" \/><\/a><\/li><li class=\"isotope-item\"><a class=\"\" href=\"https:\/\/matyodesign.hu\/wp-content\/uploads\/2024\/05\/DSC02516-e1647507368309.webp\" data-lightbox=\"lightbox[rel-88794-1079070020]\"><img loading=\"lazy\" decoding=\"async\" width=\"150\" height=\"150\" src=\"https:\/\/matyodesign.hu\/wp-content\/uploads\/2024\/05\/DSC02516-e1647507368309-150x150.webp\" class=\"attachment-thumbnail\" alt=\"\" title=\"DSC02516-e1647507368309\" srcset=\"https:\/\/matyodesign.hu\/wp-content\/uploads\/2024\/05\/DSC02516-e1647507368309-150x150.webp 150w, https:\/\/matyodesign.hu\/wp-content\/uploads\/2024\/05\/DSC02516-e1647507368309-300x300.webp 300w, https:\/\/matyodesign.hu\/wp-content\/uploads\/2024\/05\/DSC02516-e1647507368309-100x100.webp 100w\" sizes=\"auto, (max-width: 150px) 100vw, 150px\" \/><\/a><\/li><li class=\"isotope-item\"><a class=\"\" href=\"https:\/\/matyodesign.hu\/wp-content\/uploads\/2024\/05\/DSC02522.webp\" data-lightbox=\"lightbox[rel-88794-1079070020]\"><img loading=\"lazy\" decoding=\"async\" width=\"150\" height=\"150\" src=\"https:\/\/matyodesign.hu\/wp-content\/uploads\/2024\/05\/DSC02522-150x150.webp\" class=\"attachment-thumbnail\" alt=\"\" title=\"DSC02522\" srcset=\"https:\/\/matyodesign.hu\/wp-content\/uploads\/2024\/05\/DSC02522-150x150.webp 150w, https:\/\/matyodesign.hu\/wp-content\/uploads\/2024\/05\/DSC02522-300x300.webp 300w, https:\/\/matyodesign.hu\/wp-content\/uploads\/2024\/05\/DSC02522-100x100.webp 100w\" sizes=\"auto, (max-width: 150px) 100vw, 150px\" \/><\/a><\/li><li class=\"isotope-item\"><a class=\"\" href=\"https:\/\/matyodesign.hu\/wp-content\/uploads\/2024\/05\/DSC02526.webp\" data-lightbox=\"lightbox[rel-88794-1079070020]\"><img loading=\"lazy\" decoding=\"async\" width=\"150\" height=\"150\" src=\"https:\/\/matyodesign.hu\/wp-content\/uploads\/2024\/05\/DSC02526-150x150.webp\" class=\"attachment-thumbnail\" alt=\"\" title=\"DSC02526\" srcset=\"https:\/\/matyodesign.hu\/wp-content\/uploads\/2024\/05\/DSC02526-150x150.webp 150w, https:\/\/matyodesign.hu\/wp-content\/uploads\/2024\/05\/DSC02526-300x300.webp 300w, https:\/\/matyodesign.hu\/wp-content\/uploads\/2024\/05\/DSC02526-100x100.webp 100w\" sizes=\"auto, (max-width: 150px) 100vw, 150px\" \/><\/a><\/li><\/ul><\/div><\/div><\/div><\/div><\/div><\/div><\/div>\n<\/section>","protected":false},"excerpt":{"rendered":"VARRODA A Matyodesign varrod\u00e1ja \u00e9s szab\u00e1szata egy gy\u00f6ny\u00f6r\u0171en fel\u00faj\u00edtott paraszth\u00e1z egykori ist\u00e1ll\u00f3j\u00e1ban kapott helyet. A modern g\u00e9pek k\u00f6zt s\u00e9t\u00e1lva gyakran jut eszembe, hogy kisl\u00e1nyk\u00e9nt ehhez a h\u00e1zhoz, ebbe az ist\u00e1ll\u00f3ba j\u00e1rtam \u00e1t tej\u00e9rt. Most minden egyes term\u00e9k\u00fcnk itt k\u00e9sz\u00fcl. \u00d3ri\u00e1si [...]","protected":false},"author":1,"featured_media":80029,"parent":0,"menu_order":0,"comment_status":"closed","ping_status":"closed","template":"","meta":{"footnotes":""},"class_list":["post-88794","page","type-page","status-publish","has-post-thumbnail","hentry"],"yoast_head":"<!-- This site is optimized with the Yoast SEO plugin v27.5 - https:\/\/yoast.com\/product\/yoast-seo-wordpress\/ -->\n<title>Matyodesign Varroda \u2013 Hagyom\u00e1nyos h\u00edmz\u00e9s<\/title>\n<meta name=\"description\" content=\"Fedezd fel a Matyodesign varrod\u00e1j\u00e1t! Modern g\u00e9pek, hagyom\u00e1nyos h\u00edmz\u00e9s, egyedi h\u00edmzett ruh\u00e1k \u00e9s kieg\u00e9sz\u00edt\u0151k k\u00e9sz\u00edt\u00e9se Tardon.\" \/>\n<meta name=\"robots\" content=\"index, follow, max-snippet:-1, max-image-preview:large, max-video-preview:-1\" \/>\n<link rel=\"canonical\" href=\"https:\/\/matyodesign.hu\/de\/die-schneiderei\/\" \/>\n<meta property=\"og:locale\" content=\"de_DE\" \/>\n<meta property=\"og:type\" content=\"article\" \/>\n<meta property=\"og:title\" content=\"Matyodesign Varroda \u2013 Hagyom\u00e1nyos h\u00edmz\u00e9s\" \/>\n<meta property=\"og:description\" content=\"Fedezd fel a Matyodesign varrod\u00e1j\u00e1t! Modern g\u00e9pek, hagyom\u00e1nyos h\u00edmz\u00e9s, egyedi h\u00edmzett ruh\u00e1k \u00e9s kieg\u00e9sz\u00edt\u0151k k\u00e9sz\u00edt\u00e9se Tardon.\" \/>\n<meta property=\"og:url\" content=\"https:\/\/matyodesign.hu\/de\/die-schneiderei\/\" \/>\n<meta property=\"og:site_name\" content=\"matyodesign\" \/>\n<meta property=\"article:modified_time\" content=\"2025-04-11T10:49:45+00:00\" \/>\n<meta name=\"twitter:card\" content=\"summary_large_image\" \/>\n<meta name=\"twitter:label1\" content=\"Gesch\u00e4tzte Lesezeit\" \/>\n\t<meta name=\"twitter:data1\" content=\"2\u00a0Minuten\" \/>\n<script type=\"application\/ld+json\" class=\"yoast-schema-graph\">{\"@context\":\"https:\\\/\\\/schema.org\",\"@graph\":[{\"@type\":\"WebPage\",\"@id\":\"https:\\\/\\\/matyodesign.hu\\\/varroda\\\/\",\"url\":\"https:\\\/\\\/matyodesign.hu\\\/varroda\\\/\",\"name\":\"Matyodesign Varroda \u2013 Hagyom\u00e1nyos h\u00edmz\u00e9s\",\"isPartOf\":{\"@id\":\"https:\\\/\\\/matyodesign.hu\\\/#website\"},\"primaryImageOfPage\":{\"@id\":\"https:\\\/\\\/matyodesign.hu\\\/varroda\\\/#primaryimage\"},\"image\":{\"@id\":\"https:\\\/\\\/matyodesign.hu\\\/varroda\\\/#primaryimage\"},\"thumbnailUrl\":\"\",\"datePublished\":\"2022-03-17T08:56:18+00:00\",\"dateModified\":\"2025-04-11T10:49:45+00:00\",\"description\":\"Fedezd fel a Matyodesign varrod\u00e1j\u00e1t! Modern g\u00e9pek, hagyom\u00e1nyos h\u00edmz\u00e9s, egyedi h\u00edmzett ruh\u00e1k \u00e9s kieg\u00e9sz\u00edt\u0151k k\u00e9sz\u00edt\u00e9se Tardon.\",\"breadcrumb\":{\"@id\":\"https:\\\/\\\/matyodesign.hu\\\/varroda\\\/#breadcrumb\"},\"inLanguage\":\"de\",\"potentialAction\":[{\"@type\":\"ReadAction\",\"target\":[\"https:\\\/\\\/matyodesign.hu\\\/varroda\\\/\"]}]},{\"@type\":\"ImageObject\",\"inLanguage\":\"de\",\"@id\":\"https:\\\/\\\/matyodesign.hu\\\/varroda\\\/#primaryimage\",\"url\":\"\",\"contentUrl\":\"\"},{\"@type\":\"BreadcrumbList\",\"@id\":\"https:\\\/\\\/matyodesign.hu\\\/varroda\\\/#breadcrumb\",\"itemListElement\":[{\"@type\":\"ListItem\",\"position\":1,\"name\":\"Kezd\u0151lap\",\"item\":\"https:\\\/\\\/matyodesign.hu\\\/\"},{\"@type\":\"ListItem\",\"position\":2,\"name\":\"Varroda\"}]},{\"@type\":\"WebSite\",\"@id\":\"https:\\\/\\\/matyodesign.hu\\\/#website\",\"url\":\"https:\\\/\\\/matyodesign.hu\\\/\",\"name\":\"matyodesign\",\"description\":\"K\u00e9zzel. Szeretettel. Neked.\",\"potentialAction\":[{\"@type\":\"SearchAction\",\"target\":{\"@type\":\"EntryPoint\",\"urlTemplate\":\"https:\\\/\\\/matyodesign.hu\\\/?s={search_term_string}\"},\"query-input\":{\"@type\":\"PropertyValueSpecification\",\"valueRequired\":true,\"valueName\":\"search_term_string\"}}],\"inLanguage\":\"de\"}]}<\/script>\n<!-- \/ Yoast SEO plugin. -->","yoast_head_json":{"title":"Matyodesign Varroda \u2013 Hagyom\u00e1nyos h\u00edmz\u00e9s","description":"Fedezd fel a Matyodesign varrod\u00e1j\u00e1t! Modern g\u00e9pek, hagyom\u00e1nyos h\u00edmz\u00e9s, egyedi h\u00edmzett ruh\u00e1k \u00e9s kieg\u00e9sz\u00edt\u0151k k\u00e9sz\u00edt\u00e9se Tardon.","robots":{"index":"index","follow":"follow","max-snippet":"max-snippet:-1","max-image-preview":"max-image-preview:large","max-video-preview":"max-video-preview:-1"},"canonical":"https:\/\/matyodesign.hu\/de\/die-schneiderei\/","og_locale":"de_DE","og_type":"article","og_title":"Matyodesign Varroda \u2013 Hagyom\u00e1nyos h\u00edmz\u00e9s","og_description":"Fedezd fel a Matyodesign varrod\u00e1j\u00e1t! Modern g\u00e9pek, hagyom\u00e1nyos h\u00edmz\u00e9s, egyedi h\u00edmzett ruh\u00e1k \u00e9s kieg\u00e9sz\u00edt\u0151k k\u00e9sz\u00edt\u00e9se Tardon.","og_url":"https:\/\/matyodesign.hu\/de\/die-schneiderei\/","og_site_name":"matyodesign","article_modified_time":"2025-04-11T10:49:45+00:00","twitter_card":"summary_large_image","twitter_misc":{"Gesch\u00e4tzte Lesezeit":"2\u00a0Minuten"},"schema":{"@context":"https:\/\/schema.org","@graph":[{"@type":"WebPage","@id":"https:\/\/matyodesign.hu\/varroda\/","url":"https:\/\/matyodesign.hu\/varroda\/","name":"Matyodesign Varroda \u2013 Hagyom\u00e1nyos h\u00edmz\u00e9s","isPartOf":{"@id":"https:\/\/matyodesign.hu\/#website"},"primaryImageOfPage":{"@id":"https:\/\/matyodesign.hu\/varroda\/#primaryimage"},"image":{"@id":"https:\/\/matyodesign.hu\/varroda\/#primaryimage"},"thumbnailUrl":"","datePublished":"2022-03-17T08:56:18+00:00","dateModified":"2025-04-11T10:49:45+00:00","description":"Fedezd fel a Matyodesign varrod\u00e1j\u00e1t! Modern g\u00e9pek, hagyom\u00e1nyos h\u00edmz\u00e9s, egyedi h\u00edmzett ruh\u00e1k \u00e9s kieg\u00e9sz\u00edt\u0151k k\u00e9sz\u00edt\u00e9se Tardon.","breadcrumb":{"@id":"https:\/\/matyodesign.hu\/varroda\/#breadcrumb"},"inLanguage":"de","potentialAction":[{"@type":"ReadAction","target":["https:\/\/matyodesign.hu\/varroda\/"]}]},{"@type":"ImageObject","inLanguage":"de","@id":"https:\/\/matyodesign.hu\/varroda\/#primaryimage","url":"","contentUrl":""},{"@type":"BreadcrumbList","@id":"https:\/\/matyodesign.hu\/varroda\/#breadcrumb","itemListElement":[{"@type":"ListItem","position":1,"name":"Kezd\u0151lap","item":"https:\/\/matyodesign.hu\/"},{"@type":"ListItem","position":2,"name":"Varroda"}]},{"@type":"WebSite","@id":"https:\/\/matyodesign.hu\/#website","url":"https:\/\/matyodesign.hu\/","name":"matyodesign","description":"K\u00e9zzel. Szeretettel. Neked.","potentialAction":[{"@type":"SearchAction","target":{"@type":"EntryPoint","urlTemplate":"https:\/\/matyodesign.hu\/?s={search_term_string}"},"query-input":{"@type":"PropertyValueSpecification","valueRequired":true,"valueName":"search_term_string"}}],"inLanguage":"de"}]}},"_links":{"self":[{"href":"https:\/\/matyodesign.hu\/de\/wp-json\/wp\/v2\/pages\/88794","targetHints":{"allow":["GET"]}}],"collection":[{"href":"https:\/\/matyodesign.hu\/de\/wp-json\/wp\/v2\/pages"}],"about":[{"href":"https:\/\/matyodesign.hu\/de\/wp-json\/wp\/v2\/types\/page"}],"author":[{"embeddable":true,"href":"https:\/\/matyodesign.hu\/de\/wp-json\/wp\/v2\/users\/1"}],"replies":[{"embeddable":true,"href":"https:\/\/matyodesign.hu\/de\/wp-json\/wp\/v2\/comments?post=88794"}],"version-history":[{"count":8,"href":"https:\/\/matyodesign.hu\/de\/wp-json\/wp\/v2\/pages\/88794\/revisions"}],"predecessor-version":[{"id":100703,"href":"https:\/\/matyodesign.hu\/de\/wp-json\/wp\/v2\/pages\/88794\/revisions\/100703"}],"wp:featuredmedia":[{"embeddable":true,"href":"https:\/\/matyodesign.hu\/de\/wp-json\/"}],"wp:attachment":[{"href":"https:\/\/matyodesign.hu\/de\/wp-json\/wp\/v2\/media?parent=88794"}],"curies":[{"name":"wp","href":"https:\/\/api.w.org\/{rel}","templated":true}]}}