{"id":92679,"date":"2023-03-09T19:07:43","date_gmt":"2023-03-09T18:07:43","guid":{"rendered":"https:\/\/matyodesign.hu\/?page_id=92679"},"modified":"2025-04-11T10:55:43","modified_gmt":"2025-04-11T08:55:43","slug":"babo_zsolt","status":"publish","type":"page","link":"https:\/\/matyodesign.hu\/de\/babo_zsolt\/","title":{"rendered":"Bab\u00f3 Zsolt"},"content":{"rendered":"<section class=\"wpb-content-wrapper\"><div class=\"vc_row wpb_row vc_row-fluid\" ><div class=\"wpb_column vc_column_container vc_col-sm-6\"><div class=\"vc_column-inner\"><div class=\"wpb_wrapper\">\n\t<div  class=\"wpb_single_image wpb_content_element vc_align_left\">\n\t\t\n\t\t<figure class=\"wpb_wrapper vc_figure\">\n\t\t\t<div class=\"vc_single_image-wrapper   vc_box_border_grey\"><img loading=\"lazy\" decoding=\"async\" width=\"1000\" height=\"1000\" src=\"https:\/\/matyodesign.hu\/wp-content\/uploads\/2024\/05\/babo-sq-2.webp\" class=\"vc_single_image-img attachment-full\" alt=\"\" title=\"babo-sq-2\" srcset=\"https:\/\/matyodesign.hu\/wp-content\/uploads\/2024\/05\/babo-sq-2.webp 1000w, https:\/\/matyodesign.hu\/wp-content\/uploads\/2024\/05\/babo-sq-2-300x300.webp 300w, https:\/\/matyodesign.hu\/wp-content\/uploads\/2024\/05\/babo-sq-2-150x150.webp 150w, https:\/\/matyodesign.hu\/wp-content\/uploads\/2024\/05\/babo-sq-2-768x768.webp 768w, https:\/\/matyodesign.hu\/wp-content\/uploads\/2024\/05\/babo-sq-2-12x12.webp 12w, https:\/\/matyodesign.hu\/wp-content\/uploads\/2024\/05\/babo-sq-2-650x650.webp 650w, https:\/\/matyodesign.hu\/wp-content\/uploads\/2024\/05\/babo-sq-2-600x600.webp 600w, https:\/\/matyodesign.hu\/wp-content\/uploads\/2024\/05\/babo-sq-2-100x100.webp 100w\" sizes=\"auto, (max-width: 1000px) 100vw, 1000px\" \/><\/div>\n\t\t<\/figure>\n\t<\/div>\n<\/div><\/div><\/div><div class=\"wpb_column vc_column_container vc_col-sm-6\"><div class=\"vc_column-inner\"><div class=\"wpb_wrapper\">\n\t<div class=\"wpb_text_column wpb_content_element\" >\n\t\t<div class=\"wpb_wrapper\">\n\t\t\t<div id=\"text-block-2\" class=\"mk-text-block\">\n<h3 class=\"shortcode-heading mk-fancy-title align-left\">BAB\u00d3 ZSOLT<\/h3>\n<p>&nbsp;<\/p>\n<p>N\u00e9h\u00e1ny \u00e9vvel ezel\u0151tt ismerkedtem meg Rozival egy k\u00f6z\u00f6s bar\u00e1tunkon kereszt\u00fcl, \u00e9s r\u00f6gt\u00f6n megragadott energikus, p\u00f6rg\u0151s, sz\u00f3rakoztat\u00f3 szem\u00e9lyis\u00e9ge. Amikor elmes\u00e9lte, mivel foglalkozik, engem, a v\u00e1rosi, a vid\u00e9khez alig-alig k\u00f6t\u0151d\u0151 embert is beszippantott a matyodesign t\u00f6rt\u00e9nete, \u00e9s azonnal felkeltette az \u00e9rdekl\u0151d\u00e9semet. A t\u00e1rsadalmi felel\u0151ss\u00e9gv\u00e1llal\u00e1s, a m\u00e1sok ir\u00e1nti odafigyel\u00e9s fontos sz\u00e1momra, ez\u00e9rt is nagyon szimpatikus az, ahogy ebben az apr\u00f3 kelet-magyarorsz\u00e1gi faluban az id\u0151sebb gener\u00e1ci\u00f3 ir\u00e1nti odafigyel\u00e9ssel ilyen \u00e9rt\u00e9kes kincset alkotnak.<\/p>\n<p>A vil\u00e1g vezet\u0151 farmerc\u00e9g\u00e9n\u00e9l elt\u00f6lt\u00f6tt h\u00fasz\u00a0\u00e9vem alatt szerzett szakmai tapasztalatomat mostant\u00f3l a matyodesign term\u00e9keinek fejleszt\u00e9s\u00e9ben is megpr\u00f3b\u00e1lom kamatoztatni. Rozival egy\u00fcttm\u0171k\u00f6dve \u00faj darabok kital\u00e1l\u00e1sa a feladat, hogy m\u00e9g sz\u00e9lesebb term\u00e9kpalett\u00e1val \u00f6rvendeztethess\u00fcnk meg benneteket. Biztos vagyok abban, hogy siker\u00fclni fog.<\/p>\n<\/div>\n\n\t\t<\/div>\n\t<\/div>\n<\/div><\/div><\/div><\/div>\n<\/section>","protected":false},"excerpt":{"rendered":"<p>If you&#8217;d like to discuss working with us, find out more about the range of services we have to offer, or just want to have a chat, please get in touch.<\/p>","protected":false},"author":1,"featured_media":0,"parent":0,"menu_order":0,"comment_status":"closed","ping_status":"closed","template":"","meta":{"footnotes":""},"class_list":["post-92679","page","type-page","status-publish","hentry"],"yoast_head":"<!-- This site is optimized with the Yoast SEO plugin v27.0 - https:\/\/yoast.com\/product\/yoast-seo-wordpress\/ -->\n<title>Bab\u00f3 Zsolt \u2013 Egyedi h\u00edmzett ruh\u00e1k - Matyodesign<\/title>\n<meta name=\"description\" content=\"Bab\u00f3 Zsolt szak\u00e9rtelm\u00e9vel seg\u00edti a Matyodesign csapat\u00e1t: maty\u00f3 mint\u00e1s ruh\u00e1k \u00e9s egyedi h\u00edmzett p\u00f3l\u00f3k, hagyom\u00e1nyos mint\u00e1k modern ruh\u00e1kon, \u00fajragondolva.\" \/>\n<meta name=\"robots\" content=\"index, follow, max-snippet:-1, max-image-preview:large, max-video-preview:-1\" \/>\n<link rel=\"canonical\" href=\"https:\/\/matyodesign.hu\/de\/babo_zsolt\/\" \/>\n<meta property=\"og:locale\" content=\"de_DE\" \/>\n<meta property=\"og:type\" content=\"article\" \/>\n<meta property=\"og:title\" content=\"Bab\u00f3 Zsolt \u2013 Egyedi h\u00edmzett ruh\u00e1k - Matyodesign\" \/>\n<meta property=\"og:description\" content=\"Bab\u00f3 Zsolt szak\u00e9rtelm\u00e9vel seg\u00edti a Matyodesign csapat\u00e1t: maty\u00f3 mint\u00e1s ruh\u00e1k \u00e9s egyedi h\u00edmzett p\u00f3l\u00f3k, hagyom\u00e1nyos mint\u00e1k modern ruh\u00e1kon, \u00fajragondolva.\" \/>\n<meta property=\"og:url\" content=\"https:\/\/matyodesign.hu\/de\/babo_zsolt\/\" \/>\n<meta property=\"og:site_name\" content=\"matyodesign\" \/>\n<meta property=\"article:modified_time\" content=\"2025-04-11T08:55:43+00:00\" \/>\n<meta name=\"twitter:card\" content=\"summary_large_image\" \/>\n<meta name=\"twitter:label1\" content=\"Gesch\u00e4tzte Lesezeit\" \/>\n\t<meta name=\"twitter:data1\" content=\"1\u00a0Minute\" \/>\n<script type=\"application\/ld+json\" class=\"yoast-schema-graph\">{\"@context\":\"https:\/\/schema.org\",\"@graph\":[{\"@type\":\"WebPage\",\"@id\":\"https:\/\/matyodesign.hu\/babo_zsolt\/\",\"url\":\"https:\/\/matyodesign.hu\/babo_zsolt\/\",\"name\":\"Bab\u00f3 Zsolt \u2013 Egyedi h\u00edmzett ruh\u00e1k - Matyodesign\",\"isPartOf\":{\"@id\":\"https:\/\/matyodesign.hu\/#website\"},\"datePublished\":\"2023-03-09T18:07:43+00:00\",\"dateModified\":\"2025-04-11T08:55:43+00:00\",\"description\":\"Bab\u00f3 Zsolt szak\u00e9rtelm\u00e9vel seg\u00edti a Matyodesign csapat\u00e1t: maty\u00f3 mint\u00e1s ruh\u00e1k \u00e9s egyedi h\u00edmzett p\u00f3l\u00f3k, hagyom\u00e1nyos mint\u00e1k modern ruh\u00e1kon, \u00fajragondolva.\",\"breadcrumb\":{\"@id\":\"https:\/\/matyodesign.hu\/babo_zsolt\/#breadcrumb\"},\"inLanguage\":\"de\",\"potentialAction\":[{\"@type\":\"ReadAction\",\"target\":[\"https:\/\/matyodesign.hu\/babo_zsolt\/\"]}]},{\"@type\":\"BreadcrumbList\",\"@id\":\"https:\/\/matyodesign.hu\/babo_zsolt\/#breadcrumb\",\"itemListElement\":[{\"@type\":\"ListItem\",\"position\":1,\"name\":\"Kezd\u0151lap\",\"item\":\"https:\/\/matyodesign.hu\/\"},{\"@type\":\"ListItem\",\"position\":2,\"name\":\"Bab\u00f3 Zsolt\"}]},{\"@type\":\"WebSite\",\"@id\":\"https:\/\/matyodesign.hu\/#website\",\"url\":\"https:\/\/matyodesign.hu\/\",\"name\":\"matyodesign\",\"description\":\"K\u00e9zzel. Szeretettel. Neked.\",\"potentialAction\":[{\"@type\":\"SearchAction\",\"target\":{\"@type\":\"EntryPoint\",\"urlTemplate\":\"https:\/\/matyodesign.hu\/?s={search_term_string}\"},\"query-input\":{\"@type\":\"PropertyValueSpecification\",\"valueRequired\":true,\"valueName\":\"search_term_string\"}}],\"inLanguage\":\"de\"}]}<\/script>\n<!-- \/ Yoast SEO plugin. -->","yoast_head_json":{"title":"Bab\u00f3 Zsolt \u2013 Egyedi h\u00edmzett ruh\u00e1k - Matyodesign","description":"Bab\u00f3 Zsolt szak\u00e9rtelm\u00e9vel seg\u00edti a Matyodesign csapat\u00e1t: maty\u00f3 mint\u00e1s ruh\u00e1k \u00e9s egyedi h\u00edmzett p\u00f3l\u00f3k, hagyom\u00e1nyos mint\u00e1k modern ruh\u00e1kon, \u00fajragondolva.","robots":{"index":"index","follow":"follow","max-snippet":"max-snippet:-1","max-image-preview":"max-image-preview:large","max-video-preview":"max-video-preview:-1"},"canonical":"https:\/\/matyodesign.hu\/de\/babo_zsolt\/","og_locale":"de_DE","og_type":"article","og_title":"Bab\u00f3 Zsolt \u2013 Egyedi h\u00edmzett ruh\u00e1k - Matyodesign","og_description":"Bab\u00f3 Zsolt szak\u00e9rtelm\u00e9vel seg\u00edti a Matyodesign csapat\u00e1t: maty\u00f3 mint\u00e1s ruh\u00e1k \u00e9s egyedi h\u00edmzett p\u00f3l\u00f3k, hagyom\u00e1nyos mint\u00e1k modern ruh\u00e1kon, \u00fajragondolva.","og_url":"https:\/\/matyodesign.hu\/de\/babo_zsolt\/","og_site_name":"matyodesign","article_modified_time":"2025-04-11T08:55:43+00:00","twitter_card":"summary_large_image","twitter_misc":{"Gesch\u00e4tzte Lesezeit":"1\u00a0Minute"},"schema":{"@context":"https:\/\/schema.org","@graph":[{"@type":"WebPage","@id":"https:\/\/matyodesign.hu\/babo_zsolt\/","url":"https:\/\/matyodesign.hu\/babo_zsolt\/","name":"Bab\u00f3 Zsolt \u2013 Egyedi h\u00edmzett ruh\u00e1k - Matyodesign","isPartOf":{"@id":"https:\/\/matyodesign.hu\/#website"},"datePublished":"2023-03-09T18:07:43+00:00","dateModified":"2025-04-11T08:55:43+00:00","description":"Bab\u00f3 Zsolt szak\u00e9rtelm\u00e9vel seg\u00edti a Matyodesign csapat\u00e1t: maty\u00f3 mint\u00e1s ruh\u00e1k \u00e9s egyedi h\u00edmzett p\u00f3l\u00f3k, hagyom\u00e1nyos mint\u00e1k modern ruh\u00e1kon, \u00fajragondolva.","breadcrumb":{"@id":"https:\/\/matyodesign.hu\/babo_zsolt\/#breadcrumb"},"inLanguage":"de","potentialAction":[{"@type":"ReadAction","target":["https:\/\/matyodesign.hu\/babo_zsolt\/"]}]},{"@type":"BreadcrumbList","@id":"https:\/\/matyodesign.hu\/babo_zsolt\/#breadcrumb","itemListElement":[{"@type":"ListItem","position":1,"name":"Kezd\u0151lap","item":"https:\/\/matyodesign.hu\/"},{"@type":"ListItem","position":2,"name":"Bab\u00f3 Zsolt"}]},{"@type":"WebSite","@id":"https:\/\/matyodesign.hu\/#website","url":"https:\/\/matyodesign.hu\/","name":"matyodesign","description":"K\u00e9zzel. Szeretettel. Neked.","potentialAction":[{"@type":"SearchAction","target":{"@type":"EntryPoint","urlTemplate":"https:\/\/matyodesign.hu\/?s={search_term_string}"},"query-input":{"@type":"PropertyValueSpecification","valueRequired":true,"valueName":"search_term_string"}}],"inLanguage":"de"}]}},"_links":{"self":[{"href":"https:\/\/matyodesign.hu\/de\/wp-json\/wp\/v2\/pages\/92679","targetHints":{"allow":["GET"]}}],"collection":[{"href":"https:\/\/matyodesign.hu\/de\/wp-json\/wp\/v2\/pages"}],"about":[{"href":"https:\/\/matyodesign.hu\/de\/wp-json\/wp\/v2\/types\/page"}],"author":[{"embeddable":true,"href":"https:\/\/matyodesign.hu\/de\/wp-json\/wp\/v2\/users\/1"}],"replies":[{"embeddable":true,"href":"https:\/\/matyodesign.hu\/de\/wp-json\/wp\/v2\/comments?post=92679"}],"version-history":[{"count":3,"href":"https:\/\/matyodesign.hu\/de\/wp-json\/wp\/v2\/pages\/92679\/revisions"}],"predecessor-version":[{"id":99772,"href":"https:\/\/matyodesign.hu\/de\/wp-json\/wp\/v2\/pages\/92679\/revisions\/99772"}],"wp:attachment":[{"href":"https:\/\/matyodesign.hu\/de\/wp-json\/wp\/v2\/media?parent=92679"}],"curies":[{"name":"wp","href":"https:\/\/api.w.org\/{rel}","templated":true}]}}