{"id":100074,"date":"2024-05-29T11:11:38","date_gmt":"2024-05-29T09:11:38","guid":{"rendered":"https:\/\/2024.matyodesign.hu\/?post_type=product&#038;p=100074"},"modified":"2025-11-19T14:00:22","modified_gmt":"2025-11-19T13:00:22","slug":"polok","status":"publish","type":"product","link":"https:\/\/matyodesign.hu\/de\/produkt\/t-shirt\/","title":{"rendered":"T-SHIRT"},"content":{"rendered":"<p class=\"\" data-start=\"213\" data-end=\"521\">A hagyom\u00e1ny \u00e9s a modern st\u00edlus t\u00f6k\u00e9letes tal\u00e1lkoz\u00e1sa! Ezek a <strong data-start=\"272\" data-end=\"295\">k\u00e9zzel h\u00edmzett p\u00f3l\u00f3k<\/strong> klasszikus szab\u00e1s\u00faak, m\u00e9gis karakteres darabok, amelyeket a gy\u00f6ny\u00f6r\u0171 mint\u00e1k tesznek igaz\u00e1n k\u00fcl\u00f6nlegess\u00e9. A 96% pamut \u00e9s 4% elaszt\u00e1n anyag\u00f6sszet\u00e9telnek k\u00f6sz\u00f6nhet\u0151en kellemes viselet, rugalmas \u00e9s t\u00f6k\u00e9letesen illeszkedik az alakhoz.<\/p>\n<p class=\"\" data-start=\"523\" data-end=\"769\">Legyen sz\u00f3 h\u00e9tk\u00f6znapi szettekr\u0151l vagy k\u00fcl\u00f6nleges alkalmakr\u00f3l, a <strong>matyodesign k\u00e9zzel h\u00edmzett p\u00f3l\u00f3k<\/strong> k\u00f6nnyed eleganci\u00e1t \u00e9s egyedi megjelen\u00e9st k\u00f6lcs\u00f6n\u00f6znek visel\u0151j\u00e9nek. T\u00f6bb m\u00e9retben el\u00e9rhet\u0151, \u00edgy mindenki megtal\u00e1lhatja a sz\u00e1m\u00e1ra t\u00f6k\u00e9letes fazont.<\/p>\n<p class=\"\" data-start=\"337\" data-end=\"553\"><strong data-start=\"593\" data-end=\"604\">Mos\u00e1s:<\/strong> 30 fokon mos\u00f3g\u00e9pben moshat\u00f3, vasalhat\u00f3.<\/p>\n<p data-start=\"337\" data-end=\"553\">Schau im Webshop vorbei! <a href=\"https:\/\/matyodesign.hu\/de\/shop\/\">https:\/\/matyodesign.hu\/shop\/<\/a><\/p>\n<p><strong>Wusstest du?<\/strong><\/p>\n<p>Unsere handgefertigten Produkte bieten Arbeit f\u00fcr 45 Frauen in Tardo, einem kleinen Dorf im Nordosten Ungarns. Die Mission von matyodesign besteht nicht nur darin, die Tradition am Leben zu erhalten, sondern sie auch auf hohem Niveau neu zu erschaffen, mit Blick auf die Einzigartigkeit und gleichzeitig unter Ber\u00fccksichtigung der Herausforderungen der Gegenwart.<br \/>\nWir haben die matyodesign-Community gegr\u00fcndet, nicht zu vergessen die Bestrebungen, die mit den Herausforderungen der heutigen Welt \u00fcbereinstimmen: Wir leben in einem ethischen Gesch\u00e4ftsmodell, Wertsch\u00f6pfung im Laufe der Zeit anstelle von Wegwerfprodukten und verantwortungsvolles Einkaufen und Nachhaltigkeit sind dar\u00fcber hinaus auch wichtige Teile unseres Ethos zur Weitergabe der Werte der Vergangenheit. Die Maty\u00f3-Stickerei wurde in die UNESCO-Liste des geistigen und kulturellen Erbes aufgenommen.<\/p>\n<p data-start=\"1302\" data-end=\"1331\"><strong data-start=\"1305\" data-end=\"1329\">\u00c4hnliche Produkte:<\/strong><\/p>\n<ul data-start=\"1332\" data-end=\"1401\">\n<li data-start=\"1332\" data-end=\"1366\"><a href=\"https:\/\/matyodesign.hu\/de\/produkt\/himzett-garbo\/\">matyodesign h\u00edmzett garb\u00f3<\/a><\/li>\n<li data-start=\"1367\" data-end=\"1401\"><a href=\"https:\/\/matyodesign.hu\/de\/termek\/pasztel-puloverek\/\">matyodesign pasztel pul\u00f3ver<\/a><\/li>\n<\/ul>\n<p><strong>Wo Stil auf Tradition trifft<\/strong><br \/>\nDie matyodesign-Produkte bewahren nicht nur Traditionen, sondern vertreten auch einen modernen, umweltbewussten Ansatz. Mit deinem Kauf bereicherst du nicht nur deine Sammlung mit einem sch\u00f6nen Accessoire, sondern unterst\u00fctzt auch eine ungarische Handwerkergemeinschaft.<\/p>\n<p>Folge uns auch auf unserer Facebook-Seite:<span class=\"gmail-Apple-converted-space\">\u00a0<\/span><a href=\"https:\/\/www.facebook.com\/matyodesign\">https:\/\/www.facebook.com\/matyodesign<\/a><\/p>\n<p>Du findest uns auch auf Instagram:<span class=\"gmail-Apple-converted-space\">\u00a0<\/span><a href=\"https:\/\/www.instagram.com\/matyodesign\/\">https:\/\/www.instagram.com\/matyodesign\/<\/a><\/p>","protected":false},"excerpt":{"rendered":"<p class=\"translation-block\">So macht eine wundersch\u00f6ne Stickerei ein einfaches Kleidungsst\u00fcck cool\u2026 und dich auch!<\/p>\n<p>&nbsp;<\/p>\n<p>&nbsp;<\/p>","protected":false},"featured_media":98719,"template":"","meta":[],"product_brand":[],"product_cat":[79,367],"product_tag":[],"class_list":{"0":"post-100074","1":"product","2":"type-product","3":"status-publish","4":"has-post-thumbnail","6":"product_cat-noknek","7":"product_cat-polok","9":"first","10":"instock","11":"featured","12":"shipping-taxable","13":"purchasable","14":"product-type-variable"},"yoast_head":"<!-- This site is optimized with the Yoast SEO plugin v27.0 - https:\/\/yoast.com\/product\/yoast-seo-wordpress\/ -->\n<title>H\u00edmzett P\u00f3l\u00f3k \u2013 Egyedi h\u00edmzett p\u00f3l\u00f3k \u2013 Matyodesign<\/title>\n<meta name=\"description\" content=\"Fedezd fel h\u00edmzett p\u00f3l\u00f3inkat! Egy egyszer\u0171 ruhadarabot gy\u00f6ny\u00f6r\u0171 h\u00edmz\u00e9s tesz egyediv\u00e9. Tedd st\u00edlusoss\u00e1 a mindennapjaidat!\" \/>\n<meta name=\"robots\" content=\"index, follow, max-snippet:-1, max-image-preview:large, max-video-preview:-1\" \/>\n<link rel=\"canonical\" href=\"https:\/\/matyodesign.hu\/de\/produkt\/t-shirt\/\" \/>\n<meta property=\"og:locale\" content=\"de_DE\" \/>\n<meta property=\"og:type\" content=\"article\" \/>\n<meta property=\"og:title\" content=\"H\u00edmzett P\u00f3l\u00f3k \u2013 Egyedi h\u00edmzett p\u00f3l\u00f3k \u2013 Matyodesign\" \/>\n<meta property=\"og:description\" content=\"Fedezd fel h\u00edmzett p\u00f3l\u00f3inkat! Egy egyszer\u0171 ruhadarabot gy\u00f6ny\u00f6r\u0171 h\u00edmz\u00e9s tesz egyediv\u00e9. Tedd st\u00edlusoss\u00e1 a mindennapjaidat!\" \/>\n<meta property=\"og:url\" content=\"https:\/\/matyodesign.hu\/de\/produkt\/t-shirt\/\" \/>\n<meta property=\"og:site_name\" content=\"matyodesign\" \/>\n<meta property=\"article:modified_time\" content=\"2025-11-19T13:00:22+00:00\" \/>\n<meta property=\"og:image\" content=\"https:\/\/matyodesign.hu\/wp-content\/uploads\/2024\/02\/polo_fekete.jpg\" \/>\n\t<meta property=\"og:image:width\" content=\"1000\" \/>\n\t<meta property=\"og:image:height\" content=\"1000\" \/>\n\t<meta property=\"og:image:type\" content=\"image\/jpeg\" \/>\n<meta name=\"twitter:card\" content=\"summary_large_image\" \/>\n<meta name=\"twitter:label1\" content=\"Gesch\u00e4tzte Lesezeit\" \/>\n\t<meta name=\"twitter:data1\" content=\"2\u00a0Minuten\" \/>\n<script type=\"application\/ld+json\" class=\"yoast-schema-graph\">{\"@context\":\"https:\/\/schema.org\",\"@graph\":[{\"@type\":\"WebPage\",\"@id\":\"https:\/\/matyodesign.hu\/termek\/polok\/\",\"url\":\"https:\/\/matyodesign.hu\/termek\/polok\/\",\"name\":\"H\u00edmzett P\u00f3l\u00f3k \u2013 Egyedi h\u00edmzett p\u00f3l\u00f3k \u2013 Matyodesign\",\"isPartOf\":{\"@id\":\"https:\/\/matyodesign.hu\/#website\"},\"primaryImageOfPage\":{\"@id\":\"https:\/\/matyodesign.hu\/termek\/polok\/#primaryimage\"},\"image\":{\"@id\":\"https:\/\/matyodesign.hu\/termek\/polok\/#primaryimage\"},\"thumbnailUrl\":\"https:\/\/matyodesign.hu\/wp-content\/uploads\/2024\/02\/polo_fekete.jpg\",\"datePublished\":\"2024-05-29T09:11:38+00:00\",\"dateModified\":\"2025-11-19T13:00:22+00:00\",\"description\":\"Fedezd fel h\u00edmzett p\u00f3l\u00f3inkat! Egy egyszer\u0171 ruhadarabot gy\u00f6ny\u00f6r\u0171 h\u00edmz\u00e9s tesz egyediv\u00e9. Tedd st\u00edlusoss\u00e1 a mindennapjaidat!\",\"breadcrumb\":{\"@id\":\"https:\/\/matyodesign.hu\/termek\/polok\/#breadcrumb\"},\"inLanguage\":\"de\",\"potentialAction\":[{\"@type\":\"ReadAction\",\"target\":[\"https:\/\/matyodesign.hu\/termek\/polok\/\"]}]},{\"@type\":\"ImageObject\",\"inLanguage\":\"de\",\"@id\":\"https:\/\/matyodesign.hu\/termek\/polok\/#primaryimage\",\"url\":\"https:\/\/matyodesign.hu\/wp-content\/uploads\/2024\/02\/polo_fekete.jpg\",\"contentUrl\":\"https:\/\/matyodesign.hu\/wp-content\/uploads\/2024\/02\/polo_fekete.jpg\",\"width\":1000,\"height\":1000},{\"@type\":\"BreadcrumbList\",\"@id\":\"https:\/\/matyodesign.hu\/termek\/polok\/#breadcrumb\",\"itemListElement\":[{\"@type\":\"ListItem\",\"position\":1,\"name\":\"Kezd\u0151lap\",\"item\":\"https:\/\/matyodesign.hu\/\"},{\"@type\":\"ListItem\",\"position\":2,\"name\":\"Webshop\",\"item\":\"https:\/\/matyodesign.hu\/webshop\/\"},{\"@type\":\"ListItem\",\"position\":3,\"name\":\"P\u00d3L\u00d3K\"}]},{\"@type\":\"WebSite\",\"@id\":\"https:\/\/matyodesign.hu\/#website\",\"url\":\"https:\/\/matyodesign.hu\/\",\"name\":\"matyodesign\",\"description\":\"K\u00e9zzel. Szeretettel. Neked.\",\"potentialAction\":[{\"@type\":\"SearchAction\",\"target\":{\"@type\":\"EntryPoint\",\"urlTemplate\":\"https:\/\/matyodesign.hu\/?s={search_term_string}\"},\"query-input\":{\"@type\":\"PropertyValueSpecification\",\"valueRequired\":true,\"valueName\":\"search_term_string\"}}],\"inLanguage\":\"de\"}]}<\/script>\n<!-- \/ Yoast SEO plugin. -->","yoast_head_json":{"title":"H\u00edmzett P\u00f3l\u00f3k \u2013 Egyedi h\u00edmzett p\u00f3l\u00f3k \u2013 Matyodesign","description":"Fedezd fel h\u00edmzett p\u00f3l\u00f3inkat! Egy egyszer\u0171 ruhadarabot gy\u00f6ny\u00f6r\u0171 h\u00edmz\u00e9s tesz egyediv\u00e9. Tedd st\u00edlusoss\u00e1 a mindennapjaidat!","robots":{"index":"index","follow":"follow","max-snippet":"max-snippet:-1","max-image-preview":"max-image-preview:large","max-video-preview":"max-video-preview:-1"},"canonical":"https:\/\/matyodesign.hu\/de\/produkt\/t-shirt\/","og_locale":"de_DE","og_type":"article","og_title":"H\u00edmzett P\u00f3l\u00f3k \u2013 Egyedi h\u00edmzett p\u00f3l\u00f3k \u2013 Matyodesign","og_description":"Fedezd fel h\u00edmzett p\u00f3l\u00f3inkat! Egy egyszer\u0171 ruhadarabot gy\u00f6ny\u00f6r\u0171 h\u00edmz\u00e9s tesz egyediv\u00e9. Tedd st\u00edlusoss\u00e1 a mindennapjaidat!","og_url":"https:\/\/matyodesign.hu\/de\/produkt\/t-shirt\/","og_site_name":"matyodesign","article_modified_time":"2025-11-19T13:00:22+00:00","og_image":[{"width":1000,"height":1000,"url":"https:\/\/matyodesign.hu\/wp-content\/uploads\/2024\/02\/polo_fekete.jpg","type":"image\/jpeg"}],"twitter_card":"summary_large_image","twitter_misc":{"Gesch\u00e4tzte Lesezeit":"2\u00a0Minuten"},"schema":{"@context":"https:\/\/schema.org","@graph":[{"@type":"WebPage","@id":"https:\/\/matyodesign.hu\/termek\/polok\/","url":"https:\/\/matyodesign.hu\/termek\/polok\/","name":"H\u00edmzett P\u00f3l\u00f3k \u2013 Egyedi h\u00edmzett p\u00f3l\u00f3k \u2013 Matyodesign","isPartOf":{"@id":"https:\/\/matyodesign.hu\/#website"},"primaryImageOfPage":{"@id":"https:\/\/matyodesign.hu\/termek\/polok\/#primaryimage"},"image":{"@id":"https:\/\/matyodesign.hu\/termek\/polok\/#primaryimage"},"thumbnailUrl":"https:\/\/matyodesign.hu\/wp-content\/uploads\/2024\/02\/polo_fekete.jpg","datePublished":"2024-05-29T09:11:38+00:00","dateModified":"2025-11-19T13:00:22+00:00","description":"Fedezd fel h\u00edmzett p\u00f3l\u00f3inkat! Egy egyszer\u0171 ruhadarabot gy\u00f6ny\u00f6r\u0171 h\u00edmz\u00e9s tesz egyediv\u00e9. Tedd st\u00edlusoss\u00e1 a mindennapjaidat!","breadcrumb":{"@id":"https:\/\/matyodesign.hu\/termek\/polok\/#breadcrumb"},"inLanguage":"de","potentialAction":[{"@type":"ReadAction","target":["https:\/\/matyodesign.hu\/termek\/polok\/"]}]},{"@type":"ImageObject","inLanguage":"de","@id":"https:\/\/matyodesign.hu\/termek\/polok\/#primaryimage","url":"https:\/\/matyodesign.hu\/wp-content\/uploads\/2024\/02\/polo_fekete.jpg","contentUrl":"https:\/\/matyodesign.hu\/wp-content\/uploads\/2024\/02\/polo_fekete.jpg","width":1000,"height":1000},{"@type":"BreadcrumbList","@id":"https:\/\/matyodesign.hu\/termek\/polok\/#breadcrumb","itemListElement":[{"@type":"ListItem","position":1,"name":"Kezd\u0151lap","item":"https:\/\/matyodesign.hu\/"},{"@type":"ListItem","position":2,"name":"Webshop","item":"https:\/\/matyodesign.hu\/webshop\/"},{"@type":"ListItem","position":3,"name":"P\u00d3L\u00d3K"}]},{"@type":"WebSite","@id":"https:\/\/matyodesign.hu\/#website","url":"https:\/\/matyodesign.hu\/","name":"matyodesign","description":"K\u00e9zzel. Szeretettel. Neked.","potentialAction":[{"@type":"SearchAction","target":{"@type":"EntryPoint","urlTemplate":"https:\/\/matyodesign.hu\/?s={search_term_string}"},"query-input":{"@type":"PropertyValueSpecification","valueRequired":true,"valueName":"search_term_string"}}],"inLanguage":"de"}]}},"_links":{"self":[{"href":"https:\/\/matyodesign.hu\/de\/wp-json\/wp\/v2\/product\/100074","targetHints":{"allow":["GET"]}}],"collection":[{"href":"https:\/\/matyodesign.hu\/de\/wp-json\/wp\/v2\/product"}],"about":[{"href":"https:\/\/matyodesign.hu\/de\/wp-json\/wp\/v2\/types\/product"}],"wp:featuredmedia":[{"embeddable":true,"href":"https:\/\/matyodesign.hu\/de\/wp-json\/wp\/v2\/media\/98719"}],"wp:attachment":[{"href":"https:\/\/matyodesign.hu\/de\/wp-json\/wp\/v2\/media?parent=100074"}],"wp:term":[{"taxonomy":"product_brand","embeddable":true,"href":"https:\/\/matyodesign.hu\/de\/wp-json\/wp\/v2\/product_brand?post=100074"},{"taxonomy":"product_cat","embeddable":true,"href":"https:\/\/matyodesign.hu\/de\/wp-json\/wp\/v2\/product_cat?post=100074"},{"taxonomy":"product_tag","embeddable":true,"href":"https:\/\/matyodesign.hu\/de\/wp-json\/wp\/v2\/product_tag?post=100074"}],"curies":[{"name":"wp","href":"https:\/\/api.w.org\/{rel}","templated":true}]}}