{"id":100075,"date":"2024-09-30T23:10:39","date_gmt":"2024-09-30T21:10:39","guid":{"rendered":"https:\/\/2024.matyodesign.hu\/?post_type=product&#038;p=100075"},"modified":"2026-03-27T10:32:45","modified_gmt":"2026-03-27T09:32:45","slug":"poncsok-4","status":"publish","type":"product","link":"https:\/\/matyodesign.hu\/de\/produkt\/poncho\/","title":{"rendered":"PONCHO"},"content":{"rendered":"<p data-start=\"21\" data-end=\"365\">A matyodesign egyik legkedveltebb darabja a poncs\u00f3, amely egyszerre praktikus \u00e9s st\u00edlusos viselet. K\u00e9nyelmes szab\u00e1s\u00e1nak \u00e9s puha anyag\u00e1nak k\u00f6sz\u00f6nhet\u0151en finoman k\u00f6rbe\u00f6lel, melegen tart a h\u0171v\u00f6s napokon, mik\u00f6zben k\u00f6nnyed eleganci\u00e1t k\u00f6lcs\u00f6n\u00f6z megjelen\u00e9sednek. Sz\u00ednei frissess\u00e9get \u00e9s vid\u00e1ms\u00e1got sug\u00e1roznak, \u00edgy minden alkalomra t\u00f6k\u00e9letes v\u00e1laszt\u00e1s.<\/p>\n<p data-start=\"367\" data-end=\"668\">A poncs\u00f3 szab\u00e1sa egyszer\u0171, m\u00e9gis k\u00fcl\u00f6nleges, \u00edgy k\u00f6nnyed\u00e9n kombin\u00e1lhatod h\u00e9tk\u00f6znapi \u00e9s eleg\u00e1nsabb szettekkel is. Egyar\u00e1nt j\u00f3l mutat farmerral, hossz\u00fa ruh\u00e1val vagy ak\u00e1r egy letisztult fekete nadr\u00e1ggal. Anyag\u00f6sszet\u00e9tele biztos\u00edtja, hogy kellemes tapint\u00e1s\u00fa, k\u00f6nny\u0171, ugyanakkor megfelel\u0151en meleg legyen.<\/p>\n<p data-start=\"670\" data-end=\"941\">Az id\u0151tlen design mellett fontos szempont volt a k\u00e9nyelem is, \u00edgy a poncs\u00f3 egy m\u00e9retben kaphat\u00f3, amely k\u00fcl\u00f6nb\u00f6z\u0151 testalkatokhoz is j\u00f3l illeszkedik. A viszk\u00f3z tartalm\u00e1nak k\u00f6sz\u00f6nhet\u0151en enyh\u00e9n rugalmas, \u00edgy nem szor\u00edt vagy korl\u00e1toz a mozg\u00e1sban, hanem igazodik visel\u0151j\u00e9hez.<\/p>\n<ul data-start=\"943\" data-end=\"1209\">\n<li data-start=\"943\" data-end=\"996\"><strong data-start=\"945\" data-end=\"969\">Egy m\u00e9retben kaphat\u00f3<\/strong>, \u00edgy k\u00f6nnyen illeszkedik<\/li>\n<li data-start=\"997\" data-end=\"1040\"><strong data-start=\"999\" data-end=\"1010\">Material:<\/strong> 88% poli\u00e9szter, 12% viszk\u00f3z<\/li>\n<li data-start=\"1041\" data-end=\"1089\"><strong data-start=\"1043\" data-end=\"1087\">30 fokon mos\u00f3g\u00e9pben moshat\u00f3 \u00e9s vasalhat\u00f3<\/strong><\/li>\n<\/ul>\n<p data-start=\"1211\" data-end=\"1346\">A poncs\u00f3 nem csup\u00e1n egy ruhadarab, hanem egy olyan kieg\u00e9sz\u00edt\u0151, amely kiemeli az egy\u00e9nis\u00e9gedet \u00e9s komfortot biztos\u00edt a mindennapokban.<\/p>\n<p data-start=\"1211\" data-end=\"1346\">Kapcsol\u00f3d\u00f3 term\u00e9k: <a href=\"https:\/\/matyodesign.hu\/de\/produkt\/rucksack\/\">https:\/\/matyodesign.hu\/termek\/hatizsak-2\/<\/a><\/p>\n<p><strong>Wusstest du?<\/strong><\/p>\n<p>Unsere handgefertigten Produkte bieten Arbeit f\u00fcr 45 Frauen in Tardo, einem kleinen Dorf im Nordosten Ungarns. Die Mission von matyodesign besteht nicht nur darin, die Tradition am Leben zu erhalten, sondern sie auch auf hohem Niveau neu zu erschaffen, mit Blick auf die Einzigartigkeit und gleichzeitig unter Ber\u00fccksichtigung der Herausforderungen der Gegenwart.<br \/>\nWir haben die matyodesign-Community gegr\u00fcndet, nicht zu vergessen die Bestrebungen, die mit den Herausforderungen der heutigen Welt \u00fcbereinstimmen: Wir leben in einem ethischen Gesch\u00e4ftsmodell, Wertsch\u00f6pfung im Laufe der Zeit anstelle von Wegwerfprodukten und verantwortungsvolles Einkaufen und Nachhaltigkeit sind dar\u00fcber hinaus auch wichtige Teile unseres Ethos zur Weitergabe der Werte der Vergangenheit. Die Maty\u00f3-Stickerei wurde in die UNESCO-Liste des geistigen und kulturellen Erbes aufgenommen.<\/p>\n<p>Folge uns auch auf unserer Facebook-Seite: <a href=\"https:\/\/www.facebook.com\/matyodesign\">https:\/\/www.facebook.com\/matyodesign<\/a><\/p>\n<p data-start=\"1211\" data-end=\"1346\">","protected":false},"excerpt":{"rendered":"<p class=\"p1\"><span class=\"s1\">Er umarmt dich sanft mit seinem weichen Material und seine Farben heitern auf. Der Poncho, der deine Seele und deinen K\u00f6rper w\u00e4rmt.<\/span><\/p>\n<p><strong>Einheitsgr\u00f6\u00dfe <\/strong><\/p>\n<p>Maschinenwaschbar bei 30 Grad + b\u00fcgelbar<\/p>\n<p>Material: 88 % Polyester, 12 % Viskose<\/p>\n<p>&nbsp;<\/p>\n<p>&nbsp;<\/p>","protected":false},"featured_media":101266,"template":"","meta":[],"product_brand":[],"product_cat":[79,368,94],"product_tag":[],"class_list":{"0":"post-100075","1":"product","2":"type-product","3":"status-publish","4":"has-post-thumbnail","6":"product_cat-noknek","7":"product_cat-poncsok","8":"product_cat-ujdonsagok","10":"first","11":"instock","12":"featured","13":"shipping-taxable","14":"purchasable","15":"product-type-variable"},"yoast_head":"<!-- This site is optimized with the Yoast SEO plugin v27.4 - https:\/\/yoast.com\/product\/yoast-seo-wordpress\/ -->\n<title>H\u00edmzett, egyedi, maty\u00f3 poncs\u00f3 \u2013 Matyodesign<\/title>\n<meta name=\"description\" content=\"Fedezd fel a k\u00e9zzel h\u00edmzett poncs\u00f3t, amely melegen tart a hideg napokon. St\u00edlusos, k\u00e9nyelmes \u00e9s fenntarthat\u00f3 anyagb\u00f3l k\u00e9sz\u00fclt, t\u00f6k\u00e9letes v\u00e1laszt\u00e1s!\" \/>\n<meta name=\"robots\" content=\"index, follow, max-snippet:-1, max-image-preview:large, max-video-preview:-1\" \/>\n<link rel=\"canonical\" href=\"https:\/\/matyodesign.hu\/de\/produkt\/poncho\/\" \/>\n<meta property=\"og:locale\" content=\"de_DE\" \/>\n<meta property=\"og:type\" content=\"article\" \/>\n<meta property=\"og:title\" content=\"H\u00edmzett, egyedi, maty\u00f3 poncs\u00f3 \u2013 Matyodesign\" \/>\n<meta property=\"og:description\" content=\"Fedezd fel a k\u00e9zzel h\u00edmzett poncs\u00f3t, amely melegen tart a hideg napokon. St\u00edlusos, k\u00e9nyelmes \u00e9s fenntarthat\u00f3 anyagb\u00f3l k\u00e9sz\u00fclt, t\u00f6k\u00e9letes v\u00e1laszt\u00e1s!\" \/>\n<meta property=\"og:url\" content=\"https:\/\/matyodesign.hu\/de\/produkt\/poncho\/\" \/>\n<meta property=\"og:site_name\" content=\"matyodesign\" \/>\n<meta property=\"article:modified_time\" content=\"2026-03-27T09:32:45+00:00\" \/>\n<meta property=\"og:image\" content=\"https:\/\/matyodesign.hu\/wp-content\/uploads\/2024\/09\/poncso_royal_blue_1.png\" \/>\n\t<meta property=\"og:image:width\" content=\"1080\" \/>\n\t<meta property=\"og:image:height\" content=\"1080\" \/>\n\t<meta property=\"og:image:type\" content=\"image\/png\" \/>\n<meta name=\"twitter:card\" content=\"summary_large_image\" \/>\n<meta name=\"twitter:label1\" content=\"Gesch\u00e4tzte Lesezeit\" \/>\n\t<meta name=\"twitter:data1\" content=\"2\u00a0Minuten\" \/>\n<script type=\"application\/ld+json\" class=\"yoast-schema-graph\">{\"@context\":\"https:\\\/\\\/schema.org\",\"@graph\":[{\"@type\":\"WebPage\",\"@id\":\"https:\\\/\\\/matyodesign.hu\\\/termek\\\/poncsok-4\\\/\",\"url\":\"https:\\\/\\\/matyodesign.hu\\\/termek\\\/poncsok-4\\\/\",\"name\":\"H\u00edmzett, egyedi, maty\u00f3 poncs\u00f3 \u2013 Matyodesign\",\"isPartOf\":{\"@id\":\"https:\\\/\\\/matyodesign.hu\\\/#website\"},\"primaryImageOfPage\":{\"@id\":\"https:\\\/\\\/matyodesign.hu\\\/termek\\\/poncsok-4\\\/#primaryimage\"},\"image\":{\"@id\":\"https:\\\/\\\/matyodesign.hu\\\/termek\\\/poncsok-4\\\/#primaryimage\"},\"thumbnailUrl\":\"https:\\\/\\\/matyodesign.hu\\\/wp-content\\\/uploads\\\/2024\\\/09\\\/poncso_royal_blue_1.png\",\"datePublished\":\"2024-09-30T21:10:39+00:00\",\"dateModified\":\"2026-03-27T09:32:45+00:00\",\"description\":\"Fedezd fel a k\u00e9zzel h\u00edmzett poncs\u00f3t, amely melegen tart a hideg napokon. St\u00edlusos, k\u00e9nyelmes \u00e9s fenntarthat\u00f3 anyagb\u00f3l k\u00e9sz\u00fclt, t\u00f6k\u00e9letes v\u00e1laszt\u00e1s!\",\"breadcrumb\":{\"@id\":\"https:\\\/\\\/matyodesign.hu\\\/termek\\\/poncsok-4\\\/#breadcrumb\"},\"inLanguage\":\"de\",\"potentialAction\":[{\"@type\":\"ReadAction\",\"target\":[\"https:\\\/\\\/matyodesign.hu\\\/termek\\\/poncsok-4\\\/\"]}]},{\"@type\":\"ImageObject\",\"inLanguage\":\"de\",\"@id\":\"https:\\\/\\\/matyodesign.hu\\\/termek\\\/poncsok-4\\\/#primaryimage\",\"url\":\"https:\\\/\\\/matyodesign.hu\\\/wp-content\\\/uploads\\\/2024\\\/09\\\/poncso_royal_blue_1.png\",\"contentUrl\":\"https:\\\/\\\/matyodesign.hu\\\/wp-content\\\/uploads\\\/2024\\\/09\\\/poncso_royal_blue_1.png\",\"width\":1080,\"height\":1080,\"caption\":\"Poncs\u00f3 kir\u00e1lyk\u00e9k, maty\u00f3 h\u00edmz\u00e9s ruh\u00e1k\"},{\"@type\":\"BreadcrumbList\",\"@id\":\"https:\\\/\\\/matyodesign.hu\\\/termek\\\/poncsok-4\\\/#breadcrumb\",\"itemListElement\":[{\"@type\":\"ListItem\",\"position\":1,\"name\":\"Kezd\u0151lap\",\"item\":\"https:\\\/\\\/matyodesign.hu\\\/\"},{\"@type\":\"ListItem\",\"position\":2,\"name\":\"Webshop\",\"item\":\"https:\\\/\\\/matyodesign.hu\\\/webshop\\\/\"},{\"@type\":\"ListItem\",\"position\":3,\"name\":\"PONCS\u00d3K\"}]},{\"@type\":\"WebSite\",\"@id\":\"https:\\\/\\\/matyodesign.hu\\\/#website\",\"url\":\"https:\\\/\\\/matyodesign.hu\\\/\",\"name\":\"matyodesign\",\"description\":\"K\u00e9zzel. Szeretettel. Neked.\",\"potentialAction\":[{\"@type\":\"SearchAction\",\"target\":{\"@type\":\"EntryPoint\",\"urlTemplate\":\"https:\\\/\\\/matyodesign.hu\\\/?s={search_term_string}\"},\"query-input\":{\"@type\":\"PropertyValueSpecification\",\"valueRequired\":true,\"valueName\":\"search_term_string\"}}],\"inLanguage\":\"de\"}]}<\/script>\n<!-- \/ Yoast SEO plugin. -->","yoast_head_json":{"title":"H\u00edmzett, egyedi, maty\u00f3 poncs\u00f3 \u2013 Matyodesign","description":"Fedezd fel a k\u00e9zzel h\u00edmzett poncs\u00f3t, amely melegen tart a hideg napokon. St\u00edlusos, k\u00e9nyelmes \u00e9s fenntarthat\u00f3 anyagb\u00f3l k\u00e9sz\u00fclt, t\u00f6k\u00e9letes v\u00e1laszt\u00e1s!","robots":{"index":"index","follow":"follow","max-snippet":"max-snippet:-1","max-image-preview":"max-image-preview:large","max-video-preview":"max-video-preview:-1"},"canonical":"https:\/\/matyodesign.hu\/de\/produkt\/poncho\/","og_locale":"de_DE","og_type":"article","og_title":"H\u00edmzett, egyedi, maty\u00f3 poncs\u00f3 \u2013 Matyodesign","og_description":"Fedezd fel a k\u00e9zzel h\u00edmzett poncs\u00f3t, amely melegen tart a hideg napokon. St\u00edlusos, k\u00e9nyelmes \u00e9s fenntarthat\u00f3 anyagb\u00f3l k\u00e9sz\u00fclt, t\u00f6k\u00e9letes v\u00e1laszt\u00e1s!","og_url":"https:\/\/matyodesign.hu\/de\/produkt\/poncho\/","og_site_name":"matyodesign","article_modified_time":"2026-03-27T09:32:45+00:00","og_image":[{"width":1080,"height":1080,"url":"https:\/\/matyodesign.hu\/wp-content\/uploads\/2024\/09\/poncso_royal_blue_1.png","type":"image\/png"}],"twitter_card":"summary_large_image","twitter_misc":{"Gesch\u00e4tzte Lesezeit":"2\u00a0Minuten"},"schema":{"@context":"https:\/\/schema.org","@graph":[{"@type":"WebPage","@id":"https:\/\/matyodesign.hu\/termek\/poncsok-4\/","url":"https:\/\/matyodesign.hu\/termek\/poncsok-4\/","name":"H\u00edmzett, egyedi, maty\u00f3 poncs\u00f3 \u2013 Matyodesign","isPartOf":{"@id":"https:\/\/matyodesign.hu\/#website"},"primaryImageOfPage":{"@id":"https:\/\/matyodesign.hu\/termek\/poncsok-4\/#primaryimage"},"image":{"@id":"https:\/\/matyodesign.hu\/termek\/poncsok-4\/#primaryimage"},"thumbnailUrl":"https:\/\/matyodesign.hu\/wp-content\/uploads\/2024\/09\/poncso_royal_blue_1.png","datePublished":"2024-09-30T21:10:39+00:00","dateModified":"2026-03-27T09:32:45+00:00","description":"Fedezd fel a k\u00e9zzel h\u00edmzett poncs\u00f3t, amely melegen tart a hideg napokon. St\u00edlusos, k\u00e9nyelmes \u00e9s fenntarthat\u00f3 anyagb\u00f3l k\u00e9sz\u00fclt, t\u00f6k\u00e9letes v\u00e1laszt\u00e1s!","breadcrumb":{"@id":"https:\/\/matyodesign.hu\/termek\/poncsok-4\/#breadcrumb"},"inLanguage":"de","potentialAction":[{"@type":"ReadAction","target":["https:\/\/matyodesign.hu\/termek\/poncsok-4\/"]}]},{"@type":"ImageObject","inLanguage":"de","@id":"https:\/\/matyodesign.hu\/termek\/poncsok-4\/#primaryimage","url":"https:\/\/matyodesign.hu\/wp-content\/uploads\/2024\/09\/poncso_royal_blue_1.png","contentUrl":"https:\/\/matyodesign.hu\/wp-content\/uploads\/2024\/09\/poncso_royal_blue_1.png","width":1080,"height":1080,"caption":"Poncs\u00f3 kir\u00e1lyk\u00e9k, maty\u00f3 h\u00edmz\u00e9s ruh\u00e1k"},{"@type":"BreadcrumbList","@id":"https:\/\/matyodesign.hu\/termek\/poncsok-4\/#breadcrumb","itemListElement":[{"@type":"ListItem","position":1,"name":"Kezd\u0151lap","item":"https:\/\/matyodesign.hu\/"},{"@type":"ListItem","position":2,"name":"Webshop","item":"https:\/\/matyodesign.hu\/webshop\/"},{"@type":"ListItem","position":3,"name":"PONCS\u00d3K"}]},{"@type":"WebSite","@id":"https:\/\/matyodesign.hu\/#website","url":"https:\/\/matyodesign.hu\/","name":"matyodesign","description":"K\u00e9zzel. Szeretettel. Neked.","potentialAction":[{"@type":"SearchAction","target":{"@type":"EntryPoint","urlTemplate":"https:\/\/matyodesign.hu\/?s={search_term_string}"},"query-input":{"@type":"PropertyValueSpecification","valueRequired":true,"valueName":"search_term_string"}}],"inLanguage":"de"}]}},"_links":{"self":[{"href":"https:\/\/matyodesign.hu\/de\/wp-json\/wp\/v2\/product\/100075","targetHints":{"allow":["GET"]}}],"collection":[{"href":"https:\/\/matyodesign.hu\/de\/wp-json\/wp\/v2\/product"}],"about":[{"href":"https:\/\/matyodesign.hu\/de\/wp-json\/wp\/v2\/types\/product"}],"wp:featuredmedia":[{"embeddable":true,"href":"https:\/\/matyodesign.hu\/de\/wp-json\/wp\/v2\/media\/101266"}],"wp:attachment":[{"href":"https:\/\/matyodesign.hu\/de\/wp-json\/wp\/v2\/media?parent=100075"}],"wp:term":[{"taxonomy":"product_brand","embeddable":true,"href":"https:\/\/matyodesign.hu\/de\/wp-json\/wp\/v2\/product_brand?post=100075"},{"taxonomy":"product_cat","embeddable":true,"href":"https:\/\/matyodesign.hu\/de\/wp-json\/wp\/v2\/product_cat?post=100075"},{"taxonomy":"product_tag","embeddable":true,"href":"https:\/\/matyodesign.hu\/de\/wp-json\/wp\/v2\/product_tag?post=100075"}],"curies":[{"name":"wp","href":"https:\/\/api.w.org\/{rel}","templated":true}]}}