{"id":100084,"date":"2024-05-29T11:11:42","date_gmt":"2024-05-29T09:11:42","guid":{"rendered":"https:\/\/2024.matyodesign.hu\/?post_type=product&#038;p=100084"},"modified":"2026-02-28T20:53:23","modified_gmt":"2026-02-28T19:53:23","slug":"vaszonszatyor-3","status":"publish","type":"product","link":"https:\/\/matyodesign.hu\/de\/produkt\/stofftasche\/","title":{"rendered":"STOFFTASCHE"},"content":{"rendered":"","protected":false},"excerpt":{"rendered":"<p class=\"p1\">Schwarze Stofftasche \u2013 Lass die Plastikt\u00fcten liegen!<\/p>\n<p><strong>Material:\u00a0<\/strong>100% Baumwolle<br \/>\n<strong>GR\u00d6\u00dfE:\u00a0<\/strong>38\u00d742 cm, ca. Mit 70 cm langen Ohren, formstabiler Naht<br \/>\n<strong>Einheitsgr\u00f6\u00dfe<\/strong><\/p>","protected":false},"featured_media":98766,"template":"","meta":[],"product_brand":[],"product_cat":[85,27],"product_tag":[],"class_list":{"0":"post-100084","1":"product","2":"type-product","3":"status-publish","4":"has-post-thumbnail","6":"product_cat-kiegeszito","7":"product_cat-zero-waste","9":"first","10":"instock","11":"shipping-taxable","12":"purchasable","13":"product-type-variable"},"yoast_head":"<!-- This site is optimized with the Yoast SEO plugin v27.0 - https:\/\/yoast.com\/product\/yoast-seo-wordpress\/ -->\n<title>V\u00e1szont\u00e1ska \u2013 H\u00edmzett n\u0151i t\u00e1ska - Matyodesign<\/title>\n<meta name=\"description\" content=\"V\u00e1szont\u00e1ska 100% pamutb\u00f3l, h\u00edmzett mint\u00e1val! A praktikus, st\u00edlusos t\u00e1ska ide\u00e1lis kieg\u00e9sz\u00edt\u0151je lehet mindennapjaidnak. V\u00e1s\u00e1rl\u00e1s itt!\" \/>\n<meta name=\"robots\" content=\"index, follow, max-snippet:-1, max-image-preview:large, max-video-preview:-1\" \/>\n<link rel=\"canonical\" href=\"https:\/\/matyodesign.hu\/de\/produkt\/stofftasche\/\" \/>\n<meta property=\"og:locale\" content=\"de_DE\" \/>\n<meta property=\"og:type\" content=\"article\" \/>\n<meta property=\"og:title\" content=\"V\u00e1szont\u00e1ska \u2013 H\u00edmzett n\u0151i t\u00e1ska - Matyodesign\" \/>\n<meta property=\"og:description\" content=\"V\u00e1szont\u00e1ska 100% pamutb\u00f3l, h\u00edmzett mint\u00e1val! A praktikus, st\u00edlusos t\u00e1ska ide\u00e1lis kieg\u00e9sz\u00edt\u0151je lehet mindennapjaidnak. V\u00e1s\u00e1rl\u00e1s itt!\" \/>\n<meta property=\"og:url\" content=\"https:\/\/matyodesign.hu\/de\/produkt\/stofftasche\/\" \/>\n<meta property=\"og:site_name\" content=\"matyodesign\" \/>\n<meta property=\"article:modified_time\" content=\"2026-02-28T19:53:23+00:00\" \/>\n<meta property=\"og:image\" content=\"https:\/\/matyodesign.hu\/wp-content\/uploads\/2024\/02\/szatyor.jpg\" \/>\n\t<meta property=\"og:image:width\" content=\"1000\" \/>\n\t<meta property=\"og:image:height\" content=\"1000\" \/>\n\t<meta property=\"og:image:type\" content=\"image\/jpeg\" \/>\n<meta name=\"twitter:card\" content=\"summary_large_image\" \/>\n<meta name=\"twitter:label1\" content=\"Gesch\u00e4tzte Lesezeit\" \/>\n\t<meta name=\"twitter:data1\" content=\"1\u00a0Minute\" \/>\n<script type=\"application\/ld+json\" class=\"yoast-schema-graph\">{\"@context\":\"https:\/\/schema.org\",\"@graph\":[{\"@type\":\"WebPage\",\"@id\":\"https:\/\/matyodesign.hu\/termek\/vaszonszatyor-3\/\",\"url\":\"https:\/\/matyodesign.hu\/termek\/vaszonszatyor-3\/\",\"name\":\"V\u00e1szont\u00e1ska \u2013 H\u00edmzett n\u0151i t\u00e1ska - Matyodesign\",\"isPartOf\":{\"@id\":\"https:\/\/matyodesign.hu\/#website\"},\"primaryImageOfPage\":{\"@id\":\"https:\/\/matyodesign.hu\/termek\/vaszonszatyor-3\/#primaryimage\"},\"image\":{\"@id\":\"https:\/\/matyodesign.hu\/termek\/vaszonszatyor-3\/#primaryimage\"},\"thumbnailUrl\":\"https:\/\/matyodesign.hu\/wp-content\/uploads\/2024\/02\/szatyor.jpg\",\"datePublished\":\"2024-05-29T09:11:42+00:00\",\"dateModified\":\"2026-02-28T19:53:23+00:00\",\"description\":\"V\u00e1szont\u00e1ska 100% pamutb\u00f3l, h\u00edmzett mint\u00e1val! A praktikus, st\u00edlusos t\u00e1ska ide\u00e1lis kieg\u00e9sz\u00edt\u0151je lehet mindennapjaidnak. V\u00e1s\u00e1rl\u00e1s itt!\",\"breadcrumb\":{\"@id\":\"https:\/\/matyodesign.hu\/termek\/vaszonszatyor-3\/#breadcrumb\"},\"inLanguage\":\"de\",\"potentialAction\":[{\"@type\":\"ReadAction\",\"target\":[\"https:\/\/matyodesign.hu\/termek\/vaszonszatyor-3\/\"]}]},{\"@type\":\"ImageObject\",\"inLanguage\":\"de\",\"@id\":\"https:\/\/matyodesign.hu\/termek\/vaszonszatyor-3\/#primaryimage\",\"url\":\"https:\/\/matyodesign.hu\/wp-content\/uploads\/2024\/02\/szatyor.jpg\",\"contentUrl\":\"https:\/\/matyodesign.hu\/wp-content\/uploads\/2024\/02\/szatyor.jpg\",\"width\":1000,\"height\":1000,\"caption\":\"V\u00e1szont\u00e1ska fekete lila, maty\u00f3 h\u00edmz\u00e9ses ruhanem\u0171\"},{\"@type\":\"BreadcrumbList\",\"@id\":\"https:\/\/matyodesign.hu\/termek\/vaszonszatyor-3\/#breadcrumb\",\"itemListElement\":[{\"@type\":\"ListItem\",\"position\":1,\"name\":\"Kezd\u0151lap\",\"item\":\"https:\/\/matyodesign.hu\/\"},{\"@type\":\"ListItem\",\"position\":2,\"name\":\"Webshop\",\"item\":\"https:\/\/matyodesign.hu\/webshop\/\"},{\"@type\":\"ListItem\",\"position\":3,\"name\":\"V\u00c1SZONSZATYOR\"}]},{\"@type\":\"WebSite\",\"@id\":\"https:\/\/matyodesign.hu\/#website\",\"url\":\"https:\/\/matyodesign.hu\/\",\"name\":\"matyodesign\",\"description\":\"K\u00e9zzel. Szeretettel. Neked.\",\"potentialAction\":[{\"@type\":\"SearchAction\",\"target\":{\"@type\":\"EntryPoint\",\"urlTemplate\":\"https:\/\/matyodesign.hu\/?s={search_term_string}\"},\"query-input\":{\"@type\":\"PropertyValueSpecification\",\"valueRequired\":true,\"valueName\":\"search_term_string\"}}],\"inLanguage\":\"de\"}]}<\/script>\n<!-- \/ Yoast SEO plugin. -->","yoast_head_json":{"title":"V\u00e1szont\u00e1ska \u2013 H\u00edmzett n\u0151i t\u00e1ska - Matyodesign","description":"V\u00e1szont\u00e1ska 100% pamutb\u00f3l, h\u00edmzett mint\u00e1val! A praktikus, st\u00edlusos t\u00e1ska ide\u00e1lis kieg\u00e9sz\u00edt\u0151je lehet mindennapjaidnak. V\u00e1s\u00e1rl\u00e1s itt!","robots":{"index":"index","follow":"follow","max-snippet":"max-snippet:-1","max-image-preview":"max-image-preview:large","max-video-preview":"max-video-preview:-1"},"canonical":"https:\/\/matyodesign.hu\/de\/produkt\/stofftasche\/","og_locale":"de_DE","og_type":"article","og_title":"V\u00e1szont\u00e1ska \u2013 H\u00edmzett n\u0151i t\u00e1ska - Matyodesign","og_description":"V\u00e1szont\u00e1ska 100% pamutb\u00f3l, h\u00edmzett mint\u00e1val! A praktikus, st\u00edlusos t\u00e1ska ide\u00e1lis kieg\u00e9sz\u00edt\u0151je lehet mindennapjaidnak. V\u00e1s\u00e1rl\u00e1s itt!","og_url":"https:\/\/matyodesign.hu\/de\/produkt\/stofftasche\/","og_site_name":"matyodesign","article_modified_time":"2026-02-28T19:53:23+00:00","og_image":[{"width":1000,"height":1000,"url":"https:\/\/matyodesign.hu\/wp-content\/uploads\/2024\/02\/szatyor.jpg","type":"image\/jpeg"}],"twitter_card":"summary_large_image","twitter_misc":{"Gesch\u00e4tzte Lesezeit":"1\u00a0Minute"},"schema":{"@context":"https:\/\/schema.org","@graph":[{"@type":"WebPage","@id":"https:\/\/matyodesign.hu\/termek\/vaszonszatyor-3\/","url":"https:\/\/matyodesign.hu\/termek\/vaszonszatyor-3\/","name":"V\u00e1szont\u00e1ska \u2013 H\u00edmzett n\u0151i t\u00e1ska - Matyodesign","isPartOf":{"@id":"https:\/\/matyodesign.hu\/#website"},"primaryImageOfPage":{"@id":"https:\/\/matyodesign.hu\/termek\/vaszonszatyor-3\/#primaryimage"},"image":{"@id":"https:\/\/matyodesign.hu\/termek\/vaszonszatyor-3\/#primaryimage"},"thumbnailUrl":"https:\/\/matyodesign.hu\/wp-content\/uploads\/2024\/02\/szatyor.jpg","datePublished":"2024-05-29T09:11:42+00:00","dateModified":"2026-02-28T19:53:23+00:00","description":"V\u00e1szont\u00e1ska 100% pamutb\u00f3l, h\u00edmzett mint\u00e1val! A praktikus, st\u00edlusos t\u00e1ska ide\u00e1lis kieg\u00e9sz\u00edt\u0151je lehet mindennapjaidnak. V\u00e1s\u00e1rl\u00e1s itt!","breadcrumb":{"@id":"https:\/\/matyodesign.hu\/termek\/vaszonszatyor-3\/#breadcrumb"},"inLanguage":"de","potentialAction":[{"@type":"ReadAction","target":["https:\/\/matyodesign.hu\/termek\/vaszonszatyor-3\/"]}]},{"@type":"ImageObject","inLanguage":"de","@id":"https:\/\/matyodesign.hu\/termek\/vaszonszatyor-3\/#primaryimage","url":"https:\/\/matyodesign.hu\/wp-content\/uploads\/2024\/02\/szatyor.jpg","contentUrl":"https:\/\/matyodesign.hu\/wp-content\/uploads\/2024\/02\/szatyor.jpg","width":1000,"height":1000,"caption":"V\u00e1szont\u00e1ska fekete lila, maty\u00f3 h\u00edmz\u00e9ses ruhanem\u0171"},{"@type":"BreadcrumbList","@id":"https:\/\/matyodesign.hu\/termek\/vaszonszatyor-3\/#breadcrumb","itemListElement":[{"@type":"ListItem","position":1,"name":"Kezd\u0151lap","item":"https:\/\/matyodesign.hu\/"},{"@type":"ListItem","position":2,"name":"Webshop","item":"https:\/\/matyodesign.hu\/webshop\/"},{"@type":"ListItem","position":3,"name":"V\u00c1SZONSZATYOR"}]},{"@type":"WebSite","@id":"https:\/\/matyodesign.hu\/#website","url":"https:\/\/matyodesign.hu\/","name":"matyodesign","description":"K\u00e9zzel. Szeretettel. Neked.","potentialAction":[{"@type":"SearchAction","target":{"@type":"EntryPoint","urlTemplate":"https:\/\/matyodesign.hu\/?s={search_term_string}"},"query-input":{"@type":"PropertyValueSpecification","valueRequired":true,"valueName":"search_term_string"}}],"inLanguage":"de"}]}},"_links":{"self":[{"href":"https:\/\/matyodesign.hu\/de\/wp-json\/wp\/v2\/product\/100084","targetHints":{"allow":["GET"]}}],"collection":[{"href":"https:\/\/matyodesign.hu\/de\/wp-json\/wp\/v2\/product"}],"about":[{"href":"https:\/\/matyodesign.hu\/de\/wp-json\/wp\/v2\/types\/product"}],"wp:featuredmedia":[{"embeddable":true,"href":"https:\/\/matyodesign.hu\/de\/wp-json\/wp\/v2\/media\/98766"}],"wp:attachment":[{"href":"https:\/\/matyodesign.hu\/de\/wp-json\/wp\/v2\/media?parent=100084"}],"wp:term":[{"taxonomy":"product_brand","embeddable":true,"href":"https:\/\/matyodesign.hu\/de\/wp-json\/wp\/v2\/product_brand?post=100084"},{"taxonomy":"product_cat","embeddable":true,"href":"https:\/\/matyodesign.hu\/de\/wp-json\/wp\/v2\/product_cat?post=100084"},{"taxonomy":"product_tag","embeddable":true,"href":"https:\/\/matyodesign.hu\/de\/wp-json\/wp\/v2\/product_tag?post=100084"}],"curies":[{"name":"wp","href":"https:\/\/api.w.org\/{rel}","templated":true}]}}