{"id":100092,"date":"2024-05-29T11:11:45","date_gmt":"2024-05-29T09:11:45","guid":{"rendered":"https:\/\/2024.matyodesign.hu\/?post_type=product&#038;p=100092"},"modified":"2026-02-10T10:57:03","modified_gmt":"2026-02-10T09:57:03","slug":"laptop-tok","status":"publish","type":"product","link":"https:\/\/matyodesign.hu\/de\/produkt\/laptoptasche\/","title":{"rendered":"LAPTOPTASCHE"},"content":{"rendered":"","protected":false},"excerpt":{"rendered":"<p class=\"p1 translation-block\">St\u00edlusos, letisztult egyedi, k\u00e9zzel h\u00edmzett\u2026 egy ig\u00e9nyes t\u00e1rgy, hogy a munka is<br>\r\nmosolyra fakasszon<\/p>\n<p><strong>Einheitsgr\u00f6\u00dfe: kompatibel mit 15-Zoll-Laptops.<\/strong><\/p>\n<p>MATERIAL: 100 % Filz<br \/>\nGR\u00d6SSE: 41 cm x 30 cm (geschlossen)<\/p>","protected":false},"featured_media":103600,"template":"","meta":[],"product_brand":[],"product_cat":[85],"product_tag":[],"class_list":{"0":"post-100092","1":"product","2":"type-product","3":"status-publish","4":"has-post-thumbnail","6":"product_cat-kiegeszito","8":"first","9":"instock","10":"shipping-taxable","11":"purchasable","12":"product-type-variable"},"yoast_head":"<!-- This site is optimized with the Yoast SEO plugin v27.0 - https:\/\/yoast.com\/product\/yoast-seo-wordpress\/ -->\n<title>K\u00e9zzel h\u00edmzett laptop tok \u2013 Matyodesign Webshop<\/title>\n<meta name=\"description\" content=\"V\u00e1s\u00e1rolj st\u00edlusos h\u00edmzett laptop tokot a Matyodesign-t\u00f3l! Egyedi, letisztult diz\u00e1jn, 15-\u00f6s laptophoz, 100% filcb\u0151l, eleg\u00e1ns \u00e9s praktikus.\" \/>\n<meta name=\"robots\" content=\"index, follow, max-snippet:-1, max-image-preview:large, max-video-preview:-1\" \/>\n<link rel=\"canonical\" href=\"https:\/\/matyodesign.hu\/de\/produkt\/laptoptasche\/\" \/>\n<meta property=\"og:locale\" content=\"de_DE\" \/>\n<meta property=\"og:type\" content=\"article\" \/>\n<meta property=\"og:title\" content=\"K\u00e9zzel h\u00edmzett laptop tok \u2013 Matyodesign Webshop\" \/>\n<meta property=\"og:description\" content=\"V\u00e1s\u00e1rolj st\u00edlusos h\u00edmzett laptop tokot a Matyodesign-t\u00f3l! Egyedi, letisztult diz\u00e1jn, 15-\u00f6s laptophoz, 100% filcb\u0151l, eleg\u00e1ns \u00e9s praktikus.\" \/>\n<meta property=\"og:url\" content=\"https:\/\/matyodesign.hu\/de\/produkt\/laptoptasche\/\" \/>\n<meta property=\"og:site_name\" content=\"matyodesign\" \/>\n<meta property=\"article:modified_time\" content=\"2026-02-10T09:57:03+00:00\" \/>\n<meta property=\"og:image\" content=\"https:\/\/matyodesign.hu\/wp-content\/uploads\/2024\/05\/image00003-scaled.jpeg\" \/>\n\t<meta property=\"og:image:width\" content=\"2560\" \/>\n\t<meta property=\"og:image:height\" content=\"1920\" \/>\n\t<meta property=\"og:image:type\" content=\"image\/jpeg\" \/>\n<meta name=\"twitter:card\" content=\"summary_large_image\" \/>\n<meta name=\"twitter:label1\" content=\"Gesch\u00e4tzte Lesezeit\" \/>\n\t<meta name=\"twitter:data1\" content=\"1\u00a0Minute\" \/>\n<script type=\"application\/ld+json\" class=\"yoast-schema-graph\">{\"@context\":\"https:\/\/schema.org\",\"@graph\":[{\"@type\":\"WebPage\",\"@id\":\"https:\/\/matyodesign.hu\/termek\/laptop-tok\/\",\"url\":\"https:\/\/matyodesign.hu\/termek\/laptop-tok\/\",\"name\":\"K\u00e9zzel h\u00edmzett laptop tok \u2013 Matyodesign Webshop\",\"isPartOf\":{\"@id\":\"https:\/\/matyodesign.hu\/#website\"},\"primaryImageOfPage\":{\"@id\":\"https:\/\/matyodesign.hu\/termek\/laptop-tok\/#primaryimage\"},\"image\":{\"@id\":\"https:\/\/matyodesign.hu\/termek\/laptop-tok\/#primaryimage\"},\"thumbnailUrl\":\"https:\/\/matyodesign.hu\/wp-content\/uploads\/2024\/05\/image00003-scaled-e1764137886101.jpeg\",\"datePublished\":\"2024-05-29T09:11:45+00:00\",\"dateModified\":\"2026-02-10T09:57:03+00:00\",\"description\":\"V\u00e1s\u00e1rolj st\u00edlusos h\u00edmzett laptop tokot a Matyodesign-t\u00f3l! Egyedi, letisztult diz\u00e1jn, 15-\u00f6s laptophoz, 100% filcb\u0151l, eleg\u00e1ns \u00e9s praktikus.\",\"breadcrumb\":{\"@id\":\"https:\/\/matyodesign.hu\/termek\/laptop-tok\/#breadcrumb\"},\"inLanguage\":\"de\",\"potentialAction\":[{\"@type\":\"ReadAction\",\"target\":[\"https:\/\/matyodesign.hu\/termek\/laptop-tok\/\"]}]},{\"@type\":\"ImageObject\",\"inLanguage\":\"de\",\"@id\":\"https:\/\/matyodesign.hu\/termek\/laptop-tok\/#primaryimage\",\"url\":\"https:\/\/matyodesign.hu\/wp-content\/uploads\/2024\/05\/image00003-scaled-e1764137886101.jpeg\",\"contentUrl\":\"https:\/\/matyodesign.hu\/wp-content\/uploads\/2024\/05\/image00003-scaled-e1764137886101.jpeg\",\"width\":1920,\"height\":1920},{\"@type\":\"BreadcrumbList\",\"@id\":\"https:\/\/matyodesign.hu\/termek\/laptop-tok\/#breadcrumb\",\"itemListElement\":[{\"@type\":\"ListItem\",\"position\":1,\"name\":\"Kezd\u0151lap\",\"item\":\"https:\/\/matyodesign.hu\/\"},{\"@type\":\"ListItem\",\"position\":2,\"name\":\"Webshop\",\"item\":\"https:\/\/matyodesign.hu\/webshop\/\"},{\"@type\":\"ListItem\",\"position\":3,\"name\":\"LAPTOP TOK\"}]},{\"@type\":\"WebSite\",\"@id\":\"https:\/\/matyodesign.hu\/#website\",\"url\":\"https:\/\/matyodesign.hu\/\",\"name\":\"matyodesign\",\"description\":\"K\u00e9zzel. Szeretettel. Neked.\",\"potentialAction\":[{\"@type\":\"SearchAction\",\"target\":{\"@type\":\"EntryPoint\",\"urlTemplate\":\"https:\/\/matyodesign.hu\/?s={search_term_string}\"},\"query-input\":{\"@type\":\"PropertyValueSpecification\",\"valueRequired\":true,\"valueName\":\"search_term_string\"}}],\"inLanguage\":\"de\"}]}<\/script>\n<!-- \/ Yoast SEO plugin. -->","yoast_head_json":{"title":"K\u00e9zzel h\u00edmzett laptop tok \u2013 Matyodesign Webshop","description":"V\u00e1s\u00e1rolj st\u00edlusos h\u00edmzett laptop tokot a Matyodesign-t\u00f3l! Egyedi, letisztult diz\u00e1jn, 15-\u00f6s laptophoz, 100% filcb\u0151l, eleg\u00e1ns \u00e9s praktikus.","robots":{"index":"index","follow":"follow","max-snippet":"max-snippet:-1","max-image-preview":"max-image-preview:large","max-video-preview":"max-video-preview:-1"},"canonical":"https:\/\/matyodesign.hu\/de\/produkt\/laptoptasche\/","og_locale":"de_DE","og_type":"article","og_title":"K\u00e9zzel h\u00edmzett laptop tok \u2013 Matyodesign Webshop","og_description":"V\u00e1s\u00e1rolj st\u00edlusos h\u00edmzett laptop tokot a Matyodesign-t\u00f3l! Egyedi, letisztult diz\u00e1jn, 15-\u00f6s laptophoz, 100% filcb\u0151l, eleg\u00e1ns \u00e9s praktikus.","og_url":"https:\/\/matyodesign.hu\/de\/produkt\/laptoptasche\/","og_site_name":"matyodesign","article_modified_time":"2026-02-10T09:57:03+00:00","og_image":[{"width":2560,"height":1920,"url":"https:\/\/matyodesign.hu\/wp-content\/uploads\/2024\/05\/image00003-scaled.jpeg","type":"image\/jpeg"}],"twitter_card":"summary_large_image","twitter_misc":{"Gesch\u00e4tzte Lesezeit":"1\u00a0Minute"},"schema":{"@context":"https:\/\/schema.org","@graph":[{"@type":"WebPage","@id":"https:\/\/matyodesign.hu\/termek\/laptop-tok\/","url":"https:\/\/matyodesign.hu\/termek\/laptop-tok\/","name":"K\u00e9zzel h\u00edmzett laptop tok \u2013 Matyodesign Webshop","isPartOf":{"@id":"https:\/\/matyodesign.hu\/#website"},"primaryImageOfPage":{"@id":"https:\/\/matyodesign.hu\/termek\/laptop-tok\/#primaryimage"},"image":{"@id":"https:\/\/matyodesign.hu\/termek\/laptop-tok\/#primaryimage"},"thumbnailUrl":"https:\/\/matyodesign.hu\/wp-content\/uploads\/2024\/05\/image00003-scaled-e1764137886101.jpeg","datePublished":"2024-05-29T09:11:45+00:00","dateModified":"2026-02-10T09:57:03+00:00","description":"V\u00e1s\u00e1rolj st\u00edlusos h\u00edmzett laptop tokot a Matyodesign-t\u00f3l! Egyedi, letisztult diz\u00e1jn, 15-\u00f6s laptophoz, 100% filcb\u0151l, eleg\u00e1ns \u00e9s praktikus.","breadcrumb":{"@id":"https:\/\/matyodesign.hu\/termek\/laptop-tok\/#breadcrumb"},"inLanguage":"de","potentialAction":[{"@type":"ReadAction","target":["https:\/\/matyodesign.hu\/termek\/laptop-tok\/"]}]},{"@type":"ImageObject","inLanguage":"de","@id":"https:\/\/matyodesign.hu\/termek\/laptop-tok\/#primaryimage","url":"https:\/\/matyodesign.hu\/wp-content\/uploads\/2024\/05\/image00003-scaled-e1764137886101.jpeg","contentUrl":"https:\/\/matyodesign.hu\/wp-content\/uploads\/2024\/05\/image00003-scaled-e1764137886101.jpeg","width":1920,"height":1920},{"@type":"BreadcrumbList","@id":"https:\/\/matyodesign.hu\/termek\/laptop-tok\/#breadcrumb","itemListElement":[{"@type":"ListItem","position":1,"name":"Kezd\u0151lap","item":"https:\/\/matyodesign.hu\/"},{"@type":"ListItem","position":2,"name":"Webshop","item":"https:\/\/matyodesign.hu\/webshop\/"},{"@type":"ListItem","position":3,"name":"LAPTOP TOK"}]},{"@type":"WebSite","@id":"https:\/\/matyodesign.hu\/#website","url":"https:\/\/matyodesign.hu\/","name":"matyodesign","description":"K\u00e9zzel. Szeretettel. Neked.","potentialAction":[{"@type":"SearchAction","target":{"@type":"EntryPoint","urlTemplate":"https:\/\/matyodesign.hu\/?s={search_term_string}"},"query-input":{"@type":"PropertyValueSpecification","valueRequired":true,"valueName":"search_term_string"}}],"inLanguage":"de"}]}},"_links":{"self":[{"href":"https:\/\/matyodesign.hu\/de\/wp-json\/wp\/v2\/product\/100092","targetHints":{"allow":["GET"]}}],"collection":[{"href":"https:\/\/matyodesign.hu\/de\/wp-json\/wp\/v2\/product"}],"about":[{"href":"https:\/\/matyodesign.hu\/de\/wp-json\/wp\/v2\/types\/product"}],"wp:featuredmedia":[{"embeddable":true,"href":"https:\/\/matyodesign.hu\/de\/wp-json\/wp\/v2\/media\/103600"}],"wp:attachment":[{"href":"https:\/\/matyodesign.hu\/de\/wp-json\/wp\/v2\/media?parent=100092"}],"wp:term":[{"taxonomy":"product_brand","embeddable":true,"href":"https:\/\/matyodesign.hu\/de\/wp-json\/wp\/v2\/product_brand?post=100092"},{"taxonomy":"product_cat","embeddable":true,"href":"https:\/\/matyodesign.hu\/de\/wp-json\/wp\/v2\/product_cat?post=100092"},{"taxonomy":"product_tag","embeddable":true,"href":"https:\/\/matyodesign.hu\/de\/wp-json\/wp\/v2\/product_tag?post=100092"}],"curies":[{"name":"wp","href":"https:\/\/api.w.org\/{rel}","templated":true}]}}