{"id":100093,"date":"2024-05-29T11:11:46","date_gmt":"2024-05-29T09:11:46","guid":{"rendered":"https:\/\/2024.matyodesign.hu\/?post_type=product&#038;p=100093"},"modified":"2025-06-25T14:30:24","modified_gmt":"2025-06-25T12:30:24","slug":"agynemu-szett","status":"publish","type":"product","link":"https:\/\/matyodesign.hu\/de\/produkt\/bettwasche-set-fur-doppelbett\/","title":{"rendered":"BETTW\u00c4SCHE-SET F\u00dcR DOPPELBETT"},"content":{"rendered":"","protected":false},"excerpt":{"rendered":"<p class=\"p1\">Brauchst du ein unvergessliches Hochzeitsgeschenk? Personalisierbar mit jedem gew\u00fcnschten Namen. Die Namen k\u00f6nnen bei der Bestellung im Kommentarfeld mitgeteilt werden.<\/p>\n<p>&nbsp;<\/p>\n<p class=\"p1\">Es ist auch ein sch\u00f6nes Geschenk zum Geburtstag.<\/p>\n<p><strong>Die Kissen werden beschriftet mit euren Namen versendet. <\/strong><\/p>\n<p><strong>Das Set beinhaltet zwei Kissen und einen gro\u00dfen Deckenbezug.<\/strong><\/p>\n<p><strong>ARBEITSZEIT:<\/strong> 3 Wochen<\/p>\n<p><strong>GR\u00d6\u00dfE:<\/strong><\/p>\n<p>Bettdecke: 200 x 200 cm<br \/>\nKissen: 50 x 60 cm<\/p>\n<p><strong>MATERIAL:<\/strong> 100% Baumwolle<\/p>","protected":false},"featured_media":98803,"template":"","meta":[],"product_brand":[],"product_cat":[54],"product_tag":[],"class_list":{"0":"post-100093","1":"product","2":"type-product","3":"status-publish","4":"has-post-thumbnail","6":"product_cat-home","8":"first","9":"instock","10":"shipping-taxable","11":"purchasable","12":"product-type-simple"},"yoast_head":"<!-- This site is optimized with the Yoast SEO plugin v27.0 - https:\/\/yoast.com\/product\/yoast-seo-wordpress\/ -->\n<title>H\u00edmzett, maty\u00f3 \u00e1gynem\u0171 szett \u2013 Matyodesign<\/title>\n<meta name=\"description\" content=\"Fedezd fel a Matyodesign h\u00edmzett \u00e1gynem\u0171 szettjeit! Egyedi, tradicion\u00e1lis mint\u00e1k, modern diz\u00e1jn \u00e9s k\u00e9zzel h\u00edmzett r\u00e9szletek a h\u00e1l\u00f3szob\u00e1dba.\" \/>\n<meta name=\"robots\" content=\"index, follow, max-snippet:-1, max-image-preview:large, max-video-preview:-1\" \/>\n<link rel=\"canonical\" href=\"https:\/\/matyodesign.hu\/de\/produkt\/bettwasche-set-fur-doppelbett\/\" \/>\n<meta property=\"og:locale\" content=\"de_DE\" \/>\n<meta property=\"og:type\" content=\"article\" \/>\n<meta property=\"og:title\" content=\"H\u00edmzett, maty\u00f3 \u00e1gynem\u0171 szett \u2013 Matyodesign\" \/>\n<meta property=\"og:description\" content=\"Fedezd fel a Matyodesign h\u00edmzett \u00e1gynem\u0171 szettjeit! Egyedi, tradicion\u00e1lis mint\u00e1k, modern diz\u00e1jn \u00e9s k\u00e9zzel h\u00edmzett r\u00e9szletek a h\u00e1l\u00f3szob\u00e1dba.\" \/>\n<meta property=\"og:url\" content=\"https:\/\/matyodesign.hu\/de\/produkt\/bettwasche-set-fur-doppelbett\/\" \/>\n<meta property=\"og:site_name\" content=\"matyodesign\" \/>\n<meta property=\"article:modified_time\" content=\"2025-06-25T12:30:24+00:00\" \/>\n<meta property=\"og:image\" content=\"https:\/\/matyodesign.hu\/wp-content\/uploads\/2024\/02\/agynemu_2.jpg\" \/>\n\t<meta property=\"og:image:width\" content=\"1000\" \/>\n\t<meta property=\"og:image:height\" content=\"1000\" \/>\n\t<meta property=\"og:image:type\" content=\"image\/jpeg\" \/>\n<meta name=\"twitter:card\" content=\"summary_large_image\" \/>\n<meta name=\"twitter:label1\" content=\"Gesch\u00e4tzte Lesezeit\" \/>\n\t<meta name=\"twitter:data1\" content=\"1\u00a0Minute\" \/>\n<script type=\"application\/ld+json\" class=\"yoast-schema-graph\">{\"@context\":\"https:\/\/schema.org\",\"@graph\":[{\"@type\":\"WebPage\",\"@id\":\"https:\/\/matyodesign.hu\/termek\/agynemu-szett\/\",\"url\":\"https:\/\/matyodesign.hu\/termek\/agynemu-szett\/\",\"name\":\"H\u00edmzett, maty\u00f3 \u00e1gynem\u0171 szett \u2013 Matyodesign\",\"isPartOf\":{\"@id\":\"https:\/\/matyodesign.hu\/#website\"},\"primaryImageOfPage\":{\"@id\":\"https:\/\/matyodesign.hu\/termek\/agynemu-szett\/#primaryimage\"},\"image\":{\"@id\":\"https:\/\/matyodesign.hu\/termek\/agynemu-szett\/#primaryimage\"},\"thumbnailUrl\":\"https:\/\/matyodesign.hu\/wp-content\/uploads\/2024\/02\/agynemu_2.jpg\",\"datePublished\":\"2024-05-29T09:11:46+00:00\",\"dateModified\":\"2025-06-25T12:30:24+00:00\",\"description\":\"Fedezd fel a Matyodesign h\u00edmzett \u00e1gynem\u0171 szettjeit! Egyedi, tradicion\u00e1lis mint\u00e1k, modern diz\u00e1jn \u00e9s k\u00e9zzel h\u00edmzett r\u00e9szletek a h\u00e1l\u00f3szob\u00e1dba.\",\"breadcrumb\":{\"@id\":\"https:\/\/matyodesign.hu\/termek\/agynemu-szett\/#breadcrumb\"},\"inLanguage\":\"de\",\"potentialAction\":[{\"@type\":\"ReadAction\",\"target\":[\"https:\/\/matyodesign.hu\/termek\/agynemu-szett\/\"]}]},{\"@type\":\"ImageObject\",\"inLanguage\":\"de\",\"@id\":\"https:\/\/matyodesign.hu\/termek\/agynemu-szett\/#primaryimage\",\"url\":\"https:\/\/matyodesign.hu\/wp-content\/uploads\/2024\/02\/agynemu_2.jpg\",\"contentUrl\":\"https:\/\/matyodesign.hu\/wp-content\/uploads\/2024\/02\/agynemu_2.jpg\",\"width\":1000,\"height\":1000,\"caption\":\"\u00c1gynem\u0171, h\u00edmzett ruhanem\u0171 web\u00e1ruh\u00e1z\"},{\"@type\":\"BreadcrumbList\",\"@id\":\"https:\/\/matyodesign.hu\/termek\/agynemu-szett\/#breadcrumb\",\"itemListElement\":[{\"@type\":\"ListItem\",\"position\":1,\"name\":\"Kezd\u0151lap\",\"item\":\"https:\/\/matyodesign.hu\/\"},{\"@type\":\"ListItem\",\"position\":2,\"name\":\"Webshop\",\"item\":\"https:\/\/matyodesign.hu\/webshop\/\"},{\"@type\":\"ListItem\",\"position\":3,\"name\":\"P\u00c1ROS \u00c1GYNEM\u0170 SZETT\"}]},{\"@type\":\"WebSite\",\"@id\":\"https:\/\/matyodesign.hu\/#website\",\"url\":\"https:\/\/matyodesign.hu\/\",\"name\":\"matyodesign\",\"description\":\"K\u00e9zzel. Szeretettel. Neked.\",\"potentialAction\":[{\"@type\":\"SearchAction\",\"target\":{\"@type\":\"EntryPoint\",\"urlTemplate\":\"https:\/\/matyodesign.hu\/?s={search_term_string}\"},\"query-input\":{\"@type\":\"PropertyValueSpecification\",\"valueRequired\":true,\"valueName\":\"search_term_string\"}}],\"inLanguage\":\"de\"}]}<\/script>\n<!-- \/ Yoast SEO plugin. -->","yoast_head_json":{"title":"H\u00edmzett, maty\u00f3 \u00e1gynem\u0171 szett \u2013 Matyodesign","description":"Fedezd fel a Matyodesign h\u00edmzett \u00e1gynem\u0171 szettjeit! Egyedi, tradicion\u00e1lis mint\u00e1k, modern diz\u00e1jn \u00e9s k\u00e9zzel h\u00edmzett r\u00e9szletek a h\u00e1l\u00f3szob\u00e1dba.","robots":{"index":"index","follow":"follow","max-snippet":"max-snippet:-1","max-image-preview":"max-image-preview:large","max-video-preview":"max-video-preview:-1"},"canonical":"https:\/\/matyodesign.hu\/de\/produkt\/bettwasche-set-fur-doppelbett\/","og_locale":"de_DE","og_type":"article","og_title":"H\u00edmzett, maty\u00f3 \u00e1gynem\u0171 szett \u2013 Matyodesign","og_description":"Fedezd fel a Matyodesign h\u00edmzett \u00e1gynem\u0171 szettjeit! Egyedi, tradicion\u00e1lis mint\u00e1k, modern diz\u00e1jn \u00e9s k\u00e9zzel h\u00edmzett r\u00e9szletek a h\u00e1l\u00f3szob\u00e1dba.","og_url":"https:\/\/matyodesign.hu\/de\/produkt\/bettwasche-set-fur-doppelbett\/","og_site_name":"matyodesign","article_modified_time":"2025-06-25T12:30:24+00:00","og_image":[{"width":1000,"height":1000,"url":"https:\/\/matyodesign.hu\/wp-content\/uploads\/2024\/02\/agynemu_2.jpg","type":"image\/jpeg"}],"twitter_card":"summary_large_image","twitter_misc":{"Gesch\u00e4tzte Lesezeit":"1\u00a0Minute"},"schema":{"@context":"https:\/\/schema.org","@graph":[{"@type":"WebPage","@id":"https:\/\/matyodesign.hu\/termek\/agynemu-szett\/","url":"https:\/\/matyodesign.hu\/termek\/agynemu-szett\/","name":"H\u00edmzett, maty\u00f3 \u00e1gynem\u0171 szett \u2013 Matyodesign","isPartOf":{"@id":"https:\/\/matyodesign.hu\/#website"},"primaryImageOfPage":{"@id":"https:\/\/matyodesign.hu\/termek\/agynemu-szett\/#primaryimage"},"image":{"@id":"https:\/\/matyodesign.hu\/termek\/agynemu-szett\/#primaryimage"},"thumbnailUrl":"https:\/\/matyodesign.hu\/wp-content\/uploads\/2024\/02\/agynemu_2.jpg","datePublished":"2024-05-29T09:11:46+00:00","dateModified":"2025-06-25T12:30:24+00:00","description":"Fedezd fel a Matyodesign h\u00edmzett \u00e1gynem\u0171 szettjeit! Egyedi, tradicion\u00e1lis mint\u00e1k, modern diz\u00e1jn \u00e9s k\u00e9zzel h\u00edmzett r\u00e9szletek a h\u00e1l\u00f3szob\u00e1dba.","breadcrumb":{"@id":"https:\/\/matyodesign.hu\/termek\/agynemu-szett\/#breadcrumb"},"inLanguage":"de","potentialAction":[{"@type":"ReadAction","target":["https:\/\/matyodesign.hu\/termek\/agynemu-szett\/"]}]},{"@type":"ImageObject","inLanguage":"de","@id":"https:\/\/matyodesign.hu\/termek\/agynemu-szett\/#primaryimage","url":"https:\/\/matyodesign.hu\/wp-content\/uploads\/2024\/02\/agynemu_2.jpg","contentUrl":"https:\/\/matyodesign.hu\/wp-content\/uploads\/2024\/02\/agynemu_2.jpg","width":1000,"height":1000,"caption":"\u00c1gynem\u0171, h\u00edmzett ruhanem\u0171 web\u00e1ruh\u00e1z"},{"@type":"BreadcrumbList","@id":"https:\/\/matyodesign.hu\/termek\/agynemu-szett\/#breadcrumb","itemListElement":[{"@type":"ListItem","position":1,"name":"Kezd\u0151lap","item":"https:\/\/matyodesign.hu\/"},{"@type":"ListItem","position":2,"name":"Webshop","item":"https:\/\/matyodesign.hu\/webshop\/"},{"@type":"ListItem","position":3,"name":"P\u00c1ROS \u00c1GYNEM\u0170 SZETT"}]},{"@type":"WebSite","@id":"https:\/\/matyodesign.hu\/#website","url":"https:\/\/matyodesign.hu\/","name":"matyodesign","description":"K\u00e9zzel. Szeretettel. Neked.","potentialAction":[{"@type":"SearchAction","target":{"@type":"EntryPoint","urlTemplate":"https:\/\/matyodesign.hu\/?s={search_term_string}"},"query-input":{"@type":"PropertyValueSpecification","valueRequired":true,"valueName":"search_term_string"}}],"inLanguage":"de"}]}},"_links":{"self":[{"href":"https:\/\/matyodesign.hu\/de\/wp-json\/wp\/v2\/product\/100093","targetHints":{"allow":["GET"]}}],"collection":[{"href":"https:\/\/matyodesign.hu\/de\/wp-json\/wp\/v2\/product"}],"about":[{"href":"https:\/\/matyodesign.hu\/de\/wp-json\/wp\/v2\/types\/product"}],"wp:featuredmedia":[{"embeddable":true,"href":"https:\/\/matyodesign.hu\/de\/wp-json\/wp\/v2\/media\/98803"}],"wp:attachment":[{"href":"https:\/\/matyodesign.hu\/de\/wp-json\/wp\/v2\/media?parent=100093"}],"wp:term":[{"taxonomy":"product_brand","embeddable":true,"href":"https:\/\/matyodesign.hu\/de\/wp-json\/wp\/v2\/product_brand?post=100093"},{"taxonomy":"product_cat","embeddable":true,"href":"https:\/\/matyodesign.hu\/de\/wp-json\/wp\/v2\/product_cat?post=100093"},{"taxonomy":"product_tag","embeddable":true,"href":"https:\/\/matyodesign.hu\/de\/wp-json\/wp\/v2\/product_tag?post=100093"}],"curies":[{"name":"wp","href":"https:\/\/api.w.org\/{rel}","templated":true}]}}