{"id":100099,"date":"2024-05-29T11:11:48","date_gmt":"2024-05-29T09:11:48","guid":{"rendered":"https:\/\/2024.matyodesign.hu\/?post_type=product&#038;p=100099"},"modified":"2025-06-25T14:26:20","modified_gmt":"2025-06-25T12:26:20","slug":"ovtaska-2","status":"publish","type":"product","link":"https:\/\/matyodesign.hu\/de\/produkt\/bauchtasche\/","title":{"rendered":"BAUCHTASCHE"},"content":{"rendered":"","protected":false},"excerpt":{"rendered":"<p class=\"p1\">Wenn du keine gro\u00dfe Tasche ben\u00f6tigst, ist diese Tasche die perfekte Wahl. Erg\u00e4nze deinen Look mit dieser handbestickten G\u00fcrteltasche.<\/p>\n<p>Rei\u00dfverschluss vorne und hinten, aus recyceltem Material.<\/p>\n<p>&nbsp;<\/p>","protected":false},"featured_media":101669,"template":"","meta":[],"product_brand":[],"product_cat":[85],"product_tag":[],"class_list":{"0":"post-100099","1":"product","2":"type-product","3":"status-publish","4":"has-post-thumbnail","6":"product_cat-kiegeszito","8":"first","9":"instock","10":"shipping-taxable","11":"purchasable","12":"product-type-variable","13":"has-default-attributes"},"yoast_head":"<!-- This site is optimized with the Yoast SEO plugin v27.0 - https:\/\/yoast.com\/product\/yoast-seo-wordpress\/ -->\n<title>H\u00edmzett, egyedi, maty\u00f3 \u00f6vt\u00e1ska \u2013 Matyodesign<\/title>\n<meta name=\"description\" content=\"Fedezd fel a k\u00e9zzel h\u00edmzett \u00f6vt\u00e1sk\u00e1nkat! Praktikus, st\u00edlusos, \u00fajrahasznos\u00edtott anyagb\u00f3l k\u00e9sz\u00fclt, t\u00f6k\u00e9letes kieg\u00e9sz\u00edt\u0151 minden h\u00edmzett p\u00f3l\u00f3hoz.\" \/>\n<meta name=\"robots\" content=\"index, follow, max-snippet:-1, max-image-preview:large, max-video-preview:-1\" \/>\n<link rel=\"canonical\" href=\"https:\/\/matyodesign.hu\/de\/produkt\/bauchtasche\/\" \/>\n<meta property=\"og:locale\" content=\"de_DE\" \/>\n<meta property=\"og:type\" content=\"article\" \/>\n<meta property=\"og:title\" content=\"H\u00edmzett, egyedi, maty\u00f3 \u00f6vt\u00e1ska \u2013 Matyodesign\" \/>\n<meta property=\"og:description\" content=\"Fedezd fel a k\u00e9zzel h\u00edmzett \u00f6vt\u00e1sk\u00e1nkat! Praktikus, st\u00edlusos, \u00fajrahasznos\u00edtott anyagb\u00f3l k\u00e9sz\u00fclt, t\u00f6k\u00e9letes kieg\u00e9sz\u00edt\u0151 minden h\u00edmzett p\u00f3l\u00f3hoz.\" \/>\n<meta property=\"og:url\" content=\"https:\/\/matyodesign.hu\/de\/produkt\/bauchtasche\/\" \/>\n<meta property=\"og:site_name\" content=\"matyodesign\" \/>\n<meta property=\"article:modified_time\" content=\"2025-06-25T12:26:20+00:00\" \/>\n<meta property=\"og:image\" content=\"https:\/\/matyodesign.hu\/wp-content\/uploads\/2024\/11\/matyodesign_ovtaska_okker1.webp\" \/>\n\t<meta property=\"og:image:width\" content=\"2160\" \/>\n\t<meta property=\"og:image:height\" content=\"2160\" \/>\n\t<meta property=\"og:image:type\" content=\"image\/webp\" \/>\n<meta name=\"twitter:card\" content=\"summary_large_image\" \/>\n<meta name=\"twitter:label1\" content=\"Gesch\u00e4tzte Lesezeit\" \/>\n\t<meta name=\"twitter:data1\" content=\"1\u00a0Minute\" \/>\n<script type=\"application\/ld+json\" class=\"yoast-schema-graph\">{\"@context\":\"https:\/\/schema.org\",\"@graph\":[{\"@type\":\"WebPage\",\"@id\":\"https:\/\/matyodesign.hu\/termek\/ovtaska-2\/\",\"url\":\"https:\/\/matyodesign.hu\/termek\/ovtaska-2\/\",\"name\":\"H\u00edmzett, egyedi, maty\u00f3 \u00f6vt\u00e1ska \u2013 Matyodesign\",\"isPartOf\":{\"@id\":\"https:\/\/matyodesign.hu\/#website\"},\"primaryImageOfPage\":{\"@id\":\"https:\/\/matyodesign.hu\/termek\/ovtaska-2\/#primaryimage\"},\"image\":{\"@id\":\"https:\/\/matyodesign.hu\/termek\/ovtaska-2\/#primaryimage\"},\"thumbnailUrl\":\"https:\/\/matyodesign.hu\/wp-content\/uploads\/2024\/11\/matyodesign_ovtaska_okker1.webp\",\"datePublished\":\"2024-05-29T09:11:48+00:00\",\"dateModified\":\"2025-06-25T12:26:20+00:00\",\"description\":\"Fedezd fel a k\u00e9zzel h\u00edmzett \u00f6vt\u00e1sk\u00e1nkat! Praktikus, st\u00edlusos, \u00fajrahasznos\u00edtott anyagb\u00f3l k\u00e9sz\u00fclt, t\u00f6k\u00e9letes kieg\u00e9sz\u00edt\u0151 minden h\u00edmzett p\u00f3l\u00f3hoz.\",\"breadcrumb\":{\"@id\":\"https:\/\/matyodesign.hu\/termek\/ovtaska-2\/#breadcrumb\"},\"inLanguage\":\"de\",\"potentialAction\":[{\"@type\":\"ReadAction\",\"target\":[\"https:\/\/matyodesign.hu\/termek\/ovtaska-2\/\"]}]},{\"@type\":\"ImageObject\",\"inLanguage\":\"de\",\"@id\":\"https:\/\/matyodesign.hu\/termek\/ovtaska-2\/#primaryimage\",\"url\":\"https:\/\/matyodesign.hu\/wp-content\/uploads\/2024\/11\/matyodesign_ovtaska_okker1.webp\",\"contentUrl\":\"https:\/\/matyodesign.hu\/wp-content\/uploads\/2024\/11\/matyodesign_ovtaska_okker1.webp\",\"width\":2160,\"height\":2160,\"caption\":\"Okker \u00f6vt\u00e1ska, maty\u00f3 ruhanem\u0171 web\u00e1ruh\u00e1z\"},{\"@type\":\"BreadcrumbList\",\"@id\":\"https:\/\/matyodesign.hu\/termek\/ovtaska-2\/#breadcrumb\",\"itemListElement\":[{\"@type\":\"ListItem\",\"position\":1,\"name\":\"Kezd\u0151lap\",\"item\":\"https:\/\/matyodesign.hu\/\"},{\"@type\":\"ListItem\",\"position\":2,\"name\":\"Webshop\",\"item\":\"https:\/\/matyodesign.hu\/webshop\/\"},{\"@type\":\"ListItem\",\"position\":3,\"name\":\"\u00d6VT\u00c1SKA\"}]},{\"@type\":\"WebSite\",\"@id\":\"https:\/\/matyodesign.hu\/#website\",\"url\":\"https:\/\/matyodesign.hu\/\",\"name\":\"matyodesign\",\"description\":\"K\u00e9zzel. Szeretettel. Neked.\",\"potentialAction\":[{\"@type\":\"SearchAction\",\"target\":{\"@type\":\"EntryPoint\",\"urlTemplate\":\"https:\/\/matyodesign.hu\/?s={search_term_string}\"},\"query-input\":{\"@type\":\"PropertyValueSpecification\",\"valueRequired\":true,\"valueName\":\"search_term_string\"}}],\"inLanguage\":\"de\"}]}<\/script>\n<!-- \/ Yoast SEO plugin. -->","yoast_head_json":{"title":"H\u00edmzett, egyedi, maty\u00f3 \u00f6vt\u00e1ska \u2013 Matyodesign","description":"Fedezd fel a k\u00e9zzel h\u00edmzett \u00f6vt\u00e1sk\u00e1nkat! Praktikus, st\u00edlusos, \u00fajrahasznos\u00edtott anyagb\u00f3l k\u00e9sz\u00fclt, t\u00f6k\u00e9letes kieg\u00e9sz\u00edt\u0151 minden h\u00edmzett p\u00f3l\u00f3hoz.","robots":{"index":"index","follow":"follow","max-snippet":"max-snippet:-1","max-image-preview":"max-image-preview:large","max-video-preview":"max-video-preview:-1"},"canonical":"https:\/\/matyodesign.hu\/de\/produkt\/bauchtasche\/","og_locale":"de_DE","og_type":"article","og_title":"H\u00edmzett, egyedi, maty\u00f3 \u00f6vt\u00e1ska \u2013 Matyodesign","og_description":"Fedezd fel a k\u00e9zzel h\u00edmzett \u00f6vt\u00e1sk\u00e1nkat! Praktikus, st\u00edlusos, \u00fajrahasznos\u00edtott anyagb\u00f3l k\u00e9sz\u00fclt, t\u00f6k\u00e9letes kieg\u00e9sz\u00edt\u0151 minden h\u00edmzett p\u00f3l\u00f3hoz.","og_url":"https:\/\/matyodesign.hu\/de\/produkt\/bauchtasche\/","og_site_name":"matyodesign","article_modified_time":"2025-06-25T12:26:20+00:00","og_image":[{"width":2160,"height":2160,"url":"https:\/\/matyodesign.hu\/wp-content\/uploads\/2024\/11\/matyodesign_ovtaska_okker1.webp","type":"image\/webp"}],"twitter_card":"summary_large_image","twitter_misc":{"Gesch\u00e4tzte Lesezeit":"1\u00a0Minute"},"schema":{"@context":"https:\/\/schema.org","@graph":[{"@type":"WebPage","@id":"https:\/\/matyodesign.hu\/termek\/ovtaska-2\/","url":"https:\/\/matyodesign.hu\/termek\/ovtaska-2\/","name":"H\u00edmzett, egyedi, maty\u00f3 \u00f6vt\u00e1ska \u2013 Matyodesign","isPartOf":{"@id":"https:\/\/matyodesign.hu\/#website"},"primaryImageOfPage":{"@id":"https:\/\/matyodesign.hu\/termek\/ovtaska-2\/#primaryimage"},"image":{"@id":"https:\/\/matyodesign.hu\/termek\/ovtaska-2\/#primaryimage"},"thumbnailUrl":"https:\/\/matyodesign.hu\/wp-content\/uploads\/2024\/11\/matyodesign_ovtaska_okker1.webp","datePublished":"2024-05-29T09:11:48+00:00","dateModified":"2025-06-25T12:26:20+00:00","description":"Fedezd fel a k\u00e9zzel h\u00edmzett \u00f6vt\u00e1sk\u00e1nkat! Praktikus, st\u00edlusos, \u00fajrahasznos\u00edtott anyagb\u00f3l k\u00e9sz\u00fclt, t\u00f6k\u00e9letes kieg\u00e9sz\u00edt\u0151 minden h\u00edmzett p\u00f3l\u00f3hoz.","breadcrumb":{"@id":"https:\/\/matyodesign.hu\/termek\/ovtaska-2\/#breadcrumb"},"inLanguage":"de","potentialAction":[{"@type":"ReadAction","target":["https:\/\/matyodesign.hu\/termek\/ovtaska-2\/"]}]},{"@type":"ImageObject","inLanguage":"de","@id":"https:\/\/matyodesign.hu\/termek\/ovtaska-2\/#primaryimage","url":"https:\/\/matyodesign.hu\/wp-content\/uploads\/2024\/11\/matyodesign_ovtaska_okker1.webp","contentUrl":"https:\/\/matyodesign.hu\/wp-content\/uploads\/2024\/11\/matyodesign_ovtaska_okker1.webp","width":2160,"height":2160,"caption":"Okker \u00f6vt\u00e1ska, maty\u00f3 ruhanem\u0171 web\u00e1ruh\u00e1z"},{"@type":"BreadcrumbList","@id":"https:\/\/matyodesign.hu\/termek\/ovtaska-2\/#breadcrumb","itemListElement":[{"@type":"ListItem","position":1,"name":"Kezd\u0151lap","item":"https:\/\/matyodesign.hu\/"},{"@type":"ListItem","position":2,"name":"Webshop","item":"https:\/\/matyodesign.hu\/webshop\/"},{"@type":"ListItem","position":3,"name":"\u00d6VT\u00c1SKA"}]},{"@type":"WebSite","@id":"https:\/\/matyodesign.hu\/#website","url":"https:\/\/matyodesign.hu\/","name":"matyodesign","description":"K\u00e9zzel. Szeretettel. Neked.","potentialAction":[{"@type":"SearchAction","target":{"@type":"EntryPoint","urlTemplate":"https:\/\/matyodesign.hu\/?s={search_term_string}"},"query-input":{"@type":"PropertyValueSpecification","valueRequired":true,"valueName":"search_term_string"}}],"inLanguage":"de"}]}},"_links":{"self":[{"href":"https:\/\/matyodesign.hu\/de\/wp-json\/wp\/v2\/product\/100099","targetHints":{"allow":["GET"]}}],"collection":[{"href":"https:\/\/matyodesign.hu\/de\/wp-json\/wp\/v2\/product"}],"about":[{"href":"https:\/\/matyodesign.hu\/de\/wp-json\/wp\/v2\/types\/product"}],"wp:featuredmedia":[{"embeddable":true,"href":"https:\/\/matyodesign.hu\/de\/wp-json\/wp\/v2\/media\/101669"}],"wp:attachment":[{"href":"https:\/\/matyodesign.hu\/de\/wp-json\/wp\/v2\/media?parent=100099"}],"wp:term":[{"taxonomy":"product_brand","embeddable":true,"href":"https:\/\/matyodesign.hu\/de\/wp-json\/wp\/v2\/product_brand?post=100099"},{"taxonomy":"product_cat","embeddable":true,"href":"https:\/\/matyodesign.hu\/de\/wp-json\/wp\/v2\/product_cat?post=100099"},{"taxonomy":"product_tag","embeddable":true,"href":"https:\/\/matyodesign.hu\/de\/wp-json\/wp\/v2\/product_tag?post=100099"}],"curies":[{"name":"wp","href":"https:\/\/api.w.org\/{rel}","templated":true}]}}