{"id":100101,"date":"2024-05-29T11:11:49","date_gmt":"2024-05-29T09:11:49","guid":{"rendered":"https:\/\/2024.matyodesign.hu\/?post_type=product&#038;p=100101"},"modified":"2025-06-25T14:20:01","modified_gmt":"2025-06-25T12:20:01","slug":"ferfi-polo-kek-5","status":"publish","type":"product","link":"https:\/\/matyodesign.hu\/de\/produkt\/herren-t-shirt-blau\/","title":{"rendered":"HERREN T-SHIRT BLAU"},"content":{"rendered":"","protected":false},"excerpt":{"rendered":"<p>Endlich k\u00f6nnen auch M\u00e4nner Matyo tragen. \u2013 T-Shirt f\u00fcr den Fr\u00fchling in tailliertem Schnitt, damit du deiner Freundin nicht hinterher hinkst.<\/p>","protected":false},"featured_media":98843,"template":"","meta":[],"product_brand":[],"product_cat":[299],"product_tag":[],"class_list":{"0":"post-100101","1":"product","2":"type-product","3":"status-publish","4":"has-post-thumbnail","6":"product_cat-ferfiaknak","8":"first","9":"instock","10":"featured","11":"shipping-taxable","12":"purchasable","13":"product-type-variable"},"yoast_head":"<!-- This site is optimized with the Yoast SEO plugin v27.0 - https:\/\/yoast.com\/product\/yoast-seo-wordpress\/ -->\n<title>F\u00e9rfi egyedi, h\u00edmzett, maty\u00f3 p\u00f3l\u00f3 \u2013 Matyodesign<\/title>\n<meta name=\"description\" content=\"F\u00e9rfi h\u00edmzett p\u00f3l\u00f3, testhez\u00e1ll\u00f3 szab\u00e1s, maty\u00f3 h\u00edmz\u00e9s. K\u00e9k sz\u00ednben, pr\u00e9mium anyagban. V\u00e1s\u00e1rolj egyedi maty\u00f3 p\u00f3l\u00f3t \u00e9s hozd el a tavaszi frissess\u00e9get!\" \/>\n<meta name=\"robots\" content=\"index, follow, max-snippet:-1, max-image-preview:large, max-video-preview:-1\" \/>\n<link rel=\"canonical\" href=\"https:\/\/matyodesign.hu\/de\/produkt\/herren-t-shirt-blau\/\" \/>\n<meta property=\"og:locale\" content=\"de_DE\" \/>\n<meta property=\"og:type\" content=\"article\" \/>\n<meta property=\"og:title\" content=\"F\u00e9rfi egyedi, h\u00edmzett, maty\u00f3 p\u00f3l\u00f3 \u2013 Matyodesign\" \/>\n<meta property=\"og:description\" content=\"F\u00e9rfi h\u00edmzett p\u00f3l\u00f3, testhez\u00e1ll\u00f3 szab\u00e1s, maty\u00f3 h\u00edmz\u00e9s. K\u00e9k sz\u00ednben, pr\u00e9mium anyagban. V\u00e1s\u00e1rolj egyedi maty\u00f3 p\u00f3l\u00f3t \u00e9s hozd el a tavaszi frissess\u00e9get!\" \/>\n<meta property=\"og:url\" content=\"https:\/\/matyodesign.hu\/de\/produkt\/herren-t-shirt-blau\/\" \/>\n<meta property=\"og:site_name\" content=\"matyodesign\" \/>\n<meta property=\"article:modified_time\" content=\"2025-06-25T12:20:01+00:00\" \/>\n<meta property=\"og:image\" content=\"https:\/\/matyodesign.hu\/wp-content\/uploads\/2024\/02\/ferfipolo_1.jpg\" \/>\n\t<meta property=\"og:image:width\" content=\"1000\" \/>\n\t<meta property=\"og:image:height\" content=\"1000\" \/>\n\t<meta property=\"og:image:type\" content=\"image\/jpeg\" \/>\n<meta name=\"twitter:card\" content=\"summary_large_image\" \/>\n<meta name=\"twitter:label1\" content=\"Gesch\u00e4tzte Lesezeit\" \/>\n\t<meta name=\"twitter:data1\" content=\"1\u00a0Minute\" \/>\n<script type=\"application\/ld+json\" class=\"yoast-schema-graph\">{\"@context\":\"https:\/\/schema.org\",\"@graph\":[{\"@type\":\"WebPage\",\"@id\":\"https:\/\/matyodesign.hu\/termek\/ferfi-polo-kek-5\/\",\"url\":\"https:\/\/matyodesign.hu\/termek\/ferfi-polo-kek-5\/\",\"name\":\"F\u00e9rfi egyedi, h\u00edmzett, maty\u00f3 p\u00f3l\u00f3 \u2013 Matyodesign\",\"isPartOf\":{\"@id\":\"https:\/\/matyodesign.hu\/#website\"},\"primaryImageOfPage\":{\"@id\":\"https:\/\/matyodesign.hu\/termek\/ferfi-polo-kek-5\/#primaryimage\"},\"image\":{\"@id\":\"https:\/\/matyodesign.hu\/termek\/ferfi-polo-kek-5\/#primaryimage\"},\"thumbnailUrl\":\"https:\/\/matyodesign.hu\/wp-content\/uploads\/2024\/02\/ferfipolo_1.jpg\",\"datePublished\":\"2024-05-29T09:11:49+00:00\",\"dateModified\":\"2025-06-25T12:20:01+00:00\",\"description\":\"F\u00e9rfi h\u00edmzett p\u00f3l\u00f3, testhez\u00e1ll\u00f3 szab\u00e1s, maty\u00f3 h\u00edmz\u00e9s. K\u00e9k sz\u00ednben, pr\u00e9mium anyagban. V\u00e1s\u00e1rolj egyedi maty\u00f3 p\u00f3l\u00f3t \u00e9s hozd el a tavaszi frissess\u00e9get!\",\"breadcrumb\":{\"@id\":\"https:\/\/matyodesign.hu\/termek\/ferfi-polo-kek-5\/#breadcrumb\"},\"inLanguage\":\"de\",\"potentialAction\":[{\"@type\":\"ReadAction\",\"target\":[\"https:\/\/matyodesign.hu\/termek\/ferfi-polo-kek-5\/\"]}]},{\"@type\":\"ImageObject\",\"inLanguage\":\"de\",\"@id\":\"https:\/\/matyodesign.hu\/termek\/ferfi-polo-kek-5\/#primaryimage\",\"url\":\"https:\/\/matyodesign.hu\/wp-content\/uploads\/2024\/02\/ferfipolo_1.jpg\",\"contentUrl\":\"https:\/\/matyodesign.hu\/wp-content\/uploads\/2024\/02\/ferfipolo_1.jpg\",\"width\":1000,\"height\":1000,\"caption\":\"P\u00f3l\u00f3 f\u00e9rfi petrol, h\u00edmzett bl\u00faz webshop\"},{\"@type\":\"BreadcrumbList\",\"@id\":\"https:\/\/matyodesign.hu\/termek\/ferfi-polo-kek-5\/#breadcrumb\",\"itemListElement\":[{\"@type\":\"ListItem\",\"position\":1,\"name\":\"Kezd\u0151lap\",\"item\":\"https:\/\/matyodesign.hu\/\"},{\"@type\":\"ListItem\",\"position\":2,\"name\":\"Webshop\",\"item\":\"https:\/\/matyodesign.hu\/webshop\/\"},{\"@type\":\"ListItem\",\"position\":3,\"name\":\"F\u00c9RFI P\u00d3L\u00d3 &#8211; k\u00e9k\"}]},{\"@type\":\"WebSite\",\"@id\":\"https:\/\/matyodesign.hu\/#website\",\"url\":\"https:\/\/matyodesign.hu\/\",\"name\":\"matyodesign\",\"description\":\"K\u00e9zzel. Szeretettel. Neked.\",\"potentialAction\":[{\"@type\":\"SearchAction\",\"target\":{\"@type\":\"EntryPoint\",\"urlTemplate\":\"https:\/\/matyodesign.hu\/?s={search_term_string}\"},\"query-input\":{\"@type\":\"PropertyValueSpecification\",\"valueRequired\":true,\"valueName\":\"search_term_string\"}}],\"inLanguage\":\"de\"}]}<\/script>\n<!-- \/ Yoast SEO plugin. -->","yoast_head_json":{"title":"F\u00e9rfi egyedi, h\u00edmzett, maty\u00f3 p\u00f3l\u00f3 \u2013 Matyodesign","description":"F\u00e9rfi h\u00edmzett p\u00f3l\u00f3, testhez\u00e1ll\u00f3 szab\u00e1s, maty\u00f3 h\u00edmz\u00e9s. K\u00e9k sz\u00ednben, pr\u00e9mium anyagban. V\u00e1s\u00e1rolj egyedi maty\u00f3 p\u00f3l\u00f3t \u00e9s hozd el a tavaszi frissess\u00e9get!","robots":{"index":"index","follow":"follow","max-snippet":"max-snippet:-1","max-image-preview":"max-image-preview:large","max-video-preview":"max-video-preview:-1"},"canonical":"https:\/\/matyodesign.hu\/de\/produkt\/herren-t-shirt-blau\/","og_locale":"de_DE","og_type":"article","og_title":"F\u00e9rfi egyedi, h\u00edmzett, maty\u00f3 p\u00f3l\u00f3 \u2013 Matyodesign","og_description":"F\u00e9rfi h\u00edmzett p\u00f3l\u00f3, testhez\u00e1ll\u00f3 szab\u00e1s, maty\u00f3 h\u00edmz\u00e9s. K\u00e9k sz\u00ednben, pr\u00e9mium anyagban. V\u00e1s\u00e1rolj egyedi maty\u00f3 p\u00f3l\u00f3t \u00e9s hozd el a tavaszi frissess\u00e9get!","og_url":"https:\/\/matyodesign.hu\/de\/produkt\/herren-t-shirt-blau\/","og_site_name":"matyodesign","article_modified_time":"2025-06-25T12:20:01+00:00","og_image":[{"width":1000,"height":1000,"url":"https:\/\/matyodesign.hu\/wp-content\/uploads\/2024\/02\/ferfipolo_1.jpg","type":"image\/jpeg"}],"twitter_card":"summary_large_image","twitter_misc":{"Gesch\u00e4tzte Lesezeit":"1\u00a0Minute"},"schema":{"@context":"https:\/\/schema.org","@graph":[{"@type":"WebPage","@id":"https:\/\/matyodesign.hu\/termek\/ferfi-polo-kek-5\/","url":"https:\/\/matyodesign.hu\/termek\/ferfi-polo-kek-5\/","name":"F\u00e9rfi egyedi, h\u00edmzett, maty\u00f3 p\u00f3l\u00f3 \u2013 Matyodesign","isPartOf":{"@id":"https:\/\/matyodesign.hu\/#website"},"primaryImageOfPage":{"@id":"https:\/\/matyodesign.hu\/termek\/ferfi-polo-kek-5\/#primaryimage"},"image":{"@id":"https:\/\/matyodesign.hu\/termek\/ferfi-polo-kek-5\/#primaryimage"},"thumbnailUrl":"https:\/\/matyodesign.hu\/wp-content\/uploads\/2024\/02\/ferfipolo_1.jpg","datePublished":"2024-05-29T09:11:49+00:00","dateModified":"2025-06-25T12:20:01+00:00","description":"F\u00e9rfi h\u00edmzett p\u00f3l\u00f3, testhez\u00e1ll\u00f3 szab\u00e1s, maty\u00f3 h\u00edmz\u00e9s. K\u00e9k sz\u00ednben, pr\u00e9mium anyagban. V\u00e1s\u00e1rolj egyedi maty\u00f3 p\u00f3l\u00f3t \u00e9s hozd el a tavaszi frissess\u00e9get!","breadcrumb":{"@id":"https:\/\/matyodesign.hu\/termek\/ferfi-polo-kek-5\/#breadcrumb"},"inLanguage":"de","potentialAction":[{"@type":"ReadAction","target":["https:\/\/matyodesign.hu\/termek\/ferfi-polo-kek-5\/"]}]},{"@type":"ImageObject","inLanguage":"de","@id":"https:\/\/matyodesign.hu\/termek\/ferfi-polo-kek-5\/#primaryimage","url":"https:\/\/matyodesign.hu\/wp-content\/uploads\/2024\/02\/ferfipolo_1.jpg","contentUrl":"https:\/\/matyodesign.hu\/wp-content\/uploads\/2024\/02\/ferfipolo_1.jpg","width":1000,"height":1000,"caption":"P\u00f3l\u00f3 f\u00e9rfi petrol, h\u00edmzett bl\u00faz webshop"},{"@type":"BreadcrumbList","@id":"https:\/\/matyodesign.hu\/termek\/ferfi-polo-kek-5\/#breadcrumb","itemListElement":[{"@type":"ListItem","position":1,"name":"Kezd\u0151lap","item":"https:\/\/matyodesign.hu\/"},{"@type":"ListItem","position":2,"name":"Webshop","item":"https:\/\/matyodesign.hu\/webshop\/"},{"@type":"ListItem","position":3,"name":"F\u00c9RFI P\u00d3L\u00d3 &#8211; k\u00e9k"}]},{"@type":"WebSite","@id":"https:\/\/matyodesign.hu\/#website","url":"https:\/\/matyodesign.hu\/","name":"matyodesign","description":"K\u00e9zzel. Szeretettel. Neked.","potentialAction":[{"@type":"SearchAction","target":{"@type":"EntryPoint","urlTemplate":"https:\/\/matyodesign.hu\/?s={search_term_string}"},"query-input":{"@type":"PropertyValueSpecification","valueRequired":true,"valueName":"search_term_string"}}],"inLanguage":"de"}]}},"_links":{"self":[{"href":"https:\/\/matyodesign.hu\/de\/wp-json\/wp\/v2\/product\/100101","targetHints":{"allow":["GET"]}}],"collection":[{"href":"https:\/\/matyodesign.hu\/de\/wp-json\/wp\/v2\/product"}],"about":[{"href":"https:\/\/matyodesign.hu\/de\/wp-json\/wp\/v2\/types\/product"}],"wp:featuredmedia":[{"embeddable":true,"href":"https:\/\/matyodesign.hu\/de\/wp-json\/wp\/v2\/media\/98843"}],"wp:attachment":[{"href":"https:\/\/matyodesign.hu\/de\/wp-json\/wp\/v2\/media?parent=100101"}],"wp:term":[{"taxonomy":"product_brand","embeddable":true,"href":"https:\/\/matyodesign.hu\/de\/wp-json\/wp\/v2\/product_brand?post=100101"},{"taxonomy":"product_cat","embeddable":true,"href":"https:\/\/matyodesign.hu\/de\/wp-json\/wp\/v2\/product_cat?post=100101"},{"taxonomy":"product_tag","embeddable":true,"href":"https:\/\/matyodesign.hu\/de\/wp-json\/wp\/v2\/product_tag?post=100101"}],"curies":[{"name":"wp","href":"https:\/\/api.w.org\/{rel}","templated":true}]}}