{"id":100103,"date":"2024-05-29T11:11:49","date_gmt":"2024-05-29T09:11:49","guid":{"rendered":"https:\/\/2024.matyodesign.hu\/?post_type=product&#038;p=100103"},"modified":"2025-06-25T14:15:03","modified_gmt":"2025-06-25T12:15:03","slug":"second_chance_himzes","status":"publish","type":"product","link":"https:\/\/matyodesign.hu\/de\/produkt\/second-chance\/","title":{"rendered":"SECOND CHANCE \u2013 Geben Sie Ihrer Kleidung eine zweite Chance!"},"content":{"rendered":"","protected":false},"excerpt":{"rendered":"<p>M\u00f6chtest du deinen alten Kleidungsst\u00fccken ein neues Leben einhauchen? Schicke sie uns! W\u00e4hle ein Stickmuster und eine Farbe. Wir besticken sie und wenn du sie wiedersiehst, wirst du sie nicht wieder erkennen!<\/p>\n<p><strong>Schicke uns deine alten Kleidungsst\u00fccke an diese Adresse:<\/strong><\/p>\n<p><strong>matyodesign, H-3416 Tard, R\u00e1k\u00f3czi \u00fat 49. <\/strong><\/p>\n<p>Wir besticken sie und schicken sie dir per Post wieder zur\u00fcck.<\/p>\n<p>Nach Ihrer Bestellung kontaktieren wir Sie per E-Mail mit den Details!<\/p>","protected":false},"featured_media":98846,"template":"","meta":[],"product_brand":[],"product_cat":[85,79,27],"product_tag":[],"class_list":{"0":"post-100103","1":"product","2":"type-product","3":"status-publish","4":"has-post-thumbnail","6":"product_cat-kiegeszito","7":"product_cat-noknek","8":"product_cat-zero-waste","10":"first","11":"instock","12":"featured","13":"shipping-taxable","14":"purchasable","15":"product-type-variable"},"yoast_head":"<!-- This site is optimized with the Yoast SEO plugin v27.4 - https:\/\/yoast.com\/product\/yoast-seo-wordpress\/ -->\n<title>Second Chance \u2013 H\u00edmzett p\u00f3l\u00f3, ruha \u00faj \u00e9letre kel<\/title>\n<meta name=\"description\" content=\"Adj \u00faj es\u00e9lyt r\u00e9gi ruh\u00e1idnak! H\u00edmzett p\u00f3l\u00f3, ruha, \u00e9s kieg\u00e9sz\u00edt\u0151k egyediv\u00e9 var\u00e1zsolva. K\u00fcldd el nek\u00fcnk, mi r\u00e1h\u00edmezz\u00fck a mint\u00e1t!\" \/>\n<meta name=\"robots\" content=\"index, follow, max-snippet:-1, max-image-preview:large, max-video-preview:-1\" \/>\n<link rel=\"canonical\" href=\"https:\/\/matyodesign.hu\/de\/produkt\/second-chance\/\" \/>\n<meta property=\"og:locale\" content=\"de_DE\" \/>\n<meta property=\"og:type\" content=\"article\" \/>\n<meta property=\"og:title\" content=\"Second Chance \u2013 H\u00edmzett p\u00f3l\u00f3, ruha \u00faj \u00e9letre kel\" \/>\n<meta property=\"og:description\" content=\"Adj \u00faj es\u00e9lyt r\u00e9gi ruh\u00e1idnak! H\u00edmzett p\u00f3l\u00f3, ruha, \u00e9s kieg\u00e9sz\u00edt\u0151k egyediv\u00e9 var\u00e1zsolva. K\u00fcldd el nek\u00fcnk, mi r\u00e1h\u00edmezz\u00fck a mint\u00e1t!\" \/>\n<meta property=\"og:url\" content=\"https:\/\/matyodesign.hu\/de\/produkt\/second-chance\/\" \/>\n<meta property=\"og:site_name\" content=\"matyodesign\" \/>\n<meta property=\"article:modified_time\" content=\"2025-06-25T12:15:03+00:00\" \/>\n<meta property=\"og:image\" content=\"https:\/\/matyodesign.hu\/wp-content\/uploads\/2024\/02\/second_chance_2-1.jpg\" \/>\n\t<meta property=\"og:image:width\" content=\"1000\" \/>\n\t<meta property=\"og:image:height\" content=\"1000\" \/>\n\t<meta property=\"og:image:type\" content=\"image\/jpeg\" \/>\n<meta name=\"twitter:card\" content=\"summary_large_image\" \/>\n<meta name=\"twitter:label1\" content=\"Gesch\u00e4tzte Lesezeit\" \/>\n\t<meta name=\"twitter:data1\" content=\"1\u00a0Minute\" \/>\n<script type=\"application\/ld+json\" class=\"yoast-schema-graph\">{\"@context\":\"https:\\\/\\\/schema.org\",\"@graph\":[{\"@type\":\"WebPage\",\"@id\":\"https:\\\/\\\/matyodesign.hu\\\/termek\\\/second_chance_himzes\\\/\",\"url\":\"https:\\\/\\\/matyodesign.hu\\\/termek\\\/second_chance_himzes\\\/\",\"name\":\"Second Chance \u2013 H\u00edmzett p\u00f3l\u00f3, ruha \u00faj \u00e9letre kel\",\"isPartOf\":{\"@id\":\"https:\\\/\\\/matyodesign.hu\\\/#website\"},\"primaryImageOfPage\":{\"@id\":\"https:\\\/\\\/matyodesign.hu\\\/termek\\\/second_chance_himzes\\\/#primaryimage\"},\"image\":{\"@id\":\"https:\\\/\\\/matyodesign.hu\\\/termek\\\/second_chance_himzes\\\/#primaryimage\"},\"thumbnailUrl\":\"https:\\\/\\\/matyodesign.hu\\\/wp-content\\\/uploads\\\/2024\\\/02\\\/second_chance_2-1.jpg\",\"datePublished\":\"2024-05-29T09:11:49+00:00\",\"dateModified\":\"2025-06-25T12:15:03+00:00\",\"description\":\"Adj \u00faj es\u00e9lyt r\u00e9gi ruh\u00e1idnak! H\u00edmzett p\u00f3l\u00f3, ruha, \u00e9s kieg\u00e9sz\u00edt\u0151k egyediv\u00e9 var\u00e1zsolva. K\u00fcldd el nek\u00fcnk, mi r\u00e1h\u00edmezz\u00fck a mint\u00e1t!\",\"breadcrumb\":{\"@id\":\"https:\\\/\\\/matyodesign.hu\\\/termek\\\/second_chance_himzes\\\/#breadcrumb\"},\"inLanguage\":\"de\",\"potentialAction\":[{\"@type\":\"ReadAction\",\"target\":[\"https:\\\/\\\/matyodesign.hu\\\/termek\\\/second_chance_himzes\\\/\"]}]},{\"@type\":\"ImageObject\",\"inLanguage\":\"de\",\"@id\":\"https:\\\/\\\/matyodesign.hu\\\/termek\\\/second_chance_himzes\\\/#primaryimage\",\"url\":\"https:\\\/\\\/matyodesign.hu\\\/wp-content\\\/uploads\\\/2024\\\/02\\\/second_chance_2-1.jpg\",\"contentUrl\":\"https:\\\/\\\/matyodesign.hu\\\/wp-content\\\/uploads\\\/2024\\\/02\\\/second_chance_2-1.jpg\",\"width\":1000,\"height\":1000,\"caption\":\"Farmerkab\u00e1t pasztell, maty\u00f3 h\u00edmz\u00e9s ruhanem\u0171\"},{\"@type\":\"BreadcrumbList\",\"@id\":\"https:\\\/\\\/matyodesign.hu\\\/termek\\\/second_chance_himzes\\\/#breadcrumb\",\"itemListElement\":[{\"@type\":\"ListItem\",\"position\":1,\"name\":\"Kezd\u0151lap\",\"item\":\"https:\\\/\\\/matyodesign.hu\\\/\"},{\"@type\":\"ListItem\",\"position\":2,\"name\":\"Webshop\",\"item\":\"https:\\\/\\\/matyodesign.hu\\\/webshop\\\/\"},{\"@type\":\"ListItem\",\"position\":3,\"name\":\"SECOND CHANCE &#8211; Adj m\u00e1sodik es\u00e9lyt a ruh\u00e1dnak!\"}]},{\"@type\":\"WebSite\",\"@id\":\"https:\\\/\\\/matyodesign.hu\\\/#website\",\"url\":\"https:\\\/\\\/matyodesign.hu\\\/\",\"name\":\"matyodesign\",\"description\":\"K\u00e9zzel. Szeretettel. Neked.\",\"potentialAction\":[{\"@type\":\"SearchAction\",\"target\":{\"@type\":\"EntryPoint\",\"urlTemplate\":\"https:\\\/\\\/matyodesign.hu\\\/?s={search_term_string}\"},\"query-input\":{\"@type\":\"PropertyValueSpecification\",\"valueRequired\":true,\"valueName\":\"search_term_string\"}}],\"inLanguage\":\"de\"}]}<\/script>\n<!-- \/ Yoast SEO plugin. -->","yoast_head_json":{"title":"Second Chance \u2013 H\u00edmzett p\u00f3l\u00f3, ruha \u00faj \u00e9letre kel","description":"Adj \u00faj es\u00e9lyt r\u00e9gi ruh\u00e1idnak! H\u00edmzett p\u00f3l\u00f3, ruha, \u00e9s kieg\u00e9sz\u00edt\u0151k egyediv\u00e9 var\u00e1zsolva. K\u00fcldd el nek\u00fcnk, mi r\u00e1h\u00edmezz\u00fck a mint\u00e1t!","robots":{"index":"index","follow":"follow","max-snippet":"max-snippet:-1","max-image-preview":"max-image-preview:large","max-video-preview":"max-video-preview:-1"},"canonical":"https:\/\/matyodesign.hu\/de\/produkt\/second-chance\/","og_locale":"de_DE","og_type":"article","og_title":"Second Chance \u2013 H\u00edmzett p\u00f3l\u00f3, ruha \u00faj \u00e9letre kel","og_description":"Adj \u00faj es\u00e9lyt r\u00e9gi ruh\u00e1idnak! H\u00edmzett p\u00f3l\u00f3, ruha, \u00e9s kieg\u00e9sz\u00edt\u0151k egyediv\u00e9 var\u00e1zsolva. K\u00fcldd el nek\u00fcnk, mi r\u00e1h\u00edmezz\u00fck a mint\u00e1t!","og_url":"https:\/\/matyodesign.hu\/de\/produkt\/second-chance\/","og_site_name":"matyodesign","article_modified_time":"2025-06-25T12:15:03+00:00","og_image":[{"width":1000,"height":1000,"url":"https:\/\/matyodesign.hu\/wp-content\/uploads\/2024\/02\/second_chance_2-1.jpg","type":"image\/jpeg"}],"twitter_card":"summary_large_image","twitter_misc":{"Gesch\u00e4tzte Lesezeit":"1\u00a0Minute"},"schema":{"@context":"https:\/\/schema.org","@graph":[{"@type":"WebPage","@id":"https:\/\/matyodesign.hu\/termek\/second_chance_himzes\/","url":"https:\/\/matyodesign.hu\/termek\/second_chance_himzes\/","name":"Second Chance \u2013 H\u00edmzett p\u00f3l\u00f3, ruha \u00faj \u00e9letre kel","isPartOf":{"@id":"https:\/\/matyodesign.hu\/#website"},"primaryImageOfPage":{"@id":"https:\/\/matyodesign.hu\/termek\/second_chance_himzes\/#primaryimage"},"image":{"@id":"https:\/\/matyodesign.hu\/termek\/second_chance_himzes\/#primaryimage"},"thumbnailUrl":"https:\/\/matyodesign.hu\/wp-content\/uploads\/2024\/02\/second_chance_2-1.jpg","datePublished":"2024-05-29T09:11:49+00:00","dateModified":"2025-06-25T12:15:03+00:00","description":"Adj \u00faj es\u00e9lyt r\u00e9gi ruh\u00e1idnak! H\u00edmzett p\u00f3l\u00f3, ruha, \u00e9s kieg\u00e9sz\u00edt\u0151k egyediv\u00e9 var\u00e1zsolva. K\u00fcldd el nek\u00fcnk, mi r\u00e1h\u00edmezz\u00fck a mint\u00e1t!","breadcrumb":{"@id":"https:\/\/matyodesign.hu\/termek\/second_chance_himzes\/#breadcrumb"},"inLanguage":"de","potentialAction":[{"@type":"ReadAction","target":["https:\/\/matyodesign.hu\/termek\/second_chance_himzes\/"]}]},{"@type":"ImageObject","inLanguage":"de","@id":"https:\/\/matyodesign.hu\/termek\/second_chance_himzes\/#primaryimage","url":"https:\/\/matyodesign.hu\/wp-content\/uploads\/2024\/02\/second_chance_2-1.jpg","contentUrl":"https:\/\/matyodesign.hu\/wp-content\/uploads\/2024\/02\/second_chance_2-1.jpg","width":1000,"height":1000,"caption":"Farmerkab\u00e1t pasztell, maty\u00f3 h\u00edmz\u00e9s ruhanem\u0171"},{"@type":"BreadcrumbList","@id":"https:\/\/matyodesign.hu\/termek\/second_chance_himzes\/#breadcrumb","itemListElement":[{"@type":"ListItem","position":1,"name":"Kezd\u0151lap","item":"https:\/\/matyodesign.hu\/"},{"@type":"ListItem","position":2,"name":"Webshop","item":"https:\/\/matyodesign.hu\/webshop\/"},{"@type":"ListItem","position":3,"name":"SECOND CHANCE &#8211; Adj m\u00e1sodik es\u00e9lyt a ruh\u00e1dnak!"}]},{"@type":"WebSite","@id":"https:\/\/matyodesign.hu\/#website","url":"https:\/\/matyodesign.hu\/","name":"matyodesign","description":"K\u00e9zzel. Szeretettel. Neked.","potentialAction":[{"@type":"SearchAction","target":{"@type":"EntryPoint","urlTemplate":"https:\/\/matyodesign.hu\/?s={search_term_string}"},"query-input":{"@type":"PropertyValueSpecification","valueRequired":true,"valueName":"search_term_string"}}],"inLanguage":"de"}]}},"_links":{"self":[{"href":"https:\/\/matyodesign.hu\/de\/wp-json\/wp\/v2\/product\/100103","targetHints":{"allow":["GET"]}}],"collection":[{"href":"https:\/\/matyodesign.hu\/de\/wp-json\/wp\/v2\/product"}],"about":[{"href":"https:\/\/matyodesign.hu\/de\/wp-json\/wp\/v2\/types\/product"}],"wp:featuredmedia":[{"embeddable":true,"href":"https:\/\/matyodesign.hu\/de\/wp-json\/wp\/v2\/media\/98846"}],"wp:attachment":[{"href":"https:\/\/matyodesign.hu\/de\/wp-json\/wp\/v2\/media?parent=100103"}],"wp:term":[{"taxonomy":"product_brand","embeddable":true,"href":"https:\/\/matyodesign.hu\/de\/wp-json\/wp\/v2\/product_brand?post=100103"},{"taxonomy":"product_cat","embeddable":true,"href":"https:\/\/matyodesign.hu\/de\/wp-json\/wp\/v2\/product_cat?post=100103"},{"taxonomy":"product_tag","embeddable":true,"href":"https:\/\/matyodesign.hu\/de\/wp-json\/wp\/v2\/product_tag?post=100103"}],"curies":[{"name":"wp","href":"https:\/\/api.w.org\/{rel}","templated":true}]}}