{"id":100111,"date":"2024-05-29T11:12:44","date_gmt":"2024-05-29T09:12:44","guid":{"rendered":"https:\/\/2024.matyodesign.hu\/?post_type=product&#038;p=100111"},"modified":"2026-04-17T10:47:34","modified_gmt":"2026-04-17T08:47:34","slug":"elegans-ruha-2","status":"publish","type":"product","link":"https:\/\/matyodesign.hu\/de\/produkt\/elegantes-maxikleid\/","title":{"rendered":"ELEGANTES MAXIKLEID"},"content":{"rendered":"","protected":false},"excerpt":{"rendered":"<p><span data-sheets-value=\"{&quot;1&quot;:2,&quot;2&quot;:&quot;B\u00e1r a ny\u00e1r elm\u00falt, eleg\u00e1ns, m\u00e9gis k\u00f6nnyed ruh\u00e1nk t\u00f6k\u00e9letes lehet ha k\u00fcl\u00f6nlegesnek szeretn\u00e9d \u00e9rezni magad b\u00e1rmilyen esem\u00e9nyen. Ha azt szeretn\u00e9d, hogy minden tekintet r\u00e1d szegez\u0151dj\u00f6n, l\u00e9gy b\u00e1tor \u00e9s v\u00e1laszd az \u00faj, t\u0171zpiros sz\u00edn\u0171 v\u00e1ltozatot! A h\u00edmz\u00e9s mint\u00e1j\u00e1t Kriston Gitka tervezte \u00e9s egy tardi asszony h\u00edmezte k\u00e9zzel \u00e9s sok szeretettel.&quot;}\" data-sheets-userformat=\"{&quot;2&quot;:15167,&quot;3&quot;:{&quot;1&quot;:0},&quot;4&quot;:{&quot;1&quot;:2,&quot;2&quot;:16777215},&quot;5&quot;:{&quot;1&quot;:[{&quot;1&quot;:2,&quot;2&quot;:0,&quot;5&quot;:{&quot;1&quot;:2,&quot;2&quot;:0}},{&quot;1&quot;:0,&quot;2&quot;:0,&quot;3&quot;:3},{&quot;1&quot;:1,&quot;2&quot;:0,&quot;4&quot;:1}]},&quot;6&quot;:{&quot;1&quot;:[{&quot;1&quot;:2,&quot;2&quot;:0,&quot;5&quot;:{&quot;1&quot;:2,&quot;2&quot;:0}},{&quot;1&quot;:0,&quot;2&quot;:0,&quot;3&quot;:3},{&quot;1&quot;:1,&quot;2&quot;:0,&quot;4&quot;:1}]},&quot;7&quot;:{&quot;1&quot;:[{&quot;1&quot;:2,&quot;2&quot;:0,&quot;5&quot;:{&quot;1&quot;:2,&quot;2&quot;:0}},{&quot;1&quot;:0,&quot;2&quot;:0,&quot;3&quot;:3},{&quot;1&quot;:1,&quot;2&quot;:0,&quot;4&quot;:1}]},&quot;8&quot;:{&quot;1&quot;:[{&quot;1&quot;:2,&quot;2&quot;:0,&quot;5&quot;:{&quot;1&quot;:2,&quot;2&quot;:0}},{&quot;1&quot;:0,&quot;2&quot;:0,&quot;3&quot;:3},{&quot;1&quot;:1,&quot;2&quot;:0,&quot;4&quot;:1}]},&quot;11&quot;:4,&quot;12&quot;:0,&quot;14&quot;:{&quot;1&quot;:2,&quot;2&quot;:0},&quot;15&quot;:&quot;Arial&quot;,&quot;16&quot;:11}\">B\u00e1r a ny\u00e1r elm\u00falt, eleg\u00e1ns, m\u00e9gis k\u00f6nnyed ruh\u00e1nk t\u00f6k\u00e9letes lehet ha k\u00fcl\u00f6nlegesnek szeretn\u00e9d \u00e9rezni magad b\u00e1rmilyen esem\u00e9nyen. Ha azt szeretn\u00e9d, hogy minden tekintet r\u00e1d szegez\u0151dj\u00f6n, l\u00e9gy b\u00e1tor \u00e9s v\u00e1laszd az \u00faj, t\u0171zpiros sz\u00edn\u0171 v\u00e1ltozatot! A h\u00edmz\u00e9s mint\u00e1j\u00e1t Kriston Gitka tervezte \u00e9s egy tardi asszony h\u00edmezte k\u00e9zzel \u00e9s sok szeretettel.<\/span><\/p>\n","protected":false},"featured_media":98859,"template":"","meta":[],"product_brand":[],"product_cat":[79,369,94],"product_tag":[],"class_list":{"0":"post-100111","1":"product","2":"type-product","3":"status-publish","4":"has-post-thumbnail","6":"product_cat-noknek","7":"product_cat-ruhak","8":"product_cat-ujdonsagok","10":"first","11":"instock","12":"shipping-taxable","13":"purchasable","14":"product-type-variable"},"yoast_head":"<!-- This site is optimized with the Yoast SEO plugin v27.4 - https:\/\/yoast.com\/product\/yoast-seo-wordpress\/ -->\n<title>Eleg\u00e1ns, egyedi h\u00edmzett, maty\u00f3 ruha \u2013 Matyodesign<\/title>\n<meta name=\"description\" content=\"Fedezd fel az eleg\u00e1ns h\u00edmzett ruh\u00e1inkat, amelyek a maty\u00f3 h\u00edmz\u00e9st modern diz\u00e1jnnal \u00f6tv\u00f6zik. Kiemelked\u0151 min\u0151s\u00e9g \u00e9s egyedi st\u00edlus minden darabban.\" \/>\n<meta name=\"robots\" content=\"index, follow, max-snippet:-1, max-image-preview:large, max-video-preview:-1\" \/>\n<link rel=\"canonical\" href=\"https:\/\/matyodesign.hu\/de\/produkt\/elegantes-maxikleid\/\" \/>\n<meta property=\"og:locale\" content=\"de_DE\" \/>\n<meta property=\"og:type\" content=\"article\" \/>\n<meta property=\"og:title\" content=\"Eleg\u00e1ns, egyedi h\u00edmzett, maty\u00f3 ruha \u2013 Matyodesign\" \/>\n<meta property=\"og:description\" content=\"Fedezd fel az eleg\u00e1ns h\u00edmzett ruh\u00e1inkat, amelyek a maty\u00f3 h\u00edmz\u00e9st modern diz\u00e1jnnal \u00f6tv\u00f6zik. Kiemelked\u0151 min\u0151s\u00e9g \u00e9s egyedi st\u00edlus minden darabban.\" \/>\n<meta property=\"og:url\" content=\"https:\/\/matyodesign.hu\/de\/produkt\/elegantes-maxikleid\/\" \/>\n<meta property=\"og:site_name\" content=\"matyodesign\" \/>\n<meta property=\"article:modified_time\" content=\"2026-04-17T08:47:34+00:00\" \/>\n<meta property=\"og:image\" content=\"https:\/\/matyodesign.hu\/wp-content\/uploads\/2024\/02\/fekete_ruha_2.jpg\" \/>\n\t<meta property=\"og:image:width\" content=\"1000\" \/>\n\t<meta property=\"og:image:height\" content=\"1000\" \/>\n\t<meta property=\"og:image:type\" content=\"image\/jpeg\" \/>\n<meta name=\"twitter:card\" content=\"summary_large_image\" \/>\n<meta name=\"twitter:label1\" content=\"Gesch\u00e4tzte Lesezeit\" \/>\n\t<meta name=\"twitter:data1\" content=\"1\u00a0Minute\" \/>\n<script type=\"application\/ld+json\" class=\"yoast-schema-graph\">{\"@context\":\"https:\\\/\\\/schema.org\",\"@graph\":[{\"@type\":\"WebPage\",\"@id\":\"https:\\\/\\\/matyodesign.hu\\\/termek\\\/elegans-ruha-2\\\/\",\"url\":\"https:\\\/\\\/matyodesign.hu\\\/termek\\\/elegans-ruha-2\\\/\",\"name\":\"Eleg\u00e1ns, egyedi h\u00edmzett, maty\u00f3 ruha \u2013 Matyodesign\",\"isPartOf\":{\"@id\":\"https:\\\/\\\/matyodesign.hu\\\/#website\"},\"primaryImageOfPage\":{\"@id\":\"https:\\\/\\\/matyodesign.hu\\\/termek\\\/elegans-ruha-2\\\/#primaryimage\"},\"image\":{\"@id\":\"https:\\\/\\\/matyodesign.hu\\\/termek\\\/elegans-ruha-2\\\/#primaryimage\"},\"thumbnailUrl\":\"https:\\\/\\\/matyodesign.hu\\\/wp-content\\\/uploads\\\/2024\\\/02\\\/fekete_ruha_2.jpg\",\"datePublished\":\"2024-05-29T09:12:44+00:00\",\"dateModified\":\"2026-04-17T08:47:34+00:00\",\"description\":\"Fedezd fel az eleg\u00e1ns h\u00edmzett ruh\u00e1inkat, amelyek a maty\u00f3 h\u00edmz\u00e9st modern diz\u00e1jnnal \u00f6tv\u00f6zik. Kiemelked\u0151 min\u0151s\u00e9g \u00e9s egyedi st\u00edlus minden darabban.\",\"breadcrumb\":{\"@id\":\"https:\\\/\\\/matyodesign.hu\\\/termek\\\/elegans-ruha-2\\\/#breadcrumb\"},\"inLanguage\":\"de\",\"potentialAction\":[{\"@type\":\"ReadAction\",\"target\":[\"https:\\\/\\\/matyodesign.hu\\\/termek\\\/elegans-ruha-2\\\/\"]}]},{\"@type\":\"ImageObject\",\"inLanguage\":\"de\",\"@id\":\"https:\\\/\\\/matyodesign.hu\\\/termek\\\/elegans-ruha-2\\\/#primaryimage\",\"url\":\"https:\\\/\\\/matyodesign.hu\\\/wp-content\\\/uploads\\\/2024\\\/02\\\/fekete_ruha_2.jpg\",\"contentUrl\":\"https:\\\/\\\/matyodesign.hu\\\/wp-content\\\/uploads\\\/2024\\\/02\\\/fekete_ruha_2.jpg\",\"width\":1000,\"height\":1000,\"caption\":\"Ruha eleg\u00e1ns fekete, maty\u00f3 mint\u00e1s ruhanem\u0171\"},{\"@type\":\"BreadcrumbList\",\"@id\":\"https:\\\/\\\/matyodesign.hu\\\/termek\\\/elegans-ruha-2\\\/#breadcrumb\",\"itemListElement\":[{\"@type\":\"ListItem\",\"position\":1,\"name\":\"Kezd\u0151lap\",\"item\":\"https:\\\/\\\/matyodesign.hu\\\/\"},{\"@type\":\"ListItem\",\"position\":2,\"name\":\"Webshop\",\"item\":\"https:\\\/\\\/matyodesign.hu\\\/webshop\\\/\"},{\"@type\":\"ListItem\",\"position\":3,\"name\":\"ELEG\u00c1NS HOSSZ\u00da RUH\u00c1K\"}]},{\"@type\":\"WebSite\",\"@id\":\"https:\\\/\\\/matyodesign.hu\\\/#website\",\"url\":\"https:\\\/\\\/matyodesign.hu\\\/\",\"name\":\"matyodesign\",\"description\":\"K\u00e9zzel. Szeretettel. Neked.\",\"potentialAction\":[{\"@type\":\"SearchAction\",\"target\":{\"@type\":\"EntryPoint\",\"urlTemplate\":\"https:\\\/\\\/matyodesign.hu\\\/?s={search_term_string}\"},\"query-input\":{\"@type\":\"PropertyValueSpecification\",\"valueRequired\":true,\"valueName\":\"search_term_string\"}}],\"inLanguage\":\"de\"}]}<\/script>\n<!-- \/ Yoast SEO plugin. -->","yoast_head_json":{"title":"Eleg\u00e1ns, egyedi h\u00edmzett, maty\u00f3 ruha \u2013 Matyodesign","description":"Fedezd fel az eleg\u00e1ns h\u00edmzett ruh\u00e1inkat, amelyek a maty\u00f3 h\u00edmz\u00e9st modern diz\u00e1jnnal \u00f6tv\u00f6zik. Kiemelked\u0151 min\u0151s\u00e9g \u00e9s egyedi st\u00edlus minden darabban.","robots":{"index":"index","follow":"follow","max-snippet":"max-snippet:-1","max-image-preview":"max-image-preview:large","max-video-preview":"max-video-preview:-1"},"canonical":"https:\/\/matyodesign.hu\/de\/produkt\/elegantes-maxikleid\/","og_locale":"de_DE","og_type":"article","og_title":"Eleg\u00e1ns, egyedi h\u00edmzett, maty\u00f3 ruha \u2013 Matyodesign","og_description":"Fedezd fel az eleg\u00e1ns h\u00edmzett ruh\u00e1inkat, amelyek a maty\u00f3 h\u00edmz\u00e9st modern diz\u00e1jnnal \u00f6tv\u00f6zik. Kiemelked\u0151 min\u0151s\u00e9g \u00e9s egyedi st\u00edlus minden darabban.","og_url":"https:\/\/matyodesign.hu\/de\/produkt\/elegantes-maxikleid\/","og_site_name":"matyodesign","article_modified_time":"2026-04-17T08:47:34+00:00","og_image":[{"width":1000,"height":1000,"url":"https:\/\/matyodesign.hu\/wp-content\/uploads\/2024\/02\/fekete_ruha_2.jpg","type":"image\/jpeg"}],"twitter_card":"summary_large_image","twitter_misc":{"Gesch\u00e4tzte Lesezeit":"1\u00a0Minute"},"schema":{"@context":"https:\/\/schema.org","@graph":[{"@type":"WebPage","@id":"https:\/\/matyodesign.hu\/termek\/elegans-ruha-2\/","url":"https:\/\/matyodesign.hu\/termek\/elegans-ruha-2\/","name":"Eleg\u00e1ns, egyedi h\u00edmzett, maty\u00f3 ruha \u2013 Matyodesign","isPartOf":{"@id":"https:\/\/matyodesign.hu\/#website"},"primaryImageOfPage":{"@id":"https:\/\/matyodesign.hu\/termek\/elegans-ruha-2\/#primaryimage"},"image":{"@id":"https:\/\/matyodesign.hu\/termek\/elegans-ruha-2\/#primaryimage"},"thumbnailUrl":"https:\/\/matyodesign.hu\/wp-content\/uploads\/2024\/02\/fekete_ruha_2.jpg","datePublished":"2024-05-29T09:12:44+00:00","dateModified":"2026-04-17T08:47:34+00:00","description":"Fedezd fel az eleg\u00e1ns h\u00edmzett ruh\u00e1inkat, amelyek a maty\u00f3 h\u00edmz\u00e9st modern diz\u00e1jnnal \u00f6tv\u00f6zik. Kiemelked\u0151 min\u0151s\u00e9g \u00e9s egyedi st\u00edlus minden darabban.","breadcrumb":{"@id":"https:\/\/matyodesign.hu\/termek\/elegans-ruha-2\/#breadcrumb"},"inLanguage":"de","potentialAction":[{"@type":"ReadAction","target":["https:\/\/matyodesign.hu\/termek\/elegans-ruha-2\/"]}]},{"@type":"ImageObject","inLanguage":"de","@id":"https:\/\/matyodesign.hu\/termek\/elegans-ruha-2\/#primaryimage","url":"https:\/\/matyodesign.hu\/wp-content\/uploads\/2024\/02\/fekete_ruha_2.jpg","contentUrl":"https:\/\/matyodesign.hu\/wp-content\/uploads\/2024\/02\/fekete_ruha_2.jpg","width":1000,"height":1000,"caption":"Ruha eleg\u00e1ns fekete, maty\u00f3 mint\u00e1s ruhanem\u0171"},{"@type":"BreadcrumbList","@id":"https:\/\/matyodesign.hu\/termek\/elegans-ruha-2\/#breadcrumb","itemListElement":[{"@type":"ListItem","position":1,"name":"Kezd\u0151lap","item":"https:\/\/matyodesign.hu\/"},{"@type":"ListItem","position":2,"name":"Webshop","item":"https:\/\/matyodesign.hu\/webshop\/"},{"@type":"ListItem","position":3,"name":"ELEG\u00c1NS HOSSZ\u00da RUH\u00c1K"}]},{"@type":"WebSite","@id":"https:\/\/matyodesign.hu\/#website","url":"https:\/\/matyodesign.hu\/","name":"matyodesign","description":"K\u00e9zzel. Szeretettel. Neked.","potentialAction":[{"@type":"SearchAction","target":{"@type":"EntryPoint","urlTemplate":"https:\/\/matyodesign.hu\/?s={search_term_string}"},"query-input":{"@type":"PropertyValueSpecification","valueRequired":true,"valueName":"search_term_string"}}],"inLanguage":"de"}]}},"_links":{"self":[{"href":"https:\/\/matyodesign.hu\/de\/wp-json\/wp\/v2\/product\/100111","targetHints":{"allow":["GET"]}}],"collection":[{"href":"https:\/\/matyodesign.hu\/de\/wp-json\/wp\/v2\/product"}],"about":[{"href":"https:\/\/matyodesign.hu\/de\/wp-json\/wp\/v2\/types\/product"}],"wp:featuredmedia":[{"embeddable":true,"href":"https:\/\/matyodesign.hu\/de\/wp-json\/wp\/v2\/media\/98859"}],"wp:attachment":[{"href":"https:\/\/matyodesign.hu\/de\/wp-json\/wp\/v2\/media?parent=100111"}],"wp:term":[{"taxonomy":"product_brand","embeddable":true,"href":"https:\/\/matyodesign.hu\/de\/wp-json\/wp\/v2\/product_brand?post=100111"},{"taxonomy":"product_cat","embeddable":true,"href":"https:\/\/matyodesign.hu\/de\/wp-json\/wp\/v2\/product_cat?post=100111"},{"taxonomy":"product_tag","embeddable":true,"href":"https:\/\/matyodesign.hu\/de\/wp-json\/wp\/v2\/product_tag?post=100111"}],"curies":[{"name":"wp","href":"https:\/\/api.w.org\/{rel}","templated":true}]}}