{"id":100302,"date":"2024-05-29T11:24:56","date_gmt":"2024-05-29T09:24:56","guid":{"rendered":"https:\/\/2024.matyodesign.hu\/?post_type=product&#038;p=100302"},"modified":"2026-05-08T11:06:50","modified_gmt":"2026-05-08T09:06:50","slug":"exkluziv-kabat-3","status":"publish","type":"product","link":"https:\/\/matyodesign.hu\/de\/termek\/exkluziv-kabat-3\/","title":{"rendered":"EXKLUSIVER MANTEL"},"content":{"rendered":"<h4 data-start=\"84\" data-end=\"173\"><strong data-start=\"88\" data-end=\"173\">Matyodesign exkluz\u00edv h\u00edmzett kab\u00e1t\u00a0<\/strong><\/h4>\n<p data-start=\"175\" data-end=\"611\">Ismerd meg a <strong>matyodesign exkluz\u00edv h\u00edmzett kab\u00e1tot<\/strong>, amely nem csup\u00e1n egy eleg\u00e1ns ruhadarab, hanem egy val\u00f3di m\u0171alkot\u00e1s is. A <strong data-start=\"312\" data-end=\"330\">tardi h\u00edmz\u0151n\u0151k<\/strong> \u00e1ltal k\u00e9sz\u00edtett kab\u00e1t hetekig k\u00e9sz\u00fcl.<\/p>\n<ul>\n<li data-start=\"613\" data-end=\"1433\"><strong data-start=\"963\" data-end=\"981\">Eleg\u00e1ns sz\u00ednek<\/strong> \u2013 a <strong data-start=\"986\" data-end=\"1020\">b\u00edbork\u00e9k, arany \u00e9s z\u00f6ld sz\u00ednek<\/strong> harmonikus kombin\u00e1ci\u00f3ja var\u00e1zslatos csillog\u00e1st k\u00f6lcs\u00f6n\u00f6z a kab\u00e1tnak.<\/li>\n<li data-start=\"613\" data-end=\"1433\"><strong data-start=\"1095\" data-end=\"1113\">Kiv\u00e1l\u00f3 min\u0151s\u00e9g<\/strong> \u2013 az anyaga <strong data-start=\"1126\" data-end=\"1144\">95% poli\u00e9szter<\/strong> und <strong data-start=\"1148\" data-end=\"1163\">5% elaszt\u00e1n<\/strong>, amely k\u00e9nyelmes \u00e9s rugalmas viseletet biztos\u00edt.<\/li>\n<li data-start=\"613\" data-end=\"1433\"><strong data-start=\"1218\" data-end=\"1236\">M\u00e9retv\u00e1laszt\u00e9k<\/strong> Erh\u00e4ltlich in <strong data-start=\"1248\" data-end=\"1255\">S\/M<\/strong> und <strong data-start=\"1259\" data-end=\"1267\">L\/XL<\/strong> m\u00e9retekben, \u00edgy mindenki megtal\u00e1lhatja a t\u00f6k\u00e9letes fazont.<\/li>\n<li data-start=\"613\" data-end=\"1433\"><strong data-start=\"1332\" data-end=\"1367\">K\u00e9zzel k\u00e9sz\u00edtett, megrendel\u00e9sre<\/strong> \u2013 a kab\u00e1tot rendel\u00e9sre k\u00e9sz\u00edtj\u00fck, egy h\u00f3napos elk\u00e9sz\u00edt\u00e9si id\u0151vel.<\/li>\n<\/ul>\n<p data-start=\"1435\" data-end=\"1588\">Der <strong>matyodesign exkluz\u00edv h\u00edmzett kab\u00e1t<\/strong> nem csup\u00e1n egy divatos v\u00e1laszt\u00e1s, hanem egy val\u00f3di m\u0171alkot\u00e1s, amely mindennapjaidat k\u00fcl\u00f6nlegess\u00e9 teszi.<\/p>\n<p data-start=\"1590\" data-end=\"1619\"><strong data-start=\"1593\" data-end=\"1617\">\u00c4hnliche Produkte:<\/strong><\/p>\n<ul data-start=\"1620\" data-end=\"1686\">\n<li data-start=\"1620\" data-end=\"1654\"><a href=\"https:\/\/matyodesign.hu\/de\/termek\/exklusiver-mantel-pfauenfeder\/\">matyodesign exkluz\u00edv p\u00e1vatoll kab\u00e1t<\/a><\/li>\n<li data-start=\"1620\" data-end=\"1654\"><a href=\"https:\/\/matyodesign.hu\/de\/termek\/exkluziv_ruha\/\">matyodesign exkluz\u00edv ruha<\/a><\/li>\n<\/ul>\n<p><strong>Wusstest du?<\/strong><\/p>\n<p>Unsere handgefertigten Produkte bieten Arbeit f\u00fcr 45 Frauen in Tardo, einem kleinen Dorf im Nordosten Ungarns. Die Mission von matyodesign besteht nicht nur darin, die Tradition am Leben zu erhalten, sondern sie auch auf hohem Niveau neu zu erschaffen, mit Blick auf die Einzigartigkeit und gleichzeitig unter Ber\u00fccksichtigung der Herausforderungen der Gegenwart.<br \/>\nWir haben die matyodesign-Community gegr\u00fcndet, nicht zu vergessen die Bestrebungen, die mit den Herausforderungen der heutigen Welt \u00fcbereinstimmen: Wir leben in einem ethischen Gesch\u00e4ftsmodell, Wertsch\u00f6pfung im Laufe der Zeit anstelle von Wegwerfprodukten und verantwortungsvolles Einkaufen und Nachhaltigkeit sind dar\u00fcber hinaus auch wichtige Teile unseres Ethos zur Weitergabe der Werte der Vergangenheit. Die Maty\u00f3-Stickerei wurde in die UNESCO-Liste des geistigen und kulturellen Erbes aufgenommen.<\/p>\n<p>Folge uns auch auf unserer Facebook-Seite: <a href=\"https:\/\/www.facebook.com\/matyodesign\">https:\/\/www.facebook.com\/matyodesign<\/a><\/p>\n<p>Du findest uns auch auf Instagram: <a href=\"https:\/\/www.instagram.com\/matyodesign\/\">https:\/\/www.instagram.com\/matyodesign\/<\/a><\/p>","protected":false},"excerpt":{"rendered":"<p class=\"p1\">Tr\u00e4gst du diesen bezaubernden Mantel, wirst du bewundernde Blicke auch auf deinem R\u00fccken sp\u00fcren. In wochenlanger Arbeit und mit all ihrer Liebe sticken die Stickerinnen aus Tard ein ganzes Blumenfeld darauf.<\/p>\n<p class=\"p1\">Die Arbeitszeit betr\u00e4gt einen Monat, aber deine Geduld wird mit vielen Blumen belohnt. Da kannst du sicher sein.<\/p>\n<p>Wir fertigen ihn auf Bestellung.<\/p>","protected":false},"featured_media":99168,"template":"","meta":[],"product_brand":[],"product_cat":[372,79],"product_tag":[],"class_list":{"0":"post-100302","1":"product","2":"type-product","3":"status-publish","4":"has-post-thumbnail","6":"product_cat-kabatok","7":"product_cat-noknek","9":"first","10":"instock","11":"shipping-taxable","12":"purchasable","13":"product-type-variable"},"yoast_head":"<!-- This site is optimized with the Yoast SEO plugin v27.5 - https:\/\/yoast.com\/product\/yoast-seo-wordpress\/ -->\n<title>Exkluz\u00edv, egyedi h\u00edmzett kab\u00e1t \u2013 Matyodesign<\/title>\n<meta name=\"description\" content=\"Fedezd fel exkluz\u00edv h\u00edmzett kab\u00e1tjainkat, melyek a maty\u00f3 h\u00edmz\u00e9st modern diz\u00e1jnnal \u00f6tv\u00f6zik. Kiemelked\u0151 min\u0151s\u00e9g \u00e9s egyedi st\u00edlus minden darabban.\" \/>\n<meta name=\"robots\" content=\"index, follow, max-snippet:-1, max-image-preview:large, max-video-preview:-1\" \/>\n<link rel=\"canonical\" href=\"https:\/\/matyodesign.hu\/de\/termek\/exklusiver-mantel\/\" \/>\n<meta property=\"og:locale\" content=\"de_DE\" \/>\n<meta property=\"og:type\" content=\"article\" \/>\n<meta property=\"og:title\" content=\"Exkluz\u00edv, egyedi h\u00edmzett kab\u00e1t \u2013 Matyodesign\" \/>\n<meta property=\"og:description\" content=\"Fedezd fel exkluz\u00edv h\u00edmzett kab\u00e1tjainkat, melyek a maty\u00f3 h\u00edmz\u00e9st modern diz\u00e1jnnal \u00f6tv\u00f6zik. Kiemelked\u0151 min\u0151s\u00e9g \u00e9s egyedi st\u00edlus minden darabban.\" \/>\n<meta property=\"og:url\" content=\"https:\/\/matyodesign.hu\/de\/termek\/exklusiver-mantel\/\" \/>\n<meta property=\"og:site_name\" content=\"matyodesign\" \/>\n<meta property=\"article:modified_time\" content=\"2026-05-08T09:06:50+00:00\" \/>\n<meta property=\"og:image\" content=\"https:\/\/matyodesign.hu\/wp-content\/uploads\/2024\/02\/04.jpg\" \/>\n\t<meta property=\"og:image:width\" content=\"1000\" \/>\n\t<meta property=\"og:image:height\" content=\"1000\" \/>\n\t<meta property=\"og:image:type\" content=\"image\/jpeg\" \/>\n<meta name=\"twitter:card\" content=\"summary_large_image\" \/>\n<meta name=\"twitter:label1\" content=\"Gesch\u00e4tzte Lesezeit\" \/>\n\t<meta name=\"twitter:data1\" content=\"2\u00a0Minuten\" \/>\n<script type=\"application\/ld+json\" class=\"yoast-schema-graph\">{\"@context\":\"https:\\\/\\\/schema.org\",\"@graph\":[{\"@type\":\"WebPage\",\"@id\":\"https:\\\/\\\/matyodesign.hu\\\/termek\\\/exkluziv-kabat-3\\\/\",\"url\":\"https:\\\/\\\/matyodesign.hu\\\/termek\\\/exkluziv-kabat-3\\\/\",\"name\":\"Exkluz\u00edv, egyedi h\u00edmzett kab\u00e1t \u2013 Matyodesign\",\"isPartOf\":{\"@id\":\"https:\\\/\\\/matyodesign.hu\\\/#website\"},\"primaryImageOfPage\":{\"@id\":\"https:\\\/\\\/matyodesign.hu\\\/termek\\\/exkluziv-kabat-3\\\/#primaryimage\"},\"image\":{\"@id\":\"https:\\\/\\\/matyodesign.hu\\\/termek\\\/exkluziv-kabat-3\\\/#primaryimage\"},\"thumbnailUrl\":\"https:\\\/\\\/matyodesign.hu\\\/wp-content\\\/uploads\\\/2024\\\/02\\\/04.jpg\",\"datePublished\":\"2024-05-29T09:24:56+00:00\",\"dateModified\":\"2026-05-08T09:06:50+00:00\",\"description\":\"Fedezd fel exkluz\u00edv h\u00edmzett kab\u00e1tjainkat, melyek a maty\u00f3 h\u00edmz\u00e9st modern diz\u00e1jnnal \u00f6tv\u00f6zik. Kiemelked\u0151 min\u0151s\u00e9g \u00e9s egyedi st\u00edlus minden darabban.\",\"breadcrumb\":{\"@id\":\"https:\\\/\\\/matyodesign.hu\\\/termek\\\/exkluziv-kabat-3\\\/#breadcrumb\"},\"inLanguage\":\"de\",\"potentialAction\":[{\"@type\":\"ReadAction\",\"target\":[\"https:\\\/\\\/matyodesign.hu\\\/termek\\\/exkluziv-kabat-3\\\/\"]}]},{\"@type\":\"ImageObject\",\"inLanguage\":\"de\",\"@id\":\"https:\\\/\\\/matyodesign.hu\\\/termek\\\/exkluziv-kabat-3\\\/#primaryimage\",\"url\":\"https:\\\/\\\/matyodesign.hu\\\/wp-content\\\/uploads\\\/2024\\\/02\\\/04.jpg\",\"contentUrl\":\"https:\\\/\\\/matyodesign.hu\\\/wp-content\\\/uploads\\\/2024\\\/02\\\/04.jpg\",\"width\":1000,\"height\":1000,\"caption\":\"Kab\u00e1t exkluz\u00edv fekete, h\u00edmzett ruha web\u00e1ruh\u00e1z\"},{\"@type\":\"BreadcrumbList\",\"@id\":\"https:\\\/\\\/matyodesign.hu\\\/termek\\\/exkluziv-kabat-3\\\/#breadcrumb\",\"itemListElement\":[{\"@type\":\"ListItem\",\"position\":1,\"name\":\"Kezd\u0151lap\",\"item\":\"https:\\\/\\\/matyodesign.hu\\\/\"},{\"@type\":\"ListItem\",\"position\":2,\"name\":\"Webshop\",\"item\":\"https:\\\/\\\/matyodesign.hu\\\/webshop\\\/\"},{\"@type\":\"ListItem\",\"position\":3,\"name\":\"EXKLUZ\u00cdV KAB\u00c1T\"}]},{\"@type\":\"WebSite\",\"@id\":\"https:\\\/\\\/matyodesign.hu\\\/#website\",\"url\":\"https:\\\/\\\/matyodesign.hu\\\/\",\"name\":\"matyodesign\",\"description\":\"K\u00e9zzel. Szeretettel. Neked.\",\"potentialAction\":[{\"@type\":\"SearchAction\",\"target\":{\"@type\":\"EntryPoint\",\"urlTemplate\":\"https:\\\/\\\/matyodesign.hu\\\/?s={search_term_string}\"},\"query-input\":{\"@type\":\"PropertyValueSpecification\",\"valueRequired\":true,\"valueName\":\"search_term_string\"}}],\"inLanguage\":\"de\"}]}<\/script>\n<!-- \/ Yoast SEO plugin. -->","yoast_head_json":{"title":"Exkluz\u00edv, egyedi h\u00edmzett kab\u00e1t \u2013 Matyodesign","description":"Fedezd fel exkluz\u00edv h\u00edmzett kab\u00e1tjainkat, melyek a maty\u00f3 h\u00edmz\u00e9st modern diz\u00e1jnnal \u00f6tv\u00f6zik. Kiemelked\u0151 min\u0151s\u00e9g \u00e9s egyedi st\u00edlus minden darabban.","robots":{"index":"index","follow":"follow","max-snippet":"max-snippet:-1","max-image-preview":"max-image-preview:large","max-video-preview":"max-video-preview:-1"},"canonical":"https:\/\/matyodesign.hu\/de\/termek\/exklusiver-mantel\/","og_locale":"de_DE","og_type":"article","og_title":"Exkluz\u00edv, egyedi h\u00edmzett kab\u00e1t \u2013 Matyodesign","og_description":"Fedezd fel exkluz\u00edv h\u00edmzett kab\u00e1tjainkat, melyek a maty\u00f3 h\u00edmz\u00e9st modern diz\u00e1jnnal \u00f6tv\u00f6zik. Kiemelked\u0151 min\u0151s\u00e9g \u00e9s egyedi st\u00edlus minden darabban.","og_url":"https:\/\/matyodesign.hu\/de\/termek\/exklusiver-mantel\/","og_site_name":"matyodesign","article_modified_time":"2026-05-08T09:06:50+00:00","og_image":[{"width":1000,"height":1000,"url":"https:\/\/matyodesign.hu\/wp-content\/uploads\/2024\/02\/04.jpg","type":"image\/jpeg"}],"twitter_card":"summary_large_image","twitter_misc":{"Gesch\u00e4tzte Lesezeit":"2\u00a0Minuten"},"schema":{"@context":"https:\/\/schema.org","@graph":[{"@type":"WebPage","@id":"https:\/\/matyodesign.hu\/termek\/exkluziv-kabat-3\/","url":"https:\/\/matyodesign.hu\/termek\/exkluziv-kabat-3\/","name":"Exkluz\u00edv, egyedi h\u00edmzett kab\u00e1t \u2013 Matyodesign","isPartOf":{"@id":"https:\/\/matyodesign.hu\/#website"},"primaryImageOfPage":{"@id":"https:\/\/matyodesign.hu\/termek\/exkluziv-kabat-3\/#primaryimage"},"image":{"@id":"https:\/\/matyodesign.hu\/termek\/exkluziv-kabat-3\/#primaryimage"},"thumbnailUrl":"https:\/\/matyodesign.hu\/wp-content\/uploads\/2024\/02\/04.jpg","datePublished":"2024-05-29T09:24:56+00:00","dateModified":"2026-05-08T09:06:50+00:00","description":"Fedezd fel exkluz\u00edv h\u00edmzett kab\u00e1tjainkat, melyek a maty\u00f3 h\u00edmz\u00e9st modern diz\u00e1jnnal \u00f6tv\u00f6zik. Kiemelked\u0151 min\u0151s\u00e9g \u00e9s egyedi st\u00edlus minden darabban.","breadcrumb":{"@id":"https:\/\/matyodesign.hu\/termek\/exkluziv-kabat-3\/#breadcrumb"},"inLanguage":"de","potentialAction":[{"@type":"ReadAction","target":["https:\/\/matyodesign.hu\/termek\/exkluziv-kabat-3\/"]}]},{"@type":"ImageObject","inLanguage":"de","@id":"https:\/\/matyodesign.hu\/termek\/exkluziv-kabat-3\/#primaryimage","url":"https:\/\/matyodesign.hu\/wp-content\/uploads\/2024\/02\/04.jpg","contentUrl":"https:\/\/matyodesign.hu\/wp-content\/uploads\/2024\/02\/04.jpg","width":1000,"height":1000,"caption":"Kab\u00e1t exkluz\u00edv fekete, h\u00edmzett ruha web\u00e1ruh\u00e1z"},{"@type":"BreadcrumbList","@id":"https:\/\/matyodesign.hu\/termek\/exkluziv-kabat-3\/#breadcrumb","itemListElement":[{"@type":"ListItem","position":1,"name":"Kezd\u0151lap","item":"https:\/\/matyodesign.hu\/"},{"@type":"ListItem","position":2,"name":"Webshop","item":"https:\/\/matyodesign.hu\/webshop\/"},{"@type":"ListItem","position":3,"name":"EXKLUZ\u00cdV KAB\u00c1T"}]},{"@type":"WebSite","@id":"https:\/\/matyodesign.hu\/#website","url":"https:\/\/matyodesign.hu\/","name":"matyodesign","description":"K\u00e9zzel. Szeretettel. Neked.","potentialAction":[{"@type":"SearchAction","target":{"@type":"EntryPoint","urlTemplate":"https:\/\/matyodesign.hu\/?s={search_term_string}"},"query-input":{"@type":"PropertyValueSpecification","valueRequired":true,"valueName":"search_term_string"}}],"inLanguage":"de"}]}},"_links":{"self":[{"href":"https:\/\/matyodesign.hu\/de\/wp-json\/wp\/v2\/product\/100302","targetHints":{"allow":["GET"]}}],"collection":[{"href":"https:\/\/matyodesign.hu\/de\/wp-json\/wp\/v2\/product"}],"about":[{"href":"https:\/\/matyodesign.hu\/de\/wp-json\/wp\/v2\/types\/product"}],"wp:featuredmedia":[{"embeddable":true,"href":"https:\/\/matyodesign.hu\/de\/wp-json\/wp\/v2\/media\/99168"}],"wp:attachment":[{"href":"https:\/\/matyodesign.hu\/de\/wp-json\/wp\/v2\/media?parent=100302"}],"wp:term":[{"taxonomy":"product_brand","embeddable":true,"href":"https:\/\/matyodesign.hu\/de\/wp-json\/wp\/v2\/product_brand?post=100302"},{"taxonomy":"product_cat","embeddable":true,"href":"https:\/\/matyodesign.hu\/de\/wp-json\/wp\/v2\/product_cat?post=100302"},{"taxonomy":"product_tag","embeddable":true,"href":"https:\/\/matyodesign.hu\/de\/wp-json\/wp\/v2\/product_tag?post=100302"}],"curies":[{"name":"wp","href":"https:\/\/api.w.org\/{rel}","templated":true}]}}