{"id":100305,"date":"2024-05-29T11:25:19","date_gmt":"2024-05-29T09:25:19","guid":{"rendered":"https:\/\/2024.matyodesign.hu\/?post_type=product&#038;p=100305"},"modified":"2025-06-25T13:50:59","modified_gmt":"2025-06-25T11:50:59","slug":"tervezd-magad-polo-25","status":"publish","type":"product","link":"https:\/\/matyodesign.hu\/de\/termek\/tervezd-magad-polo-25\/","title":{"rendered":"ENTWERFE DEIN T-SHIRT SELBST!"},"content":{"rendered":"","protected":false},"excerpt":{"rendered":"<p>Lass deine Tr\u00e4ume verwirklichen und gestalte dein T-Shirt selbst. Du planst, wir besticken es.<\/p>\n<p>1. W\u00e4hle die Farbe des T-Shirts<br \/>\n2. W\u00e4hle dein Lieblingsmuster<br \/>\n3 W\u00e4hlen Sie bis zu 4 Ihrer Lieblingsfarben aus. Wenn Sie nur 1 oder 2 Farben w\u00fcnschen, w\u00e4hlen Sie in den \u00fcbrigen Zeilen \u201ekeine anderen Farben\u201c.<\/p>\n<p><span style=\"font-weight: 400;\">Wenn Sie beim Design nicht weiterkommen, schreiben Sie uns: barbara@matyodesign.hu<\/span><\/p>","protected":false},"featured_media":99176,"template":"","meta":[],"product_brand":[],"product_cat":[79,367],"product_tag":[],"class_list":{"0":"post-100305","1":"product","2":"type-product","3":"status-publish","4":"has-post-thumbnail","6":"product_cat-noknek","7":"product_cat-polok","9":"first","10":"instock","11":"shipping-taxable","12":"purchasable","13":"product-type-variable"},"yoast_head":"<!-- This site is optimized with the Yoast SEO plugin v27.5 - https:\/\/yoast.com\/product\/yoast-seo-wordpress\/ -->\n<title>Tervezd meg saj\u00e1t h\u00edmzett p\u00f3l\u00f3dat \u2013 Matyodesign<\/title>\n<meta name=\"description\" content=\"K\u00e9sz\u00edtsd el egyedi h\u00edmzett p\u00f3l\u00f3dat a Matyodesign-nal! V\u00e1laszd ki a sz\u00ednt, mint\u00e1t, \u00e9s a sz\u00edneket \u2013 egyedi, szem\u00e9lyre szabott divat!\" \/>\n<meta name=\"robots\" content=\"index, follow, max-snippet:-1, max-image-preview:large, max-video-preview:-1\" \/>\n<link rel=\"canonical\" href=\"https:\/\/matyodesign.hu\/de\/termek\/entwerfe-dein-t-shirt-selbst\/\" \/>\n<meta property=\"og:locale\" content=\"de_DE\" \/>\n<meta property=\"og:type\" content=\"article\" \/>\n<meta property=\"og:title\" content=\"Tervezd meg saj\u00e1t h\u00edmzett p\u00f3l\u00f3dat \u2013 Matyodesign\" \/>\n<meta property=\"og:description\" content=\"K\u00e9sz\u00edtsd el egyedi h\u00edmzett p\u00f3l\u00f3dat a Matyodesign-nal! V\u00e1laszd ki a sz\u00ednt, mint\u00e1t, \u00e9s a sz\u00edneket \u2013 egyedi, szem\u00e9lyre szabott divat!\" \/>\n<meta property=\"og:url\" content=\"https:\/\/matyodesign.hu\/de\/termek\/entwerfe-dein-t-shirt-selbst\/\" \/>\n<meta property=\"og:site_name\" content=\"matyodesign\" \/>\n<meta property=\"article:modified_time\" content=\"2025-06-25T11:50:59+00:00\" \/>\n<meta property=\"og:image\" content=\"https:\/\/matyodesign.hu\/wp-content\/uploads\/2024\/02\/tervezd_magad_termek.jpg\" \/>\n\t<meta property=\"og:image:width\" content=\"1000\" \/>\n\t<meta property=\"og:image:height\" content=\"1000\" \/>\n\t<meta property=\"og:image:type\" content=\"image\/jpeg\" \/>\n<meta name=\"twitter:card\" content=\"summary_large_image\" \/>\n<meta name=\"twitter:label1\" content=\"Gesch\u00e4tzte Lesezeit\" \/>\n\t<meta name=\"twitter:data1\" content=\"1\u00a0Minute\" \/>\n<script type=\"application\/ld+json\" class=\"yoast-schema-graph\">{\"@context\":\"https:\\\/\\\/schema.org\",\"@graph\":[{\"@type\":\"WebPage\",\"@id\":\"https:\\\/\\\/matyodesign.hu\\\/termek\\\/tervezd-magad-polo-25\\\/\",\"url\":\"https:\\\/\\\/matyodesign.hu\\\/termek\\\/tervezd-magad-polo-25\\\/\",\"name\":\"Tervezd meg saj\u00e1t h\u00edmzett p\u00f3l\u00f3dat \u2013 Matyodesign\",\"isPartOf\":{\"@id\":\"https:\\\/\\\/matyodesign.hu\\\/#website\"},\"primaryImageOfPage\":{\"@id\":\"https:\\\/\\\/matyodesign.hu\\\/termek\\\/tervezd-magad-polo-25\\\/#primaryimage\"},\"image\":{\"@id\":\"https:\\\/\\\/matyodesign.hu\\\/termek\\\/tervezd-magad-polo-25\\\/#primaryimage\"},\"thumbnailUrl\":\"https:\\\/\\\/matyodesign.hu\\\/wp-content\\\/uploads\\\/2024\\\/02\\\/tervezd_magad_termek.jpg\",\"datePublished\":\"2024-05-29T09:25:19+00:00\",\"dateModified\":\"2025-06-25T11:50:59+00:00\",\"description\":\"K\u00e9sz\u00edtsd el egyedi h\u00edmzett p\u00f3l\u00f3dat a Matyodesign-nal! V\u00e1laszd ki a sz\u00ednt, mint\u00e1t, \u00e9s a sz\u00edneket \u2013 egyedi, szem\u00e9lyre szabott divat!\",\"breadcrumb\":{\"@id\":\"https:\\\/\\\/matyodesign.hu\\\/termek\\\/tervezd-magad-polo-25\\\/#breadcrumb\"},\"inLanguage\":\"de\",\"potentialAction\":[{\"@type\":\"ReadAction\",\"target\":[\"https:\\\/\\\/matyodesign.hu\\\/termek\\\/tervezd-magad-polo-25\\\/\"]}]},{\"@type\":\"ImageObject\",\"inLanguage\":\"de\",\"@id\":\"https:\\\/\\\/matyodesign.hu\\\/termek\\\/tervezd-magad-polo-25\\\/#primaryimage\",\"url\":\"https:\\\/\\\/matyodesign.hu\\\/wp-content\\\/uploads\\\/2024\\\/02\\\/tervezd_magad_termek.jpg\",\"contentUrl\":\"https:\\\/\\\/matyodesign.hu\\\/wp-content\\\/uploads\\\/2024\\\/02\\\/tervezd_magad_termek.jpg\",\"width\":1000,\"height\":1000},{\"@type\":\"BreadcrumbList\",\"@id\":\"https:\\\/\\\/matyodesign.hu\\\/termek\\\/tervezd-magad-polo-25\\\/#breadcrumb\",\"itemListElement\":[{\"@type\":\"ListItem\",\"position\":1,\"name\":\"Kezd\u0151lap\",\"item\":\"https:\\\/\\\/matyodesign.hu\\\/\"},{\"@type\":\"ListItem\",\"position\":2,\"name\":\"Webshop\",\"item\":\"https:\\\/\\\/matyodesign.hu\\\/webshop\\\/\"},{\"@type\":\"ListItem\",\"position\":3,\"name\":\"TERVEZD MAGAD P\u00d3L\u00d3\"}]},{\"@type\":\"WebSite\",\"@id\":\"https:\\\/\\\/matyodesign.hu\\\/#website\",\"url\":\"https:\\\/\\\/matyodesign.hu\\\/\",\"name\":\"matyodesign\",\"description\":\"K\u00e9zzel. Szeretettel. Neked.\",\"potentialAction\":[{\"@type\":\"SearchAction\",\"target\":{\"@type\":\"EntryPoint\",\"urlTemplate\":\"https:\\\/\\\/matyodesign.hu\\\/?s={search_term_string}\"},\"query-input\":{\"@type\":\"PropertyValueSpecification\",\"valueRequired\":true,\"valueName\":\"search_term_string\"}}],\"inLanguage\":\"de\"}]}<\/script>\n<!-- \/ Yoast SEO plugin. -->","yoast_head_json":{"title":"Tervezd meg saj\u00e1t h\u00edmzett p\u00f3l\u00f3dat \u2013 Matyodesign","description":"K\u00e9sz\u00edtsd el egyedi h\u00edmzett p\u00f3l\u00f3dat a Matyodesign-nal! V\u00e1laszd ki a sz\u00ednt, mint\u00e1t, \u00e9s a sz\u00edneket \u2013 egyedi, szem\u00e9lyre szabott divat!","robots":{"index":"index","follow":"follow","max-snippet":"max-snippet:-1","max-image-preview":"max-image-preview:large","max-video-preview":"max-video-preview:-1"},"canonical":"https:\/\/matyodesign.hu\/de\/termek\/entwerfe-dein-t-shirt-selbst\/","og_locale":"de_DE","og_type":"article","og_title":"Tervezd meg saj\u00e1t h\u00edmzett p\u00f3l\u00f3dat \u2013 Matyodesign","og_description":"K\u00e9sz\u00edtsd el egyedi h\u00edmzett p\u00f3l\u00f3dat a Matyodesign-nal! V\u00e1laszd ki a sz\u00ednt, mint\u00e1t, \u00e9s a sz\u00edneket \u2013 egyedi, szem\u00e9lyre szabott divat!","og_url":"https:\/\/matyodesign.hu\/de\/termek\/entwerfe-dein-t-shirt-selbst\/","og_site_name":"matyodesign","article_modified_time":"2025-06-25T11:50:59+00:00","og_image":[{"width":1000,"height":1000,"url":"https:\/\/matyodesign.hu\/wp-content\/uploads\/2024\/02\/tervezd_magad_termek.jpg","type":"image\/jpeg"}],"twitter_card":"summary_large_image","twitter_misc":{"Gesch\u00e4tzte Lesezeit":"1\u00a0Minute"},"schema":{"@context":"https:\/\/schema.org","@graph":[{"@type":"WebPage","@id":"https:\/\/matyodesign.hu\/termek\/tervezd-magad-polo-25\/","url":"https:\/\/matyodesign.hu\/termek\/tervezd-magad-polo-25\/","name":"Tervezd meg saj\u00e1t h\u00edmzett p\u00f3l\u00f3dat \u2013 Matyodesign","isPartOf":{"@id":"https:\/\/matyodesign.hu\/#website"},"primaryImageOfPage":{"@id":"https:\/\/matyodesign.hu\/termek\/tervezd-magad-polo-25\/#primaryimage"},"image":{"@id":"https:\/\/matyodesign.hu\/termek\/tervezd-magad-polo-25\/#primaryimage"},"thumbnailUrl":"https:\/\/matyodesign.hu\/wp-content\/uploads\/2024\/02\/tervezd_magad_termek.jpg","datePublished":"2024-05-29T09:25:19+00:00","dateModified":"2025-06-25T11:50:59+00:00","description":"K\u00e9sz\u00edtsd el egyedi h\u00edmzett p\u00f3l\u00f3dat a Matyodesign-nal! V\u00e1laszd ki a sz\u00ednt, mint\u00e1t, \u00e9s a sz\u00edneket \u2013 egyedi, szem\u00e9lyre szabott divat!","breadcrumb":{"@id":"https:\/\/matyodesign.hu\/termek\/tervezd-magad-polo-25\/#breadcrumb"},"inLanguage":"de","potentialAction":[{"@type":"ReadAction","target":["https:\/\/matyodesign.hu\/termek\/tervezd-magad-polo-25\/"]}]},{"@type":"ImageObject","inLanguage":"de","@id":"https:\/\/matyodesign.hu\/termek\/tervezd-magad-polo-25\/#primaryimage","url":"https:\/\/matyodesign.hu\/wp-content\/uploads\/2024\/02\/tervezd_magad_termek.jpg","contentUrl":"https:\/\/matyodesign.hu\/wp-content\/uploads\/2024\/02\/tervezd_magad_termek.jpg","width":1000,"height":1000},{"@type":"BreadcrumbList","@id":"https:\/\/matyodesign.hu\/termek\/tervezd-magad-polo-25\/#breadcrumb","itemListElement":[{"@type":"ListItem","position":1,"name":"Kezd\u0151lap","item":"https:\/\/matyodesign.hu\/"},{"@type":"ListItem","position":2,"name":"Webshop","item":"https:\/\/matyodesign.hu\/webshop\/"},{"@type":"ListItem","position":3,"name":"TERVEZD MAGAD P\u00d3L\u00d3"}]},{"@type":"WebSite","@id":"https:\/\/matyodesign.hu\/#website","url":"https:\/\/matyodesign.hu\/","name":"matyodesign","description":"K\u00e9zzel. Szeretettel. Neked.","potentialAction":[{"@type":"SearchAction","target":{"@type":"EntryPoint","urlTemplate":"https:\/\/matyodesign.hu\/?s={search_term_string}"},"query-input":{"@type":"PropertyValueSpecification","valueRequired":true,"valueName":"search_term_string"}}],"inLanguage":"de"}]}},"_links":{"self":[{"href":"https:\/\/matyodesign.hu\/de\/wp-json\/wp\/v2\/product\/100305","targetHints":{"allow":["GET"]}}],"collection":[{"href":"https:\/\/matyodesign.hu\/de\/wp-json\/wp\/v2\/product"}],"about":[{"href":"https:\/\/matyodesign.hu\/de\/wp-json\/wp\/v2\/types\/product"}],"wp:featuredmedia":[{"embeddable":true,"href":"https:\/\/matyodesign.hu\/de\/wp-json\/wp\/v2\/media\/99176"}],"wp:attachment":[{"href":"https:\/\/matyodesign.hu\/de\/wp-json\/wp\/v2\/media?parent=100305"}],"wp:term":[{"taxonomy":"product_brand","embeddable":true,"href":"https:\/\/matyodesign.hu\/de\/wp-json\/wp\/v2\/product_brand?post=100305"},{"taxonomy":"product_cat","embeddable":true,"href":"https:\/\/matyodesign.hu\/de\/wp-json\/wp\/v2\/product_cat?post=100305"},{"taxonomy":"product_tag","embeddable":true,"href":"https:\/\/matyodesign.hu\/de\/wp-json\/wp\/v2\/product_tag?post=100305"}],"curies":[{"name":"wp","href":"https:\/\/api.w.org\/{rel}","templated":true}]}}