{"id":100338,"date":"2024-05-29T11:27:33","date_gmt":"2024-05-29T09:27:33","guid":{"rendered":"https:\/\/2024.matyodesign.hu\/?post_type=product&#038;p=100338"},"modified":"2026-03-19T13:56:29","modified_gmt":"2026-03-19T12:56:29","slug":"hatizsak-2","status":"publish","type":"product","link":"https:\/\/matyodesign.hu\/de\/produkt\/rucksack\/","title":{"rendered":"RUCKSACK"},"content":{"rendered":"","protected":false},"excerpt":{"rendered":"<p class=\"p1\"><span data-sheets-value=\"{&quot;1&quot;:2,&quot;2&quot;:&quot;Lehet sz\u00f3 iskol\u00e1r\u00f3l, munk\u00e1r\u00f3l vagy ak\u00e1r edz\u00e9sr\u0151l, b\u00e1rmikor t\u00e1rsad lesz h\u00e1tizs\u00e1kunk, mely praktikus laptoprekesszel is rendelkezik. Sz\u00e1munkra fontos, hogy \u00fajrahasznos\u00edtott anyagb\u00f3l k\u00e9zzel, sz\u00edvvel, szeretettel k\u00e9sz\u00fclt \u00e9s imm\u00e1r 5 sz\u00ednvari\u00e1nsban el\u00e9rhet\u0151. &quot;}\" data-sheets-userformat=\"{&quot;2&quot;:15299,&quot;3&quot;:{&quot;1&quot;:0},&quot;4&quot;:{&quot;1&quot;:2,&quot;2&quot;:16777215},&quot;9&quot;:0,&quot;10&quot;:0,&quot;11&quot;:4,&quot;12&quot;:0,&quot;14&quot;:{&quot;1&quot;:2,&quot;2&quot;:0},&quot;15&quot;:&quot;Arial&quot;,&quot;16&quot;:11}\">Ob Schule, Arbeit oder Training, unser Rucksack, der auch \u00fcber ein praktisches Laptopfach verf\u00fcgt, wird jederzeit dein toller Begleiter. Er ist mit Herz und Liebe aus recyceltem Material hergestellt und ist mittlerweile in 6 Farbvarianten erh\u00e4ltlich. <\/span><\/p>","protected":false},"featured_media":99234,"template":"","meta":[],"product_brand":[],"product_cat":[85,94],"product_tag":[],"class_list":{"0":"post-100338","1":"product","2":"type-product","3":"status-publish","4":"has-post-thumbnail","6":"product_cat-kiegeszito","7":"product_cat-ujdonsagok","9":"first","10":"instock","11":"shipping-taxable","12":"purchasable","13":"product-type-variable"},"yoast_head":"<!-- This site is optimized with the Yoast SEO plugin v27.0 - https:\/\/yoast.com\/product\/yoast-seo-wordpress\/ -->\n<title>H\u00edmzett h\u00e1tizs\u00e1kok - h\u00edmzett n\u0151i t\u00e1ska \u2013 Matyodesign<\/title>\n<meta name=\"description\" content=\"Fedezd fel a h\u00edmzett maty\u00f3 h\u00e1tizs\u00e1kokat, k\u00e9zzel k\u00e9sz\u00edtett, \u00fajrahasznos\u00edtott anyagokb\u00f3l! Laptoprekesszel, 6 sz\u00ednvari\u00e1nsban. T\u00e1ska, ami st\u00edlust \u00e9s funkcionalit\u00e1st k\u00edn\u00e1l!\" \/>\n<meta name=\"robots\" content=\"index, follow, max-snippet:-1, max-image-preview:large, max-video-preview:-1\" \/>\n<link rel=\"canonical\" href=\"https:\/\/matyodesign.hu\/de\/produkt\/rucksack\/\" \/>\n<meta property=\"og:locale\" content=\"de_DE\" \/>\n<meta property=\"og:type\" content=\"article\" \/>\n<meta property=\"og:title\" content=\"H\u00edmzett h\u00e1tizs\u00e1kok - h\u00edmzett n\u0151i t\u00e1ska \u2013 Matyodesign\" \/>\n<meta property=\"og:description\" content=\"Fedezd fel a h\u00edmzett maty\u00f3 h\u00e1tizs\u00e1kokat, k\u00e9zzel k\u00e9sz\u00edtett, \u00fajrahasznos\u00edtott anyagokb\u00f3l! Laptoprekesszel, 6 sz\u00ednvari\u00e1nsban. T\u00e1ska, ami st\u00edlust \u00e9s funkcionalit\u00e1st k\u00edn\u00e1l!\" \/>\n<meta property=\"og:url\" content=\"https:\/\/matyodesign.hu\/de\/produkt\/rucksack\/\" \/>\n<meta property=\"og:site_name\" content=\"matyodesign\" \/>\n<meta property=\"article:modified_time\" content=\"2026-03-19T12:56:29+00:00\" \/>\n<meta property=\"og:image\" content=\"https:\/\/matyodesign.hu\/wp-content\/uploads\/2024\/02\/HATIZSAK_petrolkek_FOKEP.webp\" \/>\n\t<meta property=\"og:image:width\" content=\"800\" \/>\n\t<meta property=\"og:image:height\" content=\"800\" \/>\n\t<meta property=\"og:image:type\" content=\"image\/webp\" \/>\n<meta name=\"twitter:card\" content=\"summary_large_image\" \/>\n<meta name=\"twitter:label1\" content=\"Gesch\u00e4tzte Lesezeit\" \/>\n\t<meta name=\"twitter:data1\" content=\"1\u00a0Minute\" \/>\n<script type=\"application\/ld+json\" class=\"yoast-schema-graph\">{\"@context\":\"https:\/\/schema.org\",\"@graph\":[{\"@type\":\"WebPage\",\"@id\":\"https:\/\/matyodesign.hu\/termek\/hatizsak-2\/\",\"url\":\"https:\/\/matyodesign.hu\/termek\/hatizsak-2\/\",\"name\":\"H\u00edmzett h\u00e1tizs\u00e1kok - h\u00edmzett n\u0151i t\u00e1ska \u2013 Matyodesign\",\"isPartOf\":{\"@id\":\"https:\/\/matyodesign.hu\/#website\"},\"primaryImageOfPage\":{\"@id\":\"https:\/\/matyodesign.hu\/termek\/hatizsak-2\/#primaryimage\"},\"image\":{\"@id\":\"https:\/\/matyodesign.hu\/termek\/hatizsak-2\/#primaryimage\"},\"thumbnailUrl\":\"https:\/\/matyodesign.hu\/wp-content\/uploads\/2024\/02\/HATIZSAK_petrolkek_FOKEP.webp\",\"datePublished\":\"2024-05-29T09:27:33+00:00\",\"dateModified\":\"2026-03-19T12:56:29+00:00\",\"description\":\"Fedezd fel a h\u00edmzett maty\u00f3 h\u00e1tizs\u00e1kokat, k\u00e9zzel k\u00e9sz\u00edtett, \u00fajrahasznos\u00edtott anyagokb\u00f3l! Laptoprekesszel, 6 sz\u00ednvari\u00e1nsban. T\u00e1ska, ami st\u00edlust \u00e9s funkcionalit\u00e1st k\u00edn\u00e1l!\",\"breadcrumb\":{\"@id\":\"https:\/\/matyodesign.hu\/termek\/hatizsak-2\/#breadcrumb\"},\"inLanguage\":\"de\",\"potentialAction\":[{\"@type\":\"ReadAction\",\"target\":[\"https:\/\/matyodesign.hu\/termek\/hatizsak-2\/\"]}]},{\"@type\":\"ImageObject\",\"inLanguage\":\"de\",\"@id\":\"https:\/\/matyodesign.hu\/termek\/hatizsak-2\/#primaryimage\",\"url\":\"https:\/\/matyodesign.hu\/wp-content\/uploads\/2024\/02\/HATIZSAK_petrolkek_FOKEP.webp\",\"contentUrl\":\"https:\/\/matyodesign.hu\/wp-content\/uploads\/2024\/02\/HATIZSAK_petrolkek_FOKEP.webp\",\"width\":800,\"height\":800,\"caption\":\"H\u00e1tisz\u00e1k petrol, maty\u00f3 ruhanem\u0171 web\u00e1ruh\u00e1z\"},{\"@type\":\"BreadcrumbList\",\"@id\":\"https:\/\/matyodesign.hu\/termek\/hatizsak-2\/#breadcrumb\",\"itemListElement\":[{\"@type\":\"ListItem\",\"position\":1,\"name\":\"Kezd\u0151lap\",\"item\":\"https:\/\/matyodesign.hu\/\"},{\"@type\":\"ListItem\",\"position\":2,\"name\":\"Webshop\",\"item\":\"https:\/\/matyodesign.hu\/webshop\/\"},{\"@type\":\"ListItem\",\"position\":3,\"name\":\"H\u00c1TIZS\u00c1KOK\"}]},{\"@type\":\"WebSite\",\"@id\":\"https:\/\/matyodesign.hu\/#website\",\"url\":\"https:\/\/matyodesign.hu\/\",\"name\":\"matyodesign\",\"description\":\"K\u00e9zzel. Szeretettel. Neked.\",\"potentialAction\":[{\"@type\":\"SearchAction\",\"target\":{\"@type\":\"EntryPoint\",\"urlTemplate\":\"https:\/\/matyodesign.hu\/?s={search_term_string}\"},\"query-input\":{\"@type\":\"PropertyValueSpecification\",\"valueRequired\":true,\"valueName\":\"search_term_string\"}}],\"inLanguage\":\"de\"}]}<\/script>\n<!-- \/ Yoast SEO plugin. -->","yoast_head_json":{"title":"H\u00edmzett h\u00e1tizs\u00e1kok - h\u00edmzett n\u0151i t\u00e1ska \u2013 Matyodesign","description":"Fedezd fel a h\u00edmzett maty\u00f3 h\u00e1tizs\u00e1kokat, k\u00e9zzel k\u00e9sz\u00edtett, \u00fajrahasznos\u00edtott anyagokb\u00f3l! Laptoprekesszel, 6 sz\u00ednvari\u00e1nsban. T\u00e1ska, ami st\u00edlust \u00e9s funkcionalit\u00e1st k\u00edn\u00e1l!","robots":{"index":"index","follow":"follow","max-snippet":"max-snippet:-1","max-image-preview":"max-image-preview:large","max-video-preview":"max-video-preview:-1"},"canonical":"https:\/\/matyodesign.hu\/de\/produkt\/rucksack\/","og_locale":"de_DE","og_type":"article","og_title":"H\u00edmzett h\u00e1tizs\u00e1kok - h\u00edmzett n\u0151i t\u00e1ska \u2013 Matyodesign","og_description":"Fedezd fel a h\u00edmzett maty\u00f3 h\u00e1tizs\u00e1kokat, k\u00e9zzel k\u00e9sz\u00edtett, \u00fajrahasznos\u00edtott anyagokb\u00f3l! Laptoprekesszel, 6 sz\u00ednvari\u00e1nsban. T\u00e1ska, ami st\u00edlust \u00e9s funkcionalit\u00e1st k\u00edn\u00e1l!","og_url":"https:\/\/matyodesign.hu\/de\/produkt\/rucksack\/","og_site_name":"matyodesign","article_modified_time":"2026-03-19T12:56:29+00:00","og_image":[{"width":800,"height":800,"url":"https:\/\/matyodesign.hu\/wp-content\/uploads\/2024\/02\/HATIZSAK_petrolkek_FOKEP.webp","type":"image\/webp"}],"twitter_card":"summary_large_image","twitter_misc":{"Gesch\u00e4tzte Lesezeit":"1\u00a0Minute"},"schema":{"@context":"https:\/\/schema.org","@graph":[{"@type":"WebPage","@id":"https:\/\/matyodesign.hu\/termek\/hatizsak-2\/","url":"https:\/\/matyodesign.hu\/termek\/hatizsak-2\/","name":"H\u00edmzett h\u00e1tizs\u00e1kok - h\u00edmzett n\u0151i t\u00e1ska \u2013 Matyodesign","isPartOf":{"@id":"https:\/\/matyodesign.hu\/#website"},"primaryImageOfPage":{"@id":"https:\/\/matyodesign.hu\/termek\/hatizsak-2\/#primaryimage"},"image":{"@id":"https:\/\/matyodesign.hu\/termek\/hatizsak-2\/#primaryimage"},"thumbnailUrl":"https:\/\/matyodesign.hu\/wp-content\/uploads\/2024\/02\/HATIZSAK_petrolkek_FOKEP.webp","datePublished":"2024-05-29T09:27:33+00:00","dateModified":"2026-03-19T12:56:29+00:00","description":"Fedezd fel a h\u00edmzett maty\u00f3 h\u00e1tizs\u00e1kokat, k\u00e9zzel k\u00e9sz\u00edtett, \u00fajrahasznos\u00edtott anyagokb\u00f3l! Laptoprekesszel, 6 sz\u00ednvari\u00e1nsban. T\u00e1ska, ami st\u00edlust \u00e9s funkcionalit\u00e1st k\u00edn\u00e1l!","breadcrumb":{"@id":"https:\/\/matyodesign.hu\/termek\/hatizsak-2\/#breadcrumb"},"inLanguage":"de","potentialAction":[{"@type":"ReadAction","target":["https:\/\/matyodesign.hu\/termek\/hatizsak-2\/"]}]},{"@type":"ImageObject","inLanguage":"de","@id":"https:\/\/matyodesign.hu\/termek\/hatizsak-2\/#primaryimage","url":"https:\/\/matyodesign.hu\/wp-content\/uploads\/2024\/02\/HATIZSAK_petrolkek_FOKEP.webp","contentUrl":"https:\/\/matyodesign.hu\/wp-content\/uploads\/2024\/02\/HATIZSAK_petrolkek_FOKEP.webp","width":800,"height":800,"caption":"H\u00e1tisz\u00e1k petrol, maty\u00f3 ruhanem\u0171 web\u00e1ruh\u00e1z"},{"@type":"BreadcrumbList","@id":"https:\/\/matyodesign.hu\/termek\/hatizsak-2\/#breadcrumb","itemListElement":[{"@type":"ListItem","position":1,"name":"Kezd\u0151lap","item":"https:\/\/matyodesign.hu\/"},{"@type":"ListItem","position":2,"name":"Webshop","item":"https:\/\/matyodesign.hu\/webshop\/"},{"@type":"ListItem","position":3,"name":"H\u00c1TIZS\u00c1KOK"}]},{"@type":"WebSite","@id":"https:\/\/matyodesign.hu\/#website","url":"https:\/\/matyodesign.hu\/","name":"matyodesign","description":"K\u00e9zzel. Szeretettel. Neked.","potentialAction":[{"@type":"SearchAction","target":{"@type":"EntryPoint","urlTemplate":"https:\/\/matyodesign.hu\/?s={search_term_string}"},"query-input":{"@type":"PropertyValueSpecification","valueRequired":true,"valueName":"search_term_string"}}],"inLanguage":"de"}]}},"_links":{"self":[{"href":"https:\/\/matyodesign.hu\/de\/wp-json\/wp\/v2\/product\/100338","targetHints":{"allow":["GET"]}}],"collection":[{"href":"https:\/\/matyodesign.hu\/de\/wp-json\/wp\/v2\/product"}],"about":[{"href":"https:\/\/matyodesign.hu\/de\/wp-json\/wp\/v2\/types\/product"}],"wp:featuredmedia":[{"embeddable":true,"href":"https:\/\/matyodesign.hu\/de\/wp-json\/wp\/v2\/media\/99234"}],"wp:attachment":[{"href":"https:\/\/matyodesign.hu\/de\/wp-json\/wp\/v2\/media?parent=100338"}],"wp:term":[{"taxonomy":"product_brand","embeddable":true,"href":"https:\/\/matyodesign.hu\/de\/wp-json\/wp\/v2\/product_brand?post=100338"},{"taxonomy":"product_cat","embeddable":true,"href":"https:\/\/matyodesign.hu\/de\/wp-json\/wp\/v2\/product_cat?post=100338"},{"taxonomy":"product_tag","embeddable":true,"href":"https:\/\/matyodesign.hu\/de\/wp-json\/wp\/v2\/product_tag?post=100338"}],"curies":[{"name":"wp","href":"https:\/\/api.w.org\/{rel}","templated":true}]}}