{"id":100359,"date":"2024-05-29T11:28:52","date_gmt":"2024-05-29T09:28:52","guid":{"rendered":"https:\/\/2024.matyodesign.hu\/?post_type=product&#038;p=100359"},"modified":"2025-11-13T09:12:50","modified_gmt":"2025-11-13T08:12:50","slug":"hosszu-ujju-polo-2","status":"publish","type":"product","link":"https:\/\/matyodesign.hu\/de\/produkt\/langarmliges-shirt\/","title":{"rendered":"LANG\u00c4RMLIGES SHIRT"},"content":{"rendered":"","protected":false},"excerpt":{"rendered":"<p>Dieses lang\u00e4rmelige Oberteil mit Blumen l\u00e4sst sich bequem und flauschig vom k\u00fchlen Herbst bis zum Fr\u00fchling tragen. Es wird von den Frauen in Tard handbestickt, damit du auch in den k\u00fchleren Jahreszeiten nicht ohne Blumen dastehst.<\/p>\n<p>&nbsp;<\/p>\n<p>&nbsp;<\/p>","protected":false},"featured_media":99277,"template":"","meta":[],"product_brand":[],"product_cat":[79,367],"product_tag":[],"class_list":{"0":"post-100359","1":"product","2":"type-product","3":"status-publish","4":"has-post-thumbnail","6":"product_cat-noknek","7":"product_cat-polok","9":"first","10":"instock","11":"featured","12":"shipping-taxable","13":"purchasable","14":"product-type-variable"},"yoast_head":"<!-- This site is optimized with the Yoast SEO plugin v27.5 - https:\/\/yoast.com\/product\/yoast-seo-wordpress\/ -->\n<title>H\u00edmzett, egyedi hossz\u00fa ujj\u00fa p\u00f3l\u00f3 \u2013 Matyodesign<\/title>\n<meta name=\"description\" content=\"Fedezd fel a k\u00e9zzel h\u00edmzett hossz\u00fa ujj\u00fa p\u00f3l\u00f3t, vir\u00e1gos mint\u00e1val, amely a tardi asszonyok munk\u00e1j\u00e1t t\u00fckr\u00f6zi. K\u00e9nyelmes \u00e9s eleg\u00e1ns n\u0151i maty\u00f3 h\u00edmzett p\u00f3l\u00f3.\" \/>\n<meta name=\"robots\" content=\"index, follow, max-snippet:-1, max-image-preview:large, max-video-preview:-1\" \/>\n<link rel=\"canonical\" href=\"https:\/\/matyodesign.hu\/de\/produkt\/langarmliges-shirt\/\" \/>\n<meta property=\"og:locale\" content=\"de_DE\" \/>\n<meta property=\"og:type\" content=\"article\" \/>\n<meta property=\"og:title\" content=\"H\u00edmzett, egyedi hossz\u00fa ujj\u00fa p\u00f3l\u00f3 \u2013 Matyodesign\" \/>\n<meta property=\"og:description\" content=\"Fedezd fel a k\u00e9zzel h\u00edmzett hossz\u00fa ujj\u00fa p\u00f3l\u00f3t, vir\u00e1gos mint\u00e1val, amely a tardi asszonyok munk\u00e1j\u00e1t t\u00fckr\u00f6zi. K\u00e9nyelmes \u00e9s eleg\u00e1ns n\u0151i maty\u00f3 h\u00edmzett p\u00f3l\u00f3.\" \/>\n<meta property=\"og:url\" content=\"https:\/\/matyodesign.hu\/de\/produkt\/langarmliges-shirt\/\" \/>\n<meta property=\"og:site_name\" content=\"matyodesign\" \/>\n<meta property=\"article:modified_time\" content=\"2025-11-13T08:12:50+00:00\" \/>\n<meta property=\"og:image\" content=\"https:\/\/matyodesign.hu\/wp-content\/uploads\/2024\/02\/hosszuujju_felso_fekete_1.jpg\" \/>\n\t<meta property=\"og:image:width\" content=\"1000\" \/>\n\t<meta property=\"og:image:height\" content=\"1000\" \/>\n\t<meta property=\"og:image:type\" content=\"image\/jpeg\" \/>\n<meta name=\"twitter:card\" content=\"summary_large_image\" \/>\n<meta name=\"twitter:label1\" content=\"Gesch\u00e4tzte Lesezeit\" \/>\n\t<meta name=\"twitter:data1\" content=\"1\u00a0Minute\" \/>\n<script type=\"application\/ld+json\" class=\"yoast-schema-graph\">{\"@context\":\"https:\\\/\\\/schema.org\",\"@graph\":[{\"@type\":\"WebPage\",\"@id\":\"https:\\\/\\\/matyodesign.hu\\\/termek\\\/hosszu-ujju-polo-2\\\/\",\"url\":\"https:\\\/\\\/matyodesign.hu\\\/termek\\\/hosszu-ujju-polo-2\\\/\",\"name\":\"H\u00edmzett, egyedi hossz\u00fa ujj\u00fa p\u00f3l\u00f3 \u2013 Matyodesign\",\"isPartOf\":{\"@id\":\"https:\\\/\\\/matyodesign.hu\\\/#website\"},\"primaryImageOfPage\":{\"@id\":\"https:\\\/\\\/matyodesign.hu\\\/termek\\\/hosszu-ujju-polo-2\\\/#primaryimage\"},\"image\":{\"@id\":\"https:\\\/\\\/matyodesign.hu\\\/termek\\\/hosszu-ujju-polo-2\\\/#primaryimage\"},\"thumbnailUrl\":\"https:\\\/\\\/matyodesign.hu\\\/wp-content\\\/uploads\\\/2024\\\/02\\\/hosszuujju_felso_fekete_1.jpg\",\"datePublished\":\"2024-05-29T09:28:52+00:00\",\"dateModified\":\"2025-11-13T08:12:50+00:00\",\"description\":\"Fedezd fel a k\u00e9zzel h\u00edmzett hossz\u00fa ujj\u00fa p\u00f3l\u00f3t, vir\u00e1gos mint\u00e1val, amely a tardi asszonyok munk\u00e1j\u00e1t t\u00fckr\u00f6zi. K\u00e9nyelmes \u00e9s eleg\u00e1ns n\u0151i maty\u00f3 h\u00edmzett p\u00f3l\u00f3.\",\"breadcrumb\":{\"@id\":\"https:\\\/\\\/matyodesign.hu\\\/termek\\\/hosszu-ujju-polo-2\\\/#breadcrumb\"},\"inLanguage\":\"de\",\"potentialAction\":[{\"@type\":\"ReadAction\",\"target\":[\"https:\\\/\\\/matyodesign.hu\\\/termek\\\/hosszu-ujju-polo-2\\\/\"]}]},{\"@type\":\"ImageObject\",\"inLanguage\":\"de\",\"@id\":\"https:\\\/\\\/matyodesign.hu\\\/termek\\\/hosszu-ujju-polo-2\\\/#primaryimage\",\"url\":\"https:\\\/\\\/matyodesign.hu\\\/wp-content\\\/uploads\\\/2024\\\/02\\\/hosszuujju_felso_fekete_1.jpg\",\"contentUrl\":\"https:\\\/\\\/matyodesign.hu\\\/wp-content\\\/uploads\\\/2024\\\/02\\\/hosszuujju_felso_fekete_1.jpg\",\"width\":1000,\"height\":1000,\"caption\":\"P\u00f3l\u00f3 hossz\u00fa ujj\u00fa fekete, maty\u00f3 mint\u00e1s p\u00f3l\u00f3\"},{\"@type\":\"BreadcrumbList\",\"@id\":\"https:\\\/\\\/matyodesign.hu\\\/termek\\\/hosszu-ujju-polo-2\\\/#breadcrumb\",\"itemListElement\":[{\"@type\":\"ListItem\",\"position\":1,\"name\":\"Kezd\u0151lap\",\"item\":\"https:\\\/\\\/matyodesign.hu\\\/\"},{\"@type\":\"ListItem\",\"position\":2,\"name\":\"Webshop\",\"item\":\"https:\\\/\\\/matyodesign.hu\\\/webshop\\\/\"},{\"@type\":\"ListItem\",\"position\":3,\"name\":\"HOSSZ\u00da UJJ\u00da P\u00d3L\u00d3K\"}]},{\"@type\":\"WebSite\",\"@id\":\"https:\\\/\\\/matyodesign.hu\\\/#website\",\"url\":\"https:\\\/\\\/matyodesign.hu\\\/\",\"name\":\"matyodesign\",\"description\":\"K\u00e9zzel. Szeretettel. Neked.\",\"potentialAction\":[{\"@type\":\"SearchAction\",\"target\":{\"@type\":\"EntryPoint\",\"urlTemplate\":\"https:\\\/\\\/matyodesign.hu\\\/?s={search_term_string}\"},\"query-input\":{\"@type\":\"PropertyValueSpecification\",\"valueRequired\":true,\"valueName\":\"search_term_string\"}}],\"inLanguage\":\"de\"}]}<\/script>\n<!-- \/ Yoast SEO plugin. -->","yoast_head_json":{"title":"H\u00edmzett, egyedi hossz\u00fa ujj\u00fa p\u00f3l\u00f3 \u2013 Matyodesign","description":"Fedezd fel a k\u00e9zzel h\u00edmzett hossz\u00fa ujj\u00fa p\u00f3l\u00f3t, vir\u00e1gos mint\u00e1val, amely a tardi asszonyok munk\u00e1j\u00e1t t\u00fckr\u00f6zi. K\u00e9nyelmes \u00e9s eleg\u00e1ns n\u0151i maty\u00f3 h\u00edmzett p\u00f3l\u00f3.","robots":{"index":"index","follow":"follow","max-snippet":"max-snippet:-1","max-image-preview":"max-image-preview:large","max-video-preview":"max-video-preview:-1"},"canonical":"https:\/\/matyodesign.hu\/de\/produkt\/langarmliges-shirt\/","og_locale":"de_DE","og_type":"article","og_title":"H\u00edmzett, egyedi hossz\u00fa ujj\u00fa p\u00f3l\u00f3 \u2013 Matyodesign","og_description":"Fedezd fel a k\u00e9zzel h\u00edmzett hossz\u00fa ujj\u00fa p\u00f3l\u00f3t, vir\u00e1gos mint\u00e1val, amely a tardi asszonyok munk\u00e1j\u00e1t t\u00fckr\u00f6zi. K\u00e9nyelmes \u00e9s eleg\u00e1ns n\u0151i maty\u00f3 h\u00edmzett p\u00f3l\u00f3.","og_url":"https:\/\/matyodesign.hu\/de\/produkt\/langarmliges-shirt\/","og_site_name":"matyodesign","article_modified_time":"2025-11-13T08:12:50+00:00","og_image":[{"width":1000,"height":1000,"url":"https:\/\/matyodesign.hu\/wp-content\/uploads\/2024\/02\/hosszuujju_felso_fekete_1.jpg","type":"image\/jpeg"}],"twitter_card":"summary_large_image","twitter_misc":{"Gesch\u00e4tzte Lesezeit":"1\u00a0Minute"},"schema":{"@context":"https:\/\/schema.org","@graph":[{"@type":"WebPage","@id":"https:\/\/matyodesign.hu\/termek\/hosszu-ujju-polo-2\/","url":"https:\/\/matyodesign.hu\/termek\/hosszu-ujju-polo-2\/","name":"H\u00edmzett, egyedi hossz\u00fa ujj\u00fa p\u00f3l\u00f3 \u2013 Matyodesign","isPartOf":{"@id":"https:\/\/matyodesign.hu\/#website"},"primaryImageOfPage":{"@id":"https:\/\/matyodesign.hu\/termek\/hosszu-ujju-polo-2\/#primaryimage"},"image":{"@id":"https:\/\/matyodesign.hu\/termek\/hosszu-ujju-polo-2\/#primaryimage"},"thumbnailUrl":"https:\/\/matyodesign.hu\/wp-content\/uploads\/2024\/02\/hosszuujju_felso_fekete_1.jpg","datePublished":"2024-05-29T09:28:52+00:00","dateModified":"2025-11-13T08:12:50+00:00","description":"Fedezd fel a k\u00e9zzel h\u00edmzett hossz\u00fa ujj\u00fa p\u00f3l\u00f3t, vir\u00e1gos mint\u00e1val, amely a tardi asszonyok munk\u00e1j\u00e1t t\u00fckr\u00f6zi. K\u00e9nyelmes \u00e9s eleg\u00e1ns n\u0151i maty\u00f3 h\u00edmzett p\u00f3l\u00f3.","breadcrumb":{"@id":"https:\/\/matyodesign.hu\/termek\/hosszu-ujju-polo-2\/#breadcrumb"},"inLanguage":"de","potentialAction":[{"@type":"ReadAction","target":["https:\/\/matyodesign.hu\/termek\/hosszu-ujju-polo-2\/"]}]},{"@type":"ImageObject","inLanguage":"de","@id":"https:\/\/matyodesign.hu\/termek\/hosszu-ujju-polo-2\/#primaryimage","url":"https:\/\/matyodesign.hu\/wp-content\/uploads\/2024\/02\/hosszuujju_felso_fekete_1.jpg","contentUrl":"https:\/\/matyodesign.hu\/wp-content\/uploads\/2024\/02\/hosszuujju_felso_fekete_1.jpg","width":1000,"height":1000,"caption":"P\u00f3l\u00f3 hossz\u00fa ujj\u00fa fekete, maty\u00f3 mint\u00e1s p\u00f3l\u00f3"},{"@type":"BreadcrumbList","@id":"https:\/\/matyodesign.hu\/termek\/hosszu-ujju-polo-2\/#breadcrumb","itemListElement":[{"@type":"ListItem","position":1,"name":"Kezd\u0151lap","item":"https:\/\/matyodesign.hu\/"},{"@type":"ListItem","position":2,"name":"Webshop","item":"https:\/\/matyodesign.hu\/webshop\/"},{"@type":"ListItem","position":3,"name":"HOSSZ\u00da UJJ\u00da P\u00d3L\u00d3K"}]},{"@type":"WebSite","@id":"https:\/\/matyodesign.hu\/#website","url":"https:\/\/matyodesign.hu\/","name":"matyodesign","description":"K\u00e9zzel. Szeretettel. Neked.","potentialAction":[{"@type":"SearchAction","target":{"@type":"EntryPoint","urlTemplate":"https:\/\/matyodesign.hu\/?s={search_term_string}"},"query-input":{"@type":"PropertyValueSpecification","valueRequired":true,"valueName":"search_term_string"}}],"inLanguage":"de"}]}},"_links":{"self":[{"href":"https:\/\/matyodesign.hu\/de\/wp-json\/wp\/v2\/product\/100359","targetHints":{"allow":["GET"]}}],"collection":[{"href":"https:\/\/matyodesign.hu\/de\/wp-json\/wp\/v2\/product"}],"about":[{"href":"https:\/\/matyodesign.hu\/de\/wp-json\/wp\/v2\/types\/product"}],"wp:featuredmedia":[{"embeddable":true,"href":"https:\/\/matyodesign.hu\/de\/wp-json\/wp\/v2\/media\/99277"}],"wp:attachment":[{"href":"https:\/\/matyodesign.hu\/de\/wp-json\/wp\/v2\/media?parent=100359"}],"wp:term":[{"taxonomy":"product_brand","embeddable":true,"href":"https:\/\/matyodesign.hu\/de\/wp-json\/wp\/v2\/product_brand?post=100359"},{"taxonomy":"product_cat","embeddable":true,"href":"https:\/\/matyodesign.hu\/de\/wp-json\/wp\/v2\/product_cat?post=100359"},{"taxonomy":"product_tag","embeddable":true,"href":"https:\/\/matyodesign.hu\/de\/wp-json\/wp\/v2\/product_tag?post=100359"}],"curies":[{"name":"wp","href":"https:\/\/api.w.org\/{rel}","templated":true}]}}