{"id":100395,"date":"2024-05-29T11:31:21","date_gmt":"2024-05-29T09:31:21","guid":{"rendered":"https:\/\/2024.matyodesign.hu\/?post_type=product&#038;p=100395"},"modified":"2026-01-23T09:54:58","modified_gmt":"2026-01-23T08:54:58","slug":"galleros-polok-9","status":"publish","type":"product","link":"https:\/\/matyodesign.hu\/de\/produkt\/poloshirt\/","title":{"rendered":"POLOSHIRT"},"content":{"rendered":"","protected":false},"excerpt":{"rendered":"<p>Hast du schon mal davon getr\u00e4umt, dass ein kleiner Vogel auf deiner Schulter sitzt? Bei uns ist nichts unm\u00f6glich. Dabei kannst du zugleich sportlich oder elegant und feminin sein.<\/p>","protected":false},"featured_media":100424,"template":"","meta":[],"product_brand":[],"product_cat":[79,582,367],"product_tag":[],"class_list":{"0":"post-100395","1":"product","2":"type-product","3":"status-publish","4":"has-post-thumbnail","6":"product_cat-noknek","7":"product_cat-outlet","8":"product_cat-polok","10":"first","11":"instock","12":"sale","13":"shipping-taxable","14":"purchasable","15":"product-type-variable"},"yoast_head":"<!-- This site is optimized with the Yoast SEO plugin v27.4 - https:\/\/yoast.com\/product\/yoast-seo-wordpress\/ -->\n<title>Gall\u00e9ros h\u00edmzett p\u00f3l\u00f3 \u2013 Kismad\u00e1r \u2013 Matyodesign<\/title>\n<meta name=\"description\" content=\"Exkluz\u00edv gall\u00e9ros p\u00f3l\u00f3 h\u00edmzett kismad\u00e1rral. Sportos vagy eleg\u00e1ns megjelen\u00e9s, 100% pamut anyagban. V\u00e1s\u00e1rold meg most a Matyodesignt\u00f3l!\" \/>\n<meta name=\"robots\" content=\"index, follow, max-snippet:-1, max-image-preview:large, max-video-preview:-1\" \/>\n<link rel=\"canonical\" href=\"https:\/\/matyodesign.hu\/de\/produkt\/poloshirt\/\" \/>\n<meta property=\"og:locale\" content=\"de_DE\" \/>\n<meta property=\"og:type\" content=\"article\" \/>\n<meta property=\"og:title\" content=\"Gall\u00e9ros h\u00edmzett p\u00f3l\u00f3 \u2013 Kismad\u00e1r \u2013 Matyodesign\" \/>\n<meta property=\"og:description\" content=\"Exkluz\u00edv gall\u00e9ros p\u00f3l\u00f3 h\u00edmzett kismad\u00e1rral. Sportos vagy eleg\u00e1ns megjelen\u00e9s, 100% pamut anyagban. V\u00e1s\u00e1rold meg most a Matyodesignt\u00f3l!\" \/>\n<meta property=\"og:url\" content=\"https:\/\/matyodesign.hu\/de\/produkt\/poloshirt\/\" \/>\n<meta property=\"og:site_name\" content=\"matyodesign\" \/>\n<meta property=\"article:modified_time\" content=\"2026-01-23T08:54:58+00:00\" \/>\n<meta property=\"og:image\" content=\"https:\/\/matyodesign.hu\/wp-content\/uploads\/2024\/05\/galleros_polo_feher_01_FOKEP.jpg\" \/>\n\t<meta property=\"og:image:width\" content=\"1000\" \/>\n\t<meta property=\"og:image:height\" content=\"1000\" \/>\n\t<meta property=\"og:image:type\" content=\"image\/jpeg\" \/>\n<meta name=\"twitter:card\" content=\"summary_large_image\" \/>\n<meta name=\"twitter:label1\" content=\"Gesch\u00e4tzte Lesezeit\" \/>\n\t<meta name=\"twitter:data1\" content=\"1\u00a0Minute\" \/>\n<script type=\"application\/ld+json\" class=\"yoast-schema-graph\">{\"@context\":\"https:\\\/\\\/schema.org\",\"@graph\":[{\"@type\":\"WebPage\",\"@id\":\"https:\\\/\\\/matyodesign.hu\\\/termek\\\/galleros-polok-9\\\/\",\"url\":\"https:\\\/\\\/matyodesign.hu\\\/termek\\\/galleros-polok-9\\\/\",\"name\":\"Gall\u00e9ros h\u00edmzett p\u00f3l\u00f3 \u2013 Kismad\u00e1r \u2013 Matyodesign\",\"isPartOf\":{\"@id\":\"https:\\\/\\\/matyodesign.hu\\\/#website\"},\"primaryImageOfPage\":{\"@id\":\"https:\\\/\\\/matyodesign.hu\\\/termek\\\/galleros-polok-9\\\/#primaryimage\"},\"image\":{\"@id\":\"https:\\\/\\\/matyodesign.hu\\\/termek\\\/galleros-polok-9\\\/#primaryimage\"},\"thumbnailUrl\":\"https:\\\/\\\/matyodesign.hu\\\/wp-content\\\/uploads\\\/2024\\\/05\\\/galleros_polo_feher_01_FOKEP.jpg\",\"datePublished\":\"2024-05-29T09:31:21+00:00\",\"dateModified\":\"2026-01-23T08:54:58+00:00\",\"description\":\"Exkluz\u00edv gall\u00e9ros p\u00f3l\u00f3 h\u00edmzett kismad\u00e1rral. Sportos vagy eleg\u00e1ns megjelen\u00e9s, 100% pamut anyagban. V\u00e1s\u00e1rold meg most a Matyodesignt\u00f3l!\",\"breadcrumb\":{\"@id\":\"https:\\\/\\\/matyodesign.hu\\\/termek\\\/galleros-polok-9\\\/#breadcrumb\"},\"inLanguage\":\"de\",\"potentialAction\":[{\"@type\":\"ReadAction\",\"target\":[\"https:\\\/\\\/matyodesign.hu\\\/termek\\\/galleros-polok-9\\\/\"]}]},{\"@type\":\"ImageObject\",\"inLanguage\":\"de\",\"@id\":\"https:\\\/\\\/matyodesign.hu\\\/termek\\\/galleros-polok-9\\\/#primaryimage\",\"url\":\"https:\\\/\\\/matyodesign.hu\\\/wp-content\\\/uploads\\\/2024\\\/05\\\/galleros_polo_feher_01_FOKEP.jpg\",\"contentUrl\":\"https:\\\/\\\/matyodesign.hu\\\/wp-content\\\/uploads\\\/2024\\\/05\\\/galleros_polo_feher_01_FOKEP.jpg\",\"width\":1000,\"height\":1000,\"caption\":\"Gall\u00e9ros p\u00f3l\u00f3 feh\u00e9r, maty\u00f3 mint\u00e1s p\u00f3l\u00f3\"},{\"@type\":\"BreadcrumbList\",\"@id\":\"https:\\\/\\\/matyodesign.hu\\\/termek\\\/galleros-polok-9\\\/#breadcrumb\",\"itemListElement\":[{\"@type\":\"ListItem\",\"position\":1,\"name\":\"Kezd\u0151lap\",\"item\":\"https:\\\/\\\/matyodesign.hu\\\/\"},{\"@type\":\"ListItem\",\"position\":2,\"name\":\"Webshop\",\"item\":\"https:\\\/\\\/matyodesign.hu\\\/webshop\\\/\"},{\"@type\":\"ListItem\",\"position\":3,\"name\":\"GALL\u00c9ROS P\u00d3L\u00d3K\"}]},{\"@type\":\"WebSite\",\"@id\":\"https:\\\/\\\/matyodesign.hu\\\/#website\",\"url\":\"https:\\\/\\\/matyodesign.hu\\\/\",\"name\":\"matyodesign\",\"description\":\"K\u00e9zzel. Szeretettel. Neked.\",\"potentialAction\":[{\"@type\":\"SearchAction\",\"target\":{\"@type\":\"EntryPoint\",\"urlTemplate\":\"https:\\\/\\\/matyodesign.hu\\\/?s={search_term_string}\"},\"query-input\":{\"@type\":\"PropertyValueSpecification\",\"valueRequired\":true,\"valueName\":\"search_term_string\"}}],\"inLanguage\":\"de\"}]}<\/script>\n<!-- \/ Yoast SEO plugin. -->","yoast_head_json":{"title":"Gall\u00e9ros h\u00edmzett p\u00f3l\u00f3 \u2013 Kismad\u00e1r \u2013 Matyodesign","description":"Exkluz\u00edv gall\u00e9ros p\u00f3l\u00f3 h\u00edmzett kismad\u00e1rral. Sportos vagy eleg\u00e1ns megjelen\u00e9s, 100% pamut anyagban. V\u00e1s\u00e1rold meg most a Matyodesignt\u00f3l!","robots":{"index":"index","follow":"follow","max-snippet":"max-snippet:-1","max-image-preview":"max-image-preview:large","max-video-preview":"max-video-preview:-1"},"canonical":"https:\/\/matyodesign.hu\/de\/produkt\/poloshirt\/","og_locale":"de_DE","og_type":"article","og_title":"Gall\u00e9ros h\u00edmzett p\u00f3l\u00f3 \u2013 Kismad\u00e1r \u2013 Matyodesign","og_description":"Exkluz\u00edv gall\u00e9ros p\u00f3l\u00f3 h\u00edmzett kismad\u00e1rral. Sportos vagy eleg\u00e1ns megjelen\u00e9s, 100% pamut anyagban. V\u00e1s\u00e1rold meg most a Matyodesignt\u00f3l!","og_url":"https:\/\/matyodesign.hu\/de\/produkt\/poloshirt\/","og_site_name":"matyodesign","article_modified_time":"2026-01-23T08:54:58+00:00","og_image":[{"width":1000,"height":1000,"url":"https:\/\/matyodesign.hu\/wp-content\/uploads\/2024\/05\/galleros_polo_feher_01_FOKEP.jpg","type":"image\/jpeg"}],"twitter_card":"summary_large_image","twitter_misc":{"Gesch\u00e4tzte Lesezeit":"1\u00a0Minute"},"schema":{"@context":"https:\/\/schema.org","@graph":[{"@type":"WebPage","@id":"https:\/\/matyodesign.hu\/termek\/galleros-polok-9\/","url":"https:\/\/matyodesign.hu\/termek\/galleros-polok-9\/","name":"Gall\u00e9ros h\u00edmzett p\u00f3l\u00f3 \u2013 Kismad\u00e1r \u2013 Matyodesign","isPartOf":{"@id":"https:\/\/matyodesign.hu\/#website"},"primaryImageOfPage":{"@id":"https:\/\/matyodesign.hu\/termek\/galleros-polok-9\/#primaryimage"},"image":{"@id":"https:\/\/matyodesign.hu\/termek\/galleros-polok-9\/#primaryimage"},"thumbnailUrl":"https:\/\/matyodesign.hu\/wp-content\/uploads\/2024\/05\/galleros_polo_feher_01_FOKEP.jpg","datePublished":"2024-05-29T09:31:21+00:00","dateModified":"2026-01-23T08:54:58+00:00","description":"Exkluz\u00edv gall\u00e9ros p\u00f3l\u00f3 h\u00edmzett kismad\u00e1rral. Sportos vagy eleg\u00e1ns megjelen\u00e9s, 100% pamut anyagban. V\u00e1s\u00e1rold meg most a Matyodesignt\u00f3l!","breadcrumb":{"@id":"https:\/\/matyodesign.hu\/termek\/galleros-polok-9\/#breadcrumb"},"inLanguage":"de","potentialAction":[{"@type":"ReadAction","target":["https:\/\/matyodesign.hu\/termek\/galleros-polok-9\/"]}]},{"@type":"ImageObject","inLanguage":"de","@id":"https:\/\/matyodesign.hu\/termek\/galleros-polok-9\/#primaryimage","url":"https:\/\/matyodesign.hu\/wp-content\/uploads\/2024\/05\/galleros_polo_feher_01_FOKEP.jpg","contentUrl":"https:\/\/matyodesign.hu\/wp-content\/uploads\/2024\/05\/galleros_polo_feher_01_FOKEP.jpg","width":1000,"height":1000,"caption":"Gall\u00e9ros p\u00f3l\u00f3 feh\u00e9r, maty\u00f3 mint\u00e1s p\u00f3l\u00f3"},{"@type":"BreadcrumbList","@id":"https:\/\/matyodesign.hu\/termek\/galleros-polok-9\/#breadcrumb","itemListElement":[{"@type":"ListItem","position":1,"name":"Kezd\u0151lap","item":"https:\/\/matyodesign.hu\/"},{"@type":"ListItem","position":2,"name":"Webshop","item":"https:\/\/matyodesign.hu\/webshop\/"},{"@type":"ListItem","position":3,"name":"GALL\u00c9ROS P\u00d3L\u00d3K"}]},{"@type":"WebSite","@id":"https:\/\/matyodesign.hu\/#website","url":"https:\/\/matyodesign.hu\/","name":"matyodesign","description":"K\u00e9zzel. Szeretettel. Neked.","potentialAction":[{"@type":"SearchAction","target":{"@type":"EntryPoint","urlTemplate":"https:\/\/matyodesign.hu\/?s={search_term_string}"},"query-input":{"@type":"PropertyValueSpecification","valueRequired":true,"valueName":"search_term_string"}}],"inLanguage":"de"}]}},"_links":{"self":[{"href":"https:\/\/matyodesign.hu\/de\/wp-json\/wp\/v2\/product\/100395","targetHints":{"allow":["GET"]}}],"collection":[{"href":"https:\/\/matyodesign.hu\/de\/wp-json\/wp\/v2\/product"}],"about":[{"href":"https:\/\/matyodesign.hu\/de\/wp-json\/wp\/v2\/types\/product"}],"wp:featuredmedia":[{"embeddable":true,"href":"https:\/\/matyodesign.hu\/de\/wp-json\/wp\/v2\/media\/100424"}],"wp:attachment":[{"href":"https:\/\/matyodesign.hu\/de\/wp-json\/wp\/v2\/media?parent=100395"}],"wp:term":[{"taxonomy":"product_brand","embeddable":true,"href":"https:\/\/matyodesign.hu\/de\/wp-json\/wp\/v2\/product_brand?post=100395"},{"taxonomy":"product_cat","embeddable":true,"href":"https:\/\/matyodesign.hu\/de\/wp-json\/wp\/v2\/product_cat?post=100395"},{"taxonomy":"product_tag","embeddable":true,"href":"https:\/\/matyodesign.hu\/de\/wp-json\/wp\/v2\/product_tag?post=100395"}],"curies":[{"name":"wp","href":"https:\/\/api.w.org\/{rel}","templated":true}]}}