{"id":100404,"date":"2024-05-29T11:31:48","date_gmt":"2024-05-29T09:31:48","guid":{"rendered":"https:\/\/2024.matyodesign.hu\/?post_type=product&#038;p=100404"},"modified":"2025-11-19T06:37:29","modified_gmt":"2025-11-19T05:37:29","slug":"v-nyaku-polok-9","status":"publish","type":"product","link":"https:\/\/matyodesign.hu\/de\/produkt\/t-shirt-mit-v-ausschnitt\/","title":{"rendered":"T-SHIRT MIT V-AUSSCHNITT"},"content":{"rendered":"<h4 data-start=\"57\" data-end=\"109\"><strong data-start=\"57\" data-end=\"107\">V-nyak\u00fa p\u00f3l\u00f3 \u2013 n\u0151ies elegancia minden \u00e9vszakra<\/strong><\/h4>\n<p data-start=\"111\" data-end=\"530\">A kerek, apr\u00f3 vir\u00e1gok olyanok, mint a term\u00e9szet legszebb aj\u00e1nd\u00e9kai: a tavasz els\u0151 h\u00edrn\u00f6kei, a ny\u00e1r kedvess\u00e9gei \u00e9s az \u0151sz boldogs\u00e1ghoz\u00f3i. A <strong data-start=\"250\" data-end=\"280\">matyodesign V-nyak\u00fa p\u00f3l\u00f3<\/strong>\u00a0ezt a finom n\u0151iess\u00e9get hozza el sz\u00e1modra, egy letisztult, m\u00e9gis k\u00fcl\u00f6nleges darabban. Az eleg\u00e1ns V-kiv\u00e1g\u00e1s optikailag ny\u00fajtja a nyakat \u00e9s kiemeli a dekolt\u00e1zst, mik\u00f6zben a test vonal\u00e1t k\u00f6vet\u0151, k\u00e9nyelmes szab\u00e1s gondoskodik a t\u00f6k\u00e9letes illeszked\u00e9sr\u0151l.<\/p>\n<p data-start=\"532\" data-end=\"1014\"><strong data-start=\"532\" data-end=\"562\">Mi\u00e9rt im\u00e1djuk ezt a p\u00f3l\u00f3t?<\/strong><\/p>\n<ul>\n<li data-start=\"532\" data-end=\"1014\"><strong data-start=\"567\" data-end=\"598\">Letisztult, id\u0151t\u00e1ll\u00f3 diz\u00e1jn<\/strong> \u2013 t\u00f6k\u00e9letes v\u00e1laszt\u00e1s ak\u00e1r farmerrel, ak\u00e1r szokny\u00e1val.<\/li>\n<li data-start=\"532\" data-end=\"1014\"><strong data-start=\"658\" data-end=\"683\">Term\u00e9szetes alapanyag<\/strong> \u2013 96% pamut \u00e9s 4% elaszt\u00e1n tartalma biztos\u00edtja a k\u00e9nyelmet \u00e9s a rugalmass\u00e1got.<\/li>\n<li data-start=\"532\" data-end=\"1014\"><strong data-start=\"767\" data-end=\"791\">Eg\u00e9sz \u00e9vben hordhat\u00f3<\/strong> \u2013 l\u00e9g\u00e1tereszt\u0151 anyaga miatt ny\u00e1ron kellemes viselet, h\u0171v\u00f6sebb id\u0151ben pedig egy kardig\u00e1n alatt is j\u00f3l mutat.<\/li>\n<li data-start=\"532\" data-end=\"1014\"><strong data-start=\"904\" data-end=\"940\">Feh\u00e9r \u00e9s fekete sz\u00ednben el\u00e9rhet\u0151<\/strong> \u2013 k\u00e9t klasszikus \u00e1rnyalat, amit k\u00f6nnyed\u00e9n kombin\u00e1lhatsz a ruhat\u00e1raddal.<\/li>\n<\/ul>","protected":false},"excerpt":{"rendered":"<p>Der runde, kleine Blumenkranz ist der erste Vorbote des Fr\u00fchlings, die Fr\u00f6hlichkeit des Sommers und Gl\u00fccksbringer des Herbstes. Unsere T-Shirts mit V-Ausschnitt verleihen dir in jeder Jahreszeit Weiblichkeit.<\/p>","protected":false},"featured_media":99346,"template":"","meta":[],"product_brand":[],"product_cat":[79,367],"product_tag":[],"class_list":{"0":"post-100404","1":"product","2":"type-product","3":"status-publish","4":"has-post-thumbnail","6":"product_cat-noknek","7":"product_cat-polok","9":"first","10":"instock","11":"shipping-taxable","12":"purchasable","13":"product-type-variable"},"yoast_head":"<!-- This site is optimized with the Yoast SEO plugin v27.0 - https:\/\/yoast.com\/product\/yoast-seo-wordpress\/ -->\n<title>V-nyak\u00fa egyedi h\u00edmzett p\u00f3l\u00f3 \u2013 Matyodesign<\/title>\n<meta name=\"description\" content=\"Fedezd fel a Matyodesign n\u0151i V nyak\u00fa h\u00edmzett p\u00f3l\u00f3it! K\u00e9nyelmes pamut, vir\u00e1gos mint\u00e1k \u00e9s egyedi maty\u00f3 h\u00edmz\u00e9s a tavaszi \u00e9s ny\u00e1ri st\u00edlus\u00e9rt.\" \/>\n<meta name=\"robots\" content=\"index, follow, max-snippet:-1, max-image-preview:large, max-video-preview:-1\" \/>\n<link rel=\"canonical\" href=\"https:\/\/matyodesign.hu\/de\/produkt\/t-shirt-mit-v-ausschnitt\/\" \/>\n<meta property=\"og:locale\" content=\"de_DE\" \/>\n<meta property=\"og:type\" content=\"article\" \/>\n<meta property=\"og:title\" content=\"V-nyak\u00fa egyedi h\u00edmzett p\u00f3l\u00f3 \u2013 Matyodesign\" \/>\n<meta property=\"og:description\" content=\"Fedezd fel a Matyodesign n\u0151i V nyak\u00fa h\u00edmzett p\u00f3l\u00f3it! K\u00e9nyelmes pamut, vir\u00e1gos mint\u00e1k \u00e9s egyedi maty\u00f3 h\u00edmz\u00e9s a tavaszi \u00e9s ny\u00e1ri st\u00edlus\u00e9rt.\" \/>\n<meta property=\"og:url\" content=\"https:\/\/matyodesign.hu\/de\/produkt\/t-shirt-mit-v-ausschnitt\/\" \/>\n<meta property=\"og:site_name\" content=\"matyodesign\" \/>\n<meta property=\"article:modified_time\" content=\"2025-11-19T05:37:29+00:00\" \/>\n<meta property=\"og:image\" content=\"https:\/\/matyodesign.hu\/wp-content\/uploads\/2024\/02\/V_polok_fokep.jpg\" \/>\n\t<meta property=\"og:image:width\" content=\"1000\" \/>\n\t<meta property=\"og:image:height\" content=\"1000\" \/>\n\t<meta property=\"og:image:type\" content=\"image\/jpeg\" \/>\n<meta name=\"twitter:card\" content=\"summary_large_image\" \/>\n<meta name=\"twitter:label1\" content=\"Gesch\u00e4tzte Lesezeit\" \/>\n\t<meta name=\"twitter:data1\" content=\"2\u00a0Minuten\" \/>\n<script type=\"application\/ld+json\" class=\"yoast-schema-graph\">{\"@context\":\"https:\/\/schema.org\",\"@graph\":[{\"@type\":\"WebPage\",\"@id\":\"https:\/\/matyodesign.hu\/termek\/v-nyaku-polok-9\/\",\"url\":\"https:\/\/matyodesign.hu\/termek\/v-nyaku-polok-9\/\",\"name\":\"V-nyak\u00fa egyedi h\u00edmzett p\u00f3l\u00f3 \u2013 Matyodesign\",\"isPartOf\":{\"@id\":\"https:\/\/matyodesign.hu\/#website\"},\"primaryImageOfPage\":{\"@id\":\"https:\/\/matyodesign.hu\/termek\/v-nyaku-polok-9\/#primaryimage\"},\"image\":{\"@id\":\"https:\/\/matyodesign.hu\/termek\/v-nyaku-polok-9\/#primaryimage\"},\"thumbnailUrl\":\"https:\/\/matyodesign.hu\/wp-content\/uploads\/2024\/02\/V_polok_fokep.jpg\",\"datePublished\":\"2024-05-29T09:31:48+00:00\",\"dateModified\":\"2025-11-19T05:37:29+00:00\",\"description\":\"Fedezd fel a Matyodesign n\u0151i V nyak\u00fa h\u00edmzett p\u00f3l\u00f3it! K\u00e9nyelmes pamut, vir\u00e1gos mint\u00e1k \u00e9s egyedi maty\u00f3 h\u00edmz\u00e9s a tavaszi \u00e9s ny\u00e1ri st\u00edlus\u00e9rt.\",\"breadcrumb\":{\"@id\":\"https:\/\/matyodesign.hu\/termek\/v-nyaku-polok-9\/#breadcrumb\"},\"inLanguage\":\"de\",\"potentialAction\":[{\"@type\":\"ReadAction\",\"target\":[\"https:\/\/matyodesign.hu\/termek\/v-nyaku-polok-9\/\"]}]},{\"@type\":\"ImageObject\",\"inLanguage\":\"de\",\"@id\":\"https:\/\/matyodesign.hu\/termek\/v-nyaku-polok-9\/#primaryimage\",\"url\":\"https:\/\/matyodesign.hu\/wp-content\/uploads\/2024\/02\/V_polok_fokep.jpg\",\"contentUrl\":\"https:\/\/matyodesign.hu\/wp-content\/uploads\/2024\/02\/V_polok_fokep.jpg\",\"width\":1000,\"height\":1000,\"caption\":\"V nyak\u00fa p\u00f3l\u00f3, modern n\u00e9pi ruhanem\u0171\"},{\"@type\":\"BreadcrumbList\",\"@id\":\"https:\/\/matyodesign.hu\/termek\/v-nyaku-polok-9\/#breadcrumb\",\"itemListElement\":[{\"@type\":\"ListItem\",\"position\":1,\"name\":\"Kezd\u0151lap\",\"item\":\"https:\/\/matyodesign.hu\/\"},{\"@type\":\"ListItem\",\"position\":2,\"name\":\"Webshop\",\"item\":\"https:\/\/matyodesign.hu\/webshop\/\"},{\"@type\":\"ListItem\",\"position\":3,\"name\":\"V NYAK\u00da P\u00d3L\u00d3K\"}]},{\"@type\":\"WebSite\",\"@id\":\"https:\/\/matyodesign.hu\/#website\",\"url\":\"https:\/\/matyodesign.hu\/\",\"name\":\"matyodesign\",\"description\":\"K\u00e9zzel. Szeretettel. Neked.\",\"potentialAction\":[{\"@type\":\"SearchAction\",\"target\":{\"@type\":\"EntryPoint\",\"urlTemplate\":\"https:\/\/matyodesign.hu\/?s={search_term_string}\"},\"query-input\":{\"@type\":\"PropertyValueSpecification\",\"valueRequired\":true,\"valueName\":\"search_term_string\"}}],\"inLanguage\":\"de\"}]}<\/script>\n<!-- \/ Yoast SEO plugin. -->","yoast_head_json":{"title":"V-nyak\u00fa egyedi h\u00edmzett p\u00f3l\u00f3 \u2013 Matyodesign","description":"Fedezd fel a Matyodesign n\u0151i V nyak\u00fa h\u00edmzett p\u00f3l\u00f3it! K\u00e9nyelmes pamut, vir\u00e1gos mint\u00e1k \u00e9s egyedi maty\u00f3 h\u00edmz\u00e9s a tavaszi \u00e9s ny\u00e1ri st\u00edlus\u00e9rt.","robots":{"index":"index","follow":"follow","max-snippet":"max-snippet:-1","max-image-preview":"max-image-preview:large","max-video-preview":"max-video-preview:-1"},"canonical":"https:\/\/matyodesign.hu\/de\/produkt\/t-shirt-mit-v-ausschnitt\/","og_locale":"de_DE","og_type":"article","og_title":"V-nyak\u00fa egyedi h\u00edmzett p\u00f3l\u00f3 \u2013 Matyodesign","og_description":"Fedezd fel a Matyodesign n\u0151i V nyak\u00fa h\u00edmzett p\u00f3l\u00f3it! K\u00e9nyelmes pamut, vir\u00e1gos mint\u00e1k \u00e9s egyedi maty\u00f3 h\u00edmz\u00e9s a tavaszi \u00e9s ny\u00e1ri st\u00edlus\u00e9rt.","og_url":"https:\/\/matyodesign.hu\/de\/produkt\/t-shirt-mit-v-ausschnitt\/","og_site_name":"matyodesign","article_modified_time":"2025-11-19T05:37:29+00:00","og_image":[{"width":1000,"height":1000,"url":"https:\/\/matyodesign.hu\/wp-content\/uploads\/2024\/02\/V_polok_fokep.jpg","type":"image\/jpeg"}],"twitter_card":"summary_large_image","twitter_misc":{"Gesch\u00e4tzte Lesezeit":"2\u00a0Minuten"},"schema":{"@context":"https:\/\/schema.org","@graph":[{"@type":"WebPage","@id":"https:\/\/matyodesign.hu\/termek\/v-nyaku-polok-9\/","url":"https:\/\/matyodesign.hu\/termek\/v-nyaku-polok-9\/","name":"V-nyak\u00fa egyedi h\u00edmzett p\u00f3l\u00f3 \u2013 Matyodesign","isPartOf":{"@id":"https:\/\/matyodesign.hu\/#website"},"primaryImageOfPage":{"@id":"https:\/\/matyodesign.hu\/termek\/v-nyaku-polok-9\/#primaryimage"},"image":{"@id":"https:\/\/matyodesign.hu\/termek\/v-nyaku-polok-9\/#primaryimage"},"thumbnailUrl":"https:\/\/matyodesign.hu\/wp-content\/uploads\/2024\/02\/V_polok_fokep.jpg","datePublished":"2024-05-29T09:31:48+00:00","dateModified":"2025-11-19T05:37:29+00:00","description":"Fedezd fel a Matyodesign n\u0151i V nyak\u00fa h\u00edmzett p\u00f3l\u00f3it! K\u00e9nyelmes pamut, vir\u00e1gos mint\u00e1k \u00e9s egyedi maty\u00f3 h\u00edmz\u00e9s a tavaszi \u00e9s ny\u00e1ri st\u00edlus\u00e9rt.","breadcrumb":{"@id":"https:\/\/matyodesign.hu\/termek\/v-nyaku-polok-9\/#breadcrumb"},"inLanguage":"de","potentialAction":[{"@type":"ReadAction","target":["https:\/\/matyodesign.hu\/termek\/v-nyaku-polok-9\/"]}]},{"@type":"ImageObject","inLanguage":"de","@id":"https:\/\/matyodesign.hu\/termek\/v-nyaku-polok-9\/#primaryimage","url":"https:\/\/matyodesign.hu\/wp-content\/uploads\/2024\/02\/V_polok_fokep.jpg","contentUrl":"https:\/\/matyodesign.hu\/wp-content\/uploads\/2024\/02\/V_polok_fokep.jpg","width":1000,"height":1000,"caption":"V nyak\u00fa p\u00f3l\u00f3, modern n\u00e9pi ruhanem\u0171"},{"@type":"BreadcrumbList","@id":"https:\/\/matyodesign.hu\/termek\/v-nyaku-polok-9\/#breadcrumb","itemListElement":[{"@type":"ListItem","position":1,"name":"Kezd\u0151lap","item":"https:\/\/matyodesign.hu\/"},{"@type":"ListItem","position":2,"name":"Webshop","item":"https:\/\/matyodesign.hu\/webshop\/"},{"@type":"ListItem","position":3,"name":"V NYAK\u00da P\u00d3L\u00d3K"}]},{"@type":"WebSite","@id":"https:\/\/matyodesign.hu\/#website","url":"https:\/\/matyodesign.hu\/","name":"matyodesign","description":"K\u00e9zzel. Szeretettel. Neked.","potentialAction":[{"@type":"SearchAction","target":{"@type":"EntryPoint","urlTemplate":"https:\/\/matyodesign.hu\/?s={search_term_string}"},"query-input":{"@type":"PropertyValueSpecification","valueRequired":true,"valueName":"search_term_string"}}],"inLanguage":"de"}]}},"_links":{"self":[{"href":"https:\/\/matyodesign.hu\/de\/wp-json\/wp\/v2\/product\/100404","targetHints":{"allow":["GET"]}}],"collection":[{"href":"https:\/\/matyodesign.hu\/de\/wp-json\/wp\/v2\/product"}],"about":[{"href":"https:\/\/matyodesign.hu\/de\/wp-json\/wp\/v2\/types\/product"}],"wp:featuredmedia":[{"embeddable":true,"href":"https:\/\/matyodesign.hu\/de\/wp-json\/wp\/v2\/media\/99346"}],"wp:attachment":[{"href":"https:\/\/matyodesign.hu\/de\/wp-json\/wp\/v2\/media?parent=100404"}],"wp:term":[{"taxonomy":"product_brand","embeddable":true,"href":"https:\/\/matyodesign.hu\/de\/wp-json\/wp\/v2\/product_brand?post=100404"},{"taxonomy":"product_cat","embeddable":true,"href":"https:\/\/matyodesign.hu\/de\/wp-json\/wp\/v2\/product_cat?post=100404"},{"taxonomy":"product_tag","embeddable":true,"href":"https:\/\/matyodesign.hu\/de\/wp-json\/wp\/v2\/product_tag?post=100404"}],"curies":[{"name":"wp","href":"https:\/\/api.w.org\/{rel}","templated":true}]}}