{"id":100438,"date":"2024-05-29T11:34:19","date_gmt":"2024-05-29T09:34:19","guid":{"rendered":"https:\/\/2024.matyodesign.hu\/?post_type=product&#038;p=100438"},"modified":"2025-11-07T15:44:32","modified_gmt":"2025-11-07T14:44:32","slug":"kek-pasztell-pulover-5","status":"publish","type":"product","link":"https:\/\/matyodesign.hu\/de\/produkt\/blauer-pullover-mit-stickerei-in-pastellfarben\/","title":{"rendered":"BLAUER PULLOVER MIT STICKEREI IN PASTELLFARBEN"},"content":{"rendered":"<h4 data-start=\"96\" data-end=\"122\">K\u00e9k-pasztell pul\u00f3ver<\/h4>\n<p data-start=\"124\" data-end=\"226\">Figyelem! A rendel\u00e9st k\u00f6vet\u0151en 10 nappal tudjuk post\u00e1zni ezt a pul\u00f3vert, a hossz\u00fa h\u00edmz\u00e9si id\u0151 miatt!<\/p>\n<p data-start=\"228\" data-end=\"625\">A m\u00e9lt\u00e1n n\u00e9pszer\u0171 arany\/s\u00f6t\u00e9tk\u00e9k pul\u00f3ver\u00fcnk pasztell verzi\u00f3ja, amely visszafogott fagylaltsz\u00edneivel frissess\u00e9get \u00e9s kifinomults\u00e1got sug\u00e1roz. Ez a pul\u00f3ver t\u00f6k\u00e9letes v\u00e1laszt\u00e1s azok sz\u00e1m\u00e1ra, akik szeretik az egyedi, k\u00e9zzel k\u00e9sz\u00edtett h\u00edmz\u00e9seket, de a finomabb \u00e1rnyalatokat r\u00e9szes\u00edtik el\u0151nyben. Kriston Gitka tervez\u00e9s\u00e9ben sz\u00fcletett meg ez a k\u00fcl\u00f6nleges darab, amely nemcsak divatos, hanem id\u0151t\u00e1ll\u00f3 is.<\/p>\n<p data-start=\"627\" data-end=\"917\">A puha, kellemes tapint\u00e1s\u00fa anyag\u00f6sszet\u00e9tel (50% pamut, 50% poli\u00e9szter) garant\u00e1lja a k\u00e9nyelmet, m\u00edg a prec\u00edzen kidolgozott h\u00edmz\u00e9s a matyodesign hagyom\u00e1ny\u0151rz\u0151 \u00e9s m\u00e9gis modern vil\u00e1g\u00e1t id\u00e9zi meg. T\u00f6k\u00e9letes viselet a h\u0171v\u00f6sebb napokon, legyen sz\u00f3 v\u00e1rosi s\u00e9t\u00e1r\u00f3l vagy egy bar\u00e1ti \u00f6sszej\u00f6vetelr\u0151l.<\/p>\n<p data-start=\"919\" data-end=\"933\"><strong data-start=\"919\" data-end=\"931\">Gr\u00f6\u00dfen<\/strong><\/p>\n<ul data-start=\"934\" data-end=\"1000\">\n<li data-start=\"934\" data-end=\"959\">XS\u2013XL k\u00f6z\u00f6tt el\u00e9rhet\u0151<\/li>\n<li data-start=\"960\" data-end=\"1000\">R\u00e9szletes m\u00e9rett\u00e1bl\u00e1zat a weboldalon<\/li>\n<\/ul>\n<p data-start=\"1002\" data-end=\"1323\"><strong data-start=\"1002\" data-end=\"1026\">A matyodesign vil\u00e1ga<\/strong><br data-start=\"1026\" data-end=\"1029\" \/>A matyodesign a tradicion\u00e1lis maty\u00f3 h\u00edmz\u00e9st modern form\u00e1ba \u00f6ntve k\u00edn\u00e1l egyedi, k\u00e9zzel k\u00e9sz\u00fclt darabokat. Minden term\u00e9k\u00fcnk szeretettel \u00e9s gondos odafigyel\u00e9ssel k\u00e9sz\u00fcl, hogy val\u00f3di \u00e9rt\u00e9ket k\u00e9pviseljen a visel\u0151je sz\u00e1m\u00e1ra. Fedezd fel tov\u00e1bbi kollekci\u00f3inkat, \u00e9s k\u00f6vess minket a k\u00f6z\u00f6ss\u00e9gi m\u00e9di\u00e1ban!<\/p>\n<ul>\n<li data-start=\"1325\" data-end=\"1563\"><strong data-start=\"1328\" data-end=\"1341\">Facebook:<\/strong> <a href=\"https:\/\/facebook.com\/matyodesign\" target=\"_new\" rel=\"noopener\" data-start=\"1342\" data-end=\"1402\">facebook.com\/matyodesign<\/a><\/li>\n<li data-start=\"1325\" data-end=\"1563\"><strong data-start=\"1408\" data-end=\"1422\">Instagram:<\/strong> <a href=\"https:\/\/instagram.com\/matyodesign\" target=\"_new\" rel=\"noopener\" data-start=\"1423\" data-end=\"1485\">instagram.com\/matyodesign<\/a><\/li>\n<li data-start=\"1325\" data-end=\"1563\"><strong data-start=\"1491\" data-end=\"1502\">TikTok:<\/strong> <a target=\"_new\" rel=\"noopener\" data-start=\"1503\" data-end=\"1561\">tiktok.com\/@matyodesign<\/a><\/li>\n<\/ul>\n<p><strong>Wusstest du?<\/strong><\/p>\n<p>Unsere handgefertigten Produkte bieten Arbeit f\u00fcr 45 Frauen in Tardo, einem kleinen Dorf im Nordosten Ungarns. Die Mission von matyodesign besteht nicht nur darin, die Tradition am Leben zu erhalten, sondern sie auch auf hohem Niveau neu zu erschaffen, mit Blick auf die Einzigartigkeit und gleichzeitig unter Ber\u00fccksichtigung der Herausforderungen der Gegenwart.<br \/>\nWir haben die matyodesign-Community gegr\u00fcndet, nicht zu vergessen die Bestrebungen, die mit den Herausforderungen der heutigen Welt \u00fcbereinstimmen: Wir leben in einem ethischen Gesch\u00e4ftsmodell, Wertsch\u00f6pfung im Laufe der Zeit anstelle von Wegwerfprodukten und verantwortungsvolles Einkaufen und Nachhaltigkeit sind dar\u00fcber hinaus auch wichtige Teile unseres Ethos zur Weitergabe der Werte der Vergangenheit. Die Maty\u00f3-Stickerei wurde in die UNESCO-Liste des geistigen und kulturellen Erbes aufgenommen.<\/p>","protected":false},"excerpt":{"rendered":"<p><strong>Achtung! Aufgrund der langen Fertigung k\u00f6nnen wir dieses Produkt erst 10 Tage nach der Bestellung versenden.<br \/>\n<\/strong><br \/>\nDie pastellfarbene Version unseres beliebten gold\/marineblauen Pullovers. Frisch, raffiniert, stilvoll. Mit Liebe von Hand bestickt.<br \/>\nDas Muster wurde von Gitka Kriston entworfen.<\/p>","protected":false},"featured_media":99394,"template":"","meta":[],"product_brand":[],"product_cat":[79,370],"product_tag":[],"class_list":{"0":"post-100438","1":"product","2":"type-product","3":"status-publish","4":"has-post-thumbnail","6":"product_cat-noknek","7":"product_cat-puloverek","9":"first","10":"instock","11":"shipping-taxable","12":"purchasable","13":"product-type-variable"},"yoast_head":"<!-- This site is optimized with the Yoast SEO plugin v27.0 - https:\/\/yoast.com\/product\/yoast-seo-wordpress\/ -->\n<title>K\u00e9k egyedi, maty\u00f3, h\u00edmzett pul\u00f3ver \u2013 Matyodesign<\/title>\n<meta name=\"description\" content=\"V\u00e1s\u00e1rolj h\u00edmzett pul\u00f3vert, h\u00edmzett p\u00f3l\u00f3t \u00e9s egyedi ruh\u00e1kat a Matyodesign web\u00e1ruh\u00e1zban! K\u00e9zzel h\u00edmzett, eleg\u00e1ns darabok minden alkalomra.\" \/>\n<meta name=\"robots\" content=\"index, follow, max-snippet:-1, max-image-preview:large, max-video-preview:-1\" \/>\n<link rel=\"canonical\" href=\"https:\/\/matyodesign.hu\/de\/produkt\/blauer-pullover-mit-stickerei-in-pastellfarben\/\" \/>\n<meta property=\"og:locale\" content=\"de_DE\" \/>\n<meta property=\"og:type\" content=\"article\" \/>\n<meta property=\"og:title\" content=\"K\u00e9k egyedi, maty\u00f3, h\u00edmzett pul\u00f3ver \u2013 Matyodesign\" \/>\n<meta property=\"og:description\" content=\"V\u00e1s\u00e1rolj h\u00edmzett pul\u00f3vert, h\u00edmzett p\u00f3l\u00f3t \u00e9s egyedi ruh\u00e1kat a Matyodesign web\u00e1ruh\u00e1zban! K\u00e9zzel h\u00edmzett, eleg\u00e1ns darabok minden alkalomra.\" \/>\n<meta property=\"og:url\" content=\"https:\/\/matyodesign.hu\/de\/produkt\/blauer-pullover-mit-stickerei-in-pastellfarben\/\" \/>\n<meta property=\"og:site_name\" content=\"matyodesign\" \/>\n<meta property=\"article:modified_time\" content=\"2025-11-07T14:44:32+00:00\" \/>\n<meta property=\"og:image\" content=\"https:\/\/matyodesign.hu\/wp-content\/uploads\/2024\/02\/pulcsi_kek_pasztel_01-sq.webp\" \/>\n\t<meta property=\"og:image:width\" content=\"1000\" \/>\n\t<meta property=\"og:image:height\" content=\"1000\" \/>\n\t<meta property=\"og:image:type\" content=\"image\/webp\" \/>\n<meta name=\"twitter:card\" content=\"summary_large_image\" \/>\n<meta name=\"twitter:label1\" content=\"Gesch\u00e4tzte Lesezeit\" \/>\n\t<meta name=\"twitter:data1\" content=\"2\u00a0Minuten\" \/>\n<script type=\"application\/ld+json\" class=\"yoast-schema-graph\">{\"@context\":\"https:\/\/schema.org\",\"@graph\":[{\"@type\":\"WebPage\",\"@id\":\"https:\/\/matyodesign.hu\/termek\/kek-pasztell-pulover-5\/\",\"url\":\"https:\/\/matyodesign.hu\/termek\/kek-pasztell-pulover-5\/\",\"name\":\"K\u00e9k egyedi, maty\u00f3, h\u00edmzett pul\u00f3ver \u2013 Matyodesign\",\"isPartOf\":{\"@id\":\"https:\/\/matyodesign.hu\/#website\"},\"primaryImageOfPage\":{\"@id\":\"https:\/\/matyodesign.hu\/termek\/kek-pasztell-pulover-5\/#primaryimage\"},\"image\":{\"@id\":\"https:\/\/matyodesign.hu\/termek\/kek-pasztell-pulover-5\/#primaryimage\"},\"thumbnailUrl\":\"https:\/\/matyodesign.hu\/wp-content\/uploads\/2024\/02\/pulcsi_kek_pasztel_01-sq.webp\",\"datePublished\":\"2024-05-29T09:34:19+00:00\",\"dateModified\":\"2025-11-07T14:44:32+00:00\",\"description\":\"V\u00e1s\u00e1rolj h\u00edmzett pul\u00f3vert, h\u00edmzett p\u00f3l\u00f3t \u00e9s egyedi ruh\u00e1kat a Matyodesign web\u00e1ruh\u00e1zban! K\u00e9zzel h\u00edmzett, eleg\u00e1ns darabok minden alkalomra.\",\"breadcrumb\":{\"@id\":\"https:\/\/matyodesign.hu\/termek\/kek-pasztell-pulover-5\/#breadcrumb\"},\"inLanguage\":\"de\",\"potentialAction\":[{\"@type\":\"ReadAction\",\"target\":[\"https:\/\/matyodesign.hu\/termek\/kek-pasztell-pulover-5\/\"]}]},{\"@type\":\"ImageObject\",\"inLanguage\":\"de\",\"@id\":\"https:\/\/matyodesign.hu\/termek\/kek-pasztell-pulover-5\/#primaryimage\",\"url\":\"https:\/\/matyodesign.hu\/wp-content\/uploads\/2024\/02\/pulcsi_kek_pasztel_01-sq.webp\",\"contentUrl\":\"https:\/\/matyodesign.hu\/wp-content\/uploads\/2024\/02\/pulcsi_kek_pasztel_01-sq.webp\",\"width\":1000,\"height\":1000,\"caption\":\"K\u00e9k pasztell pul\u00f3ver, h\u00edmzett bl\u00faz webshop\"},{\"@type\":\"BreadcrumbList\",\"@id\":\"https:\/\/matyodesign.hu\/termek\/kek-pasztell-pulover-5\/#breadcrumb\",\"itemListElement\":[{\"@type\":\"ListItem\",\"position\":1,\"name\":\"Kezd\u0151lap\",\"item\":\"https:\/\/matyodesign.hu\/\"},{\"@type\":\"ListItem\",\"position\":2,\"name\":\"Webshop\",\"item\":\"https:\/\/matyodesign.hu\/webshop\/\"},{\"@type\":\"ListItem\",\"position\":3,\"name\":\"K\u00c9K- PASZTELL PUL\u00d3VER\"}]},{\"@type\":\"WebSite\",\"@id\":\"https:\/\/matyodesign.hu\/#website\",\"url\":\"https:\/\/matyodesign.hu\/\",\"name\":\"matyodesign\",\"description\":\"K\u00e9zzel. Szeretettel. Neked.\",\"potentialAction\":[{\"@type\":\"SearchAction\",\"target\":{\"@type\":\"EntryPoint\",\"urlTemplate\":\"https:\/\/matyodesign.hu\/?s={search_term_string}\"},\"query-input\":{\"@type\":\"PropertyValueSpecification\",\"valueRequired\":true,\"valueName\":\"search_term_string\"}}],\"inLanguage\":\"de\"}]}<\/script>\n<!-- \/ Yoast SEO plugin. -->","yoast_head_json":{"title":"K\u00e9k egyedi, maty\u00f3, h\u00edmzett pul\u00f3ver \u2013 Matyodesign","description":"V\u00e1s\u00e1rolj h\u00edmzett pul\u00f3vert, h\u00edmzett p\u00f3l\u00f3t \u00e9s egyedi ruh\u00e1kat a Matyodesign web\u00e1ruh\u00e1zban! K\u00e9zzel h\u00edmzett, eleg\u00e1ns darabok minden alkalomra.","robots":{"index":"index","follow":"follow","max-snippet":"max-snippet:-1","max-image-preview":"max-image-preview:large","max-video-preview":"max-video-preview:-1"},"canonical":"https:\/\/matyodesign.hu\/de\/produkt\/blauer-pullover-mit-stickerei-in-pastellfarben\/","og_locale":"de_DE","og_type":"article","og_title":"K\u00e9k egyedi, maty\u00f3, h\u00edmzett pul\u00f3ver \u2013 Matyodesign","og_description":"V\u00e1s\u00e1rolj h\u00edmzett pul\u00f3vert, h\u00edmzett p\u00f3l\u00f3t \u00e9s egyedi ruh\u00e1kat a Matyodesign web\u00e1ruh\u00e1zban! K\u00e9zzel h\u00edmzett, eleg\u00e1ns darabok minden alkalomra.","og_url":"https:\/\/matyodesign.hu\/de\/produkt\/blauer-pullover-mit-stickerei-in-pastellfarben\/","og_site_name":"matyodesign","article_modified_time":"2025-11-07T14:44:32+00:00","og_image":[{"width":1000,"height":1000,"url":"https:\/\/matyodesign.hu\/wp-content\/uploads\/2024\/02\/pulcsi_kek_pasztel_01-sq.webp","type":"image\/webp"}],"twitter_card":"summary_large_image","twitter_misc":{"Gesch\u00e4tzte Lesezeit":"2\u00a0Minuten"},"schema":{"@context":"https:\/\/schema.org","@graph":[{"@type":"WebPage","@id":"https:\/\/matyodesign.hu\/termek\/kek-pasztell-pulover-5\/","url":"https:\/\/matyodesign.hu\/termek\/kek-pasztell-pulover-5\/","name":"K\u00e9k egyedi, maty\u00f3, h\u00edmzett pul\u00f3ver \u2013 Matyodesign","isPartOf":{"@id":"https:\/\/matyodesign.hu\/#website"},"primaryImageOfPage":{"@id":"https:\/\/matyodesign.hu\/termek\/kek-pasztell-pulover-5\/#primaryimage"},"image":{"@id":"https:\/\/matyodesign.hu\/termek\/kek-pasztell-pulover-5\/#primaryimage"},"thumbnailUrl":"https:\/\/matyodesign.hu\/wp-content\/uploads\/2024\/02\/pulcsi_kek_pasztel_01-sq.webp","datePublished":"2024-05-29T09:34:19+00:00","dateModified":"2025-11-07T14:44:32+00:00","description":"V\u00e1s\u00e1rolj h\u00edmzett pul\u00f3vert, h\u00edmzett p\u00f3l\u00f3t \u00e9s egyedi ruh\u00e1kat a Matyodesign web\u00e1ruh\u00e1zban! K\u00e9zzel h\u00edmzett, eleg\u00e1ns darabok minden alkalomra.","breadcrumb":{"@id":"https:\/\/matyodesign.hu\/termek\/kek-pasztell-pulover-5\/#breadcrumb"},"inLanguage":"de","potentialAction":[{"@type":"ReadAction","target":["https:\/\/matyodesign.hu\/termek\/kek-pasztell-pulover-5\/"]}]},{"@type":"ImageObject","inLanguage":"de","@id":"https:\/\/matyodesign.hu\/termek\/kek-pasztell-pulover-5\/#primaryimage","url":"https:\/\/matyodesign.hu\/wp-content\/uploads\/2024\/02\/pulcsi_kek_pasztel_01-sq.webp","contentUrl":"https:\/\/matyodesign.hu\/wp-content\/uploads\/2024\/02\/pulcsi_kek_pasztel_01-sq.webp","width":1000,"height":1000,"caption":"K\u00e9k pasztell pul\u00f3ver, h\u00edmzett bl\u00faz webshop"},{"@type":"BreadcrumbList","@id":"https:\/\/matyodesign.hu\/termek\/kek-pasztell-pulover-5\/#breadcrumb","itemListElement":[{"@type":"ListItem","position":1,"name":"Kezd\u0151lap","item":"https:\/\/matyodesign.hu\/"},{"@type":"ListItem","position":2,"name":"Webshop","item":"https:\/\/matyodesign.hu\/webshop\/"},{"@type":"ListItem","position":3,"name":"K\u00c9K- PASZTELL PUL\u00d3VER"}]},{"@type":"WebSite","@id":"https:\/\/matyodesign.hu\/#website","url":"https:\/\/matyodesign.hu\/","name":"matyodesign","description":"K\u00e9zzel. Szeretettel. Neked.","potentialAction":[{"@type":"SearchAction","target":{"@type":"EntryPoint","urlTemplate":"https:\/\/matyodesign.hu\/?s={search_term_string}"},"query-input":{"@type":"PropertyValueSpecification","valueRequired":true,"valueName":"search_term_string"}}],"inLanguage":"de"}]}},"_links":{"self":[{"href":"https:\/\/matyodesign.hu\/de\/wp-json\/wp\/v2\/product\/100438","targetHints":{"allow":["GET"]}}],"collection":[{"href":"https:\/\/matyodesign.hu\/de\/wp-json\/wp\/v2\/product"}],"about":[{"href":"https:\/\/matyodesign.hu\/de\/wp-json\/wp\/v2\/types\/product"}],"wp:featuredmedia":[{"embeddable":true,"href":"https:\/\/matyodesign.hu\/de\/wp-json\/wp\/v2\/media\/99394"}],"wp:attachment":[{"href":"https:\/\/matyodesign.hu\/de\/wp-json\/wp\/v2\/media?parent=100438"}],"wp:term":[{"taxonomy":"product_brand","embeddable":true,"href":"https:\/\/matyodesign.hu\/de\/wp-json\/wp\/v2\/product_brand?post=100438"},{"taxonomy":"product_cat","embeddable":true,"href":"https:\/\/matyodesign.hu\/de\/wp-json\/wp\/v2\/product_cat?post=100438"},{"taxonomy":"product_tag","embeddable":true,"href":"https:\/\/matyodesign.hu\/de\/wp-json\/wp\/v2\/product_tag?post=100438"}],"curies":[{"name":"wp","href":"https:\/\/api.w.org\/{rel}","templated":true}]}}