{"id":100456,"date":"2024-05-29T11:35:35","date_gmt":"2024-05-29T09:35:35","guid":{"rendered":"https:\/\/2024.matyodesign.hu\/?post_type=product&#038;p=100456"},"modified":"2026-04-30T21:48:19","modified_gmt":"2026-04-30T19:48:19","slug":"szalmakalap-2","status":"publish","type":"product","link":"https:\/\/matyodesign.hu\/de\/termek\/szalmakalap-2\/","title":{"rendered":"STROHHUT"},"content":{"rendered":"","protected":false},"excerpt":{"rendered":"<p>Die Hitze des Sommers kommt dieses Jahr wieder pl\u00f6tzlich, aber du wirst darauf vorbereitet sein. Unser breitkrempiger Strohhut ist ein perfekter Begleiter sowohl in der Stadt als auch im Strandurlaub. Um dein Outfit zu vervollst\u00e4ndigen, w\u00e4hle dazu unsere neue riesige Strandtasche, in die alles passt, was du f\u00fcr einen erholsamen Urlaub am Meer brauchst.<\/p>","protected":false},"featured_media":99436,"template":"","meta":[],"product_brand":[],"product_cat":[85,79],"product_tag":[],"class_list":{"0":"post-100456","1":"product","2":"type-product","3":"status-publish","4":"has-post-thumbnail","6":"product_cat-kiegeszito","7":"product_cat-noknek","9":"first","10":"instock","11":"shipping-taxable","12":"purchasable","13":"product-type-variable"},"yoast_head":"<!-- This site is optimized with the Yoast SEO plugin v27.5 - https:\/\/yoast.com\/product\/yoast-seo-wordpress\/ -->\n<title>Sz\u00e9les karim\u00e1j\u00fa h\u00edmzett kalap \u2013 Matyodesign<\/title>\n<meta name=\"description\" content=\"Kalap \u2013 h\u00edmzett, egyedi darab a Matyodesignt\u00f3l. \u00d6tv\u00f6zd a maty\u00f3 hagyom\u00e1nyt \u00e9s a modern diz\u00e1jnt k\u00e9zzel k\u00e9sz\u00fclt darabokban. Rendeld meg most!\" \/>\n<meta name=\"robots\" content=\"index, follow, max-snippet:-1, max-image-preview:large, max-video-preview:-1\" \/>\n<link rel=\"canonical\" href=\"https:\/\/matyodesign.hu\/de\/termek\/szalmakalap-2\/\" \/>\n<meta property=\"og:locale\" content=\"de_DE\" \/>\n<meta property=\"og:type\" content=\"article\" \/>\n<meta property=\"og:title\" content=\"Sz\u00e9les karim\u00e1j\u00fa h\u00edmzett kalap \u2013 Matyodesign\" \/>\n<meta property=\"og:description\" content=\"Kalap \u2013 h\u00edmzett, egyedi darab a Matyodesignt\u00f3l. \u00d6tv\u00f6zd a maty\u00f3 hagyom\u00e1nyt \u00e9s a modern diz\u00e1jnt k\u00e9zzel k\u00e9sz\u00fclt darabokban. Rendeld meg most!\" \/>\n<meta property=\"og:url\" content=\"https:\/\/matyodesign.hu\/de\/termek\/szalmakalap-2\/\" \/>\n<meta property=\"og:site_name\" content=\"matyodesign\" \/>\n<meta property=\"article:modified_time\" content=\"2026-04-30T19:48:19+00:00\" \/>\n<meta property=\"og:image\" content=\"https:\/\/matyodesign.hu\/wp-content\/uploads\/2024\/02\/szalmakalap_1-sq.webp\" \/>\n\t<meta property=\"og:image:width\" content=\"1000\" \/>\n\t<meta property=\"og:image:height\" content=\"1000\" \/>\n\t<meta property=\"og:image:type\" content=\"image\/webp\" \/>\n<meta name=\"twitter:card\" content=\"summary_large_image\" \/>\n<meta name=\"twitter:label1\" content=\"Gesch\u00e4tzte Lesezeit\" \/>\n\t<meta name=\"twitter:data1\" content=\"1\u00a0Minute\" \/>\n<script type=\"application\/ld+json\" class=\"yoast-schema-graph\">{\"@context\":\"https:\\\/\\\/schema.org\",\"@graph\":[{\"@type\":\"WebPage\",\"@id\":\"https:\\\/\\\/matyodesign.hu\\\/termek\\\/szalmakalap-2\\\/\",\"url\":\"https:\\\/\\\/matyodesign.hu\\\/termek\\\/szalmakalap-2\\\/\",\"name\":\"Sz\u00e9les karim\u00e1j\u00fa h\u00edmzett kalap \u2013 Matyodesign\",\"isPartOf\":{\"@id\":\"https:\\\/\\\/matyodesign.hu\\\/#website\"},\"primaryImageOfPage\":{\"@id\":\"https:\\\/\\\/matyodesign.hu\\\/termek\\\/szalmakalap-2\\\/#primaryimage\"},\"image\":{\"@id\":\"https:\\\/\\\/matyodesign.hu\\\/termek\\\/szalmakalap-2\\\/#primaryimage\"},\"thumbnailUrl\":\"https:\\\/\\\/matyodesign.hu\\\/wp-content\\\/uploads\\\/2024\\\/02\\\/szalmakalap_1-sq.webp\",\"datePublished\":\"2024-05-29T09:35:35+00:00\",\"dateModified\":\"2026-04-30T19:48:19+00:00\",\"description\":\"Kalap \u2013 h\u00edmzett, egyedi darab a Matyodesignt\u00f3l. \u00d6tv\u00f6zd a maty\u00f3 hagyom\u00e1nyt \u00e9s a modern diz\u00e1jnt k\u00e9zzel k\u00e9sz\u00fclt darabokban. Rendeld meg most!\",\"breadcrumb\":{\"@id\":\"https:\\\/\\\/matyodesign.hu\\\/termek\\\/szalmakalap-2\\\/#breadcrumb\"},\"inLanguage\":\"de\",\"potentialAction\":[{\"@type\":\"ReadAction\",\"target\":[\"https:\\\/\\\/matyodesign.hu\\\/termek\\\/szalmakalap-2\\\/\"]}]},{\"@type\":\"ImageObject\",\"inLanguage\":\"de\",\"@id\":\"https:\\\/\\\/matyodesign.hu\\\/termek\\\/szalmakalap-2\\\/#primaryimage\",\"url\":\"https:\\\/\\\/matyodesign.hu\\\/wp-content\\\/uploads\\\/2024\\\/02\\\/szalmakalap_1-sq.webp\",\"contentUrl\":\"https:\\\/\\\/matyodesign.hu\\\/wp-content\\\/uploads\\\/2024\\\/02\\\/szalmakalap_1-sq.webp\",\"width\":1000,\"height\":1000,\"caption\":\"Szalmakalap, magyar n\u00e9pi mot\u00edvumos ruha\"},{\"@type\":\"BreadcrumbList\",\"@id\":\"https:\\\/\\\/matyodesign.hu\\\/termek\\\/szalmakalap-2\\\/#breadcrumb\",\"itemListElement\":[{\"@type\":\"ListItem\",\"position\":1,\"name\":\"Kezd\u0151lap\",\"item\":\"https:\\\/\\\/matyodesign.hu\\\/\"},{\"@type\":\"ListItem\",\"position\":2,\"name\":\"Webshop\",\"item\":\"https:\\\/\\\/matyodesign.hu\\\/webshop\\\/\"},{\"@type\":\"ListItem\",\"position\":3,\"name\":\"SZALMAKALAP\"}]},{\"@type\":\"WebSite\",\"@id\":\"https:\\\/\\\/matyodesign.hu\\\/#website\",\"url\":\"https:\\\/\\\/matyodesign.hu\\\/\",\"name\":\"matyodesign\",\"description\":\"K\u00e9zzel. Szeretettel. Neked.\",\"potentialAction\":[{\"@type\":\"SearchAction\",\"target\":{\"@type\":\"EntryPoint\",\"urlTemplate\":\"https:\\\/\\\/matyodesign.hu\\\/?s={search_term_string}\"},\"query-input\":{\"@type\":\"PropertyValueSpecification\",\"valueRequired\":true,\"valueName\":\"search_term_string\"}}],\"inLanguage\":\"de\"}]}<\/script>\n<!-- \/ Yoast SEO plugin. -->","yoast_head_json":{"title":"Sz\u00e9les karim\u00e1j\u00fa h\u00edmzett kalap \u2013 Matyodesign","description":"Kalap \u2013 h\u00edmzett, egyedi darab a Matyodesignt\u00f3l. \u00d6tv\u00f6zd a maty\u00f3 hagyom\u00e1nyt \u00e9s a modern diz\u00e1jnt k\u00e9zzel k\u00e9sz\u00fclt darabokban. Rendeld meg most!","robots":{"index":"index","follow":"follow","max-snippet":"max-snippet:-1","max-image-preview":"max-image-preview:large","max-video-preview":"max-video-preview:-1"},"canonical":"https:\/\/matyodesign.hu\/de\/termek\/szalmakalap-2\/","og_locale":"de_DE","og_type":"article","og_title":"Sz\u00e9les karim\u00e1j\u00fa h\u00edmzett kalap \u2013 Matyodesign","og_description":"Kalap \u2013 h\u00edmzett, egyedi darab a Matyodesignt\u00f3l. \u00d6tv\u00f6zd a maty\u00f3 hagyom\u00e1nyt \u00e9s a modern diz\u00e1jnt k\u00e9zzel k\u00e9sz\u00fclt darabokban. Rendeld meg most!","og_url":"https:\/\/matyodesign.hu\/de\/termek\/szalmakalap-2\/","og_site_name":"matyodesign","article_modified_time":"2026-04-30T19:48:19+00:00","og_image":[{"width":1000,"height":1000,"url":"https:\/\/matyodesign.hu\/wp-content\/uploads\/2024\/02\/szalmakalap_1-sq.webp","type":"image\/webp"}],"twitter_card":"summary_large_image","twitter_misc":{"Gesch\u00e4tzte Lesezeit":"1\u00a0Minute"},"schema":{"@context":"https:\/\/schema.org","@graph":[{"@type":"WebPage","@id":"https:\/\/matyodesign.hu\/termek\/szalmakalap-2\/","url":"https:\/\/matyodesign.hu\/termek\/szalmakalap-2\/","name":"Sz\u00e9les karim\u00e1j\u00fa h\u00edmzett kalap \u2013 Matyodesign","isPartOf":{"@id":"https:\/\/matyodesign.hu\/#website"},"primaryImageOfPage":{"@id":"https:\/\/matyodesign.hu\/termek\/szalmakalap-2\/#primaryimage"},"image":{"@id":"https:\/\/matyodesign.hu\/termek\/szalmakalap-2\/#primaryimage"},"thumbnailUrl":"https:\/\/matyodesign.hu\/wp-content\/uploads\/2024\/02\/szalmakalap_1-sq.webp","datePublished":"2024-05-29T09:35:35+00:00","dateModified":"2026-04-30T19:48:19+00:00","description":"Kalap \u2013 h\u00edmzett, egyedi darab a Matyodesignt\u00f3l. \u00d6tv\u00f6zd a maty\u00f3 hagyom\u00e1nyt \u00e9s a modern diz\u00e1jnt k\u00e9zzel k\u00e9sz\u00fclt darabokban. Rendeld meg most!","breadcrumb":{"@id":"https:\/\/matyodesign.hu\/termek\/szalmakalap-2\/#breadcrumb"},"inLanguage":"de","potentialAction":[{"@type":"ReadAction","target":["https:\/\/matyodesign.hu\/termek\/szalmakalap-2\/"]}]},{"@type":"ImageObject","inLanguage":"de","@id":"https:\/\/matyodesign.hu\/termek\/szalmakalap-2\/#primaryimage","url":"https:\/\/matyodesign.hu\/wp-content\/uploads\/2024\/02\/szalmakalap_1-sq.webp","contentUrl":"https:\/\/matyodesign.hu\/wp-content\/uploads\/2024\/02\/szalmakalap_1-sq.webp","width":1000,"height":1000,"caption":"Szalmakalap, magyar n\u00e9pi mot\u00edvumos ruha"},{"@type":"BreadcrumbList","@id":"https:\/\/matyodesign.hu\/termek\/szalmakalap-2\/#breadcrumb","itemListElement":[{"@type":"ListItem","position":1,"name":"Kezd\u0151lap","item":"https:\/\/matyodesign.hu\/"},{"@type":"ListItem","position":2,"name":"Webshop","item":"https:\/\/matyodesign.hu\/webshop\/"},{"@type":"ListItem","position":3,"name":"SZALMAKALAP"}]},{"@type":"WebSite","@id":"https:\/\/matyodesign.hu\/#website","url":"https:\/\/matyodesign.hu\/","name":"matyodesign","description":"K\u00e9zzel. Szeretettel. Neked.","potentialAction":[{"@type":"SearchAction","target":{"@type":"EntryPoint","urlTemplate":"https:\/\/matyodesign.hu\/?s={search_term_string}"},"query-input":{"@type":"PropertyValueSpecification","valueRequired":true,"valueName":"search_term_string"}}],"inLanguage":"de"}]}},"_links":{"self":[{"href":"https:\/\/matyodesign.hu\/de\/wp-json\/wp\/v2\/product\/100456","targetHints":{"allow":["GET"]}}],"collection":[{"href":"https:\/\/matyodesign.hu\/de\/wp-json\/wp\/v2\/product"}],"about":[{"href":"https:\/\/matyodesign.hu\/de\/wp-json\/wp\/v2\/types\/product"}],"wp:featuredmedia":[{"embeddable":true,"href":"https:\/\/matyodesign.hu\/de\/wp-json\/wp\/v2\/media\/99436"}],"wp:attachment":[{"href":"https:\/\/matyodesign.hu\/de\/wp-json\/wp\/v2\/media?parent=100456"}],"wp:term":[{"taxonomy":"product_brand","embeddable":true,"href":"https:\/\/matyodesign.hu\/de\/wp-json\/wp\/v2\/product_brand?post=100456"},{"taxonomy":"product_cat","embeddable":true,"href":"https:\/\/matyodesign.hu\/de\/wp-json\/wp\/v2\/product_cat?post=100456"},{"taxonomy":"product_tag","embeddable":true,"href":"https:\/\/matyodesign.hu\/de\/wp-json\/wp\/v2\/product_tag?post=100456"}],"curies":[{"name":"wp","href":"https:\/\/api.w.org\/{rel}","templated":true}]}}