{"id":100474,"date":"2024-05-29T11:36:30","date_gmt":"2024-05-29T09:36:30","guid":{"rendered":"https:\/\/2024.matyodesign.hu\/?post_type=product&#038;p=100474"},"modified":"2025-09-26T11:00:15","modified_gmt":"2025-09-26T09:00:15","slug":"ferfi-pike-polo-7","status":"publish","type":"product","link":"https:\/\/matyodesign.hu\/de\/termek\/ferfi-pike-polo-7\/","title":{"rendered":"HERREN PIQU\u00c9-SHIRT"},"content":{"rendered":"<p class=\"\" data-start=\"21\" data-end=\"283\">Der <strong data-start=\"23\" data-end=\"40\">gall\u00e9ros p\u00f3l\u00f3<\/strong> vitathatatlan klasszikus, amely a casual f\u00e9rfi ruhat\u00e1r egyik elengedhetetlen alapdarabja. Ez a h\u00e1romgombos, puha gall\u00e9rral ell\u00e1tott fazon eleg\u00e1ns megjelen\u00e9st biztos\u00edt, mik\u00f6zben a test vonal\u00e1t enyh\u00e9n k\u00f6vet\u0151 szab\u00e1sa k\u00e9nyelmes viselett\u00e9 teszi.<\/p>\n<p class=\"\" data-start=\"285\" data-end=\"538\">Der <strong data-start=\"287\" data-end=\"301\">100% Baumwolle<\/strong> anyag garant\u00e1lja a l\u00e9g\u00e1tereszt\u0151, k\u00f6nnyed \u00e9rzetet, \u00edgy a p\u00f3l\u00f3 a ny\u00e1ri h\u00f3napokban is t\u00f6k\u00e9letes v\u00e1laszt\u00e1s. A rajta tal\u00e1lhat\u00f3 <strong data-start=\"424\" data-end=\"457\">t\u0171zmad\u00e1r \u00e9s z\u00f6ldike mot\u00edvumok<\/strong> k\u00e9zzel, szeretettel k\u00e9sz\u00fcltek, egyedi karaktert adva ennek a pr\u00e9mium darabnak.<\/p>\n<p class=\"\" data-start=\"540\" data-end=\"698\">Legyen sz\u00f3 h\u00e9tk\u00f6znapi viseletr\u0151l vagy laz\u00e1bb eleganci\u00e1t k\u00edv\u00e1n\u00f3 alkalmakr\u00f3l, ez a <strong data-start=\"621\" data-end=\"644\">f\u00e9rfi gall\u00e9ros p\u00f3l\u00f3<\/strong> mindig st\u00edlusos \u00e9s magabiztos megjelen\u00e9st biztos\u00edt.<\/p>\n<p class=\"\" data-start=\"700\" data-end=\"808\"><strong data-start=\"700\" data-end=\"720\">Materialzusammensetzung:<\/strong> 96 % Baumwolle, 4 % Elasthan<br data-start=\"743\" data-end=\"746\" \/><strong data-start=\"746\" data-end=\"766\">Mos\u00e1s \u00e9s \u00e1pol\u00e1s:<\/strong> 30 fokon mos\u00f3g\u00e9pben moshat\u00f3, vasalhat\u00f3.<\/p>\n<p data-start=\"700\" data-end=\"808\">N\u00e9zd meg a t\u00f6bbi f\u00e9rfi term\u00e9ket is: <a href=\"https:\/\/matyodesign.hu\/de\/product-category\/ferfiaknak\/\">https:\/\/matyodesign.hu\/product-category\/ferfiaknak\/<\/a><\/p>\n<p><strong>Wusstest du?<\/strong><\/p>\n<p>Unsere handgefertigten Produkte bieten Arbeit f\u00fcr 45 Frauen in Tardo, einem kleinen Dorf im Nordosten Ungarns. Die Mission von matyodesign besteht nicht nur darin, die Tradition am Leben zu erhalten, sondern sie auch auf hohem Niveau neu zu erschaffen, mit Blick auf die Einzigartigkeit und gleichzeitig unter Ber\u00fccksichtigung der Herausforderungen der Gegenwart.<br \/>\nWir haben die matyodesign-Community gegr\u00fcndet, nicht zu vergessen die Bestrebungen, die mit den Herausforderungen der heutigen Welt \u00fcbereinstimmen: Wir leben in einem ethischen Gesch\u00e4ftsmodell, Wertsch\u00f6pfung im Laufe der Zeit anstelle von Wegwerfprodukten und verantwortungsvolles Einkaufen und Nachhaltigkeit sind dar\u00fcber hinaus auch wichtige Teile unseres Ethos zur Weitergabe der Werte der Vergangenheit. Die Maty\u00f3-Stickerei wurde in die UNESCO-Liste des geistigen und kulturellen Erbes aufgenommen.<\/p>\n<p>Folge uns auch auf unserer Facebook-Seite:<span class=\"gmail-Apple-converted-space\">\u00a0<\/span><a href=\"https:\/\/www.facebook.com\/matyodesign\">https:\/\/www.facebook.com\/matyodesign<\/a><\/p>\n<p>Du findest uns auch auf Instagram:<span class=\"gmail-Apple-converted-space\">\u00a0<\/span><a href=\"https:\/\/www.instagram.com\/matyodesign\/\">https:\/\/www.instagram.com\/matyodesign\/<\/a><\/p>","protected":false},"excerpt":{"rendered":"<p>Ein Polo-Shirt ist ein Klassiker, den man in jeder l\u00e4ssigen Herrengarderobe finden kann. Das Shirt hat drei Kn\u00f6pfe, einen weichen Kragen und einen leicht taillierten Schnitt. Das Material, das man im Sommer hervorragend tragen kann, besteht aus 100% Baumwolle.<br \/>\nDie Stickereien auf der Brust wurden mit Liebe und in Handarbeit hergestellt.<\/p>","protected":false},"featured_media":99470,"template":"","meta":[],"product_brand":[],"product_cat":[299,582],"product_tag":[],"class_list":{"0":"post-100474","1":"product","2":"type-product","3":"status-publish","4":"has-post-thumbnail","6":"product_cat-ferfiaknak","7":"product_cat-outlet","9":"first","10":"instock","11":"sale","12":"shipping-taxable","13":"purchasable","14":"product-type-variable","15":"has-default-attributes"},"yoast_head":"<!-- This site is optimized with the Yoast SEO plugin v27.5 - https:\/\/yoast.com\/product\/yoast-seo-wordpress\/ -->\n<title>F\u00e9rfi, egyedi h\u00edmzett pik\u00e9 p\u00f3l\u00f3 \u2013 Matyodesign<\/title>\n<meta name=\"description\" content=\"Klasszikus f\u00e9rfi pik\u00e9 p\u00f3l\u00f3, puha gall\u00e9rral, h\u00edmzett t\u0171zmad\u00e1rral \u00e9s z\u00f6ldik\u00e9vel. K\u00f6nnyed, 100% pamut, ide\u00e1lis ny\u00e1ri viselet. V\u00e1s\u00e1rold meg most!\" \/>\n<meta name=\"robots\" content=\"index, follow, max-snippet:-1, max-image-preview:large, max-video-preview:-1\" \/>\n<link rel=\"canonical\" href=\"https:\/\/matyodesign.hu\/de\/termek\/herren-pique-shirt\/\" \/>\n<meta property=\"og:locale\" content=\"de_DE\" \/>\n<meta property=\"og:type\" content=\"article\" \/>\n<meta property=\"og:title\" content=\"F\u00e9rfi, egyedi h\u00edmzett pik\u00e9 p\u00f3l\u00f3 \u2013 Matyodesign\" \/>\n<meta property=\"og:description\" content=\"Klasszikus f\u00e9rfi pik\u00e9 p\u00f3l\u00f3, puha gall\u00e9rral, h\u00edmzett t\u0171zmad\u00e1rral \u00e9s z\u00f6ldik\u00e9vel. K\u00f6nnyed, 100% pamut, ide\u00e1lis ny\u00e1ri viselet. V\u00e1s\u00e1rold meg most!\" \/>\n<meta property=\"og:url\" content=\"https:\/\/matyodesign.hu\/de\/termek\/herren-pique-shirt\/\" \/>\n<meta property=\"og:site_name\" content=\"matyodesign\" \/>\n<meta property=\"article:modified_time\" content=\"2025-09-26T09:00:15+00:00\" \/>\n<meta property=\"og:image\" content=\"https:\/\/matyodesign.hu\/wp-content\/uploads\/2024\/02\/ferfi_pike_polo_01-sq.webp\" \/>\n\t<meta property=\"og:image:width\" content=\"1000\" \/>\n\t<meta property=\"og:image:height\" content=\"1000\" \/>\n\t<meta property=\"og:image:type\" content=\"image\/webp\" \/>\n<meta name=\"twitter:card\" content=\"summary_large_image\" \/>\n<meta name=\"twitter:label1\" content=\"Gesch\u00e4tzte Lesezeit\" \/>\n\t<meta name=\"twitter:data1\" content=\"2\u00a0Minuten\" \/>\n<script type=\"application\/ld+json\" class=\"yoast-schema-graph\">{\"@context\":\"https:\\\/\\\/schema.org\",\"@graph\":[{\"@type\":\"WebPage\",\"@id\":\"https:\\\/\\\/matyodesign.hu\\\/termek\\\/ferfi-pike-polo-7\\\/\",\"url\":\"https:\\\/\\\/matyodesign.hu\\\/termek\\\/ferfi-pike-polo-7\\\/\",\"name\":\"F\u00e9rfi, egyedi h\u00edmzett pik\u00e9 p\u00f3l\u00f3 \u2013 Matyodesign\",\"isPartOf\":{\"@id\":\"https:\\\/\\\/matyodesign.hu\\\/#website\"},\"primaryImageOfPage\":{\"@id\":\"https:\\\/\\\/matyodesign.hu\\\/termek\\\/ferfi-pike-polo-7\\\/#primaryimage\"},\"image\":{\"@id\":\"https:\\\/\\\/matyodesign.hu\\\/termek\\\/ferfi-pike-polo-7\\\/#primaryimage\"},\"thumbnailUrl\":\"https:\\\/\\\/matyodesign.hu\\\/wp-content\\\/uploads\\\/2024\\\/02\\\/ferfi_pike_polo_01-sq.webp\",\"datePublished\":\"2024-05-29T09:36:30+00:00\",\"dateModified\":\"2025-09-26T09:00:15+00:00\",\"description\":\"Klasszikus f\u00e9rfi pik\u00e9 p\u00f3l\u00f3, puha gall\u00e9rral, h\u00edmzett t\u0171zmad\u00e1rral \u00e9s z\u00f6ldik\u00e9vel. K\u00f6nnyed, 100% pamut, ide\u00e1lis ny\u00e1ri viselet. V\u00e1s\u00e1rold meg most!\",\"breadcrumb\":{\"@id\":\"https:\\\/\\\/matyodesign.hu\\\/termek\\\/ferfi-pike-polo-7\\\/#breadcrumb\"},\"inLanguage\":\"de\",\"potentialAction\":[{\"@type\":\"ReadAction\",\"target\":[\"https:\\\/\\\/matyodesign.hu\\\/termek\\\/ferfi-pike-polo-7\\\/\"]}]},{\"@type\":\"ImageObject\",\"inLanguage\":\"de\",\"@id\":\"https:\\\/\\\/matyodesign.hu\\\/termek\\\/ferfi-pike-polo-7\\\/#primaryimage\",\"url\":\"https:\\\/\\\/matyodesign.hu\\\/wp-content\\\/uploads\\\/2024\\\/02\\\/ferfi_pike_polo_01-sq.webp\",\"contentUrl\":\"https:\\\/\\\/matyodesign.hu\\\/wp-content\\\/uploads\\\/2024\\\/02\\\/ferfi_pike_polo_01-sq.webp\",\"width\":1000,\"height\":1000,\"caption\":\"Pik\u00e9 p\u00f3l\u00f3, maty\u00f3 h\u00edmz\u00e9ses ruhanem\u0171\"},{\"@type\":\"BreadcrumbList\",\"@id\":\"https:\\\/\\\/matyodesign.hu\\\/termek\\\/ferfi-pike-polo-7\\\/#breadcrumb\",\"itemListElement\":[{\"@type\":\"ListItem\",\"position\":1,\"name\":\"Kezd\u0151lap\",\"item\":\"https:\\\/\\\/matyodesign.hu\\\/\"},{\"@type\":\"ListItem\",\"position\":2,\"name\":\"Webshop\",\"item\":\"https:\\\/\\\/matyodesign.hu\\\/webshop\\\/\"},{\"@type\":\"ListItem\",\"position\":3,\"name\":\"F\u00c9RFI PIK\u00c9 P\u00d3L\u00d3\"}]},{\"@type\":\"WebSite\",\"@id\":\"https:\\\/\\\/matyodesign.hu\\\/#website\",\"url\":\"https:\\\/\\\/matyodesign.hu\\\/\",\"name\":\"matyodesign\",\"description\":\"K\u00e9zzel. Szeretettel. Neked.\",\"potentialAction\":[{\"@type\":\"SearchAction\",\"target\":{\"@type\":\"EntryPoint\",\"urlTemplate\":\"https:\\\/\\\/matyodesign.hu\\\/?s={search_term_string}\"},\"query-input\":{\"@type\":\"PropertyValueSpecification\",\"valueRequired\":true,\"valueName\":\"search_term_string\"}}],\"inLanguage\":\"de\"}]}<\/script>\n<!-- \/ Yoast SEO plugin. -->","yoast_head_json":{"title":"F\u00e9rfi, egyedi h\u00edmzett pik\u00e9 p\u00f3l\u00f3 \u2013 Matyodesign","description":"Klasszikus f\u00e9rfi pik\u00e9 p\u00f3l\u00f3, puha gall\u00e9rral, h\u00edmzett t\u0171zmad\u00e1rral \u00e9s z\u00f6ldik\u00e9vel. K\u00f6nnyed, 100% pamut, ide\u00e1lis ny\u00e1ri viselet. V\u00e1s\u00e1rold meg most!","robots":{"index":"index","follow":"follow","max-snippet":"max-snippet:-1","max-image-preview":"max-image-preview:large","max-video-preview":"max-video-preview:-1"},"canonical":"https:\/\/matyodesign.hu\/de\/termek\/herren-pique-shirt\/","og_locale":"de_DE","og_type":"article","og_title":"F\u00e9rfi, egyedi h\u00edmzett pik\u00e9 p\u00f3l\u00f3 \u2013 Matyodesign","og_description":"Klasszikus f\u00e9rfi pik\u00e9 p\u00f3l\u00f3, puha gall\u00e9rral, h\u00edmzett t\u0171zmad\u00e1rral \u00e9s z\u00f6ldik\u00e9vel. K\u00f6nnyed, 100% pamut, ide\u00e1lis ny\u00e1ri viselet. V\u00e1s\u00e1rold meg most!","og_url":"https:\/\/matyodesign.hu\/de\/termek\/herren-pique-shirt\/","og_site_name":"matyodesign","article_modified_time":"2025-09-26T09:00:15+00:00","og_image":[{"width":1000,"height":1000,"url":"https:\/\/matyodesign.hu\/wp-content\/uploads\/2024\/02\/ferfi_pike_polo_01-sq.webp","type":"image\/webp"}],"twitter_card":"summary_large_image","twitter_misc":{"Gesch\u00e4tzte Lesezeit":"2\u00a0Minuten"},"schema":{"@context":"https:\/\/schema.org","@graph":[{"@type":"WebPage","@id":"https:\/\/matyodesign.hu\/termek\/ferfi-pike-polo-7\/","url":"https:\/\/matyodesign.hu\/termek\/ferfi-pike-polo-7\/","name":"F\u00e9rfi, egyedi h\u00edmzett pik\u00e9 p\u00f3l\u00f3 \u2013 Matyodesign","isPartOf":{"@id":"https:\/\/matyodesign.hu\/#website"},"primaryImageOfPage":{"@id":"https:\/\/matyodesign.hu\/termek\/ferfi-pike-polo-7\/#primaryimage"},"image":{"@id":"https:\/\/matyodesign.hu\/termek\/ferfi-pike-polo-7\/#primaryimage"},"thumbnailUrl":"https:\/\/matyodesign.hu\/wp-content\/uploads\/2024\/02\/ferfi_pike_polo_01-sq.webp","datePublished":"2024-05-29T09:36:30+00:00","dateModified":"2025-09-26T09:00:15+00:00","description":"Klasszikus f\u00e9rfi pik\u00e9 p\u00f3l\u00f3, puha gall\u00e9rral, h\u00edmzett t\u0171zmad\u00e1rral \u00e9s z\u00f6ldik\u00e9vel. K\u00f6nnyed, 100% pamut, ide\u00e1lis ny\u00e1ri viselet. V\u00e1s\u00e1rold meg most!","breadcrumb":{"@id":"https:\/\/matyodesign.hu\/termek\/ferfi-pike-polo-7\/#breadcrumb"},"inLanguage":"de","potentialAction":[{"@type":"ReadAction","target":["https:\/\/matyodesign.hu\/termek\/ferfi-pike-polo-7\/"]}]},{"@type":"ImageObject","inLanguage":"de","@id":"https:\/\/matyodesign.hu\/termek\/ferfi-pike-polo-7\/#primaryimage","url":"https:\/\/matyodesign.hu\/wp-content\/uploads\/2024\/02\/ferfi_pike_polo_01-sq.webp","contentUrl":"https:\/\/matyodesign.hu\/wp-content\/uploads\/2024\/02\/ferfi_pike_polo_01-sq.webp","width":1000,"height":1000,"caption":"Pik\u00e9 p\u00f3l\u00f3, maty\u00f3 h\u00edmz\u00e9ses ruhanem\u0171"},{"@type":"BreadcrumbList","@id":"https:\/\/matyodesign.hu\/termek\/ferfi-pike-polo-7\/#breadcrumb","itemListElement":[{"@type":"ListItem","position":1,"name":"Kezd\u0151lap","item":"https:\/\/matyodesign.hu\/"},{"@type":"ListItem","position":2,"name":"Webshop","item":"https:\/\/matyodesign.hu\/webshop\/"},{"@type":"ListItem","position":3,"name":"F\u00c9RFI PIK\u00c9 P\u00d3L\u00d3"}]},{"@type":"WebSite","@id":"https:\/\/matyodesign.hu\/#website","url":"https:\/\/matyodesign.hu\/","name":"matyodesign","description":"K\u00e9zzel. Szeretettel. Neked.","potentialAction":[{"@type":"SearchAction","target":{"@type":"EntryPoint","urlTemplate":"https:\/\/matyodesign.hu\/?s={search_term_string}"},"query-input":{"@type":"PropertyValueSpecification","valueRequired":true,"valueName":"search_term_string"}}],"inLanguage":"de"}]}},"_links":{"self":[{"href":"https:\/\/matyodesign.hu\/de\/wp-json\/wp\/v2\/product\/100474","targetHints":{"allow":["GET"]}}],"collection":[{"href":"https:\/\/matyodesign.hu\/de\/wp-json\/wp\/v2\/product"}],"about":[{"href":"https:\/\/matyodesign.hu\/de\/wp-json\/wp\/v2\/types\/product"}],"wp:featuredmedia":[{"embeddable":true,"href":"https:\/\/matyodesign.hu\/de\/wp-json\/wp\/v2\/media\/99470"}],"wp:attachment":[{"href":"https:\/\/matyodesign.hu\/de\/wp-json\/wp\/v2\/media?parent=100474"}],"wp:term":[{"taxonomy":"product_brand","embeddable":true,"href":"https:\/\/matyodesign.hu\/de\/wp-json\/wp\/v2\/product_brand?post=100474"},{"taxonomy":"product_cat","embeddable":true,"href":"https:\/\/matyodesign.hu\/de\/wp-json\/wp\/v2\/product_cat?post=100474"},{"taxonomy":"product_tag","embeddable":true,"href":"https:\/\/matyodesign.hu\/de\/wp-json\/wp\/v2\/product_tag?post=100474"}],"curies":[{"name":"wp","href":"https:\/\/api.w.org\/{rel}","templated":true}]}}