{"id":100552,"date":"2024-05-29T11:41:21","date_gmt":"2024-05-29T09:41:21","guid":{"rendered":"https:\/\/2024.matyodesign.hu\/?post_type=product&#038;p=100552"},"modified":"2026-02-10T10:59:29","modified_gmt":"2026-02-10T09:59:29","slug":"megkotos-polo-7","status":"publish","type":"product","link":"https:\/\/matyodesign.hu\/de\/produkt\/t-shirt-with-knoten\/","title":{"rendered":"T-SHIRT WITH KNOTEN"},"content":{"rendered":"<h4 data-start=\"123\" data-end=\"185\"><strong data-start=\"127\" data-end=\"183\">Megk\u00f6t\u0151s p\u00f3l\u00f3 \u2013 k\u00e9nyelmes, n\u0151ies \u00e9s egyedi h\u00edmz\u00e9ssel<\/strong><\/h4>\n<p data-start=\"187\" data-end=\"523\">Fedezd fel a matyodesign \u00faj <strong data-start=\"215\" data-end=\"235\">megk\u00f6t\u0151s p\u00f3l\u00f3j\u00e1t<\/strong>, amely a m\u00e1r j\u00f3l ismert lezser bl\u00fazunk p\u00f3l\u00f3 v\u00e1ltozata. A <strong data-start=\"293\" data-end=\"321\">96% pamut \u00e9s 4% elaszt\u00e1n<\/strong> kever\u00e9k\u00e9nek k\u00f6sz\u00f6nhet\u0151en rendk\u00edv\u00fcl <strong data-start=\"357\" data-end=\"370\">k\u00e9nyelmes<\/strong>, mik\u00f6zben biztos\u00edtja a mozg\u00e1s szabads\u00e1g\u00e1t. Ez a <strong data-start=\"416\" data-end=\"434\">fazon<\/strong> nemcsak st\u00edlusos, hanem lehet\u0151s\u00e9get ad arra is, hogy alakodhoz igaz\u00edtsd a p\u00f3l\u00f3 es\u00e9s\u00e9t.<\/p>\n<h4 data-start=\"525\" data-end=\"562\"><strong data-start=\"530\" data-end=\"560\">Mi\u00e9rt im\u00e1djuk ezt a p\u00f3l\u00f3t?<\/strong><\/h4>\n<ul>\n<li data-start=\"563\" data-end=\"845\"><strong data-start=\"565\" data-end=\"589\">L\u00e9gies \u00e9s puha anyag<\/strong> \u2013 eg\u00e9sz nap kellemes viseletet ny\u00fajt.<\/li>\n<li data-start=\"563\" data-end=\"845\"><strong data-start=\"632\" data-end=\"655\">Egyedi maty\u00f3 h\u00edmz\u00e9s<\/strong> \u2013 k\u00e9zzel k\u00e9sz\u00edtett d\u00edsz\u00edt\u00e9s teszi k\u00fcl\u00f6nlegess\u00e9.<\/li>\n<li data-start=\"563\" data-end=\"845\"><strong data-start=\"708\" data-end=\"727\">Megk\u00f6t\u0151s design<\/strong> \u2013 j\u00e1t\u00e9kos, n\u0151ies \u00e9s alakform\u00e1l\u00f3.<\/li>\n<li data-start=\"563\" data-end=\"845\"><strong data-start=\"765\" data-end=\"797\">Minden testalkaton j\u00f3l mutat<\/strong> \u2013 lezser szab\u00e1sa miatt univerz\u00e1lisan j\u00f3l \u00e1ll.<\/li>\n<\/ul>\n<p data-start=\"847\" data-end=\"1048\">A p\u00f3l\u00f3 <strong data-start=\"854\" data-end=\"880\">S\/M \u00e9s L\/XL m\u00e9retekben<\/strong> \u00e9rhet\u0151 el. R\u00e9szletes m\u00e9rett\u00e1bl\u00e1zat\u00e9rt \u00e9s tov\u00e1bbi inform\u00e1ci\u00f3\u00e9rt l\u00e1togass el webshopunkba: <a href=\"https:\/\/matyodesign.hu\/de\/produkt\/t-shirt-with-knoten\/\" target=\"_new\" rel=\"noopener\" data-start=\"970\" data-end=\"1045\">matyodesign megk\u00f6t\u0151s p\u00f3l\u00f3<\/a>.<\/p>\n<h4 data-start=\"1050\" data-end=\"1083\"><strong data-start=\"1054\" data-end=\"1081\">A matyodesign k\u00fcldet\u00e9se<\/strong><\/h4>\n<p data-start=\"1084\" data-end=\"1384\">A Matyodesign c\u00e9lja, hogy \u00f6tv\u00f6zze a hagyom\u00e1nyos maty\u00f3 h\u00edmz\u00e9st a modern divattal. <strong data-start=\"1165\" data-end=\"1256\">Minden egyes k\u00e9zzel h\u00edmzett darab egyedi, \u00e9s a tardi asszonyok prec\u00edz munk\u00e1j\u00e1t dics\u00e9ri.<\/strong> Fenntarthat\u00f3 szeml\u00e9let\u00fcnknek k\u00f6sz\u00f6nhet\u0151en id\u0151t\u00e1ll\u00f3 \u00e9s min\u0151s\u00e9gi ruh\u00e1kat k\u00e9sz\u00edt\u00fcnk, amelyek gener\u00e1ci\u00f3kon \u00e1t meg\u0151rzik \u00e9rt\u00e9k\u00fcket.<\/p>\n<p data-start=\"1084\" data-end=\"1384\">Unsere handgefertigten Produkte bieten Arbeit f\u00fcr 45 Frauen in Tardo, einem kleinen Dorf im Nordosten Ungarns. Die Mission von matyodesign besteht nicht nur darin, die Tradition am Leben zu erhalten, sondern sie auch auf hohem Niveau neu zu erschaffen, mit Blick auf die Einzigartigkeit und gleichzeitig unter Ber\u00fccksichtigung der Herausforderungen der Gegenwart.<\/p>\n<p data-start=\"1084\" data-end=\"1384\">Wir haben die matyodesign-Community gegr\u00fcndet, nicht zu vergessen die Bestrebungen, die mit den Herausforderungen der heutigen Welt \u00fcbereinstimmen: Wir leben in einem ethischen Gesch\u00e4ftsmodell, Wertsch\u00f6pfung im Laufe der Zeit anstelle von Wegwerfprodukten und verantwortungsvolles Einkaufen und Nachhaltigkeit sind dar\u00fcber hinaus auch wichtige Teile unseres Ethos zur Weitergabe der Werte der Vergangenheit. Die Maty\u00f3-Stickerei wurde in die UNESCO-Liste des geistigen und kulturellen Erbes aufgenommen.<\/p>\n<p data-start=\"1386\" data-end=\"1474\">Fedezd fel tov\u00e1bbi term\u00e9keinket is<strong data-start=\"1386\" data-end=\"1425\">:<\/strong> <a href=\"https:\/\/matyodesign.hu\/de\/\" target=\"_new\" rel=\"noopener\" data-start=\"1426\" data-end=\"1471\">matyodesign webshop<\/a>.<\/p>\n<p>Folge uns auch auf unserer Facebook-Seite: <a href=\"https:\/\/www.facebook.com\/matyodesign\">https:\/\/www.facebook.com\/matyodesign<\/a><\/p>\n<p>Du findest uns auch auf Instagram: <a href=\"https:\/\/www.instagram.com\/matyodesign\/\">https:\/\/www.instagram.com\/matyodesign\/<\/a><\/p>","protected":false},"excerpt":{"rendered":"<p>Unser neues Produkt f\u00fcr den Sommer ist die T-Shirt-Version unserer bereits erfolgreichen lose Bluse. Es ist aus einer tollen Mischung aus Baumwolle und etwas Elasthan, so dass es nicht nur bequem ist, sondern auch die Bewegungsfreiheit f\u00f6rdert. Der Knoten macht das Produkt stilvoll, aber die handgefertigte Stickerei verleiht ihm einen einzigartigen und handwerklichen Charakter. Dank seiner lockeren Passform ist es f\u00fcr jeden tragbar. Ein unverzichtbares Kleidungsst\u00fcck.<\/p>","protected":false},"featured_media":100830,"template":"","meta":[],"product_brand":[],"product_cat":[582],"product_tag":[],"class_list":{"0":"post-100552","1":"product","2":"type-product","3":"status-publish","4":"has-post-thumbnail","6":"product_cat-outlet","8":"first","9":"instock","10":"sale","11":"shipping-taxable","12":"purchasable","13":"product-type-variable","14":"has-default-attributes"},"yoast_head":"<!-- This site is optimized with the Yoast SEO plugin v27.0 - https:\/\/yoast.com\/product\/yoast-seo-wordpress\/ -->\n<title>Megk\u00f6t\u0151s h\u00edmzett, maty\u00f3, egyedi p\u00f3l\u00f3 \u2013 Matyodesign<\/title>\n<meta name=\"description\" content=\"K\u00e9nyelmes, h\u00edmzett, egyedi megk\u00f6t\u0151s p\u00f3l\u00f3, amely st\u00edlust \u00e9s mozg\u00e1sszabads\u00e1got biztos\u00edt. Ide\u00e1lis v\u00e1laszt\u00e1s minden testalkatra, k\u00e9zzel k\u00e9sz\u00fclt r\u00e9szletekkel.\" \/>\n<meta name=\"robots\" content=\"index, follow, max-snippet:-1, max-image-preview:large, max-video-preview:-1\" \/>\n<link rel=\"canonical\" href=\"https:\/\/matyodesign.hu\/de\/produkt\/t-shirt-with-knoten\/\" \/>\n<meta property=\"og:locale\" content=\"de_DE\" \/>\n<meta property=\"og:type\" content=\"article\" \/>\n<meta property=\"og:title\" content=\"Megk\u00f6t\u0151s h\u00edmzett, maty\u00f3, egyedi p\u00f3l\u00f3 \u2013 Matyodesign\" \/>\n<meta property=\"og:description\" content=\"K\u00e9nyelmes, h\u00edmzett, egyedi megk\u00f6t\u0151s p\u00f3l\u00f3, amely st\u00edlust \u00e9s mozg\u00e1sszabads\u00e1got biztos\u00edt. Ide\u00e1lis v\u00e1laszt\u00e1s minden testalkatra, k\u00e9zzel k\u00e9sz\u00fclt r\u00e9szletekkel.\" \/>\n<meta property=\"og:url\" content=\"https:\/\/matyodesign.hu\/de\/produkt\/t-shirt-with-knoten\/\" \/>\n<meta property=\"og:site_name\" content=\"matyodesign\" \/>\n<meta property=\"article:modified_time\" content=\"2026-02-10T09:59:29+00:00\" \/>\n<meta property=\"og:image\" content=\"https:\/\/matyodesign.hu\/wp-content\/uploads\/2024\/08\/megkotos_fekete_2-scaled-1.webp\" \/>\n\t<meta property=\"og:image:width\" content=\"2560\" \/>\n\t<meta property=\"og:image:height\" content=\"2560\" \/>\n\t<meta property=\"og:image:type\" content=\"image\/webp\" \/>\n<meta name=\"twitter:card\" content=\"summary_large_image\" \/>\n<meta name=\"twitter:label1\" content=\"Gesch\u00e4tzte Lesezeit\" \/>\n\t<meta name=\"twitter:data1\" content=\"2\u00a0Minuten\" \/>\n<script type=\"application\/ld+json\" class=\"yoast-schema-graph\">{\"@context\":\"https:\/\/schema.org\",\"@graph\":[{\"@type\":\"WebPage\",\"@id\":\"https:\/\/matyodesign.hu\/termek\/megkotos-polo-7\/\",\"url\":\"https:\/\/matyodesign.hu\/termek\/megkotos-polo-7\/\",\"name\":\"Megk\u00f6t\u0151s h\u00edmzett, maty\u00f3, egyedi p\u00f3l\u00f3 \u2013 Matyodesign\",\"isPartOf\":{\"@id\":\"https:\/\/matyodesign.hu\/#website\"},\"primaryImageOfPage\":{\"@id\":\"https:\/\/matyodesign.hu\/termek\/megkotos-polo-7\/#primaryimage\"},\"image\":{\"@id\":\"https:\/\/matyodesign.hu\/termek\/megkotos-polo-7\/#primaryimage\"},\"thumbnailUrl\":\"https:\/\/matyodesign.hu\/wp-content\/uploads\/2024\/08\/megkotos_fekete_2-scaled-1.webp\",\"datePublished\":\"2024-05-29T09:41:21+00:00\",\"dateModified\":\"2026-02-10T09:59:29+00:00\",\"description\":\"K\u00e9nyelmes, h\u00edmzett, egyedi megk\u00f6t\u0151s p\u00f3l\u00f3, amely st\u00edlust \u00e9s mozg\u00e1sszabads\u00e1got biztos\u00edt. Ide\u00e1lis v\u00e1laszt\u00e1s minden testalkatra, k\u00e9zzel k\u00e9sz\u00fclt r\u00e9szletekkel.\",\"breadcrumb\":{\"@id\":\"https:\/\/matyodesign.hu\/termek\/megkotos-polo-7\/#breadcrumb\"},\"inLanguage\":\"de\",\"potentialAction\":[{\"@type\":\"ReadAction\",\"target\":[\"https:\/\/matyodesign.hu\/termek\/megkotos-polo-7\/\"]}]},{\"@type\":\"ImageObject\",\"inLanguage\":\"de\",\"@id\":\"https:\/\/matyodesign.hu\/termek\/megkotos-polo-7\/#primaryimage\",\"url\":\"https:\/\/matyodesign.hu\/wp-content\/uploads\/2024\/08\/megkotos_fekete_2-scaled-1.webp\",\"contentUrl\":\"https:\/\/matyodesign.hu\/wp-content\/uploads\/2024\/08\/megkotos_fekete_2-scaled-1.webp\",\"width\":2560,\"height\":2560,\"caption\":\"P\u00f3l\u00f3 megk\u00f6t\u0151s fekete, maty\u00f3 mint\u00e1s fels\u0151\"},{\"@type\":\"BreadcrumbList\",\"@id\":\"https:\/\/matyodesign.hu\/termek\/megkotos-polo-7\/#breadcrumb\",\"itemListElement\":[{\"@type\":\"ListItem\",\"position\":1,\"name\":\"Kezd\u0151lap\",\"item\":\"https:\/\/matyodesign.hu\/\"},{\"@type\":\"ListItem\",\"position\":2,\"name\":\"Webshop\",\"item\":\"https:\/\/matyodesign.hu\/webshop\/\"},{\"@type\":\"ListItem\",\"position\":3,\"name\":\"MEGK\u00d6T\u0150S P\u00d3L\u00d3\"}]},{\"@type\":\"WebSite\",\"@id\":\"https:\/\/matyodesign.hu\/#website\",\"url\":\"https:\/\/matyodesign.hu\/\",\"name\":\"matyodesign\",\"description\":\"K\u00e9zzel. Szeretettel. Neked.\",\"potentialAction\":[{\"@type\":\"SearchAction\",\"target\":{\"@type\":\"EntryPoint\",\"urlTemplate\":\"https:\/\/matyodesign.hu\/?s={search_term_string}\"},\"query-input\":{\"@type\":\"PropertyValueSpecification\",\"valueRequired\":true,\"valueName\":\"search_term_string\"}}],\"inLanguage\":\"de\"}]}<\/script>\n<!-- \/ Yoast SEO plugin. -->","yoast_head_json":{"title":"Megk\u00f6t\u0151s h\u00edmzett, maty\u00f3, egyedi p\u00f3l\u00f3 \u2013 Matyodesign","description":"K\u00e9nyelmes, h\u00edmzett, egyedi megk\u00f6t\u0151s p\u00f3l\u00f3, amely st\u00edlust \u00e9s mozg\u00e1sszabads\u00e1got biztos\u00edt. Ide\u00e1lis v\u00e1laszt\u00e1s minden testalkatra, k\u00e9zzel k\u00e9sz\u00fclt r\u00e9szletekkel.","robots":{"index":"index","follow":"follow","max-snippet":"max-snippet:-1","max-image-preview":"max-image-preview:large","max-video-preview":"max-video-preview:-1"},"canonical":"https:\/\/matyodesign.hu\/de\/produkt\/t-shirt-with-knoten\/","og_locale":"de_DE","og_type":"article","og_title":"Megk\u00f6t\u0151s h\u00edmzett, maty\u00f3, egyedi p\u00f3l\u00f3 \u2013 Matyodesign","og_description":"K\u00e9nyelmes, h\u00edmzett, egyedi megk\u00f6t\u0151s p\u00f3l\u00f3, amely st\u00edlust \u00e9s mozg\u00e1sszabads\u00e1got biztos\u00edt. Ide\u00e1lis v\u00e1laszt\u00e1s minden testalkatra, k\u00e9zzel k\u00e9sz\u00fclt r\u00e9szletekkel.","og_url":"https:\/\/matyodesign.hu\/de\/produkt\/t-shirt-with-knoten\/","og_site_name":"matyodesign","article_modified_time":"2026-02-10T09:59:29+00:00","og_image":[{"width":2560,"height":2560,"url":"https:\/\/matyodesign.hu\/wp-content\/uploads\/2024\/08\/megkotos_fekete_2-scaled-1.webp","type":"image\/webp"}],"twitter_card":"summary_large_image","twitter_misc":{"Gesch\u00e4tzte Lesezeit":"2\u00a0Minuten"},"schema":{"@context":"https:\/\/schema.org","@graph":[{"@type":"WebPage","@id":"https:\/\/matyodesign.hu\/termek\/megkotos-polo-7\/","url":"https:\/\/matyodesign.hu\/termek\/megkotos-polo-7\/","name":"Megk\u00f6t\u0151s h\u00edmzett, maty\u00f3, egyedi p\u00f3l\u00f3 \u2013 Matyodesign","isPartOf":{"@id":"https:\/\/matyodesign.hu\/#website"},"primaryImageOfPage":{"@id":"https:\/\/matyodesign.hu\/termek\/megkotos-polo-7\/#primaryimage"},"image":{"@id":"https:\/\/matyodesign.hu\/termek\/megkotos-polo-7\/#primaryimage"},"thumbnailUrl":"https:\/\/matyodesign.hu\/wp-content\/uploads\/2024\/08\/megkotos_fekete_2-scaled-1.webp","datePublished":"2024-05-29T09:41:21+00:00","dateModified":"2026-02-10T09:59:29+00:00","description":"K\u00e9nyelmes, h\u00edmzett, egyedi megk\u00f6t\u0151s p\u00f3l\u00f3, amely st\u00edlust \u00e9s mozg\u00e1sszabads\u00e1got biztos\u00edt. Ide\u00e1lis v\u00e1laszt\u00e1s minden testalkatra, k\u00e9zzel k\u00e9sz\u00fclt r\u00e9szletekkel.","breadcrumb":{"@id":"https:\/\/matyodesign.hu\/termek\/megkotos-polo-7\/#breadcrumb"},"inLanguage":"de","potentialAction":[{"@type":"ReadAction","target":["https:\/\/matyodesign.hu\/termek\/megkotos-polo-7\/"]}]},{"@type":"ImageObject","inLanguage":"de","@id":"https:\/\/matyodesign.hu\/termek\/megkotos-polo-7\/#primaryimage","url":"https:\/\/matyodesign.hu\/wp-content\/uploads\/2024\/08\/megkotos_fekete_2-scaled-1.webp","contentUrl":"https:\/\/matyodesign.hu\/wp-content\/uploads\/2024\/08\/megkotos_fekete_2-scaled-1.webp","width":2560,"height":2560,"caption":"P\u00f3l\u00f3 megk\u00f6t\u0151s fekete, maty\u00f3 mint\u00e1s fels\u0151"},{"@type":"BreadcrumbList","@id":"https:\/\/matyodesign.hu\/termek\/megkotos-polo-7\/#breadcrumb","itemListElement":[{"@type":"ListItem","position":1,"name":"Kezd\u0151lap","item":"https:\/\/matyodesign.hu\/"},{"@type":"ListItem","position":2,"name":"Webshop","item":"https:\/\/matyodesign.hu\/webshop\/"},{"@type":"ListItem","position":3,"name":"MEGK\u00d6T\u0150S P\u00d3L\u00d3"}]},{"@type":"WebSite","@id":"https:\/\/matyodesign.hu\/#website","url":"https:\/\/matyodesign.hu\/","name":"matyodesign","description":"K\u00e9zzel. Szeretettel. Neked.","potentialAction":[{"@type":"SearchAction","target":{"@type":"EntryPoint","urlTemplate":"https:\/\/matyodesign.hu\/?s={search_term_string}"},"query-input":{"@type":"PropertyValueSpecification","valueRequired":true,"valueName":"search_term_string"}}],"inLanguage":"de"}]}},"_links":{"self":[{"href":"https:\/\/matyodesign.hu\/de\/wp-json\/wp\/v2\/product\/100552","targetHints":{"allow":["GET"]}}],"collection":[{"href":"https:\/\/matyodesign.hu\/de\/wp-json\/wp\/v2\/product"}],"about":[{"href":"https:\/\/matyodesign.hu\/de\/wp-json\/wp\/v2\/types\/product"}],"wp:featuredmedia":[{"embeddable":true,"href":"https:\/\/matyodesign.hu\/de\/wp-json\/wp\/v2\/media\/100830"}],"wp:attachment":[{"href":"https:\/\/matyodesign.hu\/de\/wp-json\/wp\/v2\/media?parent=100552"}],"wp:term":[{"taxonomy":"product_brand","embeddable":true,"href":"https:\/\/matyodesign.hu\/de\/wp-json\/wp\/v2\/product_brand?post=100552"},{"taxonomy":"product_cat","embeddable":true,"href":"https:\/\/matyodesign.hu\/de\/wp-json\/wp\/v2\/product_cat?post=100552"},{"taxonomy":"product_tag","embeddable":true,"href":"https:\/\/matyodesign.hu\/de\/wp-json\/wp\/v2\/product_tag?post=100552"}],"curies":[{"name":"wp","href":"https:\/\/api.w.org\/{rel}","templated":true}]}}