{"id":100842,"date":"2024-08-11T11:46:00","date_gmt":"2024-08-11T09:46:00","guid":{"rendered":"https:\/\/2024.matyodesign.hu\/?post_type=product&#038;p=100842"},"modified":"2026-02-16T10:31:24","modified_gmt":"2026-02-16T09:31:24","slug":"halos-szatyor","status":"publish","type":"product","link":"https:\/\/matyodesign.hu\/de\/produkt\/halos-szatyor\/","title":{"rendered":"TASCHE"},"content":{"rendered":"<h4 data-start=\"74\" data-end=\"147\"><strong data-start=\"78\" data-end=\"147\">Matyodesign h\u00e1l\u00f3s szatyor \u2013 fenntarthat\u00f3 v\u00e1laszt\u00e1s a mindennapokra<\/strong><\/h4>\n<p data-start=\"149\" data-end=\"498\">V\u00e1lts a k\u00f6rnyezetbar\u00e1t megold\u00e1sokra a <strong>matyodesign h\u00e1l\u00f3s szatyor<\/strong> seg\u00edts\u00e9g\u00e9vel, \u00e9s hagyd magad m\u00f6g\u00f6tt a m\u0171anyag zacsk\u00f3kat! A <strong data-start=\"275\" data-end=\"299\">100% organikus pamut<\/strong> anyagnak k\u00f6sz\u00f6nhet\u0151en nemcsak <strong data-start=\"330\" data-end=\"348\">k\u00f6rnyezetbar\u00e1t<\/strong>, de k\u00e9nyelmes \u00e9s tart\u00f3s is. Az egyszer\u0171, praktikus kialak\u00edt\u00e1s minden alkalomra ide\u00e1lis, legyen sz\u00f3 v\u00e1s\u00e1rl\u00e1sr\u00f3l, strandol\u00e1sr\u00f3l vagy napi haszn\u00e1latr\u00f3l.<\/p>\n<ul>\n<li data-start=\"500\" data-end=\"1042\"><strong data-start=\"503\" data-end=\"525\">Fenntarthat\u00f3 anyag<\/strong> \u2013 a <strong data-start=\"530\" data-end=\"554\">100% organikus pamut<\/strong> biztos\u00edtja, hogy a szatyor tart\u00f3s, k\u00f6rnyezetbar\u00e1t \u00e9s \u00fajrahaszn\u00e1lhat\u00f3 legyen.<\/li>\n<li data-start=\"500\" data-end=\"1042\"><strong data-start=\"637\" data-end=\"655\">K\u00f6nny\u0171 \u00e9s er\u0151s<\/strong> \u2013 a <strong data-start=\"660\" data-end=\"682\">6 kg-os teherb\u00edr\u00e1s<\/strong> lehet\u0151v\u00e9 teszi, hogy nagyobb mennyis\u00e9g\u0171 term\u00e9ket is sz\u00e1ll\u00edthass benne an\u00e9lk\u00fcl, hogy agg\u00f3dnod kellene a szakad\u00e1s miatt.<\/li>\n<li data-start=\"500\" data-end=\"1042\"><strong data-start=\"807\" data-end=\"836\">Praktikus m\u00e9ret \u00e9s design<\/strong> \u2013 a szatyor <strong data-start=\"849\" data-end=\"866\">34 x 34 cm-es<\/strong>, a <strong data-start=\"870\" data-end=\"892\">f\u00fclek hossza 36 cm<\/strong>, \u00edgy k\u00e9nyelmesen hordozhat\u00f3.<\/li>\n<li data-start=\"500\" data-end=\"1042\"><strong data-start=\"927\" data-end=\"937\">Sz\u00ednek<\/strong> \u2013 el\u00e9rhet\u0151 <strong data-start=\"949\" data-end=\"956\">Blau<\/strong>, <strong data-start=\"958\" data-end=\"967\">Ocker<\/strong>, <strong data-start=\"969\" data-end=\"978\">t\u00e9gla, fekete<\/strong> \u00e9s <strong data-start=\"982\" data-end=\"992\">T\u00fcrkis<\/strong> sz\u00ednekben, hogy b\u00e1rmilyen st\u00edlushoz passzoljon.<\/li>\n<\/ul>\n<p data-start=\"1044\" data-end=\"1221\">Der <strong>matyodesign h\u00e1l\u00f3s szatyor<\/strong> nemcsak praktikus \u00e9s st\u00edlusos, hanem egy fenntarthat\u00f3 megold\u00e1s is a mindennapokban. V\u00e1laszd ezt a szatyrot, \u00e9s cs\u00f6kkentsd a m\u0171anyag felhaszn\u00e1l\u00e1st!<\/p>\n<p data-start=\"1223\" data-end=\"1252\"><strong data-start=\"1226\" data-end=\"1250\">\u00c4hnliche Produkte:<\/strong><\/p>\n<ul data-start=\"1253\" data-end=\"1319\">\n<li data-start=\"1253\" data-end=\"1287\"><a href=\"https:\/\/matyodesign.hu\/de\/shop\/\">matyodesign sz\u00edv p\u00f3l\u00f3<\/a><\/li>\n<\/ul>\n<p><strong>Wo Stil auf Tradition trifft<\/strong><br \/>\nDie matyodesign-Produkte bewahren nicht nur Traditionen, sondern vertreten auch einen modernen, umweltbewussten Ansatz. Mit deinem Kauf bereicherst du nicht nur deine Sammlung mit einem sch\u00f6nen Accessoire, sondern unterst\u00fctzt auch eine ungarische Handwerkergemeinschaft.<\/p>\n<p>Egy matyodesign sapka aj\u00e1nd\u00e9kk\u00e9nt is remek v\u00e1laszt\u00e1s, hiszen egyedi \u00e9s id\u0151t\u00e1ll\u00f3 darab. Lepd meg szeretteidet a hagyom\u00e1ny \u00e9s modernit\u00e1s tal\u00e1lkoz\u00e1s\u00e1val! A sapk\u00e1k k\u00f6nnyen tiszt\u00edthat\u00f3k \u00e9s tart\u00f3sak, \u00edgy hossz\u00fa ideig \u00e9lvezheted sz\u00e9ps\u00e9g\u00fcket.<\/p>\n<p>Folge uns auch auf unserer Facebook-Seite: <a href=\"https:\/\/www.facebook.com\/matyodesign\">https:\/\/www.facebook.com\/matyodesign<\/a><\/p>","protected":false},"excerpt":{"rendered":"<p>Lass Nylon weg!<br \/>\n<strong>Die Tasche ist in einer Einheitsgr\u00f6\u00dfe erh\u00e4ltlich!<\/strong><\/p>","protected":false},"featured_media":101733,"template":"","meta":[],"product_brand":[],"product_cat":[85],"product_tag":[],"class_list":{"0":"post-100842","1":"product","2":"type-product","3":"status-publish","4":"has-post-thumbnail","6":"product_cat-kiegeszito","8":"first","9":"instock","10":"shipping-taxable","11":"purchasable","12":"product-type-variable","13":"has-default-attributes"},"yoast_head":"<!-- This site is optimized with the Yoast SEO plugin v27.0 - https:\/\/yoast.com\/product\/yoast-seo-wordpress\/ -->\n<title>H\u00edmzett szatyor \u2013 St\u00edlusos \u00e9s fenntarthat\u00f3 \u2013 Matyodesign<\/title>\n<meta name=\"description\" content=\"V\u00e1laszd a fenntarthat\u00f3 szatyrot a Matyodesignt\u00f3l! Ne hagyd magad m\u00f6g\u00f6tt a nejlont, \u00e9s hordd st\u00edlusosan! V\u00e1s\u00e1rold meg most!\" \/>\n<meta name=\"robots\" content=\"index, follow, max-snippet:-1, max-image-preview:large, max-video-preview:-1\" \/>\n<link rel=\"canonical\" href=\"https:\/\/matyodesign.hu\/de\/produkt\/halos-szatyor\/\" \/>\n<meta property=\"og:locale\" content=\"de_DE\" \/>\n<meta property=\"og:type\" content=\"article\" \/>\n<meta property=\"og:title\" content=\"H\u00edmzett szatyor \u2013 St\u00edlusos \u00e9s fenntarthat\u00f3 \u2013 Matyodesign\" \/>\n<meta property=\"og:description\" content=\"V\u00e1laszd a fenntarthat\u00f3 szatyrot a Matyodesignt\u00f3l! Ne hagyd magad m\u00f6g\u00f6tt a nejlont, \u00e9s hordd st\u00edlusosan! V\u00e1s\u00e1rold meg most!\" \/>\n<meta property=\"og:url\" content=\"https:\/\/matyodesign.hu\/de\/produkt\/halos-szatyor\/\" \/>\n<meta property=\"og:site_name\" content=\"matyodesign\" \/>\n<meta property=\"article:modified_time\" content=\"2026-02-16T09:31:24+00:00\" \/>\n<meta property=\"og:image\" content=\"https:\/\/matyodesign.hu\/wp-content\/uploads\/2024\/08\/matyodesign_szatyor_okker1.jpg\" \/>\n\t<meta property=\"og:image:width\" content=\"2160\" \/>\n\t<meta property=\"og:image:height\" content=\"2160\" \/>\n\t<meta property=\"og:image:type\" content=\"image\/jpeg\" \/>\n<meta name=\"twitter:card\" content=\"summary_large_image\" \/>\n<meta name=\"twitter:label1\" content=\"Gesch\u00e4tzte Lesezeit\" \/>\n\t<meta name=\"twitter:data1\" content=\"2\u00a0Minuten\" \/>\n<script type=\"application\/ld+json\" class=\"yoast-schema-graph\">{\"@context\":\"https:\/\/schema.org\",\"@graph\":[{\"@type\":\"WebPage\",\"@id\":\"https:\/\/matyodesign.hu\/termek\/halos-szatyor\/\",\"url\":\"https:\/\/matyodesign.hu\/termek\/halos-szatyor\/\",\"name\":\"H\u00edmzett szatyor \u2013 St\u00edlusos \u00e9s fenntarthat\u00f3 \u2013 Matyodesign\",\"isPartOf\":{\"@id\":\"https:\/\/matyodesign.hu\/#website\"},\"primaryImageOfPage\":{\"@id\":\"https:\/\/matyodesign.hu\/termek\/halos-szatyor\/#primaryimage\"},\"image\":{\"@id\":\"https:\/\/matyodesign.hu\/termek\/halos-szatyor\/#primaryimage\"},\"thumbnailUrl\":\"https:\/\/matyodesign.hu\/wp-content\/uploads\/2024\/08\/matyodesign_szatyor_okker1.jpg\",\"datePublished\":\"2024-08-11T09:46:00+00:00\",\"dateModified\":\"2026-02-16T09:31:24+00:00\",\"description\":\"V\u00e1laszd a fenntarthat\u00f3 szatyrot a Matyodesignt\u00f3l! Ne hagyd magad m\u00f6g\u00f6tt a nejlont, \u00e9s hordd st\u00edlusosan! V\u00e1s\u00e1rold meg most!\",\"breadcrumb\":{\"@id\":\"https:\/\/matyodesign.hu\/termek\/halos-szatyor\/#breadcrumb\"},\"inLanguage\":\"de\",\"potentialAction\":[{\"@type\":\"ReadAction\",\"target\":[\"https:\/\/matyodesign.hu\/termek\/halos-szatyor\/\"]}]},{\"@type\":\"ImageObject\",\"inLanguage\":\"de\",\"@id\":\"https:\/\/matyodesign.hu\/termek\/halos-szatyor\/#primaryimage\",\"url\":\"https:\/\/matyodesign.hu\/wp-content\/uploads\/2024\/08\/matyodesign_szatyor_okker1.jpg\",\"contentUrl\":\"https:\/\/matyodesign.hu\/wp-content\/uploads\/2024\/08\/matyodesign_szatyor_okker1.jpg\",\"width\":2160,\"height\":2160,\"caption\":\"Okker szatyor, modern n\u00e9pi ruh\u00e1k\"},{\"@type\":\"BreadcrumbList\",\"@id\":\"https:\/\/matyodesign.hu\/termek\/halos-szatyor\/#breadcrumb\",\"itemListElement\":[{\"@type\":\"ListItem\",\"position\":1,\"name\":\"Kezd\u0151lap\",\"item\":\"https:\/\/matyodesign.hu\/\"},{\"@type\":\"ListItem\",\"position\":2,\"name\":\"Webshop\",\"item\":\"https:\/\/matyodesign.hu\/webshop\/\"},{\"@type\":\"ListItem\",\"position\":3,\"name\":\"SZATYOR\"}]},{\"@type\":\"WebSite\",\"@id\":\"https:\/\/matyodesign.hu\/#website\",\"url\":\"https:\/\/matyodesign.hu\/\",\"name\":\"matyodesign\",\"description\":\"K\u00e9zzel. Szeretettel. Neked.\",\"potentialAction\":[{\"@type\":\"SearchAction\",\"target\":{\"@type\":\"EntryPoint\",\"urlTemplate\":\"https:\/\/matyodesign.hu\/?s={search_term_string}\"},\"query-input\":{\"@type\":\"PropertyValueSpecification\",\"valueRequired\":true,\"valueName\":\"search_term_string\"}}],\"inLanguage\":\"de\"}]}<\/script>\n<!-- \/ Yoast SEO plugin. -->","yoast_head_json":{"title":"H\u00edmzett szatyor \u2013 St\u00edlusos \u00e9s fenntarthat\u00f3 \u2013 Matyodesign","description":"V\u00e1laszd a fenntarthat\u00f3 szatyrot a Matyodesignt\u00f3l! Ne hagyd magad m\u00f6g\u00f6tt a nejlont, \u00e9s hordd st\u00edlusosan! V\u00e1s\u00e1rold meg most!","robots":{"index":"index","follow":"follow","max-snippet":"max-snippet:-1","max-image-preview":"max-image-preview:large","max-video-preview":"max-video-preview:-1"},"canonical":"https:\/\/matyodesign.hu\/de\/produkt\/halos-szatyor\/","og_locale":"de_DE","og_type":"article","og_title":"H\u00edmzett szatyor \u2013 St\u00edlusos \u00e9s fenntarthat\u00f3 \u2013 Matyodesign","og_description":"V\u00e1laszd a fenntarthat\u00f3 szatyrot a Matyodesignt\u00f3l! Ne hagyd magad m\u00f6g\u00f6tt a nejlont, \u00e9s hordd st\u00edlusosan! V\u00e1s\u00e1rold meg most!","og_url":"https:\/\/matyodesign.hu\/de\/produkt\/halos-szatyor\/","og_site_name":"matyodesign","article_modified_time":"2026-02-16T09:31:24+00:00","og_image":[{"width":2160,"height":2160,"url":"https:\/\/matyodesign.hu\/wp-content\/uploads\/2024\/08\/matyodesign_szatyor_okker1.jpg","type":"image\/jpeg"}],"twitter_card":"summary_large_image","twitter_misc":{"Gesch\u00e4tzte Lesezeit":"2\u00a0Minuten"},"schema":{"@context":"https:\/\/schema.org","@graph":[{"@type":"WebPage","@id":"https:\/\/matyodesign.hu\/termek\/halos-szatyor\/","url":"https:\/\/matyodesign.hu\/termek\/halos-szatyor\/","name":"H\u00edmzett szatyor \u2013 St\u00edlusos \u00e9s fenntarthat\u00f3 \u2013 Matyodesign","isPartOf":{"@id":"https:\/\/matyodesign.hu\/#website"},"primaryImageOfPage":{"@id":"https:\/\/matyodesign.hu\/termek\/halos-szatyor\/#primaryimage"},"image":{"@id":"https:\/\/matyodesign.hu\/termek\/halos-szatyor\/#primaryimage"},"thumbnailUrl":"https:\/\/matyodesign.hu\/wp-content\/uploads\/2024\/08\/matyodesign_szatyor_okker1.jpg","datePublished":"2024-08-11T09:46:00+00:00","dateModified":"2026-02-16T09:31:24+00:00","description":"V\u00e1laszd a fenntarthat\u00f3 szatyrot a Matyodesignt\u00f3l! Ne hagyd magad m\u00f6g\u00f6tt a nejlont, \u00e9s hordd st\u00edlusosan! V\u00e1s\u00e1rold meg most!","breadcrumb":{"@id":"https:\/\/matyodesign.hu\/termek\/halos-szatyor\/#breadcrumb"},"inLanguage":"de","potentialAction":[{"@type":"ReadAction","target":["https:\/\/matyodesign.hu\/termek\/halos-szatyor\/"]}]},{"@type":"ImageObject","inLanguage":"de","@id":"https:\/\/matyodesign.hu\/termek\/halos-szatyor\/#primaryimage","url":"https:\/\/matyodesign.hu\/wp-content\/uploads\/2024\/08\/matyodesign_szatyor_okker1.jpg","contentUrl":"https:\/\/matyodesign.hu\/wp-content\/uploads\/2024\/08\/matyodesign_szatyor_okker1.jpg","width":2160,"height":2160,"caption":"Okker szatyor, modern n\u00e9pi ruh\u00e1k"},{"@type":"BreadcrumbList","@id":"https:\/\/matyodesign.hu\/termek\/halos-szatyor\/#breadcrumb","itemListElement":[{"@type":"ListItem","position":1,"name":"Kezd\u0151lap","item":"https:\/\/matyodesign.hu\/"},{"@type":"ListItem","position":2,"name":"Webshop","item":"https:\/\/matyodesign.hu\/webshop\/"},{"@type":"ListItem","position":3,"name":"SZATYOR"}]},{"@type":"WebSite","@id":"https:\/\/matyodesign.hu\/#website","url":"https:\/\/matyodesign.hu\/","name":"matyodesign","description":"K\u00e9zzel. Szeretettel. Neked.","potentialAction":[{"@type":"SearchAction","target":{"@type":"EntryPoint","urlTemplate":"https:\/\/matyodesign.hu\/?s={search_term_string}"},"query-input":{"@type":"PropertyValueSpecification","valueRequired":true,"valueName":"search_term_string"}}],"inLanguage":"de"}]}},"_links":{"self":[{"href":"https:\/\/matyodesign.hu\/de\/wp-json\/wp\/v2\/product\/100842","targetHints":{"allow":["GET"]}}],"collection":[{"href":"https:\/\/matyodesign.hu\/de\/wp-json\/wp\/v2\/product"}],"about":[{"href":"https:\/\/matyodesign.hu\/de\/wp-json\/wp\/v2\/types\/product"}],"wp:featuredmedia":[{"embeddable":true,"href":"https:\/\/matyodesign.hu\/de\/wp-json\/wp\/v2\/media\/101733"}],"wp:attachment":[{"href":"https:\/\/matyodesign.hu\/de\/wp-json\/wp\/v2\/media?parent=100842"}],"wp:term":[{"taxonomy":"product_brand","embeddable":true,"href":"https:\/\/matyodesign.hu\/de\/wp-json\/wp\/v2\/product_brand?post=100842"},{"taxonomy":"product_cat","embeddable":true,"href":"https:\/\/matyodesign.hu\/de\/wp-json\/wp\/v2\/product_cat?post=100842"},{"taxonomy":"product_tag","embeddable":true,"href":"https:\/\/matyodesign.hu\/de\/wp-json\/wp\/v2\/product_tag?post=100842"}],"curies":[{"name":"wp","href":"https:\/\/api.w.org\/{rel}","templated":true}]}}