{"id":100937,"date":"2024-08-12T10:36:17","date_gmt":"2024-08-12T08:36:17","guid":{"rendered":"https:\/\/2024.matyodesign.hu\/?post_type=product&#038;p=100937"},"modified":"2025-06-25T13:33:31","modified_gmt":"2025-06-25T11:33:31","slug":"polo-viragmezo","status":"publish","type":"product","link":"https:\/\/matyodesign.hu\/de\/termek\/polo-viragmezo\/","title":{"rendered":"T-SHIRT MIT BLUMENWIESE"},"content":{"rendered":"<h4 data-start=\"127\" data-end=\"183\"><strong data-start=\"131\" data-end=\"181\">Vir\u00e1gmez\u0151 P\u00f3l\u00f3 \u2013 maty\u00f3 h\u00edmz\u00e9s modern k\u00f6nt\u00f6sben<\/strong><\/h4>\n<p data-start=\"185\" data-end=\"446\">Viseld magadon a hagyom\u00e1ny \u00e9s a term\u00e9szet harm\u00f3ni\u00e1j\u00e1t! A <strong>vir\u00e1gmez\u0151 p\u00f3l\u00f3<\/strong> mellkas\u00e1n elter\u00fcl\u0151, gondosan h\u00edmzett vir\u00e1gmot\u00edvumok a maty\u00f3 kult\u00fara id\u0151t\u00e1ll\u00f3 sz\u00e9ps\u00e9g\u00e9t id\u00e9zik meg, mik\u00f6zben letisztult szab\u00e1svonala \u00e9s kellemes pamut anyaga modern k\u00e9nyelmet biztos\u00edt.<\/p>\n<p data-start=\"448\" data-end=\"579\">Ha sz\u00e1modra is fontos a <strong data-start=\"472\" data-end=\"494\">fenntarthat\u00f3 divat<\/strong>, \u00e9s szereted az egyedi, k\u00e9zzel k\u00e9sz\u00edtett darabokat, ez a p\u00f3l\u00f3 t\u00f6k\u00e9letes v\u00e1laszt\u00e1s!<\/p>\n<ul>\n<li data-start=\"581\" data-end=\"788\"><strong data-start=\"583\" data-end=\"593\">Material:<\/strong> 96 % Baumwolle, 4 % Elasthan<\/li>\n<li data-start=\"581\" data-end=\"788\"><strong data-start=\"621\" data-end=\"642\">K\u00edm\u00e9letes \u00e1pol\u00e1s:<\/strong> 30 fokon mos\u00f3g\u00e9pben moshat\u00f3 \u00e9s vasalhat\u00f3<\/li>\n<li data-start=\"581\" data-end=\"788\"><strong data-start=\"688\" data-end=\"706\">H\u00edmz\u00e9s sz\u00ednek:<\/strong> Maty\u00f3 sz\u00ednvil\u00e1g vagy eleg\u00e1ns k\u00e9k-piros kombin\u00e1ci\u00f3<\/li>\n<li data-start=\"581\" data-end=\"788\"><strong data-start=\"761\" data-end=\"780\">M\u00e9retv\u00e1laszt\u00e9k:<\/strong> S\u2013XXL<\/li>\n<\/ul>\n<p data-start=\"790\" data-end=\"1120\"><strong data-start=\"793\" data-end=\"839\">Fenntarthat\u00f3 divat, autentikus k\u00e9zm\u0171vess\u00e9g<\/strong><br data-start=\"839\" data-end=\"842\" \/>Der <strong>matyodesign<\/strong> c\u00e9lja, hogy a hagyom\u00e1nyos maty\u00f3 h\u00edmz\u00e9st modern ruhadarabokkal hozza k\u00f6zelebb a mai divathoz. Minden egyes term\u00e9k gondos k\u00e9zimunk\u00e1val k\u00e9sz\u00fcl, \u00edgy nemcsak st\u00edlusos, hanem egyedi is. Fedezd fel teljes kollekci\u00f3nkat \u00e9s l\u00e9gy r\u00e9szese ennek a k\u00fcl\u00f6nleges \u00f6r\u00f6ks\u00e9gnek! <a href=\"https:\/\/matyodesign.hu\/de\/termek\/maxi-neszesszer\/\">https:\/\/matyodesign.hu\/termek\/maxi-neszesszer\/<\/a><\/p>\n<p><strong>Wusstest du?<\/strong><\/p>\n<p>Unsere handgefertigten Produkte bieten Arbeit f\u00fcr 45 Frauen in Tardo, einem kleinen Dorf im Nordosten Ungarns. Die Mission von matyodesign besteht nicht nur darin, die Tradition am Leben zu erhalten, sondern sie auch auf hohem Niveau neu zu erschaffen, mit Blick auf die Einzigartigkeit und gleichzeitig unter Ber\u00fccksichtigung der Herausforderungen der Gegenwart.<br \/>\nWir haben die matyodesign-Community gegr\u00fcndet, nicht zu vergessen die Bestrebungen, die mit den Herausforderungen der heutigen Welt \u00fcbereinstimmen: Wir leben in einem ethischen Gesch\u00e4ftsmodell, Wertsch\u00f6pfung im Laufe der Zeit anstelle von Wegwerfprodukten und verantwortungsvolles Einkaufen und Nachhaltigkeit sind dar\u00fcber hinaus auch wichtige Teile unseres Ethos zur Weitergabe der Werte der Vergangenheit. Die Maty\u00f3-Stickerei wurde in die UNESCO-Liste des geistigen und kulturellen Erbes aufgenommen.<\/p>\n<p>Folge uns auch auf unserer Facebook-Seite: <a href=\"https:\/\/www.facebook.com\/matyodesign\">https:\/\/www.facebook.com\/matyodesign<\/a><\/p>\n<p data-start=\"790\" data-end=\"1120\">","protected":false},"excerpt":{"rendered":"<p>Eine Blumenwiese auf deiner Brust. Wenn du Mode liebst, deine Umwelt respektierst und von der Matyo-Stickerei begeistert bist, solltest du dieses T-Shirt tragen.<\/p>","protected":false},"featured_media":99036,"template":"","meta":[],"product_brand":[],"product_cat":[79,367],"product_tag":[],"class_list":{"0":"post-100937","1":"product","2":"type-product","3":"status-publish","4":"has-post-thumbnail","6":"product_cat-noknek","7":"product_cat-polok","9":"first","10":"instock","11":"shipping-taxable","12":"purchasable","13":"product-type-variable","14":"has-default-attributes"},"yoast_head":"<!-- This site is optimized with the Yoast SEO plugin v27.5 - https:\/\/yoast.com\/product\/yoast-seo-wordpress\/ -->\n<title>Vir\u00e1gmez\u0151 egyedi h\u00edmzett p\u00f3l\u00f3 \u2013 Matyodesign<\/title>\n<meta name=\"description\" content=\"Tartsd meg a maty\u00f3 hagyom\u00e1nyokat st\u00edlusosan! A vir\u00e1gos mint\u00e1s p\u00f3l\u00f3 k\u00e9zzel h\u00edmzett, puha pamutb\u00f3l k\u00e9sz\u00fclt, t\u00f6k\u00e9letes v\u00e1laszt\u00e1s a fenntarthat\u00f3 divat kedvel\u0151inek.\" \/>\n<meta name=\"robots\" content=\"index, follow, max-snippet:-1, max-image-preview:large, max-video-preview:-1\" \/>\n<link rel=\"canonical\" href=\"https:\/\/matyodesign.hu\/de\/termek\/t-shirt-mit-blumenwiese\/\" \/>\n<meta property=\"og:locale\" content=\"de_DE\" \/>\n<meta property=\"og:type\" content=\"article\" \/>\n<meta property=\"og:title\" content=\"Vir\u00e1gmez\u0151 egyedi h\u00edmzett p\u00f3l\u00f3 \u2013 Matyodesign\" \/>\n<meta property=\"og:description\" content=\"Tartsd meg a maty\u00f3 hagyom\u00e1nyokat st\u00edlusosan! A vir\u00e1gos mint\u00e1s p\u00f3l\u00f3 k\u00e9zzel h\u00edmzett, puha pamutb\u00f3l k\u00e9sz\u00fclt, t\u00f6k\u00e9letes v\u00e1laszt\u00e1s a fenntarthat\u00f3 divat kedvel\u0151inek.\" \/>\n<meta property=\"og:url\" content=\"https:\/\/matyodesign.hu\/de\/termek\/t-shirt-mit-blumenwiese\/\" \/>\n<meta property=\"og:site_name\" content=\"matyodesign\" \/>\n<meta property=\"article:modified_time\" content=\"2025-06-25T11:33:31+00:00\" \/>\n<meta property=\"og:image\" content=\"https:\/\/matyodesign.hu\/wp-content\/uploads\/2024\/02\/polo_viragmezo_2.jpg\" \/>\n\t<meta property=\"og:image:width\" content=\"1000\" \/>\n\t<meta property=\"og:image:height\" content=\"1000\" \/>\n\t<meta property=\"og:image:type\" content=\"image\/jpeg\" \/>\n<meta name=\"twitter:card\" content=\"summary_large_image\" \/>\n<meta name=\"twitter:label1\" content=\"Gesch\u00e4tzte Lesezeit\" \/>\n\t<meta name=\"twitter:data1\" content=\"2\u00a0Minuten\" \/>\n<script type=\"application\/ld+json\" class=\"yoast-schema-graph\">{\"@context\":\"https:\\\/\\\/schema.org\",\"@graph\":[{\"@type\":\"WebPage\",\"@id\":\"https:\\\/\\\/matyodesign.hu\\\/termek\\\/polo-viragmezo\\\/\",\"url\":\"https:\\\/\\\/matyodesign.hu\\\/termek\\\/polo-viragmezo\\\/\",\"name\":\"Vir\u00e1gmez\u0151 egyedi h\u00edmzett p\u00f3l\u00f3 \u2013 Matyodesign\",\"isPartOf\":{\"@id\":\"https:\\\/\\\/matyodesign.hu\\\/#website\"},\"primaryImageOfPage\":{\"@id\":\"https:\\\/\\\/matyodesign.hu\\\/termek\\\/polo-viragmezo\\\/#primaryimage\"},\"image\":{\"@id\":\"https:\\\/\\\/matyodesign.hu\\\/termek\\\/polo-viragmezo\\\/#primaryimage\"},\"thumbnailUrl\":\"https:\\\/\\\/matyodesign.hu\\\/wp-content\\\/uploads\\\/2024\\\/02\\\/polo_viragmezo_2.jpg\",\"datePublished\":\"2024-08-12T08:36:17+00:00\",\"dateModified\":\"2025-06-25T11:33:31+00:00\",\"description\":\"Tartsd meg a maty\u00f3 hagyom\u00e1nyokat st\u00edlusosan! A vir\u00e1gos mint\u00e1s p\u00f3l\u00f3 k\u00e9zzel h\u00edmzett, puha pamutb\u00f3l k\u00e9sz\u00fclt, t\u00f6k\u00e9letes v\u00e1laszt\u00e1s a fenntarthat\u00f3 divat kedvel\u0151inek.\",\"breadcrumb\":{\"@id\":\"https:\\\/\\\/matyodesign.hu\\\/termek\\\/polo-viragmezo\\\/#breadcrumb\"},\"inLanguage\":\"de\",\"potentialAction\":[{\"@type\":\"ReadAction\",\"target\":[\"https:\\\/\\\/matyodesign.hu\\\/termek\\\/polo-viragmezo\\\/\"]}]},{\"@type\":\"ImageObject\",\"inLanguage\":\"de\",\"@id\":\"https:\\\/\\\/matyodesign.hu\\\/termek\\\/polo-viragmezo\\\/#primaryimage\",\"url\":\"https:\\\/\\\/matyodesign.hu\\\/wp-content\\\/uploads\\\/2024\\\/02\\\/polo_viragmezo_2.jpg\",\"contentUrl\":\"https:\\\/\\\/matyodesign.hu\\\/wp-content\\\/uploads\\\/2024\\\/02\\\/polo_viragmezo_2.jpg\",\"width\":1000,\"height\":1000,\"caption\":\"P\u00f3l\u00f3 vir\u00e1gmez\u0151 maty\u00f3, h\u00edmzett bl\u00faz webshop\"},{\"@type\":\"BreadcrumbList\",\"@id\":\"https:\\\/\\\/matyodesign.hu\\\/termek\\\/polo-viragmezo\\\/#breadcrumb\",\"itemListElement\":[{\"@type\":\"ListItem\",\"position\":1,\"name\":\"Kezd\u0151lap\",\"item\":\"https:\\\/\\\/matyodesign.hu\\\/\"},{\"@type\":\"ListItem\",\"position\":2,\"name\":\"Webshop\",\"item\":\"https:\\\/\\\/matyodesign.hu\\\/webshop\\\/\"},{\"@type\":\"ListItem\",\"position\":3,\"name\":\"P\u00d3L\u00d3 &#8211; VIR\u00c1GMEZ\u0150\"}]},{\"@type\":\"WebSite\",\"@id\":\"https:\\\/\\\/matyodesign.hu\\\/#website\",\"url\":\"https:\\\/\\\/matyodesign.hu\\\/\",\"name\":\"matyodesign\",\"description\":\"K\u00e9zzel. Szeretettel. Neked.\",\"potentialAction\":[{\"@type\":\"SearchAction\",\"target\":{\"@type\":\"EntryPoint\",\"urlTemplate\":\"https:\\\/\\\/matyodesign.hu\\\/?s={search_term_string}\"},\"query-input\":{\"@type\":\"PropertyValueSpecification\",\"valueRequired\":true,\"valueName\":\"search_term_string\"}}],\"inLanguage\":\"de\"}]}<\/script>\n<!-- \/ Yoast SEO plugin. -->","yoast_head_json":{"title":"Vir\u00e1gmez\u0151 egyedi h\u00edmzett p\u00f3l\u00f3 \u2013 Matyodesign","description":"Tartsd meg a maty\u00f3 hagyom\u00e1nyokat st\u00edlusosan! A vir\u00e1gos mint\u00e1s p\u00f3l\u00f3 k\u00e9zzel h\u00edmzett, puha pamutb\u00f3l k\u00e9sz\u00fclt, t\u00f6k\u00e9letes v\u00e1laszt\u00e1s a fenntarthat\u00f3 divat kedvel\u0151inek.","robots":{"index":"index","follow":"follow","max-snippet":"max-snippet:-1","max-image-preview":"max-image-preview:large","max-video-preview":"max-video-preview:-1"},"canonical":"https:\/\/matyodesign.hu\/de\/termek\/t-shirt-mit-blumenwiese\/","og_locale":"de_DE","og_type":"article","og_title":"Vir\u00e1gmez\u0151 egyedi h\u00edmzett p\u00f3l\u00f3 \u2013 Matyodesign","og_description":"Tartsd meg a maty\u00f3 hagyom\u00e1nyokat st\u00edlusosan! A vir\u00e1gos mint\u00e1s p\u00f3l\u00f3 k\u00e9zzel h\u00edmzett, puha pamutb\u00f3l k\u00e9sz\u00fclt, t\u00f6k\u00e9letes v\u00e1laszt\u00e1s a fenntarthat\u00f3 divat kedvel\u0151inek.","og_url":"https:\/\/matyodesign.hu\/de\/termek\/t-shirt-mit-blumenwiese\/","og_site_name":"matyodesign","article_modified_time":"2025-06-25T11:33:31+00:00","og_image":[{"width":1000,"height":1000,"url":"https:\/\/matyodesign.hu\/wp-content\/uploads\/2024\/02\/polo_viragmezo_2.jpg","type":"image\/jpeg"}],"twitter_card":"summary_large_image","twitter_misc":{"Gesch\u00e4tzte Lesezeit":"2\u00a0Minuten"},"schema":{"@context":"https:\/\/schema.org","@graph":[{"@type":"WebPage","@id":"https:\/\/matyodesign.hu\/termek\/polo-viragmezo\/","url":"https:\/\/matyodesign.hu\/termek\/polo-viragmezo\/","name":"Vir\u00e1gmez\u0151 egyedi h\u00edmzett p\u00f3l\u00f3 \u2013 Matyodesign","isPartOf":{"@id":"https:\/\/matyodesign.hu\/#website"},"primaryImageOfPage":{"@id":"https:\/\/matyodesign.hu\/termek\/polo-viragmezo\/#primaryimage"},"image":{"@id":"https:\/\/matyodesign.hu\/termek\/polo-viragmezo\/#primaryimage"},"thumbnailUrl":"https:\/\/matyodesign.hu\/wp-content\/uploads\/2024\/02\/polo_viragmezo_2.jpg","datePublished":"2024-08-12T08:36:17+00:00","dateModified":"2025-06-25T11:33:31+00:00","description":"Tartsd meg a maty\u00f3 hagyom\u00e1nyokat st\u00edlusosan! A vir\u00e1gos mint\u00e1s p\u00f3l\u00f3 k\u00e9zzel h\u00edmzett, puha pamutb\u00f3l k\u00e9sz\u00fclt, t\u00f6k\u00e9letes v\u00e1laszt\u00e1s a fenntarthat\u00f3 divat kedvel\u0151inek.","breadcrumb":{"@id":"https:\/\/matyodesign.hu\/termek\/polo-viragmezo\/#breadcrumb"},"inLanguage":"de","potentialAction":[{"@type":"ReadAction","target":["https:\/\/matyodesign.hu\/termek\/polo-viragmezo\/"]}]},{"@type":"ImageObject","inLanguage":"de","@id":"https:\/\/matyodesign.hu\/termek\/polo-viragmezo\/#primaryimage","url":"https:\/\/matyodesign.hu\/wp-content\/uploads\/2024\/02\/polo_viragmezo_2.jpg","contentUrl":"https:\/\/matyodesign.hu\/wp-content\/uploads\/2024\/02\/polo_viragmezo_2.jpg","width":1000,"height":1000,"caption":"P\u00f3l\u00f3 vir\u00e1gmez\u0151 maty\u00f3, h\u00edmzett bl\u00faz webshop"},{"@type":"BreadcrumbList","@id":"https:\/\/matyodesign.hu\/termek\/polo-viragmezo\/#breadcrumb","itemListElement":[{"@type":"ListItem","position":1,"name":"Kezd\u0151lap","item":"https:\/\/matyodesign.hu\/"},{"@type":"ListItem","position":2,"name":"Webshop","item":"https:\/\/matyodesign.hu\/webshop\/"},{"@type":"ListItem","position":3,"name":"P\u00d3L\u00d3 &#8211; VIR\u00c1GMEZ\u0150"}]},{"@type":"WebSite","@id":"https:\/\/matyodesign.hu\/#website","url":"https:\/\/matyodesign.hu\/","name":"matyodesign","description":"K\u00e9zzel. Szeretettel. Neked.","potentialAction":[{"@type":"SearchAction","target":{"@type":"EntryPoint","urlTemplate":"https:\/\/matyodesign.hu\/?s={search_term_string}"},"query-input":{"@type":"PropertyValueSpecification","valueRequired":true,"valueName":"search_term_string"}}],"inLanguage":"de"}]}},"_links":{"self":[{"href":"https:\/\/matyodesign.hu\/de\/wp-json\/wp\/v2\/product\/100937","targetHints":{"allow":["GET"]}}],"collection":[{"href":"https:\/\/matyodesign.hu\/de\/wp-json\/wp\/v2\/product"}],"about":[{"href":"https:\/\/matyodesign.hu\/de\/wp-json\/wp\/v2\/types\/product"}],"wp:featuredmedia":[{"embeddable":true,"href":"https:\/\/matyodesign.hu\/de\/wp-json\/wp\/v2\/media\/99036"}],"wp:attachment":[{"href":"https:\/\/matyodesign.hu\/de\/wp-json\/wp\/v2\/media?parent=100937"}],"wp:term":[{"taxonomy":"product_brand","embeddable":true,"href":"https:\/\/matyodesign.hu\/de\/wp-json\/wp\/v2\/product_brand?post=100937"},{"taxonomy":"product_cat","embeddable":true,"href":"https:\/\/matyodesign.hu\/de\/wp-json\/wp\/v2\/product_cat?post=100937"},{"taxonomy":"product_tag","embeddable":true,"href":"https:\/\/matyodesign.hu\/de\/wp-json\/wp\/v2\/product_tag?post=100937"}],"curies":[{"name":"wp","href":"https:\/\/api.w.org\/{rel}","templated":true}]}}