{"id":101389,"date":"2024-10-01T00:01:00","date_gmt":"2024-09-30T22:01:00","guid":{"rendered":"https:\/\/matyodesign.hu\/?post_type=product&#038;p=101389"},"modified":"2026-04-24T22:58:58","modified_gmt":"2026-04-24T20:58:58","slug":"himzett-garbo","status":"publish","type":"product","link":"https:\/\/matyodesign.hu\/de\/termek\/himzett-garbo\/","title":{"rendered":"Turteltauben"},"content":{"rendered":"<h4 data-start=\"101\" data-end=\"167\"><strong data-start=\"105\" data-end=\"165\">Bestickter Rollkragenpullover - handbestickte Eleganz f\u00fcr kalte Tage<\/strong><\/h4>\n<p data-start=\"169\" data-end=\"436\">Der <strong data-start=\"171\" data-end=\"188\">Handbestickter Rollkragenpullover<\/strong> ist die perfekte Wahl f\u00fcr die Herbst-Winter-Saison! Der handbestickte Rollkragenpullover von matyodesign verbindet die <strong data-start=\"280\" data-end=\"297\">Tradition der ungarischen Stickerei<\/strong> mit moderner Mode. Die <strong data-start=\"332\" data-end=\"380\">von Tardis-Frauen gestickten floralen Motive<\/strong> machen dieses einzigartige Kleidungsst\u00fcck zu etwas ganz Besonderem.<\/p>\n<ul>\n<li data-start=\"438\" data-end=\"829\"><strong data-start=\"441\" data-end=\"465\">Handbestickter Rollkragenpullover<\/strong> - ein einzigartiges St\u00fcck ungarischer Stickerei, das Tradition mit moderner Eleganz verbindet.<\/li>\n<li data-start=\"438\" data-end=\"829\"><strong data-start=\"557\" data-end=\"587\">Warm und angenehm zu tragen<\/strong> - aus weichem, atmungsaktivem Stoff, perfekt f\u00fcr die k\u00e4lteren Monate.<\/li>\n<li data-start=\"438\" data-end=\"829\"><strong data-start=\"663\" data-end=\"689\">Erh\u00e4ltlich in drei Farben<\/strong> \u2013 <strong>beige, schwarz und wei\u00df<\/strong>um das Richtige f\u00fcr Sie zu finden.<\/li>\n<li data-start=\"438\" data-end=\"829\"><strong data-start=\"755\" data-end=\"783\">Vielseitige Kombinationen<\/strong> - Tragen Sie es zu Jeans oder einem eleganten Rock!<\/li>\n<\/ul>\n<p data-start=\"831\" data-end=\"966\">Verpassen Sie nicht diesen besonderen, <strong data-start=\"861\" data-end=\"886\">handbestickten Rollkragenpullover!<\/strong>Entdecken Sie die gesamte <strong>matyodesign Kollektion hier<\/strong>: <a href=\"https:\/\/matyodesign.hu\/de\/shop\/\">matyodesign webshop<\/a><\/p>\n<p data-start=\"968\" data-end=\"997\"><strong data-start=\"971\" data-end=\"995\">\u00c4hnliche Produkte:<\/strong><\/p>\n<ul data-start=\"998\" data-end=\"1056\">\n<li data-start=\"998\" data-end=\"1022\"><a href=\"#\" rel=\"noopener\" data-start=\"1000\" data-end=\"1020\">bestickter Pullover<\/a><\/li>\n<li data-start=\"1023\" data-end=\"1056\"><a href=\"#\" rel=\"noopener\" data-start=\"1025\" data-end=\"1054\">matyodesign besticktes t-shirt<\/a><\/li>\n<\/ul>\n<p><strong>Wusstest du?<\/strong><\/p>\n<p>Unsere handgefertigten Produkte bieten Arbeit f\u00fcr 45 Frauen in Tardo, einem kleinen Dorf im Nordosten Ungarns. Die Mission von matyodesign besteht nicht nur darin, die Tradition am Leben zu erhalten, sondern sie auch auf hohem Niveau neu zu erschaffen, mit Blick auf die Einzigartigkeit und gleichzeitig unter Ber\u00fccksichtigung der Herausforderungen der Gegenwart.<br \/>\nWir haben die matyodesign-Community gegr\u00fcndet, nicht zu vergessen die Bestrebungen, die mit den Herausforderungen der heutigen Welt \u00fcbereinstimmen: Wir leben in einem ethischen Gesch\u00e4ftsmodell, Wertsch\u00f6pfung im Laufe der Zeit anstelle von Wegwerfprodukten und verantwortungsvolles Einkaufen und Nachhaltigkeit sind dar\u00fcber hinaus auch wichtige Teile unseres Ethos zur Weitergabe der Werte der Vergangenheit. Die Maty\u00f3-Stickerei wurde in die UNESCO-Liste des geistigen und kulturellen Erbes aufgenommen.<\/p>\n<p>Folge uns auch auf unserer Facebook-Seite: <a href=\"https:\/\/www.facebook.com\/matyodesign\">https:\/\/www.facebook.com\/matyodesign<\/a><\/p>\n<p>Du findest uns auch auf Instagram: <a href=\"https:\/\/www.instagram.com\/matyodesign\/\">https:\/\/www.instagram.com\/matyodesign\/<\/a><\/p>","protected":false},"excerpt":{"rendered":"<p>Von den k\u00fchleren Herbstsonnenstrahlen bis zum Fr\u00fchling kann der Rollkragenpullover von matyodesign eine bequeme Wahl sein. Von den Frauen aus Tard von Hand bestickt, damit du auch in der k\u00e4lteren Jahreszeit nicht auf Blumen verzichten musst.<\/p>","protected":false},"featured_media":101403,"template":"","meta":[],"product_brand":[],"product_cat":[79,94],"product_tag":[],"class_list":{"0":"post-101389","1":"product","2":"type-product","3":"status-publish","4":"has-post-thumbnail","6":"product_cat-noknek","7":"product_cat-ujdonsagok","9":"first","10":"instock","11":"shipping-taxable","12":"purchasable","13":"product-type-variable","14":"has-default-attributes"},"yoast_head":"<!-- This site is optimized with the Yoast SEO plugin v27.5 - https:\/\/yoast.com\/product\/yoast-seo-wordpress\/ -->\n<title>H\u00edmzett garb\u00f3 \u2013 Matyodesign \u2013 K\u00e9nyelem \u00e9s st\u00edlus<\/title>\n<meta name=\"description\" content=\"Fedezd fel a h\u00edmzett garb\u00f3t, melyet a tardi asszonyok k\u00e9sz\u00edtettek! Meleg, k\u00e9nyelmes viselet a hideg napokra, tavaszig. V\u00e1laszd a maty\u00f3 h\u00edmz\u00e9st!\" \/>\n<meta name=\"robots\" content=\"index, follow, max-snippet:-1, max-image-preview:large, max-video-preview:-1\" \/>\n<link rel=\"canonical\" href=\"https:\/\/matyodesign.hu\/de\/termek\/himzett-garbo\/\" \/>\n<meta property=\"og:locale\" content=\"de_DE\" \/>\n<meta property=\"og:type\" content=\"article\" \/>\n<meta property=\"og:title\" content=\"H\u00edmzett garb\u00f3 \u2013 Matyodesign \u2013 K\u00e9nyelem \u00e9s st\u00edlus\" \/>\n<meta property=\"og:description\" content=\"Fedezd fel a h\u00edmzett garb\u00f3t, melyet a tardi asszonyok k\u00e9sz\u00edtettek! Meleg, k\u00e9nyelmes viselet a hideg napokra, tavaszig. V\u00e1laszd a maty\u00f3 h\u00edmz\u00e9st!\" \/>\n<meta property=\"og:url\" content=\"https:\/\/matyodesign.hu\/de\/termek\/himzett-garbo\/\" \/>\n<meta property=\"og:site_name\" content=\"matyodesign\" \/>\n<meta property=\"article:modified_time\" content=\"2026-04-24T20:58:58+00:00\" \/>\n<meta property=\"og:image\" content=\"https:\/\/matyodesign.hu\/wp-content\/uploads\/2024\/09\/matyodesign_feher_garbo_3.webp\" \/>\n\t<meta property=\"og:image:width\" content=\"2160\" \/>\n\t<meta property=\"og:image:height\" content=\"2160\" \/>\n\t<meta property=\"og:image:type\" content=\"image\/webp\" \/>\n<meta name=\"twitter:card\" content=\"summary_large_image\" \/>\n<meta name=\"twitter:label1\" content=\"Gesch\u00e4tzte Lesezeit\" \/>\n\t<meta name=\"twitter:data1\" content=\"2\u00a0Minuten\" \/>\n<script type=\"application\/ld+json\" class=\"yoast-schema-graph\">{\"@context\":\"https:\\\/\\\/schema.org\",\"@graph\":[{\"@type\":\"WebPage\",\"@id\":\"https:\\\/\\\/matyodesign.hu\\\/termek\\\/himzett-garbo\\\/\",\"url\":\"https:\\\/\\\/matyodesign.hu\\\/termek\\\/himzett-garbo\\\/\",\"name\":\"H\u00edmzett garb\u00f3 \u2013 Matyodesign \u2013 K\u00e9nyelem \u00e9s st\u00edlus\",\"isPartOf\":{\"@id\":\"https:\\\/\\\/matyodesign.hu\\\/#website\"},\"primaryImageOfPage\":{\"@id\":\"https:\\\/\\\/matyodesign.hu\\\/termek\\\/himzett-garbo\\\/#primaryimage\"},\"image\":{\"@id\":\"https:\\\/\\\/matyodesign.hu\\\/termek\\\/himzett-garbo\\\/#primaryimage\"},\"thumbnailUrl\":\"https:\\\/\\\/matyodesign.hu\\\/wp-content\\\/uploads\\\/2024\\\/09\\\/matyodesign_feher_garbo_3.webp\",\"datePublished\":\"2024-09-30T22:01:00+00:00\",\"dateModified\":\"2026-04-24T20:58:58+00:00\",\"description\":\"Fedezd fel a h\u00edmzett garb\u00f3t, melyet a tardi asszonyok k\u00e9sz\u00edtettek! Meleg, k\u00e9nyelmes viselet a hideg napokra, tavaszig. V\u00e1laszd a maty\u00f3 h\u00edmz\u00e9st!\",\"breadcrumb\":{\"@id\":\"https:\\\/\\\/matyodesign.hu\\\/termek\\\/himzett-garbo\\\/#breadcrumb\"},\"inLanguage\":\"de\",\"potentialAction\":[{\"@type\":\"ReadAction\",\"target\":[\"https:\\\/\\\/matyodesign.hu\\\/termek\\\/himzett-garbo\\\/\"]}]},{\"@type\":\"ImageObject\",\"inLanguage\":\"de\",\"@id\":\"https:\\\/\\\/matyodesign.hu\\\/termek\\\/himzett-garbo\\\/#primaryimage\",\"url\":\"https:\\\/\\\/matyodesign.hu\\\/wp-content\\\/uploads\\\/2024\\\/09\\\/matyodesign_feher_garbo_3.webp\",\"contentUrl\":\"https:\\\/\\\/matyodesign.hu\\\/wp-content\\\/uploads\\\/2024\\\/09\\\/matyodesign_feher_garbo_3.webp\",\"width\":2160,\"height\":2160,\"caption\":\"Garb\u00f3 feh\u00e9r, modern n\u00e9pi ruh\u00e1k\"},{\"@type\":\"BreadcrumbList\",\"@id\":\"https:\\\/\\\/matyodesign.hu\\\/termek\\\/himzett-garbo\\\/#breadcrumb\",\"itemListElement\":[{\"@type\":\"ListItem\",\"position\":1,\"name\":\"Kezd\u0151lap\",\"item\":\"https:\\\/\\\/matyodesign.hu\\\/\"},{\"@type\":\"ListItem\",\"position\":2,\"name\":\"Webshop\",\"item\":\"https:\\\/\\\/matyodesign.hu\\\/webshop\\\/\"},{\"@type\":\"ListItem\",\"position\":3,\"name\":\"GARB\u00d3K\"}]},{\"@type\":\"WebSite\",\"@id\":\"https:\\\/\\\/matyodesign.hu\\\/#website\",\"url\":\"https:\\\/\\\/matyodesign.hu\\\/\",\"name\":\"matyodesign\",\"description\":\"K\u00e9zzel. Szeretettel. Neked.\",\"potentialAction\":[{\"@type\":\"SearchAction\",\"target\":{\"@type\":\"EntryPoint\",\"urlTemplate\":\"https:\\\/\\\/matyodesign.hu\\\/?s={search_term_string}\"},\"query-input\":{\"@type\":\"PropertyValueSpecification\",\"valueRequired\":true,\"valueName\":\"search_term_string\"}}],\"inLanguage\":\"de\"}]}<\/script>\n<!-- \/ Yoast SEO plugin. -->","yoast_head_json":{"title":"H\u00edmzett garb\u00f3 \u2013 Matyodesign \u2013 K\u00e9nyelem \u00e9s st\u00edlus","description":"Fedezd fel a h\u00edmzett garb\u00f3t, melyet a tardi asszonyok k\u00e9sz\u00edtettek! Meleg, k\u00e9nyelmes viselet a hideg napokra, tavaszig. V\u00e1laszd a maty\u00f3 h\u00edmz\u00e9st!","robots":{"index":"index","follow":"follow","max-snippet":"max-snippet:-1","max-image-preview":"max-image-preview:large","max-video-preview":"max-video-preview:-1"},"canonical":"https:\/\/matyodesign.hu\/de\/termek\/himzett-garbo\/","og_locale":"de_DE","og_type":"article","og_title":"H\u00edmzett garb\u00f3 \u2013 Matyodesign \u2013 K\u00e9nyelem \u00e9s st\u00edlus","og_description":"Fedezd fel a h\u00edmzett garb\u00f3t, melyet a tardi asszonyok k\u00e9sz\u00edtettek! Meleg, k\u00e9nyelmes viselet a hideg napokra, tavaszig. V\u00e1laszd a maty\u00f3 h\u00edmz\u00e9st!","og_url":"https:\/\/matyodesign.hu\/de\/termek\/himzett-garbo\/","og_site_name":"matyodesign","article_modified_time":"2026-04-24T20:58:58+00:00","og_image":[{"width":2160,"height":2160,"url":"https:\/\/matyodesign.hu\/wp-content\/uploads\/2024\/09\/matyodesign_feher_garbo_3.webp","type":"image\/webp"}],"twitter_card":"summary_large_image","twitter_misc":{"Gesch\u00e4tzte Lesezeit":"2\u00a0Minuten"},"schema":{"@context":"https:\/\/schema.org","@graph":[{"@type":"WebPage","@id":"https:\/\/matyodesign.hu\/termek\/himzett-garbo\/","url":"https:\/\/matyodesign.hu\/termek\/himzett-garbo\/","name":"H\u00edmzett garb\u00f3 \u2013 Matyodesign \u2013 K\u00e9nyelem \u00e9s st\u00edlus","isPartOf":{"@id":"https:\/\/matyodesign.hu\/#website"},"primaryImageOfPage":{"@id":"https:\/\/matyodesign.hu\/termek\/himzett-garbo\/#primaryimage"},"image":{"@id":"https:\/\/matyodesign.hu\/termek\/himzett-garbo\/#primaryimage"},"thumbnailUrl":"https:\/\/matyodesign.hu\/wp-content\/uploads\/2024\/09\/matyodesign_feher_garbo_3.webp","datePublished":"2024-09-30T22:01:00+00:00","dateModified":"2026-04-24T20:58:58+00:00","description":"Fedezd fel a h\u00edmzett garb\u00f3t, melyet a tardi asszonyok k\u00e9sz\u00edtettek! Meleg, k\u00e9nyelmes viselet a hideg napokra, tavaszig. V\u00e1laszd a maty\u00f3 h\u00edmz\u00e9st!","breadcrumb":{"@id":"https:\/\/matyodesign.hu\/termek\/himzett-garbo\/#breadcrumb"},"inLanguage":"de","potentialAction":[{"@type":"ReadAction","target":["https:\/\/matyodesign.hu\/termek\/himzett-garbo\/"]}]},{"@type":"ImageObject","inLanguage":"de","@id":"https:\/\/matyodesign.hu\/termek\/himzett-garbo\/#primaryimage","url":"https:\/\/matyodesign.hu\/wp-content\/uploads\/2024\/09\/matyodesign_feher_garbo_3.webp","contentUrl":"https:\/\/matyodesign.hu\/wp-content\/uploads\/2024\/09\/matyodesign_feher_garbo_3.webp","width":2160,"height":2160,"caption":"Garb\u00f3 feh\u00e9r, modern n\u00e9pi ruh\u00e1k"},{"@type":"BreadcrumbList","@id":"https:\/\/matyodesign.hu\/termek\/himzett-garbo\/#breadcrumb","itemListElement":[{"@type":"ListItem","position":1,"name":"Kezd\u0151lap","item":"https:\/\/matyodesign.hu\/"},{"@type":"ListItem","position":2,"name":"Webshop","item":"https:\/\/matyodesign.hu\/webshop\/"},{"@type":"ListItem","position":3,"name":"GARB\u00d3K"}]},{"@type":"WebSite","@id":"https:\/\/matyodesign.hu\/#website","url":"https:\/\/matyodesign.hu\/","name":"matyodesign","description":"K\u00e9zzel. Szeretettel. Neked.","potentialAction":[{"@type":"SearchAction","target":{"@type":"EntryPoint","urlTemplate":"https:\/\/matyodesign.hu\/?s={search_term_string}"},"query-input":{"@type":"PropertyValueSpecification","valueRequired":true,"valueName":"search_term_string"}}],"inLanguage":"de"}]}},"_links":{"self":[{"href":"https:\/\/matyodesign.hu\/de\/wp-json\/wp\/v2\/product\/101389","targetHints":{"allow":["GET"]}}],"collection":[{"href":"https:\/\/matyodesign.hu\/de\/wp-json\/wp\/v2\/product"}],"about":[{"href":"https:\/\/matyodesign.hu\/de\/wp-json\/wp\/v2\/types\/product"}],"wp:featuredmedia":[{"embeddable":true,"href":"https:\/\/matyodesign.hu\/de\/wp-json\/wp\/v2\/media\/101403"}],"wp:attachment":[{"href":"https:\/\/matyodesign.hu\/de\/wp-json\/wp\/v2\/media?parent=101389"}],"wp:term":[{"taxonomy":"product_brand","embeddable":true,"href":"https:\/\/matyodesign.hu\/de\/wp-json\/wp\/v2\/product_brand?post=101389"},{"taxonomy":"product_cat","embeddable":true,"href":"https:\/\/matyodesign.hu\/de\/wp-json\/wp\/v2\/product_cat?post=101389"},{"taxonomy":"product_tag","embeddable":true,"href":"https:\/\/matyodesign.hu\/de\/wp-json\/wp\/v2\/product_tag?post=101389"}],"curies":[{"name":"wp","href":"https:\/\/api.w.org\/{rel}","templated":true}]}}