{"id":101627,"date":"2025-08-30T09:21:10","date_gmt":"2025-08-30T07:21:10","guid":{"rendered":"https:\/\/matyodesign.hu\/?post_type=product&#038;p=101627"},"modified":"2026-03-30T21:54:16","modified_gmt":"2026-03-30T19:54:16","slug":"maxi-neszesszer","status":"publish","type":"product","link":"https:\/\/matyodesign.hu\/de\/produkt\/maxi-neszesszer\/","title":{"rendered":"MAXI KOSMETIKTASCHE"},"content":{"rendered":"<h4 data-start=\"68\" data-end=\"135\"><strong data-start=\"72\" data-end=\"135\">Matyodesign maxi neszesszer \u2013 elegancia \u00e9s praktikum egyben<\/strong><\/h4>\n<p data-start=\"137\" data-end=\"520\">Der <strong>matyodesign maxi neszesszer<\/strong> a t\u00f6k\u00e9letes v\u00e1laszt\u00e1s azok sz\u00e1m\u00e1ra, akik szeretn\u00e9k a <strong data-start=\"224\" data-end=\"254\">sz\u00e9ps\u00e9g\u00e1pol\u00e1si term\u00e9keike t<\/strong>st\u00edlusosan \u00e9s rendezett m\u00f3don t\u00e1rolni. A <strong data-start=\"296\" data-end=\"314\">k\u00e9zzel h\u00edmzett<\/strong> diz\u00e1jn nemcsak praktikus, hanem a m<strong data-start=\"349\" data-end=\"364\">atyodesign<\/strong> egyedi, k\u00e9zm\u0171ves var\u00e1zs\u00e1t is t\u00fckr\u00f6zi. Ide\u00e1lis kieg\u00e9sz\u00edt\u0151 utaz\u00e1shoz vagy a mindennapokra, hiszen egyszerre \u00f6tv\u00f6zi a funkcionalit\u00e1st \u00e9s a kifinomult diz\u00e1jnt.<\/p>\n<ul>\n<li data-start=\"522\" data-end=\"1246\"><strong data-start=\"525\" data-end=\"550\">K\u00e9zzel h\u00edmzett diz\u00e1jn<\/strong> \u2013 minden egyes neszesszer egyedileg, k\u00e9zzel h\u00edmezve, biztos\u00edtva a legnagyobb odafigyel\u00e9st \u00e9s r\u00e9szletess\u00e9get.<\/li>\n<li data-start=\"522\" data-end=\"1246\"><strong data-start=\"665\" data-end=\"680\">T\u00e1gas m\u00e9ret<\/strong> \u2013 <strong data-start=\"683\" data-end=\"728\">28 cm sz\u00e9les, 18 cm magas \u00e9s 10 cm vastag<\/strong>, amely b\u0151s\u00e9ges helyet biztos\u00edt a sz\u00e9ps\u00e9g\u00e1pol\u00e1si term\u00e9keknek vagy egy\u00e9b alapvet\u0151 dolgoknak.<\/li>\n<li data-start=\"522\" data-end=\"1246\"><strong data-start=\"825\" data-end=\"849\">Praktikus \u00e9s eleg\u00e1ns<\/strong> \u2013 a <strong>maxi neszesszer<\/strong> ide\u00e1lis v\u00e1laszt\u00e1s utaz\u00e1shoz vagy mindennapi haszn\u00e1latra, ha praktikus t\u00e1rol\u00f3t keresel.<\/li>\n<li data-start=\"522\" data-end=\"1246\"><strong data-start=\"966\" data-end=\"991\">T\u00f6bb sz\u00ednben el\u00e9rhet\u0151<\/strong> \u2013 <strong>blaues Gold<\/strong>, <strong data-start=\"1009\" data-end=\"1026\">blau rosa<\/strong> \u00e9s <strong data-start=\"1030\" data-end=\"1044\">Beige-Burgund<\/strong> sz\u00ednekben kaphat\u00f3, hogy mindenki megtal\u00e1lja az \u00edzl\u00e9s\u00e9nek megfelel\u0151 \u00e1rnyalatot.<\/li>\n<li data-start=\"522\" data-end=\"1246\"><strong data-start=\"1129\" data-end=\"1147\">Kiv\u00e1l\u00f3 min\u0151s\u00e9g<\/strong> \u2013 a pr\u00e9mium anyagok \u00e9s az apr\u00f3l\u00e9kos k\u00e9zi h\u00edmz\u00e9s garant\u00e1lj\u00e1k, hogy hossz\u00fa \u00e9veken \u00e1t haszn\u00e1lhatod.<\/li>\n<\/ul>\n<p data-start=\"1248\" data-end=\"1430\">Der <strong>matyodesign maxi neszesszer<\/strong> nemcsak a sz\u00e9ps\u00e9g\u00e1pol\u00e1si term\u00e9keid rendszerez\u00e9s\u00e9re ide\u00e1lis, hanem egy eleg\u00e1ns kieg\u00e9sz\u00edt\u0151, amely megjelen\u00e9s\u00e9ben is a matyodesign egyedis\u00e9g\u00e9t t\u00fckr\u00f6zi.<\/p>\n<p data-start=\"1432\" data-end=\"1461\"><strong data-start=\"1435\" data-end=\"1459\">\u00c4hnliche Produkte:<\/strong><\/p>\n<ul data-start=\"1462\" data-end=\"1549\">\n<li data-start=\"1462\" data-end=\"1498\"><a href=\"#\" rel=\"noopener\" data-start=\"1464\" data-end=\"1496\">matyodesign mini neszesszer<\/a><\/li>\n<li data-start=\"1499\" data-end=\"1549\"><a href=\"#\" rel=\"noopener\" data-start=\"1501\" data-end=\"1549\">matyodesign exkluz\u00edv p\u00e1vatoll h\u00edmzett kab\u00e1t<\/a><\/li>\n<\/ul>\n<p><strong>Wusstest du?<\/strong><\/p>\n<p>Unsere handgefertigten Produkte bieten Arbeit f\u00fcr 45 Frauen in Tardo, einem kleinen Dorf im Nordosten Ungarns. Die Mission von matyodesign besteht nicht nur darin, die Tradition am Leben zu erhalten, sondern sie auch auf hohem Niveau neu zu erschaffen, mit Blick auf die Einzigartigkeit und gleichzeitig unter Ber\u00fccksichtigung der Herausforderungen der Gegenwart.<br \/>\nWir haben die matyodesign-Community gegr\u00fcndet, nicht zu vergessen die Bestrebungen, die mit den Herausforderungen der heutigen Welt \u00fcbereinstimmen: Wir leben in einem ethischen Gesch\u00e4ftsmodell, Wertsch\u00f6pfung im Laufe der Zeit anstelle von Wegwerfprodukten und verantwortungsvolles Einkaufen und Nachhaltigkeit sind dar\u00fcber hinaus auch wichtige Teile unseres Ethos zur Weitergabe der Werte der Vergangenheit. Die Maty\u00f3-Stickerei wurde in die UNESCO-Liste des geistigen und kulturellen Erbes aufgenommen.<\/p>\n<ul>\n<li>Folge uns auch auf unserer Facebook-Seite: <a href=\"https:\/\/www.facebook.com\/matyodesign\">https:\/\/www.facebook.com\/matyodesign<\/a><\/li>\n<li>Du findest uns auch auf Instagram: <a href=\"https:\/\/www.instagram.com\/matyodesign\/\">https:\/\/www.instagram.com\/matyodesign\/<\/a><\/li>\n<\/ul>","protected":false},"excerpt":{"rendered":"<p>Das ger\u00e4umige und elegante Maxi Necessaire ist handbestickt und somit die perfekte Wahl zur Organisation deiner Sch\u00f6nheitsprodukte. Es ist das ideale Accessoire f\u00fcr Reisen oder den t\u00e4glichen Gebrauch, das Praktikabilit\u00e4t mit dem einzigartigen, handgefertigten Charme von matyodesign vereint.<\/p>","protected":false},"featured_media":101684,"template":"","meta":[],"product_brand":[],"product_cat":[85,79,94],"product_tag":[],"class_list":{"0":"post-101627","1":"product","2":"type-product","3":"status-publish","4":"has-post-thumbnail","6":"product_cat-kiegeszito","7":"product_cat-noknek","8":"product_cat-ujdonsagok","10":"first","11":"instock","12":"shipping-taxable","13":"purchasable","14":"product-type-variable"},"yoast_head":"<!-- This site is optimized with the Yoast SEO plugin v27.4 - https:\/\/yoast.com\/product\/yoast-seo-wordpress\/ -->\n<title>H\u00edmzett, maty\u00f3 maxi neszesszer \u2013 Matyodesign<\/title>\n<meta name=\"description\" content=\"Praktikus \u00e9s eleg\u00e1ns maxi neszesszer, k\u00e9zzel h\u00edmzett mint\u00e1val. T\u00f6k\u00e9letes v\u00e1laszt\u00e1s utaz\u00e1shoz \u00e9s mindennapi haszn\u00e1latra.\" \/>\n<meta name=\"robots\" content=\"index, follow, max-snippet:-1, max-image-preview:large, max-video-preview:-1\" \/>\n<link rel=\"canonical\" href=\"https:\/\/matyodesign.hu\/de\/produkt\/maxi-neszesszer\/\" \/>\n<meta property=\"og:locale\" content=\"de_DE\" \/>\n<meta property=\"og:type\" content=\"article\" \/>\n<meta property=\"og:title\" content=\"H\u00edmzett, maty\u00f3 maxi neszesszer \u2013 Matyodesign\" \/>\n<meta property=\"og:description\" content=\"Praktikus \u00e9s eleg\u00e1ns maxi neszesszer, k\u00e9zzel h\u00edmzett mint\u00e1val. T\u00f6k\u00e9letes v\u00e1laszt\u00e1s utaz\u00e1shoz \u00e9s mindennapi haszn\u00e1latra.\" \/>\n<meta property=\"og:url\" content=\"https:\/\/matyodesign.hu\/de\/produkt\/maxi-neszesszer\/\" \/>\n<meta property=\"og:site_name\" content=\"matyodesign\" \/>\n<meta property=\"article:modified_time\" content=\"2026-03-30T19:54:16+00:00\" \/>\n<meta property=\"og:image\" content=\"https:\/\/matyodesign.hu\/wp-content\/uploads\/2024\/11\/matyodesign_maxi_neszeszer_kek_arany.webp\" \/>\n\t<meta property=\"og:image:width\" content=\"2160\" \/>\n\t<meta property=\"og:image:height\" content=\"2160\" \/>\n\t<meta property=\"og:image:type\" content=\"image\/webp\" \/>\n<meta name=\"twitter:card\" content=\"summary_large_image\" \/>\n<meta name=\"twitter:label1\" content=\"Gesch\u00e4tzte Lesezeit\" \/>\n\t<meta name=\"twitter:data1\" content=\"2\u00a0Minuten\" \/>\n<script type=\"application\/ld+json\" class=\"yoast-schema-graph\">{\"@context\":\"https:\\\/\\\/schema.org\",\"@graph\":[{\"@type\":\"WebPage\",\"@id\":\"https:\\\/\\\/matyodesign.hu\\\/termek\\\/maxi-neszesszer\\\/\",\"url\":\"https:\\\/\\\/matyodesign.hu\\\/termek\\\/maxi-neszesszer\\\/\",\"name\":\"H\u00edmzett, maty\u00f3 maxi neszesszer \u2013 Matyodesign\",\"isPartOf\":{\"@id\":\"https:\\\/\\\/matyodesign.hu\\\/#website\"},\"primaryImageOfPage\":{\"@id\":\"https:\\\/\\\/matyodesign.hu\\\/termek\\\/maxi-neszesszer\\\/#primaryimage\"},\"image\":{\"@id\":\"https:\\\/\\\/matyodesign.hu\\\/termek\\\/maxi-neszesszer\\\/#primaryimage\"},\"thumbnailUrl\":\"https:\\\/\\\/matyodesign.hu\\\/wp-content\\\/uploads\\\/2024\\\/11\\\/matyodesign_maxi_neszeszer_kek_arany.webp\",\"datePublished\":\"2025-08-30T07:21:10+00:00\",\"dateModified\":\"2026-03-30T19:54:16+00:00\",\"description\":\"Praktikus \u00e9s eleg\u00e1ns maxi neszesszer, k\u00e9zzel h\u00edmzett mint\u00e1val. T\u00f6k\u00e9letes v\u00e1laszt\u00e1s utaz\u00e1shoz \u00e9s mindennapi haszn\u00e1latra.\",\"breadcrumb\":{\"@id\":\"https:\\\/\\\/matyodesign.hu\\\/termek\\\/maxi-neszesszer\\\/#breadcrumb\"},\"inLanguage\":\"de\",\"potentialAction\":[{\"@type\":\"ReadAction\",\"target\":[\"https:\\\/\\\/matyodesign.hu\\\/termek\\\/maxi-neszesszer\\\/\"]}]},{\"@type\":\"ImageObject\",\"inLanguage\":\"de\",\"@id\":\"https:\\\/\\\/matyodesign.hu\\\/termek\\\/maxi-neszesszer\\\/#primaryimage\",\"url\":\"https:\\\/\\\/matyodesign.hu\\\/wp-content\\\/uploads\\\/2024\\\/11\\\/matyodesign_maxi_neszeszer_kek_arany.webp\",\"contentUrl\":\"https:\\\/\\\/matyodesign.hu\\\/wp-content\\\/uploads\\\/2024\\\/11\\\/matyodesign_maxi_neszeszer_kek_arany.webp\",\"width\":2160,\"height\":2160,\"caption\":\"Maxi neszeszer k\u00e9k arany, h\u00edmzett ruha web\u00e1ruh\u00e1z\"},{\"@type\":\"BreadcrumbList\",\"@id\":\"https:\\\/\\\/matyodesign.hu\\\/termek\\\/maxi-neszesszer\\\/#breadcrumb\",\"itemListElement\":[{\"@type\":\"ListItem\",\"position\":1,\"name\":\"Kezd\u0151lap\",\"item\":\"https:\\\/\\\/matyodesign.hu\\\/\"},{\"@type\":\"ListItem\",\"position\":2,\"name\":\"Webshop\",\"item\":\"https:\\\/\\\/matyodesign.hu\\\/webshop\\\/\"},{\"@type\":\"ListItem\",\"position\":3,\"name\":\"MAXI NESZESSZER\"}]},{\"@type\":\"WebSite\",\"@id\":\"https:\\\/\\\/matyodesign.hu\\\/#website\",\"url\":\"https:\\\/\\\/matyodesign.hu\\\/\",\"name\":\"matyodesign\",\"description\":\"K\u00e9zzel. Szeretettel. Neked.\",\"potentialAction\":[{\"@type\":\"SearchAction\",\"target\":{\"@type\":\"EntryPoint\",\"urlTemplate\":\"https:\\\/\\\/matyodesign.hu\\\/?s={search_term_string}\"},\"query-input\":{\"@type\":\"PropertyValueSpecification\",\"valueRequired\":true,\"valueName\":\"search_term_string\"}}],\"inLanguage\":\"de\"}]}<\/script>\n<!-- \/ Yoast SEO plugin. -->","yoast_head_json":{"title":"H\u00edmzett, maty\u00f3 maxi neszesszer \u2013 Matyodesign","description":"Praktikus \u00e9s eleg\u00e1ns maxi neszesszer, k\u00e9zzel h\u00edmzett mint\u00e1val. T\u00f6k\u00e9letes v\u00e1laszt\u00e1s utaz\u00e1shoz \u00e9s mindennapi haszn\u00e1latra.","robots":{"index":"index","follow":"follow","max-snippet":"max-snippet:-1","max-image-preview":"max-image-preview:large","max-video-preview":"max-video-preview:-1"},"canonical":"https:\/\/matyodesign.hu\/de\/produkt\/maxi-neszesszer\/","og_locale":"de_DE","og_type":"article","og_title":"H\u00edmzett, maty\u00f3 maxi neszesszer \u2013 Matyodesign","og_description":"Praktikus \u00e9s eleg\u00e1ns maxi neszesszer, k\u00e9zzel h\u00edmzett mint\u00e1val. T\u00f6k\u00e9letes v\u00e1laszt\u00e1s utaz\u00e1shoz \u00e9s mindennapi haszn\u00e1latra.","og_url":"https:\/\/matyodesign.hu\/de\/produkt\/maxi-neszesszer\/","og_site_name":"matyodesign","article_modified_time":"2026-03-30T19:54:16+00:00","og_image":[{"width":2160,"height":2160,"url":"https:\/\/matyodesign.hu\/wp-content\/uploads\/2024\/11\/matyodesign_maxi_neszeszer_kek_arany.webp","type":"image\/webp"}],"twitter_card":"summary_large_image","twitter_misc":{"Gesch\u00e4tzte Lesezeit":"2\u00a0Minuten"},"schema":{"@context":"https:\/\/schema.org","@graph":[{"@type":"WebPage","@id":"https:\/\/matyodesign.hu\/termek\/maxi-neszesszer\/","url":"https:\/\/matyodesign.hu\/termek\/maxi-neszesszer\/","name":"H\u00edmzett, maty\u00f3 maxi neszesszer \u2013 Matyodesign","isPartOf":{"@id":"https:\/\/matyodesign.hu\/#website"},"primaryImageOfPage":{"@id":"https:\/\/matyodesign.hu\/termek\/maxi-neszesszer\/#primaryimage"},"image":{"@id":"https:\/\/matyodesign.hu\/termek\/maxi-neszesszer\/#primaryimage"},"thumbnailUrl":"https:\/\/matyodesign.hu\/wp-content\/uploads\/2024\/11\/matyodesign_maxi_neszeszer_kek_arany.webp","datePublished":"2025-08-30T07:21:10+00:00","dateModified":"2026-03-30T19:54:16+00:00","description":"Praktikus \u00e9s eleg\u00e1ns maxi neszesszer, k\u00e9zzel h\u00edmzett mint\u00e1val. T\u00f6k\u00e9letes v\u00e1laszt\u00e1s utaz\u00e1shoz \u00e9s mindennapi haszn\u00e1latra.","breadcrumb":{"@id":"https:\/\/matyodesign.hu\/termek\/maxi-neszesszer\/#breadcrumb"},"inLanguage":"de","potentialAction":[{"@type":"ReadAction","target":["https:\/\/matyodesign.hu\/termek\/maxi-neszesszer\/"]}]},{"@type":"ImageObject","inLanguage":"de","@id":"https:\/\/matyodesign.hu\/termek\/maxi-neszesszer\/#primaryimage","url":"https:\/\/matyodesign.hu\/wp-content\/uploads\/2024\/11\/matyodesign_maxi_neszeszer_kek_arany.webp","contentUrl":"https:\/\/matyodesign.hu\/wp-content\/uploads\/2024\/11\/matyodesign_maxi_neszeszer_kek_arany.webp","width":2160,"height":2160,"caption":"Maxi neszeszer k\u00e9k arany, h\u00edmzett ruha web\u00e1ruh\u00e1z"},{"@type":"BreadcrumbList","@id":"https:\/\/matyodesign.hu\/termek\/maxi-neszesszer\/#breadcrumb","itemListElement":[{"@type":"ListItem","position":1,"name":"Kezd\u0151lap","item":"https:\/\/matyodesign.hu\/"},{"@type":"ListItem","position":2,"name":"Webshop","item":"https:\/\/matyodesign.hu\/webshop\/"},{"@type":"ListItem","position":3,"name":"MAXI NESZESSZER"}]},{"@type":"WebSite","@id":"https:\/\/matyodesign.hu\/#website","url":"https:\/\/matyodesign.hu\/","name":"matyodesign","description":"K\u00e9zzel. Szeretettel. Neked.","potentialAction":[{"@type":"SearchAction","target":{"@type":"EntryPoint","urlTemplate":"https:\/\/matyodesign.hu\/?s={search_term_string}"},"query-input":{"@type":"PropertyValueSpecification","valueRequired":true,"valueName":"search_term_string"}}],"inLanguage":"de"}]}},"_links":{"self":[{"href":"https:\/\/matyodesign.hu\/de\/wp-json\/wp\/v2\/product\/101627","targetHints":{"allow":["GET"]}}],"collection":[{"href":"https:\/\/matyodesign.hu\/de\/wp-json\/wp\/v2\/product"}],"about":[{"href":"https:\/\/matyodesign.hu\/de\/wp-json\/wp\/v2\/types\/product"}],"wp:featuredmedia":[{"embeddable":true,"href":"https:\/\/matyodesign.hu\/de\/wp-json\/wp\/v2\/media\/101684"}],"wp:attachment":[{"href":"https:\/\/matyodesign.hu\/de\/wp-json\/wp\/v2\/media?parent=101627"}],"wp:term":[{"taxonomy":"product_brand","embeddable":true,"href":"https:\/\/matyodesign.hu\/de\/wp-json\/wp\/v2\/product_brand?post=101627"},{"taxonomy":"product_cat","embeddable":true,"href":"https:\/\/matyodesign.hu\/de\/wp-json\/wp\/v2\/product_cat?post=101627"},{"taxonomy":"product_tag","embeddable":true,"href":"https:\/\/matyodesign.hu\/de\/wp-json\/wp\/v2\/product_tag?post=101627"}],"curies":[{"name":"wp","href":"https:\/\/api.w.org\/{rel}","templated":true}]}}