{"id":101988,"date":"2025-04-14T20:36:17","date_gmt":"2025-04-14T18:36:17","guid":{"rendered":"https:\/\/matyodesign.hu\/?post_type=product&#038;p=101988"},"modified":"2025-11-19T06:41:34","modified_gmt":"2025-11-19T05:41:34","slug":"polo-szivecske","status":"publish","type":"product","link":"https:\/\/matyodesign.hu\/de\/produkt\/t-shirt-herz\/","title":{"rendered":"T-SHIRT \u2013 HERZ"},"content":{"rendered":"<p>NEUES T-Shirt! Entdecke das neue Damen-T-Shirt von Matyodesign, verziert mit kleinen roten Herzen! Hergestellt aus bequemem, nachhaltigem Baumwollstoff, ist es ein Symbol der Liebe.<\/p>\n<p><strong>Aus dem Herzen gemacht: das neueste Damen-T-Shirt von Matyodesign<\/strong><\/p>\n<p>Dieses besondere Damen-T-Shirt ist ein Symbol f\u00fcr Liebe und Einzigartigkeit. Das Design mit kleinen roten Herzen ist modern und verspielt, tr\u00e4gt aber gleichzeitig den traditionsbewussten Stil von Matyodesign in sich.<\/p>\n<p><strong>Warum dieses T-Shirt w\u00e4hlen?<\/strong><\/p>\n<ul>\n<li><strong>Pers\u00f6nliche Nachricht:<\/strong> Das Herz ist ein universelles Symbol f\u00fcr Emotionen, Liebe und Harmonie. Es ist die perfekte Wahl, wenn du ein einzigartiges und ausdrucksstarkes St\u00fcck suchst.<\/li>\n<li><strong>Hochwertige Materialien:<\/strong> Aus nachhaltig bezogener Baumwolle gefertigt, die sich weich anf\u00fchlt und den ganzen Tag \u00fcber angenehmen Tragekomfort bietet.<\/li>\n<li><strong>Modernes Design:<\/strong> Die kleinen roten Herzen verleihen jedem Outfit Frische und Fr\u00f6hlichkeit.<\/li>\n<li><strong>Handgefertigte Details:<\/strong> Jedes St\u00fcck ist mit Pr\u00e4zision gefertigt und macht es zu einem wirklich besonderen Kleidungsst\u00fcck.<\/li>\n<\/ul>\n<p>Dieses T-Shirt ist auch eine gro\u00dfartige Geschenkidee, wenn du m\u00f6chtest, dass der Beschenkte die Botschaft der Liebe immer bei sich tr\u00e4gt.<\/p>\n<p><strong>Stil und Tradition an einem Ort.<\/strong><br \/>\nIn den Produkten von matyodesign treffen ungarische Handwerkstraditionen auf moderne Nachhaltigkeitswerte. W\u00e4hle dieses Damen-T-Shirt und unterst\u00fctze die lokale Handwerksgemeinschaft!<\/p>\n<p>Vervollst\u00e4ndige dein Outfit mit weiteren Accessoires von matyodesign. Schau in unserem Webshop vorbei und finde die perfekte Kombination: <a href=\"https:\/\/matyodesign.hu\/de\/\" target=\"_new\" rel=\"noopener\">https:\/\/matyodesign.hu<\/a><\/p>\n<p><strong>Wusstest du?<\/strong><\/p>\n<p>Unsere handgefertigten Produkte bieten Arbeit f\u00fcr 45 Frauen in Tardo, einem kleinen Dorf im Nordosten Ungarns. Die Mission von matyodesign besteht nicht nur darin, die Tradition am Leben zu erhalten, sondern sie auch auf hohem Niveau neu zu erschaffen, mit Blick auf die Einzigartigkeit und gleichzeitig unter Ber\u00fccksichtigung der Herausforderungen der Gegenwart.<\/p>\n<p>Wir haben die matyodesign-Community gegr\u00fcndet, nicht zu vergessen die Bestrebungen, die mit den Herausforderungen der heutigen Welt \u00fcbereinstimmen: Wir leben in einem ethischen Gesch\u00e4ftsmodell, Wertsch\u00f6pfung im Laufe der Zeit anstelle von Wegwerfprodukten und verantwortungsvolles Einkaufen und Nachhaltigkeit sind dar\u00fcber hinaus auch wichtige Teile unseres Ethos zur Weitergabe der Werte der Vergangenheit. Die Maty\u00f3-Stickerei wurde in die UNESCO-Liste des geistigen und kulturellen Erbes aufgenommen.<\/p>\n<p>Folge uns auch auf unserer Facebook-Seite: <a href=\"https:\/\/www.facebook.com\/matyodesign\">https:\/\/www.facebook.com\/matyodesign<\/a><\/p>\n<p>Du findest uns auch auf Instagram: <a href=\"https:\/\/www.instagram.com\/matyodesign\/\">https:\/\/www.instagram.com\/matyodesign\/<\/a><\/p>","protected":false},"excerpt":{"rendered":"<div dir=\"auto\">\n<p>Entdecke das neueste Damen-T-Shirt von Matyodesign. Aus bequemem, weichem Baumwollstoff und mit einem schlichten Design ist es die perfekte Wahl f\u00fcr den Alltag oder besondere Anl\u00e4sse. Dieses T-Shirt tr\u00e4gt nicht nur Herzen, sondern auch die Liebe zur traditionellen Maty\u00f3-Stickerei in sich.<\/p>\n<\/div>\n<p>&nbsp;<\/p>","protected":false},"featured_media":102179,"template":"","meta":[],"product_brand":[],"product_cat":[79,367],"product_tag":[],"class_list":{"0":"post-101988","1":"product","2":"type-product","3":"status-publish","4":"has-post-thumbnail","6":"product_cat-noknek","7":"product_cat-polok","9":"first","10":"instock","11":"shipping-taxable","12":"purchasable","13":"product-type-variable","14":"has-default-attributes"},"yoast_head":"<!-- This site is optimized with the Yoast SEO plugin v27.0 - https:\/\/yoast.com\/product\/yoast-seo-wordpress\/ -->\n<title>Sz\u00edvecske egyedi h\u00edmzett p\u00f3l\u00f3 \u2013 Matyodesign<\/title>\n<meta name=\"description\" content=\"Fedezd fel a Matyodesign n\u0151i p\u00f3l\u00f3t sz\u00edvecske mint\u00e1val! K\u00e9zzel h\u00edmzett, puha pamut anyag, amely a maty\u00f3 h\u00edmz\u00e9st \u00e9s a st\u00edlust \u00f6tv\u00f6zi. V\u00e1s\u00e1rold meg most!\" \/>\n<meta name=\"robots\" content=\"index, follow, max-snippet:-1, max-image-preview:large, max-video-preview:-1\" \/>\n<link rel=\"canonical\" href=\"https:\/\/matyodesign.hu\/de\/produkt\/t-shirt-herz\/\" \/>\n<meta property=\"og:locale\" content=\"de_DE\" \/>\n<meta property=\"og:type\" content=\"article\" \/>\n<meta property=\"og:title\" content=\"Sz\u00edvecske egyedi h\u00edmzett p\u00f3l\u00f3 \u2013 Matyodesign\" \/>\n<meta property=\"og:description\" content=\"Fedezd fel a Matyodesign n\u0151i p\u00f3l\u00f3t sz\u00edvecske mint\u00e1val! K\u00e9zzel h\u00edmzett, puha pamut anyag, amely a maty\u00f3 h\u00edmz\u00e9st \u00e9s a st\u00edlust \u00f6tv\u00f6zi. V\u00e1s\u00e1rold meg most!\" \/>\n<meta property=\"og:url\" content=\"https:\/\/matyodesign.hu\/de\/produkt\/t-shirt-herz\/\" \/>\n<meta property=\"og:site_name\" content=\"matyodesign\" \/>\n<meta property=\"article:modified_time\" content=\"2025-11-19T05:41:34+00:00\" \/>\n<meta property=\"og:image\" content=\"https:\/\/matyodesign.hu\/wp-content\/uploads\/2025\/01\/matyodesign_szivecske_feher_1.png\" \/>\n\t<meta property=\"og:image:width\" content=\"1080\" \/>\n\t<meta property=\"og:image:height\" content=\"1080\" \/>\n\t<meta property=\"og:image:type\" content=\"image\/png\" \/>\n<meta name=\"twitter:card\" content=\"summary_large_image\" \/>\n<meta name=\"twitter:label1\" content=\"Gesch\u00e4tzte Lesezeit\" \/>\n\t<meta name=\"twitter:data1\" content=\"2\u00a0Minuten\" \/>\n<script type=\"application\/ld+json\" class=\"yoast-schema-graph\">{\"@context\":\"https:\/\/schema.org\",\"@graph\":[{\"@type\":\"WebPage\",\"@id\":\"https:\/\/matyodesign.hu\/termek\/polo-szivecske\/\",\"url\":\"https:\/\/matyodesign.hu\/termek\/polo-szivecske\/\",\"name\":\"Sz\u00edvecske egyedi h\u00edmzett p\u00f3l\u00f3 \u2013 Matyodesign\",\"isPartOf\":{\"@id\":\"https:\/\/matyodesign.hu\/#website\"},\"primaryImageOfPage\":{\"@id\":\"https:\/\/matyodesign.hu\/termek\/polo-szivecske\/#primaryimage\"},\"image\":{\"@id\":\"https:\/\/matyodesign.hu\/termek\/polo-szivecske\/#primaryimage\"},\"thumbnailUrl\":\"https:\/\/matyodesign.hu\/wp-content\/uploads\/2025\/01\/matyodesign_szivecske_feher_1.png\",\"datePublished\":\"2025-04-14T18:36:17+00:00\",\"dateModified\":\"2025-11-19T05:41:34+00:00\",\"description\":\"Fedezd fel a Matyodesign n\u0151i p\u00f3l\u00f3t sz\u00edvecske mint\u00e1val! K\u00e9zzel h\u00edmzett, puha pamut anyag, amely a maty\u00f3 h\u00edmz\u00e9st \u00e9s a st\u00edlust \u00f6tv\u00f6zi. V\u00e1s\u00e1rold meg most!\",\"breadcrumb\":{\"@id\":\"https:\/\/matyodesign.hu\/termek\/polo-szivecske\/#breadcrumb\"},\"inLanguage\":\"de\",\"potentialAction\":[{\"@type\":\"ReadAction\",\"target\":[\"https:\/\/matyodesign.hu\/termek\/polo-szivecske\/\"]}]},{\"@type\":\"ImageObject\",\"inLanguage\":\"de\",\"@id\":\"https:\/\/matyodesign.hu\/termek\/polo-szivecske\/#primaryimage\",\"url\":\"https:\/\/matyodesign.hu\/wp-content\/uploads\/2025\/01\/matyodesign_szivecske_feher_1.png\",\"contentUrl\":\"https:\/\/matyodesign.hu\/wp-content\/uploads\/2025\/01\/matyodesign_szivecske_feher_1.png\",\"width\":1080,\"height\":1080},{\"@type\":\"BreadcrumbList\",\"@id\":\"https:\/\/matyodesign.hu\/termek\/polo-szivecske\/#breadcrumb\",\"itemListElement\":[{\"@type\":\"ListItem\",\"position\":1,\"name\":\"Kezd\u0151lap\",\"item\":\"https:\/\/matyodesign.hu\/\"},{\"@type\":\"ListItem\",\"position\":2,\"name\":\"Webshop\",\"item\":\"https:\/\/matyodesign.hu\/webshop\/\"},{\"@type\":\"ListItem\",\"position\":3,\"name\":\"P\u00d3L\u00d3 &#8211; SZIVECSKE\"}]},{\"@type\":\"WebSite\",\"@id\":\"https:\/\/matyodesign.hu\/#website\",\"url\":\"https:\/\/matyodesign.hu\/\",\"name\":\"matyodesign\",\"description\":\"K\u00e9zzel. Szeretettel. Neked.\",\"potentialAction\":[{\"@type\":\"SearchAction\",\"target\":{\"@type\":\"EntryPoint\",\"urlTemplate\":\"https:\/\/matyodesign.hu\/?s={search_term_string}\"},\"query-input\":{\"@type\":\"PropertyValueSpecification\",\"valueRequired\":true,\"valueName\":\"search_term_string\"}}],\"inLanguage\":\"de\"}]}<\/script>\n<!-- \/ Yoast SEO plugin. -->","yoast_head_json":{"title":"Sz\u00edvecske egyedi h\u00edmzett p\u00f3l\u00f3 \u2013 Matyodesign","description":"Fedezd fel a Matyodesign n\u0151i p\u00f3l\u00f3t sz\u00edvecske mint\u00e1val! K\u00e9zzel h\u00edmzett, puha pamut anyag, amely a maty\u00f3 h\u00edmz\u00e9st \u00e9s a st\u00edlust \u00f6tv\u00f6zi. V\u00e1s\u00e1rold meg most!","robots":{"index":"index","follow":"follow","max-snippet":"max-snippet:-1","max-image-preview":"max-image-preview:large","max-video-preview":"max-video-preview:-1"},"canonical":"https:\/\/matyodesign.hu\/de\/produkt\/t-shirt-herz\/","og_locale":"de_DE","og_type":"article","og_title":"Sz\u00edvecske egyedi h\u00edmzett p\u00f3l\u00f3 \u2013 Matyodesign","og_description":"Fedezd fel a Matyodesign n\u0151i p\u00f3l\u00f3t sz\u00edvecske mint\u00e1val! K\u00e9zzel h\u00edmzett, puha pamut anyag, amely a maty\u00f3 h\u00edmz\u00e9st \u00e9s a st\u00edlust \u00f6tv\u00f6zi. V\u00e1s\u00e1rold meg most!","og_url":"https:\/\/matyodesign.hu\/de\/produkt\/t-shirt-herz\/","og_site_name":"matyodesign","article_modified_time":"2025-11-19T05:41:34+00:00","og_image":[{"width":1080,"height":1080,"url":"https:\/\/matyodesign.hu\/wp-content\/uploads\/2025\/01\/matyodesign_szivecske_feher_1.png","type":"image\/png"}],"twitter_card":"summary_large_image","twitter_misc":{"Gesch\u00e4tzte Lesezeit":"2\u00a0Minuten"},"schema":{"@context":"https:\/\/schema.org","@graph":[{"@type":"WebPage","@id":"https:\/\/matyodesign.hu\/termek\/polo-szivecske\/","url":"https:\/\/matyodesign.hu\/termek\/polo-szivecske\/","name":"Sz\u00edvecske egyedi h\u00edmzett p\u00f3l\u00f3 \u2013 Matyodesign","isPartOf":{"@id":"https:\/\/matyodesign.hu\/#website"},"primaryImageOfPage":{"@id":"https:\/\/matyodesign.hu\/termek\/polo-szivecske\/#primaryimage"},"image":{"@id":"https:\/\/matyodesign.hu\/termek\/polo-szivecske\/#primaryimage"},"thumbnailUrl":"https:\/\/matyodesign.hu\/wp-content\/uploads\/2025\/01\/matyodesign_szivecske_feher_1.png","datePublished":"2025-04-14T18:36:17+00:00","dateModified":"2025-11-19T05:41:34+00:00","description":"Fedezd fel a Matyodesign n\u0151i p\u00f3l\u00f3t sz\u00edvecske mint\u00e1val! K\u00e9zzel h\u00edmzett, puha pamut anyag, amely a maty\u00f3 h\u00edmz\u00e9st \u00e9s a st\u00edlust \u00f6tv\u00f6zi. V\u00e1s\u00e1rold meg most!","breadcrumb":{"@id":"https:\/\/matyodesign.hu\/termek\/polo-szivecske\/#breadcrumb"},"inLanguage":"de","potentialAction":[{"@type":"ReadAction","target":["https:\/\/matyodesign.hu\/termek\/polo-szivecske\/"]}]},{"@type":"ImageObject","inLanguage":"de","@id":"https:\/\/matyodesign.hu\/termek\/polo-szivecske\/#primaryimage","url":"https:\/\/matyodesign.hu\/wp-content\/uploads\/2025\/01\/matyodesign_szivecske_feher_1.png","contentUrl":"https:\/\/matyodesign.hu\/wp-content\/uploads\/2025\/01\/matyodesign_szivecske_feher_1.png","width":1080,"height":1080},{"@type":"BreadcrumbList","@id":"https:\/\/matyodesign.hu\/termek\/polo-szivecske\/#breadcrumb","itemListElement":[{"@type":"ListItem","position":1,"name":"Kezd\u0151lap","item":"https:\/\/matyodesign.hu\/"},{"@type":"ListItem","position":2,"name":"Webshop","item":"https:\/\/matyodesign.hu\/webshop\/"},{"@type":"ListItem","position":3,"name":"P\u00d3L\u00d3 &#8211; SZIVECSKE"}]},{"@type":"WebSite","@id":"https:\/\/matyodesign.hu\/#website","url":"https:\/\/matyodesign.hu\/","name":"matyodesign","description":"K\u00e9zzel. Szeretettel. Neked.","potentialAction":[{"@type":"SearchAction","target":{"@type":"EntryPoint","urlTemplate":"https:\/\/matyodesign.hu\/?s={search_term_string}"},"query-input":{"@type":"PropertyValueSpecification","valueRequired":true,"valueName":"search_term_string"}}],"inLanguage":"de"}]}},"_links":{"self":[{"href":"https:\/\/matyodesign.hu\/de\/wp-json\/wp\/v2\/product\/101988","targetHints":{"allow":["GET"]}}],"collection":[{"href":"https:\/\/matyodesign.hu\/de\/wp-json\/wp\/v2\/product"}],"about":[{"href":"https:\/\/matyodesign.hu\/de\/wp-json\/wp\/v2\/types\/product"}],"wp:featuredmedia":[{"embeddable":true,"href":"https:\/\/matyodesign.hu\/de\/wp-json\/wp\/v2\/media\/102179"}],"wp:attachment":[{"href":"https:\/\/matyodesign.hu\/de\/wp-json\/wp\/v2\/media?parent=101988"}],"wp:term":[{"taxonomy":"product_brand","embeddable":true,"href":"https:\/\/matyodesign.hu\/de\/wp-json\/wp\/v2\/product_brand?post=101988"},{"taxonomy":"product_cat","embeddable":true,"href":"https:\/\/matyodesign.hu\/de\/wp-json\/wp\/v2\/product_cat?post=101988"},{"taxonomy":"product_tag","embeddable":true,"href":"https:\/\/matyodesign.hu\/de\/wp-json\/wp\/v2\/product_tag?post=101988"}],"curies":[{"name":"wp","href":"https:\/\/api.w.org\/{rel}","templated":true}]}}