{"id":102336,"date":"2025-03-19T20:58:52","date_gmt":"2025-03-19T19:58:52","guid":{"rendered":"https:\/\/matyodesign.hu\/?post_type=product&#038;p=102336"},"modified":"2025-06-25T13:43:43","modified_gmt":"2025-06-25T11:43:43","slug":"polo-szivarvany-noi","status":"publish","type":"product","link":"https:\/\/matyodesign.hu\/de\/produkt\/polo-szivarvany-noi\/","title":{"rendered":"REGENBOGEN-T-SHIRT DAMEN"},"content":{"rendered":"<h4 data-start=\"78\" data-end=\"144\"><strong data-start=\"82\" data-end=\"142\">Regenbogen-T-Shirt f\u00fcr Frauen - im Zeichen der Vielfalt und Liebe<\/strong><\/h4>\n<p data-start=\"146\" data-end=\"524\">Wir von Matyodesign glauben, dass die Vielfalt einer der gr\u00f6\u00dften Vorteile der Welt ist. Dieses T-Shirt ist nicht nur ein modisches Kleidungsst\u00fcck, sondern vermittelt auch eine wichtige Botschaft: Offenheit, Akzeptanz und Liebe. Das Regenbogenmotiv mit seiner einzigartigen M\u00e2ch\u00e9-Stickerei transportiert diese Botschaft, w\u00e4hrend der hochwertige Baumwollstoff den ganzen Tag lang ein angenehmes Tragegef\u00fchl garantiert.<\/p>\n<p><strong data-start=\"526\" data-end=\"556\">Warum dieses T-Shirt w\u00e4hlen?<\/strong><\/p>\n<ul>\n<li><strong data-start=\"561\" data-end=\"583\">Hochwertige Materialien:<\/strong> - 96% Baumwolle, 4% Elastan f\u00fcr ein weiches Gef\u00fchl und die richtige Menge an Stretch<\/li>\n<li><strong data-start=\"679\" data-end=\"702\">Langlebig und praktisch<\/strong> Maschinenwaschbar bei 30 Grad + b\u00fcgelbar<\/li>\n<li><strong data-start=\"768\" data-end=\"793\">T\u00f6k\u00e9letes illeszked\u00e9s<\/strong> - Klassischer Schnitt, der allen K\u00f6rperformen zugute kommt, erh\u00e4ltlich in den Gr\u00f6\u00dfen S bis 5XL<\/li>\n<li><strong data-start=\"880\" data-end=\"897\">Einzigartige Stickerei<\/strong> - Handgefertigte Matyo Stickereien mit modernen Farben, die Ihre Individualit\u00e4t unterstreichen<\/li>\n<\/ul>\n<p data-start=\"984\" data-end=\"1143\"><strong data-start=\"984\" data-end=\"999\">Style-Tipp:<\/strong><br data-start=\"999\" data-end=\"1002\" \/>Tragen Sie dieses T-Shirt zu einer hellen Jeans oder einem sauberen Rock, damit die Stickerei und die Regenbogenfarben richtig zur Geltung kommen.<\/p>\n<p><strong>Stil und Tradition an einem Ort.<\/strong><br \/>\nIn den Produkten von matyodesign treffen ungarische Handwerkstraditionen auf moderne Nachhaltigkeitswerte. W\u00e4hle dieses Damen-T-Shirt und unterst\u00fctze die lokale Handwerksgemeinschaft!<\/p>\n<p><strong>Wusstest du schon?<\/strong><\/p>\n<p>Unsere handgefertigten Produkte bieten Arbeit f\u00fcr 45 Frauen in Tardo, einem kleinen Dorf im Nordosten Ungarns. Die Mission von matyodesign besteht nicht nur darin, die Tradition am Leben zu erhalten, sondern sie auch auf hohem Niveau neu zu erschaffen, mit Blick auf die Einzigartigkeit und gleichzeitig unter Ber\u00fccksichtigung der Herausforderungen der Gegenwart.<br \/>\nWir haben die matyodesign-Community gegr\u00fcndet, nicht zu vergessen die Bestrebungen, die mit den Herausforderungen der heutigen Welt \u00fcbereinstimmen: Wir leben in einem ethischen Gesch\u00e4ftsmodell, Wertsch\u00f6pfung im Laufe der Zeit anstelle von Wegwerfprodukten und verantwortungsvolles Einkaufen und Nachhaltigkeit sind dar\u00fcber hinaus auch wichtige Teile unseres Ethos zur Weitergabe der Werte der Vergangenheit. Die Maty\u00f3-Stickerei wurde in die UNESCO-Liste des geistigen und kulturellen Erbes aufgenommen.<\/p>\n<p>Vervollst\u00e4ndige dein Outfit mit weiteren Accessoires von matyodesign. Schau in unserem Webshop vorbei und finde die perfekte Kombination: <a href=\"https:\/\/matyodesign.hu\/de\/\" target=\"_new\" rel=\"noopener\">https:\/\/matyodesign.hu<\/a><\/p>\n<p data-start=\"1145\" data-end=\"1351\"><strong data-start=\"1148\" data-end=\"1188\">Folgen Sie uns f\u00fcr mehr Inspiration:<\/strong><\/p>\n<ul>\n<li data-start=\"1145\" data-end=\"1351\"><a href=\"https:\/\/www.facebook.com\/matyodesign\" target=\"_new\" rel=\"noopener\" data-start=\"1194\" data-end=\"1242\">Facebook<\/a><\/li>\n<li data-start=\"1145\" data-end=\"1351\"><a href=\"https:\/\/www.instagram.com\/matyodesign\" target=\"_new\" rel=\"noopener\" data-start=\"1248\" data-end=\"1298\">Und auf Instagram<\/a><\/li>\n<li data-start=\"1145\" data-end=\"1351\"><a target=\"_new\" rel=\"noopener\" data-start=\"1304\" data-end=\"1349\">TikTok<\/a><\/li>\n<\/ul>","protected":false},"excerpt":{"rendered":"<div dir=\"auto\">Wir bei matyodesign glauben, dass unsere Gesellschaft genauso bunt ist wie die Welt. Wir glauben an Offenheit, Liebe, Dialog, an gegenseitiges Kennenlernen und Respektieren sowie an Toleranz.<\/div>\n<div dir=\"auto\">Wir hier in Tard lieben Farben.\u00a0<span class=\"pq6dq46d tbxw36s4 knj5qynh kvgmc6g5 ditlmg2l oygrvhab nvdbi5me sf5mxxl7 gl3lb2sf hhz5lgdu\"><img loading=\"lazy\" decoding=\"async\" src=\"https:\/\/web.archive.org\/web\/20230531103754im_\/https:\/\/static.xx.fbcdn.net\/images\/emoji.php\/v9\/tb2\/2\/16\/1f308.png\" alt=\"\ud83c\udf08\" width=\"16\" height=\"16\" \/><\/span><\/div>","protected":false},"featured_media":98877,"template":"","meta":[],"product_brand":[],"product_cat":[79,367],"product_tag":[],"class_list":{"0":"post-102336","1":"product","2":"type-product","3":"status-publish","4":"has-post-thumbnail","6":"product_cat-noknek","7":"product_cat-polok","9":"first","10":"instock","11":"shipping-taxable","12":"purchasable","13":"product-type-variable"},"yoast_head":"<!-- This site is optimized with the Yoast SEO plugin v27.0 - https:\/\/yoast.com\/product\/yoast-seo-wordpress\/ -->\n<title>Sziv\u00e1rv\u00e1ny egyedi h\u00edmzett p\u00f3l\u00f3 \u2013 Matyodesign<\/title>\n<meta name=\"description\" content=\"Fedezd fel a Matyodesign sziv\u00e1rv\u00e1ny p\u00f3l\u00f3j\u00e1t! K\u00e9zzel h\u00edmzett, fenntarthat\u00f3 anyagb\u00f3l k\u00e9sz\u00fclt, sz\u00ednes \u00e9s st\u00edlusos darab. \u00dcnnepeld a soksz\u00edn\u0171s\u00e9get!\" \/>\n<meta name=\"robots\" content=\"index, follow, max-snippet:-1, max-image-preview:large, max-video-preview:-1\" \/>\n<link rel=\"canonical\" href=\"https:\/\/matyodesign.hu\/de\/produkt\/polo-szivarvany-noi\/\" \/>\n<meta property=\"og:locale\" content=\"de_DE\" \/>\n<meta property=\"og:type\" content=\"article\" \/>\n<meta property=\"og:title\" content=\"Sziv\u00e1rv\u00e1ny egyedi h\u00edmzett p\u00f3l\u00f3 \u2013 Matyodesign\" \/>\n<meta property=\"og:description\" content=\"Fedezd fel a Matyodesign sziv\u00e1rv\u00e1ny p\u00f3l\u00f3j\u00e1t! K\u00e9zzel h\u00edmzett, fenntarthat\u00f3 anyagb\u00f3l k\u00e9sz\u00fclt, sz\u00ednes \u00e9s st\u00edlusos darab. \u00dcnnepeld a soksz\u00edn\u0171s\u00e9get!\" \/>\n<meta property=\"og:url\" content=\"https:\/\/matyodesign.hu\/de\/produkt\/polo-szivarvany-noi\/\" \/>\n<meta property=\"og:site_name\" content=\"matyodesign\" \/>\n<meta property=\"article:modified_time\" content=\"2025-06-25T11:43:43+00:00\" \/>\n<meta property=\"og:image\" content=\"https:\/\/matyodesign.hu\/wp-content\/uploads\/2024\/02\/szivarvanyos_feher2.jpg\" \/>\n\t<meta property=\"og:image:width\" content=\"800\" \/>\n\t<meta property=\"og:image:height\" content=\"800\" \/>\n\t<meta property=\"og:image:type\" content=\"image\/jpeg\" \/>\n<meta name=\"twitter:card\" content=\"summary_large_image\" \/>\n<meta name=\"twitter:label1\" content=\"Gesch\u00e4tzte Lesezeit\" \/>\n\t<meta name=\"twitter:data1\" content=\"2\u00a0Minuten\" \/>\n<script type=\"application\/ld+json\" class=\"yoast-schema-graph\">{\"@context\":\"https:\/\/schema.org\",\"@graph\":[{\"@type\":\"WebPage\",\"@id\":\"https:\/\/matyodesign.hu\/termek\/polo-szivarvany-noi\/\",\"url\":\"https:\/\/matyodesign.hu\/termek\/polo-szivarvany-noi\/\",\"name\":\"Sziv\u00e1rv\u00e1ny egyedi h\u00edmzett p\u00f3l\u00f3 \u2013 Matyodesign\",\"isPartOf\":{\"@id\":\"https:\/\/matyodesign.hu\/#website\"},\"primaryImageOfPage\":{\"@id\":\"https:\/\/matyodesign.hu\/termek\/polo-szivarvany-noi\/#primaryimage\"},\"image\":{\"@id\":\"https:\/\/matyodesign.hu\/termek\/polo-szivarvany-noi\/#primaryimage\"},\"thumbnailUrl\":\"https:\/\/matyodesign.hu\/wp-content\/uploads\/2024\/02\/szivarvanyos_feher2.jpg\",\"datePublished\":\"2025-03-19T19:58:52+00:00\",\"dateModified\":\"2025-06-25T11:43:43+00:00\",\"description\":\"Fedezd fel a Matyodesign sziv\u00e1rv\u00e1ny p\u00f3l\u00f3j\u00e1t! K\u00e9zzel h\u00edmzett, fenntarthat\u00f3 anyagb\u00f3l k\u00e9sz\u00fclt, sz\u00ednes \u00e9s st\u00edlusos darab. \u00dcnnepeld a soksz\u00edn\u0171s\u00e9get!\",\"breadcrumb\":{\"@id\":\"https:\/\/matyodesign.hu\/termek\/polo-szivarvany-noi\/#breadcrumb\"},\"inLanguage\":\"de\",\"potentialAction\":[{\"@type\":\"ReadAction\",\"target\":[\"https:\/\/matyodesign.hu\/termek\/polo-szivarvany-noi\/\"]}]},{\"@type\":\"ImageObject\",\"inLanguage\":\"de\",\"@id\":\"https:\/\/matyodesign.hu\/termek\/polo-szivarvany-noi\/#primaryimage\",\"url\":\"https:\/\/matyodesign.hu\/wp-content\/uploads\/2024\/02\/szivarvanyos_feher2.jpg\",\"contentUrl\":\"https:\/\/matyodesign.hu\/wp-content\/uploads\/2024\/02\/szivarvanyos_feher2.jpg\",\"width\":800,\"height\":800,\"caption\":\"P\u00f3l\u00f3 sziv\u00e1rv\u00e1ny feh\u00e9r, magyar mint\u00e1s ruha\"},{\"@type\":\"BreadcrumbList\",\"@id\":\"https:\/\/matyodesign.hu\/termek\/polo-szivarvany-noi\/#breadcrumb\",\"itemListElement\":[{\"@type\":\"ListItem\",\"position\":1,\"name\":\"Kezd\u0151lap\",\"item\":\"https:\/\/matyodesign.hu\/\"},{\"@type\":\"ListItem\",\"position\":2,\"name\":\"Webshop\",\"item\":\"https:\/\/matyodesign.hu\/webshop\/\"},{\"@type\":\"ListItem\",\"position\":3,\"name\":\"SZIV\u00c1RV\u00c1NY P\u00d3L\u00d3K \u2013 N\u0150I\"}]},{\"@type\":\"WebSite\",\"@id\":\"https:\/\/matyodesign.hu\/#website\",\"url\":\"https:\/\/matyodesign.hu\/\",\"name\":\"matyodesign\",\"description\":\"K\u00e9zzel. Szeretettel. Neked.\",\"potentialAction\":[{\"@type\":\"SearchAction\",\"target\":{\"@type\":\"EntryPoint\",\"urlTemplate\":\"https:\/\/matyodesign.hu\/?s={search_term_string}\"},\"query-input\":{\"@type\":\"PropertyValueSpecification\",\"valueRequired\":true,\"valueName\":\"search_term_string\"}}],\"inLanguage\":\"de\"}]}<\/script>\n<!-- \/ Yoast SEO plugin. -->","yoast_head_json":{"title":"Sziv\u00e1rv\u00e1ny egyedi h\u00edmzett p\u00f3l\u00f3 \u2013 Matyodesign","description":"Fedezd fel a Matyodesign sziv\u00e1rv\u00e1ny p\u00f3l\u00f3j\u00e1t! K\u00e9zzel h\u00edmzett, fenntarthat\u00f3 anyagb\u00f3l k\u00e9sz\u00fclt, sz\u00ednes \u00e9s st\u00edlusos darab. \u00dcnnepeld a soksz\u00edn\u0171s\u00e9get!","robots":{"index":"index","follow":"follow","max-snippet":"max-snippet:-1","max-image-preview":"max-image-preview:large","max-video-preview":"max-video-preview:-1"},"canonical":"https:\/\/matyodesign.hu\/de\/produkt\/polo-szivarvany-noi\/","og_locale":"de_DE","og_type":"article","og_title":"Sziv\u00e1rv\u00e1ny egyedi h\u00edmzett p\u00f3l\u00f3 \u2013 Matyodesign","og_description":"Fedezd fel a Matyodesign sziv\u00e1rv\u00e1ny p\u00f3l\u00f3j\u00e1t! K\u00e9zzel h\u00edmzett, fenntarthat\u00f3 anyagb\u00f3l k\u00e9sz\u00fclt, sz\u00ednes \u00e9s st\u00edlusos darab. \u00dcnnepeld a soksz\u00edn\u0171s\u00e9get!","og_url":"https:\/\/matyodesign.hu\/de\/produkt\/polo-szivarvany-noi\/","og_site_name":"matyodesign","article_modified_time":"2025-06-25T11:43:43+00:00","og_image":[{"width":800,"height":800,"url":"https:\/\/matyodesign.hu\/wp-content\/uploads\/2024\/02\/szivarvanyos_feher2.jpg","type":"image\/jpeg"}],"twitter_card":"summary_large_image","twitter_misc":{"Gesch\u00e4tzte Lesezeit":"2\u00a0Minuten"},"schema":{"@context":"https:\/\/schema.org","@graph":[{"@type":"WebPage","@id":"https:\/\/matyodesign.hu\/termek\/polo-szivarvany-noi\/","url":"https:\/\/matyodesign.hu\/termek\/polo-szivarvany-noi\/","name":"Sziv\u00e1rv\u00e1ny egyedi h\u00edmzett p\u00f3l\u00f3 \u2013 Matyodesign","isPartOf":{"@id":"https:\/\/matyodesign.hu\/#website"},"primaryImageOfPage":{"@id":"https:\/\/matyodesign.hu\/termek\/polo-szivarvany-noi\/#primaryimage"},"image":{"@id":"https:\/\/matyodesign.hu\/termek\/polo-szivarvany-noi\/#primaryimage"},"thumbnailUrl":"https:\/\/matyodesign.hu\/wp-content\/uploads\/2024\/02\/szivarvanyos_feher2.jpg","datePublished":"2025-03-19T19:58:52+00:00","dateModified":"2025-06-25T11:43:43+00:00","description":"Fedezd fel a Matyodesign sziv\u00e1rv\u00e1ny p\u00f3l\u00f3j\u00e1t! K\u00e9zzel h\u00edmzett, fenntarthat\u00f3 anyagb\u00f3l k\u00e9sz\u00fclt, sz\u00ednes \u00e9s st\u00edlusos darab. \u00dcnnepeld a soksz\u00edn\u0171s\u00e9get!","breadcrumb":{"@id":"https:\/\/matyodesign.hu\/termek\/polo-szivarvany-noi\/#breadcrumb"},"inLanguage":"de","potentialAction":[{"@type":"ReadAction","target":["https:\/\/matyodesign.hu\/termek\/polo-szivarvany-noi\/"]}]},{"@type":"ImageObject","inLanguage":"de","@id":"https:\/\/matyodesign.hu\/termek\/polo-szivarvany-noi\/#primaryimage","url":"https:\/\/matyodesign.hu\/wp-content\/uploads\/2024\/02\/szivarvanyos_feher2.jpg","contentUrl":"https:\/\/matyodesign.hu\/wp-content\/uploads\/2024\/02\/szivarvanyos_feher2.jpg","width":800,"height":800,"caption":"P\u00f3l\u00f3 sziv\u00e1rv\u00e1ny feh\u00e9r, magyar mint\u00e1s ruha"},{"@type":"BreadcrumbList","@id":"https:\/\/matyodesign.hu\/termek\/polo-szivarvany-noi\/#breadcrumb","itemListElement":[{"@type":"ListItem","position":1,"name":"Kezd\u0151lap","item":"https:\/\/matyodesign.hu\/"},{"@type":"ListItem","position":2,"name":"Webshop","item":"https:\/\/matyodesign.hu\/webshop\/"},{"@type":"ListItem","position":3,"name":"SZIV\u00c1RV\u00c1NY P\u00d3L\u00d3K \u2013 N\u0150I"}]},{"@type":"WebSite","@id":"https:\/\/matyodesign.hu\/#website","url":"https:\/\/matyodesign.hu\/","name":"matyodesign","description":"K\u00e9zzel. Szeretettel. Neked.","potentialAction":[{"@type":"SearchAction","target":{"@type":"EntryPoint","urlTemplate":"https:\/\/matyodesign.hu\/?s={search_term_string}"},"query-input":{"@type":"PropertyValueSpecification","valueRequired":true,"valueName":"search_term_string"}}],"inLanguage":"de"}]}},"_links":{"self":[{"href":"https:\/\/matyodesign.hu\/de\/wp-json\/wp\/v2\/product\/102336","targetHints":{"allow":["GET"]}}],"collection":[{"href":"https:\/\/matyodesign.hu\/de\/wp-json\/wp\/v2\/product"}],"about":[{"href":"https:\/\/matyodesign.hu\/de\/wp-json\/wp\/v2\/types\/product"}],"wp:featuredmedia":[{"embeddable":true,"href":"https:\/\/matyodesign.hu\/de\/wp-json\/wp\/v2\/media\/98877"}],"wp:attachment":[{"href":"https:\/\/matyodesign.hu\/de\/wp-json\/wp\/v2\/media?parent=102336"}],"wp:term":[{"taxonomy":"product_brand","embeddable":true,"href":"https:\/\/matyodesign.hu\/de\/wp-json\/wp\/v2\/product_brand?post=102336"},{"taxonomy":"product_cat","embeddable":true,"href":"https:\/\/matyodesign.hu\/de\/wp-json\/wp\/v2\/product_cat?post=102336"},{"taxonomy":"product_tag","embeddable":true,"href":"https:\/\/matyodesign.hu\/de\/wp-json\/wp\/v2\/product_tag?post=102336"}],"curies":[{"name":"wp","href":"https:\/\/api.w.org\/{rel}","templated":true}]}}