{"id":102442,"date":"2025-03-31T19:49:53","date_gmt":"2025-03-31T17:49:53","guid":{"rendered":"https:\/\/matyodesign.hu\/?post_type=product&#038;p=102442"},"modified":"2026-03-06T15:08:06","modified_gmt":"2026-03-06T14:08:06","slug":"laza-polok","status":"publish","type":"product","link":"https:\/\/matyodesign.hu\/de\/produkt\/laza-polok\/","title":{"rendered":"Lose T-Shirts"},"content":{"rendered":"<h4 data-start=\"0\" data-end=\"30\">Neues Produkt von matyodesign: lose T-Shirts<\/h4>\n<p class=\"\" data-start=\"32\" data-end=\"320\">Dieses schlichte und doch einzigartige T-Shirt bietet Ihnen die perfekte Balance zwischen Komfort und Weiblichkeit. Erh\u00e4ltlich in zwei raffinierten Farbt\u00f6nen: zartes Puder und frisches Himmelblau. Die zarten Details des handgestickten Blumenmusters auf der linken Schulter machen dieses Basic-Teil einzigartig. Ideal f\u00fcr den Alltag, ob im Beruf oder in der Freizeit.<\/p>\n<p class=\"\" data-start=\"322\" data-end=\"667\">Das T-Shirt besteht zu 96 % aus Baumwolle und zu 4 % aus Elastan. Es ist weich, atmungsaktiv und leicht dehnbar, damit es sich jeder Bewegung anpasst. Ideal f\u00fcr den Alltag, ob bei der Arbeit, einem Stadtbummel oder einem sch\u00f6nen Nachmittag im Freien. Der Schnitt ist locker, aber feminin, so dass Sie es leicht mit Jeans, einem Rock oder einem schicken Blazer kombinieren k\u00f6nnen.<\/p>\n<p class=\"\" data-start=\"861\" data-end=\"973\"><strong data-start=\"861\" data-end=\"880\">Zusammensetzung des Materials<\/strong>: 96% Baumwolle, 4% Elastan<br data-start=\"904\" data-end=\"907\" \/><strong data-start=\"907\" data-end=\"928\">Betriebsanleitung<\/strong>: Maschinenwaschbar bei 30 Grad und b\u00fcgelbar.<\/p>\n<p data-start=\"861\" data-end=\"973\">\n<p class=\"\" data-start=\"861\" data-end=\"973\"><b>Schau im Webshop vorbei! <\/b><a href=\"https:\/\/matyodesign.hu\/de\/shop\/\">https:\/\/matyodesign.hu\/shop\/<\/a><\/p>\n<p class=\"\" data-start=\"1078\" data-end=\"1260\">Der <strong data-start=\"1080\" data-end=\"1095\">Matyodesign<\/strong> kombiniert traditionelle Maty\u00f3-Stickerei mit moderner Schneiderei, hochwertigen Stoffen und einem nachhaltigen Ansatz. Entdecken Sie die anderen einzigartigen St\u00fccke auf unserer Website!<\/p>\n<p class=\"\" data-start=\"1262\" data-end=\"1442\">Folgen Sie uns:<br data-start=\"1279\" data-end=\"1282\" \/><a class=\"\" href=\"https:\/\/www.facebook.com\/matyodesign\" target=\"_new\" rel=\"noopener\" data-start=\"1285\" data-end=\"1333\">Facebook-on<\/a><br data-start=\"1333\" data-end=\"1336\" \/><a class=\"\" href=\"https:\/\/www.instagram.com\/matyodesign\" target=\"_new\" rel=\"noopener\" data-start=\"1339\" data-end=\"1389\">Instagram-on<\/a><br data-start=\"1389\" data-end=\"1392\" \/><a class=\"cursor-pointer\" target=\"_new\" rel=\"noopener\" data-start=\"1395\" data-end=\"1440\">TikTok-on<\/a><\/p>\n<p>&nbsp;<\/p>\n<p><strong>Wusstest du schon?<\/strong><\/p>\n<p>Unsere handgefertigten Produkte geben 45 Frauen in Tardon, einem kleinen Dorf im Nordosten Ungarns, Arbeit. Matyodesign hat es sich zur Aufgabe gemacht, nicht nur die Tradition am Leben zu erhalten, sondern sie auch mit hoher Qualit\u00e4t und Einzigartigkeit neu zu erschaffen, ohne dabei die Herausforderungen der Gegenwart aus den Augen zu verlieren. Wir haben die Matyodesign-Gemeinschaft ins Leben gerufen, ohne dabei Bestrebungen zu vergessen, die mit den Herausforderungen der heutigen Welt im Einklang stehen: Wir leben in einem ethischen Gesch\u00e4ftsmodell, schaffen Werte im Laufe der Zeit anstelle von Wegwerfprodukten, und verantwortungsbewusstes Einkaufen und Nachhaltigkeit sind neben der Weitergabe der Werte der Vergangenheit wichtige Teile unseres Ethos. Die Maty\u00f3-Stickerei steht auf der UNESCO-Liste des immateriellen Kulturerbes.<\/p>","protected":false},"excerpt":{"rendered":"<p>Dieses schlichte und doch einzigartige T-Shirt bietet Ihnen die perfekte Balance zwischen Komfort und Weiblichkeit. Erh\u00e4ltlich in zwei raffinierten Farbt\u00f6nen: zartes Puder und frisches Himmelblau. Die zarten Details des handgestickten Blumenmusters auf der linken Schulter machen dieses Basic-Teil einzigartig. Ideal f\u00fcr den Alltag, ob im Beruf oder in der Freizeit.<\/p>","protected":false},"featured_media":102456,"template":"","meta":[],"product_brand":[],"product_cat":[367],"product_tag":[],"class_list":{"0":"post-102442","1":"product","2":"type-product","3":"status-publish","4":"has-post-thumbnail","6":"product_cat-polok","8":"first","9":"instock","10":"shipping-taxable","11":"purchasable","12":"product-type-variable"},"yoast_head":"<!-- This site is optimized with the Yoast SEO plugin v27.0 - https:\/\/yoast.com\/product\/yoast-seo-wordpress\/ -->\n<title>Laza h\u00edmzett n\u0151i maty\u00f3 p\u00f3l\u00f3 \u2013 Matyodesign<\/title>\n<meta name=\"description\" content=\"Laza maty\u00f3 p\u00f3l\u00f3 \u2013 h\u00edmzett, egyedi darab a Matyodesignt\u00f3l. V\u00e1laszd a fenntarthat\u00f3, k\u00e9zzel k\u00e9sz\u00fclt magyar divatot!\" \/>\n<meta name=\"robots\" content=\"index, follow, max-snippet:-1, max-image-preview:large, max-video-preview:-1\" \/>\n<link rel=\"canonical\" href=\"https:\/\/matyodesign.hu\/de\/produkt\/laza-polok\/\" \/>\n<meta property=\"og:locale\" content=\"de_DE\" \/>\n<meta property=\"og:type\" content=\"article\" \/>\n<meta property=\"og:title\" content=\"Laza h\u00edmzett n\u0151i maty\u00f3 p\u00f3l\u00f3 \u2013 Matyodesign\" \/>\n<meta property=\"og:description\" content=\"Laza maty\u00f3 p\u00f3l\u00f3 \u2013 h\u00edmzett, egyedi darab a Matyodesignt\u00f3l. V\u00e1laszd a fenntarthat\u00f3, k\u00e9zzel k\u00e9sz\u00fclt magyar divatot!\" \/>\n<meta property=\"og:url\" content=\"https:\/\/matyodesign.hu\/de\/produkt\/laza-polok\/\" \/>\n<meta property=\"og:site_name\" content=\"matyodesign\" \/>\n<meta property=\"article:modified_time\" content=\"2026-03-06T14:08:06+00:00\" \/>\n<meta property=\"og:image\" content=\"https:\/\/matyodesign.hu\/wp-content\/uploads\/2025\/03\/matyodesign_laza_polo_puder_2-scaled-e1743516204641.jpg\" \/>\n\t<meta property=\"og:image:width\" content=\"1707\" \/>\n\t<meta property=\"og:image:height\" content=\"1707\" \/>\n\t<meta property=\"og:image:type\" content=\"image\/jpeg\" \/>\n<meta name=\"twitter:card\" content=\"summary_large_image\" \/>\n<meta name=\"twitter:label1\" content=\"Gesch\u00e4tzte Lesezeit\" \/>\n\t<meta name=\"twitter:data1\" content=\"2\u00a0Minuten\" \/>\n<script type=\"application\/ld+json\" class=\"yoast-schema-graph\">{\"@context\":\"https:\/\/schema.org\",\"@graph\":[{\"@type\":\"WebPage\",\"@id\":\"https:\/\/matyodesign.hu\/termek\/laza-polok\/\",\"url\":\"https:\/\/matyodesign.hu\/termek\/laza-polok\/\",\"name\":\"Laza h\u00edmzett n\u0151i maty\u00f3 p\u00f3l\u00f3 \u2013 Matyodesign\",\"isPartOf\":{\"@id\":\"https:\/\/matyodesign.hu\/#website\"},\"primaryImageOfPage\":{\"@id\":\"https:\/\/matyodesign.hu\/termek\/laza-polok\/#primaryimage\"},\"image\":{\"@id\":\"https:\/\/matyodesign.hu\/termek\/laza-polok\/#primaryimage\"},\"thumbnailUrl\":\"https:\/\/matyodesign.hu\/wp-content\/uploads\/2025\/03\/matyodesign_laza_polo_puder_2-scaled-e1743516204641.jpg\",\"datePublished\":\"2025-03-31T17:49:53+00:00\",\"dateModified\":\"2026-03-06T14:08:06+00:00\",\"description\":\"Laza maty\u00f3 p\u00f3l\u00f3 \u2013 h\u00edmzett, egyedi darab a Matyodesignt\u00f3l. V\u00e1laszd a fenntarthat\u00f3, k\u00e9zzel k\u00e9sz\u00fclt magyar divatot!\",\"breadcrumb\":{\"@id\":\"https:\/\/matyodesign.hu\/termek\/laza-polok\/#breadcrumb\"},\"inLanguage\":\"de\",\"potentialAction\":[{\"@type\":\"ReadAction\",\"target\":[\"https:\/\/matyodesign.hu\/termek\/laza-polok\/\"]}]},{\"@type\":\"ImageObject\",\"inLanguage\":\"de\",\"@id\":\"https:\/\/matyodesign.hu\/termek\/laza-polok\/#primaryimage\",\"url\":\"https:\/\/matyodesign.hu\/wp-content\/uploads\/2025\/03\/matyodesign_laza_polo_puder_2-scaled-e1743516204641.jpg\",\"contentUrl\":\"https:\/\/matyodesign.hu\/wp-content\/uploads\/2025\/03\/matyodesign_laza_polo_puder_2-scaled-e1743516204641.jpg\",\"width\":1707,\"height\":1707,\"caption\":\"matyodesign laza polo\"},{\"@type\":\"BreadcrumbList\",\"@id\":\"https:\/\/matyodesign.hu\/termek\/laza-polok\/#breadcrumb\",\"itemListElement\":[{\"@type\":\"ListItem\",\"position\":1,\"name\":\"Kezd\u0151lap\",\"item\":\"https:\/\/matyodesign.hu\/\"},{\"@type\":\"ListItem\",\"position\":2,\"name\":\"Webshop\",\"item\":\"https:\/\/matyodesign.hu\/webshop\/\"},{\"@type\":\"ListItem\",\"position\":3,\"name\":\"Laza p\u00f3l\u00f3k\"}]},{\"@type\":\"WebSite\",\"@id\":\"https:\/\/matyodesign.hu\/#website\",\"url\":\"https:\/\/matyodesign.hu\/\",\"name\":\"matyodesign\",\"description\":\"K\u00e9zzel. Szeretettel. Neked.\",\"potentialAction\":[{\"@type\":\"SearchAction\",\"target\":{\"@type\":\"EntryPoint\",\"urlTemplate\":\"https:\/\/matyodesign.hu\/?s={search_term_string}\"},\"query-input\":{\"@type\":\"PropertyValueSpecification\",\"valueRequired\":true,\"valueName\":\"search_term_string\"}}],\"inLanguage\":\"de\"}]}<\/script>\n<!-- \/ Yoast SEO plugin. -->","yoast_head_json":{"title":"Laza h\u00edmzett n\u0151i maty\u00f3 p\u00f3l\u00f3 \u2013 Matyodesign","description":"Laza maty\u00f3 p\u00f3l\u00f3 \u2013 h\u00edmzett, egyedi darab a Matyodesignt\u00f3l. V\u00e1laszd a fenntarthat\u00f3, k\u00e9zzel k\u00e9sz\u00fclt magyar divatot!","robots":{"index":"index","follow":"follow","max-snippet":"max-snippet:-1","max-image-preview":"max-image-preview:large","max-video-preview":"max-video-preview:-1"},"canonical":"https:\/\/matyodesign.hu\/de\/produkt\/laza-polok\/","og_locale":"de_DE","og_type":"article","og_title":"Laza h\u00edmzett n\u0151i maty\u00f3 p\u00f3l\u00f3 \u2013 Matyodesign","og_description":"Laza maty\u00f3 p\u00f3l\u00f3 \u2013 h\u00edmzett, egyedi darab a Matyodesignt\u00f3l. V\u00e1laszd a fenntarthat\u00f3, k\u00e9zzel k\u00e9sz\u00fclt magyar divatot!","og_url":"https:\/\/matyodesign.hu\/de\/produkt\/laza-polok\/","og_site_name":"matyodesign","article_modified_time":"2026-03-06T14:08:06+00:00","og_image":[{"width":1707,"height":1707,"url":"https:\/\/matyodesign.hu\/wp-content\/uploads\/2025\/03\/matyodesign_laza_polo_puder_2-scaled-e1743516204641.jpg","type":"image\/jpeg"}],"twitter_card":"summary_large_image","twitter_misc":{"Gesch\u00e4tzte Lesezeit":"2\u00a0Minuten"},"schema":{"@context":"https:\/\/schema.org","@graph":[{"@type":"WebPage","@id":"https:\/\/matyodesign.hu\/termek\/laza-polok\/","url":"https:\/\/matyodesign.hu\/termek\/laza-polok\/","name":"Laza h\u00edmzett n\u0151i maty\u00f3 p\u00f3l\u00f3 \u2013 Matyodesign","isPartOf":{"@id":"https:\/\/matyodesign.hu\/#website"},"primaryImageOfPage":{"@id":"https:\/\/matyodesign.hu\/termek\/laza-polok\/#primaryimage"},"image":{"@id":"https:\/\/matyodesign.hu\/termek\/laza-polok\/#primaryimage"},"thumbnailUrl":"https:\/\/matyodesign.hu\/wp-content\/uploads\/2025\/03\/matyodesign_laza_polo_puder_2-scaled-e1743516204641.jpg","datePublished":"2025-03-31T17:49:53+00:00","dateModified":"2026-03-06T14:08:06+00:00","description":"Laza maty\u00f3 p\u00f3l\u00f3 \u2013 h\u00edmzett, egyedi darab a Matyodesignt\u00f3l. V\u00e1laszd a fenntarthat\u00f3, k\u00e9zzel k\u00e9sz\u00fclt magyar divatot!","breadcrumb":{"@id":"https:\/\/matyodesign.hu\/termek\/laza-polok\/#breadcrumb"},"inLanguage":"de","potentialAction":[{"@type":"ReadAction","target":["https:\/\/matyodesign.hu\/termek\/laza-polok\/"]}]},{"@type":"ImageObject","inLanguage":"de","@id":"https:\/\/matyodesign.hu\/termek\/laza-polok\/#primaryimage","url":"https:\/\/matyodesign.hu\/wp-content\/uploads\/2025\/03\/matyodesign_laza_polo_puder_2-scaled-e1743516204641.jpg","contentUrl":"https:\/\/matyodesign.hu\/wp-content\/uploads\/2025\/03\/matyodesign_laza_polo_puder_2-scaled-e1743516204641.jpg","width":1707,"height":1707,"caption":"matyodesign laza polo"},{"@type":"BreadcrumbList","@id":"https:\/\/matyodesign.hu\/termek\/laza-polok\/#breadcrumb","itemListElement":[{"@type":"ListItem","position":1,"name":"Kezd\u0151lap","item":"https:\/\/matyodesign.hu\/"},{"@type":"ListItem","position":2,"name":"Webshop","item":"https:\/\/matyodesign.hu\/webshop\/"},{"@type":"ListItem","position":3,"name":"Laza p\u00f3l\u00f3k"}]},{"@type":"WebSite","@id":"https:\/\/matyodesign.hu\/#website","url":"https:\/\/matyodesign.hu\/","name":"matyodesign","description":"K\u00e9zzel. Szeretettel. Neked.","potentialAction":[{"@type":"SearchAction","target":{"@type":"EntryPoint","urlTemplate":"https:\/\/matyodesign.hu\/?s={search_term_string}"},"query-input":{"@type":"PropertyValueSpecification","valueRequired":true,"valueName":"search_term_string"}}],"inLanguage":"de"}]}},"_links":{"self":[{"href":"https:\/\/matyodesign.hu\/de\/wp-json\/wp\/v2\/product\/102442","targetHints":{"allow":["GET"]}}],"collection":[{"href":"https:\/\/matyodesign.hu\/de\/wp-json\/wp\/v2\/product"}],"about":[{"href":"https:\/\/matyodesign.hu\/de\/wp-json\/wp\/v2\/types\/product"}],"wp:featuredmedia":[{"embeddable":true,"href":"https:\/\/matyodesign.hu\/de\/wp-json\/wp\/v2\/media\/102456"}],"wp:attachment":[{"href":"https:\/\/matyodesign.hu\/de\/wp-json\/wp\/v2\/media?parent=102442"}],"wp:term":[{"taxonomy":"product_brand","embeddable":true,"href":"https:\/\/matyodesign.hu\/de\/wp-json\/wp\/v2\/product_brand?post=102442"},{"taxonomy":"product_cat","embeddable":true,"href":"https:\/\/matyodesign.hu\/de\/wp-json\/wp\/v2\/product_cat?post=102442"},{"taxonomy":"product_tag","embeddable":true,"href":"https:\/\/matyodesign.hu\/de\/wp-json\/wp\/v2\/product_tag?post=102442"}],"curies":[{"name":"wp","href":"https:\/\/api.w.org\/{rel}","templated":true}]}}