{"id":102593,"date":"2025-04-14T20:34:23","date_gmt":"2025-04-14T18:34:23","guid":{"rendered":"https:\/\/matyodesign.hu\/?post_type=product&#038;p=102593"},"modified":"2025-07-14T09:50:26","modified_gmt":"2025-07-14T07:50:26","slug":"madaras-noi-polok","status":"publish","type":"product","link":"https:\/\/matyodesign.hu\/de\/produkt\/madaras-noi-polok\/","title":{"rendered":"Damen-T-Shirt mit V\u00f6geln"},"content":{"rendered":"<p class=\"\" data-start=\"142\" data-end=\"195\"><strong data-start=\"142\" data-end=\"195\">Damen-T-Shirt mit W\u00fcrmern - Maty\u00f3-Erbe in modernem Gewand<\/strong><\/p>\n<p class=\"\" data-start=\"197\" data-end=\"636\">Das Damen-T-Shirt mit Vogelmotiv ist ein Zusammentreffen von Tradition und klarem Stil. Das Vogelmotiv ist eines der bekanntesten und beliebtesten Elemente der Magyu-Volkskunst. Dieses Damen-T-Shirt mit Vogel ist die perfekte Wahl f\u00fcr alle, die ein St\u00fcck ungarischer Volkstradition in ihre Alltagskleidung integrieren m\u00f6chten, ohne dabei auf einen modernen Look zu verzichten.<\/p>\n<p class=\"\" data-start=\"638\" data-end=\"884\">Es ist locker geschnitten und l\u00e4sst sich bequem zu Jeans oder einem Rock tragen und ist perfekt f\u00fcr jeden Stil und Anlass. Egal, ob Sie es f\u00fcr die Arbeit oder f\u00fcr die Freizeit w\u00e4hlen, das Damen-T-Shirt Bird ist die perfekte Wahl f\u00fcr jede Gelegenheit.<\/p>\n<p class=\"\" data-start=\"886\" data-end=\"1007\"><strong data-start=\"886\" data-end=\"895\">Farbe<\/strong> Schwarz<br data-start=\"902\" data-end=\"905\" \/><strong data-start=\"905\" data-end=\"915\">M\u00e9ret:<\/strong> S \u2013 M \u2013 L \u2013 XL \u2013 XXL<br data-start=\"936\" data-end=\"939\" \/><strong data-start=\"939\" data-end=\"956\">Wartung:<\/strong> Maschinenwaschbar bei 30 Grad + b\u00fcgelbar<\/p>\n<p data-start=\"886\" data-end=\"1007\">Sehen Sie sich die Herrenversion des T-Shirts an: <a href=\"https:\/\/matyodesign.hu\/de\/produkt\/herren-t-shirt-vogel\/\">https:\/\/matyodesign.hu\/termek\/ferfi_polo-madaras\/<\/a><\/p>\n<p><strong>Wusstest du?<\/strong><\/p>\n<p>Unsere handgefertigten Produkte bieten Arbeit f\u00fcr 45 Frauen in Tardo, einem kleinen Dorf im Nordosten Ungarns. Die Mission von matyodesign besteht nicht nur darin, die Tradition am Leben zu erhalten, sondern sie auch auf hohem Niveau neu zu erschaffen, mit Blick auf die Einzigartigkeit und gleichzeitig unter Ber\u00fccksichtigung der Herausforderungen der Gegenwart.<br \/>\nWir haben die matyodesign-Community gegr\u00fcndet, nicht zu vergessen die Bestrebungen, die mit den Herausforderungen der heutigen Welt \u00fcbereinstimmen: Wir leben in einem ethischen Gesch\u00e4ftsmodell, Wertsch\u00f6pfung im Laufe der Zeit anstelle von Wegwerfprodukten und verantwortungsvolles Einkaufen und Nachhaltigkeit sind dar\u00fcber hinaus auch wichtige Teile unseres Ethos zur Weitergabe der Werte der Vergangenheit. Die Maty\u00f3-Stickerei wurde in die UNESCO-Liste des geistigen und kulturellen Erbes aufgenommen.<\/p>\n<p>Folge uns auch auf unserer Facebook-Seite: <a href=\"https:\/\/www.facebook.com\/matyodesign\">https:\/\/www.facebook.com\/matyodesign<\/a><\/p>","protected":false},"excerpt":{"rendered":"<p>Das Vogel-T-Shirt gibt es jetzt auch in einer Damenversion.<\/p>","protected":false},"featured_media":102600,"template":"","meta":[],"product_brand":[],"product_cat":[79,367],"product_tag":[],"class_list":{"0":"post-102593","1":"product","2":"type-product","3":"status-publish","4":"has-post-thumbnail","6":"product_cat-noknek","7":"product_cat-polok","9":"first","10":"instock","11":"shipping-taxable","12":"purchasable","13":"product-type-variable"},"yoast_head":"<!-- This site is optimized with the Yoast SEO plugin v27.5 - https:\/\/yoast.com\/product\/yoast-seo-wordpress\/ -->\n<title>Madaras h\u00edmzett n\u0151i maty\u00f3 p\u00f3l\u00f3 \u2013 Matyodesign<\/title>\n<meta name=\"description\" content=\"Madaras n\u0151i maty\u00f3 p\u00f3l\u00f3 \u2013 h\u00edmzett, egyedi darab a Matyodesignt\u00f3l. V\u00e1laszd a fenntarthat\u00f3, k\u00e9zzel k\u00e9sz\u00fclt magyar divatot!\" \/>\n<meta name=\"robots\" content=\"index, follow, max-snippet:-1, max-image-preview:large, max-video-preview:-1\" \/>\n<link rel=\"canonical\" href=\"https:\/\/matyodesign.hu\/de\/produkt\/madaras-noi-polok\/\" \/>\n<meta property=\"og:locale\" content=\"de_DE\" \/>\n<meta property=\"og:type\" content=\"article\" \/>\n<meta property=\"og:title\" content=\"Madaras h\u00edmzett n\u0151i maty\u00f3 p\u00f3l\u00f3 \u2013 Matyodesign\" \/>\n<meta property=\"og:description\" content=\"Madaras n\u0151i maty\u00f3 p\u00f3l\u00f3 \u2013 h\u00edmzett, egyedi darab a Matyodesignt\u00f3l. V\u00e1laszd a fenntarthat\u00f3, k\u00e9zzel k\u00e9sz\u00fclt magyar divatot!\" \/>\n<meta property=\"og:url\" content=\"https:\/\/matyodesign.hu\/de\/produkt\/madaras-noi-polok\/\" \/>\n<meta property=\"og:site_name\" content=\"matyodesign\" \/>\n<meta property=\"article:modified_time\" content=\"2025-07-14T07:50:26+00:00\" \/>\n<meta property=\"og:image\" content=\"https:\/\/matyodesign.hu\/wp-content\/uploads\/2025\/04\/matyodesign_noi_madaras_polo2-scaled-e1744653678505.jpg\" \/>\n\t<meta property=\"og:image:width\" content=\"1900\" \/>\n\t<meta property=\"og:image:height\" content=\"1900\" \/>\n\t<meta property=\"og:image:type\" content=\"image\/jpeg\" \/>\n<meta name=\"twitter:card\" content=\"summary_large_image\" \/>\n<meta name=\"twitter:label1\" content=\"Gesch\u00e4tzte Lesezeit\" \/>\n\t<meta name=\"twitter:data1\" content=\"2\u00a0Minuten\" \/>\n<script type=\"application\/ld+json\" class=\"yoast-schema-graph\">{\"@context\":\"https:\\\/\\\/schema.org\",\"@graph\":[{\"@type\":\"WebPage\",\"@id\":\"https:\\\/\\\/matyodesign.hu\\\/termek\\\/madaras-noi-polok\\\/\",\"url\":\"https:\\\/\\\/matyodesign.hu\\\/termek\\\/madaras-noi-polok\\\/\",\"name\":\"Madaras h\u00edmzett n\u0151i maty\u00f3 p\u00f3l\u00f3 \u2013 Matyodesign\",\"isPartOf\":{\"@id\":\"https:\\\/\\\/matyodesign.hu\\\/#website\"},\"primaryImageOfPage\":{\"@id\":\"https:\\\/\\\/matyodesign.hu\\\/termek\\\/madaras-noi-polok\\\/#primaryimage\"},\"image\":{\"@id\":\"https:\\\/\\\/matyodesign.hu\\\/termek\\\/madaras-noi-polok\\\/#primaryimage\"},\"thumbnailUrl\":\"https:\\\/\\\/matyodesign.hu\\\/wp-content\\\/uploads\\\/2025\\\/04\\\/matyodesign_noi_madaras_polo2-scaled-e1744653678505.jpg\",\"datePublished\":\"2025-04-14T18:34:23+00:00\",\"dateModified\":\"2025-07-14T07:50:26+00:00\",\"description\":\"Madaras n\u0151i maty\u00f3 p\u00f3l\u00f3 \u2013 h\u00edmzett, egyedi darab a Matyodesignt\u00f3l. V\u00e1laszd a fenntarthat\u00f3, k\u00e9zzel k\u00e9sz\u00fclt magyar divatot!\",\"breadcrumb\":{\"@id\":\"https:\\\/\\\/matyodesign.hu\\\/termek\\\/madaras-noi-polok\\\/#breadcrumb\"},\"inLanguage\":\"de\",\"potentialAction\":[{\"@type\":\"ReadAction\",\"target\":[\"https:\\\/\\\/matyodesign.hu\\\/termek\\\/madaras-noi-polok\\\/\"]}]},{\"@type\":\"ImageObject\",\"inLanguage\":\"de\",\"@id\":\"https:\\\/\\\/matyodesign.hu\\\/termek\\\/madaras-noi-polok\\\/#primaryimage\",\"url\":\"https:\\\/\\\/matyodesign.hu\\\/wp-content\\\/uploads\\\/2025\\\/04\\\/matyodesign_noi_madaras_polo2-scaled-e1744653678505.jpg\",\"contentUrl\":\"https:\\\/\\\/matyodesign.hu\\\/wp-content\\\/uploads\\\/2025\\\/04\\\/matyodesign_noi_madaras_polo2-scaled-e1744653678505.jpg\",\"width\":1900,\"height\":1900},{\"@type\":\"BreadcrumbList\",\"@id\":\"https:\\\/\\\/matyodesign.hu\\\/termek\\\/madaras-noi-polok\\\/#breadcrumb\",\"itemListElement\":[{\"@type\":\"ListItem\",\"position\":1,\"name\":\"Kezd\u0151lap\",\"item\":\"https:\\\/\\\/matyodesign.hu\\\/\"},{\"@type\":\"ListItem\",\"position\":2,\"name\":\"Webshop\",\"item\":\"https:\\\/\\\/matyodesign.hu\\\/webshop\\\/\"},{\"@type\":\"ListItem\",\"position\":3,\"name\":\"Madaras n\u0151i p\u00f3l\u00f3\"}]},{\"@type\":\"WebSite\",\"@id\":\"https:\\\/\\\/matyodesign.hu\\\/#website\",\"url\":\"https:\\\/\\\/matyodesign.hu\\\/\",\"name\":\"matyodesign\",\"description\":\"K\u00e9zzel. Szeretettel. Neked.\",\"potentialAction\":[{\"@type\":\"SearchAction\",\"target\":{\"@type\":\"EntryPoint\",\"urlTemplate\":\"https:\\\/\\\/matyodesign.hu\\\/?s={search_term_string}\"},\"query-input\":{\"@type\":\"PropertyValueSpecification\",\"valueRequired\":true,\"valueName\":\"search_term_string\"}}],\"inLanguage\":\"de\"}]}<\/script>\n<!-- \/ Yoast SEO plugin. -->","yoast_head_json":{"title":"Madaras h\u00edmzett n\u0151i maty\u00f3 p\u00f3l\u00f3 \u2013 Matyodesign","description":"Madaras n\u0151i maty\u00f3 p\u00f3l\u00f3 \u2013 h\u00edmzett, egyedi darab a Matyodesignt\u00f3l. V\u00e1laszd a fenntarthat\u00f3, k\u00e9zzel k\u00e9sz\u00fclt magyar divatot!","robots":{"index":"index","follow":"follow","max-snippet":"max-snippet:-1","max-image-preview":"max-image-preview:large","max-video-preview":"max-video-preview:-1"},"canonical":"https:\/\/matyodesign.hu\/de\/produkt\/madaras-noi-polok\/","og_locale":"de_DE","og_type":"article","og_title":"Madaras h\u00edmzett n\u0151i maty\u00f3 p\u00f3l\u00f3 \u2013 Matyodesign","og_description":"Madaras n\u0151i maty\u00f3 p\u00f3l\u00f3 \u2013 h\u00edmzett, egyedi darab a Matyodesignt\u00f3l. V\u00e1laszd a fenntarthat\u00f3, k\u00e9zzel k\u00e9sz\u00fclt magyar divatot!","og_url":"https:\/\/matyodesign.hu\/de\/produkt\/madaras-noi-polok\/","og_site_name":"matyodesign","article_modified_time":"2025-07-14T07:50:26+00:00","og_image":[{"width":1900,"height":1900,"url":"https:\/\/matyodesign.hu\/wp-content\/uploads\/2025\/04\/matyodesign_noi_madaras_polo2-scaled-e1744653678505.jpg","type":"image\/jpeg"}],"twitter_card":"summary_large_image","twitter_misc":{"Gesch\u00e4tzte Lesezeit":"2\u00a0Minuten"},"schema":{"@context":"https:\/\/schema.org","@graph":[{"@type":"WebPage","@id":"https:\/\/matyodesign.hu\/termek\/madaras-noi-polok\/","url":"https:\/\/matyodesign.hu\/termek\/madaras-noi-polok\/","name":"Madaras h\u00edmzett n\u0151i maty\u00f3 p\u00f3l\u00f3 \u2013 Matyodesign","isPartOf":{"@id":"https:\/\/matyodesign.hu\/#website"},"primaryImageOfPage":{"@id":"https:\/\/matyodesign.hu\/termek\/madaras-noi-polok\/#primaryimage"},"image":{"@id":"https:\/\/matyodesign.hu\/termek\/madaras-noi-polok\/#primaryimage"},"thumbnailUrl":"https:\/\/matyodesign.hu\/wp-content\/uploads\/2025\/04\/matyodesign_noi_madaras_polo2-scaled-e1744653678505.jpg","datePublished":"2025-04-14T18:34:23+00:00","dateModified":"2025-07-14T07:50:26+00:00","description":"Madaras n\u0151i maty\u00f3 p\u00f3l\u00f3 \u2013 h\u00edmzett, egyedi darab a Matyodesignt\u00f3l. V\u00e1laszd a fenntarthat\u00f3, k\u00e9zzel k\u00e9sz\u00fclt magyar divatot!","breadcrumb":{"@id":"https:\/\/matyodesign.hu\/termek\/madaras-noi-polok\/#breadcrumb"},"inLanguage":"de","potentialAction":[{"@type":"ReadAction","target":["https:\/\/matyodesign.hu\/termek\/madaras-noi-polok\/"]}]},{"@type":"ImageObject","inLanguage":"de","@id":"https:\/\/matyodesign.hu\/termek\/madaras-noi-polok\/#primaryimage","url":"https:\/\/matyodesign.hu\/wp-content\/uploads\/2025\/04\/matyodesign_noi_madaras_polo2-scaled-e1744653678505.jpg","contentUrl":"https:\/\/matyodesign.hu\/wp-content\/uploads\/2025\/04\/matyodesign_noi_madaras_polo2-scaled-e1744653678505.jpg","width":1900,"height":1900},{"@type":"BreadcrumbList","@id":"https:\/\/matyodesign.hu\/termek\/madaras-noi-polok\/#breadcrumb","itemListElement":[{"@type":"ListItem","position":1,"name":"Kezd\u0151lap","item":"https:\/\/matyodesign.hu\/"},{"@type":"ListItem","position":2,"name":"Webshop","item":"https:\/\/matyodesign.hu\/webshop\/"},{"@type":"ListItem","position":3,"name":"Madaras n\u0151i p\u00f3l\u00f3"}]},{"@type":"WebSite","@id":"https:\/\/matyodesign.hu\/#website","url":"https:\/\/matyodesign.hu\/","name":"matyodesign","description":"K\u00e9zzel. Szeretettel. Neked.","potentialAction":[{"@type":"SearchAction","target":{"@type":"EntryPoint","urlTemplate":"https:\/\/matyodesign.hu\/?s={search_term_string}"},"query-input":{"@type":"PropertyValueSpecification","valueRequired":true,"valueName":"search_term_string"}}],"inLanguage":"de"}]}},"_links":{"self":[{"href":"https:\/\/matyodesign.hu\/de\/wp-json\/wp\/v2\/product\/102593","targetHints":{"allow":["GET"]}}],"collection":[{"href":"https:\/\/matyodesign.hu\/de\/wp-json\/wp\/v2\/product"}],"about":[{"href":"https:\/\/matyodesign.hu\/de\/wp-json\/wp\/v2\/types\/product"}],"wp:featuredmedia":[{"embeddable":true,"href":"https:\/\/matyodesign.hu\/de\/wp-json\/wp\/v2\/media\/102600"}],"wp:attachment":[{"href":"https:\/\/matyodesign.hu\/de\/wp-json\/wp\/v2\/media?parent=102593"}],"wp:term":[{"taxonomy":"product_brand","embeddable":true,"href":"https:\/\/matyodesign.hu\/de\/wp-json\/wp\/v2\/product_brand?post=102593"},{"taxonomy":"product_cat","embeddable":true,"href":"https:\/\/matyodesign.hu\/de\/wp-json\/wp\/v2\/product_cat?post=102593"},{"taxonomy":"product_tag","embeddable":true,"href":"https:\/\/matyodesign.hu\/de\/wp-json\/wp\/v2\/product_tag?post=102593"}],"curies":[{"name":"wp","href":"https:\/\/api.w.org\/{rel}","templated":true}]}}