{"id":102768,"date":"2024-01-01T08:15:39","date_gmt":"2024-01-01T07:15:39","guid":{"rendered":"https:\/\/matyodesign.hu\/?post_type=product&#038;p=102768"},"modified":"2026-01-22T13:54:23","modified_gmt":"2026-01-22T12:54:23","slug":"tengeresz-short-10","status":"publish","type":"product","link":"https:\/\/matyodesign.hu\/de\/produkt\/tengeresz-short-10\/","title":{"rendered":"Seafarer kurz"},"content":{"rendered":"","protected":false},"excerpt":{"rendered":"<p>Vitorla Kurz<\/p>\n<p>Diese wei\u00df auf wei\u00df mit marineblauen Streifen gehaltene, locker sitzende, knielange Short ist die perfekte Erg\u00e4nzung zum Vail-T-Shirt. Das Design im Matrosenstil und die bequeme Passform machen sie ideal f\u00fcr Sommerspazierg\u00e4nge oder zum Faulenzen am Strand. Ein einzigartiges, handgefertigtes St\u00fcck, das Ihre Sommergarderobe garantiert aufpeppt. Kombinieren Sie es mit dem Vitorla-T-Shirt f\u00fcr die perfekte Erg\u00e4nzung oder entscheiden Sie sich f\u00fcr das Wave-T-Shirt f\u00fcr einen stilvollen Mix-and-Match-Look.<\/p>\n<p>&nbsp;<\/p>\n<p>Welle kurz:<\/p>\n<p>Diese wei\u00df-wei\u00df-marineblau gestreiften, locker sitzenden, knielangen Shorts sind die perfekte Erg\u00e4nzung zum Vail-T-Shirt. Das Design im Matrosenstil und der bequeme Schnitt machen sie ideal f\u00fcr Sommerspazierg\u00e4nge oder zum Faulenzen am Strand. Ein einzigartiges, handgefertigtes St\u00fcck, das Ihre Sommergarderobe garantiert aufpeppt. Kombinieren Sie es mit dem Vitorla-T-Shirt f\u00fcr ein perfektes Accessoire, oder entscheiden Sie sich f\u00fcr das Wave-T-Shirt f\u00fcr einen stilvollen Mix-and-match-Look.<\/p>","protected":false},"featured_media":102779,"template":"","meta":[],"product_brand":[],"product_cat":[79,373,582],"product_tag":[],"class_list":{"0":"post-102768","1":"product","2":"type-product","3":"status-publish","4":"has-post-thumbnail","6":"product_cat-noknek","7":"product_cat-nadragok-noknek","8":"product_cat-outlet","10":"first","11":"instock","12":"sale","13":"shipping-taxable","14":"purchasable","15":"product-type-variable"},"yoast_head":"<!-- This site is optimized with the Yoast SEO plugin v27.0 - https:\/\/yoast.com\/product\/yoast-seo-wordpress\/ -->\n<title>Tenger\u00e9sz short \u2013 maty\u00f3 st\u00edlusban \u2013 Matyodesign<\/title>\n<meta name=\"description\" content=\"Tenger\u00e9sz short \u2013 h\u00edmzett, egyedi darab a Matyodesignt\u00f3l. A maty\u00f3 minta \u00e9lm\u00e9nny\u00e9 v\u00e1lik \u2013 viseld b\u00fcszk\u00e9n!\" \/>\n<meta name=\"robots\" content=\"index, follow, max-snippet:-1, max-image-preview:large, max-video-preview:-1\" \/>\n<link rel=\"canonical\" href=\"https:\/\/matyodesign.hu\/de\/produkt\/tengeresz-short-10\/\" \/>\n<meta property=\"og:locale\" content=\"de_DE\" \/>\n<meta property=\"og:type\" content=\"article\" \/>\n<meta property=\"og:title\" content=\"Tenger\u00e9sz short \u2013 maty\u00f3 st\u00edlusban \u2013 Matyodesign\" \/>\n<meta property=\"og:description\" content=\"Tenger\u00e9sz short \u2013 h\u00edmzett, egyedi darab a Matyodesignt\u00f3l. A maty\u00f3 minta \u00e9lm\u00e9nny\u00e9 v\u00e1lik \u2013 viseld b\u00fcszk\u00e9n!\" \/>\n<meta property=\"og:url\" content=\"https:\/\/matyodesign.hu\/de\/produkt\/tengeresz-short-10\/\" \/>\n<meta property=\"og:site_name\" content=\"matyodesign\" \/>\n<meta property=\"article:modified_time\" content=\"2026-01-22T12:54:23+00:00\" \/>\n<meta property=\"og:image\" content=\"https:\/\/matyodesign.hu\/wp-content\/uploads\/2025\/05\/matyodesign_tengeresz_short_vitorla_2-scaled-e1746130027454.jpg\" \/>\n\t<meta property=\"og:image:width\" content=\"1707\" \/>\n\t<meta property=\"og:image:height\" content=\"1707\" \/>\n\t<meta property=\"og:image:type\" content=\"image\/jpeg\" \/>\n<meta name=\"twitter:card\" content=\"summary_large_image\" \/>\n<meta name=\"twitter:label1\" content=\"Gesch\u00e4tzte Lesezeit\" \/>\n\t<meta name=\"twitter:data1\" content=\"1\u00a0Minute\" \/>\n<script type=\"application\/ld+json\" class=\"yoast-schema-graph\">{\"@context\":\"https:\/\/schema.org\",\"@graph\":[{\"@type\":\"WebPage\",\"@id\":\"https:\/\/matyodesign.hu\/termek\/tengeresz-short-10\/\",\"url\":\"https:\/\/matyodesign.hu\/termek\/tengeresz-short-10\/\",\"name\":\"Tenger\u00e9sz short \u2013 maty\u00f3 st\u00edlusban \u2013 Matyodesign\",\"isPartOf\":{\"@id\":\"https:\/\/matyodesign.hu\/#website\"},\"primaryImageOfPage\":{\"@id\":\"https:\/\/matyodesign.hu\/termek\/tengeresz-short-10\/#primaryimage\"},\"image\":{\"@id\":\"https:\/\/matyodesign.hu\/termek\/tengeresz-short-10\/#primaryimage\"},\"thumbnailUrl\":\"https:\/\/matyodesign.hu\/wp-content\/uploads\/2025\/05\/matyodesign_tengeresz_short_vitorla_2-scaled-e1746130027454.jpg\",\"datePublished\":\"2024-01-01T07:15:39+00:00\",\"dateModified\":\"2026-01-22T12:54:23+00:00\",\"description\":\"Tenger\u00e9sz short \u2013 h\u00edmzett, egyedi darab a Matyodesignt\u00f3l. A maty\u00f3 minta \u00e9lm\u00e9nny\u00e9 v\u00e1lik \u2013 viseld b\u00fcszk\u00e9n!\",\"breadcrumb\":{\"@id\":\"https:\/\/matyodesign.hu\/termek\/tengeresz-short-10\/#breadcrumb\"},\"inLanguage\":\"de\",\"potentialAction\":[{\"@type\":\"ReadAction\",\"target\":[\"https:\/\/matyodesign.hu\/termek\/tengeresz-short-10\/\"]}]},{\"@type\":\"ImageObject\",\"inLanguage\":\"de\",\"@id\":\"https:\/\/matyodesign.hu\/termek\/tengeresz-short-10\/#primaryimage\",\"url\":\"https:\/\/matyodesign.hu\/wp-content\/uploads\/2025\/05\/matyodesign_tengeresz_short_vitorla_2-scaled-e1746130027454.jpg\",\"contentUrl\":\"https:\/\/matyodesign.hu\/wp-content\/uploads\/2025\/05\/matyodesign_tengeresz_short_vitorla_2-scaled-e1746130027454.jpg\",\"width\":1707,\"height\":1707},{\"@type\":\"BreadcrumbList\",\"@id\":\"https:\/\/matyodesign.hu\/termek\/tengeresz-short-10\/#breadcrumb\",\"itemListElement\":[{\"@type\":\"ListItem\",\"position\":1,\"name\":\"Kezd\u0151lap\",\"item\":\"https:\/\/matyodesign.hu\/\"},{\"@type\":\"ListItem\",\"position\":2,\"name\":\"Webshop\",\"item\":\"https:\/\/matyodesign.hu\/webshop\/\"},{\"@type\":\"ListItem\",\"position\":3,\"name\":\"Tenger\u00e9sz short\"}]},{\"@type\":\"WebSite\",\"@id\":\"https:\/\/matyodesign.hu\/#website\",\"url\":\"https:\/\/matyodesign.hu\/\",\"name\":\"matyodesign\",\"description\":\"K\u00e9zzel. Szeretettel. Neked.\",\"potentialAction\":[{\"@type\":\"SearchAction\",\"target\":{\"@type\":\"EntryPoint\",\"urlTemplate\":\"https:\/\/matyodesign.hu\/?s={search_term_string}\"},\"query-input\":{\"@type\":\"PropertyValueSpecification\",\"valueRequired\":true,\"valueName\":\"search_term_string\"}}],\"inLanguage\":\"de\"}]}<\/script>\n<!-- \/ Yoast SEO plugin. -->","yoast_head_json":{"title":"Tenger\u00e9sz short \u2013 maty\u00f3 st\u00edlusban \u2013 Matyodesign","description":"Tenger\u00e9sz short \u2013 h\u00edmzett, egyedi darab a Matyodesignt\u00f3l. A maty\u00f3 minta \u00e9lm\u00e9nny\u00e9 v\u00e1lik \u2013 viseld b\u00fcszk\u00e9n!","robots":{"index":"index","follow":"follow","max-snippet":"max-snippet:-1","max-image-preview":"max-image-preview:large","max-video-preview":"max-video-preview:-1"},"canonical":"https:\/\/matyodesign.hu\/de\/produkt\/tengeresz-short-10\/","og_locale":"de_DE","og_type":"article","og_title":"Tenger\u00e9sz short \u2013 maty\u00f3 st\u00edlusban \u2013 Matyodesign","og_description":"Tenger\u00e9sz short \u2013 h\u00edmzett, egyedi darab a Matyodesignt\u00f3l. A maty\u00f3 minta \u00e9lm\u00e9nny\u00e9 v\u00e1lik \u2013 viseld b\u00fcszk\u00e9n!","og_url":"https:\/\/matyodesign.hu\/de\/produkt\/tengeresz-short-10\/","og_site_name":"matyodesign","article_modified_time":"2026-01-22T12:54:23+00:00","og_image":[{"width":1707,"height":1707,"url":"https:\/\/matyodesign.hu\/wp-content\/uploads\/2025\/05\/matyodesign_tengeresz_short_vitorla_2-scaled-e1746130027454.jpg","type":"image\/jpeg"}],"twitter_card":"summary_large_image","twitter_misc":{"Gesch\u00e4tzte Lesezeit":"1\u00a0Minute"},"schema":{"@context":"https:\/\/schema.org","@graph":[{"@type":"WebPage","@id":"https:\/\/matyodesign.hu\/termek\/tengeresz-short-10\/","url":"https:\/\/matyodesign.hu\/termek\/tengeresz-short-10\/","name":"Tenger\u00e9sz short \u2013 maty\u00f3 st\u00edlusban \u2013 Matyodesign","isPartOf":{"@id":"https:\/\/matyodesign.hu\/#website"},"primaryImageOfPage":{"@id":"https:\/\/matyodesign.hu\/termek\/tengeresz-short-10\/#primaryimage"},"image":{"@id":"https:\/\/matyodesign.hu\/termek\/tengeresz-short-10\/#primaryimage"},"thumbnailUrl":"https:\/\/matyodesign.hu\/wp-content\/uploads\/2025\/05\/matyodesign_tengeresz_short_vitorla_2-scaled-e1746130027454.jpg","datePublished":"2024-01-01T07:15:39+00:00","dateModified":"2026-01-22T12:54:23+00:00","description":"Tenger\u00e9sz short \u2013 h\u00edmzett, egyedi darab a Matyodesignt\u00f3l. A maty\u00f3 minta \u00e9lm\u00e9nny\u00e9 v\u00e1lik \u2013 viseld b\u00fcszk\u00e9n!","breadcrumb":{"@id":"https:\/\/matyodesign.hu\/termek\/tengeresz-short-10\/#breadcrumb"},"inLanguage":"de","potentialAction":[{"@type":"ReadAction","target":["https:\/\/matyodesign.hu\/termek\/tengeresz-short-10\/"]}]},{"@type":"ImageObject","inLanguage":"de","@id":"https:\/\/matyodesign.hu\/termek\/tengeresz-short-10\/#primaryimage","url":"https:\/\/matyodesign.hu\/wp-content\/uploads\/2025\/05\/matyodesign_tengeresz_short_vitorla_2-scaled-e1746130027454.jpg","contentUrl":"https:\/\/matyodesign.hu\/wp-content\/uploads\/2025\/05\/matyodesign_tengeresz_short_vitorla_2-scaled-e1746130027454.jpg","width":1707,"height":1707},{"@type":"BreadcrumbList","@id":"https:\/\/matyodesign.hu\/termek\/tengeresz-short-10\/#breadcrumb","itemListElement":[{"@type":"ListItem","position":1,"name":"Kezd\u0151lap","item":"https:\/\/matyodesign.hu\/"},{"@type":"ListItem","position":2,"name":"Webshop","item":"https:\/\/matyodesign.hu\/webshop\/"},{"@type":"ListItem","position":3,"name":"Tenger\u00e9sz short"}]},{"@type":"WebSite","@id":"https:\/\/matyodesign.hu\/#website","url":"https:\/\/matyodesign.hu\/","name":"matyodesign","description":"K\u00e9zzel. Szeretettel. Neked.","potentialAction":[{"@type":"SearchAction","target":{"@type":"EntryPoint","urlTemplate":"https:\/\/matyodesign.hu\/?s={search_term_string}"},"query-input":{"@type":"PropertyValueSpecification","valueRequired":true,"valueName":"search_term_string"}}],"inLanguage":"de"}]}},"_links":{"self":[{"href":"https:\/\/matyodesign.hu\/de\/wp-json\/wp\/v2\/product\/102768","targetHints":{"allow":["GET"]}}],"collection":[{"href":"https:\/\/matyodesign.hu\/de\/wp-json\/wp\/v2\/product"}],"about":[{"href":"https:\/\/matyodesign.hu\/de\/wp-json\/wp\/v2\/types\/product"}],"wp:featuredmedia":[{"embeddable":true,"href":"https:\/\/matyodesign.hu\/de\/wp-json\/wp\/v2\/media\/102779"}],"wp:attachment":[{"href":"https:\/\/matyodesign.hu\/de\/wp-json\/wp\/v2\/media?parent=102768"}],"wp:term":[{"taxonomy":"product_brand","embeddable":true,"href":"https:\/\/matyodesign.hu\/de\/wp-json\/wp\/v2\/product_brand?post=102768"},{"taxonomy":"product_cat","embeddable":true,"href":"https:\/\/matyodesign.hu\/de\/wp-json\/wp\/v2\/product_cat?post=102768"},{"taxonomy":"product_tag","embeddable":true,"href":"https:\/\/matyodesign.hu\/de\/wp-json\/wp\/v2\/product_tag?post=102768"}],"curies":[{"name":"wp","href":"https:\/\/api.w.org\/{rel}","templated":true}]}}