{"id":102782,"date":"2024-01-01T08:26:28","date_gmt":"2024-01-01T07:26:28","guid":{"rendered":"https:\/\/matyodesign.hu\/?post_type=product&#038;p=102782"},"modified":"2026-04-02T20:32:21","modified_gmt":"2026-04-02T18:32:21","slug":"ujjatlan-ruha","status":"publish","type":"product","link":"https:\/\/matyodesign.hu\/de\/produkt\/ujjatlan-ruha\/","title":{"rendered":"\u00c4rmelloser Anzug"},"content":{"rendered":"","protected":false},"excerpt":{"rendered":"<p>Unser bereits beliebtes Modell kehrt nun in neuen Farbt\u00f6nen zur\u00fcck:<br \/>\nin den sanften Farben Porzellanrosa und Salbeigr\u00fcn.<\/p>\n<p>Dieses Kleidungsst\u00fcck ist f\u00fcr alle gedacht, die die Kraft der Schlichtheit und den zur\u00fcckhaltenden Luxus sch\u00e4tzen.<br \/>\nKombiniere es mit ausdrucksstarkem Schmuck oder lass es f\u00fcr sich allein wirken \u2013 es macht immer eine gute Figur.<br \/>\nDie schlichte und doch wirkungsvolle Schnittf\u00fchrung sorgt f\u00fcr einen modernen und zeitlosen Look,<br \/>\nwobei ihr sanfter Fall der Tr\u00e4gerin eine feminine Anmut verleiht.<\/p>\n<p>Das \u00e4rmellose Design l\u00e4sst sich vielseitig kombinieren, sodass das Kleid die perfekte Wahl f\u00fcr Sommertage ist,<br \/>\nf\u00fcr k\u00fchlere Abende oder besondere Anl\u00e4sse.<\/p>\n<p>Der elegante, zarte Farbton von \u201ePorzellanrosa\u201c strahlt Leichtigkeit aus, w\u00e4hrend \u201eSalbeigr\u00fcn\u201c nat\u00fcrlich wirkt,<br \/>\nSeine harmonischen Farbt\u00f6ne verleihen dem Erscheinungsbild einen ruhigen, modernen Charakter.<\/p>\n<p>Zeitloser Schnitt mit neuen Nuancen \u2013 die perfekte Balance zwischen Minimalismus und femininer Eleganz.<\/p>","protected":false},"featured_media":102794,"template":"","meta":[],"product_brand":[],"product_cat":[79,367],"product_tag":[],"class_list":{"0":"post-102782","1":"product","2":"type-product","3":"status-publish","4":"has-post-thumbnail","6":"product_cat-noknek","7":"product_cat-polok","9":"first","10":"instock","11":"shipping-taxable","12":"purchasable","13":"product-type-variable"},"yoast_head":"<!-- This site is optimized with the Yoast SEO plugin v27.0 - https:\/\/yoast.com\/product\/yoast-seo-wordpress\/ -->\n<title>Ujjatlan h\u00edmzett maty\u00f3 ruha \u2013 Matyodesign<\/title>\n<meta name=\"description\" content=\"Ujjatlan ruha \u2013 h\u00edmzett, egyedi maty\u00f3 ruha. Minden darabban ott a k\u00e9zzel k\u00e9sz\u00fclt \u00e9rt\u00e9k \u00e9s szeretet. V\u00e1s\u00e1rold meg most!\" \/>\n<meta name=\"robots\" content=\"index, follow, max-snippet:-1, max-image-preview:large, max-video-preview:-1\" \/>\n<link rel=\"canonical\" href=\"https:\/\/matyodesign.hu\/de\/produkt\/ujjatlan-ruha\/\" \/>\n<meta property=\"og:locale\" content=\"de_DE\" \/>\n<meta property=\"og:type\" content=\"article\" \/>\n<meta property=\"og:title\" content=\"Ujjatlan h\u00edmzett maty\u00f3 ruha \u2013 Matyodesign\" \/>\n<meta property=\"og:description\" content=\"Ujjatlan ruha \u2013 h\u00edmzett, egyedi maty\u00f3 ruha. Minden darabban ott a k\u00e9zzel k\u00e9sz\u00fclt \u00e9rt\u00e9k \u00e9s szeretet. V\u00e1s\u00e1rold meg most!\" \/>\n<meta property=\"og:url\" content=\"https:\/\/matyodesign.hu\/de\/produkt\/ujjatlan-ruha\/\" \/>\n<meta property=\"og:site_name\" content=\"matyodesign\" \/>\n<meta property=\"article:modified_time\" content=\"2026-04-02T18:32:21+00:00\" \/>\n<meta property=\"og:image\" content=\"https:\/\/matyodesign.hu\/wp-content\/uploads\/2025\/05\/matyodesign_ujjatlan_bezs_ruha_4-scaled-e1774967232812.jpg\" \/>\n\t<meta property=\"og:image:width\" content=\"2043\" \/>\n\t<meta property=\"og:image:height\" content=\"2043\" \/>\n\t<meta property=\"og:image:type\" content=\"image\/jpeg\" \/>\n<meta name=\"twitter:card\" content=\"summary_large_image\" \/>\n<meta name=\"twitter:label1\" content=\"Gesch\u00e4tzte Lesezeit\" \/>\n\t<meta name=\"twitter:data1\" content=\"1\u00a0Minute\" \/>\n<script type=\"application\/ld+json\" class=\"yoast-schema-graph\">{\"@context\":\"https:\/\/schema.org\",\"@graph\":[{\"@type\":\"WebPage\",\"@id\":\"https:\/\/matyodesign.hu\/termek\/ujjatlan-ruha\/\",\"url\":\"https:\/\/matyodesign.hu\/termek\/ujjatlan-ruha\/\",\"name\":\"Ujjatlan h\u00edmzett maty\u00f3 ruha \u2013 Matyodesign\",\"isPartOf\":{\"@id\":\"https:\/\/matyodesign.hu\/#website\"},\"primaryImageOfPage\":{\"@id\":\"https:\/\/matyodesign.hu\/termek\/ujjatlan-ruha\/#primaryimage\"},\"image\":{\"@id\":\"https:\/\/matyodesign.hu\/termek\/ujjatlan-ruha\/#primaryimage\"},\"thumbnailUrl\":\"https:\/\/matyodesign.hu\/wp-content\/uploads\/2025\/05\/matyodesign_ujjatlan_bezs_ruha_4-scaled-e1774967232812.jpg\",\"datePublished\":\"2024-01-01T07:26:28+00:00\",\"dateModified\":\"2026-04-02T18:32:21+00:00\",\"description\":\"Ujjatlan ruha \u2013 h\u00edmzett, egyedi maty\u00f3 ruha. Minden darabban ott a k\u00e9zzel k\u00e9sz\u00fclt \u00e9rt\u00e9k \u00e9s szeretet. V\u00e1s\u00e1rold meg most!\",\"breadcrumb\":{\"@id\":\"https:\/\/matyodesign.hu\/termek\/ujjatlan-ruha\/#breadcrumb\"},\"inLanguage\":\"de\",\"potentialAction\":[{\"@type\":\"ReadAction\",\"target\":[\"https:\/\/matyodesign.hu\/termek\/ujjatlan-ruha\/\"]}]},{\"@type\":\"ImageObject\",\"inLanguage\":\"de\",\"@id\":\"https:\/\/matyodesign.hu\/termek\/ujjatlan-ruha\/#primaryimage\",\"url\":\"https:\/\/matyodesign.hu\/wp-content\/uploads\/2025\/05\/matyodesign_ujjatlan_bezs_ruha_4-scaled-e1774967232812.jpg\",\"contentUrl\":\"https:\/\/matyodesign.hu\/wp-content\/uploads\/2025\/05\/matyodesign_ujjatlan_bezs_ruha_4-scaled-e1774967232812.jpg\",\"width\":2043,\"height\":2043},{\"@type\":\"BreadcrumbList\",\"@id\":\"https:\/\/matyodesign.hu\/termek\/ujjatlan-ruha\/#breadcrumb\",\"itemListElement\":[{\"@type\":\"ListItem\",\"position\":1,\"name\":\"Kezd\u0151lap\",\"item\":\"https:\/\/matyodesign.hu\/\"},{\"@type\":\"ListItem\",\"position\":2,\"name\":\"Webshop\",\"item\":\"https:\/\/matyodesign.hu\/webshop\/\"},{\"@type\":\"ListItem\",\"position\":3,\"name\":\"Ujjatlan ruha\"}]},{\"@type\":\"WebSite\",\"@id\":\"https:\/\/matyodesign.hu\/#website\",\"url\":\"https:\/\/matyodesign.hu\/\",\"name\":\"matyodesign\",\"description\":\"K\u00e9zzel. Szeretettel. Neked.\",\"potentialAction\":[{\"@type\":\"SearchAction\",\"target\":{\"@type\":\"EntryPoint\",\"urlTemplate\":\"https:\/\/matyodesign.hu\/?s={search_term_string}\"},\"query-input\":{\"@type\":\"PropertyValueSpecification\",\"valueRequired\":true,\"valueName\":\"search_term_string\"}}],\"inLanguage\":\"de\"}]}<\/script>\n<!-- \/ Yoast SEO plugin. -->","yoast_head_json":{"title":"Ujjatlan h\u00edmzett maty\u00f3 ruha \u2013 Matyodesign","description":"Ujjatlan ruha \u2013 h\u00edmzett, egyedi maty\u00f3 ruha. Minden darabban ott a k\u00e9zzel k\u00e9sz\u00fclt \u00e9rt\u00e9k \u00e9s szeretet. V\u00e1s\u00e1rold meg most!","robots":{"index":"index","follow":"follow","max-snippet":"max-snippet:-1","max-image-preview":"max-image-preview:large","max-video-preview":"max-video-preview:-1"},"canonical":"https:\/\/matyodesign.hu\/de\/produkt\/ujjatlan-ruha\/","og_locale":"de_DE","og_type":"article","og_title":"Ujjatlan h\u00edmzett maty\u00f3 ruha \u2013 Matyodesign","og_description":"Ujjatlan ruha \u2013 h\u00edmzett, egyedi maty\u00f3 ruha. Minden darabban ott a k\u00e9zzel k\u00e9sz\u00fclt \u00e9rt\u00e9k \u00e9s szeretet. V\u00e1s\u00e1rold meg most!","og_url":"https:\/\/matyodesign.hu\/de\/produkt\/ujjatlan-ruha\/","og_site_name":"matyodesign","article_modified_time":"2026-04-02T18:32:21+00:00","og_image":[{"width":2043,"height":2043,"url":"https:\/\/matyodesign.hu\/wp-content\/uploads\/2025\/05\/matyodesign_ujjatlan_bezs_ruha_4-scaled-e1774967232812.jpg","type":"image\/jpeg"}],"twitter_card":"summary_large_image","twitter_misc":{"Gesch\u00e4tzte Lesezeit":"1\u00a0Minute"},"schema":{"@context":"https:\/\/schema.org","@graph":[{"@type":"WebPage","@id":"https:\/\/matyodesign.hu\/termek\/ujjatlan-ruha\/","url":"https:\/\/matyodesign.hu\/termek\/ujjatlan-ruha\/","name":"Ujjatlan h\u00edmzett maty\u00f3 ruha \u2013 Matyodesign","isPartOf":{"@id":"https:\/\/matyodesign.hu\/#website"},"primaryImageOfPage":{"@id":"https:\/\/matyodesign.hu\/termek\/ujjatlan-ruha\/#primaryimage"},"image":{"@id":"https:\/\/matyodesign.hu\/termek\/ujjatlan-ruha\/#primaryimage"},"thumbnailUrl":"https:\/\/matyodesign.hu\/wp-content\/uploads\/2025\/05\/matyodesign_ujjatlan_bezs_ruha_4-scaled-e1774967232812.jpg","datePublished":"2024-01-01T07:26:28+00:00","dateModified":"2026-04-02T18:32:21+00:00","description":"Ujjatlan ruha \u2013 h\u00edmzett, egyedi maty\u00f3 ruha. Minden darabban ott a k\u00e9zzel k\u00e9sz\u00fclt \u00e9rt\u00e9k \u00e9s szeretet. V\u00e1s\u00e1rold meg most!","breadcrumb":{"@id":"https:\/\/matyodesign.hu\/termek\/ujjatlan-ruha\/#breadcrumb"},"inLanguage":"de","potentialAction":[{"@type":"ReadAction","target":["https:\/\/matyodesign.hu\/termek\/ujjatlan-ruha\/"]}]},{"@type":"ImageObject","inLanguage":"de","@id":"https:\/\/matyodesign.hu\/termek\/ujjatlan-ruha\/#primaryimage","url":"https:\/\/matyodesign.hu\/wp-content\/uploads\/2025\/05\/matyodesign_ujjatlan_bezs_ruha_4-scaled-e1774967232812.jpg","contentUrl":"https:\/\/matyodesign.hu\/wp-content\/uploads\/2025\/05\/matyodesign_ujjatlan_bezs_ruha_4-scaled-e1774967232812.jpg","width":2043,"height":2043},{"@type":"BreadcrumbList","@id":"https:\/\/matyodesign.hu\/termek\/ujjatlan-ruha\/#breadcrumb","itemListElement":[{"@type":"ListItem","position":1,"name":"Kezd\u0151lap","item":"https:\/\/matyodesign.hu\/"},{"@type":"ListItem","position":2,"name":"Webshop","item":"https:\/\/matyodesign.hu\/webshop\/"},{"@type":"ListItem","position":3,"name":"Ujjatlan ruha"}]},{"@type":"WebSite","@id":"https:\/\/matyodesign.hu\/#website","url":"https:\/\/matyodesign.hu\/","name":"matyodesign","description":"K\u00e9zzel. Szeretettel. Neked.","potentialAction":[{"@type":"SearchAction","target":{"@type":"EntryPoint","urlTemplate":"https:\/\/matyodesign.hu\/?s={search_term_string}"},"query-input":{"@type":"PropertyValueSpecification","valueRequired":true,"valueName":"search_term_string"}}],"inLanguage":"de"}]}},"_links":{"self":[{"href":"https:\/\/matyodesign.hu\/de\/wp-json\/wp\/v2\/product\/102782","targetHints":{"allow":["GET"]}}],"collection":[{"href":"https:\/\/matyodesign.hu\/de\/wp-json\/wp\/v2\/product"}],"about":[{"href":"https:\/\/matyodesign.hu\/de\/wp-json\/wp\/v2\/types\/product"}],"wp:featuredmedia":[{"embeddable":true,"href":"https:\/\/matyodesign.hu\/de\/wp-json\/wp\/v2\/media\/102794"}],"wp:attachment":[{"href":"https:\/\/matyodesign.hu\/de\/wp-json\/wp\/v2\/media?parent=102782"}],"wp:term":[{"taxonomy":"product_brand","embeddable":true,"href":"https:\/\/matyodesign.hu\/de\/wp-json\/wp\/v2\/product_brand?post=102782"},{"taxonomy":"product_cat","embeddable":true,"href":"https:\/\/matyodesign.hu\/de\/wp-json\/wp\/v2\/product_cat?post=102782"},{"taxonomy":"product_tag","embeddable":true,"href":"https:\/\/matyodesign.hu\/de\/wp-json\/wp\/v2\/product_tag?post=102782"}],"curies":[{"name":"wp","href":"https:\/\/api.w.org\/{rel}","templated":true}]}}