{"id":102979,"date":"2023-03-30T12:15:56","date_gmt":"2023-03-30T10:15:56","guid":{"rendered":"https:\/\/matyodesign.hu\/?post_type=product&#038;p=102979"},"modified":"2026-04-24T10:10:05","modified_gmt":"2026-04-24T08:10:05","slug":"fekete-pulover","status":"publish","type":"product","link":"https:\/\/matyodesign.hu\/de\/termek\/fekete-pulover\/","title":{"rendered":"SCHWARZER PULLOVER"},"content":{"rendered":"<p>Das Muster wurde von Gitka Kriston entworfen.<\/p>","protected":false},"excerpt":{"rendered":"<p>Dieser schwarze Pullover ist eine gelungene Mischung aus moderner Eleganz und Verspieltheit. Die Kombination aus Lila und Rot sowie die handgestickten Motive in Graut\u00f6nen bilden einen besonderen Kontrast zum klaren Schnitt und machen das Kleidungsst\u00fcck zu einem zugleich femininen und auffallend einzigartigen St\u00fcck. Das Muster des Pullovers wurde von Kriston Gitka entworfen, und die Handstickerei garantiert, dass jedes St\u00fcck ein echtes Unikat ist.<\/p>\n<p><strong>Achtung! Aufgrund der langen Fertigung k\u00f6nnen wir dieses Produkt erst 10 Tage nach der Bestellung versenden.\u00a0<\/strong><\/p>","protected":false},"featured_media":98821,"template":"","meta":[],"product_brand":[],"product_cat":[79,370],"product_tag":[],"class_list":{"0":"post-102979","1":"product","2":"type-product","3":"status-publish","4":"has-post-thumbnail","6":"product_cat-noknek","7":"product_cat-puloverek","9":"first","10":"instock","11":"shipping-taxable","12":"purchasable","13":"product-type-variable"},"yoast_head":"<!-- This site is optimized with the Yoast SEO plugin v27.5 - https:\/\/yoast.com\/product\/yoast-seo-wordpress\/ -->\n<title>Fekete maty\u00f3 h\u00edmzett pul\u00f3ver \u2013 Matyodesign<\/title>\n<meta name=\"description\" content=\"Fekete maty\u00f3 pul\u00f3ver \u2013 h\u00edmzett, egyedi darab a Matyodesignt\u00f3l. \u00d6tv\u00f6zd a hagyom\u00e1nyt \u00e9s a modern diz\u00e1jnt k\u00e9zzel k\u00e9sz\u00fclt darabokban.\" \/>\n<meta name=\"robots\" content=\"index, follow, max-snippet:-1, max-image-preview:large, max-video-preview:-1\" \/>\n<link rel=\"canonical\" href=\"https:\/\/matyodesign.hu\/de\/termek\/fekete-pulover\/\" \/>\n<meta property=\"og:locale\" content=\"de_DE\" \/>\n<meta property=\"og:type\" content=\"article\" \/>\n<meta property=\"og:title\" content=\"Fekete maty\u00f3 h\u00edmzett pul\u00f3ver \u2013 Matyodesign\" \/>\n<meta property=\"og:description\" content=\"Fekete maty\u00f3 pul\u00f3ver \u2013 h\u00edmzett, egyedi darab a Matyodesignt\u00f3l. \u00d6tv\u00f6zd a hagyom\u00e1nyt \u00e9s a modern diz\u00e1jnt k\u00e9zzel k\u00e9sz\u00fclt darabokban.\" \/>\n<meta property=\"og:url\" content=\"https:\/\/matyodesign.hu\/de\/termek\/fekete-pulover\/\" \/>\n<meta property=\"og:site_name\" content=\"matyodesign\" \/>\n<meta property=\"article:modified_time\" content=\"2026-04-24T08:10:05+00:00\" \/>\n<meta property=\"og:image\" content=\"https:\/\/matyodesign.hu\/wp-content\/uploads\/2024\/02\/fekete_pulcsi_piroslila2.png\" \/>\n\t<meta property=\"og:image:width\" content=\"800\" \/>\n\t<meta property=\"og:image:height\" content=\"800\" \/>\n\t<meta property=\"og:image:type\" content=\"image\/png\" \/>\n<meta name=\"twitter:card\" content=\"summary_large_image\" \/>\n<meta name=\"twitter:label1\" content=\"Gesch\u00e4tzte Lesezeit\" \/>\n\t<meta name=\"twitter:data1\" content=\"1\u00a0Minute\" \/>\n<script type=\"application\/ld+json\" class=\"yoast-schema-graph\">{\"@context\":\"https:\\\/\\\/schema.org\",\"@graph\":[{\"@type\":\"WebPage\",\"@id\":\"https:\\\/\\\/matyodesign.hu\\\/termek\\\/fekete-pulover\\\/\",\"url\":\"https:\\\/\\\/matyodesign.hu\\\/termek\\\/fekete-pulover\\\/\",\"name\":\"Fekete maty\u00f3 h\u00edmzett pul\u00f3ver \u2013 Matyodesign\",\"isPartOf\":{\"@id\":\"https:\\\/\\\/matyodesign.hu\\\/#website\"},\"primaryImageOfPage\":{\"@id\":\"https:\\\/\\\/matyodesign.hu\\\/termek\\\/fekete-pulover\\\/#primaryimage\"},\"image\":{\"@id\":\"https:\\\/\\\/matyodesign.hu\\\/termek\\\/fekete-pulover\\\/#primaryimage\"},\"thumbnailUrl\":\"https:\\\/\\\/matyodesign.hu\\\/wp-content\\\/uploads\\\/2024\\\/02\\\/fekete_pulcsi_piroslila2.png\",\"datePublished\":\"2023-03-30T10:15:56+00:00\",\"dateModified\":\"2026-04-24T08:10:05+00:00\",\"description\":\"Fekete maty\u00f3 pul\u00f3ver \u2013 h\u00edmzett, egyedi darab a Matyodesignt\u00f3l. \u00d6tv\u00f6zd a hagyom\u00e1nyt \u00e9s a modern diz\u00e1jnt k\u00e9zzel k\u00e9sz\u00fclt darabokban.\",\"breadcrumb\":{\"@id\":\"https:\\\/\\\/matyodesign.hu\\\/termek\\\/fekete-pulover\\\/#breadcrumb\"},\"inLanguage\":\"de\",\"potentialAction\":[{\"@type\":\"ReadAction\",\"target\":[\"https:\\\/\\\/matyodesign.hu\\\/termek\\\/fekete-pulover\\\/\"]}]},{\"@type\":\"ImageObject\",\"inLanguage\":\"de\",\"@id\":\"https:\\\/\\\/matyodesign.hu\\\/termek\\\/fekete-pulover\\\/#primaryimage\",\"url\":\"https:\\\/\\\/matyodesign.hu\\\/wp-content\\\/uploads\\\/2024\\\/02\\\/fekete_pulcsi_piroslila2.png\",\"contentUrl\":\"https:\\\/\\\/matyodesign.hu\\\/wp-content\\\/uploads\\\/2024\\\/02\\\/fekete_pulcsi_piroslila2.png\",\"width\":800,\"height\":800,\"caption\":\"Pul\u00f3ver fekete piros lila, modern n\u00e9pi ruhanem\u0171\"},{\"@type\":\"BreadcrumbList\",\"@id\":\"https:\\\/\\\/matyodesign.hu\\\/termek\\\/fekete-pulover\\\/#breadcrumb\",\"itemListElement\":[{\"@type\":\"ListItem\",\"position\":1,\"name\":\"Kezd\u0151lap\",\"item\":\"https:\\\/\\\/matyodesign.hu\\\/\"},{\"@type\":\"ListItem\",\"position\":2,\"name\":\"Webshop\",\"item\":\"https:\\\/\\\/matyodesign.hu\\\/webshop\\\/\"},{\"@type\":\"ListItem\",\"position\":3,\"name\":\"FEKETE PUL\u00d3VER\"}]},{\"@type\":\"WebSite\",\"@id\":\"https:\\\/\\\/matyodesign.hu\\\/#website\",\"url\":\"https:\\\/\\\/matyodesign.hu\\\/\",\"name\":\"matyodesign\",\"description\":\"K\u00e9zzel. Szeretettel. Neked.\",\"potentialAction\":[{\"@type\":\"SearchAction\",\"target\":{\"@type\":\"EntryPoint\",\"urlTemplate\":\"https:\\\/\\\/matyodesign.hu\\\/?s={search_term_string}\"},\"query-input\":{\"@type\":\"PropertyValueSpecification\",\"valueRequired\":true,\"valueName\":\"search_term_string\"}}],\"inLanguage\":\"de\"}]}<\/script>\n<!-- \/ Yoast SEO plugin. -->","yoast_head_json":{"title":"Fekete maty\u00f3 h\u00edmzett pul\u00f3ver \u2013 Matyodesign","description":"Fekete maty\u00f3 pul\u00f3ver \u2013 h\u00edmzett, egyedi darab a Matyodesignt\u00f3l. \u00d6tv\u00f6zd a hagyom\u00e1nyt \u00e9s a modern diz\u00e1jnt k\u00e9zzel k\u00e9sz\u00fclt darabokban.","robots":{"index":"index","follow":"follow","max-snippet":"max-snippet:-1","max-image-preview":"max-image-preview:large","max-video-preview":"max-video-preview:-1"},"canonical":"https:\/\/matyodesign.hu\/de\/termek\/fekete-pulover\/","og_locale":"de_DE","og_type":"article","og_title":"Fekete maty\u00f3 h\u00edmzett pul\u00f3ver \u2013 Matyodesign","og_description":"Fekete maty\u00f3 pul\u00f3ver \u2013 h\u00edmzett, egyedi darab a Matyodesignt\u00f3l. \u00d6tv\u00f6zd a hagyom\u00e1nyt \u00e9s a modern diz\u00e1jnt k\u00e9zzel k\u00e9sz\u00fclt darabokban.","og_url":"https:\/\/matyodesign.hu\/de\/termek\/fekete-pulover\/","og_site_name":"matyodesign","article_modified_time":"2026-04-24T08:10:05+00:00","og_image":[{"width":800,"height":800,"url":"https:\/\/matyodesign.hu\/wp-content\/uploads\/2024\/02\/fekete_pulcsi_piroslila2.png","type":"image\/png"}],"twitter_card":"summary_large_image","twitter_misc":{"Gesch\u00e4tzte Lesezeit":"1\u00a0Minute"},"schema":{"@context":"https:\/\/schema.org","@graph":[{"@type":"WebPage","@id":"https:\/\/matyodesign.hu\/termek\/fekete-pulover\/","url":"https:\/\/matyodesign.hu\/termek\/fekete-pulover\/","name":"Fekete maty\u00f3 h\u00edmzett pul\u00f3ver \u2013 Matyodesign","isPartOf":{"@id":"https:\/\/matyodesign.hu\/#website"},"primaryImageOfPage":{"@id":"https:\/\/matyodesign.hu\/termek\/fekete-pulover\/#primaryimage"},"image":{"@id":"https:\/\/matyodesign.hu\/termek\/fekete-pulover\/#primaryimage"},"thumbnailUrl":"https:\/\/matyodesign.hu\/wp-content\/uploads\/2024\/02\/fekete_pulcsi_piroslila2.png","datePublished":"2023-03-30T10:15:56+00:00","dateModified":"2026-04-24T08:10:05+00:00","description":"Fekete maty\u00f3 pul\u00f3ver \u2013 h\u00edmzett, egyedi darab a Matyodesignt\u00f3l. \u00d6tv\u00f6zd a hagyom\u00e1nyt \u00e9s a modern diz\u00e1jnt k\u00e9zzel k\u00e9sz\u00fclt darabokban.","breadcrumb":{"@id":"https:\/\/matyodesign.hu\/termek\/fekete-pulover\/#breadcrumb"},"inLanguage":"de","potentialAction":[{"@type":"ReadAction","target":["https:\/\/matyodesign.hu\/termek\/fekete-pulover\/"]}]},{"@type":"ImageObject","inLanguage":"de","@id":"https:\/\/matyodesign.hu\/termek\/fekete-pulover\/#primaryimage","url":"https:\/\/matyodesign.hu\/wp-content\/uploads\/2024\/02\/fekete_pulcsi_piroslila2.png","contentUrl":"https:\/\/matyodesign.hu\/wp-content\/uploads\/2024\/02\/fekete_pulcsi_piroslila2.png","width":800,"height":800,"caption":"Pul\u00f3ver fekete piros lila, modern n\u00e9pi ruhanem\u0171"},{"@type":"BreadcrumbList","@id":"https:\/\/matyodesign.hu\/termek\/fekete-pulover\/#breadcrumb","itemListElement":[{"@type":"ListItem","position":1,"name":"Kezd\u0151lap","item":"https:\/\/matyodesign.hu\/"},{"@type":"ListItem","position":2,"name":"Webshop","item":"https:\/\/matyodesign.hu\/webshop\/"},{"@type":"ListItem","position":3,"name":"FEKETE PUL\u00d3VER"}]},{"@type":"WebSite","@id":"https:\/\/matyodesign.hu\/#website","url":"https:\/\/matyodesign.hu\/","name":"matyodesign","description":"K\u00e9zzel. Szeretettel. Neked.","potentialAction":[{"@type":"SearchAction","target":{"@type":"EntryPoint","urlTemplate":"https:\/\/matyodesign.hu\/?s={search_term_string}"},"query-input":{"@type":"PropertyValueSpecification","valueRequired":true,"valueName":"search_term_string"}}],"inLanguage":"de"}]}},"_links":{"self":[{"href":"https:\/\/matyodesign.hu\/de\/wp-json\/wp\/v2\/product\/102979","targetHints":{"allow":["GET"]}}],"collection":[{"href":"https:\/\/matyodesign.hu\/de\/wp-json\/wp\/v2\/product"}],"about":[{"href":"https:\/\/matyodesign.hu\/de\/wp-json\/wp\/v2\/types\/product"}],"wp:featuredmedia":[{"embeddable":true,"href":"https:\/\/matyodesign.hu\/de\/wp-json\/wp\/v2\/media\/98821"}],"wp:attachment":[{"href":"https:\/\/matyodesign.hu\/de\/wp-json\/wp\/v2\/media?parent=102979"}],"wp:term":[{"taxonomy":"product_brand","embeddable":true,"href":"https:\/\/matyodesign.hu\/de\/wp-json\/wp\/v2\/product_brand?post=102979"},{"taxonomy":"product_cat","embeddable":true,"href":"https:\/\/matyodesign.hu\/de\/wp-json\/wp\/v2\/product_cat?post=102979"},{"taxonomy":"product_tag","embeddable":true,"href":"https:\/\/matyodesign.hu\/de\/wp-json\/wp\/v2\/product_tag?post=102979"}],"curies":[{"name":"wp","href":"https:\/\/api.w.org\/{rel}","templated":true}]}}