{"id":103558,"date":"2025-11-12T07:27:07","date_gmt":"2025-11-12T06:27:07","guid":{"rendered":"https:\/\/matyodesign.hu\/?post_type=product&#038;p=103558"},"modified":"2026-04-24T10:06:40","modified_gmt":"2026-04-24T08:06:40","slug":"matyo-pulover","status":"publish","type":"product","link":"https:\/\/matyodesign.hu\/de\/termek\/matyo-pulover\/","title":{"rendered":"Pullover"},"content":{"rendered":"<p>Material: 80 % Baumwolle, 20 % Polyester<\/p>\n<p>&nbsp;<\/p>","protected":false},"excerpt":{"rendered":"<p>Neue Saison, neue Farbvarianten: in tiefem Rotweinrot und sanftem Milchkaffee.<br \/>\nWeich und elegant, der perfekte Begleiter f\u00fcr einen Herbstspaziergang oder einen Nachmittag mit hei\u00dfem Tee. Ein zur\u00fcckhaltend eleganter, h\u00fcbscher Pullover, den Sie sogar zu festlichen Anl\u00e4ssen tragen k\u00f6nnen.<br \/>\nMit seinen herzerw\u00e4rmenden Details bringt es jeden Tag ein wenig W\u00e4rme \u2013 mit Hand, Herz und Liebe.<\/p>\n<p>&nbsp;<\/p>","protected":false},"featured_media":103563,"template":"","meta":[],"product_brand":[],"product_cat":[370],"product_tag":[],"class_list":{"0":"post-103558","1":"product","2":"type-product","3":"status-publish","4":"has-post-thumbnail","6":"product_cat-puloverek","8":"first","9":"instock","10":"shipping-taxable","11":"purchasable","12":"product-type-variable"},"yoast_head":"<!-- This site is optimized with the Yoast SEO plugin v27.5 - https:\/\/yoast.com\/product\/yoast-seo-wordpress\/ -->\n<title>Pul\u00f3ver - matyodesign<\/title>\n<meta name=\"robots\" content=\"index, follow, max-snippet:-1, max-image-preview:large, max-video-preview:-1\" \/>\n<link rel=\"canonical\" href=\"https:\/\/matyodesign.hu\/de\/termek\/matyo-pulover\/\" \/>\n<meta property=\"og:locale\" content=\"de_DE\" \/>\n<meta property=\"og:type\" content=\"article\" \/>\n<meta property=\"og:title\" content=\"Pul\u00f3ver - matyodesign\" \/>\n<meta property=\"og:description\" content=\"\u00daj szezon, \u00faj sz\u00ednvari\u00e1nsok: m\u00e9ly v\u00f6r\u00f6sbor \u00e9s l\u00e1gy tejesk\u00e1v\u00e9 \u00e1rnyalatban. Puha \u00e9s eleg\u00e1ns, egy \u0151szi s\u00e9ta vagy egy forr\u00f3 te\u00e1s d\u00e9lut\u00e1n t\u00f6k\u00e9letes k\u00eds\u00e9r\u0151je.Visszafogottan eleg\u00e1ns, kedves pul\u00f3ver, amelyet ak\u00e1r \u00fcnnepi alkalmakra is felvehetsz. Sz\u00edvet melenget\u0151 r\u00e9szleteivel minden napba visz egy kis melegs\u00e9get \u2013 k\u00e9zzel, sz\u00edvvel, szeretettel.  &nbsp;\" \/>\n<meta property=\"og:url\" content=\"https:\/\/matyodesign.hu\/de\/termek\/matyo-pulover\/\" \/>\n<meta property=\"og:site_name\" content=\"matyodesign\" \/>\n<meta property=\"article:modified_time\" content=\"2026-04-24T08:06:40+00:00\" \/>\n<meta property=\"og:image\" content=\"https:\/\/matyodesign.hu\/wp-content\/uploads\/2025\/11\/image00039-scaled-e1762929495173.jpeg\" \/>\n\t<meta property=\"og:image:width\" content=\"1881\" \/>\n\t<meta property=\"og:image:height\" content=\"1882\" \/>\n\t<meta property=\"og:image:type\" content=\"image\/jpeg\" \/>\n<meta name=\"twitter:card\" content=\"summary_large_image\" \/>\n<meta name=\"twitter:label1\" content=\"Gesch\u00e4tzte Lesezeit\" \/>\n\t<meta name=\"twitter:data1\" content=\"1\u00a0Minute\" \/>\n<script type=\"application\/ld+json\" class=\"yoast-schema-graph\">{\"@context\":\"https:\\\/\\\/schema.org\",\"@graph\":[{\"@type\":\"WebPage\",\"@id\":\"https:\\\/\\\/matyodesign.hu\\\/termek\\\/matyo-pulover\\\/\",\"url\":\"https:\\\/\\\/matyodesign.hu\\\/termek\\\/matyo-pulover\\\/\",\"name\":\"Pul\u00f3ver - matyodesign\",\"isPartOf\":{\"@id\":\"https:\\\/\\\/matyodesign.hu\\\/#website\"},\"primaryImageOfPage\":{\"@id\":\"https:\\\/\\\/matyodesign.hu\\\/termek\\\/matyo-pulover\\\/#primaryimage\"},\"image\":{\"@id\":\"https:\\\/\\\/matyodesign.hu\\\/termek\\\/matyo-pulover\\\/#primaryimage\"},\"thumbnailUrl\":\"https:\\\/\\\/matyodesign.hu\\\/wp-content\\\/uploads\\\/2025\\\/11\\\/image00039-scaled-e1762929495173.jpeg\",\"datePublished\":\"2025-11-12T06:27:07+00:00\",\"dateModified\":\"2026-04-24T08:06:40+00:00\",\"breadcrumb\":{\"@id\":\"https:\\\/\\\/matyodesign.hu\\\/termek\\\/matyo-pulover\\\/#breadcrumb\"},\"inLanguage\":\"de\",\"potentialAction\":[{\"@type\":\"ReadAction\",\"target\":[\"https:\\\/\\\/matyodesign.hu\\\/termek\\\/matyo-pulover\\\/\"]}]},{\"@type\":\"ImageObject\",\"inLanguage\":\"de\",\"@id\":\"https:\\\/\\\/matyodesign.hu\\\/termek\\\/matyo-pulover\\\/#primaryimage\",\"url\":\"https:\\\/\\\/matyodesign.hu\\\/wp-content\\\/uploads\\\/2025\\\/11\\\/image00039-scaled-e1762929495173.jpeg\",\"contentUrl\":\"https:\\\/\\\/matyodesign.hu\\\/wp-content\\\/uploads\\\/2025\\\/11\\\/image00039-scaled-e1762929495173.jpeg\",\"width\":1881,\"height\":1882},{\"@type\":\"BreadcrumbList\",\"@id\":\"https:\\\/\\\/matyodesign.hu\\\/termek\\\/matyo-pulover\\\/#breadcrumb\",\"itemListElement\":[{\"@type\":\"ListItem\",\"position\":1,\"name\":\"Kezd\u0151lap\",\"item\":\"https:\\\/\\\/matyodesign.hu\\\/\"},{\"@type\":\"ListItem\",\"position\":2,\"name\":\"Webshop\",\"item\":\"https:\\\/\\\/matyodesign.hu\\\/webshop\\\/\"},{\"@type\":\"ListItem\",\"position\":3,\"name\":\"Pul\u00f3ver\"}]},{\"@type\":\"WebSite\",\"@id\":\"https:\\\/\\\/matyodesign.hu\\\/#website\",\"url\":\"https:\\\/\\\/matyodesign.hu\\\/\",\"name\":\"matyodesign\",\"description\":\"K\u00e9zzel. Szeretettel. Neked.\",\"potentialAction\":[{\"@type\":\"SearchAction\",\"target\":{\"@type\":\"EntryPoint\",\"urlTemplate\":\"https:\\\/\\\/matyodesign.hu\\\/?s={search_term_string}\"},\"query-input\":{\"@type\":\"PropertyValueSpecification\",\"valueRequired\":true,\"valueName\":\"search_term_string\"}}],\"inLanguage\":\"de\"}]}<\/script>\n<!-- \/ Yoast SEO plugin. -->","yoast_head_json":{"title":"Pul\u00f3ver - matyodesign","robots":{"index":"index","follow":"follow","max-snippet":"max-snippet:-1","max-image-preview":"max-image-preview:large","max-video-preview":"max-video-preview:-1"},"canonical":"https:\/\/matyodesign.hu\/de\/termek\/matyo-pulover\/","og_locale":"de_DE","og_type":"article","og_title":"Pul\u00f3ver - matyodesign","og_description":"\u00daj szezon, \u00faj sz\u00ednvari\u00e1nsok: m\u00e9ly v\u00f6r\u00f6sbor \u00e9s l\u00e1gy tejesk\u00e1v\u00e9 \u00e1rnyalatban. Puha \u00e9s eleg\u00e1ns, egy \u0151szi s\u00e9ta vagy egy forr\u00f3 te\u00e1s d\u00e9lut\u00e1n t\u00f6k\u00e9letes k\u00eds\u00e9r\u0151je.Visszafogottan eleg\u00e1ns, kedves pul\u00f3ver, amelyet ak\u00e1r \u00fcnnepi alkalmakra is felvehetsz. Sz\u00edvet melenget\u0151 r\u00e9szleteivel minden napba visz egy kis melegs\u00e9get \u2013 k\u00e9zzel, sz\u00edvvel, szeretettel.  &nbsp;","og_url":"https:\/\/matyodesign.hu\/de\/termek\/matyo-pulover\/","og_site_name":"matyodesign","article_modified_time":"2026-04-24T08:06:40+00:00","og_image":[{"width":1881,"height":1882,"url":"https:\/\/matyodesign.hu\/wp-content\/uploads\/2025\/11\/image00039-scaled-e1762929495173.jpeg","type":"image\/jpeg"}],"twitter_card":"summary_large_image","twitter_misc":{"Gesch\u00e4tzte Lesezeit":"1\u00a0Minute"},"schema":{"@context":"https:\/\/schema.org","@graph":[{"@type":"WebPage","@id":"https:\/\/matyodesign.hu\/termek\/matyo-pulover\/","url":"https:\/\/matyodesign.hu\/termek\/matyo-pulover\/","name":"Pul\u00f3ver - matyodesign","isPartOf":{"@id":"https:\/\/matyodesign.hu\/#website"},"primaryImageOfPage":{"@id":"https:\/\/matyodesign.hu\/termek\/matyo-pulover\/#primaryimage"},"image":{"@id":"https:\/\/matyodesign.hu\/termek\/matyo-pulover\/#primaryimage"},"thumbnailUrl":"https:\/\/matyodesign.hu\/wp-content\/uploads\/2025\/11\/image00039-scaled-e1762929495173.jpeg","datePublished":"2025-11-12T06:27:07+00:00","dateModified":"2026-04-24T08:06:40+00:00","breadcrumb":{"@id":"https:\/\/matyodesign.hu\/termek\/matyo-pulover\/#breadcrumb"},"inLanguage":"de","potentialAction":[{"@type":"ReadAction","target":["https:\/\/matyodesign.hu\/termek\/matyo-pulover\/"]}]},{"@type":"ImageObject","inLanguage":"de","@id":"https:\/\/matyodesign.hu\/termek\/matyo-pulover\/#primaryimage","url":"https:\/\/matyodesign.hu\/wp-content\/uploads\/2025\/11\/image00039-scaled-e1762929495173.jpeg","contentUrl":"https:\/\/matyodesign.hu\/wp-content\/uploads\/2025\/11\/image00039-scaled-e1762929495173.jpeg","width":1881,"height":1882},{"@type":"BreadcrumbList","@id":"https:\/\/matyodesign.hu\/termek\/matyo-pulover\/#breadcrumb","itemListElement":[{"@type":"ListItem","position":1,"name":"Kezd\u0151lap","item":"https:\/\/matyodesign.hu\/"},{"@type":"ListItem","position":2,"name":"Webshop","item":"https:\/\/matyodesign.hu\/webshop\/"},{"@type":"ListItem","position":3,"name":"Pul\u00f3ver"}]},{"@type":"WebSite","@id":"https:\/\/matyodesign.hu\/#website","url":"https:\/\/matyodesign.hu\/","name":"matyodesign","description":"K\u00e9zzel. Szeretettel. Neked.","potentialAction":[{"@type":"SearchAction","target":{"@type":"EntryPoint","urlTemplate":"https:\/\/matyodesign.hu\/?s={search_term_string}"},"query-input":{"@type":"PropertyValueSpecification","valueRequired":true,"valueName":"search_term_string"}}],"inLanguage":"de"}]}},"_links":{"self":[{"href":"https:\/\/matyodesign.hu\/de\/wp-json\/wp\/v2\/product\/103558","targetHints":{"allow":["GET"]}}],"collection":[{"href":"https:\/\/matyodesign.hu\/de\/wp-json\/wp\/v2\/product"}],"about":[{"href":"https:\/\/matyodesign.hu\/de\/wp-json\/wp\/v2\/types\/product"}],"wp:featuredmedia":[{"embeddable":true,"href":"https:\/\/matyodesign.hu\/de\/wp-json\/wp\/v2\/media\/103563"}],"wp:attachment":[{"href":"https:\/\/matyodesign.hu\/de\/wp-json\/wp\/v2\/media?parent=103558"}],"wp:term":[{"taxonomy":"product_brand","embeddable":true,"href":"https:\/\/matyodesign.hu\/de\/wp-json\/wp\/v2\/product_brand?post=103558"},{"taxonomy":"product_cat","embeddable":true,"href":"https:\/\/matyodesign.hu\/de\/wp-json\/wp\/v2\/product_cat?post=103558"},{"taxonomy":"product_tag","embeddable":true,"href":"https:\/\/matyodesign.hu\/de\/wp-json\/wp\/v2\/product_tag?post=103558"}],"curies":[{"name":"wp","href":"https:\/\/api.w.org\/{rel}","templated":true}]}}