{"id":103731,"date":"2025-12-08T22:16:05","date_gmt":"2025-12-08T21:16:05","guid":{"rendered":"https:\/\/matyodesign.hu\/?post_type=product&#038;p=103731"},"modified":"2026-02-10T20:50:49","modified_gmt":"2026-02-10T19:50:49","slug":"polar-melleny","status":"publish","type":"product","link":"https:\/\/matyodesign.hu\/de\/produkt\/polar-melleny\/","title":{"rendered":"Fleeceweste"},"content":{"rendered":"","protected":false},"excerpt":{"rendered":"<p>Unsere neue, handbestickte Polarmelange-Weste ist der perfekte Begleiter f\u00fcr den Herbst-Winter-Look. Mit ihrer zeitlosen schwarzen Grundfarbe, ihrem unisex Schnitt und zwei verschiedenen Farbkombinationen ist sie ideal f\u00fcr Frauen und M\u00e4nner.<br \/>\nWarm, leicht, bequem und praktisch \u2013 mit einem Hauch von Maty\u00f3f\u00f6ld.<\/p>","protected":false},"featured_media":103737,"template":"","meta":[],"product_brand":[],"product_cat":[371],"product_tag":[],"class_list":{"0":"post-103731","1":"product","2":"type-product","3":"status-publish","4":"has-post-thumbnail","6":"product_cat-mellenyek","8":"first","9":"instock","10":"shipping-taxable","11":"purchasable","12":"product-type-variable"},"yoast_head":"<!-- This site is optimized with the Yoast SEO plugin v27.0 - https:\/\/yoast.com\/product\/yoast-seo-wordpress\/ -->\n<title>Pol\u00e1r mell\u00e9ny - matyodesign<\/title>\n<meta name=\"robots\" content=\"index, follow, max-snippet:-1, max-image-preview:large, max-video-preview:-1\" \/>\n<link rel=\"canonical\" href=\"https:\/\/matyodesign.hu\/de\/produkt\/polar-melleny\/\" \/>\n<meta property=\"og:locale\" content=\"de_DE\" \/>\n<meta property=\"og:type\" content=\"article\" \/>\n<meta property=\"og:title\" content=\"Pol\u00e1r mell\u00e9ny - matyodesign\" \/>\n<meta property=\"og:description\" content=\"\u00daj, k\u00e9zzel h\u00edmzett pol\u00e1rmell\u00e9ny\u00fcnk t\u00f6k\u00e9letes t\u00e1rs az \u0151szi-t\u00e9li r\u00e9tegez\u00e9shez. Fekete alapsz\u00edne id\u0151tlen, uniszex szab\u00e1sa \u00e9s k\u00e9tf\u00e9le sz\u00ednkombin\u00e1ci\u00f3j\u00fa h\u00edmz\u00e9se miatt n\u0151knek \u00e9s f\u00e9rfiaknak is ide\u00e1lisa. Meleg, k\u00f6nny\u0171, k\u00e9nyelmes \u00e9s praktikus \u2013 egy darabka Maty\u00f3f\u00f6lddel megsp\u00e9kelve.\" \/>\n<meta property=\"og:url\" content=\"https:\/\/matyodesign.hu\/de\/produkt\/polar-melleny\/\" \/>\n<meta property=\"og:site_name\" content=\"matyodesign\" \/>\n<meta property=\"article:modified_time\" content=\"2026-02-10T19:50:49+00:00\" \/>\n<meta property=\"og:image\" content=\"https:\/\/matyodesign.hu\/wp-content\/uploads\/2025\/12\/image00013-scaled-e1770753030839.jpeg\" \/>\n\t<meta property=\"og:image:width\" content=\"1830\" \/>\n\t<meta property=\"og:image:height\" content=\"1830\" \/>\n\t<meta property=\"og:image:type\" content=\"image\/jpeg\" \/>\n<meta name=\"twitter:card\" content=\"summary_large_image\" \/>\n<meta name=\"twitter:label1\" content=\"Gesch\u00e4tzte Lesezeit\" \/>\n\t<meta name=\"twitter:data1\" content=\"1\u00a0Minute\" \/>\n<script type=\"application\/ld+json\" class=\"yoast-schema-graph\">{\"@context\":\"https:\/\/schema.org\",\"@graph\":[{\"@type\":\"WebPage\",\"@id\":\"https:\/\/matyodesign.hu\/termek\/polar-melleny\/\",\"url\":\"https:\/\/matyodesign.hu\/termek\/polar-melleny\/\",\"name\":\"Pol\u00e1r mell\u00e9ny - matyodesign\",\"isPartOf\":{\"@id\":\"https:\/\/matyodesign.hu\/#website\"},\"primaryImageOfPage\":{\"@id\":\"https:\/\/matyodesign.hu\/termek\/polar-melleny\/#primaryimage\"},\"image\":{\"@id\":\"https:\/\/matyodesign.hu\/termek\/polar-melleny\/#primaryimage\"},\"thumbnailUrl\":\"https:\/\/matyodesign.hu\/wp-content\/uploads\/2025\/12\/image00013-scaled-e1770753030839.jpeg\",\"datePublished\":\"2025-12-08T21:16:05+00:00\",\"dateModified\":\"2026-02-10T19:50:49+00:00\",\"breadcrumb\":{\"@id\":\"https:\/\/matyodesign.hu\/termek\/polar-melleny\/#breadcrumb\"},\"inLanguage\":\"de\",\"potentialAction\":[{\"@type\":\"ReadAction\",\"target\":[\"https:\/\/matyodesign.hu\/termek\/polar-melleny\/\"]}]},{\"@type\":\"ImageObject\",\"inLanguage\":\"de\",\"@id\":\"https:\/\/matyodesign.hu\/termek\/polar-melleny\/#primaryimage\",\"url\":\"https:\/\/matyodesign.hu\/wp-content\/uploads\/2025\/12\/image00013-scaled-e1770753030839.jpeg\",\"contentUrl\":\"https:\/\/matyodesign.hu\/wp-content\/uploads\/2025\/12\/image00013-scaled-e1770753030839.jpeg\",\"width\":1830,\"height\":1830},{\"@type\":\"BreadcrumbList\",\"@id\":\"https:\/\/matyodesign.hu\/termek\/polar-melleny\/#breadcrumb\",\"itemListElement\":[{\"@type\":\"ListItem\",\"position\":1,\"name\":\"Kezd\u0151lap\",\"item\":\"https:\/\/matyodesign.hu\/\"},{\"@type\":\"ListItem\",\"position\":2,\"name\":\"Webshop\",\"item\":\"https:\/\/matyodesign.hu\/webshop\/\"},{\"@type\":\"ListItem\",\"position\":3,\"name\":\"Pol\u00e1r mell\u00e9ny\"}]},{\"@type\":\"WebSite\",\"@id\":\"https:\/\/matyodesign.hu\/#website\",\"url\":\"https:\/\/matyodesign.hu\/\",\"name\":\"matyodesign\",\"description\":\"K\u00e9zzel. Szeretettel. Neked.\",\"potentialAction\":[{\"@type\":\"SearchAction\",\"target\":{\"@type\":\"EntryPoint\",\"urlTemplate\":\"https:\/\/matyodesign.hu\/?s={search_term_string}\"},\"query-input\":{\"@type\":\"PropertyValueSpecification\",\"valueRequired\":true,\"valueName\":\"search_term_string\"}}],\"inLanguage\":\"de\"}]}<\/script>\n<!-- \/ Yoast SEO plugin. -->","yoast_head_json":{"title":"Pol\u00e1r mell\u00e9ny - matyodesign","robots":{"index":"index","follow":"follow","max-snippet":"max-snippet:-1","max-image-preview":"max-image-preview:large","max-video-preview":"max-video-preview:-1"},"canonical":"https:\/\/matyodesign.hu\/de\/produkt\/polar-melleny\/","og_locale":"de_DE","og_type":"article","og_title":"Pol\u00e1r mell\u00e9ny - matyodesign","og_description":"\u00daj, k\u00e9zzel h\u00edmzett pol\u00e1rmell\u00e9ny\u00fcnk t\u00f6k\u00e9letes t\u00e1rs az \u0151szi-t\u00e9li r\u00e9tegez\u00e9shez. Fekete alapsz\u00edne id\u0151tlen, uniszex szab\u00e1sa \u00e9s k\u00e9tf\u00e9le sz\u00ednkombin\u00e1ci\u00f3j\u00fa h\u00edmz\u00e9se miatt n\u0151knek \u00e9s f\u00e9rfiaknak is ide\u00e1lisa. Meleg, k\u00f6nny\u0171, k\u00e9nyelmes \u00e9s praktikus \u2013 egy darabka Maty\u00f3f\u00f6lddel megsp\u00e9kelve.","og_url":"https:\/\/matyodesign.hu\/de\/produkt\/polar-melleny\/","og_site_name":"matyodesign","article_modified_time":"2026-02-10T19:50:49+00:00","og_image":[{"width":1830,"height":1830,"url":"https:\/\/matyodesign.hu\/wp-content\/uploads\/2025\/12\/image00013-scaled-e1770753030839.jpeg","type":"image\/jpeg"}],"twitter_card":"summary_large_image","twitter_misc":{"Gesch\u00e4tzte Lesezeit":"1\u00a0Minute"},"schema":{"@context":"https:\/\/schema.org","@graph":[{"@type":"WebPage","@id":"https:\/\/matyodesign.hu\/termek\/polar-melleny\/","url":"https:\/\/matyodesign.hu\/termek\/polar-melleny\/","name":"Pol\u00e1r mell\u00e9ny - matyodesign","isPartOf":{"@id":"https:\/\/matyodesign.hu\/#website"},"primaryImageOfPage":{"@id":"https:\/\/matyodesign.hu\/termek\/polar-melleny\/#primaryimage"},"image":{"@id":"https:\/\/matyodesign.hu\/termek\/polar-melleny\/#primaryimage"},"thumbnailUrl":"https:\/\/matyodesign.hu\/wp-content\/uploads\/2025\/12\/image00013-scaled-e1770753030839.jpeg","datePublished":"2025-12-08T21:16:05+00:00","dateModified":"2026-02-10T19:50:49+00:00","breadcrumb":{"@id":"https:\/\/matyodesign.hu\/termek\/polar-melleny\/#breadcrumb"},"inLanguage":"de","potentialAction":[{"@type":"ReadAction","target":["https:\/\/matyodesign.hu\/termek\/polar-melleny\/"]}]},{"@type":"ImageObject","inLanguage":"de","@id":"https:\/\/matyodesign.hu\/termek\/polar-melleny\/#primaryimage","url":"https:\/\/matyodesign.hu\/wp-content\/uploads\/2025\/12\/image00013-scaled-e1770753030839.jpeg","contentUrl":"https:\/\/matyodesign.hu\/wp-content\/uploads\/2025\/12\/image00013-scaled-e1770753030839.jpeg","width":1830,"height":1830},{"@type":"BreadcrumbList","@id":"https:\/\/matyodesign.hu\/termek\/polar-melleny\/#breadcrumb","itemListElement":[{"@type":"ListItem","position":1,"name":"Kezd\u0151lap","item":"https:\/\/matyodesign.hu\/"},{"@type":"ListItem","position":2,"name":"Webshop","item":"https:\/\/matyodesign.hu\/webshop\/"},{"@type":"ListItem","position":3,"name":"Pol\u00e1r mell\u00e9ny"}]},{"@type":"WebSite","@id":"https:\/\/matyodesign.hu\/#website","url":"https:\/\/matyodesign.hu\/","name":"matyodesign","description":"K\u00e9zzel. Szeretettel. Neked.","potentialAction":[{"@type":"SearchAction","target":{"@type":"EntryPoint","urlTemplate":"https:\/\/matyodesign.hu\/?s={search_term_string}"},"query-input":{"@type":"PropertyValueSpecification","valueRequired":true,"valueName":"search_term_string"}}],"inLanguage":"de"}]}},"_links":{"self":[{"href":"https:\/\/matyodesign.hu\/de\/wp-json\/wp\/v2\/product\/103731","targetHints":{"allow":["GET"]}}],"collection":[{"href":"https:\/\/matyodesign.hu\/de\/wp-json\/wp\/v2\/product"}],"about":[{"href":"https:\/\/matyodesign.hu\/de\/wp-json\/wp\/v2\/types\/product"}],"wp:featuredmedia":[{"embeddable":true,"href":"https:\/\/matyodesign.hu\/de\/wp-json\/wp\/v2\/media\/103737"}],"wp:attachment":[{"href":"https:\/\/matyodesign.hu\/de\/wp-json\/wp\/v2\/media?parent=103731"}],"wp:term":[{"taxonomy":"product_brand","embeddable":true,"href":"https:\/\/matyodesign.hu\/de\/wp-json\/wp\/v2\/product_brand?post=103731"},{"taxonomy":"product_cat","embeddable":true,"href":"https:\/\/matyodesign.hu\/de\/wp-json\/wp\/v2\/product_cat?post=103731"},{"taxonomy":"product_tag","embeddable":true,"href":"https:\/\/matyodesign.hu\/de\/wp-json\/wp\/v2\/product_tag?post=103731"}],"curies":[{"name":"wp","href":"https:\/\/api.w.org\/{rel}","templated":true}]}}