{"id":104256,"date":"2026-04-13T14:14:24","date_gmt":"2026-04-13T12:14:24","guid":{"rendered":"https:\/\/matyodesign.hu\/?post_type=product&#038;p=104256"},"modified":"2026-04-22T06:52:11","modified_gmt":"2026-04-22T04:52:11","slug":"vegre-polo","status":"publish","type":"product","link":"https:\/\/matyodesign.hu\/de\/termek\/vegre-polo\/","title":{"rendered":"V\u00c9GRE uniszex oversize p\u00f3l\u00f3"},"content":{"rendered":"<p><strong>Wusstest du?<\/strong><\/p>\n<p>Unsere handgefertigten Produkte bieten Arbeit f\u00fcr 45 Frauen in Tardo, einem kleinen Dorf im Nordosten Ungarns. Die Mission von matyodesign besteht nicht nur darin, die Tradition am Leben zu erhalten, sondern sie auch auf hohem Niveau neu zu erschaffen, mit Blick auf die Einzigartigkeit und gleichzeitig unter Ber\u00fccksichtigung der Herausforderungen der Gegenwart.<\/p>\n<p>Wir haben die matyodesign-Community gegr\u00fcndet, nicht zu vergessen die Bestrebungen, die mit den Herausforderungen der heutigen Welt \u00fcbereinstimmen: Wir leben in einem ethischen Gesch\u00e4ftsmodell, Wertsch\u00f6pfung im Laufe der Zeit anstelle von Wegwerfprodukten und verantwortungsvolles Einkaufen und Nachhaltigkeit sind dar\u00fcber hinaus auch wichtige Teile unseres Ethos zur Weitergabe der Werte der Vergangenheit. Die Maty\u00f3-Stickerei wurde in die UNESCO-Liste des geistigen und kulturellen Erbes aufgenommen.<\/p>\n<p>Folge uns auch auf unserer Facebook-Seite: <a href=\"https:\/\/www.facebook.com\/matyodesign\">https:\/\/www.facebook.com\/matyodesign<\/a><\/p>\n<p>Du findest uns auch auf Instagram: <a href=\"https:\/\/www.instagram.com\/matyodesign\/\">https:\/\/www.instagram.com\/matyodesign\/<\/a><\/p>","protected":false},"excerpt":{"rendered":"<p>Van, amikor egy sz\u00f3 mindent elmond. A V\u00c9GRE p\u00f3l\u00f3 a megk\u00f6nnyebb\u00fcl\u00e9s \u00e9s az \u00faj kezdet jelk\u00e9pe.<\/p>\n<p>A p\u00f3l\u00f3 oversize m\u00e9ret\u0171.<\/p>\n<p>A h\u00edmz\u00e9s sz\u00edne v\u00e1laszthat\u00f3, megrendel\u00e9skor k\u00e9rj\u00fck \u00edrd le megjegyz\u00e9sben milyen sz\u00ednben szeretn\u00e9d. (k\u00e9k, piros, fekete)<\/p>","protected":false},"featured_media":104266,"template":"","meta":[],"product_brand":[],"product_cat":[299,79,367],"product_tag":[],"class_list":{"0":"post-104256","1":"product","2":"type-product","3":"status-publish","4":"has-post-thumbnail","6":"product_cat-ferfiaknak","7":"product_cat-noknek","8":"product_cat-polok","10":"first","11":"instock","12":"shipping-taxable","13":"purchasable","14":"product-type-variable"},"yoast_head":"<!-- This site is optimized with the Yoast SEO plugin v27.5 - https:\/\/yoast.com\/product\/yoast-seo-wordpress\/ -->\n<title>V\u00c9GRE uniszex oversize p\u00f3l\u00f3 - matyodesign<\/title>\n<meta name=\"description\" content=\"Van, amikor egy sz\u00f3 mindent elmond.. A V\u00c9GRE p\u00f3l\u00f3 a megk\u00f6nnyebb\u00fcl\u00e9s \u00e9s az \u00faj kezdet jelk\u00e9pe. A p\u00f3l\u00f3 oversize m\u00e9ret\u0171.\" \/>\n<meta name=\"robots\" content=\"index, follow, max-snippet:-1, max-image-preview:large, max-video-preview:-1\" \/>\n<link rel=\"canonical\" href=\"https:\/\/matyodesign.hu\/de\/termek\/vegre-polo\/\" \/>\n<meta property=\"og:locale\" content=\"de_DE\" \/>\n<meta property=\"og:type\" content=\"article\" \/>\n<meta property=\"og:title\" content=\"V\u00c9GRE uniszex oversize p\u00f3l\u00f3 - matyodesign\" \/>\n<meta property=\"og:description\" content=\"Van, amikor egy sz\u00f3 mindent elmond.. A V\u00c9GRE p\u00f3l\u00f3 a megk\u00f6nnyebb\u00fcl\u00e9s \u00e9s az \u00faj kezdet jelk\u00e9pe. A p\u00f3l\u00f3 oversize m\u00e9ret\u0171.\" \/>\n<meta property=\"og:url\" content=\"https:\/\/matyodesign.hu\/de\/termek\/vegre-polo\/\" \/>\n<meta property=\"og:site_name\" content=\"matyodesign\" \/>\n<meta property=\"article:modified_time\" content=\"2026-04-22T04:52:11+00:00\" \/>\n<meta property=\"og:image\" content=\"https:\/\/matyodesign.hu\/wp-content\/uploads\/2026\/04\/matyodesign_vegre_1a-e1776082323200.jpg\" \/>\n\t<meta property=\"og:image:width\" content=\"1440\" \/>\n\t<meta property=\"og:image:height\" content=\"1440\" \/>\n\t<meta property=\"og:image:type\" content=\"image\/jpeg\" \/>\n<meta name=\"twitter:card\" content=\"summary_large_image\" \/>\n<meta name=\"twitter:label1\" content=\"Gesch\u00e4tzte Lesezeit\" \/>\n\t<meta name=\"twitter:data1\" content=\"1\u00a0Minute\" \/>\n<script type=\"application\/ld+json\" class=\"yoast-schema-graph\">{\"@context\":\"https:\\\/\\\/schema.org\",\"@graph\":[{\"@type\":\"WebPage\",\"@id\":\"https:\\\/\\\/matyodesign.hu\\\/termek\\\/vegre-polo\\\/\",\"url\":\"https:\\\/\\\/matyodesign.hu\\\/termek\\\/vegre-polo\\\/\",\"name\":\"V\u00c9GRE uniszex oversize p\u00f3l\u00f3 - matyodesign\",\"isPartOf\":{\"@id\":\"https:\\\/\\\/matyodesign.hu\\\/#website\"},\"primaryImageOfPage\":{\"@id\":\"https:\\\/\\\/matyodesign.hu\\\/termek\\\/vegre-polo\\\/#primaryimage\"},\"image\":{\"@id\":\"https:\\\/\\\/matyodesign.hu\\\/termek\\\/vegre-polo\\\/#primaryimage\"},\"thumbnailUrl\":\"https:\\\/\\\/matyodesign.hu\\\/wp-content\\\/uploads\\\/2026\\\/04\\\/matyodesign_vegre_1a-e1776082323200.jpg\",\"datePublished\":\"2026-04-13T12:14:24+00:00\",\"dateModified\":\"2026-04-22T04:52:11+00:00\",\"description\":\"Van, amikor egy sz\u00f3 mindent elmond.. A V\u00c9GRE p\u00f3l\u00f3 a megk\u00f6nnyebb\u00fcl\u00e9s \u00e9s az \u00faj kezdet jelk\u00e9pe. A p\u00f3l\u00f3 oversize m\u00e9ret\u0171.\",\"breadcrumb\":{\"@id\":\"https:\\\/\\\/matyodesign.hu\\\/termek\\\/vegre-polo\\\/#breadcrumb\"},\"inLanguage\":\"de\",\"potentialAction\":[{\"@type\":\"ReadAction\",\"target\":[\"https:\\\/\\\/matyodesign.hu\\\/termek\\\/vegre-polo\\\/\"]}]},{\"@type\":\"ImageObject\",\"inLanguage\":\"de\",\"@id\":\"https:\\\/\\\/matyodesign.hu\\\/termek\\\/vegre-polo\\\/#primaryimage\",\"url\":\"https:\\\/\\\/matyodesign.hu\\\/wp-content\\\/uploads\\\/2026\\\/04\\\/matyodesign_vegre_1a-e1776082323200.jpg\",\"contentUrl\":\"https:\\\/\\\/matyodesign.hu\\\/wp-content\\\/uploads\\\/2026\\\/04\\\/matyodesign_vegre_1a-e1776082323200.jpg\",\"width\":1440,\"height\":1440},{\"@type\":\"BreadcrumbList\",\"@id\":\"https:\\\/\\\/matyodesign.hu\\\/termek\\\/vegre-polo\\\/#breadcrumb\",\"itemListElement\":[{\"@type\":\"ListItem\",\"position\":1,\"name\":\"Kezd\u0151lap\",\"item\":\"https:\\\/\\\/matyodesign.hu\\\/\"},{\"@type\":\"ListItem\",\"position\":2,\"name\":\"Webshop\",\"item\":\"https:\\\/\\\/matyodesign.hu\\\/webshop\\\/\"},{\"@type\":\"ListItem\",\"position\":3,\"name\":\"V\u00c9GRE uniszex oversize p\u00f3l\u00f3\"}]},{\"@type\":\"WebSite\",\"@id\":\"https:\\\/\\\/matyodesign.hu\\\/#website\",\"url\":\"https:\\\/\\\/matyodesign.hu\\\/\",\"name\":\"matyodesign\",\"description\":\"K\u00e9zzel. Szeretettel. Neked.\",\"potentialAction\":[{\"@type\":\"SearchAction\",\"target\":{\"@type\":\"EntryPoint\",\"urlTemplate\":\"https:\\\/\\\/matyodesign.hu\\\/?s={search_term_string}\"},\"query-input\":{\"@type\":\"PropertyValueSpecification\",\"valueRequired\":true,\"valueName\":\"search_term_string\"}}],\"inLanguage\":\"de\"}]}<\/script>\n<!-- \/ Yoast SEO plugin. -->","yoast_head_json":{"title":"V\u00c9GRE uniszex oversize p\u00f3l\u00f3 - matyodesign","description":"Van, amikor egy sz\u00f3 mindent elmond.. A V\u00c9GRE p\u00f3l\u00f3 a megk\u00f6nnyebb\u00fcl\u00e9s \u00e9s az \u00faj kezdet jelk\u00e9pe. A p\u00f3l\u00f3 oversize m\u00e9ret\u0171.","robots":{"index":"index","follow":"follow","max-snippet":"max-snippet:-1","max-image-preview":"max-image-preview:large","max-video-preview":"max-video-preview:-1"},"canonical":"https:\/\/matyodesign.hu\/de\/termek\/vegre-polo\/","og_locale":"de_DE","og_type":"article","og_title":"V\u00c9GRE uniszex oversize p\u00f3l\u00f3 - matyodesign","og_description":"Van, amikor egy sz\u00f3 mindent elmond.. A V\u00c9GRE p\u00f3l\u00f3 a megk\u00f6nnyebb\u00fcl\u00e9s \u00e9s az \u00faj kezdet jelk\u00e9pe. A p\u00f3l\u00f3 oversize m\u00e9ret\u0171.","og_url":"https:\/\/matyodesign.hu\/de\/termek\/vegre-polo\/","og_site_name":"matyodesign","article_modified_time":"2026-04-22T04:52:11+00:00","og_image":[{"width":1440,"height":1440,"url":"https:\/\/matyodesign.hu\/wp-content\/uploads\/2026\/04\/matyodesign_vegre_1a-e1776082323200.jpg","type":"image\/jpeg"}],"twitter_card":"summary_large_image","twitter_misc":{"Gesch\u00e4tzte Lesezeit":"1\u00a0Minute"},"schema":{"@context":"https:\/\/schema.org","@graph":[{"@type":"WebPage","@id":"https:\/\/matyodesign.hu\/termek\/vegre-polo\/","url":"https:\/\/matyodesign.hu\/termek\/vegre-polo\/","name":"V\u00c9GRE uniszex oversize p\u00f3l\u00f3 - matyodesign","isPartOf":{"@id":"https:\/\/matyodesign.hu\/#website"},"primaryImageOfPage":{"@id":"https:\/\/matyodesign.hu\/termek\/vegre-polo\/#primaryimage"},"image":{"@id":"https:\/\/matyodesign.hu\/termek\/vegre-polo\/#primaryimage"},"thumbnailUrl":"https:\/\/matyodesign.hu\/wp-content\/uploads\/2026\/04\/matyodesign_vegre_1a-e1776082323200.jpg","datePublished":"2026-04-13T12:14:24+00:00","dateModified":"2026-04-22T04:52:11+00:00","description":"Van, amikor egy sz\u00f3 mindent elmond.. A V\u00c9GRE p\u00f3l\u00f3 a megk\u00f6nnyebb\u00fcl\u00e9s \u00e9s az \u00faj kezdet jelk\u00e9pe. A p\u00f3l\u00f3 oversize m\u00e9ret\u0171.","breadcrumb":{"@id":"https:\/\/matyodesign.hu\/termek\/vegre-polo\/#breadcrumb"},"inLanguage":"de","potentialAction":[{"@type":"ReadAction","target":["https:\/\/matyodesign.hu\/termek\/vegre-polo\/"]}]},{"@type":"ImageObject","inLanguage":"de","@id":"https:\/\/matyodesign.hu\/termek\/vegre-polo\/#primaryimage","url":"https:\/\/matyodesign.hu\/wp-content\/uploads\/2026\/04\/matyodesign_vegre_1a-e1776082323200.jpg","contentUrl":"https:\/\/matyodesign.hu\/wp-content\/uploads\/2026\/04\/matyodesign_vegre_1a-e1776082323200.jpg","width":1440,"height":1440},{"@type":"BreadcrumbList","@id":"https:\/\/matyodesign.hu\/termek\/vegre-polo\/#breadcrumb","itemListElement":[{"@type":"ListItem","position":1,"name":"Kezd\u0151lap","item":"https:\/\/matyodesign.hu\/"},{"@type":"ListItem","position":2,"name":"Webshop","item":"https:\/\/matyodesign.hu\/webshop\/"},{"@type":"ListItem","position":3,"name":"V\u00c9GRE uniszex oversize p\u00f3l\u00f3"}]},{"@type":"WebSite","@id":"https:\/\/matyodesign.hu\/#website","url":"https:\/\/matyodesign.hu\/","name":"matyodesign","description":"K\u00e9zzel. Szeretettel. Neked.","potentialAction":[{"@type":"SearchAction","target":{"@type":"EntryPoint","urlTemplate":"https:\/\/matyodesign.hu\/?s={search_term_string}"},"query-input":{"@type":"PropertyValueSpecification","valueRequired":true,"valueName":"search_term_string"}}],"inLanguage":"de"}]}},"_links":{"self":[{"href":"https:\/\/matyodesign.hu\/de\/wp-json\/wp\/v2\/product\/104256","targetHints":{"allow":["GET"]}}],"collection":[{"href":"https:\/\/matyodesign.hu\/de\/wp-json\/wp\/v2\/product"}],"about":[{"href":"https:\/\/matyodesign.hu\/de\/wp-json\/wp\/v2\/types\/product"}],"wp:featuredmedia":[{"embeddable":true,"href":"https:\/\/matyodesign.hu\/de\/wp-json\/wp\/v2\/media\/104266"}],"wp:attachment":[{"href":"https:\/\/matyodesign.hu\/de\/wp-json\/wp\/v2\/media?parent=104256"}],"wp:term":[{"taxonomy":"product_brand","embeddable":true,"href":"https:\/\/matyodesign.hu\/de\/wp-json\/wp\/v2\/product_brand?post=104256"},{"taxonomy":"product_cat","embeddable":true,"href":"https:\/\/matyodesign.hu\/de\/wp-json\/wp\/v2\/product_cat?post=104256"},{"taxonomy":"product_tag","embeddable":true,"href":"https:\/\/matyodesign.hu\/de\/wp-json\/wp\/v2\/product_tag?post=104256"}],"curies":[{"name":"wp","href":"https:\/\/api.w.org\/{rel}","templated":true}]}}