{"id":104343,"date":"2026-04-16T21:43:09","date_gmt":"2026-04-16T19:43:09","guid":{"rendered":"https:\/\/matyodesign.hu\/?post_type=product&#038;p=104343"},"modified":"2026-05-11T22:43:34","modified_gmt":"2026-05-11T20:43:34","slug":"vegre-noi-polo","status":"publish","type":"product","link":"https:\/\/matyodesign.hu\/de\/termek\/vegre-noi-polo\/","title":{"rendered":"V\u00c9GRE Damen-T-Shirt"},"content":{"rendered":"<p data-start=\"0\" data-end=\"48\">Manchmal sagt ein einziges Wort schon alles\u2026<br data-start=\"35\" data-end=\"38\" \/><strong data-start=\"38\" data-end=\"48\">ENDLICH!<\/strong><\/p>\n<p data-start=\"50\" data-end=\"273\">Das \u201eV\u00c9GRE\u201c-T-Shirt von matyodesign ist f\u00fcr alle gedacht, die dieses Gef\u00fchl genau kennen \u2013 wenn nach langem Warten endlich etwas passiert. Ein besonderes, besticktes ungarisches Designer-T-Shirt, das zugleich modern, verspielt und einzigartig ist.<\/p>\n<p data-start=\"275\" data-end=\"291\">Das T-Shirt ist erh\u00e4ltlich:<\/p>\n<ul data-start=\"292\" data-end=\"342\">\n<li data-section-id=\"1n3f69z\" data-start=\"292\" data-end=\"308\">in Herren-Passform: <a href=\"https:\/\/matyodesign.hu\/de\/termek\/vegre-ferfi-polo\/\">https:\/\/matyodesign.hu\/termek\/vegre-ferfi-polo\/<\/a><\/li>\n<li data-section-id=\"xx2i1r\" data-start=\"309\" data-end=\"342\">valamint oversize verzi\u00f3ban is: <a href=\"https:\/\/matyodesign.hu\/de\/termek\/vegre-polo\/\">https:\/\/matyodesign.hu\/termek\/vegre-polo\/<\/a><\/li>\n<\/ul>\n<p data-start=\"344\" data-end=\"379\">Die Farbe der Stickerei kannst du selbst ausw\u00e4hlen:<\/p>\n<ul data-start=\"380\" data-end=\"410\">\n<li data-section-id=\"1j3b7ot\" data-start=\"380\" data-end=\"386\">blau,<\/li>\n<li data-section-id=\"1ik6yxf\" data-start=\"387\" data-end=\"395\">Rot<\/li>\n<li data-section-id=\"55tfg3\" data-start=\"396\" data-end=\"410\">oder schwarz.<\/li>\n<\/ul>\n<p data-start=\"412\" data-end=\"514\">Bitte gib bei der Bestellung an, welche Farbe du m\u00f6chtest!<\/p>\n<p><strong>Stil und Tradition an einem Ort.<\/strong><br \/>\nIn den Produkten von matyodesign treffen ungarische Handwerkstraditionen auf moderne Nachhaltigkeitswerte. W\u00e4hle dieses Damen-T-Shirt und unterst\u00fctze die lokale Handwerksgemeinschaft!<\/p>\n<p>Vervollst\u00e4ndige dein Outfit mit weiteren Accessoires von matyodesign. Schau in unserem Webshop vorbei und finde die perfekte Kombination: <a href=\"https:\/\/matyodesign.hu\/de\/\" target=\"_new\" rel=\"noopener\">https:\/\/matyodesign.hu<\/a><\/p>\n<p><strong>Wusstest du?<\/strong><\/p>\n<p>Unsere handgefertigten Produkte bieten Arbeit f\u00fcr 45 Frauen in Tardo, einem kleinen Dorf im Nordosten Ungarns. Die Mission von matyodesign besteht nicht nur darin, die Tradition am Leben zu erhalten, sondern sie auch auf hohem Niveau neu zu erschaffen, mit Blick auf die Einzigartigkeit und gleichzeitig unter Ber\u00fccksichtigung der Herausforderungen der Gegenwart.<\/p>\n<p>Wir haben die matyodesign-Community gegr\u00fcndet, nicht zu vergessen die Bestrebungen, die mit den Herausforderungen der heutigen Welt \u00fcbereinstimmen: Wir leben in einem ethischen Gesch\u00e4ftsmodell, Wertsch\u00f6pfung im Laufe der Zeit anstelle von Wegwerfprodukten und verantwortungsvolles Einkaufen und Nachhaltigkeit sind dar\u00fcber hinaus auch wichtige Teile unseres Ethos zur Weitergabe der Werte der Vergangenheit. Die Maty\u00f3-Stickerei wurde in die UNESCO-Liste des geistigen und kulturellen Erbes aufgenommen.<\/p>\n<p>Folge uns auch auf unserer Facebook-Seite: <a href=\"https:\/\/www.facebook.com\/matyodesign\">https:\/\/www.facebook.com\/matyodesign<\/a><\/p>\n<p>Du findest uns auch auf Instagram: <a href=\"https:\/\/www.instagram.com\/matyodesign\/\">https:\/\/www.instagram.com\/matyodesign\/<\/a><\/p>\n<p>&nbsp;<\/p>","protected":false},"excerpt":{"rendered":"<p>Manchmal sagt ein einziges Wort alles. Das \u201eV\u00c9GRE\u201c-T-Shirt ist ein Symbol f\u00fcr Erleichterung und einen Neuanfang.<\/p>\n<p>Die Farbe der Stickerei ist w\u00e4hlbar. Bitte gib bei der Bestellung an, welche Farbe du w\u00fcnschst. (blau, rot, schwarz)<\/p>","protected":false},"featured_media":104372,"template":"","meta":[],"product_brand":[],"product_cat":[79,367],"product_tag":[],"class_list":{"0":"post-104343","1":"product","2":"type-product","3":"status-publish","4":"has-post-thumbnail","6":"product_cat-noknek","7":"product_cat-polok","9":"first","10":"instock","11":"shipping-taxable","12":"purchasable","13":"product-type-variable"},"yoast_head":"<!-- This site is optimized with the Yoast SEO plugin v27.5 - https:\/\/yoast.com\/product\/yoast-seo-wordpress\/ -->\n<title>V\u00c9GRE n\u0151i p\u00f3l\u00f3 - matyodesign<\/title>\n<meta name=\"description\" content=\"Van, amikor egy sz\u00f3 mindent elmond.. A V\u00c9GRE p\u00f3l\u00f3 a megk\u00f6nnyebb\u00fcl\u00e9s \u00e9s az \u00faj kezdet jelk\u00e9pe. A p\u00f3l\u00f3 el\u00e9rhet\u0151 f\u00e9rfi szab\u00e1sban \u00e9s oversize m\u00e9retben is.\" \/>\n<meta name=\"robots\" content=\"index, follow, max-snippet:-1, max-image-preview:large, max-video-preview:-1\" \/>\n<link rel=\"canonical\" href=\"https:\/\/matyodesign.hu\/de\/termek\/vegre-noi-polo\/\" \/>\n<meta property=\"og:locale\" content=\"de_DE\" \/>\n<meta property=\"og:type\" content=\"article\" \/>\n<meta property=\"og:title\" content=\"V\u00c9GRE n\u0151i p\u00f3l\u00f3 - matyodesign\" \/>\n<meta property=\"og:description\" content=\"Van, amikor egy sz\u00f3 mindent elmond.. A V\u00c9GRE p\u00f3l\u00f3 a megk\u00f6nnyebb\u00fcl\u00e9s \u00e9s az \u00faj kezdet jelk\u00e9pe. A p\u00f3l\u00f3 el\u00e9rhet\u0151 f\u00e9rfi szab\u00e1sban \u00e9s oversize m\u00e9retben is.\" \/>\n<meta property=\"og:url\" content=\"https:\/\/matyodesign.hu\/de\/termek\/vegre-noi-polo\/\" \/>\n<meta property=\"og:site_name\" content=\"matyodesign\" \/>\n<meta property=\"article:modified_time\" content=\"2026-05-11T20:43:34+00:00\" \/>\n<meta property=\"og:image\" content=\"https:\/\/matyodesign.hu\/wp-content\/uploads\/2026\/04\/closeup1.png\" \/>\n\t<meta property=\"og:image:width\" content=\"1024\" \/>\n\t<meta property=\"og:image:height\" content=\"1024\" \/>\n\t<meta property=\"og:image:type\" content=\"image\/png\" \/>\n<meta name=\"twitter:card\" content=\"summary_large_image\" \/>\n<meta name=\"twitter:label1\" content=\"Gesch\u00e4tzte Lesezeit\" \/>\n\t<meta name=\"twitter:data1\" content=\"2\u00a0Minuten\" \/>\n<script type=\"application\/ld+json\" class=\"yoast-schema-graph\">{\"@context\":\"https:\\\/\\\/schema.org\",\"@graph\":[{\"@type\":\"WebPage\",\"@id\":\"https:\\\/\\\/matyodesign.hu\\\/termek\\\/vegre-noi-polo\\\/\",\"url\":\"https:\\\/\\\/matyodesign.hu\\\/termek\\\/vegre-noi-polo\\\/\",\"name\":\"V\u00c9GRE n\u0151i p\u00f3l\u00f3 - matyodesign\",\"isPartOf\":{\"@id\":\"https:\\\/\\\/matyodesign.hu\\\/#website\"},\"primaryImageOfPage\":{\"@id\":\"https:\\\/\\\/matyodesign.hu\\\/termek\\\/vegre-noi-polo\\\/#primaryimage\"},\"image\":{\"@id\":\"https:\\\/\\\/matyodesign.hu\\\/termek\\\/vegre-noi-polo\\\/#primaryimage\"},\"thumbnailUrl\":\"https:\\\/\\\/matyodesign.hu\\\/wp-content\\\/uploads\\\/2026\\\/04\\\/closeup1.png\",\"datePublished\":\"2026-04-16T19:43:09+00:00\",\"dateModified\":\"2026-05-11T20:43:34+00:00\",\"description\":\"Van, amikor egy sz\u00f3 mindent elmond.. A V\u00c9GRE p\u00f3l\u00f3 a megk\u00f6nnyebb\u00fcl\u00e9s \u00e9s az \u00faj kezdet jelk\u00e9pe. A p\u00f3l\u00f3 el\u00e9rhet\u0151 f\u00e9rfi szab\u00e1sban \u00e9s oversize m\u00e9retben is.\",\"breadcrumb\":{\"@id\":\"https:\\\/\\\/matyodesign.hu\\\/termek\\\/vegre-noi-polo\\\/#breadcrumb\"},\"inLanguage\":\"de\",\"potentialAction\":[{\"@type\":\"ReadAction\",\"target\":[\"https:\\\/\\\/matyodesign.hu\\\/termek\\\/vegre-noi-polo\\\/\"]}]},{\"@type\":\"ImageObject\",\"inLanguage\":\"de\",\"@id\":\"https:\\\/\\\/matyodesign.hu\\\/termek\\\/vegre-noi-polo\\\/#primaryimage\",\"url\":\"https:\\\/\\\/matyodesign.hu\\\/wp-content\\\/uploads\\\/2026\\\/04\\\/closeup1.png\",\"contentUrl\":\"https:\\\/\\\/matyodesign.hu\\\/wp-content\\\/uploads\\\/2026\\\/04\\\/closeup1.png\",\"width\":1024,\"height\":1024},{\"@type\":\"BreadcrumbList\",\"@id\":\"https:\\\/\\\/matyodesign.hu\\\/termek\\\/vegre-noi-polo\\\/#breadcrumb\",\"itemListElement\":[{\"@type\":\"ListItem\",\"position\":1,\"name\":\"Kezd\u0151lap\",\"item\":\"https:\\\/\\\/matyodesign.hu\\\/\"},{\"@type\":\"ListItem\",\"position\":2,\"name\":\"Webshop\",\"item\":\"https:\\\/\\\/matyodesign.hu\\\/webshop\\\/\"},{\"@type\":\"ListItem\",\"position\":3,\"name\":\"V\u00c9GRE n\u0151i p\u00f3l\u00f3\"}]},{\"@type\":\"WebSite\",\"@id\":\"https:\\\/\\\/matyodesign.hu\\\/#website\",\"url\":\"https:\\\/\\\/matyodesign.hu\\\/\",\"name\":\"matyodesign\",\"description\":\"K\u00e9zzel. Szeretettel. Neked.\",\"potentialAction\":[{\"@type\":\"SearchAction\",\"target\":{\"@type\":\"EntryPoint\",\"urlTemplate\":\"https:\\\/\\\/matyodesign.hu\\\/?s={search_term_string}\"},\"query-input\":{\"@type\":\"PropertyValueSpecification\",\"valueRequired\":true,\"valueName\":\"search_term_string\"}}],\"inLanguage\":\"de\"}]}<\/script>\n<!-- \/ Yoast SEO plugin. -->","yoast_head_json":{"title":"V\u00c9GRE n\u0151i p\u00f3l\u00f3 - matyodesign","description":"Van, amikor egy sz\u00f3 mindent elmond.. A V\u00c9GRE p\u00f3l\u00f3 a megk\u00f6nnyebb\u00fcl\u00e9s \u00e9s az \u00faj kezdet jelk\u00e9pe. A p\u00f3l\u00f3 el\u00e9rhet\u0151 f\u00e9rfi szab\u00e1sban \u00e9s oversize m\u00e9retben is.","robots":{"index":"index","follow":"follow","max-snippet":"max-snippet:-1","max-image-preview":"max-image-preview:large","max-video-preview":"max-video-preview:-1"},"canonical":"https:\/\/matyodesign.hu\/de\/termek\/vegre-noi-polo\/","og_locale":"de_DE","og_type":"article","og_title":"V\u00c9GRE n\u0151i p\u00f3l\u00f3 - matyodesign","og_description":"Van, amikor egy sz\u00f3 mindent elmond.. A V\u00c9GRE p\u00f3l\u00f3 a megk\u00f6nnyebb\u00fcl\u00e9s \u00e9s az \u00faj kezdet jelk\u00e9pe. A p\u00f3l\u00f3 el\u00e9rhet\u0151 f\u00e9rfi szab\u00e1sban \u00e9s oversize m\u00e9retben is.","og_url":"https:\/\/matyodesign.hu\/de\/termek\/vegre-noi-polo\/","og_site_name":"matyodesign","article_modified_time":"2026-05-11T20:43:34+00:00","og_image":[{"width":1024,"height":1024,"url":"https:\/\/matyodesign.hu\/wp-content\/uploads\/2026\/04\/closeup1.png","type":"image\/png"}],"twitter_card":"summary_large_image","twitter_misc":{"Gesch\u00e4tzte Lesezeit":"2\u00a0Minuten"},"schema":{"@context":"https:\/\/schema.org","@graph":[{"@type":"WebPage","@id":"https:\/\/matyodesign.hu\/termek\/vegre-noi-polo\/","url":"https:\/\/matyodesign.hu\/termek\/vegre-noi-polo\/","name":"V\u00c9GRE n\u0151i p\u00f3l\u00f3 - matyodesign","isPartOf":{"@id":"https:\/\/matyodesign.hu\/#website"},"primaryImageOfPage":{"@id":"https:\/\/matyodesign.hu\/termek\/vegre-noi-polo\/#primaryimage"},"image":{"@id":"https:\/\/matyodesign.hu\/termek\/vegre-noi-polo\/#primaryimage"},"thumbnailUrl":"https:\/\/matyodesign.hu\/wp-content\/uploads\/2026\/04\/closeup1.png","datePublished":"2026-04-16T19:43:09+00:00","dateModified":"2026-05-11T20:43:34+00:00","description":"Van, amikor egy sz\u00f3 mindent elmond.. A V\u00c9GRE p\u00f3l\u00f3 a megk\u00f6nnyebb\u00fcl\u00e9s \u00e9s az \u00faj kezdet jelk\u00e9pe. A p\u00f3l\u00f3 el\u00e9rhet\u0151 f\u00e9rfi szab\u00e1sban \u00e9s oversize m\u00e9retben is.","breadcrumb":{"@id":"https:\/\/matyodesign.hu\/termek\/vegre-noi-polo\/#breadcrumb"},"inLanguage":"de","potentialAction":[{"@type":"ReadAction","target":["https:\/\/matyodesign.hu\/termek\/vegre-noi-polo\/"]}]},{"@type":"ImageObject","inLanguage":"de","@id":"https:\/\/matyodesign.hu\/termek\/vegre-noi-polo\/#primaryimage","url":"https:\/\/matyodesign.hu\/wp-content\/uploads\/2026\/04\/closeup1.png","contentUrl":"https:\/\/matyodesign.hu\/wp-content\/uploads\/2026\/04\/closeup1.png","width":1024,"height":1024},{"@type":"BreadcrumbList","@id":"https:\/\/matyodesign.hu\/termek\/vegre-noi-polo\/#breadcrumb","itemListElement":[{"@type":"ListItem","position":1,"name":"Kezd\u0151lap","item":"https:\/\/matyodesign.hu\/"},{"@type":"ListItem","position":2,"name":"Webshop","item":"https:\/\/matyodesign.hu\/webshop\/"},{"@type":"ListItem","position":3,"name":"V\u00c9GRE n\u0151i p\u00f3l\u00f3"}]},{"@type":"WebSite","@id":"https:\/\/matyodesign.hu\/#website","url":"https:\/\/matyodesign.hu\/","name":"matyodesign","description":"K\u00e9zzel. Szeretettel. Neked.","potentialAction":[{"@type":"SearchAction","target":{"@type":"EntryPoint","urlTemplate":"https:\/\/matyodesign.hu\/?s={search_term_string}"},"query-input":{"@type":"PropertyValueSpecification","valueRequired":true,"valueName":"search_term_string"}}],"inLanguage":"de"}]}},"_links":{"self":[{"href":"https:\/\/matyodesign.hu\/de\/wp-json\/wp\/v2\/product\/104343","targetHints":{"allow":["GET"]}}],"collection":[{"href":"https:\/\/matyodesign.hu\/de\/wp-json\/wp\/v2\/product"}],"about":[{"href":"https:\/\/matyodesign.hu\/de\/wp-json\/wp\/v2\/types\/product"}],"wp:featuredmedia":[{"embeddable":true,"href":"https:\/\/matyodesign.hu\/de\/wp-json\/wp\/v2\/media\/104372"}],"wp:attachment":[{"href":"https:\/\/matyodesign.hu\/de\/wp-json\/wp\/v2\/media?parent=104343"}],"wp:term":[{"taxonomy":"product_brand","embeddable":true,"href":"https:\/\/matyodesign.hu\/de\/wp-json\/wp\/v2\/product_brand?post=104343"},{"taxonomy":"product_cat","embeddable":true,"href":"https:\/\/matyodesign.hu\/de\/wp-json\/wp\/v2\/product_cat?post=104343"},{"taxonomy":"product_tag","embeddable":true,"href":"https:\/\/matyodesign.hu\/de\/wp-json\/wp\/v2\/product_tag?post=104343"}],"curies":[{"name":"wp","href":"https:\/\/api.w.org\/{rel}","templated":true}]}}