{"id":10,"date":"2024-02-13T11:18:45","date_gmt":"2024-02-13T10:18:45","guid":{"rendered":"https:\/\/2024.matyodesign.hu\/my-account\/"},"modified":"2025-04-11T11:37:14","modified_gmt":"2025-04-11T09:37:14","slug":"my-account","status":"publish","type":"page","link":"https:\/\/matyodesign.hu\/en\/my-account\/","title":{"rendered":"My account"},"content":{"rendered":"<div class=\"woocommerce\"><\/div>","protected":false},"excerpt":{"rendered":"","protected":false},"author":1,"featured_media":0,"parent":0,"menu_order":0,"comment_status":"closed","ping_status":"closed","template":"","meta":{"footnotes":""},"class_list":["post-10","page","type-page","status-publish","hentry"],"yoast_head":"<!-- This site is optimized with the Yoast SEO plugin v27.0 - https:\/\/yoast.com\/product\/yoast-seo-wordpress\/ -->\n<title>Saj\u00e1t fi\u00f3k \u2013 Matyodesign v\u00e1s\u00e1rl\u00f3i fi\u00f3k<\/title>\n<meta name=\"description\" content=\"Regisztr\u00e1ld a Matyodesign saj\u00e1t fi\u00f3kodat, \u00e9s \u00e9lvezd a k\u00e9zzel h\u00edmzett ruh\u00e1k \u00e9s kieg\u00e9sz\u00edt\u0151k v\u00e1s\u00e1rl\u00e1s\u00e1nak k\u00e9nyelm\u00e9t! Ne hagyd ki a leg\u00fajabb kollekci\u00f3t.\" \/>\n<meta name=\"robots\" content=\"index, follow, max-snippet:-1, max-image-preview:large, max-video-preview:-1\" \/>\n<link rel=\"canonical\" href=\"https:\/\/matyodesign.hu\/en\/my-account\/\" \/>\n<meta property=\"og:locale\" content=\"en_GB\" \/>\n<meta property=\"og:type\" content=\"article\" \/>\n<meta property=\"og:title\" content=\"Saj\u00e1t fi\u00f3k \u2013 Matyodesign v\u00e1s\u00e1rl\u00f3i fi\u00f3k\" \/>\n<meta property=\"og:description\" content=\"Regisztr\u00e1ld a Matyodesign saj\u00e1t fi\u00f3kodat, \u00e9s \u00e9lvezd a k\u00e9zzel h\u00edmzett ruh\u00e1k \u00e9s kieg\u00e9sz\u00edt\u0151k v\u00e1s\u00e1rl\u00e1s\u00e1nak k\u00e9nyelm\u00e9t! Ne hagyd ki a leg\u00fajabb kollekci\u00f3t.\" \/>\n<meta property=\"og:url\" content=\"https:\/\/matyodesign.hu\/en\/my-account\/\" \/>\n<meta property=\"og:site_name\" content=\"matyodesign\" \/>\n<meta property=\"article:modified_time\" content=\"2025-04-11T09:37:14+00:00\" \/>\n<meta name=\"twitter:card\" content=\"summary_large_image\" \/>\n<meta name=\"twitter:label1\" content=\"Estimated reading time\" \/>\n\t<meta name=\"twitter:data1\" content=\"1 minute\" \/>\n<script type=\"application\/ld+json\" class=\"yoast-schema-graph\">{\"@context\":\"https:\/\/schema.org\",\"@graph\":[{\"@type\":\"WebPage\",\"@id\":\"https:\/\/matyodesign.hu\/my-account\/\",\"url\":\"https:\/\/matyodesign.hu\/my-account\/\",\"name\":\"Saj\u00e1t fi\u00f3k \u2013 Matyodesign v\u00e1s\u00e1rl\u00f3i fi\u00f3k\",\"isPartOf\":{\"@id\":\"https:\/\/matyodesign.hu\/#website\"},\"datePublished\":\"2024-02-13T10:18:45+00:00\",\"dateModified\":\"2025-04-11T09:37:14+00:00\",\"description\":\"Regisztr\u00e1ld a Matyodesign saj\u00e1t fi\u00f3kodat, \u00e9s \u00e9lvezd a k\u00e9zzel h\u00edmzett ruh\u00e1k \u00e9s kieg\u00e9sz\u00edt\u0151k v\u00e1s\u00e1rl\u00e1s\u00e1nak k\u00e9nyelm\u00e9t! Ne hagyd ki a leg\u00fajabb kollekci\u00f3t.\",\"breadcrumb\":{\"@id\":\"https:\/\/matyodesign.hu\/my-account\/#breadcrumb\"},\"inLanguage\":\"en-GB\",\"potentialAction\":[{\"@type\":\"ReadAction\",\"target\":[\"https:\/\/matyodesign.hu\/my-account\/\"]}]},{\"@type\":\"BreadcrumbList\",\"@id\":\"https:\/\/matyodesign.hu\/my-account\/#breadcrumb\",\"itemListElement\":[{\"@type\":\"ListItem\",\"position\":1,\"name\":\"Kezd\u0151lap\",\"item\":\"https:\/\/matyodesign.hu\/\"},{\"@type\":\"ListItem\",\"position\":2,\"name\":\"My account\"}]},{\"@type\":\"WebSite\",\"@id\":\"https:\/\/matyodesign.hu\/#website\",\"url\":\"https:\/\/matyodesign.hu\/\",\"name\":\"matyodesign\",\"description\":\"K\u00e9zzel. Szeretettel. Neked.\",\"potentialAction\":[{\"@type\":\"SearchAction\",\"target\":{\"@type\":\"EntryPoint\",\"urlTemplate\":\"https:\/\/matyodesign.hu\/?s={search_term_string}\"},\"query-input\":{\"@type\":\"PropertyValueSpecification\",\"valueRequired\":true,\"valueName\":\"search_term_string\"}}],\"inLanguage\":\"en-GB\"}]}<\/script>\n<!-- \/ Yoast SEO plugin. -->","yoast_head_json":{"title":"Saj\u00e1t fi\u00f3k \u2013 Matyodesign v\u00e1s\u00e1rl\u00f3i fi\u00f3k","description":"Regisztr\u00e1ld a Matyodesign saj\u00e1t fi\u00f3kodat, \u00e9s \u00e9lvezd a k\u00e9zzel h\u00edmzett ruh\u00e1k \u00e9s kieg\u00e9sz\u00edt\u0151k v\u00e1s\u00e1rl\u00e1s\u00e1nak k\u00e9nyelm\u00e9t! Ne hagyd ki a leg\u00fajabb kollekci\u00f3t.","robots":{"index":"index","follow":"follow","max-snippet":"max-snippet:-1","max-image-preview":"max-image-preview:large","max-video-preview":"max-video-preview:-1"},"canonical":"https:\/\/matyodesign.hu\/en\/my-account\/","og_locale":"en_GB","og_type":"article","og_title":"Saj\u00e1t fi\u00f3k \u2013 Matyodesign v\u00e1s\u00e1rl\u00f3i fi\u00f3k","og_description":"Regisztr\u00e1ld a Matyodesign saj\u00e1t fi\u00f3kodat, \u00e9s \u00e9lvezd a k\u00e9zzel h\u00edmzett ruh\u00e1k \u00e9s kieg\u00e9sz\u00edt\u0151k v\u00e1s\u00e1rl\u00e1s\u00e1nak k\u00e9nyelm\u00e9t! Ne hagyd ki a leg\u00fajabb kollekci\u00f3t.","og_url":"https:\/\/matyodesign.hu\/en\/my-account\/","og_site_name":"matyodesign","article_modified_time":"2025-04-11T09:37:14+00:00","twitter_card":"summary_large_image","twitter_misc":{"Estimated reading time":"1 minute"},"schema":{"@context":"https:\/\/schema.org","@graph":[{"@type":"WebPage","@id":"https:\/\/matyodesign.hu\/my-account\/","url":"https:\/\/matyodesign.hu\/my-account\/","name":"Saj\u00e1t fi\u00f3k \u2013 Matyodesign v\u00e1s\u00e1rl\u00f3i fi\u00f3k","isPartOf":{"@id":"https:\/\/matyodesign.hu\/#website"},"datePublished":"2024-02-13T10:18:45+00:00","dateModified":"2025-04-11T09:37:14+00:00","description":"Regisztr\u00e1ld a Matyodesign saj\u00e1t fi\u00f3kodat, \u00e9s \u00e9lvezd a k\u00e9zzel h\u00edmzett ruh\u00e1k \u00e9s kieg\u00e9sz\u00edt\u0151k v\u00e1s\u00e1rl\u00e1s\u00e1nak k\u00e9nyelm\u00e9t! Ne hagyd ki a leg\u00fajabb kollekci\u00f3t.","breadcrumb":{"@id":"https:\/\/matyodesign.hu\/my-account\/#breadcrumb"},"inLanguage":"en-GB","potentialAction":[{"@type":"ReadAction","target":["https:\/\/matyodesign.hu\/my-account\/"]}]},{"@type":"BreadcrumbList","@id":"https:\/\/matyodesign.hu\/my-account\/#breadcrumb","itemListElement":[{"@type":"ListItem","position":1,"name":"Kezd\u0151lap","item":"https:\/\/matyodesign.hu\/"},{"@type":"ListItem","position":2,"name":"My account"}]},{"@type":"WebSite","@id":"https:\/\/matyodesign.hu\/#website","url":"https:\/\/matyodesign.hu\/","name":"matyodesign","description":"K\u00e9zzel. Szeretettel. Neked.","potentialAction":[{"@type":"SearchAction","target":{"@type":"EntryPoint","urlTemplate":"https:\/\/matyodesign.hu\/?s={search_term_string}"},"query-input":{"@type":"PropertyValueSpecification","valueRequired":true,"valueName":"search_term_string"}}],"inLanguage":"en-GB"}]}},"_links":{"self":[{"href":"https:\/\/matyodesign.hu\/en\/wp-json\/wp\/v2\/pages\/10","targetHints":{"allow":["GET"]}}],"collection":[{"href":"https:\/\/matyodesign.hu\/en\/wp-json\/wp\/v2\/pages"}],"about":[{"href":"https:\/\/matyodesign.hu\/en\/wp-json\/wp\/v2\/types\/page"}],"author":[{"embeddable":true,"href":"https:\/\/matyodesign.hu\/en\/wp-json\/wp\/v2\/users\/1"}],"replies":[{"embeddable":true,"href":"https:\/\/matyodesign.hu\/en\/wp-json\/wp\/v2\/comments?post=10"}],"version-history":[{"count":1,"href":"https:\/\/matyodesign.hu\/en\/wp-json\/wp\/v2\/pages\/10\/revisions"}],"predecessor-version":[{"id":99880,"href":"https:\/\/matyodesign.hu\/en\/wp-json\/wp\/v2\/pages\/10\/revisions\/99880"}],"wp:attachment":[{"href":"https:\/\/matyodesign.hu\/en\/wp-json\/wp\/v2\/media?parent=10"}],"curies":[{"name":"wp","href":"https:\/\/api.w.org\/{rel}","templated":true}]}}