{"id":3974,"date":"2014-12-15T18:14:09","date_gmt":"2014-12-15T17:14:09","guid":{"rendered":"https:\/\/undsgn.com\/uncode\/?page_id=3974"},"modified":"2026-02-04T11:53:46","modified_gmt":"2026-02-04T10:53:46","slug":"kapcsolat","status":"publish","type":"page","link":"https:\/\/matyodesign.hu\/en\/contact\/","title":{"rendered":"Contact"},"content":{"rendered":"<section class=\"wpb-content-wrapper\"><div class=\"vc_row wpb_row vc_row-fluid\" ><div class=\"wpb_column vc_column_container vc_col-sm-12\"><div class=\"vc_column-inner\"><div class=\"wpb_wrapper\"><div class=\"vc_row wpb_row vc_inner vc_row-fluid\" ><div class=\"wpb_column vc_column_container vc_col-sm-3\"><div class=\"vc_column-inner\"><div class=\"wpb_wrapper\"><div class=\"vc_icon_element vc_icon_element-outer vc_icon_element-align-center\"><div class=\"vc_icon_element-inner vc_icon_element-color-turquoise vc_icon_element-size-md vc_icon_element-style- vc_icon_element-background-color-grey\" ><span class=\"vc_icon_element-icon far fa-building\" ><\/span><a class=\"vc_icon_element-link\" href=\"mailto:info@matyodesign.hu\"  title=\"\" target=\"_blank\"><\/a><\/div><\/div>\n\t<div class=\"wpb_text_column wpb_content_element\" >\n\t\t<div class=\"wpb_wrapper\">\n\t\t\t<h5 class=\"h4 fontspace-111509\" style=\"text-align: center;\">OFFICE<\/h5>\n<p class=\"text-top-reduced\" style=\"text-align: center;\">Tard, R\u00e1k\u00f3czi u. 49.<br \/>\n<a href=\"tel:+36707758840\">+36707758840<\/a> (between 8 a.m. and 4 p.m.)<\/p>\n<p style=\"text-align: center;\">info@matyodesign.hu<\/p>\n\n\t\t<\/div>\n\t<\/div>\n<\/div><\/div><\/div><div class=\"wpb_column vc_column_container vc_col-sm-3\"><div class=\"vc_column-inner\"><div class=\"wpb_wrapper\"><div class=\"vc_icon_element vc_icon_element-outer vc_icon_element-align-center\"><div class=\"vc_icon_element-inner vc_icon_element-color-turquoise vc_icon_element-size-md vc_icon_element-style- vc_icon_element-background-color-grey\" ><span class=\"vc_icon_element-icon fas fa-home\" ><\/span><a class=\"vc_icon_element-link\" href=\"mailto:rozi@matyodesign.hu\"  title=\"\" target=\"_blank\"><\/a><\/div><\/div>\n\t<div class=\"wpb_text_column wpb_content_element\" >\n\t\t<div class=\"wpb_wrapper\">\n\t\t\t<h5 class=\"h4 fontspace-111509\" style=\"text-align: center;\">MANAGER<\/h5>\n<p class=\"text-top-reduced\" style=\"text-align: center;\">V\u00e1czi Rozi<br \/>\n<a href=\"tel:+36203276875\">+36203276875<\/a><\/p>\n<p style=\"text-align: center;\">rozi@matyodesign.hu<\/p>\n\n\t\t<\/div>\n\t<\/div>\n<\/div><\/div><\/div><div class=\"wpb_column vc_column_container vc_col-sm-3\"><div class=\"vc_column-inner\"><div class=\"wpb_wrapper\"><div class=\"vc_icon_element vc_icon_element-outer vc_icon_element-align-center\"><div class=\"vc_icon_element-inner vc_icon_element-color-turquoise vc_icon_element-size-md vc_icon_element-style- vc_icon_element-background-color-grey\" ><span class=\"vc_icon_element-icon fas fa-walking\" ><\/span><a class=\"vc_icon_element-link\" href=\"mailto:zsofi@matyodesign.hu\"  title=\"\" target=\"_blank\"><\/a><\/div><\/div>\n\t<div class=\"wpb_text_column wpb_content_element\" >\n\t\t<div class=\"wpb_wrapper\">\n\t\t\t<h5 class=\"h4 fontspace-111509\" style=\"text-align: center;\">MATYODESIGN TOURS<\/h5>\n<p class=\"text-top-reduced\" style=\"text-align: center;\">V\u00e1czi Rozi<br \/>\n<a href=\"tel:+36203276875\">+36203276875<\/a><\/p>\n<p style=\"text-align: center;\">rozi@matyodesign.hu<\/p>\n\n\t\t<\/div>\n\t<\/div>\n<\/div><\/div><\/div><div class=\"wpb_column vc_column_container vc_col-sm-3\"><div class=\"vc_column-inner\"><div class=\"wpb_wrapper\"><div class=\"vc_icon_element vc_icon_element-outer vc_icon_element-align-center\"><div class=\"vc_icon_element-inner vc_icon_element-color-turquoise vc_icon_element-size-md vc_icon_element-style- vc_icon_element-background-color-grey\" ><span class=\"vc_icon_element-icon fas fa-shopping-bag\" ><\/span><a class=\"vc_icon_element-link\" href=\"mailto:barbara@matyodesign.hu\"  title=\"\" target=\"_blank\"><\/a><\/div><\/div>\n\t<div class=\"wpb_text_column wpb_content_element\" >\n\t\t<div class=\"wpb_wrapper\">\n\t\t\t<h5 class=\"h4 fontspace-111509\" style=\"text-align: center;\">WEBSHOP<\/h5>\n<p class=\"text-top-reduced\" style=\"text-align: center;\">Hajd\u00fa Barbara<br \/>\n<a href=\"tel:+36707758840\">+36707758840<\/a> (between 8 a.m. and 4 p.m.)<\/p>\n<p style=\"text-align: center;\">barbara@matyodesign.hu<\/p>\n\n\t\t<\/div>\n\t<\/div>\n<\/div><\/div><\/div><\/div><div class=\"vc_empty_space\"   style=\"height: 32px\"><span class=\"vc_empty_space_inner\"><\/span><\/div><\/div><\/div><\/div><\/div><div class=\"vc_row wpb_row vc_row-fluid\" ><div class=\"wpb_column vc_column_container vc_col-sm-6\"><div class=\"vc_column-inner\"><div class=\"wpb_wrapper\"><div class=\"vc_separator wpb_content_element vc_separator_align_center vc_sep_width_100 vc_sep_pos_align_center vc_separator_no_text vc_sep_color_grey\" ><span class=\"vc_sep_holder vc_sep_holder_l\"><span class=\"vc_sep_line\"><\/span><\/span><span class=\"vc_sep_holder vc_sep_holder_r\"><span class=\"vc_sep_line\"><\/span><\/span>\n<\/div><h2 style=\"text-align: left;font-family:Abril Fatface;font-weight:400;font-style:normal\" class=\"vc_custom_heading\" >SUBSCRIBE TO OUR NEWSLETTER!<\/h2>\n\t<div class=\"wpb_text_column wpb_content_element\" >\n\t\t<div class=\"wpb_wrapper\">\n\t\t\t<p>AND TAKE ADVANTAGE OF THE 10% DISCOUNT WE WILL SEND YOU IN EXCHANGE! YOU CAN USE THIS ON YOUR FIRST PURCHASE AFTER SUBSCRIBING!<\/p>\n\n\t\t<\/div>\n\t<\/div>\n\n\t<div class=\"wpb_text_column wpb_content_element\" >\n\t\t<div class=\"wpb_wrapper\">\n\t\t\t<script>(function() {\n\twindow.mc4wp = window.mc4wp || {\n\t\tlisteners: [],\n\t\tforms: {\n\t\t\ton: function(evt, cb) {\n\t\t\t\twindow.mc4wp.listeners.push(\n\t\t\t\t\t{\n\t\t\t\t\t\tevent   : evt,\n\t\t\t\t\t\tcallback: cb\n\t\t\t\t\t}\n\t\t\t\t);\n\t\t\t}\n\t\t}\n\t}\n})();\n<\/script><!-- Mailchimp for WordPress v4.11.1 - https:\/\/wordpress.org\/plugins\/mailchimp-for-wp\/ --><form id=\"mc4wp-form-1\" class=\"mc4wp-form mc4wp-form-101193\" method=\"post\" data-id=\"101193\" data-name=\"H\u00edrlev\u00e9l feliratkoz\u00e1s\" action=\"\" ><div class=\"mc4wp-form-fields\"><p>\r\n    <label>Name<\/label>\r\n    <input type=\"text\" name=\"FNAME\" required=\"\" placeholder=\"Your name\">\r\n<\/p>\r\n<p>\r\n\t<label>Email address: \r\n\t\t<input type=\"email\" name=\"EMAIL\" placeholder=\"Your email address\" required \/>\r\n<\/label>\r\n<\/p>\r\n\r\n<p>\r\n\t<input type=\"submit\" value=\"Subscribe\" \/>\r\n<\/p><\/div><label style=\"display: none !important;\">Leave this field empty if you're human: <input type=\"text\" name=\"_mc4wp_honeypot\" value=\"\" tabindex=\"-1\" autocomplete=\"off\" \/><\/label><input type=\"hidden\" name=\"_mc4wp_timestamp\" value=\"1776314683\" \/><input type=\"hidden\" name=\"_mc4wp_form_id\" value=\"101193\" \/><input type=\"hidden\" name=\"_mc4wp_form_element_id\" value=\"mc4wp-form-1\" \/><div class=\"mc4wp-response\"><\/div><input type=\"hidden\" name=\"trp-form-language\" value=\"en\"\/><\/form><!-- \/ Mailchimp for WordPress Plugin -->\n\n\t\t<\/div>\n\t<\/div>\n<\/div><\/div><\/div><div class=\"wpb_column vc_column_container vc_col-sm-6\"><div class=\"vc_column-inner\"><div class=\"wpb_wrapper\">\n\t<div  class=\"wpb_single_image wpb_content_element vc_align_left\">\n\t\t\n\t\t<figure class=\"wpb_wrapper vc_figure\">\n\t\t\t<div class=\"vc_single_image-wrapper   vc_box_border_grey\"><img loading=\"lazy\" decoding=\"async\" width=\"1000\" height=\"1000\" src=\"https:\/\/matyodesign.hu\/wp-content\/uploads\/2024\/05\/szemtakaro_3.jpg.webp\" class=\"vc_single_image-img attachment-large\" alt=\"\" title=\"szemtakaro_3.jpg\" srcset=\"https:\/\/matyodesign.hu\/wp-content\/uploads\/2024\/05\/szemtakaro_3.jpg.webp 1000w, https:\/\/matyodesign.hu\/wp-content\/uploads\/2024\/05\/szemtakaro_3.jpg-300x300.webp 300w, https:\/\/matyodesign.hu\/wp-content\/uploads\/2024\/05\/szemtakaro_3.jpg-150x150.webp 150w, https:\/\/matyodesign.hu\/wp-content\/uploads\/2024\/05\/szemtakaro_3.jpg-768x768.webp 768w, https:\/\/matyodesign.hu\/wp-content\/uploads\/2024\/05\/szemtakaro_3.jpg-12x12.webp 12w, https:\/\/matyodesign.hu\/wp-content\/uploads\/2024\/05\/szemtakaro_3.jpg-650x650.webp 650w, https:\/\/matyodesign.hu\/wp-content\/uploads\/2024\/05\/szemtakaro_3.jpg-600x600.webp 600w, https:\/\/matyodesign.hu\/wp-content\/uploads\/2024\/05\/szemtakaro_3.jpg-100x100.webp 100w\" sizes=\"auto, (max-width: 1000px) 100vw, 1000px\" \/><\/div>\n\t\t<\/figure>\n\t<\/div>\n<\/div><\/div><\/div><\/div><div class=\"vc_row wpb_row vc_row-fluid\" ><div class=\"wpb_column vc_column_container vc_col-sm-12\"><div class=\"vc_column-inner vc_custom_1733162184686\"><div class=\"wpb_wrapper\"><h2 style=\"text-align: left;font-family:Abril Fatface;font-weight:400;font-style:normal\" class=\"vc_custom_heading\" >ITT TAL\u00c1LSZ MATYODESIGN TERM\u00c9KEKET<\/h2>\n\t<div class=\"wpb_text_column wpb_content_element\" >\n\t\t<div class=\"wpb_wrapper\">\n\t\t\t<style>\r\n\t#wpsl-stores .wpsl-store-thumb {height:45px !important; width:45px !important;}\r\n\t#wpsl-stores, #wpsl-direction-details, #wpsl-gmap {height:350px !important;}\r\n\t#wpsl-gmap .wpsl-info-window {max-width:225px !important;}\r\n\t.wpsl-input label, #wpsl-radius label, #wpsl-category label {width:95px;}\r\n\t#wpsl-search-input  {width:179px;}\r\n<\/style>\r\n<div id=\"wpsl-wrap\">\r\n\t<div class=\"wpsl-search wpsl-clearfix\">\r\n\t\t<div id=\"wpsl-search-wrap\">\r\n\t\t\t<form autocomplete=\"off\" action=\"\">\r\n\t\t\t<div class=\"wpsl-input\">\r\n\t\t\t\t<div><label for=\"wpsl-search-input\">Your location<\/label><\/div>\r\n\t\t\t\t<input id=\"wpsl-search-input\" type=\"text\" value=\"\" name=\"wpsl-search-input\" placeholder=\"\" aria-required=\"true\" \/>\r\n\t\t\t<\/div>\r\n\t\t\t<div class=\"wpsl-select-wrap\">\r\n\t\t\t\t<div id=\"wpsl-radius\">\r\n\t\t\t\t\t<label for=\"wpsl-radius-dropdown\">Search radius<\/label>\r\n\t\t\t\t\t<select id=\"wpsl-radius-dropdown\" class=\"wpsl-dropdown\" name=\"wpsl-radius\">\r\n\t\t\t\t\t\t<option value=\"10\">10 km<\/option><option value=\"25\">25 km<\/option><option selected=\"selected\" value=\"50\">50 km<\/option><option value=\"100\">100 km<\/option><option value=\"200\">200 km<\/option><option value=\"500\">500 km<\/option>\r\n\t\t\t\t\t<\/select>\r\n\t\t\t\t<\/div>\r\n\t\t\t\t<div id=\"wpsl-results\">\r\n\t\t\t\t\t<label for=\"wpsl-results-dropdown\">Results<\/label>\r\n\t\t\t\t\t<select id=\"wpsl-results-dropdown\" class=\"wpsl-dropdown\" name=\"wpsl-results\">\r\n\t\t\t\t\t\t<option selected=\"selected\" value=\"25\">25<\/option><option value=\"50\">50<\/option><option value=\"75\">75<\/option><option value=\"100\">100<\/option>\r\n\t\t\t\t\t<\/select>\r\n\t\t\t\t<\/div>\r\n\t\t\t<\/div>\r\n\t\t\t\t<div class=\"wpsl-search-btn-wrap\"><input id=\"wpsl-search-btn\" type=\"submit\" value=\"Search\"><\/div>\r\n\t\t<input type=\"hidden\" name=\"trp-form-language\" value=\"en\"\/><\/form>\r\n\t\t<\/div>\r\n\t<\/div>\r\n\t<div id=\"wpsl-gmap\" class=\"wpsl-gmap-canvas\"><\/div>\r\n\t<div id=\"wpsl-result-list\">\r\n\t\t<div id=\"wpsl-stores\" >\r\n\t\t\t<ul><\/ul>\r\n\t\t<\/div>\r\n\t\t<div id=\"wpsl-direction-details\">\r\n\t\t\t<ul><\/ul>\r\n\t\t<\/div>\r\n\t<\/div>\r\n<\/div>\r\n\n\n\t\t<\/div>\n\t<\/div>\n<\/div><\/div><\/div><\/div>\n<\/section>","protected":false},"excerpt":{"rendered":"<p>If you&#8217;d like to discuss working with us, find out more about the range of services we have to offer, or just want to have a chat, please get in touch.<\/p>","protected":false},"author":1,"featured_media":0,"parent":0,"menu_order":0,"comment_status":"closed","ping_status":"closed","template":"","meta":{"footnotes":""},"class_list":["post-3974","page","type-page","status-publish","hentry"],"yoast_head":"<!-- This site is optimized with the Yoast SEO plugin v27.0 - https:\/\/yoast.com\/product\/yoast-seo-wordpress\/ -->\n<title>Kapcsolat - Vegye fel vel\u00fcnk a kapcsolatot \u2013 Matyodesign<\/title>\n<meta name=\"description\" content=\"L\u00e9pjen kapcsolatba a Matyodesign csapat\u00e1val! K\u00e9rd\u00e9sekkel, v\u00e1s\u00e1rl\u00e1ssal kapcsolatosan sz\u00edvesen seg\u00edt\u00fcnk. Fedezze fel a hagyom\u00e1nyos h\u00edmz\u00e9ssel k\u00e9sz\u00fclt term\u00e9keinket!\" \/>\n<meta name=\"robots\" content=\"index, follow, max-snippet:-1, max-image-preview:large, max-video-preview:-1\" \/>\n<link rel=\"canonical\" href=\"https:\/\/matyodesign.hu\/en\/contact\/\" \/>\n<meta property=\"og:locale\" content=\"en_GB\" \/>\n<meta property=\"og:type\" content=\"article\" \/>\n<meta property=\"og:title\" content=\"Kapcsolat - Vegye fel vel\u00fcnk a kapcsolatot \u2013 Matyodesign\" \/>\n<meta property=\"og:description\" content=\"L\u00e9pjen kapcsolatba a Matyodesign csapat\u00e1val! K\u00e9rd\u00e9sekkel, v\u00e1s\u00e1rl\u00e1ssal kapcsolatosan sz\u00edvesen seg\u00edt\u00fcnk. Fedezze fel a hagyom\u00e1nyos h\u00edmz\u00e9ssel k\u00e9sz\u00fclt term\u00e9keinket!\" \/>\n<meta property=\"og:url\" content=\"https:\/\/matyodesign.hu\/en\/contact\/\" \/>\n<meta property=\"og:site_name\" content=\"matyodesign\" \/>\n<meta property=\"article:modified_time\" content=\"2026-02-04T10:53:46+00:00\" \/>\n<meta name=\"twitter:card\" content=\"summary_large_image\" \/>\n<meta name=\"twitter:label1\" content=\"Estimated reading time\" \/>\n\t<meta name=\"twitter:data1\" content=\"2 minutes\" \/>\n<script type=\"application\/ld+json\" class=\"yoast-schema-graph\">{\"@context\":\"https:\/\/schema.org\",\"@graph\":[{\"@type\":\"WebPage\",\"@id\":\"https:\/\/matyodesign.hu\/kapcsolat\/\",\"url\":\"https:\/\/matyodesign.hu\/kapcsolat\/\",\"name\":\"Kapcsolat - Vegye fel vel\u00fcnk a kapcsolatot \u2013 Matyodesign\",\"isPartOf\":{\"@id\":\"https:\/\/matyodesign.hu\/#website\"},\"datePublished\":\"2014-12-15T17:14:09+00:00\",\"dateModified\":\"2026-02-04T10:53:46+00:00\",\"description\":\"L\u00e9pjen kapcsolatba a Matyodesign csapat\u00e1val! K\u00e9rd\u00e9sekkel, v\u00e1s\u00e1rl\u00e1ssal kapcsolatosan sz\u00edvesen seg\u00edt\u00fcnk. Fedezze fel a hagyom\u00e1nyos h\u00edmz\u00e9ssel k\u00e9sz\u00fclt term\u00e9keinket!\",\"breadcrumb\":{\"@id\":\"https:\/\/matyodesign.hu\/kapcsolat\/#breadcrumb\"},\"inLanguage\":\"en-GB\",\"potentialAction\":[{\"@type\":\"ReadAction\",\"target\":[\"https:\/\/matyodesign.hu\/kapcsolat\/\"]}]},{\"@type\":\"BreadcrumbList\",\"@id\":\"https:\/\/matyodesign.hu\/kapcsolat\/#breadcrumb\",\"itemListElement\":[{\"@type\":\"ListItem\",\"position\":1,\"name\":\"Kezd\u0151lap\",\"item\":\"https:\/\/matyodesign.hu\/\"},{\"@type\":\"ListItem\",\"position\":2,\"name\":\"Kapcsolat\"}]},{\"@type\":\"WebSite\",\"@id\":\"https:\/\/matyodesign.hu\/#website\",\"url\":\"https:\/\/matyodesign.hu\/\",\"name\":\"matyodesign\",\"description\":\"K\u00e9zzel. Szeretettel. Neked.\",\"potentialAction\":[{\"@type\":\"SearchAction\",\"target\":{\"@type\":\"EntryPoint\",\"urlTemplate\":\"https:\/\/matyodesign.hu\/?s={search_term_string}\"},\"query-input\":{\"@type\":\"PropertyValueSpecification\",\"valueRequired\":true,\"valueName\":\"search_term_string\"}}],\"inLanguage\":\"en-GB\"}]}<\/script>\n<!-- \/ Yoast SEO plugin. -->","yoast_head_json":{"title":"Kapcsolat - Vegye fel vel\u00fcnk a kapcsolatot \u2013 Matyodesign","description":"L\u00e9pjen kapcsolatba a Matyodesign csapat\u00e1val! K\u00e9rd\u00e9sekkel, v\u00e1s\u00e1rl\u00e1ssal kapcsolatosan sz\u00edvesen seg\u00edt\u00fcnk. Fedezze fel a hagyom\u00e1nyos h\u00edmz\u00e9ssel k\u00e9sz\u00fclt term\u00e9keinket!","robots":{"index":"index","follow":"follow","max-snippet":"max-snippet:-1","max-image-preview":"max-image-preview:large","max-video-preview":"max-video-preview:-1"},"canonical":"https:\/\/matyodesign.hu\/en\/contact\/","og_locale":"en_GB","og_type":"article","og_title":"Kapcsolat - Vegye fel vel\u00fcnk a kapcsolatot \u2013 Matyodesign","og_description":"L\u00e9pjen kapcsolatba a Matyodesign csapat\u00e1val! K\u00e9rd\u00e9sekkel, v\u00e1s\u00e1rl\u00e1ssal kapcsolatosan sz\u00edvesen seg\u00edt\u00fcnk. Fedezze fel a hagyom\u00e1nyos h\u00edmz\u00e9ssel k\u00e9sz\u00fclt term\u00e9keinket!","og_url":"https:\/\/matyodesign.hu\/en\/contact\/","og_site_name":"matyodesign","article_modified_time":"2026-02-04T10:53:46+00:00","twitter_card":"summary_large_image","twitter_misc":{"Estimated reading time":"2 minutes"},"schema":{"@context":"https:\/\/schema.org","@graph":[{"@type":"WebPage","@id":"https:\/\/matyodesign.hu\/kapcsolat\/","url":"https:\/\/matyodesign.hu\/kapcsolat\/","name":"Kapcsolat - Vegye fel vel\u00fcnk a kapcsolatot \u2013 Matyodesign","isPartOf":{"@id":"https:\/\/matyodesign.hu\/#website"},"datePublished":"2014-12-15T17:14:09+00:00","dateModified":"2026-02-04T10:53:46+00:00","description":"L\u00e9pjen kapcsolatba a Matyodesign csapat\u00e1val! K\u00e9rd\u00e9sekkel, v\u00e1s\u00e1rl\u00e1ssal kapcsolatosan sz\u00edvesen seg\u00edt\u00fcnk. Fedezze fel a hagyom\u00e1nyos h\u00edmz\u00e9ssel k\u00e9sz\u00fclt term\u00e9keinket!","breadcrumb":{"@id":"https:\/\/matyodesign.hu\/kapcsolat\/#breadcrumb"},"inLanguage":"en-GB","potentialAction":[{"@type":"ReadAction","target":["https:\/\/matyodesign.hu\/kapcsolat\/"]}]},{"@type":"BreadcrumbList","@id":"https:\/\/matyodesign.hu\/kapcsolat\/#breadcrumb","itemListElement":[{"@type":"ListItem","position":1,"name":"Kezd\u0151lap","item":"https:\/\/matyodesign.hu\/"},{"@type":"ListItem","position":2,"name":"Kapcsolat"}]},{"@type":"WebSite","@id":"https:\/\/matyodesign.hu\/#website","url":"https:\/\/matyodesign.hu\/","name":"matyodesign","description":"K\u00e9zzel. Szeretettel. Neked.","potentialAction":[{"@type":"SearchAction","target":{"@type":"EntryPoint","urlTemplate":"https:\/\/matyodesign.hu\/?s={search_term_string}"},"query-input":{"@type":"PropertyValueSpecification","valueRequired":true,"valueName":"search_term_string"}}],"inLanguage":"en-GB"}]}},"_links":{"self":[{"href":"https:\/\/matyodesign.hu\/en\/wp-json\/wp\/v2\/pages\/3974","targetHints":{"allow":["GET"]}}],"collection":[{"href":"https:\/\/matyodesign.hu\/en\/wp-json\/wp\/v2\/pages"}],"about":[{"href":"https:\/\/matyodesign.hu\/en\/wp-json\/wp\/v2\/types\/page"}],"author":[{"embeddable":true,"href":"https:\/\/matyodesign.hu\/en\/wp-json\/wp\/v2\/users\/1"}],"replies":[{"embeddable":true,"href":"https:\/\/matyodesign.hu\/en\/wp-json\/wp\/v2\/comments?post=3974"}],"version-history":[{"count":21,"href":"https:\/\/matyodesign.hu\/en\/wp-json\/wp\/v2\/pages\/3974\/revisions"}],"predecessor-version":[{"id":103948,"href":"https:\/\/matyodesign.hu\/en\/wp-json\/wp\/v2\/pages\/3974\/revisions\/103948"}],"wp:attachment":[{"href":"https:\/\/matyodesign.hu\/en\/wp-json\/wp\/v2\/media?parent=3974"}],"curies":[{"name":"wp","href":"https:\/\/api.w.org\/{rel}","templated":true}]}}