{"id":80759,"date":"2019-09-22T21:11:30","date_gmt":"2019-09-22T21:11:30","guid":{"rendered":"https:\/\/matyodesign.hu\/?page_id=80759"},"modified":"2025-04-11T11:26:08","modified_gmt":"2025-04-11T09:26:08","slug":"koszonet","status":"publish","type":"page","link":"https:\/\/matyodesign.hu\/en\/koszonet\/","title":{"rendered":"Thanks to"},"content":{"rendered":"<section class=\"wpb-content-wrapper\"><div class=\"vc_row wpb_row vc_row-fluid\" ><div class=\"wpb_column vc_column_container vc_col-sm-12\"><div class=\"vc_column-inner\"><div class=\"wpb_wrapper\"><h2 style=\"text-align: left;font-family:Montserrat;font-weight:700;font-style:normal\" class=\"vc_custom_heading\" >Akiknek h\u00e1l\u00e1sak vagyunk:<\/h2><\/div><\/div><\/div><\/div><div class=\"vc_row wpb_row vc_row-fluid\" ><div class=\"wpb_column vc_column_container vc_col-sm-12\"><div class=\"vc_column-inner\"><div class=\"wpb_wrapper\">\n\t<div class=\"wpb_text_column wpb_content_element\" >\n\t\t<div class=\"wpb_wrapper\">\n\t\t\t<p>V\u00e1czi Tam\u00e1s \u2020\u00a0\u00e9s M\u00e9sz\u00e1ros Zs\u00f3fi&#8230;..a tardi gyerekkort<\/p>\n<p>V\u00e1czi Borb\u00e1la \u00e9s K\u00e1rp\u00e1ti Bandi: a m\u00e1rka meg\u00e1lmod\u00e1s\u00e1t<\/p>\n<p>Gaul Zs\u00f3fi&#8230;&#8230;a szakmai tud\u00e1st \u00e9s az \u00f6nzetlen hozz\u00e1\u00e1ll\u00e1st<\/p>\n<p>N\u00e9meth Zsuzsi&#8230;..a lelkesed\u00e9st \u00e9s biztat\u00e1st<\/p>\n<p>Szil\u00e1gyi Stefi&#8230;.a gy\u00f6ny\u00f6r\u0171 fot\u00f3kat<\/p>\n<p>Horv\u00e1th Anna \u2020&#8230;.. hogy hitt benn\u00fcnk \u00e9s t\u00e1mogatott<\/p>\n<p>Nagy Ervin&#8230;&#8230;. az egy\u00fcttgondolkod\u00e1st, b\u00e1tor\u00edt\u00e1st<\/p>\n<p>P\u00e9terfy Bori&#8230;..a n\u00e9pszer\u0171s\u00edt\u00e9st \u00e9s a bev\u00e1llal\u00f3s fot\u00f3kat<\/p>\n\n\t\t<\/div>\n\t<\/div>\n<\/div><\/div><\/div><\/div>\n<\/section>","protected":false},"excerpt":{"rendered":"Akiknek h\u00e1l\u00e1sak vagyunk: V\u00e1czi Tam\u00e1s \u2020\u00a0\u00e9s M\u00e9sz\u00e1ros Zs\u00f3fi.....a tardi gyerekkort V\u00e1czi Borb\u00e1la \u00e9s K\u00e1rp\u00e1ti Bandi: a m\u00e1rka meg\u00e1lmod\u00e1s\u00e1t Gaul Zs\u00f3fi......a szakmai tud\u00e1st \u00e9s az \u00f6nzetlen hozz\u00e1\u00e1ll\u00e1st N\u00e9meth Zsuzsi.....a lelkesed\u00e9st \u00e9s biztat\u00e1st Szil\u00e1gyi Stefi....a gy\u00f6ny\u00f6r\u0171 fot\u00f3kat Horv\u00e1th Anna \u2020..... hogy hitt [...]","protected":false},"author":1,"featured_media":0,"parent":0,"menu_order":0,"comment_status":"closed","ping_status":"closed","template":"","meta":{"footnotes":""},"class_list":["post-80759","page","type-page","status-publish","hentry"],"yoast_head":"<!-- This site is optimized with the Yoast SEO plugin v27.5 - https:\/\/yoast.com\/product\/yoast-seo-wordpress\/ -->\n<title>K\u00f6sz\u00f6net mindenkinek, aki seg\u00edtette a Matyodesignt<\/title>\n<meta name=\"description\" content=\"H\u00e1l\u00e1sak vagyunk mindenkinek, aki t\u00e1mogatta a Matyodesign k\u00fcldet\u00e9s\u00e9t. K\u00f6sz\u00f6net a v\u00e1s\u00e1rl\u00f3knak, a h\u00edmz\u0151knek \u00e9s a k\u00f6z\u00f6ss\u00e9g\u00fcnknek!\" \/>\n<meta name=\"robots\" content=\"index, follow, max-snippet:-1, max-image-preview:large, max-video-preview:-1\" \/>\n<link rel=\"canonical\" href=\"https:\/\/matyodesign.hu\/en\/koszonet\/\" \/>\n<meta property=\"og:locale\" content=\"en_GB\" \/>\n<meta property=\"og:type\" content=\"article\" \/>\n<meta property=\"og:title\" content=\"K\u00f6sz\u00f6net mindenkinek, aki seg\u00edtette a Matyodesignt\" \/>\n<meta property=\"og:description\" content=\"H\u00e1l\u00e1sak vagyunk mindenkinek, aki t\u00e1mogatta a Matyodesign k\u00fcldet\u00e9s\u00e9t. K\u00f6sz\u00f6net a v\u00e1s\u00e1rl\u00f3knak, a h\u00edmz\u0151knek \u00e9s a k\u00f6z\u00f6ss\u00e9g\u00fcnknek!\" \/>\n<meta property=\"og:url\" content=\"https:\/\/matyodesign.hu\/en\/koszonet\/\" \/>\n<meta property=\"og:site_name\" content=\"matyodesign\" \/>\n<meta property=\"article:modified_time\" content=\"2025-04-11T09:26:08+00:00\" \/>\n<meta name=\"twitter:card\" content=\"summary_large_image\" \/>\n<meta name=\"twitter:label1\" content=\"Estimated reading time\" \/>\n\t<meta name=\"twitter:data1\" content=\"1 minute\" \/>\n<script type=\"application\/ld+json\" class=\"yoast-schema-graph\">{\"@context\":\"https:\\\/\\\/schema.org\",\"@graph\":[{\"@type\":\"WebPage\",\"@id\":\"https:\\\/\\\/matyodesign.hu\\\/koszonet\\\/\",\"url\":\"https:\\\/\\\/matyodesign.hu\\\/koszonet\\\/\",\"name\":\"K\u00f6sz\u00f6net mindenkinek, aki seg\u00edtette a Matyodesignt\",\"isPartOf\":{\"@id\":\"https:\\\/\\\/matyodesign.hu\\\/#website\"},\"datePublished\":\"2019-09-22T21:11:30+00:00\",\"dateModified\":\"2025-04-11T09:26:08+00:00\",\"description\":\"H\u00e1l\u00e1sak vagyunk mindenkinek, aki t\u00e1mogatta a Matyodesign k\u00fcldet\u00e9s\u00e9t. K\u00f6sz\u00f6net a v\u00e1s\u00e1rl\u00f3knak, a h\u00edmz\u0151knek \u00e9s a k\u00f6z\u00f6ss\u00e9g\u00fcnknek!\",\"breadcrumb\":{\"@id\":\"https:\\\/\\\/matyodesign.hu\\\/koszonet\\\/#breadcrumb\"},\"inLanguage\":\"en-GB\",\"potentialAction\":[{\"@type\":\"ReadAction\",\"target\":[\"https:\\\/\\\/matyodesign.hu\\\/koszonet\\\/\"]}]},{\"@type\":\"BreadcrumbList\",\"@id\":\"https:\\\/\\\/matyodesign.hu\\\/koszonet\\\/#breadcrumb\",\"itemListElement\":[{\"@type\":\"ListItem\",\"position\":1,\"name\":\"Kezd\u0151lap\",\"item\":\"https:\\\/\\\/matyodesign.hu\\\/\"},{\"@type\":\"ListItem\",\"position\":2,\"name\":\"K\u00f6sz\u00f6net\"}]},{\"@type\":\"WebSite\",\"@id\":\"https:\\\/\\\/matyodesign.hu\\\/#website\",\"url\":\"https:\\\/\\\/matyodesign.hu\\\/\",\"name\":\"matyodesign\",\"description\":\"K\u00e9zzel. Szeretettel. Neked.\",\"potentialAction\":[{\"@type\":\"SearchAction\",\"target\":{\"@type\":\"EntryPoint\",\"urlTemplate\":\"https:\\\/\\\/matyodesign.hu\\\/?s={search_term_string}\"},\"query-input\":{\"@type\":\"PropertyValueSpecification\",\"valueRequired\":true,\"valueName\":\"search_term_string\"}}],\"inLanguage\":\"en-GB\"}]}<\/script>\n<!-- \/ Yoast SEO plugin. -->","yoast_head_json":{"title":"K\u00f6sz\u00f6net mindenkinek, aki seg\u00edtette a Matyodesignt","description":"H\u00e1l\u00e1sak vagyunk mindenkinek, aki t\u00e1mogatta a Matyodesign k\u00fcldet\u00e9s\u00e9t. K\u00f6sz\u00f6net a v\u00e1s\u00e1rl\u00f3knak, a h\u00edmz\u0151knek \u00e9s a k\u00f6z\u00f6ss\u00e9g\u00fcnknek!","robots":{"index":"index","follow":"follow","max-snippet":"max-snippet:-1","max-image-preview":"max-image-preview:large","max-video-preview":"max-video-preview:-1"},"canonical":"https:\/\/matyodesign.hu\/en\/koszonet\/","og_locale":"en_GB","og_type":"article","og_title":"K\u00f6sz\u00f6net mindenkinek, aki seg\u00edtette a Matyodesignt","og_description":"H\u00e1l\u00e1sak vagyunk mindenkinek, aki t\u00e1mogatta a Matyodesign k\u00fcldet\u00e9s\u00e9t. K\u00f6sz\u00f6net a v\u00e1s\u00e1rl\u00f3knak, a h\u00edmz\u0151knek \u00e9s a k\u00f6z\u00f6ss\u00e9g\u00fcnknek!","og_url":"https:\/\/matyodesign.hu\/en\/koszonet\/","og_site_name":"matyodesign","article_modified_time":"2025-04-11T09:26:08+00:00","twitter_card":"summary_large_image","twitter_misc":{"Estimated reading time":"1 minute"},"schema":{"@context":"https:\/\/schema.org","@graph":[{"@type":"WebPage","@id":"https:\/\/matyodesign.hu\/koszonet\/","url":"https:\/\/matyodesign.hu\/koszonet\/","name":"K\u00f6sz\u00f6net mindenkinek, aki seg\u00edtette a Matyodesignt","isPartOf":{"@id":"https:\/\/matyodesign.hu\/#website"},"datePublished":"2019-09-22T21:11:30+00:00","dateModified":"2025-04-11T09:26:08+00:00","description":"H\u00e1l\u00e1sak vagyunk mindenkinek, aki t\u00e1mogatta a Matyodesign k\u00fcldet\u00e9s\u00e9t. K\u00f6sz\u00f6net a v\u00e1s\u00e1rl\u00f3knak, a h\u00edmz\u0151knek \u00e9s a k\u00f6z\u00f6ss\u00e9g\u00fcnknek!","breadcrumb":{"@id":"https:\/\/matyodesign.hu\/koszonet\/#breadcrumb"},"inLanguage":"en-GB","potentialAction":[{"@type":"ReadAction","target":["https:\/\/matyodesign.hu\/koszonet\/"]}]},{"@type":"BreadcrumbList","@id":"https:\/\/matyodesign.hu\/koszonet\/#breadcrumb","itemListElement":[{"@type":"ListItem","position":1,"name":"Kezd\u0151lap","item":"https:\/\/matyodesign.hu\/"},{"@type":"ListItem","position":2,"name":"K\u00f6sz\u00f6net"}]},{"@type":"WebSite","@id":"https:\/\/matyodesign.hu\/#website","url":"https:\/\/matyodesign.hu\/","name":"matyodesign","description":"K\u00e9zzel. Szeretettel. Neked.","potentialAction":[{"@type":"SearchAction","target":{"@type":"EntryPoint","urlTemplate":"https:\/\/matyodesign.hu\/?s={search_term_string}"},"query-input":{"@type":"PropertyValueSpecification","valueRequired":true,"valueName":"search_term_string"}}],"inLanguage":"en-GB"}]}},"_links":{"self":[{"href":"https:\/\/matyodesign.hu\/en\/wp-json\/wp\/v2\/pages\/80759","targetHints":{"allow":["GET"]}}],"collection":[{"href":"https:\/\/matyodesign.hu\/en\/wp-json\/wp\/v2\/pages"}],"about":[{"href":"https:\/\/matyodesign.hu\/en\/wp-json\/wp\/v2\/types\/page"}],"author":[{"embeddable":true,"href":"https:\/\/matyodesign.hu\/en\/wp-json\/wp\/v2\/users\/1"}],"replies":[{"embeddable":true,"href":"https:\/\/matyodesign.hu\/en\/wp-json\/wp\/v2\/comments?post=80759"}],"version-history":[{"count":2,"href":"https:\/\/matyodesign.hu\/en\/wp-json\/wp\/v2\/pages\/80759\/revisions"}],"predecessor-version":[{"id":100720,"href":"https:\/\/matyodesign.hu\/en\/wp-json\/wp\/v2\/pages\/80759\/revisions\/100720"}],"wp:attachment":[{"href":"https:\/\/matyodesign.hu\/en\/wp-json\/wp\/v2\/media?parent=80759"}],"curies":[{"name":"wp","href":"https:\/\/api.w.org\/{rel}","templated":true}]}}